{"id":1242,"date":"2024-11-03T21:31:46","date_gmt":"2024-11-03T21:31:46","guid":{"rendered":"https:\/\/caliweedeurope.com\/?post_type=product&#038;p=1242"},"modified":"2024-11-03T21:32:06","modified_gmt":"2024-11-03T21:32:06","slug":"space-monkey-meds","status":"publish","type":"product","link":"https:\/\/caliweedeurope.com\/de\/product\/space-monkey-meds\/","title":{"rendered":"Space Monkey meds"},"content":{"rendered":"<p>Space Monkey Meds legt gro\u00dfen Wert auf Details und versteht, dass sorgf\u00e4ltige Pflege und Aufmerksamkeit ihre Bl\u00fcten von der Masse abheben. Mit Kokos, Indoor-Anbaumethoden und handverlesener Pflege haben sie ihre Genetik fast ein Jahrzehnt lang entwickelt, um die idealen Ph\u00e4notypen jeder ihrer Cannabissorten zu finden.<\/p>\n<p>Nach vielen Jahren des Anbaus ist Space Monkey Meds stolz darauf, eine vielf\u00e4ltige Auswahl an Cannabisbl\u00fcten f\u00fcr Patienten und Kollektive anzubieten. Ihre meistverkaufte Sorte ist Grateful Breath, deren Genetik von Gage Green Genetics stammt. Grateful Breaths Indica-Herkunft leitet sich von ihrem besten Ph\u00e4notypen der OGKB ab und bietet eine stark medikament\u00f6se und angenehme Erfahrung.<\/p>\n<p>Space Monkey Meds kultiviert Bl\u00fcten von au\u00dferirdischer Qualit\u00e4t. Sie bauen ihre Sorten intern an und gew\u00e4hrleisten dabei Expertenniveau in Qualit\u00e4tskontrolle und Anbautechniken. Space Monkey Meds achtet auf jedes Detail, um den Kunden die bestm\u00f6glichen Cannabisbl\u00fcten anzubieten. Ihr erfahrenes Anbauteam, ihr pers\u00f6nliches Wissen dar\u00fcber, was Patienten suchen, und ihre Geschichte in Humboldts Emerald Triangle katapultieren die Bl\u00fcten von Space Monkey Meds an die Spitze des Cannabismarktes.<\/p>\n<p>Obwohl sie ihren Markennamen erst 2016 gr\u00fcndeten, verf\u00fcgt Space Monkey Meds \u00fcber jahrzehntelange Erfahrung im Anbau und hat seit 2012 hausgemachtes Marihuana an Patienten in der Bay Area geliefert und ihre Bl\u00fcten an zahlreiche lokale Apotheken verteilt. Durch ihren Lieferservice erlangte das Gr\u00fcnderteam ein tiefes Verst\u00e4ndnis daf\u00fcr, wonach Patienten suchten, w\u00e4hrend ihr professionelles Auftreten und ihr hochwertiges Cannabis die Apotheken immer wieder zur\u00fcckbrachte. Der Gr\u00fcnder von Space Monkey Meds war einer der ersten, der sein Produkt in einer Dose anbot, und baute langsam einen Ruf auf, der ihren hohen Standards der Exzellenz entsprach. Endlich bereit f\u00fcr den Start, brachte Space Monkey Meds 2016 ihre Marke auf den Markt, um dem Marihuana, das Patienten und Apotheken liebten, einen Namen zu geben. Seit ihren Anf\u00e4ngen haben sie mehr Sammlungen erreicht, an weiteren Veranstaltungen teilgenommen und verbreiten ihre Bl\u00fcten, um weitere Bereiche der Cannabisindustrie zu erobern.<\/p>\n<p>Space Monkey Meds arbeitet stolz mit SC Labs zusammen, um ihre Cannabisbl\u00fcten auf Qualit\u00e4t zu testen. Jede Charge ihrer Bl\u00fcten wird auf THC-Gehalt und Pestizide getestet.<\/p>\n<p>&nbsp;<\/p>","protected":false},"excerpt":{"rendered":"<p>Space Monkey Meds prioritizes details, understanding that close care and attention are what set their flowers apart from the crowd. Using coco, indoor growing methods and hand-trimmed attention, they\u2019ve tended their genetics for nearly a decade to find the ideal phenotypes of each of their marijuana strains. After their many years of growing, Space Monkey [&hellip;]<\/p>","protected":false},"featured_media":1267,"comment_status":"closed","ping_status":"closed","template":"","meta":{"_uag_custom_page_level_css":"","site-sidebar-layout":"default","site-content-layout":"","ast-site-content-layout":"","site-content-style":"default","site-sidebar-style":"default","ast-global-header-display":"","ast-banner-title-visibility":"","ast-main-header-display":"","ast-hfb-above-header-display":"","ast-hfb-below-header-display":"","ast-hfb-mobile-header-display":"","site-post-title":"","ast-breadcrumbs-content":"","ast-featured-img":"","footer-sml-layout":"","theme-transparent-header-meta":"","adv-header-id-meta":"","stick-header-meta":"","header-above-stick-meta":"","header-main-stick-meta":"","header-below-stick-meta":"","astra-migrate-meta-layouts":"default","ast-page-background-enabled":"default","ast-page-background-meta":{"desktop":{"background-color":"var(--ast-global-color-4)","background-image":"","background-repeat":"repeat","background-position":"center center","background-size":"auto","background-attachment":"scroll","background-type":"","background-media":"","overlay-type":"","overlay-color":"","overlay-opacity":"","overlay-gradient":""},"tablet":{"background-color":"","background-image":"","background-repeat":"repeat","background-position":"center center","background-size":"auto","background-attachment":"scroll","background-type":"","background-media":"","overlay-type":"","overlay-color":"","overlay-opacity":"","overlay-gradient":""},"mobile":{"background-color":"","background-image":"","background-repeat":"repeat","background-position":"center center","background-size":"auto","background-attachment":"scroll","background-type":"","background-media":"","overlay-type":"","overlay-color":"","overlay-opacity":"","overlay-gradient":""}},"ast-content-background-meta":{"desktop":{"background-color":"var(--ast-global-color-5)","background-image":"","background-repeat":"repeat","background-position":"center center","background-size":"auto","background-attachment":"scroll","background-type":"","background-media":"","overlay-type":"","overlay-color":"","overlay-opacity":"","overlay-gradient":""},"tablet":{"background-color":"var(--ast-global-color-5)","background-image":"","background-repeat":"repeat","background-position":"center center","background-size":"auto","background-attachment":"scroll","background-type":"","background-media":"","overlay-type":"","overlay-color":"","overlay-opacity":"","overlay-gradient":""},"mobile":{"background-color":"var(--ast-global-color-5)","background-image":"","background-repeat":"repeat","background-position":"center center","background-size":"auto","background-attachment":"scroll","background-type":"","background-media":"","overlay-type":"","overlay-color":"","overlay-opacity":"","overlay-gradient":""}}},"product_brand":[],"product_cat":[59],"product_tag":[99,100,101,102,103],"class_list":{"0":"post-1242","1":"product","2":"type-product","3":"status-publish","4":"has-post-thumbnail","6":"product_cat-cali-tins","7":"product_tag-space-monkey-edibles","8":"product_tag-space-monkey-meds-australia","9":"product_tag-space-monkey-meds-ireland","10":"product_tag-space-monkey-meds-reddit","11":"product_tag-space-monkey-meds-supply","12":"desktop-align-center","13":"tablet-align-left","14":"mobile-align-left","16":"first","17":"instock","18":"shipping-taxable","19":"purchasable","20":"product-type-variable"},"uagb_featured_image_src":{"full":["https:\/\/caliweedeurope.com\/wp-content\/uploads\/2024\/11\/bb0a65d3-ed3e-4d5b-94ea-ca079b1d77c2.jpg",1080,1080,false],"thumbnail":["https:\/\/caliweedeurope.com\/wp-content\/uploads\/2024\/11\/bb0a65d3-ed3e-4d5b-94ea-ca079b1d77c2-150x150.jpg",150,150,true],"medium":["https:\/\/caliweedeurope.com\/wp-content\/uploads\/2024\/11\/bb0a65d3-ed3e-4d5b-94ea-ca079b1d77c2-300x300.jpg",300,300,true],"medium_large":["https:\/\/caliweedeurope.com\/wp-content\/uploads\/2024\/11\/bb0a65d3-ed3e-4d5b-94ea-ca079b1d77c2-768x768.jpg",768,768,true],"large":["https:\/\/caliweedeurope.com\/wp-content\/uploads\/2024\/11\/bb0a65d3-ed3e-4d5b-94ea-ca079b1d77c2-1024x1024.jpg",1024,1024,true],"1536x1536":["https:\/\/caliweedeurope.com\/wp-content\/uploads\/2024\/11\/bb0a65d3-ed3e-4d5b-94ea-ca079b1d77c2.jpg",1080,1080,false],"2048x2048":["https:\/\/caliweedeurope.com\/wp-content\/uploads\/2024\/11\/bb0a65d3-ed3e-4d5b-94ea-ca079b1d77c2.jpg",1080,1080,false],"trp-custom-language-flag":["https:\/\/caliweedeurope.com\/wp-content\/uploads\/2024\/11\/bb0a65d3-ed3e-4d5b-94ea-ca079b1d77c2.jpg",12,12,false],"woocommerce_thumbnail":["https:\/\/caliweedeurope.com\/wp-content\/uploads\/2024\/11\/bb0a65d3-ed3e-4d5b-94ea-ca079b1d77c2-300x300.jpg",300,300,true],"woocommerce_single":["https:\/\/caliweedeurope.com\/wp-content\/uploads\/2024\/11\/bb0a65d3-ed3e-4d5b-94ea-ca079b1d77c2-600x600.jpg",600,600,true],"woocommerce_gallery_thumbnail":["https:\/\/caliweedeurope.com\/wp-content\/uploads\/2024\/11\/bb0a65d3-ed3e-4d5b-94ea-ca079b1d77c2-100x100.jpg",100,100,true]},"uagb_author_info":{"display_name":"jetskiforsaleuk@gmail.com","author_link":"https:\/\/caliweedeurope.com\/de\/author\/"},"uagb_comment_info":0,"uagb_excerpt":"Space Monkey Meds prioritizes details, understanding that close care and attention are what set their flowers apart from the crowd. Using coco, indoor growing methods and hand-trimmed attention, they\u2019ve tended their genetics for nearly a decade to find the ideal phenotypes of each of their marijuana strains. After their many years of growing, Space Monkey&hellip;","_links":{"self":[{"href":"https:\/\/caliweedeurope.com\/de\/wp-json\/wp\/v2\/product\/1242"}],"collection":[{"href":"https:\/\/caliweedeurope.com\/de\/wp-json\/wp\/v2\/product"}],"about":[{"href":"https:\/\/caliweedeurope.com\/de\/wp-json\/wp\/v2\/types\/product"}],"replies":[{"embeddable":true,"href":"https:\/\/caliweedeurope.com\/de\/wp-json\/wp\/v2\/comments?post=1242"}],"wp:featuredmedia":[{"embeddable":true,"href":"https:\/\/caliweedeurope.com\/de\/wp-json\/wp\/v2\/media\/1267"}],"wp:attachment":[{"href":"https:\/\/caliweedeurope.com\/de\/wp-json\/wp\/v2\/media?parent=1242"}],"wp:term":[{"taxonomy":"product_brand","embeddable":true,"href":"https:\/\/caliweedeurope.com\/de\/wp-json\/wp\/v2\/product_brand?post=1242"},{"taxonomy":"product_cat","embeddable":true,"href":"https:\/\/caliweedeurope.com\/de\/wp-json\/wp\/v2\/product_cat?post=1242"},{"taxonomy":"product_tag","embeddable":true,"href":"https:\/\/caliweedeurope.com\/de\/wp-json\/wp\/v2\/product_tag?post=1242"}],"curies":[{"name":"wp","href":"https:\/\/api.w.org\/{rel}","templated":true}]}}