{"id":1262,"date":"2024-11-03T21:31:46","date_gmt":"2024-11-03T21:31:46","guid":{"rendered":"https:\/\/caliweedeurope.com\/?post_type=product&#038;p=1262"},"modified":"2024-11-03T21:32:23","modified_gmt":"2024-11-03T21:32:23","slug":"stiiizy-sky-og","status":"publish","type":"product","link":"https:\/\/caliweedeurope.com\/de\/product\/stiiizy-sky-og\/","title":{"rendered":"Stiiizy (Sky og)"},"content":{"rendered":"<p>Diese Sorte wird f\u00fcr ihren wunderbaren Geschmack geliebt. Obwohl der Rausch nicht so stark ist wie bei einigen modernen Sorten, ist der Geschmack unbestreitbar au\u00dfergew\u00f6hnlich. Und seitdem ist er verloren gegangen. Vor 1998 war Bubba Kush nur als Klon erh\u00e4ltlich, aber seitdem wurde er repliziert, sodass seine Samen verpackt und verkauft werden konnten. Bubba Kush ist eine klassische Indica mit einem soliden sedativen Rausch, der die Nutzer entspannt, aber immer noch funktionsf\u00e4hig l\u00e4sst. Es hat einen typischen hohen THC-Gehalt, der von 15 % bis 22 % reicht.<br \/> Stiiizy hat kleine bis mittelgro\u00dfe Knospen, die die dichte Knospenstruktur aufweisen, die f\u00fcr Indica-Sorten typisch ist. Die Bl\u00e4tter sind dunkelgr\u00fcn und k\u00f6nnen manchmal lilafarbene Schattierungen aufweisen, das Ergebnis von Anthocyaninpigmenten, die durch kalte Temperaturen w\u00e4hrend des Wachstumsprozesses aktiviert wurden. Dies ist eine sehr harzreiche Sorte \u2013 eine Schicht wei\u00dfer Trichome bedeckt die bunten Bl\u00e4tter und ist sogar sichtbar, wenn die Knospen aufgebrochen werden. Die Bl\u00fcten haben ein vages Aroma von Kaffee oder Kakao, mit einer leichten Fruchtigkeit darunter. Beim Verbrennen riecht Bubba Kush st\u00e4rker nach Haschisch und Gew\u00fcrzen, wie man es von einer Kush-Sorte erwarten w\u00fcrde, mit Rauch, der ziemlich scharf und zum Husten anregend ist.<br \/>                                                               HERAUSRAGENDE ERGEBNISSE!<br \/> Bemerkenswerterweise ist dies eine Sorte, deren violette Bl\u00fcten nicht zu einem trauben\u00e4hnlichen Geschmack f\u00fchren: Die Pigmente, die die Farbe von Bubba Kush bestimmen, beeinflussen den Geschmack nicht. Der Geschmack ist haupts\u00e4chlich erdig, mit etwas S\u00fc\u00dfe und einem pfeffrigen Kick beim Ausatmen. Diese Sorte ist auch besonders stark riechend \u2013 Benutzer, die auf Diskretion bedacht sind, sollten sich entsprechend vorbereiten.<br \/> Ungew\u00f6hnlich f\u00fcr eine so indica-lastige Sorte beginnt der Rausch von Bubba Kush mit einem verzerrten, desorientierten Gef\u00fchl im Kopf. Dieser Nebel weicht jedoch einer erwarteten k\u00f6rperlichen Entspannung, die sich im Verlauf des Rausches verst\u00e4rkt. Obwohl Raucher nicht unbedingt energiegeladen sind, k\u00f6nnen sie ihren mentalen Fokus aufrechterhalten und sich unterhalten oder Aufgaben nach Bedarf erledigen. Meistens erleben die Nutzer eine schwere, langsame Entspannung beim Atmen und ein sp\u00fcrbares Gef\u00fchl k\u00f6rperlichen Wohlbefindens.<br \/> Couchlock ist ungew\u00f6hnlich und l\u00e4sst Benutzer funktionsf\u00e4hig und wachsam. Die medizinischen Anwendungen von Bubba Kush sind sowohl mental als auch k\u00f6rperlich. Bestellen Sie Stiiizy Pods Texas.<\/p>","protected":false},"excerpt":{"rendered":"<p>Bestellen Sie Stiiizy Pods Texas, Bubba Kush Zum Verkauf Online, Nur in Ihrer Erstklassigen und Zuverl\u00e4ssigen Online-Marijuana-Apotheke, Medizinischer Cannabis Online-Shop.<br \/> Stiiizy ist eine Indica-Sorte. Sie wurde urspr\u00fcnglich aus einer Kreuzung von OG Kush und Bubble Gum gez\u00fcchtet. Die resultierenden Pflanzen wurden dann \u00fcber mehrere Generationen selektiv gez\u00fcchtet, um die perfekte Bl\u00fcte zu schaffen, die als Bubba Kush bekannt ist.<\/p>","protected":false},"featured_media":1275,"comment_status":"closed","ping_status":"closed","template":"","meta":{"_uag_custom_page_level_css":"","site-sidebar-layout":"default","site-content-layout":"","ast-site-content-layout":"","site-content-style":"default","site-sidebar-style":"default","ast-global-header-display":"","ast-banner-title-visibility":"","ast-main-header-display":"","ast-hfb-above-header-display":"","ast-hfb-below-header-display":"","ast-hfb-mobile-header-display":"","site-post-title":"","ast-breadcrumbs-content":"","ast-featured-img":"","footer-sml-layout":"","theme-transparent-header-meta":"","adv-header-id-meta":"","stick-header-meta":"","header-above-stick-meta":"","header-main-stick-meta":"","header-below-stick-meta":"","astra-migrate-meta-layouts":"default","ast-page-background-enabled":"default","ast-page-background-meta":{"desktop":{"background-color":"var(--ast-global-color-4)","background-image":"","background-repeat":"repeat","background-position":"center center","background-size":"auto","background-attachment":"scroll","background-type":"","background-media":"","overlay-type":"","overlay-color":"","overlay-opacity":"","overlay-gradient":""},"tablet":{"background-color":"","background-image":"","background-repeat":"repeat","background-position":"center center","background-size":"auto","background-attachment":"scroll","background-type":"","background-media":"","overlay-type":"","overlay-color":"","overlay-opacity":"","overlay-gradient":""},"mobile":{"background-color":"","background-image":"","background-repeat":"repeat","background-position":"center center","background-size":"auto","background-attachment":"scroll","background-type":"","background-media":"","overlay-type":"","overlay-color":"","overlay-opacity":"","overlay-gradient":""}},"ast-content-background-meta":{"desktop":{"background-color":"var(--ast-global-color-5)","background-image":"","background-repeat":"repeat","background-position":"center center","background-size":"auto","background-attachment":"scroll","background-type":"","background-media":"","overlay-type":"","overlay-color":"","overlay-opacity":"","overlay-gradient":""},"tablet":{"background-color":"var(--ast-global-color-5)","background-image":"","background-repeat":"repeat","background-position":"center center","background-size":"auto","background-attachment":"scroll","background-type":"","background-media":"","overlay-type":"","overlay-color":"","overlay-opacity":"","overlay-gradient":""},"mobile":{"background-color":"var(--ast-global-color-5)","background-image":"","background-repeat":"repeat","background-position":"center center","background-size":"auto","background-attachment":"scroll","background-type":"","background-media":"","overlay-type":"","overlay-color":"","overlay-opacity":"","overlay-gradient":""}}},"product_brand":[],"product_cat":[114],"product_tag":[119,120,121,122,123],"class_list":{"0":"post-1262","1":"product","2":"type-product","3":"status-publish","4":"has-post-thumbnail","6":"product_cat-wholesale-vape-cartridges-online","7":"product_tag-skywalker-og-stiiizy","8":"product_tag-stiiizy-biscotti","9":"product_tag-stiiizy-gelato","10":"product_tag-stiiizy-og-kush","11":"product_tag-stiiizy-sfv-og","12":"desktop-align-center","13":"tablet-align-left","14":"mobile-align-left","16":"first","17":"instock","18":"shipping-taxable","19":"purchasable","20":"product-type-variable"},"uagb_featured_image_src":{"full":["https:\/\/caliweedeurope.com\/wp-content\/uploads\/2024\/11\/0fcdd104-9491-4b20-94d1-34a7ff48418f.jpg",864,1080,false],"thumbnail":["https:\/\/caliweedeurope.com\/wp-content\/uploads\/2024\/11\/0fcdd104-9491-4b20-94d1-34a7ff48418f-150x150.jpg",150,150,true],"medium":["https:\/\/caliweedeurope.com\/wp-content\/uploads\/2024\/11\/0fcdd104-9491-4b20-94d1-34a7ff48418f-240x300.jpg",240,300,true],"medium_large":["https:\/\/caliweedeurope.com\/wp-content\/uploads\/2024\/11\/0fcdd104-9491-4b20-94d1-34a7ff48418f-768x960.jpg",768,960,true],"large":["https:\/\/caliweedeurope.com\/wp-content\/uploads\/2024\/11\/0fcdd104-9491-4b20-94d1-34a7ff48418f-819x1024.jpg",819,1024,true],"1536x1536":["https:\/\/caliweedeurope.com\/wp-content\/uploads\/2024\/11\/0fcdd104-9491-4b20-94d1-34a7ff48418f.jpg",864,1080,false],"2048x2048":["https:\/\/caliweedeurope.com\/wp-content\/uploads\/2024\/11\/0fcdd104-9491-4b20-94d1-34a7ff48418f.jpg",864,1080,false],"trp-custom-language-flag":["https:\/\/caliweedeurope.com\/wp-content\/uploads\/2024\/11\/0fcdd104-9491-4b20-94d1-34a7ff48418f.jpg",10,12,false],"woocommerce_thumbnail":["https:\/\/caliweedeurope.com\/wp-content\/uploads\/2024\/11\/0fcdd104-9491-4b20-94d1-34a7ff48418f-300x300.jpg",300,300,true],"woocommerce_single":["https:\/\/caliweedeurope.com\/wp-content\/uploads\/2024\/11\/0fcdd104-9491-4b20-94d1-34a7ff48418f-600x750.jpg",600,750,true],"woocommerce_gallery_thumbnail":["https:\/\/caliweedeurope.com\/wp-content\/uploads\/2024\/11\/0fcdd104-9491-4b20-94d1-34a7ff48418f-100x100.jpg",100,100,true]},"uagb_author_info":{"display_name":"jetskiforsaleuk@gmail.com","author_link":"https:\/\/caliweedeurope.com\/de\/author\/"},"uagb_comment_info":0,"uagb_excerpt":"Order stiiizy pods texas, Bubba Kush For Sale Online, Only at Your Premier and Reliable Online Marijuana Dispensary, Medical Cannabis Online Store Stiiizy is an indica strain. It was originally a cross of OG Kush and Bubble Gum. The resulting plants were then selectively bred for multiple generations to create the perfect bud, known as&hellip;","_links":{"self":[{"href":"https:\/\/caliweedeurope.com\/de\/wp-json\/wp\/v2\/product\/1262"}],"collection":[{"href":"https:\/\/caliweedeurope.com\/de\/wp-json\/wp\/v2\/product"}],"about":[{"href":"https:\/\/caliweedeurope.com\/de\/wp-json\/wp\/v2\/types\/product"}],"replies":[{"embeddable":true,"href":"https:\/\/caliweedeurope.com\/de\/wp-json\/wp\/v2\/comments?post=1262"}],"wp:featuredmedia":[{"embeddable":true,"href":"https:\/\/caliweedeurope.com\/de\/wp-json\/wp\/v2\/media\/1275"}],"wp:attachment":[{"href":"https:\/\/caliweedeurope.com\/de\/wp-json\/wp\/v2\/media?parent=1262"}],"wp:term":[{"taxonomy":"product_brand","embeddable":true,"href":"https:\/\/caliweedeurope.com\/de\/wp-json\/wp\/v2\/product_brand?post=1262"},{"taxonomy":"product_cat","embeddable":true,"href":"https:\/\/caliweedeurope.com\/de\/wp-json\/wp\/v2\/product_cat?post=1262"},{"taxonomy":"product_tag","embeddable":true,"href":"https:\/\/caliweedeurope.com\/de\/wp-json\/wp\/v2\/product_tag?post=1262"}],"curies":[{"name":"wp","href":"https:\/\/api.w.org\/{rel}","templated":true}]}}