{"id":1288,"date":"2024-11-03T21:32:09","date_gmt":"2024-11-03T21:32:09","guid":{"rendered":"https:\/\/caliweedeurope.com\/?post_type=product&#038;p=1288"},"modified":"2024-11-03T21:32:23","modified_gmt":"2024-11-03T21:32:23","slug":"italian-ice-strain","status":"publish","type":"product","link":"https:\/\/caliweedeurope.com\/de\/product\/italian-ice-strain\/","title":{"rendered":"Italian ice strain"},"content":{"rendered":"<p>Italian Ice Strain Bewertung<br \/> Die Italian Ice-Sorte ist eine exotische Cannabis-Sorte, die urspr\u00fcnglich von The Cali Connection entdeckt wurde. Sie entstand durch eine Mischung aus Forbidden Fruit und Gelato 45. Wow!!! Kannst du dir vorstellen, was aus einer Mischung dieser beiden Sorten entstehen kann? Ich bekomme jetzt schon Wasser im Mund bei dieser Italian Ice-Sorte. Ja!! Ab jetzt war es noch nie so einfach, eine der besten Cannabis-Sorten zu bekommen. Also, Italian Ice-Sorte zum Verkauf | Kaufen Sie Italian Ice-Sorte.<\/p>\n<p>Wo man die Italian Ice Sorte online kaufen kann<br \/> Wusstest du, dass viele Menschen seit Jahren nach solchen Weed-Sorten suchen, aber ohne Erfolg? Tats\u00e4chlich bevorzugen es die meisten Menschen, einen hohen Preis zu zahlen, um die beste Weed-Qualit\u00e4t zu erhalten. Ja, Menschen zahlen hohe Preise f\u00fcr die besten Buds. Jetzt kommt das wahre Problem: Wo werden sie es herbekommen? Hast du schon einmal das Problem gehabt, Geld zu haben, aber keinen guten Weed-Strain zu finden? Ja, das passiert. Aber keine Sorge mehr. Italian Ice Strain zum Verkauf | Kaufe Italian Ice Strain online. Du hast jetzt die L\u00f6sung f\u00fcr dein Problem gefunden. Italian Ice Strain. Wir sind hier, um solche Situationen f\u00fcr dich zu l\u00f6sen. Besuche bitte den Shop-Bereich unserer Webseite, um deine Bestellung aufzugeben. Kaufe Italian Ice Strain.<\/p>\n<p>Verf\u00fcgbarkeit der Sorte<br \/> Wie frustrierend wird es f\u00fcr die Menschen, wenn sie es sehr schwer haben, die besten Buds zu bekommen, die sie sich w\u00fcnschen? Aus unserer Erfahrung im Online-Verkauf haben wir festgestellt, dass viele Menschen dieses Problem haben. Keine Sorge mehr, denn wir bieten Ihnen die beste und bequemste Methode. Bleiben Sie ruhig, Sie haben den richtigen Ort gefunden. Wenn Sie sich immer noch unsicher f\u00fchlen, k\u00f6nnen Sie unsere Versandrichtlinien einsehen. Unsere Sendungen werden diskret geliefert, mit einer 100%igen Liefergarantie. Ihre Sicherheit und Zufriedenheit sind unsere Priorit\u00e4t, also vertrauen Sie uns einfach. Italian Ice Weed Strain.<\/p>","protected":false},"excerpt":{"rendered":"<p>Italian Ice strain review. Italian Ice strain is a weed exotic weed strain that was originally found by The Cali Connection. It is a weed strain that came into existence by a mix of Forbidden Fruit and Gelato 45. wow!!! You imagine the what can come out from a mix of those two right?. As [&hellip;]<\/p>","protected":false},"featured_media":1309,"comment_status":"closed","ping_status":"closed","template":"","meta":{"_uag_custom_page_level_css":"","site-sidebar-layout":"default","site-content-layout":"","ast-site-content-layout":"","site-content-style":"default","site-sidebar-style":"default","ast-global-header-display":"","ast-banner-title-visibility":"","ast-main-header-display":"","ast-hfb-above-header-display":"","ast-hfb-below-header-display":"","ast-hfb-mobile-header-display":"","site-post-title":"","ast-breadcrumbs-content":"","ast-featured-img":"","footer-sml-layout":"","theme-transparent-header-meta":"","adv-header-id-meta":"","stick-header-meta":"","header-above-stick-meta":"","header-main-stick-meta":"","header-below-stick-meta":"","astra-migrate-meta-layouts":"default","ast-page-background-enabled":"default","ast-page-background-meta":{"desktop":{"background-color":"var(--ast-global-color-4)","background-image":"","background-repeat":"repeat","background-position":"center center","background-size":"auto","background-attachment":"scroll","background-type":"","background-media":"","overlay-type":"","overlay-color":"","overlay-opacity":"","overlay-gradient":""},"tablet":{"background-color":"","background-image":"","background-repeat":"repeat","background-position":"center center","background-size":"auto","background-attachment":"scroll","background-type":"","background-media":"","overlay-type":"","overlay-color":"","overlay-opacity":"","overlay-gradient":""},"mobile":{"background-color":"","background-image":"","background-repeat":"repeat","background-position":"center center","background-size":"auto","background-attachment":"scroll","background-type":"","background-media":"","overlay-type":"","overlay-color":"","overlay-opacity":"","overlay-gradient":""}},"ast-content-background-meta":{"desktop":{"background-color":"var(--ast-global-color-5)","background-image":"","background-repeat":"repeat","background-position":"center center","background-size":"auto","background-attachment":"scroll","background-type":"","background-media":"","overlay-type":"","overlay-color":"","overlay-opacity":"","overlay-gradient":""},"tablet":{"background-color":"var(--ast-global-color-5)","background-image":"","background-repeat":"repeat","background-position":"center center","background-size":"auto","background-attachment":"scroll","background-type":"","background-media":"","overlay-type":"","overlay-color":"","overlay-opacity":"","overlay-gradient":""},"mobile":{"background-color":"var(--ast-global-color-5)","background-image":"","background-repeat":"repeat","background-position":"center center","background-size":"auto","background-attachment":"scroll","background-type":"","background-media":"","overlay-type":"","overlay-color":"","overlay-opacity":"","overlay-gradient":""}}},"product_brand":[],"product_cat":[22],"product_tag":[134,135,136,137,138],"class_list":{"0":"post-1288","1":"product","2":"type-product","3":"status-publish","4":"has-post-thumbnail","6":"product_cat-hybrid","7":"product_tag-blue-cheese-strain","8":"product_tag-blue-dream-strain","9":"product_tag-gorilla-glue-strain","10":"product_tag-tiramisu-strain","11":"product_tag-wedding-cake-strain","12":"desktop-align-center","13":"tablet-align-left","14":"mobile-align-left","16":"first","17":"instock","18":"shipping-taxable","19":"purchasable","20":"product-type-variable"},"uagb_featured_image_src":{"full":["https:\/\/caliweedeurope.com\/wp-content\/uploads\/2024\/11\/paysidepackz__20200303_1-600x600-1.jpg",600,600,false],"thumbnail":["https:\/\/caliweedeurope.com\/wp-content\/uploads\/2024\/11\/paysidepackz__20200303_1-600x600-1-150x150.jpg",150,150,true],"medium":["https:\/\/caliweedeurope.com\/wp-content\/uploads\/2024\/11\/paysidepackz__20200303_1-600x600-1-300x300.jpg",300,300,true],"medium_large":["https:\/\/caliweedeurope.com\/wp-content\/uploads\/2024\/11\/paysidepackz__20200303_1-600x600-1.jpg",600,600,false],"large":["https:\/\/caliweedeurope.com\/wp-content\/uploads\/2024\/11\/paysidepackz__20200303_1-600x600-1.jpg",600,600,false],"1536x1536":["https:\/\/caliweedeurope.com\/wp-content\/uploads\/2024\/11\/paysidepackz__20200303_1-600x600-1.jpg",600,600,false],"2048x2048":["https:\/\/caliweedeurope.com\/wp-content\/uploads\/2024\/11\/paysidepackz__20200303_1-600x600-1.jpg",600,600,false],"trp-custom-language-flag":["https:\/\/caliweedeurope.com\/wp-content\/uploads\/2024\/11\/paysidepackz__20200303_1-600x600-1.jpg",12,12,false],"woocommerce_thumbnail":["https:\/\/caliweedeurope.com\/wp-content\/uploads\/2024\/11\/paysidepackz__20200303_1-600x600-1-300x300.jpg",300,300,true],"woocommerce_single":["https:\/\/caliweedeurope.com\/wp-content\/uploads\/2024\/11\/paysidepackz__20200303_1-600x600-1.jpg",600,600,false],"woocommerce_gallery_thumbnail":["https:\/\/caliweedeurope.com\/wp-content\/uploads\/2024\/11\/paysidepackz__20200303_1-600x600-1-100x100.jpg",100,100,true]},"uagb_author_info":{"display_name":"jetskiforsaleuk@gmail.com","author_link":"https:\/\/caliweedeurope.com\/de\/author\/"},"uagb_comment_info":0,"uagb_excerpt":"Italian Ice strain review. Italian Ice strain is a weed exotic weed strain that was originally found by The Cali Connection. It is a weed strain that came into existence by a mix of Forbidden Fruit and Gelato 45. wow!!! You imagine the what can come out from a mix of those two right?. As&hellip;","_links":{"self":[{"href":"https:\/\/caliweedeurope.com\/de\/wp-json\/wp\/v2\/product\/1288"}],"collection":[{"href":"https:\/\/caliweedeurope.com\/de\/wp-json\/wp\/v2\/product"}],"about":[{"href":"https:\/\/caliweedeurope.com\/de\/wp-json\/wp\/v2\/types\/product"}],"replies":[{"embeddable":true,"href":"https:\/\/caliweedeurope.com\/de\/wp-json\/wp\/v2\/comments?post=1288"}],"wp:featuredmedia":[{"embeddable":true,"href":"https:\/\/caliweedeurope.com\/de\/wp-json\/wp\/v2\/media\/1309"}],"wp:attachment":[{"href":"https:\/\/caliweedeurope.com\/de\/wp-json\/wp\/v2\/media?parent=1288"}],"wp:term":[{"taxonomy":"product_brand","embeddable":true,"href":"https:\/\/caliweedeurope.com\/de\/wp-json\/wp\/v2\/product_brand?post=1288"},{"taxonomy":"product_cat","embeddable":true,"href":"https:\/\/caliweedeurope.com\/de\/wp-json\/wp\/v2\/product_cat?post=1288"},{"taxonomy":"product_tag","embeddable":true,"href":"https:\/\/caliweedeurope.com\/de\/wp-json\/wp\/v2\/product_tag?post=1288"}],"curies":[{"name":"wp","href":"https:\/\/api.w.org\/{rel}","templated":true}]}}