{"id":1428,"date":"2024-11-03T21:32:51","date_gmt":"2024-11-03T21:32:51","guid":{"rendered":"https:\/\/caliweedeurope.com\/?post_type=product&#038;p=1428"},"modified":"2024-11-03T21:33:26","modified_gmt":"2024-11-03T21:33:26","slug":"gelato-weed-strain-for-sale","status":"publish","type":"product","link":"https:\/\/caliweedeurope.com\/de\/product\/gelato-weed-strain-for-sale\/","title":{"rendered":"Gelato Weed strain For sale"},"content":{"rendered":"<h1><\/h1>\n<h1>\u00a0Kaufen Sie Gelato Weed Strain \u2013 Exotisches Spitzenweed<\/h1>\n<p class=\"translation-block\">Eine weitere Spitzenklasse-Sorte von Deligentman.com! <span style=\"font-size: 14pt\"><strong>Gelato Weed<\/strong><\/span> ist das Ergebnis einer Kreuzung zwischen Thin Mint Girl Scout Cookies und Sunset Sherbet, zwei Sorten, die f\u00fcr ihre unglaublich k\u00f6stlichen Aromen und Geschmacksrichtungen bekannt sind. Die Gelato-Sorte wird beschrieben mit Aromen und Geschm\u00e4ckern wie erdig, s\u00fc\u00df, minzig, zitrusartig, beerig, eichig, sherbet, orange, lavendel und cookie. Die Gelato-Pflanze ist kurz und st\u00e4mmig. Ihre Bl\u00e4tter sind waldgr\u00fcn mit dunkelvioletten Nuancen. Die Gelato-Bl\u00fcten erscheinen dunkelviolett und durchzogen von leuchtend orangefarbenen H\u00e4rchen. Ihre Knospen sind klebrig mit durchschnittlicher Trichom-Kristallabdeckung.<\/p>\n<p>Die Gelato-Sorte von Marihuana hat hohe THC-Werte von 15 bis 25 %, was sie zu einer ziemlich starken Sorte macht. Die THC Design-Hybrideffekte sind gut ausbalanciert \u2013 eine interessante Mischung aus Belebung und Entspannung. Wenn Sie nach einem Indica-K\u00f6rperhigh suchen, das mit einer Sativa-Klarheit get\u00f6nt ist und Sie aktiv genug h\u00e4lt, um die Effekte einer Sorte zu genie\u00dfen, dann ist diese genau das Richtige f\u00fcr Sie. Ihre Effekte setzen schnell ein, beginnend mit einem Kopfrausch und einem intensiven Gef\u00fchl von Euphorie. Das Kopf-High, das sie liefert, ist gl\u00fcckselig und erhebend. Ein schleichendes K\u00f6rperbuzz stellt sich allm\u00e4hlich ein, bis Sie sich vollkommen entspannt und ruhig f\u00fchlen, jedoch mit gen\u00fcgend Energie und Fokus, um positiv und gesellig zu bleiben.<\/p>\n<p class=\"translation-block\">Kaufen Sie Gelato 45 UK<b>,\u00a0<\/b>Gelato\u00a0<b>#45 vs 33 auch kaufen <\/b>Gelato 45\u00a0<b>allbud,\u00a0<\/b>Gelato\u00a0<b>41<\/b>-Sorte,\u00a0Gelato\u00a0<b>#45 Ertrag,\u00a0<\/b>Gelato 45-Sorte\u00a0<b>Smart Cart,\u00a0<\/b>Gelato 45\u00a0<b>vs 33,\u00a0<\/b>Gelato 45-Sorte\u00a0<b>Indica oder Sativa,\u00a0<\/b><b>Gelati vs<\/b>\u00a0Gelato-Sorte,\u00a0Gelato-Sorte\u00a0<b>45,\u00a0<\/b><b>Shark<\/b>-Gelato-Sorte,\u00a0Gelato\u00a0<b>41<\/b>-Sorte,\u00a0<b>Wedding Cake<\/b>-Sorte,\u00a0<b>Blueberry<\/b>-Gelato-Sorte,\u00a0<b>Lemon<\/b>-Gelato-Sorte, Cannabis<\/p>\n<h3>Medizinische Vorteile der Verwendung der Gelato Weed Hybrid-Sorte<\/h3>\n<p>Gelatos leichte zerebrale Wirkung in Kombination mit gleichzeitiger k\u00f6rperlicher Entspannung macht es zu einem Favoriten bei Angstst\u00f6rungen und chronischem Stress. Gelato bietet einen Schub an zerebraler Energie, der bei chronischer Depression hilft. Diese Stimulation kann auch Patienten mit Aufmerksamkeitsst\u00f6rungen wie ADHS und ADS zugutekommen. Die Indica-Komponente entspannt den K\u00f6rper und unterdr\u00fcckt Hyperaktivit\u00e4t, w\u00e4hrend die Sativa die notwendige Stimulation f\u00fcr anhaltende Konzentration liefert. Die Gelato-Sorte hilft bei \u00dcbelkeit dank ihres verlockenden Geschmacks und Geruchs; au\u00dferdem kann diese Gelato-Cannabissorte den Appetit bei Patienten f\u00f6rdern, die aufgrund von Chemotherapie gegen Krebs oder Autoimmunerkrankungen an \u00dcbelkeit leiden.<\/p>\n<h3>Wirkungen der Gelato 45 Marihuana-Sorte<\/h3>\n<ul>\n<li>Gl\u00fccklich<\/li>\n<li>Euphorisch<\/li>\n<li>Entspannt<\/li>\n<li>Erh\u00f6ht<\/li>\n<li>Kreativ<\/li>\n<\/ul>\n<p>Klassifikation: 55% Indica \/ 45% Sativa<\/p>\n<p>Abstammung: Thin Mint Girl Scout Cookies X Sunset Sherbet<\/p>\n<p>Bl\u00fctezeit: 8 \u2013 9 Wochen<\/p>\n<p>Anbaubedingungen: Innen \/ Au\u00dfen<\/p>\n<p>Ertrag: Durchschnittlich bis Hoch<\/p>\n<p>&nbsp;<\/p>\n<div id=\"extrares\">\n<div id=\"botstuff\">\n<div data-ved=\"2ahUKEwjOnKHOuNLqAhVbHzQIHWV0BAUQCHoECA0QKA\">\n<div id=\"brs\" data-hveid=\"CAwQAA\">\n<div class=\"card-section\">\n<div class=\"brs_col\">\n<p class=\"nVcaUb translation-block\">Kaufe Gelato 45 UK<b>, wo man <\/b>Gelato\u00a0<b>#45 vs 33 kaufen kann, <\/b>Gelato 45\u00a0<b>alle Buds zum Verkauf, <\/b>Gelato\u00a0<b>41<\/b> Sorte, Gelato\u00a0<b>#45 Ertrag, <\/b>Gelato 45 Sorte\u00a0<b>Smart Cart, <\/b>Gelato 45\u00a0<b>vs 33, <\/b>Gelato 45 Sorte\u00a0<b>Indica oder Sativa, <\/b><b>Gelati vs<\/b> Gelato Sorte, Gelato Sorte\u00a0<b>45, du kannst auch <\/b><b>Shark<\/b> Gelato Sorte kaufen, Gelato\u00a0<b>41<\/b> Sorte, <b>Wedding Cake<\/b> Sorte, <b>Blueberry<\/b> Gelato Sorte, <b>Sherbet<\/b> Sorte, <b>Lemon<\/b> Gelato Sorte. Du kannst Gelato <a href=\"https:\/\/kifpot.com\/\" target=\"_blank\" rel=\"noopener\">CBD Hanfbl\u00fcten<\/a> kaufen<\/p>\n<p class=\"translation-block\"><a href=\"https:\/\/deligentman.com\/buy-cannabis-online-uk\/\" target=\"_blank\" rel=\"noopener\"><span style=\"font-weight: 400\">Unser Shop<\/span><\/a><span style=\"font-weight: 400\"> ist einer der besten Shops, um Gras online im UK, Europa, USA und der EU zu kaufen, mit oder ohne medizinische Karte. Au\u00dferdem haben wir hochwertige Top-Shelf-Cannabis-Sorten zum Verkauf. Irland Gras zum Verkauf USA. Wir bieten kostenlosen Versand im gesamten UK, Europa und USA an. Aquatic Weed Cutter zum Verkauf im UK. Wie man Gras online kauft, <\/span><span style=\"font-weight: 400\">Bestellen Sie Gras online im UK, USA, EU. <\/span>Kaufe Cannabis online, du kannst Gras &amp; Cannabis online im UK bestellen. Wir liefern schnell mit Next Day Delivery. Hol dir Cannabis &amp; Gras zum Verkauf im UK Weed Supermarkt. Kaufe Cannabis online im UK und Bestellgras UK, Kaufe Gras online im UK Kaufe Marihuana Online UK. Wir liefern schnell mit Next Day Delivery. Gras zum Verkauf im UK. Aquatic Weed Cutter zum Verkauf im UK. Wie man Gras online kauft.<\/p>\n<\/p><\/div>\n<\/p><\/div>\n<\/p><\/div>\n<\/p><\/div>\n<\/p><\/div>\n<\/p><\/div>\n<div>\n<div id=\"foot\" role=\"navigation\">\n<div class=\"brs_col\">\n<p class=\"nVcaUb\"> <\/div>\n<\/p><\/div>\n<\/p><\/div>","protected":false},"excerpt":{"rendered":"<p>Gelato Weed hat den sanften und fruchtigen Reiz von Sunset Sherbert sowie die erdige, krautige Note von Thin Mints. Mit begrenzter Verf\u00fcgbarkeit und einem mutigen Aussehen und Geschmack f\u00e4llt diese Sorte in eine aufstrebende Kategorie von Westk\u00fcsten-Craft-Hybriden, die sich auf Geschmack konzentrieren. Gelato tr\u00e4gt mehrere w\u00fcnschenswerte Eigenschaften aus ihrer stark gekreuzten Abstammung und besticht durch beeindruckende Optik und Geschmack. Ihre trippige, aber entspannende Wirkung macht sie zu einer perfekten Wahl f\u00fcr introspektive Momente oder gesellige Gespr\u00e4che.<a href=\"http:\/\/kifpot.com\">.<\/a><\/p>","protected":false},"featured_media":1440,"comment_status":"closed","ping_status":"closed","template":"","meta":{"_uag_custom_page_level_css":"","site-sidebar-layout":"default","site-content-layout":"","ast-site-content-layout":"","site-content-style":"default","site-sidebar-style":"default","ast-global-header-display":"","ast-banner-title-visibility":"","ast-main-header-display":"","ast-hfb-above-header-display":"","ast-hfb-below-header-display":"","ast-hfb-mobile-header-display":"","site-post-title":"","ast-breadcrumbs-content":"","ast-featured-img":"","footer-sml-layout":"","theme-transparent-header-meta":"","adv-header-id-meta":"","stick-header-meta":"","header-above-stick-meta":"","header-main-stick-meta":"","header-below-stick-meta":"","astra-migrate-meta-layouts":"default","ast-page-background-enabled":"default","ast-page-background-meta":{"desktop":{"background-color":"var(--ast-global-color-4)","background-image":"","background-repeat":"repeat","background-position":"center center","background-size":"auto","background-attachment":"scroll","background-type":"","background-media":"","overlay-type":"","overlay-color":"","overlay-opacity":"","overlay-gradient":""},"tablet":{"background-color":"","background-image":"","background-repeat":"repeat","background-position":"center center","background-size":"auto","background-attachment":"scroll","background-type":"","background-media":"","overlay-type":"","overlay-color":"","overlay-opacity":"","overlay-gradient":""},"mobile":{"background-color":"","background-image":"","background-repeat":"repeat","background-position":"center center","background-size":"auto","background-attachment":"scroll","background-type":"","background-media":"","overlay-type":"","overlay-color":"","overlay-opacity":"","overlay-gradient":""}},"ast-content-background-meta":{"desktop":{"background-color":"var(--ast-global-color-5)","background-image":"","background-repeat":"repeat","background-position":"center center","background-size":"auto","background-attachment":"scroll","background-type":"","background-media":"","overlay-type":"","overlay-color":"","overlay-opacity":"","overlay-gradient":""},"tablet":{"background-color":"var(--ast-global-color-5)","background-image":"","background-repeat":"repeat","background-position":"center center","background-size":"auto","background-attachment":"scroll","background-type":"","background-media":"","overlay-type":"","overlay-color":"","overlay-opacity":"","overlay-gradient":""},"mobile":{"background-color":"var(--ast-global-color-5)","background-image":"","background-repeat":"repeat","background-position":"center center","background-size":"auto","background-attachment":"scroll","background-type":"","background-media":"","overlay-type":"","overlay-color":"","overlay-opacity":"","overlay-gradient":""}}},"product_brand":[],"product_cat":[22,228],"product_tag":[229,230,231,232,233,234,235,236,237,238,239,240,241,242,243,244,245,246,247,248,138,249],"class_list":{"0":"post-1428","1":"product","2":"type-product","3":"status-publish","4":"has-post-thumbnail","6":"product_cat-hybrid","7":"product_cat-indica","8":"product_tag-blueberry-gelato-strain","9":"product_tag-buy-gelato-45-uk","10":"product_tag-buy-gelato-weed","11":"product_tag-buy-weed-online-uk","12":"product_tag-eu-buy-cannabis-online","13":"product_tag-europe","14":"product_tag-gelati-vs-gelato-strain","15":"product_tag-gelato-45-vs-33","16":"product_tag-gelato-45-yield","17":"product_tag-gelato-41-strain","18":"product_tag-gelato-45-allbud","19":"product_tag-gelato-45-strain-indica-or-sativa","20":"product_tag-gelato-45-strain-smart-cart","21":"product_tag-gelato-strain-45","22":"product_tag-how-to-buy-gelato-strain","23":"product_tag-lemon-gelato-strain","24":"product_tag-mail-order-weed-uk","25":"product_tag-order-weed-online-uk","26":"product_tag-shark-gelato-strain","27":"product_tag-usa","28":"product_tag-wedding-cake-strain","29":"product_tag-where-to-buy-gelato-weed","30":"desktop-align-center","31":"tablet-align-left","32":"mobile-align-left","34":"first","35":"instock","36":"sale","37":"shipping-taxable","38":"purchasable","39":"product-type-variable"},"uagb_featured_image_src":{"full":["https:\/\/caliweedeurope.com\/wp-content\/uploads\/2024\/11\/gelato__primary_0dc7.jpg",1040,1024,false],"thumbnail":["https:\/\/caliweedeurope.com\/wp-content\/uploads\/2024\/11\/gelato__primary_0dc7-150x150.jpg",150,150,true],"medium":["https:\/\/caliweedeurope.com\/wp-content\/uploads\/2024\/11\/gelato__primary_0dc7-300x295.jpg",300,295,true],"medium_large":["https:\/\/caliweedeurope.com\/wp-content\/uploads\/2024\/11\/gelato__primary_0dc7-768x756.jpg",768,756,true],"large":["https:\/\/caliweedeurope.com\/wp-content\/uploads\/2024\/11\/gelato__primary_0dc7-1024x1008.jpg",1024,1008,true],"1536x1536":["https:\/\/caliweedeurope.com\/wp-content\/uploads\/2024\/11\/gelato__primary_0dc7.jpg",1040,1024,false],"2048x2048":["https:\/\/caliweedeurope.com\/wp-content\/uploads\/2024\/11\/gelato__primary_0dc7.jpg",1040,1024,false],"trp-custom-language-flag":["https:\/\/caliweedeurope.com\/wp-content\/uploads\/2024\/11\/gelato__primary_0dc7.jpg",12,12,false],"woocommerce_thumbnail":["https:\/\/caliweedeurope.com\/wp-content\/uploads\/2024\/11\/gelato__primary_0dc7-300x300.jpg",300,300,true],"woocommerce_single":["https:\/\/caliweedeurope.com\/wp-content\/uploads\/2024\/11\/gelato__primary_0dc7-600x591.jpg",600,591,true],"woocommerce_gallery_thumbnail":["https:\/\/caliweedeurope.com\/wp-content\/uploads\/2024\/11\/gelato__primary_0dc7-100x100.jpg",100,100,true]},"uagb_author_info":{"display_name":"jetskiforsaleuk@gmail.com","author_link":"https:\/\/caliweedeurope.com\/de\/author\/"},"uagb_comment_info":0,"uagb_excerpt":"Gelato Weed has all the smooth and fruity appeal of Sunset Sherbert with the earthy, herbal goodness of Thin Mints. With limited availability and a bold look and taste, this strain falls into an emerging category of west coast craft hybrids that are focused on taste. Carrying multiple desirable traits from its heavily crossbred lineage,&hellip;","_links":{"self":[{"href":"https:\/\/caliweedeurope.com\/de\/wp-json\/wp\/v2\/product\/1428"}],"collection":[{"href":"https:\/\/caliweedeurope.com\/de\/wp-json\/wp\/v2\/product"}],"about":[{"href":"https:\/\/caliweedeurope.com\/de\/wp-json\/wp\/v2\/types\/product"}],"replies":[{"embeddable":true,"href":"https:\/\/caliweedeurope.com\/de\/wp-json\/wp\/v2\/comments?post=1428"}],"wp:featuredmedia":[{"embeddable":true,"href":"https:\/\/caliweedeurope.com\/de\/wp-json\/wp\/v2\/media\/1440"}],"wp:attachment":[{"href":"https:\/\/caliweedeurope.com\/de\/wp-json\/wp\/v2\/media?parent=1428"}],"wp:term":[{"taxonomy":"product_brand","embeddable":true,"href":"https:\/\/caliweedeurope.com\/de\/wp-json\/wp\/v2\/product_brand?post=1428"},{"taxonomy":"product_cat","embeddable":true,"href":"https:\/\/caliweedeurope.com\/de\/wp-json\/wp\/v2\/product_cat?post=1428"},{"taxonomy":"product_tag","embeddable":true,"href":"https:\/\/caliweedeurope.com\/de\/wp-json\/wp\/v2\/product_tag?post=1428"}],"curies":[{"name":"wp","href":"https:\/\/api.w.org\/{rel}","templated":true}]}}