{"id":1449,"date":"2024-11-03T21:33:04","date_gmt":"2024-11-03T21:33:04","guid":{"rendered":"https:\/\/caliweedeurope.com\/?post_type=product&#038;p=1449"},"modified":"2024-11-03T21:33:26","modified_gmt":"2024-11-03T21:33:26","slug":"buy-710-kingpen-vape-cartridges","status":"publish","type":"product","link":"https:\/\/caliweedeurope.com\/de\/product\/buy-710-kingpen-vape-cartridges\/","title":{"rendered":"Kaufen Sie 710 Kingpen Vape-Cartridges"},"content":{"rendered":"<h1><strong>KAUFEN 710 KINGPEN VAPE-CARTRIDGES UK ONLINE LIEFERUNG G\u00dcNSTIG EUROPA<\/strong><\/h1>\n<p>Auf der Suche nach dem Kauf von 710 KingPen Vape-Cartridges online oder 710 KingPen Vape Pen Lieferung? <a href=\"https:\/\/weedmaps.com\/brands\/710-kingpen\" target=\"_blank\" rel=\"noopener noreferrer\">710 KingPen<\/a>\u00a0ist der pers\u00f6nliche Marihuana \/ THC-Vaporizer von LoudPack Extracts, oder \u201eVape Pen\u201c. Dieses Ger\u00e4t hat in den letzten Jahren an Popularit\u00e4t gewonnen, da Tabakprodukte ein \u00e4hnliches Aussehen und Gef\u00fchl mit ihrer Version des Vape Pens namens E-Cigs angenommen haben und das Stigma im Zusammenhang mit dem Marihuanakonsum weiterhin in Rauch aufgeht.\u00a0<a href=\"https:\/\/www.leafly.com\/brands\/710-kingpen\" target=\"_blank\" rel=\"noopener noreferrer\">710 KingPen<\/a>\u00a0ist der n\u00e4chste Generation, handliche tragbare Vaporizer, entwickelt, um das Produkt auf eine Temperatur knapp unterhalb der Verbrennungsstufe zu erhitzen, so dass ein Dampf erzeugt wird, der inhaliert wird, anstelle von Rauch. Viele medizinische Marihuana-Patienten, die nicht rauchen k\u00f6nnen, verlassen sich auf diese Form der Medikation. Es ist eine allgemein bekannte medizinische Tatsache, dass die Karzinogene, die mit dem Rauchen verbunden sind, weitaus gef\u00e4hrlicher sind als die Methode der Verdampfung. Und weil der 710 KingPen eine diskrete M\u00f6glichkeit bietet, medizinisches Cannabis in der \u00d6ffentlichkeit zu verwenden, sind sie auch auf den Freizeitm\u00e4rkten sehr gefragt. Kaufen Sie 710 Kingpen Vape-Cartridges.<\/p>\n<h2 class=\"css-1jisqi6\">7 Vorteile und Anwendungen von CBD-\u00d6l (plus Nebenwirkungen)<\/h2>\n<p>Cannabidiol ist ein beliebtes Naturheilmittel, das bei vielen h\u00e4ufigen Beschwerden verwendet wird. Besser bekannt als CBD, ist es eines von \u00fcber 100 chemischen Verbindungen, die als Cannabinoide bekannt sind und in der Cannabis- oder Marihuanapflanze vorkommen.\u00a0<em>Cannabis sativa<\/em>. Kaufe 710 Kingpen Vape-Kartuschen<\/p>\n<p>Tetrahydrocannabinol (THC) ist das Haupt-Cannabinoid mit psychoaktiver Wirkung, das in Cannabis vorkommt und das Gef\u00fchl des \u201eHigh-Seins\u201c verursacht, das oft mit Marihuana in Verbindung gebracht wird. Allerdings,\u00a0<a class=\"content-link css-5r4717\" href=\"https:\/\/www.healthline.com\/health\/cbd-vs-thc\" target=\"_blank\" rel=\"noopener noreferrer\">unlike THC<\/a>, CBD ist nicht psychoaktiv.<\/p>\n<p>Diese Eigenschaft macht CBD zu einer attraktiven Option f\u00fcr diejenigen, die Linderung von Schmerzen und anderen Symptomen suchen, ohne die bewusstseinsver\u00e4ndernden Wirkungen von Marihuana oder bestimmten pharmazeutischen Medikamenten. CBD-\u00d6l wird hergestellt, indem CBD aus der Cannabispflanze extrahiert und mit einem Tr\u00e4ger\u00f6l wie Kokos- oder Hanfsamen\u00f6l verd\u00fcnnt wird.<\/p>\n<p>Es gewinnt in der Gesundheits- und Wellnesswelt an Bedeutung, wobei einige wissenschaftliche Studien best\u00e4tigen, dass es Symptome wie chronische Schmerzen und Angstzust\u00e4nde lindern kann. Hier sind sieben gesundheitliche Vorteile von CBD-\u00d6l, die durch wissenschaftliche Beweise gest\u00fctzt werden.<\/p>\n<h3>Kann Schmerzen lindern \u2013 Kaufen Sie 710 Kingpen Vape-Cartridges UK, USA, Europa<\/h3>\n<p>Marihuana wird bereits seit 2900 v. Chr. zur Schmerzbehandlung verwendet. In j\u00fcngerer Zeit haben Wissenschaftler entdeckt, dass bestimmte Bestandteile von Marihuana, einschlie\u00dflich CBD, f\u00fcr seine schmerzlindernden Wirkungen verantwortlich sind. Der menschliche K\u00f6rper enth\u00e4lt ein spezialisiertes System namens\u00a0<a class=\"content-link css-5r4717\" href=\"https:\/\/www.healthline.com\/health\/endocannabinoid-system\" target=\"_blank\" rel=\"noopener noreferrer\">endocannabinoid system (ECS)<\/a>, das an der Regulierung einer Vielzahl von Funktionen beteiligt ist, einschlie\u00dflich Schlaf, Appetit, Schmerz und Immunantwort.<\/p>\n<p>Der K\u00f6rper produziert Endocannabinoide, die Neurotransmitter sind, die an Cannabinoid-Rezeptoren im Nervensystem binden. Studien haben gezeigt, dass CBD chronische Schmerzen lindern kann, indem es die Aktivit\u00e4t von Endocannabinoid-Rezeptoren beeinflusst, Entz\u00fcndungen reduziert und mit Neurotransmittern interagiert.<\/p>\n<p>Zum Beispiel zeigte eine Studie an Ratten, dass CBD-Injektionen die Schmerzreaktion auf chirurgische Einschnitte reduzierten, w\u00e4hrend eine andere Rattenstudie ergab, dass eine orale CBD-Behandlung Schmerzen und Entz\u00fcndungen des Ischiasnervs signifikant verringerte. Mehrere Humanstudien haben gezeigt, dass eine Kombination aus CBD und THC wirksam bei der Behandlung von Schmerzen im Zusammenhang mit Multipler Sklerose und Arthritis ist. <a href=\"https:\/\/deligentman.com\/\" target=\"_blank\" rel=\"noopener\">mail order weed uk<\/a>.<\/p>\n<p>Ein orales Spray namens Sativex, eine Kombination aus THC und CBD, ist in mehreren L\u00e4ndern zur Behandlung von Schmerzen bei Multipler Sklerose zugelassen. Eine Studie mit 47 Personen mit Multipler Sklerose untersuchte die Auswirkungen der Einnahme von Sativex \u00fcber einen Monat. Die Teilnehmer berichteten von Verbesserungen bei Schmerzen, Gehen und Muskelkr\u00e4mpfen. Allerdings enthielt die Studie keine Kontrollgruppe, und Placeboeffekte k\u00f6nnen nicht ausgeschlossen werden. Eine andere Studie zeigte, dass Sativex bei 58 Personen mit rheumatoider Arthritis die Schmerzen bei Bewegung, die Schmerzen in Ruhe und die Schlafqualit\u00e4t signifikant verbesserte.<\/p>\n<p>kingpen oil, buy online, 710 kingpen vape pen, 710 cartridge, 710 king pen battery kit for sale, best vape pen for kingpen cartridges, buy vape carts, gelato kingpen, Buy Kingpen Vape Cartridges,<\/p>","protected":false},"excerpt":{"rendered":"<p>BUY 710 KINGPEN VAPE-CARTRIDGES UK ONLINE DELIVERY CHEAP EUROPE Looking to Buy 710 kingpen vape cartridges online. or 710 kingpen vape pen delivery?. The 710 KingPen\u00a0is LoudPack Extracts personal marijuana \/ THC vaporizer, or \u201cVape Pen\u201d. This device has gained popularity in recent years, as tobacco products take on a similar look-and-feel with their version [&hellip;]<\/p>","protected":false},"featured_media":1476,"comment_status":"closed","ping_status":"closed","template":"","meta":{"_uag_custom_page_level_css":"","site-sidebar-layout":"default","site-content-layout":"","ast-site-content-layout":"default","site-content-style":"default","site-sidebar-style":"default","ast-global-header-display":"","ast-banner-title-visibility":"","ast-main-header-display":"","ast-hfb-above-header-display":"","ast-hfb-below-header-display":"","ast-hfb-mobile-header-display":"","site-post-title":"","ast-breadcrumbs-content":"","ast-featured-img":"","footer-sml-layout":"","ast-disable-related-posts":"","theme-transparent-header-meta":"","adv-header-id-meta":"","stick-header-meta":"","header-above-stick-meta":"","header-main-stick-meta":"","header-below-stick-meta":"","astra-migrate-meta-layouts":"default","ast-page-background-enabled":"default","ast-page-background-meta":{"desktop":{"background-color":"var(--ast-global-color-5)","background-image":"","background-repeat":"repeat","background-position":"center center","background-size":"auto","background-attachment":"scroll","background-type":"","background-media":"","overlay-type":"","overlay-color":"","overlay-opacity":"","overlay-gradient":""},"tablet":{"background-color":"","background-image":"","background-repeat":"repeat","background-position":"center center","background-size":"auto","background-attachment":"scroll","background-type":"","background-media":"","overlay-type":"","overlay-color":"","overlay-opacity":"","overlay-gradient":""},"mobile":{"background-color":"","background-image":"","background-repeat":"repeat","background-position":"center center","background-size":"auto","background-attachment":"scroll","background-type":"","background-media":"","overlay-type":"","overlay-color":"","overlay-opacity":"","overlay-gradient":""}},"ast-content-background-meta":{"desktop":{"background-color":"var(--ast-global-color-4)","background-image":"","background-repeat":"repeat","background-position":"center center","background-size":"auto","background-attachment":"scroll","background-type":"","background-media":"","overlay-type":"","overlay-color":"","overlay-opacity":"","overlay-gradient":""},"tablet":{"background-color":"var(--ast-global-color-4)","background-image":"","background-repeat":"repeat","background-position":"center center","background-size":"auto","background-attachment":"scroll","background-type":"","background-media":"","overlay-type":"","overlay-color":"","overlay-opacity":"","overlay-gradient":""},"mobile":{"background-color":"var(--ast-global-color-4)","background-image":"","background-repeat":"repeat","background-position":"center center","background-size":"auto","background-attachment":"scroll","background-type":"","background-media":"","overlay-type":"","overlay-color":"","overlay-opacity":"","overlay-gradient":""}}},"product_brand":[],"product_cat":[114],"product_tag":[272,273,274,275,276,277,278,279,280,281,282,283,284,245,285,286,287,288,289],"class_list":{"0":"post-1449","1":"product","2":"type-product","3":"status-publish","4":"has-post-thumbnail","6":"product_cat-wholesale-vape-cartridges-online","7":"product_tag-710-cartridge","8":"product_tag-710-king-pen-battery-kit-for-sale","9":"product_tag-710-kingpen-vape-pen","10":"product_tag-best-vape-pen-for-kingpen-cartridges","11":"product_tag-buy-cannabis-online","12":"product_tag-buy-kingpen-vape-cartridges","13":"product_tag-buy-online","14":"product_tag-buy-vape-cartridges-uk","15":"product_tag-buy-vape-carts","16":"product_tag-cannabis-online-in-the-uk","17":"product_tag-gelato-kingpen","18":"product_tag-get-cannabis","19":"product_tag-kingpen-oil","20":"product_tag-mail-order-weed-uk","21":"product_tag-order-weed-online-ireland","22":"product_tag-we-deliver-fast-using-next-day-delivery","23":"product_tag-weed-for-sale-in-uk","24":"product_tag-weed-supermarket-buy-cannabis-online-uk","25":"product_tag-you-can-order-weed","26":"desktop-align-center","27":"tablet-align-left","28":"mobile-align-left","30":"first","31":"instock","32":"sale","33":"shipping-taxable","34":"purchasable","35":"product-type-variable"},"uagb_featured_image_src":{"full":["https:\/\/caliweedeurope.com\/wp-content\/uploads\/2024\/11\/Buy-710-Kingpen-Vape-Cartridges.jpg",1080,1080,false],"thumbnail":["https:\/\/caliweedeurope.com\/wp-content\/uploads\/2024\/11\/Buy-710-Kingpen-Vape-Cartridges-150x150.jpg",150,150,true],"medium":["https:\/\/caliweedeurope.com\/wp-content\/uploads\/2024\/11\/Buy-710-Kingpen-Vape-Cartridges-300x300.jpg",300,300,true],"medium_large":["https:\/\/caliweedeurope.com\/wp-content\/uploads\/2024\/11\/Buy-710-Kingpen-Vape-Cartridges-768x768.jpg",768,768,true],"large":["https:\/\/caliweedeurope.com\/wp-content\/uploads\/2024\/11\/Buy-710-Kingpen-Vape-Cartridges-1024x1024.jpg",1024,1024,true],"1536x1536":["https:\/\/caliweedeurope.com\/wp-content\/uploads\/2024\/11\/Buy-710-Kingpen-Vape-Cartridges.jpg",1080,1080,false],"2048x2048":["https:\/\/caliweedeurope.com\/wp-content\/uploads\/2024\/11\/Buy-710-Kingpen-Vape-Cartridges.jpg",1080,1080,false],"trp-custom-language-flag":["https:\/\/caliweedeurope.com\/wp-content\/uploads\/2024\/11\/Buy-710-Kingpen-Vape-Cartridges.jpg",12,12,false],"woocommerce_thumbnail":["https:\/\/caliweedeurope.com\/wp-content\/uploads\/2024\/11\/Buy-710-Kingpen-Vape-Cartridges-300x300.jpg",300,300,true],"woocommerce_single":["https:\/\/caliweedeurope.com\/wp-content\/uploads\/2024\/11\/Buy-710-Kingpen-Vape-Cartridges-600x600.jpg",600,600,true],"woocommerce_gallery_thumbnail":["https:\/\/caliweedeurope.com\/wp-content\/uploads\/2024\/11\/Buy-710-Kingpen-Vape-Cartridges-100x100.jpg",100,100,true]},"uagb_author_info":{"display_name":"jetskiforsaleuk@gmail.com","author_link":"https:\/\/caliweedeurope.com\/de\/author\/"},"uagb_comment_info":0,"uagb_excerpt":"BUY 710 KINGPEN VAPE-CARTRIDGES UK ONLINE DELIVERY CHEAP EUROPE Looking to Buy 710 kingpen vape cartridges online. or 710 kingpen vape pen delivery?. The 710 KingPen\u00a0is LoudPack Extracts personal marijuana \/ THC vaporizer, or \u201cVape Pen\u201d. This device has gained popularity in recent years, as tobacco products take on a similar look-and-feel with their version&hellip;","_links":{"self":[{"href":"https:\/\/caliweedeurope.com\/de\/wp-json\/wp\/v2\/product\/1449"}],"collection":[{"href":"https:\/\/caliweedeurope.com\/de\/wp-json\/wp\/v2\/product"}],"about":[{"href":"https:\/\/caliweedeurope.com\/de\/wp-json\/wp\/v2\/types\/product"}],"replies":[{"embeddable":true,"href":"https:\/\/caliweedeurope.com\/de\/wp-json\/wp\/v2\/comments?post=1449"}],"wp:featuredmedia":[{"embeddable":true,"href":"https:\/\/caliweedeurope.com\/de\/wp-json\/wp\/v2\/media\/1476"}],"wp:attachment":[{"href":"https:\/\/caliweedeurope.com\/de\/wp-json\/wp\/v2\/media?parent=1449"}],"wp:term":[{"taxonomy":"product_brand","embeddable":true,"href":"https:\/\/caliweedeurope.com\/de\/wp-json\/wp\/v2\/product_brand?post=1449"},{"taxonomy":"product_cat","embeddable":true,"href":"https:\/\/caliweedeurope.com\/de\/wp-json\/wp\/v2\/product_cat?post=1449"},{"taxonomy":"product_tag","embeddable":true,"href":"https:\/\/caliweedeurope.com\/de\/wp-json\/wp\/v2\/product_tag?post=1449"}],"curies":[{"name":"wp","href":"https:\/\/api.w.org\/{rel}","templated":true}]}}