{"id":1454,"date":"2024-11-03T21:33:04","date_gmt":"2024-11-03T21:33:04","guid":{"rendered":"https:\/\/caliweedeurope.com\/?post_type=product&#038;p=1454"},"modified":"2024-11-03T21:33:26","modified_gmt":"2024-11-03T21:33:26","slug":"buy-acdc-marijuana-strain","status":"publish","type":"product","link":"https:\/\/caliweedeurope.com\/de\/product\/buy-acdc-marijuana-strain\/","title":{"rendered":"Kaufen Sie ACDC Marihuanastamm"},"content":{"rendered":"<h1>Kaufen Sie ACDC Marihuanastamm \u2013 Buy weed Europe<\/h1>\n<p>Kaufen Sie ACDC Gras in Europa, Gro\u00dfbritannien, USA, genauso tr\u00f6stlich und belebend wie das H\u00f6ren einiger Ihrer Lieblingstitel, der <a href=\"https:\/\/www.leafly.com\/strains\/acdc\" target=\"_blank\" rel=\"noopener noreferrer\">ACDC<\/a>\u00a0die Sorte wird Sie ebenfalls revitalisieren und bereit machen, loszulegen. Sie hat einen sehr hohen CBD-Gehalt und wurde als eine der besten CBD-reichen Sorten f\u00fcr medizinische Anwendungen gew\u00e4hlt. ACDC kann bei allem M\u00f6glichen helfen, von Nervenschmerzen und MS bis hin zu Epilepsie und PTSD. Und das alles mit nahezu keinen psychoaktiven Effekten. W\u00e4hrend sie keine psychoaktiven Effekte hervorrufen, sind CBD-reiche Cannabis-Sorten wie ACDC aufgrund ihrer nicht berauschenden, 100% nat\u00fcrlichen Therapieform sehr gefragt.<\/p>\n<p>ACDC geh\u00f6rt zu den seltenen Sorten von\u00a0<a href=\"https:\/\/www.bonzaseeds.com\/blog\/different-types-cannabis-plants\/\" target=\"_blank\" rel=\"noopener noreferrer\">cannabis<\/a> die den Nutzern den Rausch bieten, ohne psychoaktive Effekte. Mit dieser Sorte gibt es keine psychedelischen Erfahrungen oder narkotischen Steine. Sie gl\u00e4nzt in ihrer medizinischen Anwendung. Daher denken einige, dass sie als Nahrungserg\u00e4nzungsmittel betrachtet werden kann. Kaufen Sie die ACDC-Sorte oder Samen, die bei Schmerzen, Angstzust\u00e4nden, Schlafproblemen und Depressionen helfen, in gro\u00dfen Mengen aus einer echten Online-Dispensary mit kostenlosem Overnight-Versand in Europa. K\u00f6nnen Sie Gras in Georgia kaufen? Wo kann man Gras in Georgia kaufen? Kaufen Sie Gras in Irland, kaufen Sie eine Gras-Pfeife in Irland, der beste Ort, um Gras in Irland zu kaufen.<\/p>\n<div class=\"css-63oe3q\">\n<div class=\"css-63oe3q\"><\/div>\n<\/p><\/div>\n<h2><strong>Cannabis Zum Verkauf Online \u2013 Medizinisches Cannabis Zum Verkauf \u2013 ACDC Weed Strain Kaufen<\/strong><\/h2>\n<p>ACDC hat mehrere Auszeichnungen und Anerkennungen erhalten. In einer Welt, in der die meisten Menschen Cannabis in Bezug auf Potenz betrachten, ist dieses das Gegenteil. Es enth\u00e4lt bis zu 24 % CBD, was es zu einer effektiven Behandlung f\u00fcr Krampfanf\u00e4lle und Epilepsie macht.<\/p>\n<p>Obwohl viele Marihuanasorten darauf ausgelegt sind, dich high zu machen,\u00a0<strong>einige gute Lacher haben<\/strong>, und 'passt' eure Gehirnchemie so an, dass ihr das Leben nicht so ernst nehmt, gibt es ein Reich medizinischen Topfes, dessen einziger Zweck es ist, den K\u00f6rper und Geist zu heilen \u2013 ohne psychoaktive Effekte.<\/p>\n<p>Diese Cannabissorten sind eine relativ neue Kreation, da sie erst an Bedeutung gewannen, als die Menschen erkannten, dass hohe CBD-Werte tiefgreifende therapeutische Ergebnisse liefern k\u00f6nnen, ohne nahezu einen Rausch zu erzeugen. Tats\u00e4chlich haben in den letzten Jahren viele Menschen Z\u00fcchter gebeten, Sorten mit einem hohen CBD-Anteil zu entwickeln, aus genau diesen Gr\u00fcnden. ACDC hat in der Cannabisszene hervorragende Anerkennung erhalten und sogar einen Cannabis Cup f\u00fcr seine therapeutischen, nicht berauschenden Effekte gewonnen.<\/p>\n<h2 class=\"translation-block\">ACDC Marihuana-Sorte: Anbau-Info \u2013 Kann<strong> ich Weed Online in Europa kaufen?<\/strong><\/h2>\n<p>ACDC Gras ist eine mittelgro\u00dfe Pflanze, die in der Regel h\u00f6chstens etwa vier Fu\u00df gro\u00df wird. Ihre Pflanzenstruktur \u00e4hnelt der traditionellen \u201eSkunk\u201c-Sorten, mit Knospen, die sich in gro\u00dfen B\u00fcscheln, sogenannten Colas, zusammenfassen. Die meisten w\u00fcrden zustimmen, dass ACDC Gras ziemlich schwierig zu z\u00fcchten ist und viel Pflege f\u00fcr eine erfolgreiche Ernte erfordert. Die Pflanze ben\u00f6tigt enorme Unterst\u00fctzung, beginnend mit einer Art Plattform, an der sie sich festhalten kann, damit sie einen starken St\u00e4ngel und Zweige entwickeln kann.<\/p>\n<p class=\"translation-block\">ACDC verfolgt seine Abstammung von <a href=\"https:\/\/www.bonzaseeds.com\/blog\/cannatonic\/\" target=\"_blank\" rel=\"noopener noreferrer\">CannaTonic<\/a>. Aus dieser Sorte w\u00e4hlte NorStar Genetics sorgf\u00e4ltig ein Ph\u00e4notyp aus. Dann kreuzten sie ihn mit einer Cannabis <a href=\"https:\/\/www.bonzaseeds.com\/blog\/different-types-cannabis-plants\/\" target=\"_blank\" rel=\"noopener noreferrer\">Ruderalis<\/a> Pflanze. Im Wesentlichen hat der Z\u00fcchter eine bessere Version der urspr\u00fcnglichen Elternsorte geschaffen, die viel weniger THC, aber mehr CBD enth\u00e4lt.<\/p>\n<p>acdc strain allbud, acdc strain seeds, acdc strain edibles, acdc cbd oil online, cannatonic strain, acdc strain for sale, ac dc cbd oil for sale, ac dc strain information, ac dc greatest hits, ac dc strain marijuana, acdc strain seeds, acdc strain oil, acdc strain near me, acdc cbd oil online, cbd strains, Ac Dc Strain Info, Acdc Flower Strain, Ac Dc Cbd Oil For Sale, Acdc Cookie Strain, All Marijuana Strain List A Z, Cannabis Strains Guide Chart, Ac Dc Cbd Oil, Complete List Of Marijuana Strains, Ac Dc Cbd Hemp Flower, Acdc Flower Strain, Acdc Strain For Sale, Ac Dc Cbd Flower, Acdc Hemp Flowers For Sale, Acdc Weed Strain For Sale, Buy Acdc Flower<\/p>","protected":false},"excerpt":{"rendered":"<p><b>Kaufen Sie ACDC Marihuanastamm\u00a0<a href=\"https:\/\/www.wikileaf.com\/strain\/acdc\/\">acdc<\/a>\u00a0Strain zum Verkauf in Europa wird zur Behandlung von Schmerzen, Angstzust\u00e4nden, Schlaflosigkeit und Depressionen verwendet. Suchen Sie nach Gro\u00dfh\u00e4ndlern f\u00fcr ACDC-Cannabis in Europa mit kostenloser Lieferung \u00fcber Nacht?<\/b>\u00a0 Sie k\u00f6nnen in Europa Weed kaufen. Beste Qualit\u00e4t &amp; exzellente Lieferdienste. Kundenzufriedenheit hat f\u00fcr uns h\u00f6chste Priorit\u00e4t. Wir haben ein hervorragend geschultes Verpackungsteam, das auf diskrete Verpackung spezialisiert ist, bei der alle Ger\u00fcche und andere Faktoren gut ber\u00fccksichtigt werden. Wir bieten eine 7-t\u00e4gige Geld-zur\u00fcck-Garantie auf alle Bestellungen, wenn die Bestellung verloren geht oder nicht erhalten wird. F\u00fcllen Sie das Formular unten aus, wenn Sie eine Mischbestellung aufgeben oder den Preis f\u00fcr Gro\u00dfbestellungen (ab 5 Pfund) verhandeln m\u00f6chten. Besuchen Sie unsere FAQ-Seite f\u00fcr weitere Details oder nutzen Sie unseren Online-Chat, wenn Sie weitere Hilfe ben\u00f6tigen.<\/p>","protected":false},"featured_media":1478,"comment_status":"closed","ping_status":"closed","template":"","meta":{"_uag_custom_page_level_css":"","site-sidebar-layout":"default","site-content-layout":"","ast-site-content-layout":"","site-content-style":"default","site-sidebar-style":"default","ast-global-header-display":"","ast-banner-title-visibility":"","ast-main-header-display":"","ast-hfb-above-header-display":"","ast-hfb-below-header-display":"","ast-hfb-mobile-header-display":"","site-post-title":"","ast-breadcrumbs-content":"","ast-featured-img":"","footer-sml-layout":"","theme-transparent-header-meta":"","adv-header-id-meta":"","stick-header-meta":"","header-above-stick-meta":"","header-main-stick-meta":"","header-below-stick-meta":"","astra-migrate-meta-layouts":"default","ast-page-background-enabled":"default","ast-page-background-meta":{"desktop":{"background-color":"var(--ast-global-color-4)","background-image":"","background-repeat":"repeat","background-position":"center center","background-size":"auto","background-attachment":"scroll","background-type":"","background-media":"","overlay-type":"","overlay-color":"","overlay-opacity":"","overlay-gradient":""},"tablet":{"background-color":"","background-image":"","background-repeat":"repeat","background-position":"center center","background-size":"auto","background-attachment":"scroll","background-type":"","background-media":"","overlay-type":"","overlay-color":"","overlay-opacity":"","overlay-gradient":""},"mobile":{"background-color":"","background-image":"","background-repeat":"repeat","background-position":"center center","background-size":"auto","background-attachment":"scroll","background-type":"","background-media":"","overlay-type":"","overlay-color":"","overlay-opacity":"","overlay-gradient":""}},"ast-content-background-meta":{"desktop":{"background-color":"var(--ast-global-color-5)","background-image":"","background-repeat":"repeat","background-position":"center center","background-size":"auto","background-attachment":"scroll","background-type":"","background-media":"","overlay-type":"","overlay-color":"","overlay-opacity":"","overlay-gradient":""},"tablet":{"background-color":"var(--ast-global-color-5)","background-image":"","background-repeat":"repeat","background-position":"center center","background-size":"auto","background-attachment":"scroll","background-type":"","background-media":"","overlay-type":"","overlay-color":"","overlay-opacity":"","overlay-gradient":""},"mobile":{"background-color":"var(--ast-global-color-5)","background-image":"","background-repeat":"repeat","background-position":"center center","background-size":"auto","background-attachment":"scroll","background-type":"","background-media":"","overlay-type":"","overlay-color":"","overlay-opacity":"","overlay-gradient":""}}},"product_brand":[],"product_cat":[22,228],"product_tag":[290,291,292,276,293,294,295,296,297,281,283,245,285,286,287,288,298,289],"class_list":{"0":"post-1454","1":"product","2":"type-product","3":"status-publish","4":"has-post-thumbnail","6":"product_cat-hybrid","7":"product_cat-indica","8":"product_tag-an-you-buy-weed-in-ga","9":"product_tag-best-place-to-buy-weed-ireland","10":"product_tag-buy-cannabis","11":"product_tag-buy-cannabis-online","12":"product_tag-buy-weed-france","13":"product_tag-buy-weed-germanay","14":"product_tag-buy-weed-ireland","15":"product_tag-buy-weed-pipe-ireland","16":"product_tag-buy-weed-poland","17":"product_tag-cannabis-online-in-the-uk","18":"product_tag-get-cannabis","19":"product_tag-mail-order-weed-uk","20":"product_tag-order-weed-online-ireland","21":"product_tag-we-deliver-fast-using-next-day-delivery","22":"product_tag-weed-for-sale-in-uk","23":"product_tag-weed-supermarket-buy-cannabis-online-uk","24":"product_tag-where-can-i-buy-weed-in-ga","25":"product_tag-you-can-order-weed","26":"desktop-align-center","27":"tablet-align-left","28":"mobile-align-left","30":"first","31":"instock","32":"sale","33":"shipping-taxable","34":"purchasable","35":"product-type-variable"},"uagb_featured_image_src":{"full":["https:\/\/caliweedeurope.com\/wp-content\/uploads\/2024\/11\/89348954-340894593489.jpeg",937,1171,false],"thumbnail":["https:\/\/caliweedeurope.com\/wp-content\/uploads\/2024\/11\/89348954-340894593489-150x150.jpeg",150,150,true],"medium":["https:\/\/caliweedeurope.com\/wp-content\/uploads\/2024\/11\/89348954-340894593489-240x300.jpeg",240,300,true],"medium_large":["https:\/\/caliweedeurope.com\/wp-content\/uploads\/2024\/11\/89348954-340894593489-768x960.jpeg",768,960,true],"large":["https:\/\/caliweedeurope.com\/wp-content\/uploads\/2024\/11\/89348954-340894593489-819x1024.jpeg",819,1024,true],"1536x1536":["https:\/\/caliweedeurope.com\/wp-content\/uploads\/2024\/11\/89348954-340894593489.jpeg",937,1171,false],"2048x2048":["https:\/\/caliweedeurope.com\/wp-content\/uploads\/2024\/11\/89348954-340894593489.jpeg",937,1171,false],"trp-custom-language-flag":["https:\/\/caliweedeurope.com\/wp-content\/uploads\/2024\/11\/89348954-340894593489.jpeg",10,12,false],"woocommerce_thumbnail":["https:\/\/caliweedeurope.com\/wp-content\/uploads\/2024\/11\/89348954-340894593489-300x300.jpeg",300,300,true],"woocommerce_single":["https:\/\/caliweedeurope.com\/wp-content\/uploads\/2024\/11\/89348954-340894593489-600x750.jpeg",600,750,true],"woocommerce_gallery_thumbnail":["https:\/\/caliweedeurope.com\/wp-content\/uploads\/2024\/11\/89348954-340894593489-100x100.jpeg",100,100,true]},"uagb_author_info":{"display_name":"jetskiforsaleuk@gmail.com","author_link":"https:\/\/caliweedeurope.com\/de\/author\/"},"uagb_comment_info":0,"uagb_excerpt":"Buy ACDC Marijuana Strain,\u00a0acdc\u00a0strain for sale Europe is use for pain, anxiety, sleep, depression. Are you looking for\u00a0 bulk ACDC cannabis suppliers in Europe with free overnight delivery?.\u00a0 you can Buy Weed in Europe .Best quality &amp; delivery services are excellent. Customer satisfaction is our top priority. We\u2019ve got an excellent trained packaging team that&hellip;","_links":{"self":[{"href":"https:\/\/caliweedeurope.com\/de\/wp-json\/wp\/v2\/product\/1454"}],"collection":[{"href":"https:\/\/caliweedeurope.com\/de\/wp-json\/wp\/v2\/product"}],"about":[{"href":"https:\/\/caliweedeurope.com\/de\/wp-json\/wp\/v2\/types\/product"}],"replies":[{"embeddable":true,"href":"https:\/\/caliweedeurope.com\/de\/wp-json\/wp\/v2\/comments?post=1454"}],"wp:featuredmedia":[{"embeddable":true,"href":"https:\/\/caliweedeurope.com\/de\/wp-json\/wp\/v2\/media\/1478"}],"wp:attachment":[{"href":"https:\/\/caliweedeurope.com\/de\/wp-json\/wp\/v2\/media?parent=1454"}],"wp:term":[{"taxonomy":"product_brand","embeddable":true,"href":"https:\/\/caliweedeurope.com\/de\/wp-json\/wp\/v2\/product_brand?post=1454"},{"taxonomy":"product_cat","embeddable":true,"href":"https:\/\/caliweedeurope.com\/de\/wp-json\/wp\/v2\/product_cat?post=1454"},{"taxonomy":"product_tag","embeddable":true,"href":"https:\/\/caliweedeurope.com\/de\/wp-json\/wp\/v2\/product_tag?post=1454"}],"curies":[{"name":"wp","href":"https:\/\/api.w.org\/{rel}","templated":true}]}}