{"id":1466,"date":"2024-11-03T21:33:05","date_gmt":"2024-11-03T21:33:05","guid":{"rendered":"https:\/\/caliweedeurope.com\/?post_type=product&#038;p=1466"},"modified":"2024-11-03T21:33:51","modified_gmt":"2024-11-03T21:33:51","slug":"biscotti","status":"publish","type":"product","link":"https:\/\/caliweedeurope.com\/de\/product\/biscotti\/","title":{"rendered":"Biscotti"},"content":{"rendered":"<h2>Kaufe Biscotti-Sorten-Genetik online<\/h2>\n<p><span class=\"pirate_article\">Kaufe Biscotti-Sorten-Genetik online. Diese Sorte wurde von Cookies Fam kreiert. Sie behaupten, die Pioniere vieler dieser au\u00dfergew\u00f6hnlich starken Sorten zu sein, und es ist schwer, ihnen zu widersprechen. Biscotti ist eine Kreuzung zwischen:<br \/> <\/span><\/p>\n<ul>\n<li>Gelato #25<\/li>\n<li>Girl Scout Cookies<\/li>\n<li>Gorilla Glue #4<br \/> Obwohl es schwer zu sagen ist, ob das komplett korrekt ist, da einige Leute sagen, es sei Gelato x South Florida OG, ist es definitiv eine dieser Kombinationen. Gelato ist an sich schon eine \"dankenstein\"-Sorte, und Gorilla Glue #4 sowie Girl Scout Cookies geh\u00f6ren zu den bekanntesten danken Sorten der Welt. Biscotti ist eine ultimative Sorte mit wahrscheinlich einem der besten Geschmacksprofile in der Branche.<\/li>\n<\/ul>\n<p><span class=\"pirate_article\">Das ist der wahre Knaller. Leider sind die Samen nicht online erh\u00e4ltlich, und im Allgemeinen ist der Strain au\u00dfergew\u00f6hnlich selten, daher ist der Preis sehr hoch. In Amsterdam liegt der Preis wahrscheinlich bei mindestens 40 $ pro Gramm. In Nordamerika wird es etwas g\u00fcnstiger sein, aber immer noch keineswegs billig. Ein Gramm wird in einem Dispensary in Kalifornien mindestens 25 $ kosten. Aufgrund seiner St\u00e4rke ist es jedoch wahrscheinlich den Preis wert.<\/span><\/p>\n<p>BISCOTTI WEED STRAIN GESCHMACK<\/p>\n<ol>\n<li>Fruchtig<\/li>\n<li>Nussig<\/li>\n<li>Gew\u00fcrzig<\/li>\n<li>Zuckrig<\/li>\n<li>S\u00fc\u00df<\/li>\n<\/ol>\n<p><span class=\"pirate_article\">Biscotti ist definitiv eine Sorte, die du in einem Bl\u00fctenvaporizer erleben m\u00f6chtest. Obwohl es auch eine dieser Sorten ist, die gut schmecken, egal wie du sie rauchst, lohnt es sich definitiv, deinen zuverl\u00e4ssigen Bl\u00fctenvaporizer f\u00fcr diese zu nutzen. Es ist einfach eine der am besten schmeckenden Sorten, die derzeit auf dem Markt erh\u00e4ltlich sind, und durch Verbrennung wird der Geschmack nur leicht ruiniert. Mit einem Vaporizer gibt es keine Verbrennung, wodurch das elegante Geschmacksprofil von Biscotti erhalten bleibt. Wenn du das Weed au\u00dferdem zuerst mahlst, wird es im Vaporizer noch besser schmecken.<\/span><\/p>\n<h5><strong>WACHS, SHATTER, EDIBLES USW.\u00a0<\/strong><\/h5>\n<p><span class=\"pirate_article\">Jede Sorte kann in Wachs oder \u00d6l umgewandelt werden. Es ist kein einfacher Prozess, aber technisch gesehen kannst du Butan-Hasch\u00f6l aus jeder Sorte zu Hause herstellen. Es wird als gef\u00e4hrlich angesehen, also bitte sei \u00e4u\u00dferst vorsichtig, wenn du es versuchst. Wenn du es schaffst, genug von dieser Sorte zu finden, um sie in ein Konzentrat umzuwandeln, wirst du verstehen, warum Menschen solche Sorten w\u00e4hlen. Im Grunde genommen werden Sorten aufgrund ihres Geschmacks und ihrer Potenz ausgew\u00e4hlt. Biscotti, wie wir bereits gesehen haben, hat beides. Das macht es zu einer ausgezeichneten Wahl f\u00fcr die Herstellung von Konzentraten.<\/span><\/p>\n<h3>Details zu Biscotti Weed<\/h3>\n<p>Die Cookies-Genetik hat ihre Wurzeln in vielen der besten Sorten auf den Regalen. Viele Sorten haben ihre Genetik und du wei\u00dft es vielleicht nicht einmal. Beachte also, dass die Biscotti Weed-Sorte eine klassische Cookies-Kreuzung einer s\u00fcdlichen OG-Sorte ist: Gelato #25 gekreuzt mit South Florida OG.<\/p>\n<p>Im Klarie Canna Care Dispensary bieten wir die besten Marihuana-Sorten und verwandte Produkte wie Cannabis\u00f6le, Moonrocks, Vape-Pen-Patronen, Edibles, Konzentrate, Haschisch, Harley Twin, Strawberry Lemonade, Sour Jack, Grease Monkey, Orange Kush, Pineapple Kush, Skywalker Indica, White Widow, Tom Ford, Diablo OG Kush, Biscotti Cookies, Nice Cream Weed an. Besuchen Sie uns <a href=\"https:\/\/deligentman.com\/\" target=\"_blank\" rel=\"noopener\">deligentman.com<\/a><\/p>\n<p>Kaufen Sie Gras online in den Vereinigten Staaten, kaufen Sie Gras online in Gro\u00dfbritannien, kaufen Sie Gras online in Irland, kaufen Sie Gras online in der Schweiz, kaufen Sie Gras online in Australien, kaufen Sie Gras online in Italien, kaufen Sie Gras online in D\u00e4nemark, kaufen Sie Gras online in der Europ\u00e4ischen Union, kaufen Sie Gras online in Frankreich, kaufen Sie Gras online in Deutschland, kaufen Sie Gras online in Belgien, kaufen Sie Gras online in Polen, kaufen Sie Gras online in Lettland, kaufen Sie Gras online in Israel, kaufen Sie Gras online in der T\u00fcrkei, kaufen Sie Gras online in Jersey, kaufen Sie Gras online in China, kaufen Sie Gras online in der Ukraine, kaufen Sie Gras online in Ungarn, kaufen Sie Gras online in Schweden, kaufen Sie Gras online in Japan, kaufen Sie Gras online in Spanien, kaufen Sie Gras online in Russland, kaufen Sie Gras online in Kroatien, kaufen Sie Gras online in Guam, kaufen Sie Gras online in Guernsey.<\/p>","protected":false},"excerpt":{"rendered":"<p>Die\u00a0<b>Biscotti-Sorte<\/b>\u00a0ist ein klassisches Cookies-Cross, das mit einer s\u00fcdlichen OG-Sorte gekreuzt wurde\u00a0<b>strain<\/b>: Gelato #25 gekreuzt mit South Florida OG. ... Cookies Family Genetik sind daf\u00fcr bekannt, potente Indica-Hybriden zu sein, die s\u00fc\u00dfe und exotische Aromen haben. Girl Scout Cookies ist das Original unter den Keksen <b>strain<\/b>.<\/p>","protected":false},"featured_media":1502,"comment_status":"closed","ping_status":"closed","template":"","meta":{"_uag_custom_page_level_css":"","site-sidebar-layout":"default","site-content-layout":"","ast-site-content-layout":"","site-content-style":"default","site-sidebar-style":"default","ast-global-header-display":"","ast-banner-title-visibility":"","ast-main-header-display":"","ast-hfb-above-header-display":"","ast-hfb-below-header-display":"","ast-hfb-mobile-header-display":"","site-post-title":"","ast-breadcrumbs-content":"","ast-featured-img":"","footer-sml-layout":"","theme-transparent-header-meta":"","adv-header-id-meta":"","stick-header-meta":"","header-above-stick-meta":"","header-main-stick-meta":"","header-below-stick-meta":"","astra-migrate-meta-layouts":"default","ast-page-background-enabled":"default","ast-page-background-meta":{"desktop":{"background-color":"var(--ast-global-color-4)","background-image":"","background-repeat":"repeat","background-position":"center center","background-size":"auto","background-attachment":"scroll","background-type":"","background-media":"","overlay-type":"","overlay-color":"","overlay-opacity":"","overlay-gradient":""},"tablet":{"background-color":"","background-image":"","background-repeat":"repeat","background-position":"center center","background-size":"auto","background-attachment":"scroll","background-type":"","background-media":"","overlay-type":"","overlay-color":"","overlay-opacity":"","overlay-gradient":""},"mobile":{"background-color":"","background-image":"","background-repeat":"repeat","background-position":"center center","background-size":"auto","background-attachment":"scroll","background-type":"","background-media":"","overlay-type":"","overlay-color":"","overlay-opacity":"","overlay-gradient":""}},"ast-content-background-meta":{"desktop":{"background-color":"var(--ast-global-color-5)","background-image":"","background-repeat":"repeat","background-position":"center center","background-size":"auto","background-attachment":"scroll","background-type":"","background-media":"","overlay-type":"","overlay-color":"","overlay-opacity":"","overlay-gradient":""},"tablet":{"background-color":"var(--ast-global-color-5)","background-image":"","background-repeat":"repeat","background-position":"center center","background-size":"auto","background-attachment":"scroll","background-type":"","background-media":"","overlay-type":"","overlay-color":"","overlay-opacity":"","overlay-gradient":""},"mobile":{"background-color":"var(--ast-global-color-5)","background-image":"","background-repeat":"repeat","background-position":"center center","background-size":"auto","background-attachment":"scroll","background-type":"","background-media":"","overlay-type":"","overlay-color":"","overlay-opacity":"","overlay-gradient":""}}},"product_brand":[],"product_cat":[228],"product_tag":[201,202,203,204,205,206,207,208,209,210,211,212,213,214,215,216,217,218,219,220,221,222,223,224,225,226],"class_list":{"0":"post-1466","1":"product","2":"type-product","3":"status-publish","4":"has-post-thumbnail","6":"product_cat-indica","7":"product_tag-buy-weed-online-in-australia","8":"product_tag-buy-weed-online-in-belgium","9":"product_tag-buy-weed-online-in-britain","10":"product_tag-buy-weed-online-in-china","11":"product_tag-buy-weed-online-in-croatia","12":"product_tag-buy-weed-online-in-denmark","13":"product_tag-buy-weed-online-in-european-union","14":"product_tag-buy-weed-online-in-france","15":"product_tag-buy-weed-online-in-germany","16":"product_tag-buy-weed-online-in-guam","17":"product_tag-buy-weed-online-in-guernsey","18":"product_tag-buy-weed-online-in-hungary","19":"product_tag-buy-weed-online-in-ireland","20":"product_tag-buy-weed-online-in-israel","21":"product_tag-buy-weed-online-in-italy","22":"product_tag-buy-weed-online-in-japan","23":"product_tag-buy-weed-online-in-jersey","24":"product_tag-buy-weed-online-in-latvia","25":"product_tag-buy-weed-online-in-poland","26":"product_tag-buy-weed-online-in-russia","27":"product_tag-buy-weed-online-in-spain","28":"product_tag-buy-weed-online-in-sweeden","29":"product_tag-buy-weed-online-in-switzerland","30":"product_tag-buy-weed-online-in-turkey","31":"product_tag-buy-weed-online-in-ukraine","32":"product_tag-buy-weed-online-united-states","33":"desktop-align-center","34":"tablet-align-left","35":"mobile-align-left","37":"first","38":"instock","39":"shipping-taxable","40":"purchasable","41":"product-type-variable"},"uagb_featured_image_src":{"full":["https:\/\/caliweedeurope.com\/wp-content\/uploads\/2024\/11\/treegod415_53405499_427674184643905_7221474027484783232_n.jpg",1080,1350,false],"thumbnail":["https:\/\/caliweedeurope.com\/wp-content\/uploads\/2024\/11\/treegod415_53405499_427674184643905_7221474027484783232_n-150x150.jpg",150,150,true],"medium":["https:\/\/caliweedeurope.com\/wp-content\/uploads\/2024\/11\/treegod415_53405499_427674184643905_7221474027484783232_n-240x300.jpg",240,300,true],"medium_large":["https:\/\/caliweedeurope.com\/wp-content\/uploads\/2024\/11\/treegod415_53405499_427674184643905_7221474027484783232_n-768x960.jpg",768,960,true],"large":["https:\/\/caliweedeurope.com\/wp-content\/uploads\/2024\/11\/treegod415_53405499_427674184643905_7221474027484783232_n-819x1024.jpg",819,1024,true],"1536x1536":["https:\/\/caliweedeurope.com\/wp-content\/uploads\/2024\/11\/treegod415_53405499_427674184643905_7221474027484783232_n.jpg",1080,1350,false],"2048x2048":["https:\/\/caliweedeurope.com\/wp-content\/uploads\/2024\/11\/treegod415_53405499_427674184643905_7221474027484783232_n.jpg",1080,1350,false],"trp-custom-language-flag":["https:\/\/caliweedeurope.com\/wp-content\/uploads\/2024\/11\/treegod415_53405499_427674184643905_7221474027484783232_n.jpg",10,12,false],"woocommerce_thumbnail":["https:\/\/caliweedeurope.com\/wp-content\/uploads\/2024\/11\/treegod415_53405499_427674184643905_7221474027484783232_n-300x300.jpg",300,300,true],"woocommerce_single":["https:\/\/caliweedeurope.com\/wp-content\/uploads\/2024\/11\/treegod415_53405499_427674184643905_7221474027484783232_n-600x750.jpg",600,750,true],"woocommerce_gallery_thumbnail":["https:\/\/caliweedeurope.com\/wp-content\/uploads\/2024\/11\/treegod415_53405499_427674184643905_7221474027484783232_n-100x100.jpg",100,100,true]},"uagb_author_info":{"display_name":"jetskiforsaleuk@gmail.com","author_link":"https:\/\/caliweedeurope.com\/de\/author\/"},"uagb_comment_info":0,"uagb_excerpt":"The\u00a0Biscotti strain\u00a0is a Cookies classic crossed a southern OG\u00a0strain: Gelato #25 crossed with South Florida OG. \u2026 Cookies Family genetics are known to be potent Indica-hybrids that have sweet and exotic aromatics. Girl Scout Cookies is the original cookies strain.","_links":{"self":[{"href":"https:\/\/caliweedeurope.com\/de\/wp-json\/wp\/v2\/product\/1466"}],"collection":[{"href":"https:\/\/caliweedeurope.com\/de\/wp-json\/wp\/v2\/product"}],"about":[{"href":"https:\/\/caliweedeurope.com\/de\/wp-json\/wp\/v2\/types\/product"}],"replies":[{"embeddable":true,"href":"https:\/\/caliweedeurope.com\/de\/wp-json\/wp\/v2\/comments?post=1466"}],"wp:featuredmedia":[{"embeddable":true,"href":"https:\/\/caliweedeurope.com\/de\/wp-json\/wp\/v2\/media\/1502"}],"wp:attachment":[{"href":"https:\/\/caliweedeurope.com\/de\/wp-json\/wp\/v2\/media?parent=1466"}],"wp:term":[{"taxonomy":"product_brand","embeddable":true,"href":"https:\/\/caliweedeurope.com\/de\/wp-json\/wp\/v2\/product_brand?post=1466"},{"taxonomy":"product_cat","embeddable":true,"href":"https:\/\/caliweedeurope.com\/de\/wp-json\/wp\/v2\/product_cat?post=1466"},{"taxonomy":"product_tag","embeddable":true,"href":"https:\/\/caliweedeurope.com\/de\/wp-json\/wp\/v2\/product_tag?post=1466"}],"curies":[{"name":"wp","href":"https:\/\/api.w.org\/{rel}","templated":true}]}}