{"id":1488,"date":"2024-11-03T21:33:28","date_gmt":"2024-11-03T21:33:28","guid":{"rendered":"https:\/\/caliweedeurope.com\/?post_type=product&#038;p=1488"},"modified":"2024-11-03T21:34:15","modified_gmt":"2024-11-03T21:34:15","slug":"sour-diesel","status":"publish","type":"product","link":"https:\/\/caliweedeurope.com\/de\/product\/sour-diesel\/","title":{"rendered":"Sour Diesel"},"content":{"rendered":"<h1>Buy\u00a0<strong>Sour Diesel<\/strong>\u00a0Online<\/h1>\n<p>Sour Diesel ist eine der am h\u00e4ufigsten gerauchten Sativa-Sorten aller Zeiten. Wenn Sie noch nie von dieser Sorte geh\u00f6rt haben, leben Sie wahrscheinlich in einer H\u00f6hle in Afghanistan, oder jemand, den Sie kennen, hat sie bereits ausprobiert (und liebt sie wahrscheinlich). Die genaue Abstammung von Sour Diesel ist schwierig und sehr schlecht dokumentiert, wie es bei den meisten \u00e4lteren Sorten der Fall zu sein scheint.<\/p>\n<p>Einige glauben, dass die Sour Diesel-Sorte einfach von einem Ph\u00e4notyp von Chemdawg stammt, der etwas anders war und mehr zur Sativa-Seite neigte. Die beliebteste Abstammungstheorie besagt, dass der urspr\u00fcngliche Diesel das Ergebnis einer Kreuzung zwischen (Chemdawg x Super Skunk x Northern Lights) ist. Oft als \u201eSour D\u201c bezeichnet, erh\u00e4lt dieser \u00fcberwiegend sativa-dominante Hybrid (90 % Sativa, 10 % Indica) seinen einzigartigen Namen von dem fast dieselartigen und zitrusartigen Geruch, den er verstr\u00f6mt.<\/p>\n<p>Soweit ich wei\u00df, ist Sour Diesel nur in Klonform erh\u00e4ltlich, und es ist oft ziemlich schwer zu finden. Aufgrund dieser Knappheit des echten Sour Diesel gibt es viele Hybride, die versucht haben, das echte Sour Diesel-High nachzuahmen. Einige kommen nah dran, aber es gibt nichts wie das Original.<\/p>\n<h2><strong>Aussehen und Geruch von Sour Diesel<\/strong><\/h2>\n<p>Sour Diesel ist eine gro\u00dfe, d\u00fcnne Pflanze, die sowohl f\u00fcr Innen- als auch f\u00fcr Au\u00dfeng\u00e4rten geeignet ist. Ihr Laub verdunkelt sich in den letzten Wochen der Bl\u00fcte zu einer fast violetten Farbe. Die Bl\u00fcten zeigen oft pinke bis hellorangene Stempel, und die Form ist locker und lanzettlich.<\/p>\n<p>Alle Sour D, die ich jemals angebaut habe, hatten eine gro\u00dfe Cola mit 6-9 kleineren \u00c4sten.<\/p>\n<p>Der Duft ist sehr stark, fast \u00fcberw\u00e4ltigend, und dennoch irgendwie magnetisch. Das liegt daran, dass diese Sorte einen ausgepr\u00e4gten, stechenden, grasigen, diesellastigen, zitronigen Geruch hat, der mit einem aufregenden Energieschub gepaart ist. Da sie die dominante Sativa-Abstammung hat, kann man davon ausgehen, dass sie vorwiegend den Geist beeinflussen wird.<\/p>\n<h2><strong>Der Rauch<\/strong><\/h2>\n<p>Fans der Sorte verwenden Sour Diesel in der Regel als ihre erste Medikamentenquelle, um einen langen Tag zu beginnen \u2013 es wird dich wach und bereit zum Loslegen machen. Da es so sativa-dominant ist, wirkt Sour Diesel fast ausschlie\u00dflich auf die geistigen Funktionen. Es sollte keine Couch-Lock- oder schwere K\u00f6rpergef\u00fchle auftreten, wenn du das Original rauchst.<\/p>\n<p>Sour Diesel schmeckt genau so, wie es riecht: ein klassisches, funky Kraftstoffaroma. Und das ist der Grund, warum Sour D so ber\u00fchmt daf\u00fcr ist, leicht aus einer Reihe herauszuschn\u00fcffeln.<\/p>\n<p>Die Sorte ist so beliebt, weil der Rausch mit \u00fcber 20% THC und einer Dauer von 2-3 Stunden ziemlich unglaublich ist. Da sie so sativa-dominant ist, f\u00fcllt sie den K\u00f6rper und vor allem den Geist mit motivierender, erhebender Energie. Es ist ein klarer Stimmungsaufheller und ein Depressionen-zerschmetterer. In guter Stimmung zu sein, ist ein m\u00fcheloses und nat\u00fcrliches Gef\u00fchl, wenn man Sour Diesel erlebt.<\/p>\n<h2><strong>Insgesamt\u00a0<\/strong><\/h2>\n<p>Die erstaunliche Popularit\u00e4t von Sour Diesel ist kein Zufall und ist l\u00e4ngst kein Ph\u00e4nomen nur an der Ostk\u00fcste mehr. Die Sorte geh\u00f6rt zu den faszinierendsten Sorten in der Geschichte des Cannabis. Sie macht lustige Dinge noch viel lustiger; sie l\u00e4sst gutes Essen noch viel besser schmecken. Als Stimmungsaufheller macht sie das Leben einfach mehr Spa\u00df. Die gew\u00f6hnlichsten N\u00e4chte werden schnell unvergesslich, wenn Sour Diesel dabei ist. Mehr als nur ein Stimmungsaufheller, hat sich die Sorte auch als wirksam bei der Behandlung von: Depressionen, Angstzust\u00e4nden, Stress und Appetitproblemen erwiesen. Ihr Ruhm ist gerechtfertigt, diese Sorte bleibt und wird immer eine der besten Sorten auf dem Planeten sein.<\/p>","protected":false},"excerpt":{"rendered":"<p>Sour Diesel Grade A Shelf (Sativa) zum Verkauf online in den USA. Sie k\u00f6nnen es in unserem Online-Shop f\u00fcr Cannabis kaufen. Wir haben Marihuana und Gras online zum Verkauf.<\/p>","protected":false},"featured_media":1508,"comment_status":"closed","ping_status":"closed","template":"","meta":{"_uag_custom_page_level_css":"","site-sidebar-layout":"default","site-content-layout":"","ast-site-content-layout":"","site-content-style":"default","site-sidebar-style":"default","ast-global-header-display":"","ast-banner-title-visibility":"","ast-main-header-display":"","ast-hfb-above-header-display":"","ast-hfb-below-header-display":"","ast-hfb-mobile-header-display":"","site-post-title":"","ast-breadcrumbs-content":"","ast-featured-img":"","footer-sml-layout":"","theme-transparent-header-meta":"","adv-header-id-meta":"","stick-header-meta":"","header-above-stick-meta":"","header-main-stick-meta":"","header-below-stick-meta":"","astra-migrate-meta-layouts":"default","ast-page-background-enabled":"default","ast-page-background-meta":{"desktop":{"background-color":"var(--ast-global-color-4)","background-image":"","background-repeat":"repeat","background-position":"center center","background-size":"auto","background-attachment":"scroll","background-type":"","background-media":"","overlay-type":"","overlay-color":"","overlay-opacity":"","overlay-gradient":""},"tablet":{"background-color":"","background-image":"","background-repeat":"repeat","background-position":"center center","background-size":"auto","background-attachment":"scroll","background-type":"","background-media":"","overlay-type":"","overlay-color":"","overlay-opacity":"","overlay-gradient":""},"mobile":{"background-color":"","background-image":"","background-repeat":"repeat","background-position":"center center","background-size":"auto","background-attachment":"scroll","background-type":"","background-media":"","overlay-type":"","overlay-color":"","overlay-opacity":"","overlay-gradient":""}},"ast-content-background-meta":{"desktop":{"background-color":"var(--ast-global-color-5)","background-image":"","background-repeat":"repeat","background-position":"center center","background-size":"auto","background-attachment":"scroll","background-type":"","background-media":"","overlay-type":"","overlay-color":"","overlay-opacity":"","overlay-gradient":""},"tablet":{"background-color":"var(--ast-global-color-5)","background-image":"","background-repeat":"repeat","background-position":"center center","background-size":"auto","background-attachment":"scroll","background-type":"","background-media":"","overlay-type":"","overlay-color":"","overlay-opacity":"","overlay-gradient":""},"mobile":{"background-color":"var(--ast-global-color-5)","background-image":"","background-repeat":"repeat","background-position":"center center","background-size":"auto","background-attachment":"scroll","background-type":"","background-media":"","overlay-type":"","overlay-color":"","overlay-opacity":"","overlay-gradient":""}}},"product_brand":[],"product_cat":[380],"product_tag":[201,202,203,204,205,206,207,208,209,210,211,212,213,214,215,216,217,218,219,220,221,222,223,224,225,226],"class_list":{"0":"post-1488","1":"product","2":"type-product","3":"status-publish","4":"has-post-thumbnail","6":"product_cat-sativa","7":"product_tag-buy-weed-online-in-australia","8":"product_tag-buy-weed-online-in-belgium","9":"product_tag-buy-weed-online-in-britain","10":"product_tag-buy-weed-online-in-china","11":"product_tag-buy-weed-online-in-croatia","12":"product_tag-buy-weed-online-in-denmark","13":"product_tag-buy-weed-online-in-european-union","14":"product_tag-buy-weed-online-in-france","15":"product_tag-buy-weed-online-in-germany","16":"product_tag-buy-weed-online-in-guam","17":"product_tag-buy-weed-online-in-guernsey","18":"product_tag-buy-weed-online-in-hungary","19":"product_tag-buy-weed-online-in-ireland","20":"product_tag-buy-weed-online-in-israel","21":"product_tag-buy-weed-online-in-italy","22":"product_tag-buy-weed-online-in-japan","23":"product_tag-buy-weed-online-in-jersey","24":"product_tag-buy-weed-online-in-latvia","25":"product_tag-buy-weed-online-in-poland","26":"product_tag-buy-weed-online-in-russia","27":"product_tag-buy-weed-online-in-spain","28":"product_tag-buy-weed-online-in-sweeden","29":"product_tag-buy-weed-online-in-switzerland","30":"product_tag-buy-weed-online-in-turkey","31":"product_tag-buy-weed-online-in-ukraine","32":"product_tag-buy-weed-online-united-states","33":"desktop-align-center","34":"tablet-align-left","35":"mobile-align-left","37":"first","38":"instock","39":"sale","40":"shipping-taxable","41":"purchasable","42":"product-type-variable"},"uagb_featured_image_src":{"full":["https:\/\/caliweedeurope.com\/wp-content\/uploads\/2024\/11\/treegod415_61117422_355110038478171_6070426788907369159_n.jpg",1080,1227,false],"thumbnail":["https:\/\/caliweedeurope.com\/wp-content\/uploads\/2024\/11\/treegod415_61117422_355110038478171_6070426788907369159_n-150x150.jpg",150,150,true],"medium":["https:\/\/caliweedeurope.com\/wp-content\/uploads\/2024\/11\/treegod415_61117422_355110038478171_6070426788907369159_n-264x300.jpg",264,300,true],"medium_large":["https:\/\/caliweedeurope.com\/wp-content\/uploads\/2024\/11\/treegod415_61117422_355110038478171_6070426788907369159_n-768x873.jpg",768,873,true],"large":["https:\/\/caliweedeurope.com\/wp-content\/uploads\/2024\/11\/treegod415_61117422_355110038478171_6070426788907369159_n-901x1024.jpg",901,1024,true],"1536x1536":["https:\/\/caliweedeurope.com\/wp-content\/uploads\/2024\/11\/treegod415_61117422_355110038478171_6070426788907369159_n.jpg",1080,1227,false],"2048x2048":["https:\/\/caliweedeurope.com\/wp-content\/uploads\/2024\/11\/treegod415_61117422_355110038478171_6070426788907369159_n.jpg",1080,1227,false],"trp-custom-language-flag":["https:\/\/caliweedeurope.com\/wp-content\/uploads\/2024\/11\/treegod415_61117422_355110038478171_6070426788907369159_n.jpg",11,12,false],"woocommerce_thumbnail":["https:\/\/caliweedeurope.com\/wp-content\/uploads\/2024\/11\/treegod415_61117422_355110038478171_6070426788907369159_n-300x300.jpg",300,300,true],"woocommerce_single":["https:\/\/caliweedeurope.com\/wp-content\/uploads\/2024\/11\/treegod415_61117422_355110038478171_6070426788907369159_n-600x682.jpg",600,682,true],"woocommerce_gallery_thumbnail":["https:\/\/caliweedeurope.com\/wp-content\/uploads\/2024\/11\/treegod415_61117422_355110038478171_6070426788907369159_n-100x100.jpg",100,100,true]},"uagb_author_info":{"display_name":"jetskiforsaleuk@gmail.com","author_link":"https:\/\/caliweedeurope.com\/de\/author\/"},"uagb_comment_info":0,"uagb_excerpt":"Sour Diesel Grade A Shelf (sativa) for sale online in the US. You can buy it from our weed online shop.We have marijuana for sale, weed for sale online.","_links":{"self":[{"href":"https:\/\/caliweedeurope.com\/de\/wp-json\/wp\/v2\/product\/1488"}],"collection":[{"href":"https:\/\/caliweedeurope.com\/de\/wp-json\/wp\/v2\/product"}],"about":[{"href":"https:\/\/caliweedeurope.com\/de\/wp-json\/wp\/v2\/types\/product"}],"replies":[{"embeddable":true,"href":"https:\/\/caliweedeurope.com\/de\/wp-json\/wp\/v2\/comments?post=1488"}],"wp:featuredmedia":[{"embeddable":true,"href":"https:\/\/caliweedeurope.com\/de\/wp-json\/wp\/v2\/media\/1508"}],"wp:attachment":[{"href":"https:\/\/caliweedeurope.com\/de\/wp-json\/wp\/v2\/media?parent=1488"}],"wp:term":[{"taxonomy":"product_brand","embeddable":true,"href":"https:\/\/caliweedeurope.com\/de\/wp-json\/wp\/v2\/product_brand?post=1488"},{"taxonomy":"product_cat","embeddable":true,"href":"https:\/\/caliweedeurope.com\/de\/wp-json\/wp\/v2\/product_cat?post=1488"},{"taxonomy":"product_tag","embeddable":true,"href":"https:\/\/caliweedeurope.com\/de\/wp-json\/wp\/v2\/product_tag?post=1488"}],"curies":[{"name":"wp","href":"https:\/\/api.w.org\/{rel}","templated":true}]}}