{"id":1492,"date":"2024-11-03T21:33:29","date_gmt":"2024-11-03T21:33:29","guid":{"rendered":"https:\/\/caliweedeurope.com\/?post_type=product&#038;p=1492"},"modified":"2024-11-03T21:34:15","modified_gmt":"2024-11-03T21:34:15","slug":"afghan-kush","status":"publish","type":"product","link":"https:\/\/caliweedeurope.com\/de\/product\/afghan-kush\/","title":{"rendered":"Afghan Kush"},"content":{"rendered":"<h1>Afghan Kush Sorte<\/h1>\n<p>Afghan Kush sieht sehr sch\u00f6n aus, blassgr\u00fcn mit einem Hauch von Gelb, orangefarbene Haare, sowohl helle als auch dunkle, sind vorhanden, es sieht aus wie ein orange-goldener Nugget mit fleckigen Kristallen.<\/p>\n<h3>Geruch<\/h3>\n<p>Afghan Kush hat auch einen sehr milden Geruch als ganzer Nugget mit Hints von Safran und Buttertoffee. Sobald man die Bl\u00fcte jedoch aufbricht, wird der Geruch von verbranntem Toffee dominant.<\/p>\n<h3>Geschmack<\/h3>\n<p>Ebenso schmeckt es w\u00fcrzig, dieser Bud hat einen Hauch von Gew\u00fcrzen mit Muskatnuss, Zimt und Ingwer als die st\u00e4rksten. Sehr glatt, der Geschmack von Muskatnuss bleibt f\u00fcr einige Momente bei dir.<\/p>\n<h3>Wirkungen<\/h3>\n<p>Die Wirkung von Afghan Kush ist sofort. Man wird sehr entspannt und hat ein leichtes Druckgef\u00fchl in den Augen (nicht f\u00fcr Anf\u00e4nger). Ich fand, dass ich wenig Schmerzen versp\u00fcrte. Ich empfinde es auch als gro\u00dfartig bei Kr\u00e4mpfen. Und wenn du Schwierigkeiten beim Einschlafen hast und sofort Schlaf brauchst, ist Afghan Kush dein Gras.<\/p>\n<p>Afghan Kush ist mit Abstand meine Lieblingssorte des Jahres. Da ich pers\u00f6nlich jemanden kenne, der sie angebaut hat, und die Sch\u00f6nheit dabei gesehen habe, hat mir diese Sorte eine Leidenschaft f\u00fcr so etwas Unglaubliches gegeben. Der Geruch, der w\u00e4hrend der Bl\u00fctezeit von diesem M\u00e4dchen kam, war unglaublich w\u00fcrzig, und dann wurde er beim Trocknen abgeschw\u00e4cht. W\u00e4hrend der Reifung zeigte sie ihre wahren Farben. Sie ging von w\u00fcrzig zu einem sanften, s\u00fc\u00dfen Geruch mit einem Hauch von Limettengr\u00fcn und leuchtend orangefarbenen Haaren. Ein sehr sanfter Rauch im Vergleich zu den meisten. Honig\u00f6l, das mit dieser Sorte hergestellt wird, ist ph\u00e4nomenal. Die st\u00e4rkste Wirkung einer Sorte seit langem.<\/p>","protected":false},"excerpt":{"rendered":"<p>Afghan Kush sieht sehr gut aus, blassgr\u00fcn mit einem Hauch von Gelb, orangefarbene Haare, sowohl hell als auch dunkel, sind vorhanden. Es sieht aus wie ein orange-goldener Nugget mit fleckigen Kristallen. Afghan Kush online kaufen \u2013 Afghan Kush zum Verkauf. Afghan Kush ist eine beliebte Marihuanasorte mit einem THC-Gehalt von bis zu 15%. Afghan Kush schmeckt sehr medizinisch und hat dramatische Auswirkungen auf die Schmerzlinderung. Aufgrund seiner narkotischen Wirkung ist Afghan Kush bei Patienten beliebt, die Schmerzen, Stress, Schlaflosigkeit und \u00dcbelkeit lindern m\u00f6chten.<\/p>","protected":false},"featured_media":1530,"comment_status":"closed","ping_status":"closed","template":"","meta":{"_uag_custom_page_level_css":"","site-sidebar-layout":"default","site-content-layout":"","ast-site-content-layout":"","site-content-style":"default","site-sidebar-style":"default","ast-global-header-display":"","ast-banner-title-visibility":"","ast-main-header-display":"","ast-hfb-above-header-display":"","ast-hfb-below-header-display":"","ast-hfb-mobile-header-display":"","site-post-title":"","ast-breadcrumbs-content":"","ast-featured-img":"","footer-sml-layout":"","theme-transparent-header-meta":"","adv-header-id-meta":"","stick-header-meta":"","header-above-stick-meta":"","header-main-stick-meta":"","header-below-stick-meta":"","astra-migrate-meta-layouts":"default","ast-page-background-enabled":"default","ast-page-background-meta":{"desktop":{"background-color":"var(--ast-global-color-4)","background-image":"","background-repeat":"repeat","background-position":"center center","background-size":"auto","background-attachment":"scroll","background-type":"","background-media":"","overlay-type":"","overlay-color":"","overlay-opacity":"","overlay-gradient":""},"tablet":{"background-color":"","background-image":"","background-repeat":"repeat","background-position":"center center","background-size":"auto","background-attachment":"scroll","background-type":"","background-media":"","overlay-type":"","overlay-color":"","overlay-opacity":"","overlay-gradient":""},"mobile":{"background-color":"","background-image":"","background-repeat":"repeat","background-position":"center center","background-size":"auto","background-attachment":"scroll","background-type":"","background-media":"","overlay-type":"","overlay-color":"","overlay-opacity":"","overlay-gradient":""}},"ast-content-background-meta":{"desktop":{"background-color":"var(--ast-global-color-5)","background-image":"","background-repeat":"repeat","background-position":"center center","background-size":"auto","background-attachment":"scroll","background-type":"","background-media":"","overlay-type":"","overlay-color":"","overlay-opacity":"","overlay-gradient":""},"tablet":{"background-color":"var(--ast-global-color-5)","background-image":"","background-repeat":"repeat","background-position":"center center","background-size":"auto","background-attachment":"scroll","background-type":"","background-media":"","overlay-type":"","overlay-color":"","overlay-opacity":"","overlay-gradient":""},"mobile":{"background-color":"var(--ast-global-color-5)","background-image":"","background-repeat":"repeat","background-position":"center center","background-size":"auto","background-attachment":"scroll","background-type":"","background-media":"","overlay-type":"","overlay-color":"","overlay-opacity":"","overlay-gradient":""}}},"product_brand":[],"product_cat":[22],"product_tag":[201,202,203,204,205,206,207,208,209,210,211,212,213,214,215,216,217,218,219,220,221,222,223,224,225,226],"class_list":{"0":"post-1492","1":"product","2":"type-product","3":"status-publish","4":"has-post-thumbnail","6":"product_cat-hybrid","7":"product_tag-buy-weed-online-in-australia","8":"product_tag-buy-weed-online-in-belgium","9":"product_tag-buy-weed-online-in-britain","10":"product_tag-buy-weed-online-in-china","11":"product_tag-buy-weed-online-in-croatia","12":"product_tag-buy-weed-online-in-denmark","13":"product_tag-buy-weed-online-in-european-union","14":"product_tag-buy-weed-online-in-france","15":"product_tag-buy-weed-online-in-germany","16":"product_tag-buy-weed-online-in-guam","17":"product_tag-buy-weed-online-in-guernsey","18":"product_tag-buy-weed-online-in-hungary","19":"product_tag-buy-weed-online-in-ireland","20":"product_tag-buy-weed-online-in-israel","21":"product_tag-buy-weed-online-in-italy","22":"product_tag-buy-weed-online-in-japan","23":"product_tag-buy-weed-online-in-jersey","24":"product_tag-buy-weed-online-in-latvia","25":"product_tag-buy-weed-online-in-poland","26":"product_tag-buy-weed-online-in-russia","27":"product_tag-buy-weed-online-in-spain","28":"product_tag-buy-weed-online-in-sweeden","29":"product_tag-buy-weed-online-in-switzerland","30":"product_tag-buy-weed-online-in-turkey","31":"product_tag-buy-weed-online-in-ukraine","32":"product_tag-buy-weed-online-united-states","33":"desktop-align-center","34":"tablet-align-left","35":"mobile-align-left","37":"first","38":"instock","39":"sale","40":"shipping-taxable","41":"purchasable","42":"product-type-variable"},"uagb_featured_image_src":{"full":["https:\/\/caliweedeurope.com\/wp-content\/uploads\/2024\/11\/treegod415_54277409_1206124882894029_7160562974530010069_n.jpg",1080,1350,false],"thumbnail":["https:\/\/caliweedeurope.com\/wp-content\/uploads\/2024\/11\/treegod415_54277409_1206124882894029_7160562974530010069_n-150x150.jpg",150,150,true],"medium":["https:\/\/caliweedeurope.com\/wp-content\/uploads\/2024\/11\/treegod415_54277409_1206124882894029_7160562974530010069_n-240x300.jpg",240,300,true],"medium_large":["https:\/\/caliweedeurope.com\/wp-content\/uploads\/2024\/11\/treegod415_54277409_1206124882894029_7160562974530010069_n-768x960.jpg",768,960,true],"large":["https:\/\/caliweedeurope.com\/wp-content\/uploads\/2024\/11\/treegod415_54277409_1206124882894029_7160562974530010069_n-819x1024.jpg",819,1024,true],"1536x1536":["https:\/\/caliweedeurope.com\/wp-content\/uploads\/2024\/11\/treegod415_54277409_1206124882894029_7160562974530010069_n.jpg",1080,1350,false],"2048x2048":["https:\/\/caliweedeurope.com\/wp-content\/uploads\/2024\/11\/treegod415_54277409_1206124882894029_7160562974530010069_n.jpg",1080,1350,false],"trp-custom-language-flag":["https:\/\/caliweedeurope.com\/wp-content\/uploads\/2024\/11\/treegod415_54277409_1206124882894029_7160562974530010069_n.jpg",10,12,false],"woocommerce_thumbnail":["https:\/\/caliweedeurope.com\/wp-content\/uploads\/2024\/11\/treegod415_54277409_1206124882894029_7160562974530010069_n-300x300.jpg",300,300,true],"woocommerce_single":["https:\/\/caliweedeurope.com\/wp-content\/uploads\/2024\/11\/treegod415_54277409_1206124882894029_7160562974530010069_n-600x750.jpg",600,750,true],"woocommerce_gallery_thumbnail":["https:\/\/caliweedeurope.com\/wp-content\/uploads\/2024\/11\/treegod415_54277409_1206124882894029_7160562974530010069_n-100x100.jpg",100,100,true]},"uagb_author_info":{"display_name":"jetskiforsaleuk@gmail.com","author_link":"https:\/\/caliweedeurope.com\/de\/author\/"},"uagb_comment_info":0,"uagb_excerpt":"Afghan kush looks very nice to the eye, Pale green with a hue of yellow , Orange hairs both light and dark are present, looks like a orange and gold nugget, with patchy crystals. Buy Afghan Kush Online \u2013 Afghan Kush for Sale. Afghan Kush is a popular marijuana strain with a THC level up&hellip;","_links":{"self":[{"href":"https:\/\/caliweedeurope.com\/de\/wp-json\/wp\/v2\/product\/1492"}],"collection":[{"href":"https:\/\/caliweedeurope.com\/de\/wp-json\/wp\/v2\/product"}],"about":[{"href":"https:\/\/caliweedeurope.com\/de\/wp-json\/wp\/v2\/types\/product"}],"replies":[{"embeddable":true,"href":"https:\/\/caliweedeurope.com\/de\/wp-json\/wp\/v2\/comments?post=1492"}],"wp:featuredmedia":[{"embeddable":true,"href":"https:\/\/caliweedeurope.com\/de\/wp-json\/wp\/v2\/media\/1530"}],"wp:attachment":[{"href":"https:\/\/caliweedeurope.com\/de\/wp-json\/wp\/v2\/media?parent=1492"}],"wp:term":[{"taxonomy":"product_brand","embeddable":true,"href":"https:\/\/caliweedeurope.com\/de\/wp-json\/wp\/v2\/product_brand?post=1492"},{"taxonomy":"product_cat","embeddable":true,"href":"https:\/\/caliweedeurope.com\/de\/wp-json\/wp\/v2\/product_cat?post=1492"},{"taxonomy":"product_tag","embeddable":true,"href":"https:\/\/caliweedeurope.com\/de\/wp-json\/wp\/v2\/product_tag?post=1492"}],"curies":[{"name":"wp","href":"https:\/\/api.w.org\/{rel}","templated":true}]}}