{"id":1510,"date":"2024-11-03T21:33:53","date_gmt":"2024-11-03T21:33:53","guid":{"rendered":"https:\/\/caliweedeurope.com\/?post_type=product&#038;p=1510"},"modified":"2024-11-03T21:34:38","modified_gmt":"2024-11-03T21:34:38","slug":"khalifa-kush-pre-rolled-joints","status":"publish","type":"product","link":"https:\/\/caliweedeurope.com\/de\/product\/khalifa-kush-pre-rolled-joints\/","title":{"rendered":"Khalifa Kush Pre Rolled Joints"},"content":{"rendered":"<h1>Khalifa Kush Pre Rolled Joints<\/h1>\n<p>Kaufe Khalifa Kush vorgerollte Joints<\/p>\n<p class=\"translation-block\"><strong>Dosierung:<\/strong> Jeder Joint enth\u00e4lt 1,2 Gramm Cannabisbl\u00fcten mit einem THC-Gehalt von 25% bis 37% <a href=\"https:\/\/en.wikipedia.org\/wiki\/Tetrahydrocannabinol\" target=\"_blank\" rel=\"noopener\">THC<\/a>.<\/p>\n<p class=\"translation-block\"><strong>Verpackung:<\/strong> Je nach Bestellmenge und Sorte verwenden wir eine Kombination aus Drehverschlussbeh\u00e4ltern, versiegelten Beuteln, und alles wird immer doppelt vakuumverpackt, bevor es per Post versendet wird, um eine geruchsfreie Ankunft zu gew\u00e4hrleisten.<\/p>\n<p class=\"translation-block\"><strong>Aufbewahrung:<\/strong> Bitte lagern Sie Ihre vorgerollten Joints in einem luftdichten Beh\u00e4lter an einem k\u00fchlen, trockenen Ort, wie zum Beispiel im K\u00fchlschrank, um die maximale Haltbarkeit zu gew\u00e4hrleisten. Kaufen Sie Khalifa Kush vorgerollte Joints.<\/p>\n<p class=\"translation-block\"><strong>Symptome &amp; Bedingungen:<\/strong> Dar\u00fcber hinaus haben wir ADHS, Angstzust\u00e4nde, Arthritis, Autismus, bipolare St\u00f6rung, Kr\u00e4mpfe, Fibromyalgie, gastrointestinale St\u00f6rungen, Schlaflosigkeit, Appetitlosigkeit. Dar\u00fcber hinaus Migr\u00e4ne, Multiple Sklerose, Muskelkr\u00e4mpfe, PMS\/PMDD, PTSD, Schmerzen: Muskel\/Gelenk, Schmerzen: neuropathisch, Schmerzen: Phantomgliedma\u00df. Kaufen Sie Khalifa Kush vorgerollte Joints.<\/p>\n<p class=\"translation-block\">Daher wissen wir, dass Cannabis Leben ver\u00e4ndert. Und wir f\u00fchren die Initiative an, um Marihuana in die H\u00e4nde der Menschen zu bekommen, die es brauchen. Als beliebte Cannabis-Apotheke in den Vereinigten Staaten bieten wir Cannabis-St\u00e4mme in Top-Qualit\u00e4t an. Und dazu verwandte Produkte (Hybrid, Indica und Sativa, sowie Cannabis\u00f6l, Hanf\u00f6l, Edibles, Konzentrate und Moonrock oder <a href=\"https:\/\/deligentman.com\/product\/sun-rocks-weed\/\" target=\"_blank\" rel=\"noopener\">Sun Rocks<\/a>), um den Anforderungen unserer gesch\u00e4tzten Kunden oder Patienten gerecht zu werden. Wir sind stolz darauf, den Standard f\u00fcr diese Apotheke zu setzen und bieten daher Weed zum Verkauf an. Kaufen Sie Marihuana online. Cannabis\u00f6l zum Verkauf, bestellen Sie Weed online und wo man Marihuana kaufen kann, Medizinisches Marihuana zum Verkauf. Kaufen Sie Weed online im Vereinigten K\u00f6nigreich, kaufen Sie Khalifa Kush vorgerollte Joints.<\/p>\n<p>HOL DIR DAS BESTE.<\/p>\n<p>Deshalb, auf der Suche nach hochwertigen Marihuanastrains mit garantierter Lieferung fast \u00fcberall auf der Welt?<br \/> Willkommen bei HempBazar UK. Wir haben die besten vorgerollten Joints zum Verkauf!<\/p>\n<p>Deshalb bieten wir eine riesige Auswahl an hochwertigen Marihuana-Produkten zum Verkauf direkt aus dem Vereinigten K\u00f6nigreich an.<\/p>\n<p>Mach dich bereit f\u00fcrs Bett. Sweet Dreams ist eine kraftvolle, Indica-dominante Mischung, die dir auf dem Weg zur schl\u00e4frigen Entspannung Linderung verschaffen wird. Lucys Pre-Rolls bestehen nur aus den besten 100 % Cannabisbl\u00fcten, kein Shake. Khalifa Kush vorgerollte Joints.<\/p>","protected":false},"excerpt":{"rendered":"<p>THC 18% bis 30% Kauf von Marihuana online UK, Kauf von Kief online UK, Weed online Europa, Kauf von Skunk online UK, 420 Versandhandel UK, Kauf von Weed online UK.<\/p>\n<p>&nbsp;<\/p>","protected":false},"featured_media":1534,"comment_status":"closed","ping_status":"closed","template":"","meta":{"_uag_custom_page_level_css":"","site-sidebar-layout":"default","site-content-layout":"","ast-site-content-layout":"","site-content-style":"default","site-sidebar-style":"default","ast-global-header-display":"","ast-banner-title-visibility":"","ast-main-header-display":"","ast-hfb-above-header-display":"","ast-hfb-below-header-display":"","ast-hfb-mobile-header-display":"","site-post-title":"","ast-breadcrumbs-content":"","ast-featured-img":"","footer-sml-layout":"","theme-transparent-header-meta":"","adv-header-id-meta":"","stick-header-meta":"","header-above-stick-meta":"","header-main-stick-meta":"","header-below-stick-meta":"","astra-migrate-meta-layouts":"default","ast-page-background-enabled":"default","ast-page-background-meta":{"desktop":{"background-color":"var(--ast-global-color-4)","background-image":"","background-repeat":"repeat","background-position":"center center","background-size":"auto","background-attachment":"scroll","background-type":"","background-media":"","overlay-type":"","overlay-color":"","overlay-opacity":"","overlay-gradient":""},"tablet":{"background-color":"","background-image":"","background-repeat":"repeat","background-position":"center center","background-size":"auto","background-attachment":"scroll","background-type":"","background-media":"","overlay-type":"","overlay-color":"","overlay-opacity":"","overlay-gradient":""},"mobile":{"background-color":"","background-image":"","background-repeat":"repeat","background-position":"center center","background-size":"auto","background-attachment":"scroll","background-type":"","background-media":"","overlay-type":"","overlay-color":"","overlay-opacity":"","overlay-gradient":""}},"ast-content-background-meta":{"desktop":{"background-color":"var(--ast-global-color-5)","background-image":"","background-repeat":"repeat","background-position":"center center","background-size":"auto","background-attachment":"scroll","background-type":"","background-media":"","overlay-type":"","overlay-color":"","overlay-opacity":"","overlay-gradient":""},"tablet":{"background-color":"var(--ast-global-color-5)","background-image":"","background-repeat":"repeat","background-position":"center center","background-size":"auto","background-attachment":"scroll","background-type":"","background-media":"","overlay-type":"","overlay-color":"","overlay-opacity":"","overlay-gradient":""},"mobile":{"background-color":"var(--ast-global-color-5)","background-image":"","background-repeat":"repeat","background-position":"center center","background-size":"auto","background-attachment":"scroll","background-type":"","background-media":"","overlay-type":"","overlay-color":"","overlay-opacity":"","overlay-gradient":""}}},"product_brand":[],"product_cat":[22,228,427,380],"product_tag":[428,429,430,431,432,433,434,330,435,436,437,232,438,439,440,441,442,443,444],"class_list":{"0":"post-1510","1":"product","2":"type-product","3":"status-publish","4":"has-post-thumbnail","6":"product_cat-hybrid","7":"product_cat-indica","8":"product_cat-pre-rolls","9":"product_cat-sativa","10":"product_tag-420-mail-order-uk","11":"product_tag-best-online-vape-store-uk","12":"product_tag-best-place-to-buy-weed-online-europe","13":"product_tag-best-weed-store-uk","14":"product_tag-buy-cbd-weed-online-europe","15":"product_tag-buy-kief-online-uk","16":"product_tag-buy-marijuana-online","17":"product_tag-buy-marijuana-online-uk","18":"product_tag-buy-pollen-online-uk","19":"product_tag-buy-pre-rolled-joints-online-uk","20":"product_tag-buy-skunk-online-uk","21":"product_tag-buy-weed-online-uk","22":"product_tag-head-shop-uk","23":"product_tag-khalifa-kush-pre-rolled-joints","24":"product_tag-legal-highs-shop-uk","25":"product_tag-mail-order-weed-online-europe","26":"product_tag-marijuana-store-uk","27":"product_tag-order-weed-online-europe","28":"product_tag-weed-online-europe","29":"desktop-align-center","30":"tablet-align-left","31":"mobile-align-left","33":"first","34":"instock","35":"shipping-taxable","36":"purchasable","37":"product-type-variable"},"uagb_featured_image_src":{"full":["https:\/\/caliweedeurope.com\/wp-content\/uploads\/2024\/11\/Pre-Roll-5-Pack-4.16.20-scaled-1.jpg",1948,1948,false],"thumbnail":["https:\/\/caliweedeurope.com\/wp-content\/uploads\/2024\/11\/Pre-Roll-5-Pack-4.16.20-scaled-1-150x150.jpg",150,150,true],"medium":["https:\/\/caliweedeurope.com\/wp-content\/uploads\/2024\/11\/Pre-Roll-5-Pack-4.16.20-scaled-1-300x300.jpg",300,300,true],"medium_large":["https:\/\/caliweedeurope.com\/wp-content\/uploads\/2024\/11\/Pre-Roll-5-Pack-4.16.20-scaled-1-768x768.jpg",768,768,true],"large":["https:\/\/caliweedeurope.com\/wp-content\/uploads\/2024\/11\/Pre-Roll-5-Pack-4.16.20-scaled-1-1024x1024.jpg",1024,1024,true],"1536x1536":["https:\/\/caliweedeurope.com\/wp-content\/uploads\/2024\/11\/Pre-Roll-5-Pack-4.16.20-scaled-1-1536x1536.jpg",1536,1536,true],"2048x2048":["https:\/\/caliweedeurope.com\/wp-content\/uploads\/2024\/11\/Pre-Roll-5-Pack-4.16.20-scaled-1.jpg",1948,1948,false],"trp-custom-language-flag":["https:\/\/caliweedeurope.com\/wp-content\/uploads\/2024\/11\/Pre-Roll-5-Pack-4.16.20-scaled-1.jpg",12,12,false],"woocommerce_thumbnail":["https:\/\/caliweedeurope.com\/wp-content\/uploads\/2024\/11\/Pre-Roll-5-Pack-4.16.20-scaled-1-300x300.jpg",300,300,true],"woocommerce_single":["https:\/\/caliweedeurope.com\/wp-content\/uploads\/2024\/11\/Pre-Roll-5-Pack-4.16.20-scaled-1-600x600.jpg",600,600,true],"woocommerce_gallery_thumbnail":["https:\/\/caliweedeurope.com\/wp-content\/uploads\/2024\/11\/Pre-Roll-5-Pack-4.16.20-scaled-1-100x100.jpg",100,100,true]},"uagb_author_info":{"display_name":"jetskiforsaleuk@gmail.com","author_link":"https:\/\/caliweedeurope.com\/de\/author\/"},"uagb_comment_info":0,"uagb_excerpt":"THC\u00a0 18% to 30% Buy Marijuana Online UK, Buy kief online UK, weed online europe, Buy skunk online UK, 420 mail order UK, Buy weed Online UK. &nbsp;","_links":{"self":[{"href":"https:\/\/caliweedeurope.com\/de\/wp-json\/wp\/v2\/product\/1510"}],"collection":[{"href":"https:\/\/caliweedeurope.com\/de\/wp-json\/wp\/v2\/product"}],"about":[{"href":"https:\/\/caliweedeurope.com\/de\/wp-json\/wp\/v2\/types\/product"}],"replies":[{"embeddable":true,"href":"https:\/\/caliweedeurope.com\/de\/wp-json\/wp\/v2\/comments?post=1510"}],"wp:featuredmedia":[{"embeddable":true,"href":"https:\/\/caliweedeurope.com\/de\/wp-json\/wp\/v2\/media\/1534"}],"wp:attachment":[{"href":"https:\/\/caliweedeurope.com\/de\/wp-json\/wp\/v2\/media?parent=1510"}],"wp:term":[{"taxonomy":"product_brand","embeddable":true,"href":"https:\/\/caliweedeurope.com\/de\/wp-json\/wp\/v2\/product_brand?post=1510"},{"taxonomy":"product_cat","embeddable":true,"href":"https:\/\/caliweedeurope.com\/de\/wp-json\/wp\/v2\/product_cat?post=1510"},{"taxonomy":"product_tag","embeddable":true,"href":"https:\/\/caliweedeurope.com\/de\/wp-json\/wp\/v2\/product_tag?post=1510"}],"curies":[{"name":"wp","href":"https:\/\/api.w.org\/{rel}","templated":true}]}}