{"id":1546,"date":"2024-11-03T21:34:17","date_gmt":"2024-11-03T21:34:17","guid":{"rendered":"https:\/\/caliweedeurope.com\/?post_type=product&#038;p=1546"},"modified":"2024-11-03T21:34:54","modified_gmt":"2024-11-03T21:34:54","slug":"blue-cheese","status":"publish","type":"product","link":"https:\/\/caliweedeurope.com\/de\/product\/blue-cheese\/","title":{"rendered":"Blue Cheese"},"content":{"rendered":"<p>Blue Cheese ist ein typisches indica-dominantes Hybrid, das einen markanten Geschmack mit moderaten psychoaktiven Effekten und einem tr\u00e4ge wirkenden Rausch hervorruft.<\/p>\n<p>Der Strain hat seinen Namen aufgrund seines Aromas und seiner genetischen Herkunft erhalten. Blue Cheese ist das Ergebnis der Kreuzung der beliebten Blueberry mit der im Vereinigten K\u00f6nigreich gez\u00fcchteten Sorte Cheese. Entgegen dem, was man glauben k\u00f6nnte, schmeckt es nicht nach K\u00e4se; aber das Aroma\u2026 Oh, ja, es riecht definitiv nach gereiftem Cheddar.<\/p>\n<p>Blue Cheese ist nicht der st\u00e4rkste indica-dominante Hybrid, da er typischerweise einen THC-Gehalt von etwa 15% bis 20% hat.<\/p>\n<p>In Bezug auf das Aussehen hat die Blue Cheese Marihuana-Sorte bemerkenswert dichte Knospen, mit fest gepackten Bl\u00e4ttern, die von hellgr\u00fcn bis mittelgr\u00fcn reichen und mit erdigen Haaren durchzogen sind.<\/p>\n<p>Sobald du deine T\u00fcte Blue Cheese riechst, wirst du verstehen, woher der Name kommt. Begonnen mit dem w\u00fcrzigen Geruch von K\u00e4se, tr\u00e4gt die Sorte fruchtige, beerige Untert\u00f6ne, die sie von ihrem Blueberry-Elternteil geerbt hat.<\/p>\n<p>Manchmal wird das Aroma so scharf, dass viele Menschen es mit Moschus oder sogar mit faulen Gem\u00fcse verglichen haben.<\/p>\n<p>Wenn du Blue Cheese rauchst, ist das Geschmacksprofil tats\u00e4chlich das umgekehrte seines Aromas. Beim Ausatmen wirst du einen v\u00f6llig blauen Beeren-Geschmack erleben, w\u00e4hrend ein Hauch von k\u00e4sigem Funk irgendwo im Hintergrund spielt.<\/p>\n<p>Der Rausch ist vergleichbar mit anderen indica-dominanten Hybriden. Blue Cheese kann sich langsam einschleichen \u2013 ohne den anf\u00e4nglichen zerebralen Rausch, der mit ausgewogeneren Sorten verbunden ist \u2013 und f\u00fchrt sp\u00e4ter zu einem Gef\u00fchl der Entspannung im gesamten K\u00f6rper.<\/p>\n<p>Trotz des moderaten THC-Gehalts kann Blue Cheese unerfahrene Nutzer mit seinen psychoaktiven Effekten \u00fcberraschen.<\/p>\n<p>Wenn der H\u00f6hepunkt erreicht ist, kann der Rausch von Blue Cheese zu l\u00e4hmendem Couchlock f\u00fchren, aber selbst kleinere Dosen dieser Sorte sind in der Lage, alle Ihre Pl\u00e4ne f\u00fcr den Rest des Tages zu vereiteln.<\/p>\n<p>Das gesagt, wird die Blue Cheese Sorte f\u00fcr den abendlichen Gebrauch empfohlen. Au\u00dferdem sollten Sie immer sicherstellen, dass Sie einige Snacks zur Hand haben, da die Hybride daf\u00fcr bekannt ist, einen starken Appetit zu f\u00f6rdern.<\/p>\n<p>Dank der oben genannten Effekte ist Blue Cheese eine gro\u00dfartige Option f\u00fcr Menschen, die Marihuana aus medizinischen Gr\u00fcnden verwenden. Es kann Angstzust\u00e4nde, Depressionen lindern und Patienten helfen, mit Symptomen im Zusammenhang mit umzugehen <a href=\"https:\/\/deligentman.com\/2016\/05\/06\/how-cannabis-can-help-treat-ptsd\/\" target=\"_blank\" rel=\"noopener\">PTSD<\/a>. Wenn Sie unter Aufmerksamkeitsdefizitst\u00f6rungen leiden, wird der klare und fokussierte Rausch ebenfalls von Nutzen sein.<br \/> Was die m\u00f6glichen Nebenwirkungen betrifft, unterscheidet sich Blue Cheese nicht wesentlich von anderen indica-dominanten Hybriden. Selbst moderate Dosen dieser Sorte k\u00f6nnen Mundtrockenheit, trockene, juckende Augen und einen pl\u00f6tzlichen Appetitanstieg verursachen; ob letzteres unerw\u00fcnscht ist, h\u00e4ngt tats\u00e4chlich von deinen Essgewohnheiten ab.<\/p>\n<p>Weniger erw\u00fcnschte Reaktionen k\u00f6nnen Schwindel und etwas Angst umfassen, aber Paranoia mit Blue Cheese auszul\u00f6sen, ist keine Option, es sei denn, man konsumiert es in extrem gro\u00dfen Mengen.<\/p>\n<p>Abgesehen davon ist Blue Cheese eine erstaunliche Sorte, und wenn sie in ausreichenden Mengen konsumiert wird, ist sie eine hervorragende Wahl f\u00fcr den Genuss vom fr\u00fchen Abend bis zum Schlafengehen. Verwenden Sie sie, wenn Sie das Bed\u00fcrfnis haben, sich nach einem langen und stressigen Arbeitstag zu entspannen.<\/p>","protected":false},"excerpt":{"rendered":"<ul class=\"product-benefits\">\n<li>Normalerweise kommt es in 2-3 Tagen an<\/li>\n<li>Kostenloser Versand bei Bestellungen \u00fcber 200 Euro<\/li>\n<li>Nur Versand innerhalb Europas<\/li>\n<\/ul>","protected":false},"featured_media":1562,"comment_status":"closed","ping_status":"closed","template":"","meta":{"_uag_custom_page_level_css":"","site-sidebar-layout":"default","site-content-layout":"","ast-site-content-layout":"","site-content-style":"default","site-sidebar-style":"default","ast-global-header-display":"","ast-banner-title-visibility":"","ast-main-header-display":"","ast-hfb-above-header-display":"","ast-hfb-below-header-display":"","ast-hfb-mobile-header-display":"","site-post-title":"","ast-breadcrumbs-content":"","ast-featured-img":"","footer-sml-layout":"","theme-transparent-header-meta":"","adv-header-id-meta":"","stick-header-meta":"","header-above-stick-meta":"","header-main-stick-meta":"","header-below-stick-meta":"","astra-migrate-meta-layouts":"default","ast-page-background-enabled":"default","ast-page-background-meta":{"desktop":{"background-color":"var(--ast-global-color-4)","background-image":"","background-repeat":"repeat","background-position":"center center","background-size":"auto","background-attachment":"scroll","background-type":"","background-media":"","overlay-type":"","overlay-color":"","overlay-opacity":"","overlay-gradient":""},"tablet":{"background-color":"","background-image":"","background-repeat":"repeat","background-position":"center center","background-size":"auto","background-attachment":"scroll","background-type":"","background-media":"","overlay-type":"","overlay-color":"","overlay-opacity":"","overlay-gradient":""},"mobile":{"background-color":"","background-image":"","background-repeat":"repeat","background-position":"center center","background-size":"auto","background-attachment":"scroll","background-type":"","background-media":"","overlay-type":"","overlay-color":"","overlay-opacity":"","overlay-gradient":""}},"ast-content-background-meta":{"desktop":{"background-color":"var(--ast-global-color-5)","background-image":"","background-repeat":"repeat","background-position":"center center","background-size":"auto","background-attachment":"scroll","background-type":"","background-media":"","overlay-type":"","overlay-color":"","overlay-opacity":"","overlay-gradient":""},"tablet":{"background-color":"var(--ast-global-color-5)","background-image":"","background-repeat":"repeat","background-position":"center center","background-size":"auto","background-attachment":"scroll","background-type":"","background-media":"","overlay-type":"","overlay-color":"","overlay-opacity":"","overlay-gradient":""},"mobile":{"background-color":"var(--ast-global-color-5)","background-image":"","background-repeat":"repeat","background-position":"center center","background-size":"auto","background-attachment":"scroll","background-type":"","background-media":"","overlay-type":"","overlay-color":"","overlay-opacity":"","overlay-gradient":""}}},"product_brand":[],"product_cat":[228],"product_tag":[201,202,203,204,205,206,207,208,209,210,211,212,213,214,215,216,217,218,219,220,221,222,223,224,225,226],"class_list":{"0":"post-1546","1":"product","2":"type-product","3":"status-publish","4":"has-post-thumbnail","6":"product_cat-indica","7":"product_tag-buy-weed-online-in-australia","8":"product_tag-buy-weed-online-in-belgium","9":"product_tag-buy-weed-online-in-britain","10":"product_tag-buy-weed-online-in-china","11":"product_tag-buy-weed-online-in-croatia","12":"product_tag-buy-weed-online-in-denmark","13":"product_tag-buy-weed-online-in-european-union","14":"product_tag-buy-weed-online-in-france","15":"product_tag-buy-weed-online-in-germany","16":"product_tag-buy-weed-online-in-guam","17":"product_tag-buy-weed-online-in-guernsey","18":"product_tag-buy-weed-online-in-hungary","19":"product_tag-buy-weed-online-in-ireland","20":"product_tag-buy-weed-online-in-israel","21":"product_tag-buy-weed-online-in-italy","22":"product_tag-buy-weed-online-in-japan","23":"product_tag-buy-weed-online-in-jersey","24":"product_tag-buy-weed-online-in-latvia","25":"product_tag-buy-weed-online-in-poland","26":"product_tag-buy-weed-online-in-russia","27":"product_tag-buy-weed-online-in-spain","28":"product_tag-buy-weed-online-in-sweeden","29":"product_tag-buy-weed-online-in-switzerland","30":"product_tag-buy-weed-online-in-turkey","31":"product_tag-buy-weed-online-in-ukraine","32":"product_tag-buy-weed-online-united-states","33":"desktop-align-center","34":"tablet-align-left","35":"mobile-align-left","37":"first","38":"instock","39":"sale","40":"shipping-taxable","41":"purchasable","42":"product-type-variable"},"uagb_featured_image_src":{"full":["https:\/\/caliweedeurope.com\/wp-content\/uploads\/2024\/11\/treegod415_67298644_165799464467681_6494209895392585596_n.jpg",1080,1350,false],"thumbnail":["https:\/\/caliweedeurope.com\/wp-content\/uploads\/2024\/11\/treegod415_67298644_165799464467681_6494209895392585596_n-150x150.jpg",150,150,true],"medium":["https:\/\/caliweedeurope.com\/wp-content\/uploads\/2024\/11\/treegod415_67298644_165799464467681_6494209895392585596_n-240x300.jpg",240,300,true],"medium_large":["https:\/\/caliweedeurope.com\/wp-content\/uploads\/2024\/11\/treegod415_67298644_165799464467681_6494209895392585596_n-768x960.jpg",768,960,true],"large":["https:\/\/caliweedeurope.com\/wp-content\/uploads\/2024\/11\/treegod415_67298644_165799464467681_6494209895392585596_n-819x1024.jpg",819,1024,true],"1536x1536":["https:\/\/caliweedeurope.com\/wp-content\/uploads\/2024\/11\/treegod415_67298644_165799464467681_6494209895392585596_n.jpg",1080,1350,false],"2048x2048":["https:\/\/caliweedeurope.com\/wp-content\/uploads\/2024\/11\/treegod415_67298644_165799464467681_6494209895392585596_n.jpg",1080,1350,false],"trp-custom-language-flag":["https:\/\/caliweedeurope.com\/wp-content\/uploads\/2024\/11\/treegod415_67298644_165799464467681_6494209895392585596_n.jpg",10,12,false],"woocommerce_thumbnail":["https:\/\/caliweedeurope.com\/wp-content\/uploads\/2024\/11\/treegod415_67298644_165799464467681_6494209895392585596_n-300x300.jpg",300,300,true],"woocommerce_single":["https:\/\/caliweedeurope.com\/wp-content\/uploads\/2024\/11\/treegod415_67298644_165799464467681_6494209895392585596_n-600x750.jpg",600,750,true],"woocommerce_gallery_thumbnail":["https:\/\/caliweedeurope.com\/wp-content\/uploads\/2024\/11\/treegod415_67298644_165799464467681_6494209895392585596_n-100x100.jpg",100,100,true]},"uagb_author_info":{"display_name":"jetskiforsaleuk@gmail.com","author_link":"https:\/\/caliweedeurope.com\/de\/author\/"},"uagb_comment_info":0,"uagb_excerpt":"Typically Arrives in 2-3 Days Free Shipping on Orders over 200 Euros Europe shipping only","_links":{"self":[{"href":"https:\/\/caliweedeurope.com\/de\/wp-json\/wp\/v2\/product\/1546"}],"collection":[{"href":"https:\/\/caliweedeurope.com\/de\/wp-json\/wp\/v2\/product"}],"about":[{"href":"https:\/\/caliweedeurope.com\/de\/wp-json\/wp\/v2\/types\/product"}],"replies":[{"embeddable":true,"href":"https:\/\/caliweedeurope.com\/de\/wp-json\/wp\/v2\/comments?post=1546"}],"wp:featuredmedia":[{"embeddable":true,"href":"https:\/\/caliweedeurope.com\/de\/wp-json\/wp\/v2\/media\/1562"}],"wp:attachment":[{"href":"https:\/\/caliweedeurope.com\/de\/wp-json\/wp\/v2\/media?parent=1546"}],"wp:term":[{"taxonomy":"product_brand","embeddable":true,"href":"https:\/\/caliweedeurope.com\/de\/wp-json\/wp\/v2\/product_brand?post=1546"},{"taxonomy":"product_cat","embeddable":true,"href":"https:\/\/caliweedeurope.com\/de\/wp-json\/wp\/v2\/product_cat?post=1546"},{"taxonomy":"product_tag","embeddable":true,"href":"https:\/\/caliweedeurope.com\/de\/wp-json\/wp\/v2\/product_tag?post=1546"}],"curies":[{"name":"wp","href":"https:\/\/api.w.org\/{rel}","templated":true}]}}