{"id":1742,"date":"2024-11-05T18:39:15","date_gmt":"2024-11-05T18:39:15","guid":{"rendered":"https:\/\/caliweedeurope.com\/?post_type=product&#038;p=1742"},"modified":"2024-11-05T18:39:18","modified_gmt":"2024-11-05T18:39:18","slug":"buy-cali-bud-gobstoppers-strain-online","status":"publish","type":"product","link":"https:\/\/caliweedeurope.com\/de\/product\/buy-cali-bud-gobstoppers-strain-online\/","title":{"rendered":"Buy Cali Bud Gobstoppers strain Online"},"content":{"rendered":"<h1 style=\"text-align: center\"><strong>\u00a0<\/strong><strong>GOBSTOPPERS <\/strong><strong>CALI BUD OR NO BUD\u00a0|<\/strong><strong>\u00a0CALI BUD OR NO BUD\u00a0<\/strong><strong>GOBSTOPPERS <\/strong><strong>|<\/strong><strong>\u00a0CALI PLUG CALI BUD OR NO BUD<\/strong><\/h1>\n<p><strong>Cali-Bud oder kein Bud Gobstoppers<\/strong><\/p>\n<p>Diese Sorte ist ein originales Indoor-Cali-Cannabisprodukt, das f\u00fcr qualifizierte medizinische und Freizeitanwender erh\u00e4ltlich ist. Cali Hardball Cookies geh\u00f6ren zu den gefragtesten Top-Shelf-Cannabisbl\u00fcten in den USA. Cali Gobstoppers ist eine Indica-Sorte. Wenn Sie nach einem sehr fruchtigen Bonbon-Geschmack suchen, dann ist dies die richtige Wahl. Es ist eine perfekte Mischung aus Candy Diesel und der sehr potenten Vortex-Sorte.<\/p>\n<p><b>Gobbstopper<\/b>\u00a0ist eine beerenaromatische Indica-Sorte und der zweite Eintrag in Alphakronik Genes\u2019 Wonka-Serie. Entstanden durch die Kreuzung von\u00a0<a href=\"https:\/\/www.leafly.com\/strains\/purple-urkle\" target=\"_blank\" rel=\"noopener\">Purple Urkle<\/a>\u00a0und\u00a0<a href=\"https:\/\/www.leafly.com\/strains\/sin-city-kush\" target=\"_blank\" rel=\"noopener\">Sin City Kush<\/a>, Gobbstoppers\u2019 lang anhaltender fruchtiger Geschmack \u00f6ffnet sich in der Nase mit s\u00fc\u00dfen, herben Fr\u00fcchten und herzhaften Erdnoten. Das Aroma dieser Sorte reicht von Trauben-Pez mit einem Hauch von Tapioka bis hin zu Mt. Hood-Himbeeren und Sandelholz. Die Budstruktur spiegelt ihre Kush-Genetik wider und bietet tiefe Farben und gesunde Trichomabdeckung. Cali Bud oder kein Bud Gobstoppers.<\/p>\n<h2 style=\"text-align: center\"><strong>\u00a0BUY\u00a0<\/strong><strong>GOBSTOPPERS\u00a0<\/strong><strong>CALI BUD OR NO BUD\u00a0 ONLINE | BUY CALI BUD OR NO BUD\u00a0<\/strong><strong>GOBSTOPPERS\u00a0<\/strong><strong>ONLINE | BUY CALI BUD OR NO BUD ONLINE<\/strong><\/h2>\n<p><strong style=\"color: #555555;font-size: 14.4px\">Medizinische Anwendungen des Cali Bud Gobstoppers-Strains<\/strong><\/p>\n<p>Dieses Cali Plug Bud wird sehr f\u00fcr Patienten empfohlen, die unter starken chronischen Schmerzen, Gelenkbeschwerden und allgemeiner Schw\u00e4chung leiden. Mit einem THC-Gehalt von etwa 29%. Cali Bud oder kein Bud Gobstoppers.<\/p>\n<div class=\"variety-percentage-wrap\">\n<h4 class=\"variety\"><a href=\"https:\/\/www.allbud.com\/marijuana-strains\/variety\/hybrid\" target=\"_blank\" rel=\"noopener\">\u00a0Hybrid\u00a0<\/a><span class=\"hidden-xs\">\u2013\u00a0<\/span><span class=\"strain-percentages\">50% Sativa \/50% Indica<\/span><\/h4>\n<h4 class=\"percentage\"><span class=\"heading\">THC:\u00a0<\/span>14% \u2013 16%,\u00a0<span class=\"heading\">CBD:\u00a0<\/span><em>1<\/em>%<\/h4>\n<\/p><\/div>\n<p>Gobbstopper ist eine ausgewogen ausgewogene Hybrid-Sorte, die durch die Kreuzung der k\u00f6stlichen Candy Diesel mit dem potenten Vortex entstanden ist. Auf der Suche nach einem k\u00f6stlichen Candy-Geschmack? Nun, du hast ihn gefunden! Gobstopper ist alles, wovon du getr\u00e4umt hast und noch mehr, mit einer Mischung aus s\u00fc\u00dfen Beeren und saurem Zitrusfr\u00fcchten f\u00fcr einen fruchtigen Candy-Geschmack, der \u00fcber deine Zunge tanzt.<\/p>\n<p>Gobbstopper kann auch mehrere Vorteile f\u00fcr medizinische Cannabispatienten haben. Sein entspannter Charakter kann vor\u00fcbergehend die Symptome von Stress und Depression lindern. Physiologisch gesehen kann er auch tief verwurzelte Schmerzen und Beschwerden lindern, sei es vor\u00fcbergehend oder chronisch. Entz\u00fcndungshemmende Effekte k\u00f6nnen kleinere Beschwerden wie Kopfschmerzen oder \u00dcbelkeit behandeln.<\/p>\n<h3 style=\"text-align: center\"><strong>GOBSTOPPERS\u00a0<\/strong><strong>CALI BUD OR NO BUD FOR SALE | CALI BUD OR NO BUD\u00a0\u00a0<\/strong><strong>GOBSTOPPERS\u00a0<\/strong><strong>FOR SALE | CALI BUD OR NO BUD\u00a0 FOR SALE<\/strong><\/h3>\n<p><strong>Anbau der Cali Gabstoppers Sorte<\/strong><br \/> Die Cali Gobstoppers wachsen recht kurz und gedeihen praktisch sehr gut drinnen, drau\u00dfen sowie in Gew\u00e4chsh\u00e4usern. N\u00e4hrstoffe m\u00fcssen mindestens monatlich, wenn nicht sogar alle 5 Wochen, angeboten werden, um die Vegetation abzuschlie\u00dfen. Diese Sorte bl\u00fcht buchst\u00e4blich 9 Wochen und liefert 2 Gramm pro Watt in Innenr\u00e4umen. Im Freien k\u00f6nnen Z\u00fcchter bis zu 2 Pfund pro Pflanze ernten. Gabstoppers Sorte<\/p>\n<p>Der optische Reiz der Gobstopper-Bl\u00fcten ist sofort erkennbar. Sie heben sich durch eine unregelm\u00e4\u00dfige Form und gro\u00dfe, klobige Knospen hervor, die in der dichten Struktur haften, die typischerweise mit Indicas in Verbindung gebracht wird. Gabstoppers-Sorte<\/p>\n<h3 style=\"text-align: center\"><strong>CALI BUD OR NO BUD \u00a0<\/strong><strong>GOBSTOPPERS\u00a0<\/strong><strong>\u00a0NEAR ME |\u00a0<\/strong><strong>GOBSTOPPERS\u00a0<\/strong><strong>CALI BUD OR NO BUD\u00a0\u00a0 NEAR ME | CALI BUD OR NO BUD \u00a0NEAR ME<\/strong><\/h3>\n<p><strong>Cali Gabstoppers-Sorte Warnung<\/strong><br \/> Diese erstklassigen Cali-Bl\u00fcten enthalten Cannabis. Diese Substanz ist von Kindern und Tieren fernzuhalten.<\/p>\n<p>Gobstoppers High setzt schnell ein und \u00fcbt einen Druck um die Augen und die Stirn aus. Die anschlie\u00dfenden Effekte k\u00f6nnten als bewusstseinserweiternd beschrieben werden \u2013 Raucher k\u00f6nnten sich kreativer f\u00fchlen oder offener f\u00fcr Vorschl\u00e4ge von anderen oder externe Reize sein. Einige Raucher k\u00f6nnten auch ver\u00e4nderte Wahrnehmungen bemerken, und visuelle sowie akustische Verzerrungen werden h\u00e4ufig berichtet. Anstelle von Desorientierung n\u00e4hert sich das High von Gobstopper jedoch der Euphorie; Extreme Boutique Genetics selbst haben seine erhebenden Effekte mit der Freude verglichen, die ein Kind am Weihnachtsmorgen empfindet.<\/p>\n<p>\u00c4hnlich wie sein vielschichtiges Geschmacksprofil hat Gobstopper auch ein facettenreiches High. Obwohl es unwahrscheinlich ist, dass es zu Couchlock f\u00fchrt, wird der mentale Nebel, der sich im sp\u00e4teren Verlauf des Highs einschleicht, die meisten Raucher wahrscheinlich daran hindern, komplexe Aufgaben zu erledigen.<\/p>\n<h5 style=\"text-align: center\"><strong>GOBSTOPPERS\u00a0<\/strong><strong>\u00a0STRAIN | \u00a0<\/strong><strong>GOBSTOPPERS\u00a0<\/strong><strong>WEED STRAIN | CALI\u00a0<\/strong><strong>GOBSTOPPERS\u00a0<\/strong><strong>| CALI\u00a0<\/strong><strong>GOBSTOPPERS\u00a0<\/strong><strong>\u00a0STRAIN<\/strong><\/h5>\n<p><strong>Cali Gabstoppers-Sorte Effekte<\/strong><br \/> Abschlie\u00dfend l\u00e4sst sich sagen, dass beim Rauchen Euphorie, Kreativit\u00e4t, ein beruhigendes W\u00e4rmegef\u00fchl, Taubheit, gesteigerter Appetit und Schmerzlinderung auftreten k\u00f6nnen. Die Wirkung dieser Bl\u00fcten kann bei Patienten bis zu 4 Stunden anhalten. Vorsicht bei der Verwendung dieses Produkts w\u00e4hrend der Schwangerschaft.<\/p>\n<p>Sprechen Sie mit einem Cali-Plug-Agenten, bevor Sie das Produkt verwenden. Seien Sie \u00e4u\u00dferst vorsichtig beim Fahren oder Bedienen von Maschinen. Gabstoppers-Sorte.<\/p>\n<p>Kaufen Sie die Cali Reptar-Sorte online von der vertrauensw\u00fcrdigsten kalifornischen Cannabis-Apotheke. Der Cali Plug ist Ihr seri\u00f6ser Lieferant f\u00fcr Top-Cali-Plug-Packs, auch bekannt als Cali Bags.<\/p>\n<p>So folgt auch das komplexe Aroma von Gobstopper. Das Hauptaroma dieser Bl\u00fcten ist Zitrusfrucht \u2013 insbesondere Grapefruit. Bei n\u00e4herer Betrachtung sind Ankl\u00e4nge von Beeren und super-s\u00fc\u00dfem Zuckerwatte-Geschmack zu erkennen. Trotz seines \u00fcberwiegend s\u00fc\u00dfen Charakters kann dieses Bud beim Verbrennen einen scharfen, augenreizenden Rauch abgeben. Der Rauch schmeckt beim Ausatmen nach Diesel, mit einem anhaltenden, zitrischen, sauren Nachgeschmack. Bemerkenswert ist, dass trotz seiner violetten F\u00e4rbung Traube ein Geschmack ist, den Gobstopper nicht hat; dies liegt daran, dass die Pigmente, die seine gelegentlichen violetten Farbt\u00f6ne erzeugen, keinen entsprechenden Einfluss auf den Geschmack der Sorte haben.<\/p>\n<div data-testid=\"product-description\">\n<div class=\"truncate-lines__Wrapper-sc-1lknwty-0 YxHAC\">\n<div data-testid=\"truncated-description\">\n<div>\n<div class=\"text__Text-sc-fif1uk-0 kdmKRD\">\n<div class=\"src__Box-sc-1sbtrzs-0 src__Flex-sc-1sbtrzs-1 kWPFqZ hzdsvF\">\n<div>MUSTER-PRODUKTKATEGORIEN<\/div>\n<\/p><\/div>\n<\/p><\/div>\n<\/p><\/div>\n<\/p><\/div>\n<\/p><\/div>\n<\/p><\/div>\n<div class=\"text__Text-sc-fif1uk-0 htoJfX\"><a href=\"https:\/\/jeetersofficial.com\/product-category\/buy-cali-buds\/\" target=\"_blank\" rel=\"noopener\">CALI BUDS<\/a><\/div>\n<div data-testid=\"product-description\">\n<div class=\"truncate-lines__Wrapper-sc-1lknwty-0 YxHAC\">\n<div data-testid=\"truncated-description\">\n<div class=\"text__Text-sc-fif1uk-0 kdmKRD\"><a href=\"https:\/\/jeetersofficial.com\/product-category\/backpack-boyz\/\" target=\"_blank\" rel=\"noopener\">Backpack\u00a0 Boyz<\/a><\/div>\n<div><a href=\"https:\/\/jeetersofficial.com\/product-category\/snow-balls-weed\/\" target=\"_blank\" rel=\"noopener\">SNOWBALLS WEED<\/a><\/div>\n<div><a href=\"https:\/\/jeetersofficial.com\/product-category\/persy-snowcaps\/\" target=\"_blank\" rel=\"noopener\">Persy Snowcaps<\/a><\/div>\n<div><a href=\"https:\/\/jeetersofficial.com\/product-category\/drip-snowcaps\/\" target=\"_blank\" rel=\"noopener\">Drip Snowcaps<\/a><\/div>\n<div><a href=\"https:\/\/jeetersofficial.com\/product-category\/concentrates\/\" target=\"_blank\" rel=\"noopener\">CALI CONCENTRATES<\/a><\/div>\n<div><a href=\"https:\/\/jeetersofficial.com\/product-category\/doja-exclusive\/\" target=\"_blank\" rel=\"noopener\">CALI DOJA PACKS EXCLUSIVE<\/a><\/div>\n<div><a href=\"https:\/\/jeetersofficial.com\/product-category\/marijuana-flowers\/\" target=\"_blank\" rel=\"noopener\">CALI MARIJUANA FLOWERS<\/a><\/div>\n<\/p><\/div>\n<\/p><\/div>\n<\/p><\/div>\n<div><a href=\"https:\/\/jeetersofficial.com\/product-category\/sativa-strain\/\" target=\"_blank\" rel=\"noopener\">CALI SATIVA STRAINS<\/a><\/div>\n<div><a href=\"https:\/\/jeetersofficial.com\/product-category\/indica\/\" target=\"_blank\" rel=\"noopener\">CALI INDICA STRAINS<\/a><\/div>\n<div><a href=\"https:\/\/jeetersofficial.com\/product-category\/hybrid-weed\/\" target=\"_blank\" rel=\"noopener\">CALI HYBRID WEED<\/a><\/div>","protected":false},"excerpt":{"rendered":"<p><strong>Cali Bud Gobstoppers strain<\/strong><\/p>\n<p>Diese Sorte ist ein originales Indoor-Cali-Cannabis-Produkt, verf\u00fcgbar f\u00fcr qualifizierte medizinische und Freizeitnutzer. Cali Hardball Cookies geh\u00f6ren zu den begehrtesten Premium-Cannabisbl\u00fcten in den USA. Cali Gobstoppers ist eine Indica-Sorte. Wenn Sie einen sehr fruchtigen Bonbon-Geschmack suchen, haben Sie die richtige gefunden. Dies ist eine perfekte Mischung aus Candy Diesel und der sehr potenten Vortex-Sorte.<\/p>","protected":false},"featured_media":1667,"comment_status":"closed","ping_status":"closed","template":"","meta":{"_uag_custom_page_level_css":"","site-sidebar-layout":"default","site-content-layout":"","ast-site-content-layout":"","site-content-style":"default","site-sidebar-style":"default","ast-global-header-display":"","ast-banner-title-visibility":"","ast-main-header-display":"","ast-hfb-above-header-display":"","ast-hfb-below-header-display":"","ast-hfb-mobile-header-display":"","site-post-title":"","ast-breadcrumbs-content":"","ast-featured-img":"","footer-sml-layout":"","theme-transparent-header-meta":"","adv-header-id-meta":"","stick-header-meta":"","header-above-stick-meta":"","header-main-stick-meta":"","header-below-stick-meta":"","astra-migrate-meta-layouts":"default","ast-page-background-enabled":"default","ast-page-background-meta":{"desktop":{"background-color":"var(--ast-global-color-4)","background-image":"","background-repeat":"repeat","background-position":"center center","background-size":"auto","background-attachment":"scroll","background-type":"","background-media":"","overlay-type":"","overlay-color":"","overlay-opacity":"","overlay-gradient":""},"tablet":{"background-color":"","background-image":"","background-repeat":"repeat","background-position":"center center","background-size":"auto","background-attachment":"scroll","background-type":"","background-media":"","overlay-type":"","overlay-color":"","overlay-opacity":"","overlay-gradient":""},"mobile":{"background-color":"","background-image":"","background-repeat":"repeat","background-position":"center center","background-size":"auto","background-attachment":"scroll","background-type":"","background-media":"","overlay-type":"","overlay-color":"","overlay-opacity":"","overlay-gradient":""}},"ast-content-background-meta":{"desktop":{"background-color":"var(--ast-global-color-5)","background-image":"","background-repeat":"repeat","background-position":"center center","background-size":"auto","background-attachment":"scroll","background-type":"","background-media":"","overlay-type":"","overlay-color":"","overlay-opacity":"","overlay-gradient":""},"tablet":{"background-color":"var(--ast-global-color-5)","background-image":"","background-repeat":"repeat","background-position":"center center","background-size":"auto","background-attachment":"scroll","background-type":"","background-media":"","overlay-type":"","overlay-color":"","overlay-opacity":"","overlay-gradient":""},"mobile":{"background-color":"var(--ast-global-color-5)","background-image":"","background-repeat":"repeat","background-position":"center center","background-size":"auto","background-attachment":"scroll","background-type":"","background-media":"","overlay-type":"","overlay-color":"","overlay-opacity":"","overlay-gradient":""}}},"product_brand":[],"product_cat":[675],"product_tag":[472,473,474,475,461,462,463,464,465,466,476,477,478,479],"class_list":{"0":"post-1742","1":"product","2":"type-product","3":"status-publish","4":"has-post-thumbnail","6":"product_cat-buy-cali-buds","7":"product_tag-cali-bud-or-no-bud-near-me","8":"product_tag-cali-buds","9":"product_tag-cali-gobstoppers","10":"product_tag-cali-gobstoppers-strain","11":"product_tag-cali-packs","12":"product_tag-cali-plug-cali-bud-or-no-bud","13":"product_tag-cali-straina","14":"product_tag-cali-weed-bags","15":"product_tag-cali-weed-flavors","16":"product_tag-cannabis","17":"product_tag-gobstoppers-cali-bud-or-no-bud","18":"product_tag-gobstoppers-cali-bud-or-no-bud-for-sale","19":"product_tag-gobstoppers-cali-bud-or-no-bud-near-me","20":"product_tag-no-bud-gobstoppers-near-me","21":"desktop-align-center","22":"tablet-align-left","23":"mobile-align-left","25":"first","26":"instock","27":"shipping-taxable","28":"purchasable","29":"product-type-variable"},"uagb_featured_image_src":{"full":["https:\/\/caliweedeurope.com\/wp-content\/uploads\/2024\/11\/gobstoppers.jpg",514,686,false],"thumbnail":["https:\/\/caliweedeurope.com\/wp-content\/uploads\/2024\/11\/gobstoppers-150x150.jpg",150,150,true],"medium":["https:\/\/caliweedeurope.com\/wp-content\/uploads\/2024\/11\/gobstoppers-225x300.jpg",225,300,true],"medium_large":["https:\/\/caliweedeurope.com\/wp-content\/uploads\/2024\/11\/gobstoppers.jpg",514,686,false],"large":["https:\/\/caliweedeurope.com\/wp-content\/uploads\/2024\/11\/gobstoppers.jpg",514,686,false],"1536x1536":["https:\/\/caliweedeurope.com\/wp-content\/uploads\/2024\/11\/gobstoppers.jpg",514,686,false],"2048x2048":["https:\/\/caliweedeurope.com\/wp-content\/uploads\/2024\/11\/gobstoppers.jpg",514,686,false],"trp-custom-language-flag":["https:\/\/caliweedeurope.com\/wp-content\/uploads\/2024\/11\/gobstoppers.jpg",9,12,false],"woocommerce_thumbnail":["https:\/\/caliweedeurope.com\/wp-content\/uploads\/2024\/11\/gobstoppers-300x300.jpg",300,300,true],"woocommerce_single":["https:\/\/caliweedeurope.com\/wp-content\/uploads\/2024\/11\/gobstoppers.jpg",514,686,false],"woocommerce_gallery_thumbnail":["https:\/\/caliweedeurope.com\/wp-content\/uploads\/2024\/11\/gobstoppers-100x100.jpg",100,100,true]},"uagb_author_info":{"display_name":"jetskiforsaleuk@gmail.com","author_link":"https:\/\/caliweedeurope.com\/de\/author\/"},"uagb_comment_info":0,"uagb_excerpt":"Cali Bud Gobstoppers strain This strain is an indoor original Cali cannabis product, available for qualified\u00a0medical\u00a0and recreational users. Cali hardball cookies are one of the most wanted top-shelf cannabis flowers in the USA. Cali Gobstoppers is an Indica\u00a0strain. If you are looking for a very fruity candy flavor, then you got the right one. This&hellip;","_links":{"self":[{"href":"https:\/\/caliweedeurope.com\/de\/wp-json\/wp\/v2\/product\/1742"}],"collection":[{"href":"https:\/\/caliweedeurope.com\/de\/wp-json\/wp\/v2\/product"}],"about":[{"href":"https:\/\/caliweedeurope.com\/de\/wp-json\/wp\/v2\/types\/product"}],"replies":[{"embeddable":true,"href":"https:\/\/caliweedeurope.com\/de\/wp-json\/wp\/v2\/comments?post=1742"}],"wp:featuredmedia":[{"embeddable":true,"href":"https:\/\/caliweedeurope.com\/de\/wp-json\/wp\/v2\/media\/1667"}],"wp:attachment":[{"href":"https:\/\/caliweedeurope.com\/de\/wp-json\/wp\/v2\/media?parent=1742"}],"wp:term":[{"taxonomy":"product_brand","embeddable":true,"href":"https:\/\/caliweedeurope.com\/de\/wp-json\/wp\/v2\/product_brand?post=1742"},{"taxonomy":"product_cat","embeddable":true,"href":"https:\/\/caliweedeurope.com\/de\/wp-json\/wp\/v2\/product_cat?post=1742"},{"taxonomy":"product_tag","embeddable":true,"href":"https:\/\/caliweedeurope.com\/de\/wp-json\/wp\/v2\/product_tag?post=1742"}],"curies":[{"name":"wp","href":"https:\/\/api.w.org\/{rel}","templated":true}]}}