{"id":1748,"date":"2024-11-05T18:39:15","date_gmt":"2024-11-05T18:39:15","guid":{"rendered":"https:\/\/caliweedeurope.com\/?post_type=product&#038;p=1748"},"modified":"2024-11-05T18:39:18","modified_gmt":"2024-11-05T18:39:18","slug":"buy-cali-bud-life-savers-online","status":"publish","type":"product","link":"https:\/\/caliweedeurope.com\/de\/product\/buy-cali-bud-life-savers-online\/","title":{"rendered":"Kaufe Cali Bud Life Savers online"},"content":{"rendered":"<h1 style=\"text-align: center\"><strong>\u00a0 \u00a0 \u00a0<\/strong><strong>LIFE SAVERS <\/strong><strong>CALI BUD OR NO BUD\u00a0|<\/strong><strong>\u00a0CALI BUD OR NO BUD\u00a0<\/strong><strong>LIFE SAVERS <\/strong><strong>|<\/strong><strong>\u00a0CALI PLUG CALI BUD OR NO BUD<\/strong><\/h1>\n<p><strong>Cali Bud Life Savers<\/strong><br \/> Cali Bud Life Savers Cannabis-Sorte ist eine der besten Cali Bud oder No Bud Geschmacksrichtungen. Wenn es um s\u00fc\u00dfigkeitenartige Aromen und die F\u00e4higkeit geht, chronische und wiederkehrende Schmerzen zu lindern\u2026, erf\u00fcllt Life Savers definitiv seinen Namen. Life Savers ist eine indica-dominante Hybrid-Sorte mit 78 %. Mit einem Duft von Traube und Kaugummi ist diese Sorte definitiv einen Versuch wert f\u00fcr diejenigen, die nach einem st\u00e4rkeren, sedierenden Gef\u00fchl suchen.<\/p>\n<p class=\"about-title\"><strong>\u00dcber Life Saver<\/strong><\/p>\n<div class=\"effect-wrapper ng-star-inserted\">\n<div>\n<p>Lifesaver (oder Life Saver) ist ein indica-dominanter Hybrid, der seinem Namen in mehr als einer Hinsicht gerecht wird. Diese Knospe bietet einen scharfen, zuckerartigen Fruchtgeschmack sowie wertvolle therapeutische Eigenschaften. Lifesaver wurde von den kreativen Z\u00fcchtern von BOG Seeds als Kreuzung zwischen ihrem eigenen BOG Bubble und JCB (das selbst eine Kreuzung vo\u00a0<a href=\"https:\/\/www.wikileaf.com\/strain\/jacks-cleaner\/\" target=\"_blank\" rel=\"noopener\">Jack\u2019s Cleaner<\/a>\u00a0und\u00a0<a href=\"https:\/\/www.wikileaf.com\/strain\/blueberry\/\" target=\"_blank\" rel=\"noopener\">Blueberry<\/a>). Das Ergebnis ist eine dynamisch schmeckende Blume mit anhaltender und ausgewogener Potenz. Der THC-Gehalt von Lifesaver wurde zwischen 12 % und 21 % gemessen.<\/p>\n<\/p><\/div>\n<\/p><\/div>\n<h2 style=\"text-align: center\"><strong>\u00a0BUY <\/strong><strong>LIFE SAVERS\u00a0<\/strong><strong>CALI BUD OR NO BUD\u00a0 ONLINE | BUY CALI BUD OR NO BUD\u00a0<\/strong><strong>LIFE SAVERS\u00a0<\/strong><strong>ONLINE | BUY CALI BUD OR NO BUD ONLINE<\/strong><\/h2>\n<p><strong style=\"color: #555555;font-size: 14.4px\">Cali Bud Life Savers Effekte<\/strong><\/p>\n<p>Der grundlegende Effekt wird der von Erhebung, Erm\u00e4chtigung und Entspannung sein.<br \/> <strong>Gl\u00fccklich<\/strong><br \/> 47 % der Menschen geben an, sich gl\u00fccklich zu f\u00fchlen<br \/> <strong>Entspannt<\/strong><br \/> 46 % der Menschen geben an, sich entspannt zu f\u00fchlen<br \/> <strong>Erregt<\/strong><br \/> 16 % der Menschen geben an, sich erregt zu f\u00fchlen<\/p>\n<p><strong>Negative<\/strong><br \/> <strong>Trockener Mund<\/strong><br \/> 15 % der Menschen geben an, einen trockenen Mund zu haben<br \/> <strong>Trockene Augen<\/strong><br \/> 17 % der Menschen geben an, trockene Augen zu haben<br \/> <strong>Schwindelig<\/strong><br \/> 8 % der Menschen geben an, sich schwindelig zu f\u00fchlen<\/p>\n<div class=\"effect-wrapper ng-star-inserted\">\n<div>\n<p>Lifesaver macht seine Attraktivit\u00e4t sofort mit festen, fast kugelf\u00f6rmigen Bl\u00fcten klar. Diese Buds sind mittelgro\u00df bis gro\u00df und haften zusammen in der dichten, dicken Struktur, die f\u00fcr Indica-Sorten typisch ist. Die fest gewickelten Bl\u00e4tter sind mosgr\u00fcn und durchzogen von leuchtend orangefarbenen und gelben Pistillen. Gelegentlich enthalten Ph\u00e4notypen der Sorte auch Farbtupfer in Lila, die von blassem Lavendel bis hin zu tiefem Traubenton reichen; diese Farbt\u00f6ne entstehen durch Anthocyaninpigmente, die durch kaltes Wetter aktiviert werden, \u00e4hnlich wie das Ver\u00e4ndern des Laubs im Herbst aufgrund verringerter Chlorophyllwerte. Schlie\u00dflich bedeckt eine Staubschicht aus durchscheinenden wei\u00dfen Trichomen diese bereits farbenfrohen Bl\u00fcten und sorgt f\u00fcr ihre hohe psychoaktive Wirkung.<\/p>\n<\/p><\/div>\n<\/p><\/div>\n<h3 style=\"text-align: center\"><strong>LIFE SAVERS\u00a0<\/strong><strong>CALI BUD OR NO BUD FOR SALE | CALI BUD OR NO BUD\u00a0\u00a0<\/strong><strong>LIFE SAVERS\u00a0<\/strong><strong>FOR SALE | CALI BUD OR NO BUD\u00a0 FOR SALE<\/strong><\/h3>\n<p><strong>Medizinische Anwendungen von Cali Life Savers<\/strong><br \/> Die Cali Life Savers-Sorte garantiert sofortige Schmerzlinderung. Die leichten, realen Auswirkungen von Cali Jet Lato k\u00f6nnen einige Schmerzen und \u00dcbelkeit lindern. Die Sorte kann auch helfen, die Symptome von PTBS zu bek\u00e4mpfen.<\/p>\n<div class=\"variety-percentage-wrap\">\n<h4 class=\"variety translation-block\"><a href=\"https:\/\/www.allbud.com\/marijuana-strains\/variety\/indica-dominant-hybrid\" target=\"_blank\" rel=\"noopener\">Indica Dominant Hybrid<\/a> <span class=\"hidden-xs\">\u2013 <\/span><span class=\"strain-percentages\">70% Indica \/ 30% Sativa<\/span><\/h4>\n<h4 class=\"percentage\"><span class=\"heading\">THC:\u00a0<\/span>15% \u2013 19%<\/h4>\n<\/p><\/div>\n<p class=\"translation-block\">Lifesaver, auch bekannt als \u201eLife Saver\u201c, ist eine indica-dominante Hybridsorte, die durch die Kreuzung der k\u00f6stlichen BOG Bubble X <a href=\"https:\/\/www.allbud.com\/marijuana-strains\/sativa-dominant-hybrid\/batgirl\" target=\"_blank\" rel=\"noopener\">Subcool J<\/a>C<a href=\"https:\/\/www.allbud.com\/marijuana-strains\/sativa-dominant-hybrid\/batgirl\" target=\"_blank\" rel=\"noopener\">B<\/a>-Sorten entstanden ist. Diese Sorte hat ihren Namen von ihren starken \u201elebensrettenden\u201c Eigenschaften, die Schmerzen und Muskelkater mit nur einem k\u00f6stlichen kleinen Zug verschwinden lassen. Der THC-Gehalt von Lifesaver ist eher mild, mit Werten zwischen 15 und 13%, was ihn f\u00fcr alle Benutzer gut geeignet macht. Das High beginnt mit einem fr\u00f6hlichen Aufschwung, der dich mit einem Gef\u00fchl von Energie und Motivation erf\u00fcllt, ohne Angst auszul\u00f6sen. life savers weed<\/p>\n<h4 style=\"text-align: center\"><strong>CALI BUD OR NO BUD \u00a0<\/strong><strong>LIFE SAVERS\u00a0<\/strong><strong>\u00a0NEAR ME |\u00a0<\/strong><strong>LIFE SAVERS\u00a0<\/strong><strong>CALI BUD OR NO BUD\u00a0\u00a0 NEAR ME | CALI BUD OR NO BUD \u00a0NEAR ME<\/strong><\/h4>\n<p><strong>Anbau von Cali Life Savers<\/strong><br \/> Die Cali Life Savers-Sorte w\u00e4chst niedrig und gedeiht gut drinnen, drau\u00dfen oder sogar in einem Gew\u00e4chshaus. Pflanzen sollten mindestens einen Monat, wenn nicht sogar f\u00fcnf, Zeit zum Vegetieren bekommen. Die Sorte bl\u00fcht acht bis neun Wochen und liefert drinnen ein Gramm pro Watt.<\/p>\n<p>Sie f\u00fchlen sich klar im Kopf und entspannt, vollkommen auf die aktuelle Aufgabe konzentriert. W\u00e4hrend sich Ihr Geist befreit, folgt Ihr K\u00f6rper und l\u00e4sst Schmerzen und Beschwerden hinter sich, begleitet von einem prickelnden K\u00f6rper-High, das weder beruhigend noch schl\u00e4frig ist. Diese milden Effekte lindern Zust\u00e4nde wie Muskelkr\u00e4mpfe, Kopfschmerzen oder Migr\u00e4ne, Depressionen und chronische Schmerzen. Lifesaver-Knospen haben klumpige, dichte, minzgr\u00fcne Bl\u00fcten mit reichen violetten Untert\u00f6nen, leuchtend orangefarbenen H\u00e4rchen und einer dicken Schicht frostiger wei\u00dfer Trichome. Sie haben einen s\u00fc\u00dfen Bonbon-Bubblegum-Geschmack, fast wie ein St\u00fcck Trauben-Bubblegum, und ein Honig-Beeren-Erde-Aroma, das dazu passt.<\/p>\n<h5 style=\"text-align: center\"><strong>LIFE SAVERS\u00a0<\/strong><strong>\u00a0STRAIN | \u00a0<\/strong><strong>LIFE SAVERS\u00a0<\/strong><strong>WEED STRAIN | CALI\u00a0<\/strong><strong>LIFE SAVERS\u00a0<\/strong><strong>| CALI\u00a0<\/strong><strong>LIFE SAVERS\u00a0<\/strong><strong>\u00a0STRAIN<\/strong><\/h5>\n<p>Abschlie\u00dfend l\u00e4sst sich sagen, dass Lifesaver seinem Namen in Bezug auf den bonbonartigen Geschmack und die F\u00e4higkeit, chronische Schmerzen zu lindern, definitiv gerecht wird. Diese indica-dominante Kreuzung aus den Z\u00fcchterst\u00e4mmen BOG Bubble und Subcool JCB wurde speziell entwickelt, um den besonderen Anforderungen von Schmerzpatienten gerecht zu werden. Mit einem entspannenden Trauben- und Kaugummiaroma ist dieser Strain einen Versuch wert f\u00fcr diejenigen, die nach einem st\u00e4rkeren, medikament\u00f6sen Gef\u00fchl suchen. Lifesaver bl\u00fcht schnell, normalerweise innerhalb von 8 Wochen.<\/p>\n<p class=\"translation-block\">Wenn richtig getrocknet, verstr\u00f6mt Lifesaver ein fruchtiges, beeriges Aroma. Bei n\u00e4herer Betrachtung gibt es auch einige Hinweise auf Zitrone und Traube. Beim Zerkleinern oder Zerrei\u00dfen dieser Bl\u00fcten treten einige leicht kr\u00e4utrige Noten hervor, die auf das <a target=\"_blank\" rel=\"noopener\">Jack Herer<\/a>-Erbe der Sorte hinweisen. Beim Verbrennen erzeugt Lifesaver einen glatten und angenehmen Rauch, der beim Ausatmen einzigartig s\u00fc\u00df und s\u00e4uerlich schmeckt. Wer seine Konsumgewohnheiten diskret halten m\u00f6chte, sollte Vorsichtsma\u00dfnahmen treffen, da dieser Strain einen sehr starken Rauch erzeugen kann.<\/p>","protected":false},"excerpt":{"rendered":"<p><strong>Cali Bud Life Savers<\/strong><br \/> Cali Bud Life Savers Cannabis-Sorte ist einer der besten Cali Bud oder No Bud Geschmacksrichtungen. Wenn es um s\u00fc\u00dfigkeitenartige Aromen und die F\u00e4higkeit geht, chronische und wiederkehrende Schmerzen zu lindern\u2026, erf\u00fcllt Life Savers definitiv seinen Namen. Life Savers ist eine indica-dominante Hybrid-Sorte mit 78%. Mit einem Duft von Traube und Kaugummi ist diese Sorte definitiv einen Versuch wert f\u00fcr diejenigen, die nach einem st\u00e4rkeren, sedierenden Gef\u00fchl suchen.<\/p>\n<div data-testid=\"product-description\">\n<div class=\"truncate-lines__Wrapper-sc-1lknwty-0 YxHAC\">\n<div data-testid=\"truncated-description\">\n<div>\n<div class=\"text__Text-sc-fif1uk-0 kdmKRD\">\n<div class=\"src__Box-sc-1sbtrzs-0 src__Flex-sc-1sbtrzs-1 kWPFqZ hzdsvF\">\n<div>MUSTER-PRODUKTKATEGORIEN<\/div>\n<\/p><\/div>\n<\/p><\/div>\n<\/p><\/div>\n<\/p><\/div>\n<\/p><\/div>\n<\/p><\/div>\n<div class=\"text__Text-sc-fif1uk-0 htoJfX\"><a href=\"https:\/\/jeetersofficial.com\/product-category\/buy-cali-buds\/\">CALI BUDS<\/a><\/div>\n<div data-testid=\"product-description\">\n<div class=\"truncate-lines__Wrapper-sc-1lknwty-0 YxHAC\">\n<div data-testid=\"truncated-description\">\n<div class=\"text__Text-sc-fif1uk-0 kdmKRD\"><a href=\"https:\/\/jeetersofficial.com\/product-category\/backpack-boyz\/\">Backpack\u00a0 Boyz<\/a><\/div>\n<div><a href=\"https:\/\/jeetersofficial.com\/product-category\/snow-balls-weed\/\">SNOWBALLS WEED<\/a><\/div>\n<div><a href=\"https:\/\/jeetersofficial.com\/product-category\/persy-snowcaps\/\">Persy Snowcaps<\/a><\/div>\n<div><a href=\"https:\/\/jeetersofficial.com\/product-category\/drip-snowcaps\/\">Drip Snowcaps<\/a><\/div>\n<div><a href=\"https:\/\/jeetersofficial.com\/product-category\/concentrates\/\">CALI CONCENTRATES<\/a><\/div>\n<div><a href=\"https:\/\/jeetersofficial.com\/product-category\/doja-exclusive\/\">CALI DOJA PACKS EXCLUSIVE<\/a><\/div>\n<div><a href=\"https:\/\/jeetersofficial.com\/product-category\/marijuana-flowers\/\">CALI MARIJUANA FLOWERS<\/a><\/div>\n<\/p><\/div>\n<\/p><\/div>\n<\/p><\/div>\n<div><a href=\"https:\/\/jeetersofficial.com\/product-category\/sativa-strain\/\">CALI SATIVA STRAINS<\/a><\/div>\n<div><a href=\"https:\/\/jeetersofficial.com\/product-category\/indica\/\">CALI INDICA STRAINS<\/a><\/div>\n<div><a href=\"https:\/\/jeetersofficial.com\/product-category\/hybrid-weed\/\">CALI HYBRID WEED<\/a><\/div>","protected":false},"featured_media":1668,"comment_status":"closed","ping_status":"closed","template":"","meta":{"_uag_custom_page_level_css":"","site-sidebar-layout":"default","site-content-layout":"","ast-site-content-layout":"","site-content-style":"default","site-sidebar-style":"default","ast-global-header-display":"","ast-banner-title-visibility":"","ast-main-header-display":"","ast-hfb-above-header-display":"","ast-hfb-below-header-display":"","ast-hfb-mobile-header-display":"","site-post-title":"","ast-breadcrumbs-content":"","ast-featured-img":"","footer-sml-layout":"","theme-transparent-header-meta":"","adv-header-id-meta":"","stick-header-meta":"","header-above-stick-meta":"","header-main-stick-meta":"","header-below-stick-meta":"","astra-migrate-meta-layouts":"default","ast-page-background-enabled":"default","ast-page-background-meta":{"desktop":{"background-color":"var(--ast-global-color-4)","background-image":"","background-repeat":"repeat","background-position":"center center","background-size":"auto","background-attachment":"scroll","background-type":"","background-media":"","overlay-type":"","overlay-color":"","overlay-opacity":"","overlay-gradient":""},"tablet":{"background-color":"","background-image":"","background-repeat":"repeat","background-position":"center center","background-size":"auto","background-attachment":"scroll","background-type":"","background-media":"","overlay-type":"","overlay-color":"","overlay-opacity":"","overlay-gradient":""},"mobile":{"background-color":"","background-image":"","background-repeat":"repeat","background-position":"center center","background-size":"auto","background-attachment":"scroll","background-type":"","background-media":"","overlay-type":"","overlay-color":"","overlay-opacity":"","overlay-gradient":""}},"ast-content-background-meta":{"desktop":{"background-color":"var(--ast-global-color-5)","background-image":"","background-repeat":"repeat","background-position":"center center","background-size":"auto","background-attachment":"scroll","background-type":"","background-media":"","overlay-type":"","overlay-color":"","overlay-opacity":"","overlay-gradient":""},"tablet":{"background-color":"var(--ast-global-color-5)","background-image":"","background-repeat":"repeat","background-position":"center center","background-size":"auto","background-attachment":"scroll","background-type":"","background-media":"","overlay-type":"","overlay-color":"","overlay-opacity":"","overlay-gradient":""},"mobile":{"background-color":"var(--ast-global-color-5)","background-image":"","background-repeat":"repeat","background-position":"center center","background-size":"auto","background-attachment":"scroll","background-type":"","background-media":"","overlay-type":"","overlay-color":"","overlay-opacity":"","overlay-gradient":""}}},"product_brand":[],"product_cat":[675],"product_tag":[480,481,482,483,484,472,485,486,462,487,488],"class_list":{"0":"post-1748","1":"product","2":"type-product","3":"status-publish","4":"has-post-thumbnail","6":"product_cat-buy-cali-buds","7":"product_tag-buy-life-savers-cali-bud-or-no-bud-online","8":"product_tag-cali-bud-or-no-bud-for-sale","9":"product_tag-cali-bud-or-no-bud-life-savers","10":"product_tag-cali-bud-or-no-bud-life-savers-for-sale","11":"product_tag-cali-bud-or-no-bud-life-savers-near-me","12":"product_tag-cali-bud-or-no-bud-near-me","13":"product_tag-cali-life-savers","14":"product_tag-cali-life-savers-strain","15":"product_tag-cali-plug-cali-bud-or-no-bud","16":"product_tag-life-savers-cali-bud-or-no-bud","17":"product_tag-life-savers-cali-bud-or-no-bud-for-sale","18":"desktop-align-center","19":"tablet-align-left","20":"mobile-align-left","22":"first","23":"instock","24":"shipping-taxable","25":"purchasable","26":"product-type-variable"},"uagb_featured_image_src":{"full":["https:\/\/caliweedeurope.com\/wp-content\/uploads\/2024\/11\/IMG-0234.jpg",956,1276,false],"thumbnail":["https:\/\/caliweedeurope.com\/wp-content\/uploads\/2024\/11\/IMG-0234-150x150.jpg",150,150,true],"medium":["https:\/\/caliweedeurope.com\/wp-content\/uploads\/2024\/11\/IMG-0234-225x300.jpg",225,300,true],"medium_large":["https:\/\/caliweedeurope.com\/wp-content\/uploads\/2024\/11\/IMG-0234-768x1025.jpg",768,1025,true],"large":["https:\/\/caliweedeurope.com\/wp-content\/uploads\/2024\/11\/IMG-0234-767x1024.jpg",767,1024,true],"1536x1536":["https:\/\/caliweedeurope.com\/wp-content\/uploads\/2024\/11\/IMG-0234.jpg",956,1276,false],"2048x2048":["https:\/\/caliweedeurope.com\/wp-content\/uploads\/2024\/11\/IMG-0234.jpg",956,1276,false],"trp-custom-language-flag":["https:\/\/caliweedeurope.com\/wp-content\/uploads\/2024\/11\/IMG-0234.jpg",9,12,false],"woocommerce_thumbnail":["https:\/\/caliweedeurope.com\/wp-content\/uploads\/2024\/11\/IMG-0234-300x300.jpg",300,300,true],"woocommerce_single":["https:\/\/caliweedeurope.com\/wp-content\/uploads\/2024\/11\/IMG-0234-600x801.jpg",600,801,true],"woocommerce_gallery_thumbnail":["https:\/\/caliweedeurope.com\/wp-content\/uploads\/2024\/11\/IMG-0234-100x100.jpg",100,100,true]},"uagb_author_info":{"display_name":"jetskiforsaleuk@gmail.com","author_link":"https:\/\/caliweedeurope.com\/de\/author\/"},"uagb_comment_info":0,"uagb_excerpt":"Cali bud Life Savers Cali bud Life Savers\u00a0cannabis strain\u00a0is one of the best\u00a0Cali bud or no bud flavors. When it comes to candy-like tastes and the capacity to eradicate chronic and repeated pain\u2026., Life Savers certainly satisfies its name. The Life Savers is an Indica-predominant hybrid strain with 78%. Unwinding with a grape and air&hellip;","_links":{"self":[{"href":"https:\/\/caliweedeurope.com\/de\/wp-json\/wp\/v2\/product\/1748"}],"collection":[{"href":"https:\/\/caliweedeurope.com\/de\/wp-json\/wp\/v2\/product"}],"about":[{"href":"https:\/\/caliweedeurope.com\/de\/wp-json\/wp\/v2\/types\/product"}],"replies":[{"embeddable":true,"href":"https:\/\/caliweedeurope.com\/de\/wp-json\/wp\/v2\/comments?post=1748"}],"wp:featuredmedia":[{"embeddable":true,"href":"https:\/\/caliweedeurope.com\/de\/wp-json\/wp\/v2\/media\/1668"}],"wp:attachment":[{"href":"https:\/\/caliweedeurope.com\/de\/wp-json\/wp\/v2\/media?parent=1748"}],"wp:term":[{"taxonomy":"product_brand","embeddable":true,"href":"https:\/\/caliweedeurope.com\/de\/wp-json\/wp\/v2\/product_brand?post=1748"},{"taxonomy":"product_cat","embeddable":true,"href":"https:\/\/caliweedeurope.com\/de\/wp-json\/wp\/v2\/product_cat?post=1748"},{"taxonomy":"product_tag","embeddable":true,"href":"https:\/\/caliweedeurope.com\/de\/wp-json\/wp\/v2\/product_tag?post=1748"}],"curies":[{"name":"wp","href":"https:\/\/api.w.org\/{rel}","templated":true}]}}