{"id":1754,"date":"2024-11-05T18:39:15","date_gmt":"2024-11-05T18:39:15","guid":{"rendered":"https:\/\/caliweedeurope.com\/?post_type=product&#038;p=1754"},"modified":"2024-11-05T18:39:18","modified_gmt":"2024-11-05T18:39:18","slug":"buy-cali-bud-marshmallow-strain-online","status":"publish","type":"product","link":"https:\/\/caliweedeurope.com\/de\/product\/buy-cali-bud-marshmallow-strain-online\/","title":{"rendered":"Buy Cali Bud Marshmallow Strain Online"},"content":{"rendered":"<h1 style=\"text-align: center\"><strong>\u00a0 \u00a0 \u00a0<\/strong><strong>MARSHMALLOW <\/strong><strong>CALI BUD OR NO BUD\u00a0|<\/strong><strong>\u00a0CALI BUD OR NO BUD\u00a0<\/strong><strong>MARSHMALLOW <\/strong><strong>|<\/strong><strong>\u00a0CALI PLUG CALI BUD OR NO BUD<\/strong><\/h1>\n<p><strong>Cali Bud oder No Bud Marshmallow Strain<\/strong><\/p>\n<p>Zu Beginn ist Marshmallow Kush ein Ph\u00e4notyp von Girl Scout Cookies. Benannt nach seinen wolkigen wei\u00dfen Trichomen und klebrigen Knospen, riecht diese Sorte nach s\u00fc\u00dfen, minzigen Terpenen mit einem charmanten, grittigen Hauch. Marshmallow verleiht den Konsumenten einen gl\u00fccklichen, entspannenden Rausch. Die angenehme Euphorie dieser Sorte kann helfen, die Stimmung zu verbessern, den Appetit zu stimulieren und bei Unruhe zu unterst\u00fctzen.<\/p>\n<h2 style=\"text-align: center\"><strong>BUY\u00a0<\/strong><strong>MARSHMALLOW\u00a0<\/strong><strong>CALI BUD OR NO BUD\u00a0 ONLINE | BUY CALI BUD OR NO BUD\u00a0<\/strong><strong>MARSHMALLOW\u00a0<\/strong><strong>ONLINE | BUY CALI BUD OR NO BUD ONLINE<\/strong><\/h2>\n<p><strong>Cali Bud Marshmallow Strain<\/strong><\/p>\n<p>Zuerst, wir sind hier, um Ihnen die besten 420 Cannabis-Bestellservices anzubieten. Nachdem wir den Stress untersucht haben, der mit der Fahrt zur Apotheke verbunden ist, um Ihr medizinisches Marihuana f\u00fcr Schmerzen und Linderung zu bekommen, haben wir beschlossen, der 420-Community zu helfen, indem wir Rezepte und Cannabislieferungen direkt vor Ihre T\u00fcr liefern, ohne Unannehmlichkeiten. Wir liefern in alle 50 Bundesstaaten der USA, Kanada und Europa. F\u00fcr weitere Informationen kontaktieren Sie uns, da wir immer online sind und Ihnen helfen, das Beste zu bekommen.<\/p>\n<h3 style=\"text-align: center\"><strong>MARSHMALLOW\u00a0<\/strong><strong>CALI BUD OR NO BUD FOR SALE | CALI BUD OR NO BUD\u00a0\u00a0<\/strong><strong>MARSHMALLOW\u00a0<\/strong><strong>FOR SALE | CALI BUD OR NO BUD\u00a0 FOR SALE<\/strong><\/h3>\n<p><strong>Kaufe Marshmallow Strain Warnung<\/strong><\/p>\n<p>Zweitens, dieses Produkt enth\u00e4lt Cannabis, eine geplante Substanz. Au\u00dferhalb der Reichweite von Kindern und Tieren aufbewahren. Cannabisprodukte d\u00fcrfen nur von Personen \u00fcber 25 Jahren besessen oder konsumiert werden, es sei denn, die Person ist ein qualifizierter Patient. Die berauschenden Wirkungen von Cannabisprodukten k\u00f6nnen bis zu zwei Stunden anhalten. Die Verwendung von Cannabis w\u00e4hrend der Schwangerschaft oder Stillzeit kann sch\u00e4dlich sein. Der Konsum dieser Produkte beeintr\u00e4chtigt Ihre F\u00e4higkeit, ein Fahrzeug zu f\u00fchren oder Maschinen zu bedienen. Bitte seien Sie \u00e4u\u00dferst vorsichtig, bevor Sie die Marshmallow-Cannabis-Sorte online kaufen und konsumieren. Kaufen Sie Cali Bud oder No Bud.<\/p>\n<p data-renderer-start-pos=\"764\"><strong data-renderer-mark=\"true\">Marshmallow OG Strain Effekte<\/strong><\/p>\n<p data-renderer-start-pos=\"796\" class=\"translation-block\">Marshmallow OG findet den perfekten Platz f\u00fcr einen ausgewogenen Hybrid-High, mit Indica-lastigen <a href=\"https:\/\/caliplugcarts.com\/product-category\/cali-carts\/\" target=\"_blank\" rel=\"noopener\">Effekten<\/a>, die durch ein angenehmes zerebrales High erg\u00e4nzt werden. Es beginnt mit einer erhebenden Euphorie in der Stirn und hinter den Augen, die dich fr\u00f6hlich, aber benommen und ein wenig verwirrt zur\u00fcckl\u00e4sst. Wenn das High intensiver wird, breitet es sich in warmen Wellen \u00fcber den Rest deines K\u00f6rpers aus und hinterl\u00e4sst ein Kribbeln, das jegliche Schmerzen und Beschwerden von Kopf bis Fu\u00df bet\u00e4ubt. Dies wird dich in einen tiefen Entspannungszustand versetzen. Marshmallow Weed<\/p>\n<p data-renderer-start-pos=\"1289\"><strong data-renderer-mark=\"true\">Marshmallow OG Strain Aromen<\/strong><\/p>\n<p data-renderer-start-pos=\"1321\">Bei jedem Ausatmen begeistert Marshmallow OG mit einem zuckers\u00fc\u00dfen Geschmack und Nuancen von Honig und Kiefer.<\/p>\n<p data-renderer-start-pos=\"1416\"><strong data-renderer-mark=\"true\">Geruch der Marshmallow OG Strain<\/strong><\/p>\n<p data-renderer-start-pos=\"1446\">Es ist keine \u00dcberraschung, dass diese Blume nach einer T\u00fcte Marshmallows mit einem scharfen Kr\u00e4utergeschmack riecht.<\/p>\n<p data-renderer-start-pos=\"300\"><strong data-renderer-mark=\"true\">Anbauinformationen zur Marshmallow OG Strain<\/strong><\/p>\n<p data-renderer-start-pos=\"337\">Marshmallow OG gedeiht sehr gut in Innenr\u00e4umen. Die Bl\u00fctezeit dauert je nach Bedingungen 9 bis 9,5 Wochen. Marshmallow OG enth\u00e4lt flauschige, aber dichte olivgr\u00fcne Knospen mit reichen violetten \u00dcbertonen und H\u00e4rchen sowie einer frostigen wei\u00dfen Schicht aus milchigen Kristalltrichomen.<\/p>\n<h4 style=\"text-align: center\"><strong>CALI BUD OR NO BUD \u00a0<\/strong><strong>MARSHMALLOW\u00a0<\/strong><strong>\u00a0NEAR ME |\u00a0<\/strong><strong>MARSHMALLOW\u00a0<\/strong><strong>CALI BUD OR NO BUD\u00a0\u00a0 NEAR ME | CALI BUD OR NO BUD \u00a0NEAR ME<\/strong><\/h4>\n<p class=\"translation-block\"><b>Marshmallow OG<\/b> ist eine <a href=\"https:\/\/www.leafly.com\/strains\/lists\/category\/hybrid\" target=\"_blank\" rel=\"noopener\">hybride Marihuanasorte<\/a>. Wir lernen noch die Aromen und Effekte von Marshmallow OG kennen \u2013 wenn du diese Sorte schon geraucht, gedabbt oder konsumiert hast, erz\u00e4hle uns davon, indem du eine Bewertung hinterl\u00e4sst.<\/p>\n<p data-renderer-start-pos=\"50\"><strong data-renderer-mark=\"true\">Was f\u00fcr eine Sorte ist Marshmallow OG?<\/strong><\/p>\n<p data-renderer-start-pos=\"83\">Marshmallow OG ist eine Kreuzung aus den Sorten Chem D, Triangle Kush und Jet Fuel Gelato.<\/p>\n<p data-renderer-start-pos=\"172\"><strong data-renderer-mark=\"true\">Ist Marshmallow OG eine Indica oder Sativa?<\/strong><\/p>\n<p data-renderer-start-pos=\"214\">Marshmallow OG ist eine Hybrid-Sorte, die etwas n\u00e4her an der Indica-Seite bleibt.<\/p>\n<p data-renderer-start-pos=\"620\"><strong data-renderer-mark=\"true\">Marshmallow OG THC-Gehalt<\/strong><\/p>\n<p data-renderer-start-pos=\"647\">Don\u2019t let the cute name fool you this flower has a 27.9% THC content that would grasp your body and mind with ease.<\/p>\n<h5 style=\"text-align: center\"><strong>MARSHMALLOW\u00a0<\/strong><strong>\u00a0STRAIN | \u00a0<\/strong><strong>MARSHMALLOW\u00a0<\/strong><strong>WEED STRAIN | CALI\u00a0<\/strong><strong>MARSHMALLOW\u00a0<\/strong><strong>| CALI\u00a0<\/strong><strong>MARSHMALLOW\u00a0<\/strong><strong>\u00a0STRAIN<\/strong><\/h5>\n<div class=\"variety-percentage-wrap\">\n<h4 class=\"variety translation-block\"><a href=\"https:\/\/www.allbud.com\/marijuana-strains\/variety\/indica-dominant-hybrid\" target=\"_blank\" rel=\"noopener\">Indica Dominant Hybrid<\/a> <span class=\"hidden-xs\">\u2013 <\/span><span class=\"strain-percentages\">70% Indica \/ 30% Sativa<\/span><\/h4>\n<h4 class=\"percentage\"><span class=\"heading\">THC:\u00a0<\/span>14%<\/h4>\n<\/p><\/div>\n<p class=\"translation-block\">Abschlie\u00dfend l\u00e4sst sich sagen, dass Marshmallow eine indica-dominante Hybrid-Sorte ist, die durch eine Kreuzung der klassischen OG Kush X mit einer unbekannten Sorte entstanden ist. Obwohl der zweite Elternteil aufgrund der Geheimhaltung des Z\u00fcchters unbekannt ist, wird angenommen, dass Marshmallow ein Nachkomme der <a href=\"https:\/\/www.allbud.com\/marijuana-strains\/hybrid\/bubble-gum\" target=\"_blank\" rel=\"noopener\">Bubble Gum<\/a>-Familie ist, aufgrund seines extrem s\u00fc\u00dfen, zuckerhaltigen Geschmacks und der sanften indica-Effekte. Wie der Name schon sagt, hat Marshmallow einen super s\u00fc\u00dfen Bonbon-Geschmack, der von nussigem Honig und einem Hauch von Fruchtigkeit begleitet wird.<\/p>\n<div data-testid=\"product-description\">\n<div class=\"truncate-lines__Wrapper-sc-1lknwty-0 YxHAC\">\n<div data-testid=\"truncated-description\">\n<div>\n<div class=\"text__Text-sc-fif1uk-0 kdmKRD\">\n<div class=\"src__Box-sc-1sbtrzs-0 src__Flex-sc-1sbtrzs-1 kWPFqZ hzdsvF\"><\/div>\n<\/p><\/div>\n<\/p><\/div>\n<\/p><\/div>\n<\/p><\/div>\n<\/p><\/div>","protected":false},"excerpt":{"rendered":"<p>Marshmallow Kush ist ein Ph\u00e4notyp von Girl Scout Cookies. Benannt nach seinen wolkigen wei\u00dfen Trichomen und klebrigen Knospen, riecht diese Sorte nach s\u00fc\u00dfen, minzigen Terpenen mit einem charmanten, grittigen Hauch. Marshmallow verleiht den Konsumenten einen gl\u00fccklichen, entspannenden Rausch. Die angenehme Euphorie der Sorte kann helfen, die Stimmung zu verbessern, den Appetit zu stimulieren und bei Unruhe zu unterst\u00fctzen.<\/p>\n<div data-testid=\"product-description\">\n<div class=\"truncate-lines__Wrapper-sc-1lknwty-0 YxHAC\">\n<div data-testid=\"truncated-description\">\n<div>\n<div class=\"text__Text-sc-fif1uk-0 kdmKRD\">\n<div class=\"src__Box-sc-1sbtrzs-0 src__Flex-sc-1sbtrzs-1 kWPFqZ hzdsvF\">\n<div>MUSTER-PRODUKTKATEGORIEN<\/div>\n<\/p><\/div>\n<\/p><\/div>\n<\/p><\/div>\n<\/p><\/div>\n<\/p><\/div>\n<\/p><\/div>\n<div class=\"text__Text-sc-fif1uk-0 htoJfX\"><a href=\"https:\/\/jeetersofficial.com\/product-category\/buy-cali-buds\/\">CALI BUDS<\/a><\/div>\n<div data-testid=\"product-description\">\n<div class=\"truncate-lines__Wrapper-sc-1lknwty-0 YxHAC\">\n<div data-testid=\"truncated-description\">\n<div class=\"text__Text-sc-fif1uk-0 kdmKRD\"><a href=\"https:\/\/jeetersofficial.com\/product-category\/backpack-boyz\/\">Backpack\u00a0 Boyz<\/a><\/div>\n<div><a href=\"https:\/\/jeetersofficial.com\/product-category\/snow-balls-weed\/\">SNOWBALLS WEED<\/a><\/div>\n<div><a href=\"https:\/\/jeetersofficial.com\/product-category\/persy-snowcaps\/\">Persy Snowcaps<\/a><\/div>\n<div><a href=\"https:\/\/jeetersofficial.com\/product-category\/drip-snowcaps\/\">Drip Snowcaps<\/a><\/div>\n<div><a href=\"https:\/\/jeetersofficial.com\/product-category\/concentrates\/\">CALI CONCENTRATES<\/a><\/div>\n<div><a href=\"https:\/\/jeetersofficial.com\/product-category\/doja-exclusive\/\">CALI DOJA PACKS EXCLUSIVE<\/a><\/div>\n<div><a href=\"https:\/\/jeetersofficial.com\/product-category\/marijuana-flowers\/\">CALI MARIJUANA FLOWERS<\/a><\/div>\n<\/p><\/div>\n<\/p><\/div>\n<\/p><\/div>\n<div><a href=\"https:\/\/jeetersofficial.com\/product-category\/sativa-strain\/\">CALI SATIVA STRAINS<\/a><\/div>\n<div><a href=\"https:\/\/jeetersofficial.com\/product-category\/indica\/\">CALI INDICA STRAINS<\/a><\/div>\n<div><a href=\"https:\/\/jeetersofficial.com\/product-category\/hybrid-weed\/\">CALI HYBRID WEED<\/a><\/div>","protected":false},"featured_media":1669,"comment_status":"closed","ping_status":"closed","template":"","meta":{"_uag_custom_page_level_css":"","site-sidebar-layout":"default","site-content-layout":"","ast-site-content-layout":"","site-content-style":"default","site-sidebar-style":"default","ast-global-header-display":"","ast-banner-title-visibility":"","ast-main-header-display":"","ast-hfb-above-header-display":"","ast-hfb-below-header-display":"","ast-hfb-mobile-header-display":"","site-post-title":"","ast-breadcrumbs-content":"","ast-featured-img":"","footer-sml-layout":"","theme-transparent-header-meta":"","adv-header-id-meta":"","stick-header-meta":"","header-above-stick-meta":"","header-main-stick-meta":"","header-below-stick-meta":"","astra-migrate-meta-layouts":"default","ast-page-background-enabled":"default","ast-page-background-meta":{"desktop":{"background-color":"var(--ast-global-color-4)","background-image":"","background-repeat":"repeat","background-position":"center center","background-size":"auto","background-attachment":"scroll","background-type":"","background-media":"","overlay-type":"","overlay-color":"","overlay-opacity":"","overlay-gradient":""},"tablet":{"background-color":"","background-image":"","background-repeat":"repeat","background-position":"center center","background-size":"auto","background-attachment":"scroll","background-type":"","background-media":"","overlay-type":"","overlay-color":"","overlay-opacity":"","overlay-gradient":""},"mobile":{"background-color":"","background-image":"","background-repeat":"repeat","background-position":"center center","background-size":"auto","background-attachment":"scroll","background-type":"","background-media":"","overlay-type":"","overlay-color":"","overlay-opacity":"","overlay-gradient":""}},"ast-content-background-meta":{"desktop":{"background-color":"var(--ast-global-color-5)","background-image":"","background-repeat":"repeat","background-position":"center center","background-size":"auto","background-attachment":"scroll","background-type":"","background-media":"","overlay-type":"","overlay-color":"","overlay-opacity":"","overlay-gradient":""},"tablet":{"background-color":"var(--ast-global-color-5)","background-image":"","background-repeat":"repeat","background-position":"center center","background-size":"auto","background-attachment":"scroll","background-type":"","background-media":"","overlay-type":"","overlay-color":"","overlay-opacity":"","overlay-gradient":""},"mobile":{"background-color":"var(--ast-global-color-5)","background-image":"","background-repeat":"repeat","background-position":"center center","background-size":"auto","background-attachment":"scroll","background-type":"","background-media":"","overlay-type":"","overlay-color":"","overlay-opacity":"","overlay-gradient":""}}},"product_brand":[],"product_cat":[675],"product_tag":[489,490,491,492,481,493,494,495,472,473,496,497,498,499,500,501,502,503,504],"class_list":{"0":"post-1754","1":"product","2":"type-product","3":"status-publish","4":"has-post-thumbnail","6":"product_cat-buy-cali-buds","7":"product_tag-best-cali-packs","8":"product_tag-buy-cali-bud-or-no-bud-marshmallow-online","9":"product_tag-buy-cali-bud-or-no-bud-online","10":"product_tag-cali-bud-or-no-bud","11":"product_tag-cali-bud-or-no-bud-for-sale","12":"product_tag-cali-bud-or-no-bud-marshmallow","13":"product_tag-cali-bud-or-no-bud-marshmallow-for-sale","14":"product_tag-cali-bud-or-no-bud-marshmallow-near-me","15":"product_tag-cali-bud-or-no-bud-near-me","16":"product_tag-cali-buds","17":"product_tag-cali-marshmallow","18":"product_tag-cannabis-strains","19":"product_tag-marshmallow-cali-bud-or-no-bud","20":"product_tag-marshmallow-cali-bud-or-no-bud-for-sale","21":"product_tag-marshmallow-cali-bud-or-no-bud-near-me","22":"product_tag-marshmallow-strain","23":"product_tag-marshmallow-weed-strain","24":"product_tag-top-cali-bud-packs","25":"product_tag-topo-cali-bags","26":"desktop-align-center","27":"tablet-align-left","28":"mobile-align-left","30":"first","31":"instock","32":"shipping-taxable","33":"purchasable","34":"product-type-variable"},"uagb_featured_image_src":{"full":["https:\/\/caliweedeurope.com\/wp-content\/uploads\/2024\/11\/fullsizeoutput-e1579244645542.jpeg",570,850,false],"thumbnail":["https:\/\/caliweedeurope.com\/wp-content\/uploads\/2024\/11\/fullsizeoutput-e1579244645542-150x150.jpeg",150,150,true],"medium":["https:\/\/caliweedeurope.com\/wp-content\/uploads\/2024\/11\/fullsizeoutput-e1579244645542-201x300.jpeg",201,300,true],"medium_large":["https:\/\/caliweedeurope.com\/wp-content\/uploads\/2024\/11\/fullsizeoutput-e1579244645542.jpeg",570,850,false],"large":["https:\/\/caliweedeurope.com\/wp-content\/uploads\/2024\/11\/fullsizeoutput-e1579244645542.jpeg",570,850,false],"1536x1536":["https:\/\/caliweedeurope.com\/wp-content\/uploads\/2024\/11\/fullsizeoutput-e1579244645542.jpeg",570,850,false],"2048x2048":["https:\/\/caliweedeurope.com\/wp-content\/uploads\/2024\/11\/fullsizeoutput-e1579244645542.jpeg",570,850,false],"trp-custom-language-flag":["https:\/\/caliweedeurope.com\/wp-content\/uploads\/2024\/11\/fullsizeoutput-e1579244645542.jpeg",8,12,false],"woocommerce_thumbnail":["https:\/\/caliweedeurope.com\/wp-content\/uploads\/2024\/11\/fullsizeoutput-e1579244645542-300x300.jpeg",300,300,true],"woocommerce_single":["https:\/\/caliweedeurope.com\/wp-content\/uploads\/2024\/11\/fullsizeoutput-e1579244645542.jpeg",570,850,false],"woocommerce_gallery_thumbnail":["https:\/\/caliweedeurope.com\/wp-content\/uploads\/2024\/11\/fullsizeoutput-e1579244645542-100x100.jpeg",100,100,true]},"uagb_author_info":{"display_name":"jetskiforsaleuk@gmail.com","author_link":"https:\/\/caliweedeurope.com\/de\/author\/"},"uagb_comment_info":0,"uagb_excerpt":"Marshmallow kush is a Girl Scout Cookies phenotype. Named for its cloudy white trichomes and sticky buds, this strain smells of sweet, minty terpenes with a charming gritty hint. Marshmallow imbues consumers with a happy, relaxing buzz. The strain\u2019s pleasant euphoria can help improve mood, stimulate appetite, and assist with restlessness. SAMPLE PRODUCT CATEGORIES CALI&hellip;","_links":{"self":[{"href":"https:\/\/caliweedeurope.com\/de\/wp-json\/wp\/v2\/product\/1754"}],"collection":[{"href":"https:\/\/caliweedeurope.com\/de\/wp-json\/wp\/v2\/product"}],"about":[{"href":"https:\/\/caliweedeurope.com\/de\/wp-json\/wp\/v2\/types\/product"}],"replies":[{"embeddable":true,"href":"https:\/\/caliweedeurope.com\/de\/wp-json\/wp\/v2\/comments?post=1754"}],"wp:featuredmedia":[{"embeddable":true,"href":"https:\/\/caliweedeurope.com\/de\/wp-json\/wp\/v2\/media\/1669"}],"wp:attachment":[{"href":"https:\/\/caliweedeurope.com\/de\/wp-json\/wp\/v2\/media?parent=1754"}],"wp:term":[{"taxonomy":"product_brand","embeddable":true,"href":"https:\/\/caliweedeurope.com\/de\/wp-json\/wp\/v2\/product_brand?post=1754"},{"taxonomy":"product_cat","embeddable":true,"href":"https:\/\/caliweedeurope.com\/de\/wp-json\/wp\/v2\/product_cat?post=1754"},{"taxonomy":"product_tag","embeddable":true,"href":"https:\/\/caliweedeurope.com\/de\/wp-json\/wp\/v2\/product_tag?post=1754"}],"curies":[{"name":"wp","href":"https:\/\/api.w.org\/{rel}","templated":true}]}}