{"id":1760,"date":"2024-11-05T18:39:16","date_gmt":"2024-11-05T18:39:16","guid":{"rendered":"https:\/\/caliweedeurope.com\/?post_type=product&#038;p=1760"},"modified":"2024-11-05T18:39:18","modified_gmt":"2024-11-05T18:39:18","slug":"buy-cali-bud-pinkberry-strain-online","status":"publish","type":"product","link":"https:\/\/caliweedeurope.com\/de\/product\/buy-cali-bud-pinkberry-strain-online\/","title":{"rendered":"Buy Cali Bud Pinkberry Strain Online"},"content":{"rendered":"<h1 style=\"text-align: center\"><strong>\u00a0\u00a0 \u00a0<\/strong><strong>PINKBERRY <\/strong><strong>CALI BUD OR NO BUD\u00a0|<\/strong><strong>\u00a0CALI BUD OR NO BUD\u00a0<\/strong><strong>PINKBERRY <\/strong><strong>|<\/strong><strong>\u00a0CALI PLUG CALI BUD OR NO BUD<\/strong><\/h1>\n<p><strong>Cali Bud Pinkberry Strain<\/strong><\/p>\n<p>Cali Pinkberry ist eine sehr einflussreiche Cannabis-Hybridsorte, die durch die Kreuzung von Erdbeere und Grape Ape entstanden ist. Diese erstaunliche Sorte ist am besten f\u00fcr Patienten geeignet, die unter Angstzust\u00e4nden und chronischen Schmerzen leiden. Pinkberry Weed<\/p>\n<p class=\"translation-block\"><b>Pink Berry<\/b> von Apothecary Genetics ist ein k\u00f6stlicher, indica-dominanter Strain mit entspannender Wirkung. Dieser Strain ist die kraftvolle Kombination aus <a href=\"https:\/\/www.leafly.com\/strains\/pink-champagne\" target=\"_blank\" rel=\"noopener\">Pink Champagne<\/a> und <a href=\"https:\/\/www.leafly.com\/strains\/blackberry\" target=\"_blank\" rel=\"noopener\">Blackberry<\/a>, die s\u00fc\u00dfe, fruchtige Obert\u00f6ne bietet und gleichzeitig tief in OG-Genetik verwurzelt bleibt. Pink Berry erf\u00fcllt den Geist mit aufmunternder, euphorischer Energie, w\u00e4hrend es gleichzeitig die Gliedma\u00dfen mit tiefer Entspannung beschwert, was ihn ideal f\u00fcr Konsumenten macht, die nach Erleichterung bei Unruhe, chronischen k\u00f6rperlichen Schmerzen und gereizten Stimmungen suchen. pink berry strain<\/p>\n<h2 style=\"text-align: center\"><strong>\u00a0BUY\u00a0<\/strong><strong>PINKBERRY <\/strong><strong>CALI BUD OR NO BUD\u00a0 ONLINE | BUY CALI BUD OR NO BUD\u00a0<\/strong><strong>PINKBERRY <\/strong><strong>ONLINE | BUY CALI BUD OR NO BUD ONLINE<\/strong><\/h2>\n<p><strong>Medizinische Anwendungen von Pinkberry<\/strong><\/p>\n<p>Diese Sorte garantiert sofortige Linderung von Schmerzen zur Erleichterung. Ihre leichten, echten Effekte k\u00f6nnen einige pochende Schmerzen sowie \u00dcbelkeit lindern. Die Sorte kann auch helfen, die Symptome von PTSD zu bek\u00e4mpfen. Der Cali Plug bietet sicheren Zugang zu hochwertigen medizinischen Cannabis-Sorten, um die Gesundheit und damit den Wohlstand zu f\u00f6rdern. Pinkberry Weed<\/p>\n<div class=\"variety-percentage-wrap\">\n<h4 class=\"variety translation-block\"><a href=\"https:\/\/www.allbud.com\/marijuana-strains\/variety\/indica-dominant-hybrid\" target=\"_blank\" rel=\"noopener\">Indica Dominant Hybrid<\/a> <span class=\"hidden-xs\">\u2013 <\/span><span class=\"strain-percentages\">70% Indica \/ 30% Sativa<\/span><\/h4>\n<h4 class=\"percentage\"><span class=\"heading\">THC:\u00a0<\/span>14% \u2013 16%,\u00a0<span class=\"heading\">CBD:\u00a0<\/span><em>6<\/em>%<\/h4>\n<\/p><\/div>\n<p>Pink Berry ist eine seltene, indica-dominante Hybrid-Sorte, die durch die Kreuzung der unglaublich leckeren Pink Champagne X Blackberry-Sorten geschaffen wurde. Der Geschmack von Pink Berry ist einzigartig, mit s\u00fc\u00dfen und fruchtigen, zuckerigen, butterigen Aromen, die fast wie ein frischer Becher gefrorenes Joghurt mit Beerenflavor schmecken. Der Geruch nimmt eine cremige Kush-Note an und mischt reichhaltige florale Noten mit fruchtig-s\u00fc\u00dfen Beeren f\u00fcr ein mundw\u00e4sserndes, s\u00fcchtig machendes Aroma, das dich nach mehr verlangen l\u00e4sst. Der High ist ebenso s\u00fc\u00df, perfekt, um am Ende eines langen Tages zu entspannen oder wenn du ein wenig zus\u00e4tzliche Hilfe ben\u00f6tigst, um nachts einzuschlafen.<\/p>\n<h3 style=\"text-align: center\"><strong>PINKBERRY <\/strong><strong>CALI BUD OR NO BUD FOR SALE | CALI BUD OR NO BUD\u00a0\u00a0<\/strong><strong>PINKBERRY <\/strong><strong>FOR SALE | CALI BUD OR NO BUD\u00a0 FOR SALE<\/strong><\/h3>\n<p><strong>Anbau der Cali Bud Pinkberry Sorte<\/strong><\/p>\n<p>Diese Sorte w\u00e4chst niedrig und kann sowohl drinnen, drau\u00dfen als auch in einem Gew\u00e4chshaus gut gedeihen. Sie sollte mindestens einen Monat, wenn nicht f\u00fcnf, Zeit zum Wachsen erhalten. Die Sorte bl\u00fcht acht bis neun Wochen und liefert ein Gramm pro Watt im Innenbereich. Au\u00dfenanbauer k\u00f6nnen bis zu einem Pfund pro Pflanze ernten.<\/p>\n<p>Der Rausch ist sehr erhebend und fr\u00f6hlich, ohne deine Energie zu steigern. Du wirst ein prickelndes K\u00f6rperhochgef\u00fchl erleben, das dich in eine tiefe Entspannung f\u00fchrt, w\u00e4hrend dein Geist durch euphorische Introspektion wandert. Dieses moderate K\u00f6rperhochgef\u00fchl kann dich manchmal schl\u00e4frig machen und dich in einen angenehm sedativen Zustand wiegen. Dank dieser Effekte und dem hohen THC-Gehalt von 14-16% und CBD von 5-6% ist Pink Berry eine gro\u00dfartige medizinische Wahl zur Behandlung von chronischen Schmerzen, Depressionen, Entz\u00fcndungen und chronischer M\u00fcdigkeit. Die Pink Berry Nuggets haben runde, leicht mintgr\u00fcne Nuggets mit rosa Untert\u00f6nen und einer Schicht aus klaren Kristallhaaren und Trichomen.<\/p>\n<h4 style=\"text-align: center\"><strong>CALI BUD OR NO BUD \u00a0<\/strong><strong>PINKBERRY <\/strong><strong>\u00a0NEAR ME | <\/strong><strong>PINKBERRY <\/strong><strong>CALI BUD OR NO BUD\u00a0\u00a0 NEAR ME | CALI BUD OR NO BUD \u00a0NEAR ME<\/strong><\/h4>\n<p><strong>Cali Bud Pinkberry Strain Effekte<\/strong><\/p>\n<p>Dinge um dich herum, aber nicht wirklich in der Lage, Gespr\u00e4che mit jemandem um dich herum zu f\u00fchren oder etwas K\u00f6rperliches zu tun.<br \/> Gef\u00fchle<\/p>\n<p><strong>Gl\u00fccklich<\/strong><br \/> 49 % der Menschen geben an, sich gl\u00fccklich zu f\u00fchlen<br \/> <strong>Entspannt<\/strong><br \/> 44 % der Menschen geben an, sich entspannt zu f\u00fchlen<br \/> <strong>Erregt<\/strong><br \/> 16 % der Menschen geben an, sich erregt zu f\u00fchlen<br \/> <strong>Negative<\/strong><br \/> <strong>Trockener Mund<\/strong><br \/> 17 % der Menschen geben an, einen trockenen Mund zu haben<br \/> <strong>Trockene Augen<\/strong><br \/> 11 % der Menschen geben an, trockene Augen zu haben<br \/> <strong>Schwindelig<\/strong><br \/> 5 % der Menschen geben an, sich schwindelig zu f\u00fchlen<\/p>\n<p class=\"about-title\"><strong>\u00dcber Pink Berry<\/strong><\/p>\n<div class=\"effect-wrapper ng-star-inserted\">\n<div>\n<p>Nicht zu verwechseln mit der gleichnamigen Frozen-Yogurt-Franchise, ist Pink Berry eine schmackhafte, indica-dominante Hybride. Diese Sorte kombiniert die Gene von Pink Champagne und Blackberry und hat all die Potenz und den Geschmack ihrer Elternsorten. Dieser entspannende Bud hat einen THC-Gehalt, der zwischen 14 % und 21 % liegt.<\/p>\n<\/p><\/div>\n<\/p><\/div>\n<h5 style=\"text-align: center\"><strong>PINKBERRY <\/strong><strong>\u00a0STRAIN | <\/strong><strong>PINKBERRY <\/strong><strong>WEED STRAIN | CALI <\/strong><strong>PINKBERRY <\/strong><strong>| CALI <\/strong><strong>PINKBERRY <\/strong><strong>\u00a0STRAIN<\/strong><\/h5>\n<p><strong>Warnung bei der Verwendung von Cali Bud Pinkberry.<\/strong><\/p>\n<p>Dieses Produkt enth\u00e4lt Cannabis, eine kontrollierte Substanz. Au\u00dferhalb der Reichweite von Kindern und Tieren aufbewahren. Cannabisprodukte d\u00fcrfen nur von Personen \u00fcber 21 Jahren besessen oder konsumiert werden, es sei denn, die Person ist ein qualifizierter Patient. Die berauschenden Wirkungen von Cannabisprodukten k\u00f6nnen bis zu zwei Stunden anhalten. Die Verwendung von Cannabis w\u00e4hrend der Schwangerschaft oder Stillzeit kann sch\u00e4dlich sein. Der Konsum dieser Produkte beeintr\u00e4chtigt Ihre F\u00e4higkeit, ein Fahrzeug zu fahren oder Maschinen zu bedienen. Bitte seien Sie \u00e4u\u00dferst vorsichtig.<\/p>\n<p>Pink Berry beeindruckt mit gro\u00dfen Bl\u00fcten, die eine feste und fast kugelf\u00f6rmige Form behalten. Die Knospen zeigen einen indica Einfluss mit einer dichten inneren Struktur; die Bl\u00e4tter winden sich eng in Richtung ihrer zentralen St\u00e4ngel. Die Bl\u00e4tter selbst sind eine marmorierte Mischung aus moosigem Gr\u00fcn mit gelegentlichen blauen und lila Farbt\u00f6nen; diese letzten Farben entstehen, wenn Anthocyaninpigmente in der Genetik der Sorte durch kaltes Wetter w\u00e4hrend des Wachstumsprozesses aktiviert werden. Schlie\u00dflich machen lebendige orangefarbene Pistillen und durchsichtige wei\u00dfe Trichome diese auff\u00e4lligen Bl\u00fcten noch bunter.<\/p>\n<div data-testid=\"product-description\">\n<div class=\"truncate-lines__Wrapper-sc-1lknwty-0 YxHAC\">\n<div data-testid=\"truncated-description\">\n<div>\n<div class=\"text__Text-sc-fif1uk-0 kdmKRD\">\n<div class=\"src__Box-sc-1sbtrzs-0 src__Flex-sc-1sbtrzs-1 kWPFqZ hzdsvF\">\n<div>MUSTER-PRODUKTKATEGORIEN<\/div>\n<\/p><\/div>\n<\/p><\/div>\n<\/p><\/div>\n<\/p><\/div>\n<\/p><\/div>\n<\/p><\/div>\n<div class=\"text__Text-sc-fif1uk-0 htoJfX\"><a href=\"https:\/\/jeetersofficial.com\/product-category\/buy-cali-buds\/\" target=\"_blank\" rel=\"noopener\">CALI BUDS<\/a><\/div>\n<div data-testid=\"product-description\">\n<div class=\"truncate-lines__Wrapper-sc-1lknwty-0 YxHAC\">\n<div data-testid=\"truncated-description\">\n<div class=\"text__Text-sc-fif1uk-0 kdmKRD\"><a href=\"https:\/\/jeetersofficial.com\/product-category\/backpack-boyz\/\" target=\"_blank\" rel=\"noopener\">Backpack\u00a0 Boyz<\/a><\/div>\n<div><a href=\"https:\/\/jeetersofficial.com\/product-category\/snow-balls-weed\/\" target=\"_blank\" rel=\"noopener\">SNOWBALLS WEED<\/a><\/div>\n<div><a href=\"https:\/\/jeetersofficial.com\/product-category\/persy-snowcaps\/\" target=\"_blank\" rel=\"noopener\">Persy Snowcaps<\/a><\/div>\n<div><a href=\"https:\/\/jeetersofficial.com\/product-category\/drip-snowcaps\/\" target=\"_blank\" rel=\"noopener\">Drip Snowcaps<\/a><\/div>\n<div><a href=\"https:\/\/jeetersofficial.com\/product-category\/concentrates\/\" target=\"_blank\" rel=\"noopener\">CALI CONCENTRATES<\/a><\/div>\n<div><a href=\"https:\/\/jeetersofficial.com\/product-category\/doja-exclusive\/\" target=\"_blank\" rel=\"noopener\">CALI DOJA PACKS EXCLUSIVE<\/a><\/div>\n<div><a href=\"https:\/\/jeetersofficial.com\/product-category\/marijuana-flowers\/\" target=\"_blank\" rel=\"noopener\">CALI MARIJUANA FLOWERS<\/a><\/div>\n<\/p><\/div>\n<\/p><\/div>\n<\/p><\/div>\n<div><a href=\"https:\/\/jeetersofficial.com\/product-category\/sativa-strain\/\" target=\"_blank\" rel=\"noopener\">CALI SATIVA STRAINS<\/a><\/div>\n<div><a href=\"https:\/\/jeetersofficial.com\/product-category\/indica\/\" target=\"_blank\" rel=\"noopener\">CALI INDICA STRAINS<\/a><\/div>\n<div><a href=\"https:\/\/jeetersofficial.com\/product-category\/hybrid-weed\/\" target=\"_blank\" rel=\"noopener\">CALI HYBRID WEED<\/a><\/div>","protected":false},"excerpt":{"rendered":"<p><strong>Cali Bud Pinkberry Strain<\/strong><\/p>\n<p>Cali Pinkberry ist eine sehr einflussreiche Cannabis-Hybridsorte, die durch die Kreuzung von Erdbeere und Grape Ape entstanden ist. Diese erstaunliche Sorte ist am besten f\u00fcr Patienten geeignet, die unter Angstzust\u00e4nden und chronischen Schmerzen leiden.<\/p>","protected":false},"featured_media":1670,"comment_status":"closed","ping_status":"closed","template":"","meta":{"_uag_custom_page_level_css":"","site-sidebar-layout":"default","site-content-layout":"","ast-site-content-layout":"","site-content-style":"default","site-sidebar-style":"default","ast-global-header-display":"","ast-banner-title-visibility":"","ast-main-header-display":"","ast-hfb-above-header-display":"","ast-hfb-below-header-display":"","ast-hfb-mobile-header-display":"","site-post-title":"","ast-breadcrumbs-content":"","ast-featured-img":"","footer-sml-layout":"","theme-transparent-header-meta":"","adv-header-id-meta":"","stick-header-meta":"","header-above-stick-meta":"","header-main-stick-meta":"","header-below-stick-meta":"","astra-migrate-meta-layouts":"default","ast-page-background-enabled":"default","ast-page-background-meta":{"desktop":{"background-color":"var(--ast-global-color-4)","background-image":"","background-repeat":"repeat","background-position":"center center","background-size":"auto","background-attachment":"scroll","background-type":"","background-media":"","overlay-type":"","overlay-color":"","overlay-opacity":"","overlay-gradient":""},"tablet":{"background-color":"","background-image":"","background-repeat":"repeat","background-position":"center center","background-size":"auto","background-attachment":"scroll","background-type":"","background-media":"","overlay-type":"","overlay-color":"","overlay-opacity":"","overlay-gradient":""},"mobile":{"background-color":"","background-image":"","background-repeat":"repeat","background-position":"center center","background-size":"auto","background-attachment":"scroll","background-type":"","background-media":"","overlay-type":"","overlay-color":"","overlay-opacity":"","overlay-gradient":""}},"ast-content-background-meta":{"desktop":{"background-color":"var(--ast-global-color-5)","background-image":"","background-repeat":"repeat","background-position":"center center","background-size":"auto","background-attachment":"scroll","background-type":"","background-media":"","overlay-type":"","overlay-color":"","overlay-opacity":"","overlay-gradient":""},"tablet":{"background-color":"var(--ast-global-color-5)","background-image":"","background-repeat":"repeat","background-position":"center center","background-size":"auto","background-attachment":"scroll","background-type":"","background-media":"","overlay-type":"","overlay-color":"","overlay-opacity":"","overlay-gradient":""},"mobile":{"background-color":"var(--ast-global-color-5)","background-image":"","background-repeat":"repeat","background-position":"center center","background-size":"auto","background-attachment":"scroll","background-type":"","background-media":"","overlay-type":"","overlay-color":"","overlay-opacity":"","overlay-gradient":""}}},"product_brand":[],"product_cat":[675],"product_tag":[489,491,505,506,507,508,509,510,492,481,472,511,512,513,514,473,515,516,517,518,461,519,520,521,522,462,523,524,525,526,527,528],"class_list":{"0":"post-1760","1":"product","2":"type-product","3":"status-publish","4":"has-post-thumbnail","6":"product_cat-buy-cali-buds","7":"product_tag-best-cali-packs","8":"product_tag-buy-cali-bud-or-no-bud-online","9":"product_tag-buy-cali-bud-or-no-bud-pinkberry-online","10":"product_tag-buy-cali-buds","11":"product_tag-buy-pinkberry-cali-bud-or-no-bud-online","12":"product_tag-buy-weed-online","13":"product_tag-by-the-best-cali-buds","14":"product_tag-cali-bags","15":"product_tag-cali-bud-or-no-bud","16":"product_tag-cali-bud-or-no-bud-for-sale","17":"product_tag-cali-bud-or-no-bud-near-me","18":"product_tag-cali-bud-or-no-bud-pinkberry","19":"product_tag-cali-bud-or-no-bud-pinkberry-for-sale","20":"product_tag-cali-bud-or-no-bud-pinkberry-near-me","21":"product_tag-cali-bud-packs","22":"product_tag-cali-buds","23":"product_tag-cali-buds-online","24":"product_tag-cali-flavors","25":"product_tag-cali-flavours","26":"product_tag-cali-gush-lato","27":"product_tag-cali-packs","28":"product_tag-cali-pinkberry","29":"product_tag-cali-pinkberry-strain","30":"product_tag-cali-plug","31":"product_tag-cali-plug-bags","32":"product_tag-cali-plug-cali-bud-or-no-bud","33":"product_tag-order-weed-online","34":"product_tag-pinkberry-cali-bud-or-no-bud","35":"product_tag-pinkberry-cali-bud-or-no-bud-for-sale","36":"product_tag-pinkberry-cali-bud-or-no-bud-near-me","37":"product_tag-pinkberry-strain","38":"product_tag-pinkberry-weed-strain","39":"desktop-align-center","40":"tablet-align-left","41":"mobile-align-left","43":"first","44":"instock","45":"shipping-taxable","46":"purchasable","47":"product-type-variable"},"uagb_featured_image_src":{"full":["https:\/\/caliweedeurope.com\/wp-content\/uploads\/2024\/11\/pinkberry-1.jpg",504,690,false],"thumbnail":["https:\/\/caliweedeurope.com\/wp-content\/uploads\/2024\/11\/pinkberry-1-150x150.jpg",150,150,true],"medium":["https:\/\/caliweedeurope.com\/wp-content\/uploads\/2024\/11\/pinkberry-1-219x300.jpg",219,300,true],"medium_large":["https:\/\/caliweedeurope.com\/wp-content\/uploads\/2024\/11\/pinkberry-1.jpg",504,690,false],"large":["https:\/\/caliweedeurope.com\/wp-content\/uploads\/2024\/11\/pinkberry-1.jpg",504,690,false],"1536x1536":["https:\/\/caliweedeurope.com\/wp-content\/uploads\/2024\/11\/pinkberry-1.jpg",504,690,false],"2048x2048":["https:\/\/caliweedeurope.com\/wp-content\/uploads\/2024\/11\/pinkberry-1.jpg",504,690,false],"trp-custom-language-flag":["https:\/\/caliweedeurope.com\/wp-content\/uploads\/2024\/11\/pinkberry-1.jpg",9,12,false],"woocommerce_thumbnail":["https:\/\/caliweedeurope.com\/wp-content\/uploads\/2024\/11\/pinkberry-1-300x300.jpg",300,300,true],"woocommerce_single":["https:\/\/caliweedeurope.com\/wp-content\/uploads\/2024\/11\/pinkberry-1.jpg",504,690,false],"woocommerce_gallery_thumbnail":["https:\/\/caliweedeurope.com\/wp-content\/uploads\/2024\/11\/pinkberry-1-100x100.jpg",100,100,true]},"uagb_author_info":{"display_name":"jetskiforsaleuk@gmail.com","author_link":"https:\/\/caliweedeurope.com\/de\/author\/"},"uagb_comment_info":0,"uagb_excerpt":"Cali Bud Pinkberry Strain Cali Pinkberry is a very influential cannabis hybrid strain cross with strawberry and grape ape to get this amazing strain. is best for patients suffering from anxiety and chronic pain.","_links":{"self":[{"href":"https:\/\/caliweedeurope.com\/de\/wp-json\/wp\/v2\/product\/1760"}],"collection":[{"href":"https:\/\/caliweedeurope.com\/de\/wp-json\/wp\/v2\/product"}],"about":[{"href":"https:\/\/caliweedeurope.com\/de\/wp-json\/wp\/v2\/types\/product"}],"replies":[{"embeddable":true,"href":"https:\/\/caliweedeurope.com\/de\/wp-json\/wp\/v2\/comments?post=1760"}],"wp:featuredmedia":[{"embeddable":true,"href":"https:\/\/caliweedeurope.com\/de\/wp-json\/wp\/v2\/media\/1670"}],"wp:attachment":[{"href":"https:\/\/caliweedeurope.com\/de\/wp-json\/wp\/v2\/media?parent=1760"}],"wp:term":[{"taxonomy":"product_brand","embeddable":true,"href":"https:\/\/caliweedeurope.com\/de\/wp-json\/wp\/v2\/product_brand?post=1760"},{"taxonomy":"product_cat","embeddable":true,"href":"https:\/\/caliweedeurope.com\/de\/wp-json\/wp\/v2\/product_cat?post=1760"},{"taxonomy":"product_tag","embeddable":true,"href":"https:\/\/caliweedeurope.com\/de\/wp-json\/wp\/v2\/product_tag?post=1760"}],"curies":[{"name":"wp","href":"https:\/\/api.w.org\/{rel}","templated":true}]}}