{"id":1766,"date":"2024-11-05T18:39:16","date_gmt":"2024-11-05T18:39:16","guid":{"rendered":"https:\/\/caliweedeurope.com\/?post_type=product&#038;p=1766"},"modified":"2024-11-05T18:39:18","modified_gmt":"2024-11-05T18:39:18","slug":"buy-cali-bud-sfv-strain-online","status":"publish","type":"product","link":"https:\/\/caliweedeurope.com\/de\/product\/buy-cali-bud-sfv-strain-online\/","title":{"rendered":"Buy Cali Bud SFV Strain Online"},"content":{"rendered":"<h1 style=\"text-align: center\"><strong>\u00a0 \u00a0 \u00a0 \u00a0 \u00a0<\/strong><strong>SFV <\/strong><strong>CALI BUD OR NO BUD\u00a0|<\/strong><strong>\u00a0CALI BUD OR NO BUD\u00a0<\/strong><strong>SFV <\/strong><strong>|<\/strong><strong>\u00a0CALI PLUG CALI BUD OR NO BUD<\/strong><\/h1>\n<p><strong>Cali Bud SFV Strain<\/strong><br \/> Cali SFV ist eine unbestreitbar einflussreiche Cannabis-Hybridblume aus Cali, ein perfektes Kreuz mit Erdbeere und Grape Ape, um diese erstaunliche Sorte zu erhalten.<\/p>\n<p class=\"translation-block\"><b>Zun\u00e4chst, SFV OG<\/b>, auch bekannt als \u201eSan Fernando Valley OG\u201c, \u201eSan Fernando Valley Kush\u201c und \u201eSan Fernando Valley\u201c, ist eine <a href=\"https:\/\/www.leafly.com\/strains\/lists\/category\/sativa\" target=\"_blank\" rel=\"noopener\">sativa<\/a>-dominante Hybrid-Marihuana-Sorte von Cali Connection, die sich hervorragend f\u00fcr Patienten eignet, die starke Schmerzlinderung ben\u00f6tigen, aber nicht auf der Couch festsitzen m\u00f6chten. Wie der Name schon sagt, stammt diese <a href=\"https:\/\/www.leafly.com\/strains\/og-kush\" target=\"_blank\" rel=\"noopener\">OG Kush<\/a>-Verwandte aus Kaliforniens San Fernando Valley. Obwohl ihre Namen kaum zu unterscheiden sind, ist <a href=\"https:\/\/www.leafly.com\/strains\/sfv-og-kush\" target=\"_blank\" rel=\"noopener\">SFV OG Kush<\/a> tats\u00e4chlich das <a href=\"https:\/\/www.leafly.com\/strains\/afghani\" target=\"_blank\" rel=\"noopener\">Afghani<\/a>-gekreuzte Kind von SFV OG. Mit aromatischen Noten von erdigem Kiefer und Zitrone treten die k\u00f6rperlichen Effekte etwas sp\u00e4ter ein als der anf\u00e4ngliche Kopfrausch. sfv weed<\/p>\n<h2 style=\"text-align: center\"><strong>BUY\u00a0<\/strong><strong>SFV\u00a0<\/strong><strong>CALI BUD OR NO BUD\u00a0 ONLINE | BUY CALI BUD OR NO BUD\u00a0<\/strong><strong>SFV\u00a0<\/strong><strong>ONLINE | BUY CALI BUD OR NO BUD ONLINE<\/strong><\/h2>\n<p><strong>Medizinische Anwendungen der Cali Bud SFV-Sorte<\/strong><br \/> Die Cali SFV-Sorte ist am besten f\u00fcr Patienten geeignet, die unter Angstzust\u00e4nden, Stress und Schmerzen leiden. Diese Sorte garantiert sofortige und vollst\u00e4ndige Linderung von Schmerzen und Angstzust\u00e4nden. Diese gro\u00dfartige und herausragende Sorte hilft auch, die Symptome der Parkinson-Krankheit zu bek\u00e4mpfen. sfv weed<\/p>\n<h3 style=\"text-align: center\"><strong>SFV\u00a0<\/strong><strong>CALI BUD OR NO BUD FOR SALE | CALI BUD OR NO BUD\u00a0\u00a0<\/strong><strong>SFV\u00a0<\/strong><strong>FOR SALE | CALI BUD OR NO BUD\u00a0 FOR SALE<\/strong><\/h3>\n<p><strong>Cali Bud SFV-Sortenwirkungen<\/strong><br \/> <strong>Gl\u00fccklich<\/strong><br \/> 46% der Menschen geben an, sich gl\u00fccklich zu f\u00fchlen<br \/> <strong>Entspannt<\/strong><br \/> 41% der Menschen geben an, sich entspannt zu f\u00fchlen<br \/> <strong>Erregt<\/strong><br \/> 19% der Menschen geben an, sich erregt zu f\u00fchlen<br \/> <strong>Negative<\/strong><br \/> <strong>Trockener Mund<\/strong><br \/> 14 % der Menschen geben an, einen trockenen Mund zu haben<br \/> <strong>Trockene Augen<\/strong><br \/> 10 % der Menschen geben an, trockene Augen zu haben<br \/> <strong>Schwindelig<\/strong><br \/> 9 % der Menschen geben an, sich schwindelig zu f\u00fchlen<\/p>\n<div class=\"variety-percentage-wrap\">\n<h4 class=\"variety translation-block\"><a href=\"https:\/\/www.allbud.com\/marijuana-strains\/variety\/indica-dominant-hybrid\" target=\"_blank\" rel=\"noopener\">Indica Dominant Hybrid<\/a> <span class=\"hidden-xs\">\u2013 <\/span><span class=\"strain-percentages\">70% Indica \/ 30% Sativa<\/span><\/h4>\n<h4 class=\"percentage\"><span class=\"heading\">THC:\u00a0<\/span>17% \u2013 22%,\u00a0<span class=\"heading\">CBD:\u00a0<\/span><em>1<\/em>%,\u00a0<span class=\"heading\">CBN:\u00a0<\/span><em>1<\/em>%<\/h4>\n<\/p><\/div>\n<p>SFV OG, auch bekannt als \u201eSan Fernando Valley OG\u201c in der Cannabis-Community, ist eine potente indica-dominante Sorte (70 % Indica\/30 % Sativa), die von Z\u00fcchtern der ber\u00fcchtigten Cali Connection Farms im San Fernando Valley entwickelt wurde. Diese kr\u00e4ftige Sorte hat einen durchschnittlichen THC-Gehalt von 17\u201322 % und weist haupts\u00e4chlich Indica-Effekte auf. Benutzer beschreiben den SFV OG-High als eine Wirkung mit einem nahezu sofortigen Auftreten entspannender und sedativer Effekte, die ein moderates Couch-Lock-Gef\u00fchl hervorrufen und ein leichtes Druckgef\u00fchl im Kopf und K\u00f6rper hinterlassen, das schmerzlindernd wirkt. Diese Effekte werden von einem Gef\u00fchl der Erhebung und Euphorie begleitet, das durch die tiefen Indica-Wirkungen ausgeglichen wird.<\/p>\n<h4 style=\"text-align: center\"><strong>CALI BUD OR NO BUD \u00a0<\/strong><strong>SFV\u00a0<\/strong><strong>\u00a0NEAR ME |\u00a0<\/strong><strong>SFV\u00a0<\/strong><strong>CALI BUD OR NO BUD\u00a0\u00a0 NEAR ME | CALI BUD OR NO BUD \u00a0NEAR ME<\/strong><\/h4>\n<p><strong>Anbau der Cali Bud SFV-Sorte<\/strong><br \/> Diese Sorte w\u00e4chst relativ klein und kann sowohl drinnen als auch drau\u00dfen gut gedeihen. Diese Sorte wird dich selbst im Gew\u00e4chshaus nicht entt\u00e4uschen. Pflanzenkenner sollten ihr mindestens einen Monat, wenn nicht sogar f\u00fcnf, f\u00fcr die Wachstumsphase geben. Die Sorte bl\u00fcht acht bis neun Wochen und liefert im Innenbereich ein Gramm pro Watt. Au\u00dfenanbauer k\u00f6nnen bis zu einem Pfund pro Pflanze ernten.<\/p>\n<p>Dar\u00fcber hinaus ist SFV OG aufgrund dieser starken Wirkungen eine ideale Sorte zur Behandlung von Patienten, die an Beschwerden wie leichten bis mittelschweren Depressionen, chronischen Schmerzen aufgrund von Verletzungen oder Krankheiten, Muskelkr\u00e4mpfen und Stress leiden. SFV OG hat ein Aroma von Mandarinen mit einem Hauch von Diesel und einen Geschmack von zitronigem Kiefernholz mit einem s\u00fc\u00dfen Diesel-Nachgeschmack beim Ausatmen. SFV OG-Knospen haben kleine dunkelolivgr\u00fcne Bl\u00fcten mit olivgr\u00fcnen Bl\u00e4ttern, r\u00f6tlich-braunen Haaren und einer feinen Schicht aus wei\u00dfen Trichomen und Harz.<\/p>\n<p>Seit dem urspr\u00fcnglichen Auftauchen von OG Kush sind viele verschiedene Ph\u00e4notypen dieser Sorte mit w\u00fcnschenswerten Eigenschaften aufgetaucht. Der Schnitt, der im San Fernando Valley weitergegeben wurde und als SFV OG bezeichnet wurde, stammt von Swerve von The Cali Connection. Da dieser urspr\u00fcngliche Schnitt nur als Klon verf\u00fcgbar war, setzte Swerve den Anbau der Sorte fort und kreuzte sie schlie\u00dflich mit Afghan #1. Afghan #1 ist eine Kreuzung aus zwei Landrassen-Indica-Sorten aus Afghanistan.<\/p>\n<h5 style=\"text-align: center\"><strong style=\"text-align: center;color: #333333;font-size: 14.4px\">SFV <\/strong><strong style=\"text-align: center;color: #333333;font-size: 14.4px\">\u00a0STRAIN | \u00a0<\/strong><strong style=\"text-align: center;color: #333333;font-size: 14.4px\">SFV\u00a0<\/strong><strong style=\"text-align: center;color: #333333;font-size: 14.4px\">WEED STRAIN | CALI\u00a0<\/strong><strong style=\"text-align: center;color: #333333;font-size: 14.4px\">SFV\u00a0<\/strong><strong style=\"text-align: center;color: #333333;font-size: 14.4px\">| CALI\u00a0<\/strong><strong style=\"text-align: center;color: #333333;font-size: 14.4px\">SFV\u00a0<\/strong><strong style=\"text-align: center;color: #333333;font-size: 14.4px\">\u00a0STRAIN<\/strong><\/h5>\n<p><strong>Cali SFV Strain Versand<\/strong><br \/> Daher ist der Versand zu 100% diskret, und wir geben eine Garantie f\u00fcr eine sichere Lieferung oder vollst\u00e4ndige R\u00fcckerstattung, falls der Kunde die Bestellung stornieren sollte. Wir bieten diskreten weltweiten Versand dieser hochwertigen Cali Bud-T\u00fcten an.<\/p>\n<p>Cali SFV Strain Lieferung<br \/> Selbstverst\u00e4ndlich, wir liefern diese hochwertigen Cali Plug-Buds weltweit diskret. Die Lieferzeit h\u00e4ngt stark davon ab, wo sich der Kunde zum Zeitpunkt der Bestellung befindet. Geben Sie jetzt Ihre Bestellung auf und erhalten Sie die Cali-Buds diskret an Ihre Adresse geliefert, ohne Probleme.<\/p>\n<p>Cali SFV Strain Warnung.<br \/> Abschlie\u00dfend enth\u00e4lt dieses Produkt Cannabis, eine geplante Substanz. Au\u00dferhalb der Reichweite von Kindern und Tieren aufbewahren. Cannabisprodukte d\u00fcrfen nur von Personen \u00fcber 21 Jahren besessen oder konsumiert werden, es sei denn, die Person ist ein qualifizierter Patient. Die berauschende Wirkung von Cannabisprodukten kann bis zu zwei Stunden anhalten. Der Konsum von Cannabis w\u00e4hrend der Schwangerschaft oder Stillzeit kann sch\u00e4dlich sein. Der Konsum dieser Produkte beeintr\u00e4chtigt Ihre F\u00e4higkeit, ein Fahrzeug zu fahren und Maschinen zu bedienen. Bitte seien Sie nach dem Konsum dieser Produkte \u00e4u\u00dferst vorsichtig.<\/p>\n<div data-testid=\"product-description\">\n<div class=\"truncate-lines__Wrapper-sc-1lknwty-0 YxHAC\">\n<div data-testid=\"truncated-description\">\n<div>\n<div class=\"text__Text-sc-fif1uk-0 kdmKRD\">\n<div class=\"src__Box-sc-1sbtrzs-0 src__Flex-sc-1sbtrzs-1 kWPFqZ hzdsvF\">\n<div>MUSTER-PRODUKTKATEGORIEN<\/div>\n<\/p><\/div>\n<\/p><\/div>\n<\/p><\/div>\n<\/p><\/div>\n<\/p><\/div>\n<\/p><\/div>\n<div class=\"text__Text-sc-fif1uk-0 htoJfX\"><a href=\"https:\/\/jeetersofficial.com\/product-category\/buy-cali-buds\/\" target=\"_blank\" rel=\"noopener\">CALI BUDS<\/a><\/div>\n<div data-testid=\"product-description\">\n<div class=\"truncate-lines__Wrapper-sc-1lknwty-0 YxHAC\">\n<div data-testid=\"truncated-description\">\n<div class=\"text__Text-sc-fif1uk-0 kdmKRD\"><a href=\"https:\/\/jeetersofficial.com\/product-category\/backpack-boyz\/\" target=\"_blank\" rel=\"noopener\">Backpack\u00a0 Boyz<\/a><\/div>\n<div><a href=\"https:\/\/jeetersofficial.com\/product-category\/snow-balls-weed\/\" target=\"_blank\" rel=\"noopener\">SNOWBALLS WEED<\/a><\/div>\n<div><a href=\"https:\/\/jeetersofficial.com\/product-category\/persy-snowcaps\/\" target=\"_blank\" rel=\"noopener\">Persy Snowcaps<\/a><\/div>\n<div><a href=\"https:\/\/jeetersofficial.com\/product-category\/drip-snowcaps\/\" target=\"_blank\" rel=\"noopener\">Drip Snowcaps<\/a><\/div>\n<div><a href=\"https:\/\/jeetersofficial.com\/product-category\/concentrates\/\" target=\"_blank\" rel=\"noopener\">CALI CONCENTRATES<\/a><\/div>\n<div><a href=\"https:\/\/jeetersofficial.com\/product-category\/doja-exclusive\/\" target=\"_blank\" rel=\"noopener\">CALI DOJA PACKS EXCLUSIVE<\/a><\/div>\n<div><a href=\"https:\/\/jeetersofficial.com\/product-category\/marijuana-flowers\/\" target=\"_blank\" rel=\"noopener\">CALI MARIJUANA FLOWERS<\/a><\/div>\n<\/p><\/div>\n<\/p><\/div>\n<\/p><\/div>\n<div><a href=\"https:\/\/jeetersofficial.com\/product-category\/sativa-strain\/\" target=\"_blank\" rel=\"noopener\">CALI SATIVA STRAINS<\/a><\/div>\n<div><a href=\"https:\/\/jeetersofficial.com\/product-category\/indica\/\" target=\"_blank\" rel=\"noopener\">CALI INDICA STRAINS<\/a><\/div>\n<div><a href=\"https:\/\/jeetersofficial.com\/product-category\/hybrid-weed\/\" target=\"_blank\" rel=\"noopener\">CALI HYBRID WEED<\/a><\/div>","protected":false},"excerpt":{"rendered":"<p><strong>Cali Bud SFV Strain<\/strong><br \/> Cali SFV ist eine unbestreitbar einflussreiche Cannabis-Hybridblume aus Cali, ein perfektes Kreuz mit Erdbeere und Grape Ape, um diese erstaunliche Sorte zu erhalten.<\/p>\n<p><strong>Medizinische Anwendungen der Cali Bud SFV-Sorte<\/strong><br \/> Die Cali SFV-Sorte ist am besten f\u00fcr Patienten geeignet, die unter Angstzust\u00e4nden, Stress und Schmerzen leiden. Diese Sorte garantiert sofortige und vollst\u00e4ndige Linderung von Schmerzen und Angstzust\u00e4nden. Diese gro\u00dfartige und herausragende Sorte hilft auch, die Symptome der Parkinson-Krankheit zu bek\u00e4mpfen.<\/p>","protected":false},"featured_media":1701,"comment_status":"closed","ping_status":"closed","template":"","meta":{"_uag_custom_page_level_css":"","site-sidebar-layout":"default","site-content-layout":"","ast-site-content-layout":"default","site-content-style":"default","site-sidebar-style":"default","ast-global-header-display":"","ast-banner-title-visibility":"","ast-main-header-display":"","ast-hfb-above-header-display":"","ast-hfb-below-header-display":"","ast-hfb-mobile-header-display":"","site-post-title":"","ast-breadcrumbs-content":"","ast-featured-img":"","footer-sml-layout":"","ast-disable-related-posts":"","theme-transparent-header-meta":"","adv-header-id-meta":"","stick-header-meta":"","header-above-stick-meta":"","header-main-stick-meta":"","header-below-stick-meta":"","astra-migrate-meta-layouts":"default","ast-page-background-enabled":"default","ast-page-background-meta":{"desktop":{"background-color":"var(--ast-global-color-5)","background-image":"","background-repeat":"repeat","background-position":"center center","background-size":"auto","background-attachment":"scroll","background-type":"","background-media":"","overlay-type":"","overlay-color":"","overlay-opacity":"","overlay-gradient":""},"tablet":{"background-color":"","background-image":"","background-repeat":"repeat","background-position":"center center","background-size":"auto","background-attachment":"scroll","background-type":"","background-media":"","overlay-type":"","overlay-color":"","overlay-opacity":"","overlay-gradient":""},"mobile":{"background-color":"","background-image":"","background-repeat":"repeat","background-position":"center center","background-size":"auto","background-attachment":"scroll","background-type":"","background-media":"","overlay-type":"","overlay-color":"","overlay-opacity":"","overlay-gradient":""}},"ast-content-background-meta":{"desktop":{"background-color":"var(--ast-global-color-4)","background-image":"","background-repeat":"repeat","background-position":"center center","background-size":"auto","background-attachment":"scroll","background-type":"","background-media":"","overlay-type":"","overlay-color":"","overlay-opacity":"","overlay-gradient":""},"tablet":{"background-color":"var(--ast-global-color-4)","background-image":"","background-repeat":"repeat","background-position":"center center","background-size":"auto","background-attachment":"scroll","background-type":"","background-media":"","overlay-type":"","overlay-color":"","overlay-opacity":"","overlay-gradient":""},"mobile":{"background-color":"var(--ast-global-color-4)","background-image":"","background-repeat":"repeat","background-position":"center center","background-size":"auto","background-attachment":"scroll","background-type":"","background-media":"","overlay-type":"","overlay-color":"","overlay-opacity":"","overlay-gradient":""}}},"product_brand":[],"product_cat":[675],"product_tag":[489,491,529,506,530,508,509,510,531,492,481,472,532,533,534,514,473,515,516,517,518,461,521,522,535,536,462,537,538,539,463,540,541,542,543,544,545],"class_list":{"0":"post-1766","1":"product","2":"type-product","3":"status-publish","4":"has-post-thumbnail","6":"product_cat-buy-cali-buds","7":"product_tag-best-cali-packs","8":"product_tag-buy-cali-bud-or-no-bud-online","9":"product_tag-buy-cali-bud-or-no-bud-sfv-online","10":"product_tag-buy-cali-buds","11":"product_tag-buy-sfv-cali-bud-or-no-bud-online","12":"product_tag-buy-weed-online","13":"product_tag-by-the-best-cali-buds","14":"product_tag-cali-bags","15":"product_tag-cali-bud","16":"product_tag-cali-bud-or-no-bud","17":"product_tag-cali-bud-or-no-bud-for-sale","18":"product_tag-cali-bud-or-no-bud-near-me","19":"product_tag-cali-bud-or-no-bud-sfv","20":"product_tag-cali-bud-or-no-bud-sfv-for-sale","21":"product_tag-cali-bud-or-no-bud-sfv-near-me","22":"product_tag-cali-bud-packs","23":"product_tag-cali-buds","24":"product_tag-cali-buds-online","25":"product_tag-cali-flavors","26":"product_tag-cali-flavours","27":"product_tag-cali-gush-lato","28":"product_tag-cali-packs","29":"product_tag-cali-plug","30":"product_tag-cali-plug-bags","31":"product_tag-cali-plug-bud","32":"product_tag-cali-plug-buds","33":"product_tag-cali-plug-cali-bud-or-no-bud","34":"product_tag-cali-plug-strains","35":"product_tag-cali-sfv","36":"product_tag-cali-sfv-strain","37":"product_tag-cali-straina","38":"product_tag-calibud","39":"product_tag-sfv-cali-bud-or-no-bud","40":"product_tag-sfv-cali-bud-or-no-bud-for-sale","41":"product_tag-sfv-cali-bud-or-no-bud-near-me","42":"product_tag-sfv-strain","43":"product_tag-sfv-weed-strain","44":"desktop-align-center","45":"tablet-align-left","46":"mobile-align-left","48":"first","49":"instock","50":"shipping-taxable","51":"purchasable","52":"product-type-variable"},"uagb_featured_image_src":{"full":["https:\/\/caliweedeurope.com\/wp-content\/uploads\/2024\/11\/sfv.jpg",458,673,false],"thumbnail":["https:\/\/caliweedeurope.com\/wp-content\/uploads\/2024\/11\/sfv-150x150.jpg",150,150,true],"medium":["https:\/\/caliweedeurope.com\/wp-content\/uploads\/2024\/11\/sfv-204x300.jpg",204,300,true],"medium_large":["https:\/\/caliweedeurope.com\/wp-content\/uploads\/2024\/11\/sfv.jpg",458,673,false],"large":["https:\/\/caliweedeurope.com\/wp-content\/uploads\/2024\/11\/sfv.jpg",458,673,false],"1536x1536":["https:\/\/caliweedeurope.com\/wp-content\/uploads\/2024\/11\/sfv.jpg",458,673,false],"2048x2048":["https:\/\/caliweedeurope.com\/wp-content\/uploads\/2024\/11\/sfv.jpg",458,673,false],"trp-custom-language-flag":["https:\/\/caliweedeurope.com\/wp-content\/uploads\/2024\/11\/sfv.jpg",8,12,false],"woocommerce_thumbnail":["https:\/\/caliweedeurope.com\/wp-content\/uploads\/2024\/11\/sfv-300x300.jpg",300,300,true],"woocommerce_single":["https:\/\/caliweedeurope.com\/wp-content\/uploads\/2024\/11\/sfv.jpg",458,673,false],"woocommerce_gallery_thumbnail":["https:\/\/caliweedeurope.com\/wp-content\/uploads\/2024\/11\/sfv-100x100.jpg",100,100,true]},"uagb_author_info":{"display_name":"jetskiforsaleuk@gmail.com","author_link":"https:\/\/caliweedeurope.com\/de\/author\/"},"uagb_comment_info":0,"uagb_excerpt":"Cali Bud SFV Strain Cali SFV is an undoubtedly influential cannabis hybrid Cali flower, a perfect cross with strawberry and grape ape to get this amazing strain. Medical Uses Of Cali Bud SFV Strain Cali SFV Strain is best for patients suffering from anxiety, stress, and pain. This strain fully guarantees immediate and total relief&hellip;","_links":{"self":[{"href":"https:\/\/caliweedeurope.com\/de\/wp-json\/wp\/v2\/product\/1766"}],"collection":[{"href":"https:\/\/caliweedeurope.com\/de\/wp-json\/wp\/v2\/product"}],"about":[{"href":"https:\/\/caliweedeurope.com\/de\/wp-json\/wp\/v2\/types\/product"}],"replies":[{"embeddable":true,"href":"https:\/\/caliweedeurope.com\/de\/wp-json\/wp\/v2\/comments?post=1766"}],"wp:featuredmedia":[{"embeddable":true,"href":"https:\/\/caliweedeurope.com\/de\/wp-json\/wp\/v2\/media\/1701"}],"wp:attachment":[{"href":"https:\/\/caliweedeurope.com\/de\/wp-json\/wp\/v2\/media?parent=1766"}],"wp:term":[{"taxonomy":"product_brand","embeddable":true,"href":"https:\/\/caliweedeurope.com\/de\/wp-json\/wp\/v2\/product_brand?post=1766"},{"taxonomy":"product_cat","embeddable":true,"href":"https:\/\/caliweedeurope.com\/de\/wp-json\/wp\/v2\/product_cat?post=1766"},{"taxonomy":"product_tag","embeddable":true,"href":"https:\/\/caliweedeurope.com\/de\/wp-json\/wp\/v2\/product_tag?post=1766"}],"curies":[{"name":"wp","href":"https:\/\/api.w.org\/{rel}","templated":true}]}}