{"id":1772,"date":"2024-11-05T18:39:19","date_gmt":"2024-11-05T18:39:19","guid":{"rendered":"https:\/\/caliweedeurope.com\/?post_type=product&#038;p=1772"},"modified":"2024-11-05T18:39:26","modified_gmt":"2024-11-05T18:39:26","slug":"buy-cali-bud-sundae-driver-online","status":"publish","type":"product","link":"https:\/\/caliweedeurope.com\/de\/product\/buy-cali-bud-sundae-driver-online\/","title":{"rendered":"Buy Cali Bud Sundae Driver Online"},"content":{"rendered":"<h1 style=\"text-align: center\"><strong>\u00a0 \u00a0 \u00a0 \u00a0 \u00a0<\/strong><strong>SUNDAE DRIVER <\/strong><strong>CALI BUD OR NO BUD\u00a0|<\/strong><strong>\u00a0CALI BUD OR NO BUD\u00a0<\/strong><strong>SUNDAE DRIVER <\/strong><strong>|<\/strong><strong>\u00a0CALI PLUG CALI BUD OR NO BUD<\/strong><\/h1>\n<p><strong>Cali Bud oder kein Bud Sundae Driver<\/strong><br \/> Kaufen Sie den Cali Bud Sundae Driver Cannabis-Geschmack online. Hei\u00dfe und trendige Premium-Indoor-Cali-Buds zum Verkauf im Cali Plug Online-Shop zu coolen Preisen. Cali Sundae Driver ist eine einflussreiche, sativa-dominante Hybridsorte, die durch die Kreuzung von Strawberry und Grape Ape entstanden ist, um diese erstaunliche Sorte zu kreieren.<\/p>\n<p class=\"translation-block\"><b>Sundae Driver<\/b>, auch bekannt als \u201eSunday Driver\u201c, ist eine\u00a0<a href=\"https:\/\/www.leafly.com\/strains\/lists\/category\/hybrid\" target=\"_blank\" rel=\"noopener\">hybride Cannabissorte<\/a>, die durch die Kreuzung von FPOG mit\u00a0<a href=\"https:\/\/www.leafly.com\/strains\/grape-pie\" target=\"_blank\" rel=\"noopener\">Grape Pie<\/a> entstanden ist. Die Effekte dieser Sorte lassen Sie sich ausgeglichen, ruhig und\u00a0<a href=\"https:\/\/www.leafly.com\/strains\/lists\/effect\/happy\" target=\"_blank\" rel=\"noopener\">gl\u00fc<\/a>ck<a href=\"https:\/\/www.leafly.com\/strains\/lists\/effect\/happy\" target=\"_blank\" rel=\"noopener\">lich<\/a> f\u00fchlen. Sundae Driver hat einen s\u00fc\u00dfen, milden und cremigen Geschmack. sundae driver weed<\/p>\n<p>Sundae Driver ist eine der Sorten, die einfach f\u00fcr fast jeden perfekt ist \u2013 neue Nutzer k\u00f6nnen langsam anfangen und ihren High so timen, dass er erst gegen Ende ihres Tages einsetzt, w\u00e4hrend erfahrene Nutzer diese Sorte bedenkenlos genie\u00dfen k\u00f6nnen. Ihre Mischung aus gro\u00dfartigen Aromen und ausgewogenen Effekten erf\u00fcllt in der Regel alle Anforderungen, unabh\u00e4ngig davon, was Sie f\u00fcr den Tag geplant haben.<\/p>\n<h2 style=\"text-align: center\"><strong style=\"font-size: 23.04px;text-align: center;color: #333333\">\u00a0BUY <\/strong><strong style=\"font-size: 23.04px;text-align: center;color: #333333\">SUNDAE DRIVER\u00a0<\/strong><strong style=\"font-size: 23.04px;text-align: center;color: #333333\">CALI BUD OR NO BUD\u00a0 ONLINE | BUY CALI BUD OR NO BUD\u00a0<\/strong><strong style=\"font-size: 23.04px;text-align: center;color: #333333\">SUNDAE DRIVER\u00a0<\/strong><strong style=\"font-size: 23.04px;text-align: center;color: #333333\">ONLINE | BUY CALI BUD OR NO BUD ONLINE<\/strong><\/h2>\n<p><strong>Medizinische Anwendungen der Cali Bud Sundae Driver Cannabissorte<\/strong><br \/> Die Cali Sundae Driver-Sorte eignet sich am besten f\u00fcr Patienten, die unter Stress und Muskelkr\u00e4mpfen leiden. Diese Sorte garantiert sofortige Linderung von Schmerzen und Angstzust\u00e4nden. Sie dient auch als Medikament gegen pochende Schmerzen sowie \u00dcbelkeit. Die Sorte kann auch helfen, die Symptome von PTSD zu bek\u00e4mpfen. Kaufen Sie erstklassige Cali-Sorten vom Cali Weed Plug f\u00fcr echte Bl\u00fcten und eine sichere Lieferung.<\/p>\n<p>Sundae Driver ist eine nahezu ausgeglichene Hybrid-Cannabissorte (50 % Sativa\/50 % Indica), die durch die Kreuzung der Sorten Grape Pie und Fruity Pebbles OG entstanden ist. Die THC-Werte dieser Sorte sind relativ moderat und \u00fcberschreiten nicht 16 %, was sie zu einer sanften Sorte macht, die jeder genie\u00dfen kann. Die CBD-Werte liegen unter 1 %.<br \/> Die Knospen von Sundae Driver sind wundersch\u00f6n olivgr\u00fcn mit traubenfarbenen Nuancen, erg\u00e4nzt durch die F\u00fclle von leuchtend orangefarbenen H\u00e4rchen und flauschigen milchig-wei\u00dfen Trichomen.<br \/> Das Aroma dieses Stammes ist \u00fcberwiegend erdig, mit gut ausgepr\u00e4gten fruchtigen und schokoladigen Noten. Der Geschmack erinnert an ein Dessert, dekadent mit s\u00fc\u00dfer Schokolade und zuckerhaltigen Fr\u00fcchten beim Ausatmen.<\/p>\n<h3 style=\"text-align: center\"><strong>SUNDAE DRIVER <\/strong><strong>CALI BUD OR NO BUD FOR SALE | CALI BUD OR NO BUD\u00a0\u00a0<\/strong><strong>SUNDAE DRIVER\u00a0<\/strong><strong>FOR SALE | CALI BUD OR NO BUD\u00a0 FOR SALE<\/strong><\/h3>\n<p><strong>Anbau der Sundae Driver Cannabis-Sorte<\/strong><br \/> Diese Sorte w\u00e4chst kompakt und kann sowohl drinnen, drau\u00dfen als auch in einem Gew\u00e4chshaus gut gedeihen. Die Bl\u00fctezeit dieser Sorte betr\u00e4gt acht bis neun Wochen und sie liefert ein Gramm pro Watt im Innenbereich. Au\u00dfenanbauer k\u00f6nnen Ertr\u00e4ge von bis zu einem Pfund pro Pflanze erzielen.<\/p>\n<p class=\"translation-block\">Der High von Sundae Driver beginnt langsam und reinigt sanft deinen Geist von unerw\u00fcnschten Gedanken, entfernt Sorgen, Stress und \u00c4ngste. Er hebt den Geist behutsam an und versetzt den Nutzer in einen ruhigen, euphorischen Zustand, der Ruhe, Gl\u00fcck und pure Freude f\u00f6rdert. Nachdem die zerebralen Effekte eingetreten sind, breitet sich der High langsam vom Kopf bis in den K\u00f6rper aus und entspannt diesen inch by inch, bis er federleicht wird. Wenn der Konsum moderat ist, bleibt der High etwas l\u00e4nger in den Muskeln und Gelenken und bietet dem Nutzer ein wirklich ausgewogenes Erlebnis. An diesem Punkt m\u00f6chtest du vielleicht noch einen Zug nehmen und langsam in einen erholsamen Mittagsschlaf gleiten, oder auch nicht, und der Schwere menschlicher Erfahrung erlauben, allm\u00e4hlich deinen K\u00f6rper und Geist zu ergreifen, dich zur\u00fcck in die Realit\u00e4t zu bringen. So oder so, das Erlebnis mit Sundae Driver ist zweifellos <a href=\"https:\/\/caliplugcarts.com\/product-category\/cali-bud\/\" target=\"_blank\" rel=\"noopener\">angenehm<\/a> in jedem Fall<\/p>\n<h4 style=\"text-align: center\"><strong>CALI BUD OR NO BUD \u00a0<\/strong><strong>SUNDAE DRIVER\u00a0<\/strong><strong>\u00a0NEAR ME |\u00a0<\/strong><strong>SUNDAE DRIVER\u00a0<\/strong><strong>CALI BUD OR NO BUD\u00a0\u00a0 NEAR ME | CALI BUD OR NO BUD \u00a0NEAR ME<\/strong><\/h4>\n<p><strong>\u00a0Sundae Driver Effekte<\/strong><br \/> <strong>K\u00f6rperlicher Rausch<\/strong>, Euphorie, Entspannend, Schl\u00e4frig, Erhebend<\/p>\n<p><strong>Kann lindern<\/strong><br \/> Angst, Chronische Schmerzen, Depression, Schlaflosigkeit, PTBS, Stress<br \/> <strong>Aromen<\/strong><br \/> Bonbon, Schokolade, Cremig, Fruchtig, Zuckerhaltig, S\u00fc\u00df<br \/> <strong>Aromen<\/strong><br \/> Schokolade, Erdige, Fruchtig, Kr\u00e4uterartig, S\u00fc\u00df<\/p>\n<p>Terpene<br \/> Linalool<br \/> Limonen<br \/> Caryophyllen<\/p>\n<p class=\"translation-block\">Positive Effekte:<br> Gl\u00fcck<br> Euphorie<br> Entspannung<br> Stressabbau<br> Stimmungsaufheller<\/p>\n<p class=\"translation-block\">Nebenwirkungen:<br> Trockene Augen<br> Trockener Mund<br> Schwindel<\/p>\n<h5 style=\"text-align: center\"><strong>SUNDAE DRIVER\u00a0<\/strong><strong>\u00a0STRAIN | \u00a0<\/strong><strong>SUNDAE DRIVER\u00a0<\/strong><strong>WEED STRAIN | CALI\u00a0<\/strong><strong>SUNDAE DRIVER\u00a0<\/strong><strong>| CALI\u00a0<\/strong><strong>SUNDAE DRIVER\u00a0<\/strong><strong>\u00a0STRAIN<\/strong><\/h5>\n<p><strong>\u00a0Warnung.<\/strong><br \/> Dieses Produkt enth\u00e4lt Cannabis, eine eingestufte Substanz. Au\u00dferhalb der Reichweite von Kindern und Tieren aufbewahren. <a href=\"https:\/\/caliplugcarts.com\/product-category\/cali-carts\/\" target=\"_blank\" rel=\"noopener\">Cannabis<\/a> produkte d\u00fcrfen nur von Personen ab 21 Jahren besessen oder konsumiert werden, es sei denn, die Person ist ein qualifizierter Patient. Die berauschenden Wirkungen von Cannabisprodukten k\u00f6nnen bis zu zwei Stunden anhalten. Der Konsum von Cannabis w\u00e4hrend der Schwangerschaft oder Stillzeit kann sch\u00e4dlich sein. Der Konsum dieser Produkte beeintr\u00e4chtigt Ihre F\u00e4higkeit, ein Fahrzeug zu fahren oder Maschinen zu bedienen. Bitte seien Sie \u00e4u\u00dferst vorsichtig.<\/p>\n<p>Wenn Sie jemals nach der perfekten Sorte gesucht haben, die Sie auf einer Sonntagsfahrt begleitet, nat\u00fcrlich als Beifahrer, dann sollten Sie Sundae Driver in Betracht ziehen, ein Produkt von Cannarado Genetics. Durch die Kreuzung von Fruity Pebbles OG und Grape Pie hat dieses mysteri\u00f6se Team einen ausgewogen balancierten Hybrid entwickelt, der ein gro\u00dfartiger Reisebegleiter ist oder zu Hause genauso gut funktioniert.<\/p>\n<p>Sanft genug f\u00fcr die meisten Arten von Nutzern, um ihn zu genie\u00dfen, liegt der THC-Gehalt von Sundae Driver zwischen 14 % und 16 %.<\/p>\n<p>Aufgrund ihrer fr\u00f6hlichen und unbeschwerten Haltung wird Sundae Driver von medizinischen Patienten oft zur Unterst\u00fctzung bei mentalen Problemen wie Depressionen, Angstzust\u00e4nden, PTSD und mehr verwendet. Es wurde jedoch auch gesagt, dass sie ebenso hilfreich bei k\u00f6rperlichen Beschwerden ist. Also, wenn Sie das n\u00e4chste Mal unter einer Migr\u00e4ne oder gesundheitlichen Problemen von Frauen leiden, versuchen Sie ein paar Z\u00fcge. Nochmals, wenn Sie eine geringe Toleranz haben und sich ausreichend hingeben, k\u00f6nnte Sundae Driver auch bei Schlaflosigkeit helfen.<\/p>\n<div data-testid=\"product-description\">\n<div class=\"truncate-lines__Wrapper-sc-1lknwty-0 YxHAC\">\n<div data-testid=\"truncated-description\">\n<div>\n<div class=\"text__Text-sc-fif1uk-0 kdmKRD\">\n<div class=\"src__Box-sc-1sbtrzs-0 src__Flex-sc-1sbtrzs-1 kWPFqZ hzdsvF\">\n<div>MUSTER-PRODUKTKATEGORIEN<\/div>\n<\/p><\/div>\n<\/p><\/div>\n<\/p><\/div>\n<\/p><\/div>\n<\/p><\/div>\n<\/p><\/div>\n<div class=\"text__Text-sc-fif1uk-0 htoJfX\"><a href=\"https:\/\/jeetersofficial.com\/product-category\/buy-cali-buds\/\" target=\"_blank\" rel=\"noopener\">CALI BUDS<\/a><\/div>\n<div data-testid=\"product-description\">\n<div class=\"truncate-lines__Wrapper-sc-1lknwty-0 YxHAC\">\n<div data-testid=\"truncated-description\">\n<div class=\"text__Text-sc-fif1uk-0 kdmKRD\"><a href=\"https:\/\/jeetersofficial.com\/product-category\/backpack-boyz\/\" target=\"_blank\" rel=\"noopener\">Backpack\u00a0 Boyz<\/a><\/div>\n<div><a href=\"https:\/\/jeetersofficial.com\/product-category\/snow-balls-weed\/\" target=\"_blank\" rel=\"noopener\">SNOWBALLS WEED<\/a><\/div>\n<div><a href=\"https:\/\/jeetersofficial.com\/product-category\/persy-snowcaps\/\" target=\"_blank\" rel=\"noopener\">Persy Snowcaps<\/a><\/div>\n<div><a href=\"https:\/\/jeetersofficial.com\/product-category\/drip-snowcaps\/\" target=\"_blank\" rel=\"noopener\">Drip Snowcaps<\/a><\/div>\n<div><a href=\"https:\/\/jeetersofficial.com\/product-category\/concentrates\/\" target=\"_blank\" rel=\"noopener\">CALI CONCENTRATES<\/a><\/div>\n<div><a href=\"https:\/\/jeetersofficial.com\/product-category\/doja-exclusive\/\" target=\"_blank\" rel=\"noopener\">CALI DOJA PACKS EXCLUSIVE<\/a><\/div>\n<div><a href=\"https:\/\/jeetersofficial.com\/product-category\/marijuana-flowers\/\" target=\"_blank\" rel=\"noopener\">CALI MARIJUANA FLOWERS<\/a><\/div>\n<\/p><\/div>\n<\/p><\/div>\n<\/p><\/div>\n<div><a href=\"https:\/\/jeetersofficial.com\/product-category\/sativa-strain\/\" target=\"_blank\" rel=\"noopener\">CALI SATIVA STRAINS<\/a><\/div>\n<div><a href=\"https:\/\/jeetersofficial.com\/product-category\/indica\/\" target=\"_blank\" rel=\"noopener\">CALI INDICA STRAINS<\/a><\/div>\n<div><a href=\"https:\/\/jeetersofficial.com\/product-category\/hybrid-weed\/\" target=\"_blank\" rel=\"noopener\">CALI HYBRID WEED<\/a><\/div>","protected":false},"excerpt":{"rendered":"<p><strong>Cali bud Sundae Driver<\/strong><br \/> Kaufen Sie den Cali Bud Sundae Driver Cannabis-Geschmack online. Hei\u00dfe und trendige Premium-Indoor-Cali-Buds zum Verkauf bei der\u00a0<a href=\"http:\/\/caliweedplug.com\/\">Cali Plug<\/a>\u00a0Online-Shop zu coolen Preisen. Cali Sundae Driver ist eine einflussreiche, sativa-dominante Hybridsorte, die durch die Kreuzung von Strawberry und Grape Ape entstanden ist, um diese erstaunliche Sorte zu kreieren.<\/p>","protected":false},"featured_media":1802,"comment_status":"closed","ping_status":"closed","template":"","meta":{"_uag_custom_page_level_css":"","site-sidebar-layout":"default","site-content-layout":"","ast-site-content-layout":"","site-content-style":"default","site-sidebar-style":"default","ast-global-header-display":"","ast-banner-title-visibility":"","ast-main-header-display":"","ast-hfb-above-header-display":"","ast-hfb-below-header-display":"","ast-hfb-mobile-header-display":"","site-post-title":"","ast-breadcrumbs-content":"","ast-featured-img":"","footer-sml-layout":"","theme-transparent-header-meta":"","adv-header-id-meta":"","stick-header-meta":"","header-above-stick-meta":"","header-main-stick-meta":"","header-below-stick-meta":"","astra-migrate-meta-layouts":"default","ast-page-background-enabled":"default","ast-page-background-meta":{"desktop":{"background-color":"var(--ast-global-color-4)","background-image":"","background-repeat":"repeat","background-position":"center center","background-size":"auto","background-attachment":"scroll","background-type":"","background-media":"","overlay-type":"","overlay-color":"","overlay-opacity":"","overlay-gradient":""},"tablet":{"background-color":"","background-image":"","background-repeat":"repeat","background-position":"center center","background-size":"auto","background-attachment":"scroll","background-type":"","background-media":"","overlay-type":"","overlay-color":"","overlay-opacity":"","overlay-gradient":""},"mobile":{"background-color":"","background-image":"","background-repeat":"repeat","background-position":"center center","background-size":"auto","background-attachment":"scroll","background-type":"","background-media":"","overlay-type":"","overlay-color":"","overlay-opacity":"","overlay-gradient":""}},"ast-content-background-meta":{"desktop":{"background-color":"var(--ast-global-color-5)","background-image":"","background-repeat":"repeat","background-position":"center center","background-size":"auto","background-attachment":"scroll","background-type":"","background-media":"","overlay-type":"","overlay-color":"","overlay-opacity":"","overlay-gradient":""},"tablet":{"background-color":"var(--ast-global-color-5)","background-image":"","background-repeat":"repeat","background-position":"center center","background-size":"auto","background-attachment":"scroll","background-type":"","background-media":"","overlay-type":"","overlay-color":"","overlay-opacity":"","overlay-gradient":""},"mobile":{"background-color":"var(--ast-global-color-5)","background-image":"","background-repeat":"repeat","background-position":"center center","background-size":"auto","background-attachment":"scroll","background-type":"","background-media":"","overlay-type":"","overlay-color":"","overlay-opacity":"","overlay-gradient":""}}},"product_brand":[],"product_cat":[675],"product_tag":[489,491,676,506,677,508,509,510,531,492,481,472,678,679,680,514,515,517,518,461,522,536,462,681,682,540,467,683,684,685,686,687],"class_list":{"0":"post-1772","1":"product","2":"type-product","3":"status-publish","4":"has-post-thumbnail","6":"product_cat-buy-cali-buds","7":"product_tag-best-cali-packs","8":"product_tag-buy-cali-bud-or-no-bud-online","9":"product_tag-buy-cali-bud-or-no-bud-sundae-driver-online","10":"product_tag-buy-cali-buds","11":"product_tag-buy-sundae-driver-cali-bud-or-no-bud-online","12":"product_tag-buy-weed-online","13":"product_tag-by-the-best-cali-buds","14":"product_tag-cali-bags","15":"product_tag-cali-bud","16":"product_tag-cali-bud-or-no-bud","17":"product_tag-cali-bud-or-no-bud-for-sale","18":"product_tag-cali-bud-or-no-bud-near-me","19":"product_tag-cali-bud-or-no-bud-sundae-driver","20":"product_tag-cali-bud-or-no-bud-sundae-driver-for-sale","21":"product_tag-cali-bud-or-no-bud-sundae-driver-near-me","22":"product_tag-cali-bud-packs","23":"product_tag-cali-buds-online","24":"product_tag-cali-flavours","25":"product_tag-cali-gush-lato","26":"product_tag-cali-packs","27":"product_tag-cali-plug-bags","28":"product_tag-cali-plug-buds","29":"product_tag-cali-plug-cali-bud-or-no-bud","30":"product_tag-cali-sundae-driver","31":"product_tag-cali-sundae-driver-strain","32":"product_tag-calibud","33":"product_tag-hardball-cookies","34":"product_tag-sundae-driver-cali-bud-or-no-bud","35":"product_tag-sundae-driver-cali-bud-or-no-bud-for-sale","36":"product_tag-sundae-driver-cali-bud-or-no-bud-near-me","37":"product_tag-sundae-driver-strain","38":"product_tag-sundae-driver-weed-strain","39":"desktop-align-center","40":"tablet-align-left","41":"mobile-align-left","43":"first","44":"instock","45":"shipping-taxable","46":"purchasable","47":"product-type-variable"},"uagb_featured_image_src":{"full":["https:\/\/caliweedeurope.com\/wp-content\/uploads\/2024\/11\/IMG-0224.jpg",956,1276,false],"thumbnail":["https:\/\/caliweedeurope.com\/wp-content\/uploads\/2024\/11\/IMG-0224-150x150.jpg",150,150,true],"medium":["https:\/\/caliweedeurope.com\/wp-content\/uploads\/2024\/11\/IMG-0224-225x300.jpg",225,300,true],"medium_large":["https:\/\/caliweedeurope.com\/wp-content\/uploads\/2024\/11\/IMG-0224-768x1025.jpg",768,1025,true],"large":["https:\/\/caliweedeurope.com\/wp-content\/uploads\/2024\/11\/IMG-0224-767x1024.jpg",767,1024,true],"1536x1536":["https:\/\/caliweedeurope.com\/wp-content\/uploads\/2024\/11\/IMG-0224.jpg",956,1276,false],"2048x2048":["https:\/\/caliweedeurope.com\/wp-content\/uploads\/2024\/11\/IMG-0224.jpg",956,1276,false],"trp-custom-language-flag":["https:\/\/caliweedeurope.com\/wp-content\/uploads\/2024\/11\/IMG-0224.jpg",9,12,false],"woocommerce_thumbnail":["https:\/\/caliweedeurope.com\/wp-content\/uploads\/2024\/11\/IMG-0224-300x300.jpg",300,300,true],"woocommerce_single":["https:\/\/caliweedeurope.com\/wp-content\/uploads\/2024\/11\/IMG-0224-600x801.jpg",600,801,true],"woocommerce_gallery_thumbnail":["https:\/\/caliweedeurope.com\/wp-content\/uploads\/2024\/11\/IMG-0224-100x100.jpg",100,100,true]},"uagb_author_info":{"display_name":"jetskiforsaleuk@gmail.com","author_link":"https:\/\/caliweedeurope.com\/de\/author\/"},"uagb_comment_info":0,"uagb_excerpt":"Cali Bud Sundae Driver Buy Cali bud Sundae Driver cannabis flavor online. Hot and trending top-shelf indoor Cali buds for sale at the\u00a0Cali Plug\u00a0Online shop at cool prices, Cali Sundae Driver is an influential cannabis Sativa dominant hybrid strain cross with strawberry and grape ape to get this amazing strain.","_links":{"self":[{"href":"https:\/\/caliweedeurope.com\/de\/wp-json\/wp\/v2\/product\/1772"}],"collection":[{"href":"https:\/\/caliweedeurope.com\/de\/wp-json\/wp\/v2\/product"}],"about":[{"href":"https:\/\/caliweedeurope.com\/de\/wp-json\/wp\/v2\/types\/product"}],"replies":[{"embeddable":true,"href":"https:\/\/caliweedeurope.com\/de\/wp-json\/wp\/v2\/comments?post=1772"}],"wp:featuredmedia":[{"embeddable":true,"href":"https:\/\/caliweedeurope.com\/de\/wp-json\/wp\/v2\/media\/1802"}],"wp:attachment":[{"href":"https:\/\/caliweedeurope.com\/de\/wp-json\/wp\/v2\/media?parent=1772"}],"wp:term":[{"taxonomy":"product_brand","embeddable":true,"href":"https:\/\/caliweedeurope.com\/de\/wp-json\/wp\/v2\/product_brand?post=1772"},{"taxonomy":"product_cat","embeddable":true,"href":"https:\/\/caliweedeurope.com\/de\/wp-json\/wp\/v2\/product_cat?post=1772"},{"taxonomy":"product_tag","embeddable":true,"href":"https:\/\/caliweedeurope.com\/de\/wp-json\/wp\/v2\/product_tag?post=1772"}],"curies":[{"name":"wp","href":"https:\/\/api.w.org\/{rel}","templated":true}]}}