{"id":1784,"date":"2024-11-05T18:39:20","date_gmt":"2024-11-05T18:39:20","guid":{"rendered":"https:\/\/caliweedeurope.com\/?post_type=product&#038;p=1784"},"modified":"2024-11-05T18:39:26","modified_gmt":"2024-11-05T18:39:26","slug":"kaufe-cali-bud-sweet-and-sour-online","status":"publish","type":"product","link":"https:\/\/caliweedeurope.com\/de\/product\/kaufe-cali-bud-sweet-and-sour-online\/","title":{"rendered":"Kaufe Cali Bud Sweet and Sour Online"},"content":{"rendered":"<h1 style=\"text-align: center\"><strong>\u00a0 \u00a0 \u00a0 \u00a0 \u00a0<\/strong><strong>SWEET AND SOUR <\/strong><strong>CALI BUD OR NO BUD\u00a0|<\/strong><strong>\u00a0CALI BUD OR NO BUD\u00a0<\/strong><strong>SWEET AND SOUR <\/strong><strong>|<\/strong><strong>\u00a0CALI PLUG CALI BUD OR NO BUD<\/strong><\/h1>\n<p><strong>Cali Bud Sweet and Sour Sorte<\/strong><br \/> Angesichts ihres anst\u00e4ndigen Cannabinoid-Profils sind die psychoaktiven Wirkungen von Sweet and Sour Widow mild. Diese Sorte ist geeignet f\u00fcr Anf\u00e4nger und Patienten, die sich medikament\u00f6s behandeln m\u00f6chten, ohne einen benebelten Kopf zu bekommen. Prepared Widow stammt aus der White Widow-Genetik und einer anonymen Sativa-Hybride, die ihr CBD-Profil erg\u00e4nzt.<\/p>\n<p>Cali Bud war schon immer eine naheliegende Wahl, wenn es darum ging, diese Sorte zu benennen, angesichts der Beliebtheit von Kush-Varianten im Golden State. Dies veranlasst den Cali Plug, mehr an seinen indoor angebauten Cannabissorten zu arbeiten und mehr Forschung zu betreiben.<\/p>\n<div class=\"variety-percentage-wrap\">\n<h4 class=\"variety\"><a href=\"https:\/\/www.allbud.com\/marijuana-strains\/variety\/sativa-dominant-hybrid\" target=\"_blank\" rel=\"noopener\">Sativa Dominant Hybrid\u00a0<\/a><span class=\"hidden-xs\">\u2013\u00a0<\/span><span class=\"strain-percentages\">80% Sativa \/ 20% Indica<\/span><\/h4>\n<h4 class=\"percentage\"><span class=\"heading\">THC:\u00a0<\/span>8%,\u00a0<span class=\"heading\">CBD:\u00a0<\/span><em>12<\/em>%<\/h4>\n<\/p><\/div>\n<p class=\"translation-block\">Sweet and Sour, auch bekannt als \u201eSweet 'N Sour\u201c oder \u201eSweet 'N Sour Diesel\u201c in der Cannabiskommunity, ist eine sativa-dominante Hybrid-Sorte (80% Sativa\/20% Indica), die eine kraftvolle Kreuzung zwischen Mexican Haze X <a href=\"https:\/\/www.allbud.com\/marijuana-strains\/indica\/purple-princess\" target=\"_blank\" rel=\"noopener\">Princess<\/a> X Skunk #1 X <a href=\"https:\/\/www.allbud.com\/marijuana-strains\/sativa\/hawaiian-sativa\" target=\"_blank\" rel=\"noopener\">Hawaiian Sativa<\/a> ist. Diese hochwertige Sorte hat einen durchschnittlichen THC-Gehalt von 8% und eine Vielzahl von Indica- und Sativa-Effekten. Benutzer beschreiben das High von Sweet and Sour als einen sofortigen zerebralen Rausch mit aufheiternder Energie sowie kreativer Inspiration und Fokus.<\/p>\n<p>Dieser kopflastige Rausch wird von einem milden Couch-Lock begleitet, der eine signifikante K\u00f6rperentspannung bietet. Dieser Rausch ist perfekt f\u00fcr einen faulen Tag, an dem man zu Hause sitzen, ein Buch lesen oder Videospiele spielen m\u00f6chte. Aufgrund dieser starken Effekte ist Sweet and Sour eine ideale Sorte zur Behandlung von Patienten, die an Erkrankungen wie Glaukom, Alzheimer, chronischem Stress und M\u00fcdigkeit leiden.<\/p>\n<h2 style=\"text-align: center\"><strong>\u00a0BUY\u00a0<\/strong><strong>SWEET AND SOUR\u00a0<\/strong><strong>CALI BUD OR NO BUD\u00a0 ONLINE | BUY CALI BUD OR NO BUD\u00a0<\/strong><strong>SWEET AND SOUR\u00a0<\/strong><strong>ONLINE | BUY CALI BUD OR NO BUD ONLINE<\/strong><\/h2>\n<p><strong>Sweet and Sour Sorte.<\/strong><\/p>\n<p>Du wirst dich v\u00f6llig euphorisch f\u00fchlen, mit einem \u00fcbergreifenden Gef\u00fchl der Selbstreflexion, das dich laserfokussiert auf Dinge in deiner Umgebung macht, aber nicht wirklich in der Lage ist, Gespr\u00e4che mit anderen zu f\u00fchren oder etwas Physisches zu tun.<br \/> <b>S\u00fc\u00df und Sauer Witwe<\/b>\u00a0ist eine 70\/30 indica-dominante Cannabissorte mit einem 1:1 CBD-THC-Verh\u00e4ltnis und einem subtilen s\u00fc\u00dfen Zwiebelaroma. Aufgrund ihres ausgewogenen Cannabinoidprofils sind die psychoaktiven Wirkungen von Sweet and Sour Widow mild, was diese Sorte f\u00fcr Anf\u00e4nger und Patienten, die sich ohne einen nebligen Kopf medikamentieren m\u00f6chten, geeignet macht. Sweet and Sour Widow stammt aus White Widow-Genetik und einer unbenannten Sativa-Hybride, um ihr CBD-Profil zu betonen.<\/p>\n<h3 style=\"text-align: center\"><strong>SWEET AND SOUR\u00a0<\/strong><strong>CALI BUD OR NO BUD FOR SALE | CALI BUD OR NO BUD\u00a0\u00a0<\/strong><strong>SWEET AND SOUR\u00a0<\/strong><strong>FOR SALE | CALI BUD OR NO BUD\u00a0 FOR SALE<\/strong><\/h3>\n<p><strong>Gl\u00fccklich<\/strong><br \/> 49 % der Menschen geben an, sich gl\u00fccklich zu f\u00fchlen<br \/> <strong>Entspannt<\/strong><br \/> 44 % der Menschen geben an, sich entspannt zu f\u00fchlen<br \/> <strong>Erregt<\/strong><br \/> 16 % der Menschen geben an, sich erregt zu f\u00fchlen<br \/> <strong>Negative<\/strong><br \/> <strong>Trockener Mund<\/strong><br \/> 17 % der Menschen geben an, einen trockenen Mund zu haben<br \/> <strong>Trockene Augen<\/strong><br \/> 11 % der Menschen geben an, trockene Augen zu haben<br \/> <strong>Schwindelig<\/strong><br \/> 5 % der Menschen geben an, sich schwindelig zu f\u00fchlen<\/p>\n<h4><strong>CALI BUD OR NO BUD \u00a0<\/strong><strong>SWEET AND SOUR\u00a0<\/strong><strong>\u00a0NEAR ME |\u00a0<\/strong><strong>SWEET AND SOUR\u00a0<\/strong><strong>CALI BUD OR NO BUD\u00a0\u00a0 NEAR ME | CALI BUD OR NO BUD \u00a0NEAR ME<\/strong><\/h4>\n<p class=\"translation-block\"><strong>Cali Bud Sweet and Sour Warnung<\/strong><br> Zusammenfassend enth\u00e4lt dieses Produkt Cannabis, eine regulierte Substanz, die au\u00dferhalb der Reichweite von Kindern und Tieren aufbewahrt werden sollte. Cannabisprodukte d\u00fcrfen nur von Personen \u00fcber 21 Jahren konsumiert werden, es sei denn, die Person ist ein qualifizierter Patient. Die berauschenden Effekte von Cannabisprodukten k\u00f6nnen bis zu zwei Stunden anhalten. <a href=\"https:\/\/caliplugcarts.com\/product\/cali-delta-8-thc-flower-wholesale\/\" target=\"_blank\" rel=\"noopener\">Cannabis<\/a> Konsum w\u00e4hrend der Schwangerschaft oder Stillzeit kann sch\u00e4dlich sein. Der Konsum dieser Produkte beeintr\u00e4chtigt Ihre F\u00e4higkeit, ein Fahrzeug zu fahren oder Maschinen zu bedienen. Bitte seien Sie \u00e4u\u00dferst vorsichtig.<\/p>\n<h5 style=\"text-align: center\"><strong>SWEET AND SOUR\u00a0<\/strong><strong>\u00a0STRAIN | \u00a0<\/strong><strong>SWEET AND SOUR\u00a0<\/strong><strong>WEED STRAIN | CALI\u00a0<\/strong><strong>SWEET AND SOUR\u00a0<\/strong><strong>| CALI\u00a0<\/strong><strong>SWEET AND SOUR\u00a0<\/strong><strong>\u00a0STRAIN<\/strong><\/h5>\n<p>Zu Beginn wurde die Cali Sweet and Sour Sorte von der CBD Crew gez\u00fcchtet. Die Sweet and Sour Cannabis-Sorten sind eine 70\/30 indica-dominante Cannabis-Sorte mit einem CBD-THC-Verh\u00e4ltnis von 1:1 und einem subtilen s\u00fc\u00dfen Zwiebelgeruch.<\/p>\n<p><strong>Cali Sweet and Sour Strain Effekte<\/strong><\/p>\n<p>Angesichts ihres anst\u00e4ndigen Cannabinoid-Profils sind die psychoaktiven Wirkungen von Sweet and Sour Widow mild. Diese Sorte eignet sich f\u00fcr Anf\u00e4nger und Patienten, die sich medikament\u00f6s behandeln m\u00f6chten, ohne einen benebelten Kopf zu bekommen. Prepared Widow stammt aus der White Widow-Genetik und einer anonymen Sativa-Hybride, die ihr CBD-Profil erg\u00e4nzt.<\/p>\n<p>Cali Bud war immer eine naheliegende Wahl, wenn es darum ging, diese Sorte zu benennen, angesichts der Beliebtheit der Kush-Sorten im Golden State. Der Cali Plug wird dazu angesto\u00dfen, mehr an seinen indoor gez\u00fcchteten Cannabissorten zu arbeiten. Es wird mehr Aufwand betrieben, um die Arbeit fortzusetzen.<\/p>\n<p><b>Warnung<\/b><\/p>\n<p>Abschlie\u00dfend enth\u00e4lt dieses Produkt Cannabis, eine eingestufte Substanz. Au\u00dferhalb der Reichweite von Kindern und Tieren aufbewahren. Cannabisprodukte d\u00fcrfen nur von Personen \u00fcber 21 Jahren konsumiert werden, es sei denn, die Person ist ein qualifizierter Patient. Die berauschende Wirkung von Cannabisprodukten kann bis zu zwei Stunden anhalten. Die Verwendung von Cannabis w\u00e4hrend der Schwangerschaft oder Stillzeit kann sch\u00e4dlich sein. Der Konsum dieser Produkte beeintr\u00e4chtigt Ihre F\u00e4higkeit, Maschinen zu fahren oder zu bedienen. Bitte seien Sie \u00e4u\u00dferst vorsichtig.<\/p>\n<p>&nbsp;<\/p>","protected":false},"excerpt":{"rendered":"<p><strong>Cali Bud Sweet and Sour Sorte<\/strong><br \/> Angesichts ihres anst\u00e4ndigen Cannabinoid-Profils sind die psychoaktiven Wirkungen von Sweet and Sour Widow mild. Diese Sorte ist geeignet f\u00fcr Anf\u00e4nger und Patienten, die sich medikament\u00f6s behandeln m\u00f6chten, ohne einen benebelten Kopf zu bekommen. Prepared Widow stammt aus der White Widow-Genetik und einer anonymen Sativa-Hybride, die ihr CBD-Profil erg\u00e4nzt.<\/p>","protected":false},"featured_media":1703,"comment_status":"closed","ping_status":"closed","template":"","meta":{"_uag_custom_page_level_css":"","site-sidebar-layout":"default","site-content-layout":"","ast-site-content-layout":"","site-content-style":"default","site-sidebar-style":"default","ast-global-header-display":"","ast-banner-title-visibility":"","ast-main-header-display":"","ast-hfb-above-header-display":"","ast-hfb-below-header-display":"","ast-hfb-mobile-header-display":"","site-post-title":"","ast-breadcrumbs-content":"","ast-featured-img":"","footer-sml-layout":"","theme-transparent-header-meta":"","adv-header-id-meta":"","stick-header-meta":"","header-above-stick-meta":"","header-main-stick-meta":"","header-below-stick-meta":"","astra-migrate-meta-layouts":"default","ast-page-background-enabled":"default","ast-page-background-meta":{"desktop":{"background-color":"var(--ast-global-color-4)","background-image":"","background-repeat":"repeat","background-position":"center center","background-size":"auto","background-attachment":"scroll","background-type":"","background-media":"","overlay-type":"","overlay-color":"","overlay-opacity":"","overlay-gradient":""},"tablet":{"background-color":"","background-image":"","background-repeat":"repeat","background-position":"center center","background-size":"auto","background-attachment":"scroll","background-type":"","background-media":"","overlay-type":"","overlay-color":"","overlay-opacity":"","overlay-gradient":""},"mobile":{"background-color":"","background-image":"","background-repeat":"repeat","background-position":"center center","background-size":"auto","background-attachment":"scroll","background-type":"","background-media":"","overlay-type":"","overlay-color":"","overlay-opacity":"","overlay-gradient":""}},"ast-content-background-meta":{"desktop":{"background-color":"var(--ast-global-color-5)","background-image":"","background-repeat":"repeat","background-position":"center center","background-size":"auto","background-attachment":"scroll","background-type":"","background-media":"","overlay-type":"","overlay-color":"","overlay-opacity":"","overlay-gradient":""},"tablet":{"background-color":"var(--ast-global-color-5)","background-image":"","background-repeat":"repeat","background-position":"center center","background-size":"auto","background-attachment":"scroll","background-type":"","background-media":"","overlay-type":"","overlay-color":"","overlay-opacity":"","overlay-gradient":""},"mobile":{"background-color":"var(--ast-global-color-5)","background-image":"","background-repeat":"repeat","background-position":"center center","background-size":"auto","background-attachment":"scroll","background-type":"","background-media":"","overlay-type":"","overlay-color":"","overlay-opacity":"","overlay-gradient":""}}},"product_brand":[],"product_cat":[675],"product_tag":[489,491,558,506,559,508,509,510,531,481,472,560,561,562,514,515,516,517,518,535,536,462,537,563,564,467,501,523,565,566,567,568,569,503],"class_list":{"0":"post-1784","1":"product","2":"type-product","3":"status-publish","4":"has-post-thumbnail","6":"product_cat-buy-cali-buds","7":"product_tag-best-cali-packs","8":"product_tag-buy-cali-bud-or-no-bud-online","9":"product_tag-buy-cali-bud-or-no-bud-sweet-and-sour-online","10":"product_tag-buy-cali-buds","11":"product_tag-buy-sweet-and-sour-cali-bud-or-no-bud-online","12":"product_tag-buy-weed-online","13":"product_tag-by-the-best-cali-buds","14":"product_tag-cali-bags","15":"product_tag-cali-bud","16":"product_tag-cali-bud-or-no-bud-for-sale","17":"product_tag-cali-bud-or-no-bud-near-me","18":"product_tag-cali-bud-or-no-bud-sweet-and-sour","19":"product_tag-cali-bud-or-no-bud-sweet-and-sour-for-sale","20":"product_tag-cali-bud-or-no-bud-sweet-and-sour-near-me","21":"product_tag-cali-bud-packs","22":"product_tag-cali-buds-online","23":"product_tag-cali-flavors","24":"product_tag-cali-flavours","25":"product_tag-cali-gush-lato","26":"product_tag-cali-plug-bud","27":"product_tag-cali-plug-buds","28":"product_tag-cali-plug-cali-bud-or-no-bud","29":"product_tag-cali-plug-strains","30":"product_tag-cali-sweet-and-sour","31":"product_tag-cali-sweet-and-sour-strain","32":"product_tag-hardball-cookies","33":"product_tag-marshmallow-strain","34":"product_tag-order-weed-online","35":"product_tag-sweet-and-sour-cali-bud-or-no-bud","36":"product_tag-sweet-and-sour-cali-bud-or-no-bud-for-sale","37":"product_tag-sweet-and-sour-cali-bud-or-no-bud-near-me","38":"product_tag-sweet-and-sour-strain","39":"product_tag-sweet-and-sour-weed-strain","40":"product_tag-top-cali-bud-packs","41":"desktop-align-center","42":"tablet-align-left","43":"mobile-align-left","45":"first","46":"instock","47":"shipping-taxable","48":"purchasable","49":"product-type-variable"},"uagb_featured_image_src":{"full":["https:\/\/caliweedeurope.com\/wp-content\/uploads\/2024\/11\/1-e1579244057102.jpeg",900,1200,false],"thumbnail":["https:\/\/caliweedeurope.com\/wp-content\/uploads\/2024\/11\/1-e1579244057102-150x150.jpeg",150,150,true],"medium":["https:\/\/caliweedeurope.com\/wp-content\/uploads\/2024\/11\/1-e1579244057102-225x300.jpeg",225,300,true],"medium_large":["https:\/\/caliweedeurope.com\/wp-content\/uploads\/2024\/11\/1-e1579244057102-768x1024.jpeg",768,1024,true],"large":["https:\/\/caliweedeurope.com\/wp-content\/uploads\/2024\/11\/1-e1579244057102-768x1024.jpeg",768,1024,true],"1536x1536":["https:\/\/caliweedeurope.com\/wp-content\/uploads\/2024\/11\/1-e1579244057102.jpeg",900,1200,false],"2048x2048":["https:\/\/caliweedeurope.com\/wp-content\/uploads\/2024\/11\/1-e1579244057102.jpeg",900,1200,false],"trp-custom-language-flag":["https:\/\/caliweedeurope.com\/wp-content\/uploads\/2024\/11\/1-e1579244057102.jpeg",9,12,false],"woocommerce_thumbnail":["https:\/\/caliweedeurope.com\/wp-content\/uploads\/2024\/11\/1-e1579244057102-300x300.jpeg",300,300,true],"woocommerce_single":["https:\/\/caliweedeurope.com\/wp-content\/uploads\/2024\/11\/1-e1579244057102-600x800.jpeg",600,800,true],"woocommerce_gallery_thumbnail":["https:\/\/caliweedeurope.com\/wp-content\/uploads\/2024\/11\/1-e1579244057102-100x100.jpeg",100,100,true]},"uagb_author_info":{"display_name":"jetskiforsaleuk@gmail.com","author_link":"https:\/\/caliweedeurope.com\/de\/author\/"},"uagb_comment_info":0,"uagb_excerpt":"Cali bud Sweet and Sour Strain. In view of its decent cannabinoid profile. Sweet and Sour Widow\u2019s psychoactive impacts are mellow. Making this strain appropriate for beginner purchasers and patients expecting to sedate without a foggy head. Prepared Widow is gotten from White Widow hereditary qualities and an anonymous Sativa-half complement to its CBD profile.","_links":{"self":[{"href":"https:\/\/caliweedeurope.com\/de\/wp-json\/wp\/v2\/product\/1784"}],"collection":[{"href":"https:\/\/caliweedeurope.com\/de\/wp-json\/wp\/v2\/product"}],"about":[{"href":"https:\/\/caliweedeurope.com\/de\/wp-json\/wp\/v2\/types\/product"}],"replies":[{"embeddable":true,"href":"https:\/\/caliweedeurope.com\/de\/wp-json\/wp\/v2\/comments?post=1784"}],"wp:featuredmedia":[{"embeddable":true,"href":"https:\/\/caliweedeurope.com\/de\/wp-json\/wp\/v2\/media\/1703"}],"wp:attachment":[{"href":"https:\/\/caliweedeurope.com\/de\/wp-json\/wp\/v2\/media?parent=1784"}],"wp:term":[{"taxonomy":"product_brand","embeddable":true,"href":"https:\/\/caliweedeurope.com\/de\/wp-json\/wp\/v2\/product_brand?post=1784"},{"taxonomy":"product_cat","embeddable":true,"href":"https:\/\/caliweedeurope.com\/de\/wp-json\/wp\/v2\/product_cat?post=1784"},{"taxonomy":"product_tag","embeddable":true,"href":"https:\/\/caliweedeurope.com\/de\/wp-json\/wp\/v2\/product_tag?post=1784"}],"curies":[{"name":"wp","href":"https:\/\/api.w.org\/{rel}","templated":true}]}}