{"id":1790,"date":"2024-11-05T18:39:20","date_gmt":"2024-11-05T18:39:20","guid":{"rendered":"https:\/\/caliweedeurope.com\/?post_type=product&#038;p=1790"},"modified":"2024-11-05T18:39:26","modified_gmt":"2024-11-05T18:39:26","slug":"buy-cali-bud-zkittles-strain-online","status":"publish","type":"product","link":"https:\/\/caliweedeurope.com\/de\/product\/buy-cali-bud-zkittles-strain-online\/","title":{"rendered":"Buy Cali Bud Zkittles Strain Online"},"content":{"rendered":"<h1 style=\"text-align: center\"><strong>ZKITTLES <\/strong><strong>CALI BUD OR NO BUD\u00a0|<\/strong><strong>\u00a0CALI BUD OR NO BUD\u00a0<\/strong><strong>ZKITTLES <\/strong><strong>|<\/strong><strong>\u00a0CALI PLUG CALI BUD OR NO BUD<\/strong><\/h1>\n<p><strong>Cali Bud Zkittles Strain<\/strong><\/p>\n<p>Zkittlez, auch bekannt als \u201eSkittles\u201c, \u201eSkittlz\u201c und \u201eIsland Skittles\u201c, ist eine Indica-Cannabis-Sorte, die aus einer Mischung von Grape Ape und Grapefruit gez\u00fcchtet wurde und mit einer weiteren nicht bekanntgegebenen Sorte gekreuzt wurde. Diese s\u00fc\u00df schmeckende Sorte wurde von 3rd Gen Family und Terp Hogz gez\u00fcchtet.<\/p>\n<p class=\"translation-block\"><b>Zkittlez<\/b>, auch bekannt als \u201eSkittles\u201c, \u201eSkittlz\u201c und \u201eIsland Skittles\u201c, ist eine <a href=\"https:\/\/www.leafly.com\/strains\/lists\/category\/indica\" target=\"_blank\" rel=\"noopener\">Indica<\/a>-Cannabissorte, die aus einer Mischung von Grape Ape und Grapefruit gez\u00fcchtet wurde und mit einer weiteren nicht offengelegten Sorte gekreuzt wurde. Diese zuckerhaltige Sorte wurde von 3rd Gen Family und Terp Hogz gez\u00fcchtet. Zkittlez gewann den 1. Platz bei der Emerald Cup 2016 und belegte in mehreren Cannabis Cups in San Francisco und Michigan Pl\u00e4tze. Diese Sorte hat klumpige Colas, die in einem Spektrum von hellgr\u00fcnen Farbt\u00f6nen explodieren und eine s\u00fc\u00dfe, tropische Mischung aus Fruchtaromen verstr\u00f6men. Die Wirkungen von Zkittlez sind beruhigend und lassen die Konsumenten fokussiert, wachsam und gl\u00fccklich zur\u00fcck, w\u00e4hrend sie den K\u00f6rper entspannen, um sich jederzeit zu entspannen.<\/p>\n<p>Zkittlez ist eine zunehmend beliebte Sorte, die es wert ist, gekauft zu werden, wenn sie in den Regalen von Apotheken auftaucht. Sie ist sowohl als alleiniger Genuss als auch in Gesellschaft gleichgesinnter Freunde sehr angenehm.<\/p>\n<p>Zkittlez kann auch verschiedene Anwendungen f\u00fcr medizinische Cannabispatienten haben. Die anf\u00e4nglichen mentalen Eigenschaften der Sorte k\u00f6nnen Menschen mit Aufmerksamkeitsdefizitst\u00f6rungen bei der Fokussierung unterst\u00fctzen. Wenn der K\u00f6rperhigh einsetzt, kann er vor\u00fcbergehend die Symptome von Stress, Depressionen und Angst lindern. K\u00f6rperliche Vorteile umfassen die Linderung sowohl chronischer Schmerzen als auch kleinerer, allt\u00e4glicher Irritationen. Zkittlez kann auch den Appetit anregen und somit denen helfen, die ihren Hunger verloren haben.<\/p>\n<h2 style=\"text-align: center\"><strong>\u00a0BUY\u00a0<\/strong><strong>ZKITTLES\u00a0<\/strong><strong>\u00a0CALI BUD OR NO BUD\u00a0 ONLINE | BUY CALI BUD OR NO BUD\u00a0<\/strong><strong>ZKITTLES\u00a0<\/strong><strong>ONLINE | BUY CALI BUD OR NO BUD ONLINE<\/strong><\/h2>\n<p><strong>Cali Bud Zkittles Sorte Auszeichnungen<\/strong><\/p>\n<p>Zkittlez gewann den 1. Platz beim Emerald Cup 2016 und belegte in mehreren Cannabis Cups in San Francisco und Michigan vordere Pl\u00e4tze. Diese Sorte zeichnet sich durch klobige Colas aus, die in einem Spektrum von hellgr\u00fcnen Farbt\u00f6nen explodieren und eine s\u00fc\u00dfe, tropische Mischung aus Fruchtgeschmacksnoten verstr\u00f6men.<\/p>\n<p>Indica Dominant Hybrid <span class=\"hidden-xs\" style=\"color: #333333;font-size: 14.4px\">\u2013\u00a0<\/span><span class=\"strain-percentages\" style=\"color: #333333;font-size: 14.4px\">70% Indica \/ 30% Sativa<\/span><\/p>\n<div class=\"variety-percentage-wrap\">\n<h4 class=\"percentage\"><span class=\"heading\">THC:\u00a0<\/span>13% \u2013 15%<\/h4>\n<\/p><\/div>\n<p>ZKittlez ist eine indica-dominante Hybrid-Sorte, die durch die Kreuzung der k\u00f6stlich kraftvollen Sorten Grape Ape X Grapefruit entstanden ist. Obwohl das genaue Verh\u00e4ltnis von Indica zu Sativa je nach Z\u00fcchterpraxis variiert, wurde ZKittlez konstant mit einem niedrigen THC-Gehalt von 15 % gemessen. Trotz dieses relativ milden THC-Gehalts belegte diese Sorte den ersten Platz als beste Indica bei den Cannabis Cups 2015 in San Francisco und Michigan. Trotz des niedrigen THC-Gehalts hat dieses Bud eine starke, geschmackvolle Wirkung. ZKittlez hat ein superfruchtiges Aroma von s\u00fc\u00dfem tropischen Erdduft mit einer leichten Kr\u00e4uternote.<\/p>\n<h3 style=\"text-align: center\"><strong>ZKITTLES\u00a0<\/strong><strong>CALI BUD OR NO BUD FOR SALE | CALI BUD OR NO BUD <\/strong><strong>ZKITTLES\u00a0<\/strong><strong>FOR SALE | CALI BUD OR NO BUD\u00a0 FOR SALE<\/strong><\/h3>\n<p><strong>Kaufen Sie Cali Bud Zkittles Sorte Online<\/strong><\/p>\n<p>Zkittlez ist genauso verlockend wie sein Geschmack, obwohl es relativ mild in der Natur ist. Es beginnt mit einem erhebenden Kopfrausch, der euphorisch und kreativ inspiriert macht, ohne Angst oder \u00dcberw\u00e4ltigung zu verursachen. Dies wird von einem entspannenden K\u00f6rperrausch begleitet, der sich langsam im K\u00f6rper und bis in die Fingerspitzen ausbreitet und dich v\u00f6llig ruhig und schmerzfrei l\u00e4sst, ohne deine Bewegungen einzuschr\u00e4nken. Ein mildes schl\u00e4friges Gef\u00fchl wird dich bei der Abk\u00fchlung \u00fcberkommen, obwohl es dich nicht einschl\u00e4fert.<\/p>\n<p class=\"translation-block\">Obwohl Zkittlez relativ schnell einsetzt, sind die kopfzentrierten Effekte eher subtil. Zu Beginn kann ein leichter Druck um die Augen und Schl\u00e4fen auftreten. Sobald Raucher sich an dieses Gef\u00fchl gew\u00f6hnen, k\u00f6nnen sie die Wirkung der Sorte auf ihre Sinneswahrnehmung besser sch\u00e4tzen. Seltsame Erfahrungen wie visuelle und auditive Verzerrungen werden h\u00e4ufig gemeldet, ebenso wie das merkw\u00fcrdige Gef\u00fchl, dass die Zeit langsamer vergeht. Solche trippigen Effekte k\u00f6nnen durch atmosph\u00e4rische Verbesserungen verst\u00e4rkt werden, insbesondere durch stimmungsvolle Musik oder eine visuell ansprechende Fernsehsendung.<\/p>\n<h4 style=\"text-align: center\"><strong>CALI BUD OR NO BUD \u00a0<\/strong><strong>ZKITTLES <\/strong><strong>NEAR ME |\u00a0<\/strong><strong>ZKITTLES<\/strong><strong> CALI BUD OR NO BUD NEAR ME | CALI BUD OR NO BUD \u00a0NEAR ME<\/strong><\/h4>\n<h5><strong style=\"color: #555555;font-size: 14.4px\">Gef\u00fchle<\/strong><\/h5>\n<p><strong>Gl\u00fccklich<\/strong><br \/> 49 % der Menschen geben an, sich gl\u00fccklich zu f\u00fchlen<br \/> <strong>Entspannt<\/strong><br \/> 44 % der Menschen geben an, sich entspannt zu f\u00fchlen<br \/> <strong>Erregt<\/strong><br \/> 16 % der Menschen geben an, sich erregt zu f\u00fchlen<br \/> <strong>Negative<\/strong><br \/> <strong>Trockener Mund<\/strong><br \/> 12% of people report feeling dry mouth<br \/> <strong>Trockene Augen<\/strong><br \/> 10 % der Menschen geben an, trockene Augen zu haben<br \/> <strong>Schwindelig<\/strong><br \/> 5 % der Menschen geben an, sich schwindelig zu f\u00fchlen<\/p>\n<p>Kaufen Sie Cali Weed-Pakete online und erhalten Sie kostenlosen Versand f\u00fcr Bestellungen \u00fcber 500. The Cali Plug ist Ihr Hauptlieferant mit diesen hochwertigen Cali Bud Aromen.<\/p>\n<p>Zkittlez, manchmal auch Skittlez oder einfach Skittles genannt, ist eine indica-dominante Hybride, die mit Fruchtgeschmack explodiert. Sie wurde von der in Nordkalifornien ans\u00e4ssigen Kollektion Dying Breed Seeds erschaffen und stammt von der fruchtigen Indica Grape Ape und der w\u00fcrzigen Sativa Grapefruit ab. Skittles kombiniert die mentalen und k\u00f6rperlichen Effekte beider Elternst\u00e4mme und liefert einen sanften, vielseitigen Rausch. Der THC-Gehalt von Zkittlez liegt zwischen 15% und 23%.<\/p>\n<h5 style=\"text-align: center\"><strong>ZKITTLES\u00a0<\/strong><strong> STRAIN | <\/strong><strong>ZKITTLES <\/strong><strong>WEED STRAIN | CALI\u00a0<\/strong><strong>ZKITTLES <\/strong><strong>| CALI\u00a0<\/strong><strong>ZKITTLES<\/strong><strong>\u00a0STRAIN<\/strong><\/h5>\n<p><strong>Cali Bud Zkittles Warnung<\/strong><\/p>\n<p>Dieses Produkt enth\u00e4lt Cannabis, eine geplante Substanz. Au\u00dfer Reichweite von Kindern und Tieren aufbewahren. Cannabisprodukte d\u00fcrfen nur von Personen im Alter von 21 Jahren oder \u00e4lter besessen oder konsumiert werden, es sei denn, die Person ist ein qualifizierter Patient. Die berauschenden Wirkungen von Cannabisprodukten k\u00f6nnen bis zu zwei Stunden anhalten. Der Konsum von Cannabis w\u00e4hrend der Schwangerschaft oder Stillzeit kann sch\u00e4dlich sein. Der Konsum dieses Produkts beeintr\u00e4chtigt Ihre F\u00e4higkeit, ein Fahrzeug zu f\u00fchren oder Maschinen zu bedienen. Bitte mit \u00e4u\u00dferster Vorsicht verwenden.<\/p>\n<p>Wie sein Namensvetter bietet diese Sorte die Gelegenheit, den Regenbogen zu schmecken \u2013 aber wie sich herausstellt, l\u00e4sst Zkittlez dich auch einen Regenbogen sehen. Je nach Ph\u00e4notyp erscheinen die dicken und klobigen Bl\u00fcten der Pflanze in einer Vielzahl von Gr\u00fcnt\u00f6nen und Violettt\u00f6nen, mit lebendigen orangefarbenen H\u00e4rchen (oder Pistillen), die dazwischen verstreut sind. Die auff\u00e4lligen Violettt\u00f6ne sind das Ergebnis hoher Konzentrationen von Anthocyanin-Pigmenten. Die getrimmten Knospen haben eine charakteristisch indicaartige Struktur, dicht und fest gepackt, mit kleinen Bl\u00e4ttern. Schlie\u00dflich sorgt eine Staubschicht aus milchigen wei\u00dfen Trichomen f\u00fcr sowohl Klebrigkeit als auch Psychoaktivit\u00e4t.<\/p>\n<div data-testid=\"product-description\">\n<div class=\"truncate-lines__Wrapper-sc-1lknwty-0 YxHAC\">\n<div data-testid=\"truncated-description\">\n<div>\n<div class=\"text__Text-sc-fif1uk-0 kdmKRD\">\n<div class=\"src__Box-sc-1sbtrzs-0 src__Flex-sc-1sbtrzs-1 kWPFqZ hzdsvF\">\n<div>MUSTER-PRODUKTKATEGORIEN<\/div>\n<\/p><\/div>\n<\/p><\/div>\n<\/p><\/div>\n<\/p><\/div>\n<\/p><\/div>\n<\/p><\/div>\n<div class=\"text__Text-sc-fif1uk-0 htoJfX\"><a href=\"https:\/\/jeetersofficial.com\/product-category\/buy-cali-buds\/\" target=\"_blank\" rel=\"noopener\">CALI BUDS<\/a><\/div>\n<div data-testid=\"product-description\">\n<div class=\"truncate-lines__Wrapper-sc-1lknwty-0 YxHAC\">\n<div data-testid=\"truncated-description\">\n<div class=\"text__Text-sc-fif1uk-0 kdmKRD\"><a href=\"https:\/\/jeetersofficial.com\/product-category\/backpack-boyz\/\" target=\"_blank\" rel=\"noopener\">Backpack\u00a0 Boyz<\/a><\/div>\n<div><a href=\"https:\/\/jeetersofficial.com\/product-category\/snow-balls-weed\/\" target=\"_blank\" rel=\"noopener\">SNOWBALLS WEED<\/a><\/div>\n<div><a href=\"https:\/\/jeetersofficial.com\/product-category\/persy-snowcaps\/\" target=\"_blank\" rel=\"noopener\">Persy Snowcaps<\/a><\/div>\n<div><a href=\"https:\/\/jeetersofficial.com\/product-category\/drip-snowcaps\/\" target=\"_blank\" rel=\"noopener\">Drip Snowcaps<\/a><\/div>\n<div><a href=\"https:\/\/jeetersofficial.com\/product-category\/concentrates\/\" target=\"_blank\" rel=\"noopener\">CALI CONCENTRATES<\/a><\/div>\n<div><a href=\"https:\/\/jeetersofficial.com\/product-category\/doja-exclusive\/\" target=\"_blank\" rel=\"noopener\">CALI DOJA PACKS EXCLUSIVE<\/a><\/div>\n<div><a href=\"https:\/\/jeetersofficial.com\/product-category\/marijuana-flowers\/\" target=\"_blank\" rel=\"noopener\">CALI MARIJUANA FLOWERS<\/a><\/div>\n<\/p><\/div>\n<\/p><\/div>\n<\/p><\/div>\n<div><a href=\"https:\/\/jeetersofficial.com\/product-category\/sativa-strain\/\" target=\"_blank\" rel=\"noopener\">CALI SATIVA STRAINS<\/a><\/div>\n<div><a href=\"https:\/\/jeetersofficial.com\/product-category\/indica\/\" target=\"_blank\" rel=\"noopener\">CALI INDICA STRAINS<\/a><\/div>\n<div><a href=\"https:\/\/jeetersofficial.com\/product-category\/hybrid-weed\/\" target=\"_blank\" rel=\"noopener\">CALI HYBRID WEED<\/a><\/div>","protected":false},"excerpt":{"rendered":"<p><strong>Cali Bud Zkittles Strain<\/strong><\/p>\n<p>Zkittlez, auch bekannt als \u201eSkittles\u201c, \u201eSkittlz\u201c und \u201eIsland Skittles\u201c, ist eine Indica-Cannabis-Sorte, die aus einer Mischung von Grape Ape und Grapefruit gez\u00fcchtet wurde und mit einer weiteren nicht bekanntgegebenen Sorte gekreuzt wurde. Diese s\u00fc\u00df schmeckende Sorte wurde von 3rd Gen Family und Terp Hogz gez\u00fcchtet.<\/p>\n<p><strong>Cali Bud Zkittles Sorte Auszeichnungen<\/strong><\/p>\n<p>Zkittlez gewann den 1. Platz beim Emerald Cup 2016 und belegte in mehreren Cannabis Cups in San Francisco und Michigan vordere Pl\u00e4tze. Diese Sorte zeichnet sich durch klobige Colas aus, die in einem Spektrum von hellgr\u00fcnen Farbt\u00f6nen explodieren und eine s\u00fc\u00dfe, tropische Mischung aus Fruchtgeschmacksnoten verstr\u00f6men.<\/p>","protected":false},"featured_media":1803,"comment_status":"closed","ping_status":"closed","template":"","meta":{"_uag_custom_page_level_css":"","site-sidebar-layout":"default","site-content-layout":"","ast-site-content-layout":"default","site-content-style":"default","site-sidebar-style":"default","ast-global-header-display":"","ast-banner-title-visibility":"","ast-main-header-display":"","ast-hfb-above-header-display":"","ast-hfb-below-header-display":"","ast-hfb-mobile-header-display":"","site-post-title":"","ast-breadcrumbs-content":"","ast-featured-img":"","footer-sml-layout":"","ast-disable-related-posts":"","theme-transparent-header-meta":"","adv-header-id-meta":"","stick-header-meta":"","header-above-stick-meta":"","header-main-stick-meta":"","header-below-stick-meta":"","astra-migrate-meta-layouts":"default","ast-page-background-enabled":"default","ast-page-background-meta":{"desktop":{"background-color":"var(--ast-global-color-5)","background-image":"","background-repeat":"repeat","background-position":"center center","background-size":"auto","background-attachment":"scroll","background-type":"","background-media":"","overlay-type":"","overlay-color":"","overlay-opacity":"","overlay-gradient":""},"tablet":{"background-color":"","background-image":"","background-repeat":"repeat","background-position":"center center","background-size":"auto","background-attachment":"scroll","background-type":"","background-media":"","overlay-type":"","overlay-color":"","overlay-opacity":"","overlay-gradient":""},"mobile":{"background-color":"","background-image":"","background-repeat":"repeat","background-position":"center center","background-size":"auto","background-attachment":"scroll","background-type":"","background-media":"","overlay-type":"","overlay-color":"","overlay-opacity":"","overlay-gradient":""}},"ast-content-background-meta":{"desktop":{"background-color":"var(--ast-global-color-4)","background-image":"","background-repeat":"repeat","background-position":"center center","background-size":"auto","background-attachment":"scroll","background-type":"","background-media":"","overlay-type":"","overlay-color":"","overlay-opacity":"","overlay-gradient":""},"tablet":{"background-color":"var(--ast-global-color-4)","background-image":"","background-repeat":"repeat","background-position":"center center","background-size":"auto","background-attachment":"scroll","background-type":"","background-media":"","overlay-type":"","overlay-color":"","overlay-opacity":"","overlay-gradient":""},"mobile":{"background-color":"var(--ast-global-color-4)","background-image":"","background-repeat":"repeat","background-position":"center center","background-size":"auto","background-attachment":"scroll","background-type":"","background-media":"","overlay-type":"","overlay-color":"","overlay-opacity":"","overlay-gradient":""}}},"product_brand":[],"product_cat":[675],"product_tag":[491,688,689,481,472,690,691,692,693,694,695,696],"class_list":{"0":"post-1790","1":"product","2":"type-product","3":"status-publish","4":"has-post-thumbnail","6":"product_cat-buy-cali-buds","7":"product_tag-buy-cali-bud-or-no-bud-online","8":"product_tag-buy-cali-bud-or-no-bud-zkittles-online","9":"product_tag-buy-zkittles-cali-bud-or-no-bud-online","10":"product_tag-cali-bud-or-no-bud-for-sale","11":"product_tag-cali-bud-or-no-bud-near-me","12":"product_tag-cali-bud-or-no-bud-zkittles","13":"product_tag-cali-bud-or-no-bud-zkittles-for-sale","14":"product_tag-cali-bud-or-no-bud-zkittles-near-me","15":"product_tag-zkittles-cali-bud-or-no-bud-for-sale","16":"product_tag-zkittles-cali-bud-or-no-bud-near-me","17":"product_tag-zkittles-strain","18":"product_tag-zkittles-weed-strain","19":"desktop-align-center","20":"tablet-align-left","21":"mobile-align-left","23":"first","24":"instock","25":"shipping-taxable","26":"purchasable","27":"product-type-variable"},"uagb_featured_image_src":{"full":["https:\/\/caliweedeurope.com\/wp-content\/uploads\/2024\/11\/fullsizeout.jpeg",600,783,false],"thumbnail":["https:\/\/caliweedeurope.com\/wp-content\/uploads\/2024\/11\/fullsizeout-150x150.jpeg",150,150,true],"medium":["https:\/\/caliweedeurope.com\/wp-content\/uploads\/2024\/11\/fullsizeout-230x300.jpeg",230,300,true],"medium_large":["https:\/\/caliweedeurope.com\/wp-content\/uploads\/2024\/11\/fullsizeout.jpeg",600,783,false],"large":["https:\/\/caliweedeurope.com\/wp-content\/uploads\/2024\/11\/fullsizeout.jpeg",600,783,false],"1536x1536":["https:\/\/caliweedeurope.com\/wp-content\/uploads\/2024\/11\/fullsizeout.jpeg",600,783,false],"2048x2048":["https:\/\/caliweedeurope.com\/wp-content\/uploads\/2024\/11\/fullsizeout.jpeg",600,783,false],"trp-custom-language-flag":["https:\/\/caliweedeurope.com\/wp-content\/uploads\/2024\/11\/fullsizeout.jpeg",9,12,false],"woocommerce_thumbnail":["https:\/\/caliweedeurope.com\/wp-content\/uploads\/2024\/11\/fullsizeout-300x300.jpeg",300,300,true],"woocommerce_single":["https:\/\/caliweedeurope.com\/wp-content\/uploads\/2024\/11\/fullsizeout.jpeg",600,783,false],"woocommerce_gallery_thumbnail":["https:\/\/caliweedeurope.com\/wp-content\/uploads\/2024\/11\/fullsizeout-100x100.jpeg",100,100,true]},"uagb_author_info":{"display_name":"jetskiforsaleuk@gmail.com","author_link":"https:\/\/caliweedeurope.com\/de\/author\/"},"uagb_comment_info":0,"uagb_excerpt":"Cali Bud Zkittles Strain Zkittlez, also known as \u201cSkittles,\u201d \u201cSkittlz,\u201d and \u201cIsland Skittles\u201d is an Indica marijuana strain bred from a mix of Grape Ape and Grapefruit that is crossed with another undisclosed strain. This candy-flavored strain was bred by 3rd Gen Family and Terp Hogz. Cali Bud Zkittles Strain Awards Zkittlez won 1st Place&hellip;","_links":{"self":[{"href":"https:\/\/caliweedeurope.com\/de\/wp-json\/wp\/v2\/product\/1790"}],"collection":[{"href":"https:\/\/caliweedeurope.com\/de\/wp-json\/wp\/v2\/product"}],"about":[{"href":"https:\/\/caliweedeurope.com\/de\/wp-json\/wp\/v2\/types\/product"}],"replies":[{"embeddable":true,"href":"https:\/\/caliweedeurope.com\/de\/wp-json\/wp\/v2\/comments?post=1790"}],"wp:featuredmedia":[{"embeddable":true,"href":"https:\/\/caliweedeurope.com\/de\/wp-json\/wp\/v2\/media\/1803"}],"wp:attachment":[{"href":"https:\/\/caliweedeurope.com\/de\/wp-json\/wp\/v2\/media?parent=1790"}],"wp:term":[{"taxonomy":"product_brand","embeddable":true,"href":"https:\/\/caliweedeurope.com\/de\/wp-json\/wp\/v2\/product_brand?post=1790"},{"taxonomy":"product_cat","embeddable":true,"href":"https:\/\/caliweedeurope.com\/de\/wp-json\/wp\/v2\/product_cat?post=1790"},{"taxonomy":"product_tag","embeddable":true,"href":"https:\/\/caliweedeurope.com\/de\/wp-json\/wp\/v2\/product_tag?post=1790"}],"curies":[{"name":"wp","href":"https:\/\/api.w.org\/{rel}","templated":true}]}}