{"id":1796,"date":"2024-11-05T18:39:20","date_gmt":"2024-11-05T18:39:20","guid":{"rendered":"https:\/\/caliweedeurope.com\/?post_type=product&#038;p=1796"},"modified":"2024-11-05T18:39:26","modified_gmt":"2024-11-05T18:39:26","slug":"buy-cali-bud-gas-strain-online","status":"publish","type":"product","link":"https:\/\/caliweedeurope.com\/de\/product\/buy-cali-bud-gas-strain-online\/","title":{"rendered":"Kaufen Sie Cali Bud Gas Strain Online"},"content":{"rendered":"<h1 style=\"text-align: center\"><strong>\u00a0 \u00a0 \u00a0<\/strong><strong>GAS <\/strong><strong>CALI BUD OR NO BUD\u00a0|<\/strong><strong>\u00a0CALI BUD OR NO BUD\u00a0<\/strong><strong>GAS <\/strong><strong>|<\/strong><strong>\u00a0CALI PLUG CALI BUD OR NO BUD<\/strong><\/h1>\n<p><strong>Kaufen Sie Cali Gas Strain<\/strong><br \/> Kaufe Cali Gas Cannabis Bud Strain online. Top-Regal Indoor-Cannabis-Sorten.<\/p>\n<p><b>All Gas OG<\/b>auch bekannt als 'Gas' oder 'Asphaltwerk', ist ein\u00a0<a href=\"https:\/\/www.leafly.com\/strains\/lists\/category\/indica\" target=\"_blank\" rel=\"noopener\">indica weed strain<\/a>\u00a0hergestellt durch Kreuzung\u00a0<a href=\"https:\/\/www.leafly.com\/strains\/venom-og\" target=\"_blank\" rel=\"noopener\">Venom OG<\/a>\u00a0mit Humboldt OG. Die Wirkung von All Gas OG ist eher beruhigend als anregend. Verbraucher, die diese Sorte geraucht haben, sagen, dass sie sich dadurch f\u00fchlen\u00a0<a href=\"https:\/\/www.leafly.com\/strains\/lists\/effect\/hungry\" target=\"_blank\" rel=\"noopener\">hungerig<\/a>, entspannt und schl\u00e4frig.<\/p>\n<p>Zus\u00e4tzlich k\u00f6nnen Sie in Bezug auf den Geschmack laute und scharfe Noten von erwarten<a href=\"https:\/\/www.leafly.com\/strains\/lists\/effect\/diesel\" target=\"_blank\" rel=\"noopener\">diesel<\/a>\u00a0und Chemikalien. All Gas OG hat einen THC-Gehalt von 21%, was diese Sorte zu einer idealen Wahl f\u00fcr erfahrene Cannabis-Konsumenten macht. Laut Z\u00fcchtern hat diese Sorte eine durchschnittliche Bl\u00fctezeit von 55 Tagen und w\u00e4chst am besten in Innenr\u00e4umen. Der urspr\u00fcngliche Z\u00fcchter von All Gas OG ist die Humboldt Seed Company. Das dominante Terpen dieser Sorte ist unbekannt. Cannabis-Sorten, die \u00e4hnlich wie Gas OG sind, umfassen Huckleberry.\u00a0<a href=\"https:\/\/www.leafly.com\/strains\/animal-face\" target=\"_blank\" rel=\"noopener\">Tier<\/a>Face, Monkey Tape und Bubba Doja.<\/p>\n<h2 style=\"text-align: center\"><strong>\u00a0BUY\u00a0<\/strong><strong>GAS\u00a0<\/strong><strong>CALI BUD OR NO BUD\u00a0 ONLINE | BUY CALI BUD OR NO BUD\u00a0<\/strong><strong>GAS\u00a0<\/strong><strong>ONLINE | BUY CALI BUD OR NO BUD ONLINE<\/strong><\/h2>\n<p><strong>Genetik von Cali Gas<\/strong><\/p>\n<p>Cali Gas ist eine einflussreiche, Sativa-dominante Hybrid-Cannabis-Sorte, die aus einer Kreuzung von Grape Ape und Kandy Kush entstanden ist, um diese erstaunlichen <a href=\"https:\/\/caliplugcarts.com\/product\/buy-cali-plug-carts-online\/\" target=\"_blank\" rel=\"noopener\">strains<\/a><\/p>\n<p>Gas ist eine seltene Sorte mit mysteri\u00f6ser Genetik, obwohl einige denken, dass es ein Ph\u00e4notyp von OG Kush ist. Es wird gesagt, dass das inzwischen aufgel\u00f6ste Kollektiv Platinum Clouds sie geschaffen hat. Cali Gas Weed.<\/p>\n<p>Die h\u00e4ufigsten Aromen von Gas sind Erde, Zitrus und Diesel. Es soll nach Kiefer, Gew\u00fcrzen und Zitronen schmecken.<\/p>\n<div class=\"variety-percentage-wrap\">\n<h4 class=\"variety\">\u00a0Indica<\/h4>\n<h4 class=\"percentage\"><span class=\"heading\">THC:\u00a0<\/span>16% \u2013 19%<\/h4>\n<\/p><\/div>\n<p>Gas ist eine 100% reine Indica-Sorte, die vom ber\u00fchmten Z\u00fcchter Loompa auf den ber\u00fcchtigten Platinum Clouds Farmen in San Jose, Kalifornien, geschaffen wurde. Diese potente Sorte hat unbekannte Genetik aufgrund der Geheimhaltung des Z\u00fcchters, obwohl allgemein angenommen wird, dass es wahrscheinlich eine\u00a0<a href=\"https:\/\/www.allbud.com\/marijuana-strains\/sativa-dominant-hybrid\/og-kush\" target=\"_blank\" rel=\"noopener\">OG Kush<\/a> phenotype.<\/p>\n<p>Dieses k\u00f6rperliche High hinterl\u00e4sst dich vollst\u00e4ndig entspannt, schmerzfrei und vollkommen sediert. Beim Abklingen f\u00e4llst du in einen tiefen und friedlichen, schmerzfreien Schlaf, der stundenlang anh\u00e4lt. Cali Gas Weed.<\/p>\n<h3 style=\"text-align: center\"><strong style=\"font-size: 20.16px;text-align: center;color: #333333\">GAS <\/strong><strong style=\"font-size: 20.16px;text-align: center;color: #333333\">CALI BUD OR NO BUD FOR SALE | CALI BUD OR NO BUD\u00a0\u00a0<\/strong><strong style=\"font-size: 20.16px;text-align: center;color: #333333\">GAS\u00a0<\/strong><strong style=\"font-size: 20.16px;text-align: center;color: #333333\">FOR SALE | CALI BUD OR NO BUD\u00a0 FOR SALE<\/strong><\/h3>\n<h4><strong style=\"color: #555555\">Medizinische Anwendungen von Cali Gas Exotic Buds<\/strong><\/h4>\n<p>Dar\u00fcber hinaus ist dies ideal f\u00fcr Patienten, die an Angstzust\u00e4nden und chronischen Schmerzen leiden. Diese Sorte garantiert sofortige Schmerzlinderung. Ihre leichten Wirkungen k\u00f6nnen einige Schmerzen und \u00dcbelkeit lindern. Die Sorte kann auch helfen, die Symptome von PTSD zu bek\u00e4mpfen.<\/p>\n<p class=\"about-title\"><strong>\u00dcber Gas<\/strong><\/p>\n<div class=\"effect-wrapper ng-star-inserted\">\n<div>\n<p>Gas kann ein informeller Begriff sein, der verwendet wird, um qualitativ hochwertigen Cannabis zu beschreiben \u2013 \u00e4hnlich wie \u201elaut\u201c \u2013 Gas ist jedoch auch der Name einer echten Sorte. Der Z\u00fcchter Loompa von der San Jose Anbaubetrieb Platinum Clouds hat eine Sorte namens Gas erschaffen, die als ein ausgepr\u00e4gtes Ph\u00e4notyp von\u00a0<a href=\"https:\/\/www.wikileaf.com\/strain\/og-kush\/\" target=\"_blank\" rel=\"noopener\">OG Kush<\/a>. Benannt nach seinem benziner\u00e4hnlichen Aroma, hat dieses Bud einen THC-Gehalt von zwischen 16 % und 21 %.<\/p>\n<\/p><\/div>\n<\/p><\/div>\n<h4 style=\"text-align: center\"><strong>CALI BUD OR NO BUD \u00a0<\/strong><strong>GAS\u00a0<\/strong><strong>\u00a0NEAR ME |\u00a0<\/strong><strong>GAS\u00a0<\/strong><strong>CALI BUD OR NO BUD\u00a0\u00a0 NEAR ME | CALI BUD OR NO BUD \u00a0NEAR ME<\/strong><\/h4>\n<h5><strong style=\"color: #555555;font-size: 14.4px\">Anbau<\/strong><span style=\"color: #555555;font-size: 14.4px\">\u00a0<\/span><strong style=\"color: #555555;font-size: 14.4px\">Cali Gas Bud<\/strong><\/h5>\n<p>Diese Sorte w\u00e4chst kompakt und gedeiht gut drinnen, drau\u00dfen oder sogar in einem Gew\u00e4chshaus. Die Pflanzen sollten mindestens einen Monat, besser f\u00fcnf, in der vegetativen Phase bleiben. Die Sorte bl\u00fcht acht bis neun Wochen und liefert ein Gramm pro Watt innen. Au\u00dfenanbauer k\u00f6nnen bis zu einem Pfund pro Pflanze ernten. Kaufe Cali Exotic Bud.<\/p>\n<p>Gas zeichnet sich durch seine kleinen Bl\u00fcten aus, die eine pinienzapfen\u00e4hnliche Form bewahren und von einer breiten Basis bis zu einer spitzen Spitze verj\u00fcngen. Diese Bl\u00fcten haben eine kompakte und dichte Struktur, mit Bl\u00e4ttern, die sich eng nach innen in Richtung ihrer zentralen St\u00e4ngel winden. Die Bl\u00e4tter selbst sind moosgr\u00fcn und durchzogen von lebhaften orangefarbenen H\u00e4rchen (die eigentlich reproduktive Strukturen namens Pistillen sind, die dazu dienen, Pollen von m\u00e4nnlichen Pflanzen zu fangen). Schlie\u00dflich werden die Bl\u00fcten von Gas von einer hohen Menge glasiger wei\u00dfer Trichome gekr\u00f6nt, die diesen Knospen eine klebrige Textur verleihen und es schwierig machen, sie ohne die Verwendung eines hochwertigen Grinders zu zerkleinern.<\/p>\n<h5 style=\"text-align: center\"><strong>GAS\u00a0<\/strong><strong>\u00a0STRAIN | \u00a0<\/strong><strong>GAS\u00a0<\/strong><strong>WEED STRAIN | CALI\u00a0<\/strong><strong>GAS\u00a0<\/strong><strong>| CALI\u00a0<\/strong><strong>GAS\u00a0<\/strong><strong>\u00a0STRAIN<\/strong><\/h5>\n<p><strong>Kaufe Cali Gas Bud Warnung<\/strong><br \/> Abschlie\u00dfend: Dieses Produkt enth\u00e4lt Cannabis, eine kontrollierte Substanz. Au\u00dfer Reichweite von Kindern und Tieren aufbewahren. Die berauschenden Wirkungen von Cannabisprodukten k\u00f6nnen bis zu zwei Stunden anhalten. Cannabisgebrauch w\u00e4hrend der Schwangerschaft oder Stillzeit kann sch\u00e4dlich sein. Der Konsum dieser Produkte beeintr\u00e4chtigt Ihre F\u00e4higkeit, ein Fahrzeug zu f\u00fchren oder Maschinen zu bedienen. Bitte \u00e4u\u00dferste Vorsicht walten lassen. Kaufen Sie CBONB.<\/p>\n<p>Wenn Gas richtig getrocknet wird, verstr\u00f6mt es ein reiches, erdiges Aroma, \u00e4hnlich wie feuchte Erde. Darunter liegt auch eine helle, zitrusartige S\u00e4ure. Das Zerkleinern der Bl\u00fcten zeugt vom Namen der Sorte, da dabei starke D\u00e4mpfe von Diesel und Ammoniak freigesetzt werden. Wird es in einer Pfeife oder einem Joint verbrannt, entwickelt Gas einen scharfen Rauch, der die Nebenh\u00f6hlen und den Gaumen reizen kann. Dieser dichte Rauch schmeckt holzig mit Zitronennoten beim Ausatmen.<\/p>\n<div data-testid=\"product-description\">\n<div class=\"truncate-lines__Wrapper-sc-1lknwty-0 YxHAC\">\n<div data-testid=\"truncated-description\">\n<div>\n<div class=\"text__Text-sc-fif1uk-0 kdmKRD\">\n<div class=\"src__Box-sc-1sbtrzs-0 src__Flex-sc-1sbtrzs-1 kWPFqZ hzdsvF\">\n<div>MUSTER-PRODUKTKATEGORIEN<\/div>\n<\/p><\/div>\n<\/p><\/div>\n<\/p><\/div>\n<\/p><\/div>\n<\/p><\/div>\n<\/p><\/div>\n<div class=\"text__Text-sc-fif1uk-0 htoJfX\"><a href=\"https:\/\/jeetersofficial.com\/product-category\/buy-cali-buds\/\" target=\"_blank\" rel=\"noopener\">CALI BUDS<\/a><\/div>\n<div data-testid=\"product-description\">\n<div class=\"truncate-lines__Wrapper-sc-1lknwty-0 YxHAC\">\n<div data-testid=\"truncated-description\">\n<div class=\"text__Text-sc-fif1uk-0 kdmKRD\"><a href=\"https:\/\/jeetersofficial.com\/product-category\/backpack-boyz\/\" target=\"_blank\" rel=\"noopener\">Backpack\u00a0 Boyz<\/a><\/div>\n<div><a href=\"https:\/\/jeetersofficial.com\/product-category\/snow-balls-weed\/\" target=\"_blank\" rel=\"noopener\">SNOWBALLS WEED<\/a><\/div>\n<div><a href=\"https:\/\/jeetersofficial.com\/product-category\/persy-snowcaps\/\" target=\"_blank\" rel=\"noopener\">Persy Snowcaps<\/a><\/div>\n<div><a href=\"https:\/\/jeetersofficial.com\/product-category\/drip-snowcaps\/\" target=\"_blank\" rel=\"noopener\">Drip Snowcaps<\/a><\/div>\n<div><a href=\"https:\/\/jeetersofficial.com\/product-category\/concentrates\/\" target=\"_blank\" rel=\"noopener\">CALI CONCENTRATES<\/a><\/div>\n<div><a href=\"https:\/\/jeetersofficial.com\/product-category\/doja-exclusive\/\" target=\"_blank\" rel=\"noopener\">CALI DOJA PACKS EXCLUSIVE<\/a><\/div>\n<div><a href=\"https:\/\/jeetersofficial.com\/product-category\/marijuana-flowers\/\" target=\"_blank\" rel=\"noopener\">CALI MARIJUANA FLOWERS<\/a><\/div>\n<\/p><\/div>\n<\/p><\/div>\n<\/p><\/div>\n<div><a href=\"https:\/\/jeetersofficial.com\/product-category\/sativa-strain\/\" target=\"_blank\" rel=\"noopener\">CALI SATIVA STRAINS<\/a><\/div>\n<div><a href=\"https:\/\/jeetersofficial.com\/product-category\/indica\/\" target=\"_blank\" rel=\"noopener\">CALI INDICA STRAINS<\/a><\/div>\n<div><a href=\"https:\/\/jeetersofficial.com\/product-category\/hybrid-weed\/\" target=\"_blank\" rel=\"noopener\">CALI HYBRID WEED<\/a><\/div>","protected":false},"excerpt":{"rendered":"<p><strong>Kaufe Cali Gas Bud Warnung<\/strong><br \/> Dieses Produkt enth\u00e4lt Cannabis, eine eingestufte Substanz. Au\u00dferhalb der Reichweite von Kindern und Tieren aufbewahren. Cannabisprodukte d\u00fcrfen nur von Personen ab 21 Jahren besessen oder konsumiert werden, es sei denn, die Person ist ein qualifizierter Patient. Die berauschenden Auswirkungen von Cannabisprodukten k\u00f6nnen bis zu zwei Stunden anhalten. Der Konsum von Cannabis w\u00e4hrend der Schwangerschaft oder Stillzeit kann sch\u00e4dlich sein. Der Konsum dieser Produkte beeintr\u00e4chtigt Ihre F\u00e4higkeit, ein Fahrzeug zu fahren oder Maschinen zu bedienen. Bitte verwenden Sie \u00e4u\u00dferste Vorsicht. Kaufe CBONB<\/p>","protected":false},"featured_media":1704,"comment_status":"closed","ping_status":"closed","template":"","meta":{"_uag_custom_page_level_css":"","site-sidebar-layout":"default","site-content-layout":"","ast-site-content-layout":"","site-content-style":"default","site-sidebar-style":"default","ast-global-header-display":"","ast-banner-title-visibility":"","ast-main-header-display":"","ast-hfb-above-header-display":"","ast-hfb-below-header-display":"","ast-hfb-mobile-header-display":"","site-post-title":"","ast-breadcrumbs-content":"","ast-featured-img":"","footer-sml-layout":"","theme-transparent-header-meta":"","adv-header-id-meta":"","stick-header-meta":"","header-above-stick-meta":"","header-main-stick-meta":"","header-below-stick-meta":"","astra-migrate-meta-layouts":"default","ast-page-background-enabled":"default","ast-page-background-meta":{"desktop":{"background-color":"var(--ast-global-color-4)","background-image":"","background-repeat":"repeat","background-position":"center center","background-size":"auto","background-attachment":"scroll","background-type":"","background-media":"","overlay-type":"","overlay-color":"","overlay-opacity":"","overlay-gradient":""},"tablet":{"background-color":"","background-image":"","background-repeat":"repeat","background-position":"center center","background-size":"auto","background-attachment":"scroll","background-type":"","background-media":"","overlay-type":"","overlay-color":"","overlay-opacity":"","overlay-gradient":""},"mobile":{"background-color":"","background-image":"","background-repeat":"repeat","background-position":"center center","background-size":"auto","background-attachment":"scroll","background-type":"","background-media":"","overlay-type":"","overlay-color":"","overlay-opacity":"","overlay-gradient":""}},"ast-content-background-meta":{"desktop":{"background-color":"var(--ast-global-color-5)","background-image":"","background-repeat":"repeat","background-position":"center center","background-size":"auto","background-attachment":"scroll","background-type":"","background-media":"","overlay-type":"","overlay-color":"","overlay-opacity":"","overlay-gradient":""},"tablet":{"background-color":"var(--ast-global-color-5)","background-image":"","background-repeat":"repeat","background-position":"center center","background-size":"auto","background-attachment":"scroll","background-type":"","background-media":"","overlay-type":"","overlay-color":"","overlay-opacity":"","overlay-gradient":""},"mobile":{"background-color":"var(--ast-global-color-5)","background-image":"","background-repeat":"repeat","background-position":"center center","background-size":"auto","background-attachment":"scroll","background-type":"","background-media":"","overlay-type":"","overlay-color":"","overlay-opacity":"","overlay-gradient":""}}},"product_brand":[],"product_cat":[675],"product_tag":[489,570,491,506,571,508,509,531,492,481,572,573,574,472,516,517,575,576,461,462,464,465,577,578,579,580,581,501,503],"class_list":{"0":"post-1796","1":"product","2":"type-product","3":"status-publish","4":"has-post-thumbnail","6":"product_cat-buy-cali-buds","7":"product_tag-best-cali-packs","8":"product_tag-buy-cali-bud-or-no-bud-gas-online","9":"product_tag-buy-cali-bud-or-no-bud-online","10":"product_tag-buy-cali-buds","11":"product_tag-buy-gas-cali-bud-or-no-bud-online","12":"product_tag-buy-weed-online","13":"product_tag-by-the-best-cali-buds","14":"product_tag-cali-bud","15":"product_tag-cali-bud-or-no-bud","16":"product_tag-cali-bud-or-no-bud-for-sale","17":"product_tag-cali-bud-or-no-bud-gas","18":"product_tag-cali-bud-or-no-bud-gas-for-sale","19":"product_tag-cali-bud-or-no-bud-gas-near-me","20":"product_tag-cali-bud-or-no-bud-near-me","21":"product_tag-cali-flavors","22":"product_tag-cali-flavours","23":"product_tag-cali-gas","24":"product_tag-cali-gas-strain","25":"product_tag-cali-packs","26":"product_tag-cali-plug-cali-bud-or-no-bud","27":"product_tag-cali-weed-bags","28":"product_tag-cali-weed-flavors","29":"product_tag-gas-cali-bud-or-no-bud","30":"product_tag-gas-cali-bud-or-no-bud-for-sale","31":"product_tag-gas-cali-bud-or-no-bud-near-me","32":"product_tag-gas-strain","33":"product_tag-gas-weed-strain","34":"product_tag-marshmallow-strain","35":"product_tag-top-cali-bud-packs","36":"desktop-align-center","37":"tablet-align-left","38":"mobile-align-left","40":"first","41":"instock","42":"shipping-taxable","43":"purchasable","44":"product-type-variable"},"uagb_featured_image_src":{"full":["https:\/\/caliweedeurope.com\/wp-content\/uploads\/2024\/11\/galas.jpg",516,683,false],"thumbnail":["https:\/\/caliweedeurope.com\/wp-content\/uploads\/2024\/11\/galas-150x150.jpg",150,150,true],"medium":["https:\/\/caliweedeurope.com\/wp-content\/uploads\/2024\/11\/galas-227x300.jpg",227,300,true],"medium_large":["https:\/\/caliweedeurope.com\/wp-content\/uploads\/2024\/11\/galas.jpg",516,683,false],"large":["https:\/\/caliweedeurope.com\/wp-content\/uploads\/2024\/11\/galas.jpg",516,683,false],"1536x1536":["https:\/\/caliweedeurope.com\/wp-content\/uploads\/2024\/11\/galas.jpg",516,683,false],"2048x2048":["https:\/\/caliweedeurope.com\/wp-content\/uploads\/2024\/11\/galas.jpg",516,683,false],"trp-custom-language-flag":["https:\/\/caliweedeurope.com\/wp-content\/uploads\/2024\/11\/galas.jpg",9,12,false],"woocommerce_thumbnail":["https:\/\/caliweedeurope.com\/wp-content\/uploads\/2024\/11\/galas-300x300.jpg",300,300,true],"woocommerce_single":["https:\/\/caliweedeurope.com\/wp-content\/uploads\/2024\/11\/galas.jpg",516,683,false],"woocommerce_gallery_thumbnail":["https:\/\/caliweedeurope.com\/wp-content\/uploads\/2024\/11\/galas-100x100.jpg",100,100,true]},"uagb_author_info":{"display_name":"jetskiforsaleuk@gmail.com","author_link":"https:\/\/caliweedeurope.com\/de\/author\/"},"uagb_comment_info":0,"uagb_excerpt":"Buy Cali Gas Bud Warning. This product contains Cannabis, a scheduled substance Keep out of the reach of children and animals. Cannabis products can only be possessed or consumed by persons 21+ years of age older unless the person is a qualified patient. The intoxicating effects of cannabis products may stay up to two hours.&hellip;","_links":{"self":[{"href":"https:\/\/caliweedeurope.com\/de\/wp-json\/wp\/v2\/product\/1796"}],"collection":[{"href":"https:\/\/caliweedeurope.com\/de\/wp-json\/wp\/v2\/product"}],"about":[{"href":"https:\/\/caliweedeurope.com\/de\/wp-json\/wp\/v2\/types\/product"}],"replies":[{"embeddable":true,"href":"https:\/\/caliweedeurope.com\/de\/wp-json\/wp\/v2\/comments?post=1796"}],"wp:featuredmedia":[{"embeddable":true,"href":"https:\/\/caliweedeurope.com\/de\/wp-json\/wp\/v2\/media\/1704"}],"wp:attachment":[{"href":"https:\/\/caliweedeurope.com\/de\/wp-json\/wp\/v2\/media?parent=1796"}],"wp:term":[{"taxonomy":"product_brand","embeddable":true,"href":"https:\/\/caliweedeurope.com\/de\/wp-json\/wp\/v2\/product_brand?post=1796"},{"taxonomy":"product_cat","embeddable":true,"href":"https:\/\/caliweedeurope.com\/de\/wp-json\/wp\/v2\/product_cat?post=1796"},{"taxonomy":"product_tag","embeddable":true,"href":"https:\/\/caliweedeurope.com\/de\/wp-json\/wp\/v2\/product_tag?post=1796"}],"curies":[{"name":"wp","href":"https:\/\/api.w.org\/{rel}","templated":true}]}}