{"id":1816,"date":"2024-11-05T18:39:28","date_gmt":"2024-11-05T18:39:28","guid":{"rendered":"https:\/\/caliweedeurope.com\/?post_type=product&#038;p=1816"},"modified":"2024-11-05T18:39:35","modified_gmt":"2024-11-05T18:39:35","slug":"buy-cali-plug-smuckers-strain-online","status":"publish","type":"product","link":"https:\/\/caliweedeurope.com\/de\/product\/buy-cali-plug-smuckers-strain-online\/","title":{"rendered":"Kaufen Sie Cali Plug Smuckers Strain online"},"content":{"rendered":"<h1 style=\"text-align: center\"><strong>\u00a0 \u00a0 \u00a0 \u00a0 \u00a0<\/strong><strong>SMUCKERS <\/strong><strong>\u00a0<\/strong><strong>CALI BUD OR NO BUD<\/strong><strong> |<\/strong> <strong>CALI BUD OR NO BUD <\/strong><strong>SMUCKERS <\/strong><strong>\u00a0|<\/strong> <strong>CALI PLUG CALI BUD OR NO BUD<\/strong><\/h1>\n<p><strong>Cali Plug Smuckers Strain<\/strong><br \/> Cali Smuckers ist eine einflussreiche Cannabis-Hybrid-Sorte, die mit Strawberry und Grape Ape gekreuzt wurde, um diese erstaunliche Sorte zu erhalten. Cali Plug ist stolz, Ihnen diese angesagte und hochwertige Bud-Sorte vorzustellen.<\/p>\n<p><strong>Medizinische Anwendungen der Cali Plug Smuckers Cannabis-Sorte<\/strong><br \/> Die Cali Bud Smuckers Sorte ist am besten f\u00fcr Patienten geeignet, die unter Angstzust\u00e4nden und chronischen Schmerzen leiden. Diese Sorte garantiert sofortige Linderung bei Schmerzen und Angst. Diese Sorte dient auch als Medikament gegen pochende Schmerzen sowie \u00dcbelkeit. Die Sorte kann ebenfalls helfen, die Symptome von PTSD zu bek\u00e4mpfen. Kaufen Sie erstklassige Cali-Sorten vom Cali Weed Plug f\u00fcr echte Buds und sichere Lieferung.<\/p>\n<p>Vermutlich haben Sie noch nie von der Smuckers-Sorte geh\u00f6rt. Die Smuckers-Sorte ist eine neue Sorte, die vor einigen Monaten auf dem Cannabis-Markt eingef\u00fchrt wurde. Diese Sorte gewinnt weltweit an Beliebtheit, besonders in den Vereinigten Staaten, und die Nachfrage nach dieser Sorte stieg Anfang 2021. Was f\u00fcr eine erstaunliche Sorte wir heute haben. Der Geschmack ist gro\u00dfartig, sowohl trocken als auch angez\u00fcndet\u2026 die Effekte sind perfekt f\u00fcr einen entspannten Abend und einen erholsamen Schlaf. Ich benutze seit 15 Jahren ein CPAP-Ger\u00e4t und habe trotzdem nie gut geschlafen. Ein Trip nach Paris und ich habe besser geschlafen als je zuvor. Die Smuckers-Sorte hat ein s\u00fc\u00dfes, erdiges, fruchtiges und w\u00fcrziges Aroma mit einem THC-Gehalt von \u00fcber 22%. Die Buds haben leuchtend gr\u00fcne Flecken und lebendige orangefarbene H\u00e4rchen.<\/p>\n<h2 style=\"text-align: center\">\u00a0<strong>BUY\u00a0<\/strong><strong>SMUCKERS\u00a0<\/strong><strong>\u00a0CALI BUD OR NO BUD\u00a0 ONLINE | BUY CALI BUD OR NO BUD\u00a0<\/strong><strong>SMUCKERS\u00a0<\/strong><strong>\u00a0\u00a0ONLINE | BUY CALI BUD OR NO BUD ONLINE<\/strong><\/h2>\n<p>Cannabisz\u00fcchter w\u00fcrden sich darauf konzentrieren, neue Sorten zu schaffen, die deinen Tag erhellen und dich fantastisch und entspannt f\u00fchlen lassen. Es klingt nach der wahren Bedeutung des guten Lebens. Die Smuckers-Sorte erg\u00e4nzt ihre Gruppe herausragender Pflanzen. Die Smuckers-Sorte sorgt f\u00fcr einen guten euphorischen Rausch. Nach einem anf\u00e4nglichen kreativen Schub \u00fcbernimmt die beruhigende k\u00f6rperliche Wirkung. Es kann bet\u00e4ubend wirken und alle Arten von Schmerzen lindern. Schlie\u00dflich stellt sich der Hunger ein.<\/p>\n<p><strong>Anbau der Smuckers Cannabis-Sorte<\/strong><br \/> Diese Sorte w\u00e4chst kurz und kann sowohl drinnen, drau\u00dfen als auch in einem Gew\u00e4chshaus gut gedeihen. Die Pflanzen sollten mindestens einen Monat, wenn nicht sogar f\u00fcnf, in der Vegetationsphase bleiben. Die Sorte bl\u00fcht acht bis neun Wochen und liefert ein Gramm pro Watt innen. Au\u00dfenanbauer k\u00f6nnen bis zu ein Pfund pro Pflanze ernten.<\/p>\n<p><strong>Cali Smuckers<\/strong><\/p>\n<p>Cali Smuckers ist eine einflussreiche Cannabis-Hybridsorte, die durch die Kreuzung von Strawberry und Grape Ape entstanden ist. Diese erstaunliche Sorte ist am besten f\u00fcr Patienten geeignet, die unter Angstzust\u00e4nden und chronischen Schmerzen leiden. Diese Sorte garantiert sofortige Schmerzlinderung. Ihre leichten realen Auswirkungen k\u00f6nnen einige schmerzende Beschwerden sowie \u00dcbelkeit lindern.<\/p>\n<p>&nbsp;<\/p>\n<h3 style=\"text-align: center\"><strong>SMUCKERS\u00a0<\/strong><strong>CALI BUD OR NO BUD FOR SALE | CALI BUD OR NO BUD\u00a0\u00a0<\/strong><strong>SMUCKERS\u00a0<\/strong><strong>\u00a0FOR SALE | CALI BUD OR NO BUD\u00a0 FOR SALE<\/strong><\/h3>\n<div><strong>Wo man Smuckers Strain kaufen kann<\/strong><\/div>\n<div>\n<p>Die Smuckers-Sorte wird in letzter Zeit zu einer der besten Sorten auf dem Markt. Dennoch gibt es nur wenige Anbieter dieser Sorte auf dem Markt. Daher neigen einige Anbieter dazu, ihre K\u00e4ufer auszunutzen. Aus diesem Grund sollten Sie bei der Auswahl eines Anbieters f\u00fcr die Smuckers-Sorte vorsichtig vorgehen. Sie k\u00f6nnen jederzeit unsere Website besuchen, um Ihren Bedarf an dieser Sorte zu decken. Dies liegt daran, dass wir stets versuchen, die Anforderungen unserer Kunden so gut wie m\u00f6glich zu erf\u00fcllen. Deshalb haben wir immer einen Vorrat an Smuckers Weed.<\/p>\n<\/p><\/div>\n<p><strong>Smuckers Cannabis-Sorten-Effekte<\/strong><br \/> K\u00f6rperliches High, Euphorie, Entspannend, Schl\u00e4frig, Erhebend<br \/> <strong>Kann lindern<\/strong><br \/> Angst, Chronische Schmerzen, Depression, Schlaflosigkeit, PTBS, Stress<br \/> <strong>Aromen<\/strong><br \/> Bonbon, Schokolade, Cremig, Fruchtig, Zuckerhaltig, S\u00fc\u00df<br \/> <strong>Aromen<\/strong><br \/> Schokolade, Erdige, Fruchtig, Kr\u00e4uterartig, S\u00fc\u00df<\/p>\n<p>Die Sorte kann ebenfalls helfen, die Symptome von PTBS zu bek\u00e4mpfen. Diese Sorte w\u00e4chst klein und gedeiht gut drinnen, drau\u00dfen oder sogar in einem Gew\u00e4chshaus. Geeks sollten mindestens einen Monat, wenn nicht sogar f\u00fcnf, f\u00fcr die Vegetationsphase einplanen. Die Sorte bl\u00fcht acht bis neun Wochen und liefert drinnen ein Gramm pro Watt. Im Freien k\u00f6nnen Z\u00fcchter Ernten von bis zu einem Pfund pro Pflanze erzielen.<\/p>\n<h3 style=\"text-align: center\"><strong>CALI BUD OR NO BUD \u00a0SMUCKERS \u00a0\u00a0NEAR ME | SMUCKERS \u00a0\u00a0CALI BUD OR NO BUD\u00a0\u00a0 NEAR ME | CALI BUD OR NO BUD \u00a0NEAR ME<\/strong><\/h3>\n<div><strong>\u00a0<\/strong><\/div>\n<div>Ein sch\u00f6ner erdiger Zitronen-Zitrusgeschmack war das Aroma der Smuckers-Sorte. Ich habe sie geraucht und es war k\u00f6stlich. Das High war erhebend, berauschend, gl\u00fccklich und entspannt \u2013 ein sehr chilliges Gef\u00fchl, das man beim Spielen oder Musikh\u00f6ren genie\u00dfen kann. Ich w\u00fcrde das wieder rauchen.<\/div>\n<p><strong>Warnung zur Smuckers-Cannabis-Sorte<\/strong><br \/> Dieses Produkt enth\u00e4lt Cannabis, eine kontrollierte Substanz. Au\u00dferhalb der Reichweite von Kindern und Tieren aufbewahren. Cannabisprodukte d\u00fcrfen nur von Personen \u00fcber 21 Jahren besessen oder konsumiert werden, es sei denn, die Person ist ein qualifizierter Patient. Die berauschenden Effekte von Cannabisprodukten k\u00f6nnen bis zu zwei Stunden anhalten. Der Konsum von Cannabis w\u00e4hrend der Schwangerschaft oder Stillzeit kann sch\u00e4dlich sein. Der Konsum dieser Produkte beeintr\u00e4chtigt die F\u00e4higkeit, ein Fahrzeug zu fahren oder Maschinen zu bedienen. Bitte verwenden Sie \u00e4u\u00dferste Vorsicht.<\/p>\n<p class=\"p1\"><strong>Warnung.<\/strong><\/p>\n<p class=\"p1\">Drittens, dieses Produkt enth\u00e4lt Cannabis, eine kontrollierte Substanz. Au\u00dferhalb der Reichweite von Kindern und Tieren aufbewahren. Cannabisprodukte d\u00fcrfen nur von Personen ab 21 Jahren besessen oder konsumiert werden, es sei denn, die Person ist ein qualifizierter Patient. Die berauschenden Wirkungen von Cannabisprodukten k\u00f6nnen bis zu zwei Stunden anhalten. Der Konsum von Cannabis w\u00e4hrend der Schwangerschaft oder Stillzeit kann sch\u00e4dlich sein. Der Konsum dieser Produkte beeintr\u00e4chtigt die F\u00e4higkeit, Fahrzeuge zu fahren oder Maschinen zu bedienen. Bitte mit \u00e4u\u00dferster Vorsicht verwenden.<\/p>\n<h4 class=\"p1\" style=\"text-align: center\"><strong>SMUCKERS STRAIN | SMUCKERS WEED STRAIN<\/strong><\/h4>\n<p><strong>Wirkungen und medizinische Vorteile der Sorte<\/strong><\/p>\n<div class=\"translation-block\">Cannabis enth\u00e4lt Verbindungen, die Ihr Gehirn und Ihren K\u00f6rper beeinflussen k\u00f6nnen. Es kann s\u00fcchtig machen und gleichzeitig sch\u00e4dlich f\u00fcr die Gesundheit einiger Menschen sein und Sie auch high machen. In den letzten Jahren hat Cannabis jedoch zunehmend \u00f6ffentliche Akzeptanz gefunden, und die meisten Bundesstaaten haben die Verwendung von Cannabis legalisiert. Cannabispflanzen k\u00f6nnen zur Behandlung einer Reihe von<a href=\"https:\/\/myweedgroup.com\/product\/buy-smuckers-strain\/\" target=\"_blank\" rel=\"noopener\">psychischen<\/a> und physischen Problemen verwendet werden. Medizinisch ist die Smuckers-Sorte daf\u00fcr bekannt, bei intensiven Schlafst\u00f6rungen zu helfen. Die Sorte hilft auch sehr bei der Behandlung von Depressionen. Depressionen sind weit verbreitet, ohne dass die meisten Menschen wissen, dass sie darunter leiden. Nur medizinische Fachkr\u00e4fte k\u00f6nnen dies nachweisen. Diese Sorte hilft auch bei der Behandlung von chronischen Schmerzen, Stress oder Angstzust\u00e4nden, Schlaflosigkeit, Appetitlosigkeit und Entz\u00fcndungen.<\/div>\n<div>\n<p><strong>Verpackung der Smuckers-Sorte<\/strong><\/p>\n<div>\n<div>Alle exotischen und Cookie-Sorten auf unserer Website sind in ihren offiziellen Beuteln verpackt, wie auf unserer Website zu sehen. Ist das nicht erstaunlich? Ja, das ist es. Daher m\u00fcssen Sie nicht extra f\u00fcr die Beutel bezahlen. Sind wir nicht die Besten auf dem Markt? Bestellen Sie jetzt!<\/div>\n<div>\n<div>\n<div>\n<div>Es sollte jedoch beachtet werden, dass die Smuckers-Sorte in letzter Zeit zunehmend an Popularit\u00e4t gewinnt. Daher st\u00e4rkt die Sorte die Popularit\u00e4t anderer Sorten. Daher sollte eine gute Nachverfolgung der Sorte in Betracht gezogen werden. Smuckers Weed-Sorte.<\/div>\n<div><\/div>\n<\/p><\/div>\n<\/p><\/div>\n<div>\n<div data-testid=\"product-description\">\n<div class=\"truncate-lines__Wrapper-sc-1lknwty-0 YxHAC\">\n<div data-testid=\"truncated-description\">\n<div>\n<div class=\"text__Text-sc-fif1uk-0 kdmKRD\">\n<div class=\"src__Box-sc-1sbtrzs-0 src__Flex-sc-1sbtrzs-1 kWPFqZ hzdsvF\">\n<div>MUSTER-PRODUKTKATEGORIEN<\/div>\n<\/p><\/div>\n<\/p><\/div>\n<\/p><\/div>\n<\/p><\/div>\n<\/p><\/div>\n<\/p><\/div>\n<div class=\"text__Text-sc-fif1uk-0 htoJfX\"><a href=\"https:\/\/jeetersofficial.com\/product-category\/buy-cali-buds\/\" target=\"_blank\" rel=\"noopener\">CALI BUDS<\/a><\/div>\n<div data-testid=\"product-description\">\n<div class=\"truncate-lines__Wrapper-sc-1lknwty-0 YxHAC\">\n<div data-testid=\"truncated-description\">\n<div class=\"text__Text-sc-fif1uk-0 kdmKRD\"><a href=\"https:\/\/jeetersofficial.com\/product-category\/backpack-boyz\/\" target=\"_blank\" rel=\"noopener\">Backpack\u00a0 Boyz<\/a><\/div>\n<div><a href=\"https:\/\/jeetersofficial.com\/product-category\/snow-balls-weed\/\" target=\"_blank\" rel=\"noopener\">SNOWBALLS WEED<\/a><\/div>\n<div><a href=\"https:\/\/jeetersofficial.com\/product-category\/persy-snowcaps\/\" target=\"_blank\" rel=\"noopener\">Persy Snowcaps<\/a><\/div>\n<div><a href=\"https:\/\/jeetersofficial.com\/product-category\/drip-snowcaps\/\" target=\"_blank\" rel=\"noopener\">Drip Snowcaps<\/a><\/div>\n<div><a href=\"https:\/\/jeetersofficial.com\/product-category\/concentrates\/\" target=\"_blank\" rel=\"noopener\">CALI CONCENTRATES<\/a><\/div>\n<div><a href=\"https:\/\/jeetersofficial.com\/product-category\/doja-exclusive\/\" target=\"_blank\" rel=\"noopener\">CALI DOJA PACKS EXCLUSIVE<\/a><\/div>\n<div><a href=\"https:\/\/jeetersofficial.com\/product-category\/marijuana-flowers\/\" target=\"_blank\" rel=\"noopener\">CALI MARIJUANA FLOWERS<\/a><\/div>\n<\/p><\/div>\n<\/p><\/div>\n<\/p><\/div>\n<div><a href=\"https:\/\/jeetersofficial.com\/product-category\/sativa-strain\/\" target=\"_blank\" rel=\"noopener\">CALI SATIVA STRAINS<\/a><\/div>\n<div><a href=\"https:\/\/jeetersofficial.com\/product-category\/indica\/\" target=\"_blank\" rel=\"noopener\">CALI INDICA STRAINS<\/a><\/div>\n<div><a href=\"https:\/\/jeetersofficial.com\/product-category\/hybrid-weed\/\" target=\"_blank\" rel=\"noopener\">CALI HYBRID WEED<\/a><\/div>\n<\/p><\/div>\n<\/p><\/div>\n<\/p><\/div>\n<\/p><\/div>","protected":false},"excerpt":{"rendered":"<p><strong>Cali Plug Smuckers Strain<\/strong><br \/> Cali Smuckers ist eine einflussreiche Cannabis-Hybrid-Sorte, die mit Strawberry und Grape Ape gekreuzt wurde, um diese erstaunliche Sorte zu erhalten. Cali Plug ist stolz, Ihnen diese angesagte und hochwertige Bud-Sorte vorzustellen.<\/p>","protected":false},"featured_media":1835,"comment_status":"closed","ping_status":"closed","template":"","meta":{"_uag_custom_page_level_css":"","site-sidebar-layout":"default","site-content-layout":"","ast-site-content-layout":"default","site-content-style":"default","site-sidebar-style":"default","ast-global-header-display":"","ast-banner-title-visibility":"","ast-main-header-display":"","ast-hfb-above-header-display":"","ast-hfb-below-header-display":"","ast-hfb-mobile-header-display":"","site-post-title":"","ast-breadcrumbs-content":"","ast-featured-img":"","footer-sml-layout":"","ast-disable-related-posts":"","theme-transparent-header-meta":"","adv-header-id-meta":"","stick-header-meta":"","header-above-stick-meta":"","header-main-stick-meta":"","header-below-stick-meta":"","astra-migrate-meta-layouts":"default","ast-page-background-enabled":"default","ast-page-background-meta":{"desktop":{"background-color":"var(--ast-global-color-5)","background-image":"","background-repeat":"repeat","background-position":"center center","background-size":"auto","background-attachment":"scroll","background-type":"","background-media":"","overlay-type":"","overlay-color":"","overlay-opacity":"","overlay-gradient":""},"tablet":{"background-color":"","background-image":"","background-repeat":"repeat","background-position":"center center","background-size":"auto","background-attachment":"scroll","background-type":"","background-media":"","overlay-type":"","overlay-color":"","overlay-opacity":"","overlay-gradient":""},"mobile":{"background-color":"","background-image":"","background-repeat":"repeat","background-position":"center center","background-size":"auto","background-attachment":"scroll","background-type":"","background-media":"","overlay-type":"","overlay-color":"","overlay-opacity":"","overlay-gradient":""}},"ast-content-background-meta":{"desktop":{"background-color":"var(--ast-global-color-4)","background-image":"","background-repeat":"repeat","background-position":"center center","background-size":"auto","background-attachment":"scroll","background-type":"","background-media":"","overlay-type":"","overlay-color":"","overlay-opacity":"","overlay-gradient":""},"tablet":{"background-color":"var(--ast-global-color-4)","background-image":"","background-repeat":"repeat","background-position":"center center","background-size":"auto","background-attachment":"scroll","background-type":"","background-media":"","overlay-type":"","overlay-color":"","overlay-opacity":"","overlay-gradient":""},"mobile":{"background-color":"var(--ast-global-color-4)","background-image":"","background-repeat":"repeat","background-position":"center center","background-size":"auto","background-attachment":"scroll","background-type":"","background-media":"","overlay-type":"","overlay-color":"","overlay-opacity":"","overlay-gradient":""}}},"product_brand":[],"product_cat":[675],"product_tag":[489,491,709,506,710,508,509,510,492,481,472,711,712,713,515,518,461,462,714,465,715,467,716,717,718,719,720,721,722,723,724,725,726,727,728,729,730,731,732,733,734,735,736],"class_list":{"0":"post-1816","1":"product","2":"type-product","3":"status-publish","4":"has-post-thumbnail","6":"product_cat-buy-cali-buds","7":"product_tag-best-cali-packs","8":"product_tag-buy-cali-bud-or-no-bud-online","9":"product_tag-buy-cali-bud-or-no-bud-smuckers-online","10":"product_tag-buy-cali-buds","11":"product_tag-buy-smuckers-strain","12":"product_tag-buy-weed-online","13":"product_tag-by-the-best-cali-buds","14":"product_tag-cali-bags","15":"product_tag-cali-bud-or-no-bud","16":"product_tag-cali-bud-or-no-bud-for-sale","17":"product_tag-cali-bud-or-no-bud-near-me","18":"product_tag-cali-bud-or-no-bud-smuckers","19":"product_tag-cali-bud-or-no-bud-smuckers-for-sale","20":"product_tag-cali-bud-or-no-bud-smuckers-near-me","21":"product_tag-cali-buds-online","22":"product_tag-cali-gush-lato","23":"product_tag-cali-packs","24":"product_tag-cali-plug-cali-bud-or-no-bud","25":"product_tag-cali-smuckers-strain","26":"product_tag-cali-weed-flavors","27":"product_tag-exotics-bud-packs","28":"product_tag-hardball-cookies","29":"product_tag-smuckers-cali-bud-or-no-bud","30":"product_tag-smuckers-cali-bud-or-no-bud-near-me","31":"product_tag-smuckers-cali-strain","32":"product_tag-smuckers-marijuana","33":"product_tag-smuckers-strain","34":"product_tag-smuckers-strain-allbud","35":"product_tag-smuckers-strain-buy","36":"product_tag-smuckers-strain-buy-smuckers-cali-bud-or-no-bud-online","37":"product_tag-smuckers-strain-for-sale","38":"product_tag-smuckers-strain-germany","39":"product_tag-smuckers-strain-ireland","40":"product_tag-smuckers-strain-italy","41":"product_tag-smuckers-strain-online","42":"product_tag-smuckers-strain-review","43":"product_tag-smuckers-strain-reviewssmuckers-strain","44":"product_tag-smuckers-strain-uk","45":"product_tag-smuckers-strain-usa","46":"product_tag-smuckers-strain-weedmaps","47":"product_tag-smuckers-weed","48":"product_tag-smuckers-weed-strain","49":"product_tag-smuckers-weed-strain-smuckers-cali-bud-or-no-bud-for-sale","50":"desktop-align-center","51":"tablet-align-left","52":"mobile-align-left","54":"first","55":"instock","56":"shipping-taxable","57":"purchasable","58":"product-type-variable"},"uagb_featured_image_src":{"full":["https:\/\/caliweedeurope.com\/wp-content\/uploads\/2024\/11\/smuckers.jpg",384,511,false],"thumbnail":["https:\/\/caliweedeurope.com\/wp-content\/uploads\/2024\/11\/smuckers-150x150.jpg",150,150,true],"medium":["https:\/\/caliweedeurope.com\/wp-content\/uploads\/2024\/11\/smuckers-225x300.jpg",225,300,true],"medium_large":["https:\/\/caliweedeurope.com\/wp-content\/uploads\/2024\/11\/smuckers.jpg",384,511,false],"large":["https:\/\/caliweedeurope.com\/wp-content\/uploads\/2024\/11\/smuckers.jpg",384,511,false],"1536x1536":["https:\/\/caliweedeurope.com\/wp-content\/uploads\/2024\/11\/smuckers.jpg",384,511,false],"2048x2048":["https:\/\/caliweedeurope.com\/wp-content\/uploads\/2024\/11\/smuckers.jpg",384,511,false],"trp-custom-language-flag":["https:\/\/caliweedeurope.com\/wp-content\/uploads\/2024\/11\/smuckers.jpg",9,12,false],"woocommerce_thumbnail":["https:\/\/caliweedeurope.com\/wp-content\/uploads\/2024\/11\/smuckers-300x300.jpg",300,300,true],"woocommerce_single":["https:\/\/caliweedeurope.com\/wp-content\/uploads\/2024\/11\/smuckers.jpg",384,511,false],"woocommerce_gallery_thumbnail":["https:\/\/caliweedeurope.com\/wp-content\/uploads\/2024\/11\/smuckers-100x100.jpg",100,100,true]},"uagb_author_info":{"display_name":"jetskiforsaleuk@gmail.com","author_link":"https:\/\/caliweedeurope.com\/de\/author\/"},"uagb_comment_info":0,"uagb_excerpt":"Cali Plug Smuckers Strain Cali Smuckers is an influential cannabis hybrid strain cross with strawberry and grape ape to get this astonishing strain. The Cali Plug is Proud to introduce to you this trending and top-shelf. bud strain.","_links":{"self":[{"href":"https:\/\/caliweedeurope.com\/de\/wp-json\/wp\/v2\/product\/1816"}],"collection":[{"href":"https:\/\/caliweedeurope.com\/de\/wp-json\/wp\/v2\/product"}],"about":[{"href":"https:\/\/caliweedeurope.com\/de\/wp-json\/wp\/v2\/types\/product"}],"replies":[{"embeddable":true,"href":"https:\/\/caliweedeurope.com\/de\/wp-json\/wp\/v2\/comments?post=1816"}],"wp:featuredmedia":[{"embeddable":true,"href":"https:\/\/caliweedeurope.com\/de\/wp-json\/wp\/v2\/media\/1835"}],"wp:attachment":[{"href":"https:\/\/caliweedeurope.com\/de\/wp-json\/wp\/v2\/media?parent=1816"}],"wp:term":[{"taxonomy":"product_brand","embeddable":true,"href":"https:\/\/caliweedeurope.com\/de\/wp-json\/wp\/v2\/product_brand?post=1816"},{"taxonomy":"product_cat","embeddable":true,"href":"https:\/\/caliweedeurope.com\/de\/wp-json\/wp\/v2\/product_cat?post=1816"},{"taxonomy":"product_tag","embeddable":true,"href":"https:\/\/caliweedeurope.com\/de\/wp-json\/wp\/v2\/product_tag?post=1816"}],"curies":[{"name":"wp","href":"https:\/\/api.w.org\/{rel}","templated":true}]}}