{"id":1828,"date":"2024-11-05T18:39:28","date_gmt":"2024-11-05T18:39:28","guid":{"rendered":"https:\/\/caliweedeurope.com\/?post_type=product&#038;p=1828"},"modified":"2024-11-05T18:39:35","modified_gmt":"2024-11-05T18:39:35","slug":"buy-cali-wedding-nerdz-online","status":"publish","type":"product","link":"https:\/\/caliweedeurope.com\/de\/product\/buy-cali-wedding-nerdz-online\/","title":{"rendered":"Kaufen Sie Cali Wedding Nerdz online"},"content":{"rendered":"<h1 style=\"text-align: center\"><strong>\u00a0 \u00a0 \u00a0 \u00a0 \u00a0CALI <\/strong><strong>WEDDING NERDZ CALI BUD OR NO BUD <\/strong><strong>\u00a0| CALI PLUG <\/strong><strong>CALI BUD OR NO BUD WEDDING NERDZ <\/strong><strong>\u00a0<\/strong><strong>CALI BUD OR NO BUD <\/strong><strong>\u00a0| CALI PLUG <\/strong><strong>CALI BUD OR NO BUD <\/strong><\/h1>\n<p style=\"text-align: center\"><strong>Cali Bud Wedding Nerdz<\/strong><br \/> Wedding Nerdz ist eine einflussreiche Cannabis-Hybridsorte, die aus der Kreuzung von Strawberry und Grape Ape entstanden ist, um diese erstaunliche Sorte zu erhalten.<\/p>\n<p style=\"text-align: center\"><strong>Medizinische Verwendung von Wedding Nerdz<\/strong><\/p>\n<p style=\"text-align: center\">Es ist am besten f\u00fcr Patienten, die an Angstzust\u00e4nden und chronischen Schmerzen leiden. Diese Sorte garantiert sofortige Schmerzlinderung. Ihre leichten Wirkungen k\u00f6nnen einige Schmerzen sowie \u00dcbelkeit lindern.<\/p>\n<p style=\"text-align: center\"><strong>Wedding Nerdz<\/strong><\/p>\n<p style=\"text-align: center\">Firstly, Wedding nerdz being and influencial cannabis hybrid strain cross with strawberry and grape ape to get this amazing strains is best for patients suffering from anxiety and chronic pain. This <a href=\"http:\/\/leafly.com\" target=\"_blank\" rel=\"noopener\">strain<\/a> guarantees immidiate relief from pain for the relieve. It\u2019s light real impacts may facilitate a few a throbbing painfulness just as queasiness. The strain may likewise help battle the manifestations of PTSD.This strain develops short and can do well inside, outside or even a nursery. Geeks ought to be given at any rate a month, if not five, to get done with vegetating. The strain blossoms for eight to nine weeks and will deliver a gram for each watt inside. Outside cultivators may have gathers as much as a pound for every <a href=\"https:\/\/www.wikileaf.com\/strain\/nerds\/\" target=\"_blank\" rel=\"noopener\">plant.<\/a><\/p>\n<h2 style=\"text-align: center\"><strong>BUY CALI <\/strong><strong>WEDDING NERDZ <\/strong><strong>\u00a0\u00a0<\/strong><strong>CALI BUD OR NO BUD <\/strong><strong>ONLINE | BUY CALI PLUG <\/strong><strong>CALI BUD OR NO BUD WEDDING NERDZ <\/strong><strong>\u00a0\u00a0<\/strong><strong>CALI BUD OR NO BUD <\/strong><strong>\u00a0ONLINE | BUY CALI PLUG <\/strong><strong>CALI BUD OR NO BUD <\/strong><strong>ONLINE <\/strong><\/h2>\n<p style=\"text-align: center\"><strong>Cali Wedding Nerdz Wirkungen<\/strong><br \/> Zweitens kann die Sorte auch helfen, die Symptome von PTBS zu bek\u00e4mpfen. Diese Sorte w\u00e4chst kurz und kann sowohl drinnen als auch drau\u00dfen oder sogar im Gew\u00e4chshaus gut gedeihen. Die Pflanzen sollten mindestens einen Monat, wenn nicht sogar f\u00fcnf, f\u00fcr die Vegetation erhalten.<\/p>\n<p style=\"text-align: center\"><strong>Wedding Nerdz<\/strong><\/p>\n<p class=\"p1\" style=\"text-align: center\">Drittens, dieses Produkt enth\u00e4lt Cannabis, eine kontrollierte Substanz. Au\u00dferhalb der Reichweite von Kindern und Tieren aufbewahren. Cannabisprodukte d\u00fcrfen nur von Personen ab 21 Jahren besessen oder konsumiert werden, es sei denn, die Person ist ein qualifizierter Patient. Die berauschenden Wirkungen von Cannabisprodukten k\u00f6nnen bis zu zwei Stunden anhalten. Der Konsum von Cannabis w\u00e4hrend der Schwangerschaft oder Stillzeit kann sch\u00e4dlich sein. Der Konsum dieser Produkte beeintr\u00e4chtigt die F\u00e4higkeit, Fahrzeuge zu fahren oder Maschinen zu bedienen. Bitte mit \u00e4u\u00dferster Vorsicht verwenden.<\/p>\n<h3 style=\"text-align: center\"><strong>CALI <\/strong><strong>WEDDING NERDZ <\/strong><strong>\u00a0\u00a0<\/strong><strong>CALI BUD OR NO BUD <\/strong><strong>FOR SALE | CALI PLUG <\/strong><strong>WEDDING NERDZ <\/strong><strong>\u00a0\u00a0<\/strong><strong>CALI BUD OR NO BUD <\/strong><strong>\u00a0\u00a0FOR SALE | CALI PLUG <\/strong><strong>CALI BUD OR NO BUD <\/strong><strong>FOR SALE<\/strong><\/h3>\n<p style=\"text-align: center\" class=\"translation-block\">G<strong>rowing Cali Wedding Nerds<\/strong><br> Die Sorte bl\u00fcht acht bis neun Wochen und liefert ein Gramm pro Watt im Innenbereich. Au\u00dfenanbauer k\u00f6nnen bis zu ein Pfund pro Pflanze ernten.<\/p>\n<p style=\"text-align: center\"><strong>Nerds strain<\/strong><\/p>\n<p style=\"text-align: center\">Kaufe Nerds-Strain. Es w\u00e4chst \u00fcber einen Zeitraum von 4-5 Wochen und bl\u00fcht \u00fcber 8-9 Wochen. Der erwartete Ertrag betr\u00e4gt ein Gramm pro Watt, wenn es drinnen angebaut wird, oder bis zu einem Pfund pro Pflanze, wenn es drau\u00dfen angebaut wird.<\/p>\n<p style=\"text-align: center\">NERDS steht f\u00fcr \u201eNever Ending Research &amp; Development of our nerds strain\u201c, weil es die Art und Weise widerspiegelt, wie sie immer das Lernen \u00fcber die Cannabis-Pflanze angegangen sind; st\u00e4ndig forschen, Hypothesen aufstellen und verschiedene Techniken f\u00fcr Z\u00fcchtung und Pflanzenpflege testen.<\/p>\n<p style=\"text-align: center\">Nerds ist eine wundersch\u00f6ne, aufmunternde Hybridpflanze aus Oregon. Die perfekt ausgewogene Mischung aus Indica und Sativa, sie ist die Kindpflanze von Grape Ape x Strawberry Cough.<\/p>\n<h4 style=\"text-align: center\"><strong>CALI PLUG CALI BUD OR NO BUD WEDDING NERDZ \u00a0\u00a0CALI BUD OR NO BUD \u00a0NEAR ME | CALI PLUG WEDDING NERDZ \u00a0\u00a0CALI BUD OR NO BUD NEAR ME | CALI PLUG CALI BUD OR NO BUD NEAR ME <\/strong><\/h4>\n<p style=\"text-align: center\"><strong>Cali Bud Wedding Nerdz Warnung.<\/strong><br \/> Zusammenfassend l\u00e4sst sich sagen, Dieses Produkt enth\u00e4lt Cannabis, eine kontrollierte Substanz. Au\u00dfer Reichweite von Kindern und Tieren aufbewahren. Cannabisprodukte d\u00fcrfen nur von Personen ab 21 Jahren oder von qualifizierten Patienten besessen oder konsumiert werden. Die berauschenden Wirkungen von Cannabisprodukten k\u00f6nnen bis zu zwei Stunden anhalten. Cannabiskonsum w\u00e4hrend der Schwangerschaft oder Stillzeit kann sch\u00e4dlich sein. Der Konsum dieser Produkte beeintr\u00e4chtigt Ihre F\u00e4higkeit, Maschinen zu fahren oder zu bedienen. Bitte seien Sie \u00e4u\u00dferst vorsichtig. Kontaktieren Sie uns, um Cali Plug-Produkte zu bestellen.<\/p>\n<p style=\"text-align: center\"><strong>\u00dcberblick \u00fcber die Nerds-Sorte<\/strong><\/p>\n<p style=\"text-align: center\">Nerds, auch bekannt als Nerdz, ist eine Hybridsorte, die von der Oregon Microgrowers Guild entwickelt wurde, erschaffen von Adam Jacques, dem Hauptz\u00fcchter der Guild.<\/p>\n<p style=\"text-align: center\">Die am h\u00e4ufigsten gemeldeten Aromen sind Haschisch- und Traubend\u00fcfte. Die am h\u00e4ufigsten gemeldeten Geschmacksrichtungen sind Haschisch, Traube und Erdbeere.<\/p>\n<p style=\"text-align: center\">Mit einem Geschmack, der direkt aus Willy Wonkas S\u00fc\u00dfwarenfabrik zu kommen scheint, ist Nerds eine Hybrid-Sorte, die von den Z\u00fcchtern der Oregon Microgrowers Guild entwickelt wurde. Genauer gesagt war es das Gehirnkind von Adam Jacques, der auch der Eigent\u00fcmer und leitende Z\u00fcchter der Guild ist.<\/p>\n<div class=\"about-content-excerpt\" style=\"text-align: center\">\n<p>Raucher berichten, dass der Gebrauch dieser Sorte trockene Augen verursacht. Weitere Effekte umfassen einen Kreativit\u00e4tsschub, eine gehobene Stimmung und Entspannung im K\u00f6rper.<\/p>\n<\/p><\/div>\n<div class=\"about-content-more\">\n<p style=\"text-align: center\">Der THC-Gehalt macht 15-19 % des Inhalts aus, was ihn zu einem moderat durchschnittlichen Wert macht. Erfahrene Raucher m\u00fcssen m\u00f6glicherweise ein paar Z\u00fcge mehr nehmen, um ihre Portion kreativer Energie und Stimmungsaufhellung zu bekommen.<\/p>\n<div data-testid=\"product-description\">\n<div class=\"truncate-lines__Wrapper-sc-1lknwty-0 YxHAC\">\n<div data-testid=\"truncated-description\">\n<div>\n<div class=\"text__Text-sc-fif1uk-0 kdmKRD\">\n<div class=\"src__Box-sc-1sbtrzs-0 src__Flex-sc-1sbtrzs-1 kWPFqZ hzdsvF\">\n<div>MUSTER-PRODUKTKATEGORIEN<\/div>\n<\/p><\/div>\n<\/p><\/div>\n<\/p><\/div>\n<\/p><\/div>\n<\/p><\/div>\n<\/p><\/div>\n<div class=\"text__Text-sc-fif1uk-0 htoJfX\"><a href=\"https:\/\/jeetersofficial.com\/product-category\/buy-cali-buds\/\" target=\"_blank\" rel=\"noopener\">CALI BUDS<\/a><\/div>\n<div data-testid=\"product-description\">\n<div class=\"truncate-lines__Wrapper-sc-1lknwty-0 YxHAC\">\n<div data-testid=\"truncated-description\">\n<div class=\"text__Text-sc-fif1uk-0 kdmKRD\"><a href=\"https:\/\/jeetersofficial.com\/product-category\/backpack-boyz\/\" target=\"_blank\" rel=\"noopener\">Backpack\u00a0 Boyz<\/a><\/div>\n<div><a href=\"https:\/\/jeetersofficial.com\/product-category\/snow-balls-weed\/\" target=\"_blank\" rel=\"noopener\">SNOWBALLS WEED<\/a><\/div>\n<div><a href=\"https:\/\/jeetersofficial.com\/product-category\/persy-snowcaps\/\" target=\"_blank\" rel=\"noopener\">Persy Snowcaps<\/a><\/div>\n<div><a href=\"https:\/\/jeetersofficial.com\/product-category\/drip-snowcaps\/\" target=\"_blank\" rel=\"noopener\">Drip Snowcaps<\/a><\/div>\n<div><a href=\"https:\/\/jeetersofficial.com\/product-category\/concentrates\/\" target=\"_blank\" rel=\"noopener\">CALI CONCENTRATES<\/a><\/div>\n<div><a href=\"https:\/\/jeetersofficial.com\/product-category\/doja-exclusive\/\" target=\"_blank\" rel=\"noopener\">CALI DOJA PACKS EXCLUSIVE<\/a><\/div>\n<div><a href=\"https:\/\/jeetersofficial.com\/product-category\/marijuana-flowers\/\" target=\"_blank\" rel=\"noopener\">CALI MARIJUANA FLOWERS<\/a><\/div>\n<\/p><\/div>\n<\/p><\/div>\n<\/p><\/div>\n<div><a href=\"https:\/\/jeetersofficial.com\/product-category\/sativa-strain\/\" target=\"_blank\" rel=\"noopener\">CALI SATIVA STRAINS<\/a><\/div>\n<div><a href=\"https:\/\/jeetersofficial.com\/product-category\/indica\/\" target=\"_blank\" rel=\"noopener\">CALI INDICA STRAINS<\/a><\/div>\n<div><a href=\"https:\/\/jeetersofficial.com\/product-category\/hybrid-weed\/\" target=\"_blank\" rel=\"noopener\">CALI HYBRID WEED<\/a><\/div>\n<\/p><\/div>","protected":false},"excerpt":{"rendered":"<p><strong>Cali Bud Wedding Nerdz Warnung.<\/strong><br \/> Dieses Produkt enth\u00e4lt Cannabis, eine kontrollierte Substanz. Au\u00dfer Reichweite von Kindern und Tieren aufbewahren. Cannabisprodukte d\u00fcrfen nur von Personen ab 21 Jahren oder von qualifizierten Patienten besessen oder konsumiert werden. Die berauschenden Wirkungen von Cannabisprodukten k\u00f6nnen bis zu zwei Stunden anhalten. Cannabiskonsum w\u00e4hrend der Schwangerschaft oder Stillzeit kann sch\u00e4dlich sein. Der Konsum dieser Produkte beeintr\u00e4chtigt Ihre F\u00e4higkeit, Maschinen zu fahren oder zu bedienen. Bitte seien Sie \u00e4u\u00dferst vorsichtig. Kontaktieren Sie uns, um Cali Plug-Produkte zu bestellen.<\/p>","protected":false},"featured_media":1836,"comment_status":"closed","ping_status":"closed","template":"","meta":{"_uag_custom_page_level_css":"","site-sidebar-layout":"default","site-content-layout":"","ast-site-content-layout":"","site-content-style":"default","site-sidebar-style":"default","ast-global-header-display":"","ast-banner-title-visibility":"","ast-main-header-display":"","ast-hfb-above-header-display":"","ast-hfb-below-header-display":"","ast-hfb-mobile-header-display":"","site-post-title":"","ast-breadcrumbs-content":"","ast-featured-img":"","footer-sml-layout":"","theme-transparent-header-meta":"","adv-header-id-meta":"","stick-header-meta":"","header-above-stick-meta":"","header-main-stick-meta":"","header-below-stick-meta":"","astra-migrate-meta-layouts":"default","ast-page-background-enabled":"default","ast-page-background-meta":{"desktop":{"background-color":"var(--ast-global-color-4)","background-image":"","background-repeat":"repeat","background-position":"center center","background-size":"auto","background-attachment":"scroll","background-type":"","background-media":"","overlay-type":"","overlay-color":"","overlay-opacity":"","overlay-gradient":""},"tablet":{"background-color":"","background-image":"","background-repeat":"repeat","background-position":"center center","background-size":"auto","background-attachment":"scroll","background-type":"","background-media":"","overlay-type":"","overlay-color":"","overlay-opacity":"","overlay-gradient":""},"mobile":{"background-color":"","background-image":"","background-repeat":"repeat","background-position":"center center","background-size":"auto","background-attachment":"scroll","background-type":"","background-media":"","overlay-type":"","overlay-color":"","overlay-opacity":"","overlay-gradient":""}},"ast-content-background-meta":{"desktop":{"background-color":"var(--ast-global-color-5)","background-image":"","background-repeat":"repeat","background-position":"center center","background-size":"auto","background-attachment":"scroll","background-type":"","background-media":"","overlay-type":"","overlay-color":"","overlay-opacity":"","overlay-gradient":""},"tablet":{"background-color":"var(--ast-global-color-5)","background-image":"","background-repeat":"repeat","background-position":"center center","background-size":"auto","background-attachment":"scroll","background-type":"","background-media":"","overlay-type":"","overlay-color":"","overlay-opacity":"","overlay-gradient":""},"mobile":{"background-color":"var(--ast-global-color-5)","background-image":"","background-repeat":"repeat","background-position":"center center","background-size":"auto","background-attachment":"scroll","background-type":"","background-media":"","overlay-type":"","overlay-color":"","overlay-opacity":"","overlay-gradient":""}}},"product_brand":[],"product_cat":[675],"product_tag":[491,737,738,481,472,739,740,741,473,515,516,517,518,461,521,522,535,536,462,537,463,464,465,613,497,742,743,744,745,746,747],"class_list":{"0":"post-1828","1":"product","2":"type-product","3":"status-publish","4":"has-post-thumbnail","6":"product_cat-buy-cali-buds","7":"product_tag-buy-cali-bud-or-no-bud-online","8":"product_tag-buy-cali-bud-or-no-bud-wedding-nerdz-online","9":"product_tag-buy-wedding-nerdz-cali-bud-or-no-bud-online","10":"product_tag-cali-bud-or-no-bud-for-sale","11":"product_tag-cali-bud-or-no-bud-near-me","12":"product_tag-cali-bud-or-no-bud-wedding-nerdz","13":"product_tag-cali-bud-or-no-bud-wedding-nerdz-for-sale","14":"product_tag-cali-bud-or-no-bud-wedding-nerdz-near-me","15":"product_tag-cali-buds","16":"product_tag-cali-buds-online","17":"product_tag-cali-flavors","18":"product_tag-cali-flavours","19":"product_tag-cali-gush-lato","20":"product_tag-cali-packs","21":"product_tag-cali-plug","22":"product_tag-cali-plug-bags","23":"product_tag-cali-plug-bud","24":"product_tag-cali-plug-buds","25":"product_tag-cali-plug-cali-bud-or-no-bud","26":"product_tag-cali-plug-strains","27":"product_tag-cali-straina","28":"product_tag-cali-weed-bags","29":"product_tag-cali-weed-flavors","30":"product_tag-cali-weed-strains","31":"product_tag-cannabis-strains","32":"product_tag-marijuana","33":"product_tag-medical","34":"product_tag-sativa","35":"product_tag-wedding-nerdz-cali-bud-or-no-bud","36":"product_tag-wedding-nerdz-cali-bud-or-no-bud-for-sale","37":"product_tag-wedding-nerdz-cali-bud-or-no-bud-near-me","38":"desktop-align-center","39":"tablet-align-left","40":"mobile-align-left","42":"first","43":"instock","44":"shipping-taxable","45":"purchasable","46":"product-type-variable"},"uagb_featured_image_src":{"full":["https:\/\/caliweedeurope.com\/wp-content\/uploads\/2024\/11\/nerts.jpg",956,1276,false],"thumbnail":["https:\/\/caliweedeurope.com\/wp-content\/uploads\/2024\/11\/nerts-150x150.jpg",150,150,true],"medium":["https:\/\/caliweedeurope.com\/wp-content\/uploads\/2024\/11\/nerts-225x300.jpg",225,300,true],"medium_large":["https:\/\/caliweedeurope.com\/wp-content\/uploads\/2024\/11\/nerts-768x1025.jpg",768,1025,true],"large":["https:\/\/caliweedeurope.com\/wp-content\/uploads\/2024\/11\/nerts-767x1024.jpg",767,1024,true],"1536x1536":["https:\/\/caliweedeurope.com\/wp-content\/uploads\/2024\/11\/nerts.jpg",956,1276,false],"2048x2048":["https:\/\/caliweedeurope.com\/wp-content\/uploads\/2024\/11\/nerts.jpg",956,1276,false],"trp-custom-language-flag":["https:\/\/caliweedeurope.com\/wp-content\/uploads\/2024\/11\/nerts.jpg",9,12,false],"woocommerce_thumbnail":["https:\/\/caliweedeurope.com\/wp-content\/uploads\/2024\/11\/nerts-300x300.jpg",300,300,true],"woocommerce_single":["https:\/\/caliweedeurope.com\/wp-content\/uploads\/2024\/11\/nerts-600x801.jpg",600,801,true],"woocommerce_gallery_thumbnail":["https:\/\/caliweedeurope.com\/wp-content\/uploads\/2024\/11\/nerts-100x100.jpg",100,100,true]},"uagb_author_info":{"display_name":"jetskiforsaleuk@gmail.com","author_link":"https:\/\/caliweedeurope.com\/de\/author\/"},"uagb_comment_info":0,"uagb_excerpt":"Cali Bud Wedding Nerdz Warning. This product contains Cannabis, a scheduled substance Keep out of the reach of children and animals. Cannabis products can only be possessed or consumed by persons 21+ years of age older unless the person is a qualified patient. The intoxicating effects of cannabis products may stay up to two hours.&hellip;","_links":{"self":[{"href":"https:\/\/caliweedeurope.com\/de\/wp-json\/wp\/v2\/product\/1828"}],"collection":[{"href":"https:\/\/caliweedeurope.com\/de\/wp-json\/wp\/v2\/product"}],"about":[{"href":"https:\/\/caliweedeurope.com\/de\/wp-json\/wp\/v2\/types\/product"}],"replies":[{"embeddable":true,"href":"https:\/\/caliweedeurope.com\/de\/wp-json\/wp\/v2\/comments?post=1828"}],"wp:featuredmedia":[{"embeddable":true,"href":"https:\/\/caliweedeurope.com\/de\/wp-json\/wp\/v2\/media\/1836"}],"wp:attachment":[{"href":"https:\/\/caliweedeurope.com\/de\/wp-json\/wp\/v2\/media?parent=1828"}],"wp:term":[{"taxonomy":"product_brand","embeddable":true,"href":"https:\/\/caliweedeurope.com\/de\/wp-json\/wp\/v2\/product_brand?post=1828"},{"taxonomy":"product_cat","embeddable":true,"href":"https:\/\/caliweedeurope.com\/de\/wp-json\/wp\/v2\/product_cat?post=1828"},{"taxonomy":"product_tag","embeddable":true,"href":"https:\/\/caliweedeurope.com\/de\/wp-json\/wp\/v2\/product_tag?post=1828"}],"curies":[{"name":"wp","href":"https:\/\/api.w.org\/{rel}","templated":true}]}}