{"id":1840,"date":"2024-11-06T02:41:01","date_gmt":"2024-11-06T02:41:01","guid":{"rendered":"https:\/\/caliweedeurope.com\/?post_type=product&#038;p=1840"},"modified":"2024-11-06T02:41:02","modified_gmt":"2024-11-06T02:41:02","slug":"watermelon-moon-rocks-30gramm","status":"publish","type":"product","link":"https:\/\/caliweedeurope.com\/de\/product\/watermelon-moon-rocks-30gramm\/","title":{"rendered":"Wassermelone Moon Rocks 30 Gramm"},"content":{"rendered":"<section>\n<h2>Watermelon Moon Rocks 30 Gramm<\/h2>\n<p>Watermelon Moon Rocks erzeugt entspannende Effekte, was es als Schlafhilfe oder Appetitanreger n\u00fctzlich macht.<\/p>\n<p>Watermelon Moon Rocks entstehen, wenn hochwertiges und Premium-Cannabisbl\u00fcten mit au\u00dfergew\u00f6hnlichem THC-Destillat infundiert werden, das frei von L\u00f6sungsmitteln ist. Diese Infusion wird in ultra-potentem Kief gerollt. Diese gesamte Infusion und Mischung resultieren in dichten Nuggets, die einen sehr hohen THC-Gehalt liefern. Die endg\u00fcltige Form wird durch das Umformen zu Rollen zum Rauchen gegeben und als Moonrocks Watermelon Pre Rolls verkauft.<\/p>\n<p>Watermelon Moon Rocks Pre Rolls schmecken extrem glatt und erinnern an Trauben mit Hash-Untert\u00f6nen und bringen dir so viel Frieden und Ruhe, dass Schmerzen, medizinische Beschwerden und alle Sorgen mit butterweicher Leichtigkeit verblassen.<\/p>\n<p>Diese Watermelon Moon Rocks Pre Rolls wurden mit Rauchern aller Erfahrungsstufen im Hinterkopf hergestellt. Die Potenz der Moonrocks wird einen sehr erfahrenen Raucher bis zum Mond bringen, w\u00e4hrend Anf\u00e4nger das einzigartige Wassermelonengeschmacksprofil genie\u00dfen k\u00f6nnen, das aus einer k\u00f6stlichen Mischung aus erstklassigen Bl\u00fcten, klarem Destillat, Kief und gro\u00dfartig schmeckenden, 100% nat\u00fcrlichen Terpenen besteht.<\/p>\n<p class=\"translation-block\">Kaufe Watermelon Moonrocks Pre Rolls bei Jeetersofficial <a href=\"https:\/\/jeetersofficial.com\/\" target=\"_blank\" rel=\"noopener\">Online-Cannabisshop<\/a>. Es ist garantiert, dich zu den H\u00f6hen des Ekstase und der Freude zu f\u00fchren. Es wird dir unvergleichliche Zufriedenheit sowie h\u00f6chsten Frieden und Gl\u00fcck bringen.<\/p>\n<p>Sie k\u00f6nnen Ihre Bestellung f\u00fcr Moonrocks Watermelon Pre Roll in unserem Online-Shop f\u00fcr Marihuana aufgeben, und sie wird sicher und in k\u00fcrzester Zeit bei Ihnen eintreffen. Wir legen gro\u00dfen Wert darauf, sicherzustellen, dass Sie Ihre Lieferung ohne jegliche Verz\u00f6gerung erhalten. Bestellen Sie einfach Ihr Produkt \u00fcber ein benutzerfreundliches Online-Bestellverfahren, und Sie werden es sehr bald erhalten. Wir beginnen sofort mit dem Versand von Bestellungen, sobald die Zahlungen durchgegangen sind, sodass Sie Ihre Bestellung im Handumdrehen erhalten. Unabh\u00e4ngig von den Umst\u00e4nden erreichen unsere Pakete ihr Ziel rechtzeitig. Sie k\u00f6nnen vollkommen auf uns vertrauen, denn wir lassen unsere Kunden nie im Stich.<\/p>\n<p>Z\u00f6gern Sie noch? Tun Sie es nicht. Bestellen Sie Moonrocks Watermelon Pre Rolls in unserem Online-Cannabis-Shop und haben Sie extrem viel Spa\u00df.<\/p>\n<\/section>","protected":false},"excerpt":{"rendered":"<p>28 Gramm Watermelon Moon Rocks freuen sich, ihre Linie von hochwertigen, konsistenten Produkten anzubieten. Ihre k\u00f6stlich aromatisierten Moonrocks erzeugen eine au\u00dferweltliche Euphorie. Sie haben Marihuana-Knospen entwickelt, die mit Konzentraten bedeckt sind, f\u00fcr Leute, die sich ein wenig oder viel aus der Umlaufbahn f\u00fchlen. Kunden, die eine Mischung aus Kief, Konzentraten und Bl\u00fcten bevorzugen, um ihre Beschwerden zu lindern, werden die kr\u00e4ftige Euphorie und die k\u00f6stlichen Aromen sch\u00e4tzen, die Moonrock bietet.<\/p>","protected":false},"featured_media":1845,"comment_status":"closed","ping_status":"closed","template":"","meta":{"_uag_custom_page_level_css":"","site-sidebar-layout":"default","site-content-layout":"","ast-site-content-layout":"","site-content-style":"default","site-sidebar-style":"default","ast-global-header-display":"","ast-banner-title-visibility":"","ast-main-header-display":"","ast-hfb-above-header-display":"","ast-hfb-below-header-display":"","ast-hfb-mobile-header-display":"","site-post-title":"","ast-breadcrumbs-content":"","ast-featured-img":"","footer-sml-layout":"","theme-transparent-header-meta":"","adv-header-id-meta":"","stick-header-meta":"","header-above-stick-meta":"","header-main-stick-meta":"","header-below-stick-meta":"","astra-migrate-meta-layouts":"default","ast-page-background-enabled":"default","ast-page-background-meta":{"desktop":{"background-color":"var(--ast-global-color-4)","background-image":"","background-repeat":"repeat","background-position":"center center","background-size":"auto","background-attachment":"scroll","background-type":"","background-media":"","overlay-type":"","overlay-color":"","overlay-opacity":"","overlay-gradient":""},"tablet":{"background-color":"","background-image":"","background-repeat":"repeat","background-position":"center center","background-size":"auto","background-attachment":"scroll","background-type":"","background-media":"","overlay-type":"","overlay-color":"","overlay-opacity":"","overlay-gradient":""},"mobile":{"background-color":"","background-image":"","background-repeat":"repeat","background-position":"center center","background-size":"auto","background-attachment":"scroll","background-type":"","background-media":"","overlay-type":"","overlay-color":"","overlay-opacity":"","overlay-gradient":""}},"ast-content-background-meta":{"desktop":{"background-color":"var(--ast-global-color-5)","background-image":"","background-repeat":"repeat","background-position":"center center","background-size":"auto","background-attachment":"scroll","background-type":"","background-media":"","overlay-type":"","overlay-color":"","overlay-opacity":"","overlay-gradient":""},"tablet":{"background-color":"var(--ast-global-color-5)","background-image":"","background-repeat":"repeat","background-position":"center center","background-size":"auto","background-attachment":"scroll","background-type":"","background-media":"","overlay-type":"","overlay-color":"","overlay-opacity":"","overlay-gradient":""},"mobile":{"background-color":"var(--ast-global-color-5)","background-image":"","background-repeat":"repeat","background-position":"center center","background-size":"auto","background-attachment":"scroll","background-type":"","background-media":"","overlay-type":"","overlay-color":"","overlay-opacity":"","overlay-gradient":""}}},"product_brand":[],"product_cat":[748],"product_tag":[],"class_list":{"0":"post-1840","1":"product","2":"type-product","3":"status-publish","4":"has-post-thumbnail","6":"product_cat-weed-moonrock","7":"desktop-align-center","8":"tablet-align-left","9":"mobile-align-left","11":"first","12":"instock","13":"sale","14":"shipping-taxable","15":"purchasable","16":"product-type-simple"},"uagb_featured_image_src":{"full":["https:\/\/caliweedeurope.com\/wp-content\/uploads\/2024\/11\/MoonRock-MoonRocks-Watermelon.jpg",600,600,false],"thumbnail":["https:\/\/caliweedeurope.com\/wp-content\/uploads\/2024\/11\/MoonRock-MoonRocks-Watermelon-150x150.jpg",150,150,true],"medium":["https:\/\/caliweedeurope.com\/wp-content\/uploads\/2024\/11\/MoonRock-MoonRocks-Watermelon-300x300.jpg",300,300,true],"medium_large":["https:\/\/caliweedeurope.com\/wp-content\/uploads\/2024\/11\/MoonRock-MoonRocks-Watermelon.jpg",600,600,false],"large":["https:\/\/caliweedeurope.com\/wp-content\/uploads\/2024\/11\/MoonRock-MoonRocks-Watermelon.jpg",600,600,false],"1536x1536":["https:\/\/caliweedeurope.com\/wp-content\/uploads\/2024\/11\/MoonRock-MoonRocks-Watermelon.jpg",600,600,false],"2048x2048":["https:\/\/caliweedeurope.com\/wp-content\/uploads\/2024\/11\/MoonRock-MoonRocks-Watermelon.jpg",600,600,false],"trp-custom-language-flag":["https:\/\/caliweedeurope.com\/wp-content\/uploads\/2024\/11\/MoonRock-MoonRocks-Watermelon.jpg",12,12,false],"woocommerce_thumbnail":["https:\/\/caliweedeurope.com\/wp-content\/uploads\/2024\/11\/MoonRock-MoonRocks-Watermelon-300x300.jpg",300,300,true],"woocommerce_single":["https:\/\/caliweedeurope.com\/wp-content\/uploads\/2024\/11\/MoonRock-MoonRocks-Watermelon.jpg",600,600,false],"woocommerce_gallery_thumbnail":["https:\/\/caliweedeurope.com\/wp-content\/uploads\/2024\/11\/MoonRock-MoonRocks-Watermelon-100x100.jpg",100,100,true]},"uagb_author_info":{"display_name":"jetskiforsaleuk@gmail.com","author_link":"https:\/\/caliweedeurope.com\/de\/author\/"},"uagb_comment_info":0,"uagb_excerpt":"28 grams Watermelon Moon Rocks is delighted to offer its line of high-quality, consistent products. Their deliciously flavored Moonrocks produce otherworldly euphoria. They have developed concentrate covered marijuana buds for folks feeling a little or a lot out of orbit. Clients who prefer a concoction of keif, concentrates, and flowers to calm their ailments will&hellip;","_links":{"self":[{"href":"https:\/\/caliweedeurope.com\/de\/wp-json\/wp\/v2\/product\/1840"}],"collection":[{"href":"https:\/\/caliweedeurope.com\/de\/wp-json\/wp\/v2\/product"}],"about":[{"href":"https:\/\/caliweedeurope.com\/de\/wp-json\/wp\/v2\/types\/product"}],"replies":[{"embeddable":true,"href":"https:\/\/caliweedeurope.com\/de\/wp-json\/wp\/v2\/comments?post=1840"}],"wp:featuredmedia":[{"embeddable":true,"href":"https:\/\/caliweedeurope.com\/de\/wp-json\/wp\/v2\/media\/1845"}],"wp:attachment":[{"href":"https:\/\/caliweedeurope.com\/de\/wp-json\/wp\/v2\/media?parent=1840"}],"wp:term":[{"taxonomy":"product_brand","embeddable":true,"href":"https:\/\/caliweedeurope.com\/de\/wp-json\/wp\/v2\/product_brand?post=1840"},{"taxonomy":"product_cat","embeddable":true,"href":"https:\/\/caliweedeurope.com\/de\/wp-json\/wp\/v2\/product_cat?post=1840"},{"taxonomy":"product_tag","embeddable":true,"href":"https:\/\/caliweedeurope.com\/de\/wp-json\/wp\/v2\/product_tag?post=1840"}],"curies":[{"name":"wp","href":"https:\/\/api.w.org\/{rel}","templated":true}]}}