{"id":1844,"date":"2024-11-06T02:41:01","date_gmt":"2024-11-06T02:41:01","guid":{"rendered":"https:\/\/caliweedeurope.com\/?post_type=product&#038;p=1844"},"modified":"2024-11-06T02:41:09","modified_gmt":"2024-11-06T02:41:09","slug":"pina-colada-moon-rocks-30-gramm","status":"publish","type":"product","link":"https:\/\/caliweedeurope.com\/de\/product\/pina-colada-moon-rocks-30-gramm\/","title":{"rendered":"Pina Colada Moon Rocks 30 Gramm Kaufen"},"content":{"rendered":"<h2>Pina Colada Moon Rocks 30 Gramm Kaufen<\/h2>\n<p>Jede Bestellung enth\u00e4lt 1,1 Gramm Premium Pina Colada Moon Rocks \u2013 Sativa<\/p>\n<p>Besteht aus einer Hybrid-OG-Knospe; gerollt in Co2-\u00d6l und best\u00e4ubt mit goldenem Kief. Gesamt: 1,1 GRAMM plus extra Kief.<\/p>\n<p>F\u00fcr den besten Geschmack und Rauch wird empfohlen, eine Haschischschale oder Pfeife zu verwenden und die Knospe nicht mit einem Grinder zu zerkleinern, da dabei der Gro\u00dfteil des Kiefs verloren geht.<\/p>\n<p>Eine der st\u00e4rksten, langanhaltendsten, geschmackvollsten und einzigartigsten Raucherfahrungen, die Sie finden k\u00f6nnen.<\/p>\n<p>Genie\u00dfe deine Reise zum Mond und zur\u00fcck!<\/p>\n<p>Keine k\u00fcnstlichen Terpene hinzugef\u00fcgt<\/p>","protected":false},"excerpt":{"rendered":"<p>Pina Colada Moon Rocks freut sich, eine Reihe hochwertiger und konsistenter Produkte anzubieten. Ihre k\u00f6stlich aromatisierten Pina Colada Moon Rocks erzeugen eine himmlische Euphorie. Sie haben mit Konzentrat \u00fcberzogene Marihuana-Knospen entwickelt, die f\u00fcr Menschen gedacht sind, die sich ein wenig oder sehr au\u00dfer Kontrolle f\u00fchlen. Kunden, die eine Mischung aus Kief, Konzentraten und Bl\u00fcten bevorzugen, um ihre Beschwerden zu lindern, werden die intensive Euphorie und die k\u00f6stlichen Aromen der Pina Colada Moon Rocks zu sch\u00e4tzen wissen<\/p>","protected":false},"featured_media":1849,"comment_status":"closed","ping_status":"closed","template":"","meta":{"_uag_custom_page_level_css":"","site-sidebar-layout":"default","site-content-layout":"","ast-site-content-layout":"default","site-content-style":"default","site-sidebar-style":"default","ast-global-header-display":"","ast-banner-title-visibility":"","ast-main-header-display":"","ast-hfb-above-header-display":"","ast-hfb-below-header-display":"","ast-hfb-mobile-header-display":"","site-post-title":"","ast-breadcrumbs-content":"","ast-featured-img":"","footer-sml-layout":"","ast-disable-related-posts":"","theme-transparent-header-meta":"","adv-header-id-meta":"","stick-header-meta":"","header-above-stick-meta":"","header-main-stick-meta":"","header-below-stick-meta":"","astra-migrate-meta-layouts":"default","ast-page-background-enabled":"default","ast-page-background-meta":{"desktop":{"background-color":"var(--ast-global-color-5)","background-image":"","background-repeat":"repeat","background-position":"center center","background-size":"auto","background-attachment":"scroll","background-type":"","background-media":"","overlay-type":"","overlay-color":"","overlay-opacity":"","overlay-gradient":""},"tablet":{"background-color":"","background-image":"","background-repeat":"repeat","background-position":"center center","background-size":"auto","background-attachment":"scroll","background-type":"","background-media":"","overlay-type":"","overlay-color":"","overlay-opacity":"","overlay-gradient":""},"mobile":{"background-color":"","background-image":"","background-repeat":"repeat","background-position":"center center","background-size":"auto","background-attachment":"scroll","background-type":"","background-media":"","overlay-type":"","overlay-color":"","overlay-opacity":"","overlay-gradient":""}},"ast-content-background-meta":{"desktop":{"background-color":"var(--ast-global-color-4)","background-image":"","background-repeat":"repeat","background-position":"center center","background-size":"auto","background-attachment":"scroll","background-type":"","background-media":"","overlay-type":"","overlay-color":"","overlay-opacity":"","overlay-gradient":""},"tablet":{"background-color":"var(--ast-global-color-4)","background-image":"","background-repeat":"repeat","background-position":"center center","background-size":"auto","background-attachment":"scroll","background-type":"","background-media":"","overlay-type":"","overlay-color":"","overlay-opacity":"","overlay-gradient":""},"mobile":{"background-color":"var(--ast-global-color-4)","background-image":"","background-repeat":"repeat","background-position":"center center","background-size":"auto","background-attachment":"scroll","background-type":"","background-media":"","overlay-type":"","overlay-color":"","overlay-opacity":"","overlay-gradient":""}}},"product_brand":[],"product_cat":[748],"product_tag":[750,252,253,751,752,753,754,755,756,757,758,759,760,761,762],"class_list":{"0":"post-1844","1":"product","2":"type-product","3":"status-publish","4":"has-post-thumbnail","6":"product_cat-weed-moonrock","7":"product_tag-delta-8-moon-rocks","8":"product_tag-how-to-make-moon-rocks","9":"product_tag-how-to-smoke-moon-rocks","10":"product_tag-is-moon-rock-weed","11":"product_tag-moon-rock","12":"product_tag-moon-rock-weed","13":"product_tag-moon-rocks","14":"product_tag-moon-rocks-for-sale","15":"product_tag-moon-rocks-marijuana","16":"product_tag-moon-rocks-near-me","17":"product_tag-moon-rocks-thc","18":"product_tag-moon-rocks-weed","19":"product_tag-purple-moon-rocks","20":"product_tag-weed-moon-rock","21":"product_tag-what-are-moon-rocks","22":"desktop-align-center","23":"tablet-align-left","24":"mobile-align-left","26":"first","27":"instock","28":"sale","29":"shipping-taxable","30":"purchasable","31":"product-type-simple"},"uagb_featured_image_src":{"full":["https:\/\/caliweedeurope.com\/wp-content\/uploads\/2024\/11\/Moon-Rock-Pina-Colada.jpeg",600,600,false],"thumbnail":["https:\/\/caliweedeurope.com\/wp-content\/uploads\/2024\/11\/Moon-Rock-Pina-Colada-150x150.jpeg",150,150,true],"medium":["https:\/\/caliweedeurope.com\/wp-content\/uploads\/2024\/11\/Moon-Rock-Pina-Colada-300x300.jpeg",300,300,true],"medium_large":["https:\/\/caliweedeurope.com\/wp-content\/uploads\/2024\/11\/Moon-Rock-Pina-Colada.jpeg",600,600,false],"large":["https:\/\/caliweedeurope.com\/wp-content\/uploads\/2024\/11\/Moon-Rock-Pina-Colada.jpeg",600,600,false],"1536x1536":["https:\/\/caliweedeurope.com\/wp-content\/uploads\/2024\/11\/Moon-Rock-Pina-Colada.jpeg",600,600,false],"2048x2048":["https:\/\/caliweedeurope.com\/wp-content\/uploads\/2024\/11\/Moon-Rock-Pina-Colada.jpeg",600,600,false],"trp-custom-language-flag":["https:\/\/caliweedeurope.com\/wp-content\/uploads\/2024\/11\/Moon-Rock-Pina-Colada.jpeg",12,12,false],"woocommerce_thumbnail":["https:\/\/caliweedeurope.com\/wp-content\/uploads\/2024\/11\/Moon-Rock-Pina-Colada-300x300.jpeg",300,300,true],"woocommerce_single":["https:\/\/caliweedeurope.com\/wp-content\/uploads\/2024\/11\/Moon-Rock-Pina-Colada.jpeg",600,600,false],"woocommerce_gallery_thumbnail":["https:\/\/caliweedeurope.com\/wp-content\/uploads\/2024\/11\/Moon-Rock-Pina-Colada-100x100.jpeg",100,100,true]},"uagb_author_info":{"display_name":"jetskiforsaleuk@gmail.com","author_link":"https:\/\/caliweedeurope.com\/de\/author\/"},"uagb_comment_info":0,"uagb_excerpt":"Pina Colada Moon Rocks is delighted to offer its line of high-quality, consistent products. Their deliciously flavored Pina Colada Moon Rocks produce otherworldly euphoria. They have developed concentrate covered marijuana buds for folks feeling a little or a lot out of orbit. Clients who prefer a concoction of keif, concentrates, and flowers to calm their&hellip;","_links":{"self":[{"href":"https:\/\/caliweedeurope.com\/de\/wp-json\/wp\/v2\/product\/1844"}],"collection":[{"href":"https:\/\/caliweedeurope.com\/de\/wp-json\/wp\/v2\/product"}],"about":[{"href":"https:\/\/caliweedeurope.com\/de\/wp-json\/wp\/v2\/types\/product"}],"replies":[{"embeddable":true,"href":"https:\/\/caliweedeurope.com\/de\/wp-json\/wp\/v2\/comments?post=1844"}],"wp:featuredmedia":[{"embeddable":true,"href":"https:\/\/caliweedeurope.com\/de\/wp-json\/wp\/v2\/media\/1849"}],"wp:attachment":[{"href":"https:\/\/caliweedeurope.com\/de\/wp-json\/wp\/v2\/media?parent=1844"}],"wp:term":[{"taxonomy":"product_brand","embeddable":true,"href":"https:\/\/caliweedeurope.com\/de\/wp-json\/wp\/v2\/product_brand?post=1844"},{"taxonomy":"product_cat","embeddable":true,"href":"https:\/\/caliweedeurope.com\/de\/wp-json\/wp\/v2\/product_cat?post=1844"},{"taxonomy":"product_tag","embeddable":true,"href":"https:\/\/caliweedeurope.com\/de\/wp-json\/wp\/v2\/product_tag?post=1844"}],"curies":[{"name":"wp","href":"https:\/\/api.w.org\/{rel}","templated":true}]}}