{"id":1191,"date":"2024-11-03T21:31:25","date_gmt":"2024-11-03T21:31:25","guid":{"rendered":"https:\/\/caliweedeurope.com\/?post_type=product&#038;p=1191"},"modified":"2024-11-03T21:31:28","modified_gmt":"2024-11-03T21:31:28","slug":"zaza-weed-strain","status":"publish","type":"product","link":"https:\/\/caliweedeurope.com\/es\/product\/zaza-weed-strain\/","title":{"rendered":"zaza weed strain"},"content":{"rendered":"<p class=\"translation-block\">ZaZa weed es una cepa de marihuana <a href=\"https:\/\/www.leafly.com\/strains\/lists\/category\/hybrid\" target=\"_blank\" rel=\"noopener\">h\u00edbrida<\/a> obtenida mediante el cruce de las potentes cepas Blue Dream X Rare Dankness. Conocida por su efecto s\u00faper sedante y de larga duraci\u00f3n, ZaZa es la cepa perfecta para quienes necesitan una ayuda adicional para dormir por la noche.<\/p>\n<h2 style=\"text-align: center\">\u00bfCu\u00e1l es el significado de ZAZA?<\/h2>\n<p>Zaza es tanto una cepa h\u00edbrida de cannabis como una referencia urbana a la marihuana ex\u00f3tica o de alta calidad. Tambi\u00e9n representa las variedades m\u00e1s nuevas y geniales en el mercado.<\/p>\n<p>\u00bfSab\u00edas que se han identificado m\u00e1s de 800 variedades de cannabis? La marihuana ex\u00f3tica se refiere a cepas poco comunes o raras que tienen atributos deseables. Un buen cultivador sabe que la elecci\u00f3n de las semillas y el conocimiento gen\u00e9tico son factores importantes al crear una cepa ex\u00f3tica. Debe estar bien curada, ser visualmente atractiva y estar cubierta de tricomas brillantes. Otro factor que determina que la marihuana sea ex\u00f3tica es su exclusividad o disponibilidad limitada.<\/p>\n<p>California es uno de los mayores mercados de cannabis del mundo, as\u00ed que seguramente encontrar\u00e1s marihuana Zaza que se ajuste a tus gustos.<\/p>\n<p>ZaZa es una excelente opci\u00f3n para cultivadores dom\u00e9sticos de todos los niveles de experiencia, ya que su estructura es muy f\u00e1cil de podar y las plantas crecen con una alta relaci\u00f3n c\u00e1liz-hoja. ZaZa produce un rendimiento muy elevado. Tanto el cultivo en interiores como en exteriores da plantas extra grandes, y despu\u00e9s de 8 a 10 semanas estar\u00e1s listo para cosechar tus frosted ZaZa Nugs. ZaZa tiene un olor que recuerda al combustible qu\u00edmico Diesel con un toque c\u00edtrico de lim\u00f3n. Las flores pungentes tambi\u00e9n desprenden olores de pino terroso, almizcle y un toque de sudor. Mientras las flores est\u00e9n correctamente curadas, esta variedad tiene un humo suave que sabe a gas \u00e1cido al inhalarse. Al exhalar, el humo de ZaZa revela su caracter\u00edstico sabor qu\u00edmico de Diesel con un toque de lim\u00f3n amoniacal que golpea la parte superior del paladar. <a href=\"http:\/\/legitweeddispensary.com\/\" target=\"_blank\" rel=\"noopener\">Tienda de marihuana de los Pa\u00edses Bajos<\/a><\/p>\n<h6>Ex\u00f3tico, o hierba ex\u00f3tica, es un t\u00e9rmino coloquial para el cannabis de alta potencia popular en la cultura urbana y la m\u00fasica rap. Tambi\u00e9n se conoce como 'zaza'.<\/h6>\n<h3>COMPRA STRAINS ZAZA EN L\u00cdNEA | RESE\u00d1A DE STRAIN ZAZA<\/h3>\n<p>El high comienza con una lenta acumulaci\u00f3n de efectos, llenando tu mente con una sensaci\u00f3n alegre que crece y se expande despu\u00e9s de tu \u00faltimo exhalar. Te sentir\u00e1s mentalmente relajado y sin preocupaciones en el mundo. Zaza weed strain.<\/p>\n<p>Este mareo pronto se extender\u00e1 por todo tu cuerpo, llev\u00e1ndote a un estado ligeramente 'couch-locked', que tambi\u00e9n es fuertemente sedante.<\/p>\n<h3>\u00bfCU\u00c1L ES EL SIGNIFICADO DEL SLANG ZAZA?<\/h3>\n<p class=\"translation-block\">El t\u00e9rmino de jerga \u201cZa\u201d y \u201cZaza\u201d (algo escrito como Za Za) es un sustantivo, utilizado en la m\u00fasica rap y la cultura para hacer referencia a buena marihuana.<\/p>\n<h2>PRECIOS DE LA WEED ZAZA<\/h2>\n<p>Buena marihuana es muy rara y costosa, la mayor\u00eda de los raperos disfrutan fumar esta mejor marihuana ex\u00f3tica debido a sus terpenos. Los consumidores tambi\u00e9n son advertidos del costo debido a su autenticidad. Precio de la variedad Zaza, la mayor\u00eda de los dispensarios en California ofrecen estas cepas s\u00faper potentes por 50 $ por 3,5 gramos y m\u00e1s por los mejores ex\u00f3ticos de California.<\/p>\n<h3>VARIEDAD ZAZA EN VENTA ONLINE | WEED ZAZA EN VENTA ONLINE<\/h3>\n<p class=\"translation-block\">Disfruta de estos super <a href=\"https:\/\/deligentman.com\/marijuana-flowers-uk-with-worldwide-deliveries\/\" target=\"_blank\" rel=\"noopener\">sabores ex\u00f3ticos<\/a> de nuestra parte, Zaza weed en venta online, compra Zaza droga online, ordena Zaza real online, revisi\u00f3n de la cepa Zaza weed, compra cepas de Zaza weed online barato, d\u00f3nde comprar Zaza weed online, d\u00f3nde comprar Zaza cerca de m\u00ed, d\u00f3nde comprar Zaza online, Zaza weed cerca de m\u00ed. <a href=\"http:\/\/hempbudswholesale.com\/\" target=\"_blank\" rel=\"noopener\">Venta al por mayor de flores de c\u00e1\u00f1amo<\/a><\/p>\n<h6>Nuestras Variedades de Weed Ex\u00f3ticas y Productos M\u00e1s Populares<\/h6>\n<div class=\"LinkSuggestion__LinkSuggestionWrapper-sc-1mdih4x-0 hhaFbj\"><a class=\"LinkSuggestion__Link-sc-1mdih4x-2 jZPuuT\" href=\"https:\/\/deligentman.com\/product\/buy-pink-runtz-pink-runtz-dispensary-order-pink-runtz-online\/\" target=\"_blank\" rel=\"noopener\">Buy Pink Runtz<span class=\"A11yNotice-u1v0gg-0 dWDZbM\">(Opens in a new browser tab)<\/span><\/a><\/div>\n<div class=\"LinkSuggestion__LinkSuggestionWrapper-sc-1mdih4x-0 hhaFbj\"><a class=\"LinkSuggestion__Link-sc-1mdih4x-2 jZPuuT\" href=\"https:\/\/deligentman.com\/product\/banana-runtz-buy-banana-runtz-strain\/\" target=\"_blank\" rel=\"noopener\">Compra Banana Runtz<span class=\"A11yNotice-u1v0gg-0 dWDZbM\">(Opens in a new browser tab)<\/span><\/a><\/div>\n<div class=\"LinkSuggestion__LinkSuggestionWrapper-sc-1mdih4x-0 hhaFbj\"><a class=\"LinkSuggestion__Link-sc-1mdih4x-2 jZPuuT\" href=\"https:\/\/deligentman.com\/product\/stiiizy-sky-og\/\" target=\"_blank\" rel=\"noopener\">Stiiizy (Sky og)<span class=\"A11yNotice-u1v0gg-0 dWDZbM\">(Opens in a new browser tab)<\/span><\/a><\/div>\n<div class=\"LinkSuggestion__LinkSuggestionWrapper-sc-1mdih4x-0 hhaFbj\"><a class=\"LinkSuggestion__Link-sc-1mdih4x-2 jZPuuT\" href=\"https:\/\/deligentman.com\/product\/strawberry-lemonade-wax\/\" target=\"_blank\" rel=\"noopener\">Strawberry Lemonade Wax<span class=\"A11yNotice-u1v0gg-0 dWDZbM\">(Opens in a new browser tab)<\/span><\/a><\/div>\n<div class=\"LinkSuggestion__LinkSuggestionWrapper-sc-1mdih4x-0 hhaFbj\"><a class=\"LinkSuggestion__Link-sc-1mdih4x-2 jZPuuT\" href=\"https:\/\/deligentman.com\/product\/buy-backpack-boyz-online-where-to-order-backpack-boyz-uk\/\" target=\"_blank\" rel=\"noopener\">backpack boyz<span class=\"A11yNotice-u1v0gg-0 dWDZbM\">(Opens in a new browser tab)<\/span><\/a><\/div>\n<div class=\"LinkSuggestion__LinkSuggestionWrapper-sc-1mdih4x-0 hhaFbj\"><a class=\"LinkSuggestion__Link-sc-1mdih4x-2 jZPuuT\" href=\"https:\/\/deligentman.com\/product\/white-fire-og\/\" target=\"_blank\" rel=\"noopener\">White fire og<span class=\"A11yNotice-u1v0gg-0 dWDZbM\">(Opens in a new browser tab)<\/span><\/a><\/div>\n<div class=\"LinkSuggestion__LinkSuggestionWrapper-sc-1mdih4x-0 hhaFbj\"><a class=\"LinkSuggestion__Link-sc-1mdih4x-2 jZPuuT\" href=\"https:\/\/deligentman.com\/buy-marijuana-online-worldwide\/\" target=\"_blank\" rel=\"noopener\">buy marijuana online with worldwide shipping 2021<span class=\"A11yNotice-u1v0gg-0 dWDZbM\">(Opens in a new browser tab)<\/span><\/a><\/div>\n<div class=\"LinkSuggestion__LinkSuggestionWrapper-sc-1mdih4x-0 hhaFbj\"><a class=\"LinkSuggestion__Link-sc-1mdih4x-2 jZPuuT\" href=\"https:\/\/deligentman.com\/product\/martian-rocks-weed-where-to-buy\/\" target=\"_blank\" rel=\"noopener\">Martian rocks weed where to buy<span class=\"A11yNotice-u1v0gg-0 dWDZbM\">(Opens in a new browser tab)<\/span><\/a><\/div>\n<div class=\"LinkSuggestion__LinkSuggestionWrapper-sc-1mdih4x-0 hhaFbj\"><a class=\"LinkSuggestion__Link-sc-1mdih4x-2 jZPuuT\" href=\"https:\/\/deligentman.com\/mail-order-weed-online-uk\/\" target=\"_blank\" rel=\"noopener\">Mail Order weed online UK<span class=\"A11yNotice-u1v0gg-0 dWDZbM\">(Opens in a new browser tab)<\/span><\/a><\/div>\n<div class=\"LinkSuggestion__LinkSuggestionWrapper-sc-1mdih4x-0 hhaFbj\"><a class=\"LinkSuggestion__Link-sc-1mdih4x-2 jZPuuT\" href=\"https:\/\/deligentman.com\/product\/buy-pounds-of-og-kush-weed-online\/\" target=\"_blank\" rel=\"noopener\">Comprar libras de marihuana OG Kush en l\u00ednea<\/a><\/div>","protected":false},"excerpt":{"rendered":"<h2 id=\"h-why-is-weed-called-zaza\">\u00bfPor qu\u00e9 se llama Zaza a la marihuana?<\/h2>\n<p>La popularidad de las cepas ex\u00f3ticas de marihuana las convierte en la inspiraci\u00f3n perfecta para los artistas de la cultura pop. En las letras de rap y en las redes sociales, ex\u00f3tico se suele abreviar a 'zaza'.<\/p>\n<p>Trippie Redd rape\u00f3: 'Fumo Zaza, estoy en La La de esos \u00e1rboles' en 'Weeeeee', y 21 Savage dijo que estaba fumando 'Zaza' en 'Runnin'.<\/p>\n<p class=\"translation-block\">Lee m\u00e1s sobre la <a href=\"https:\/\/deligentman.com\/zaza-weed\/\" target=\"_self\">cepa Zaza<\/a> y las rese\u00f1as<\/p>","protected":false},"featured_media":1221,"comment_status":"closed","ping_status":"closed","template":"","meta":{"_uag_custom_page_level_css":"","site-sidebar-layout":"default","site-content-layout":"","ast-site-content-layout":"","site-content-style":"default","site-sidebar-style":"default","ast-global-header-display":"","ast-banner-title-visibility":"","ast-main-header-display":"","ast-hfb-above-header-display":"","ast-hfb-below-header-display":"","ast-hfb-mobile-header-display":"","site-post-title":"","ast-breadcrumbs-content":"","ast-featured-img":"","footer-sml-layout":"","theme-transparent-header-meta":"","adv-header-id-meta":"","stick-header-meta":"","header-above-stick-meta":"","header-main-stick-meta":"","header-below-stick-meta":"","astra-migrate-meta-layouts":"default","ast-page-background-enabled":"default","ast-page-background-meta":{"desktop":{"background-color":"var(--ast-global-color-4)","background-image":"","background-repeat":"repeat","background-position":"center center","background-size":"auto","background-attachment":"scroll","background-type":"","background-media":"","overlay-type":"","overlay-color":"","overlay-opacity":"","overlay-gradient":""},"tablet":{"background-color":"","background-image":"","background-repeat":"repeat","background-position":"center center","background-size":"auto","background-attachment":"scroll","background-type":"","background-media":"","overlay-type":"","overlay-color":"","overlay-opacity":"","overlay-gradient":""},"mobile":{"background-color":"","background-image":"","background-repeat":"repeat","background-position":"center center","background-size":"auto","background-attachment":"scroll","background-type":"","background-media":"","overlay-type":"","overlay-color":"","overlay-opacity":"","overlay-gradient":""}},"ast-content-background-meta":{"desktop":{"background-color":"var(--ast-global-color-5)","background-image":"","background-repeat":"repeat","background-position":"center center","background-size":"auto","background-attachment":"scroll","background-type":"","background-media":"","overlay-type":"","overlay-color":"","overlay-opacity":"","overlay-gradient":""},"tablet":{"background-color":"var(--ast-global-color-5)","background-image":"","background-repeat":"repeat","background-position":"center center","background-size":"auto","background-attachment":"scroll","background-type":"","background-media":"","overlay-type":"","overlay-color":"","overlay-opacity":"","overlay-gradient":""},"mobile":{"background-color":"var(--ast-global-color-5)","background-image":"","background-repeat":"repeat","background-position":"center center","background-size":"auto","background-attachment":"scroll","background-type":"","background-media":"","overlay-type":"","overlay-color":"","overlay-opacity":"","overlay-gradient":""}}},"product_brand":[],"product_cat":[22],"product_tag":[23,24,25,26,27],"class_list":{"0":"post-1191","1":"product","2":"type-product","3":"status-publish","4":"has-post-thumbnail","6":"product_cat-hybrid","7":"product_tag-real-zaza-strain","8":"product_tag-what-is-zaza","9":"product_tag-zaza-marijuana","10":"product_tag-zaza-weed","11":"product_tag-zaza-weed-strain","12":"desktop-align-center","13":"tablet-align-left","14":"mobile-align-left","16":"first","17":"instock","18":"sale","19":"shipping-taxable","20":"purchasable","21":"product-type-simple"},"uagb_featured_image_src":{"full":["https:\/\/caliweedeurope.com\/wp-content\/uploads\/2024\/11\/Zaza-weed-strain.jpeg",1125,1478,false],"thumbnail":["https:\/\/caliweedeurope.com\/wp-content\/uploads\/2024\/11\/Zaza-weed-strain-150x150.jpeg",150,150,true],"medium":["https:\/\/caliweedeurope.com\/wp-content\/uploads\/2024\/11\/Zaza-weed-strain-228x300.jpeg",228,300,true],"medium_large":["https:\/\/caliweedeurope.com\/wp-content\/uploads\/2024\/11\/Zaza-weed-strain-768x1009.jpeg",768,1009,true],"large":["https:\/\/caliweedeurope.com\/wp-content\/uploads\/2024\/11\/Zaza-weed-strain-779x1024.jpeg",779,1024,true],"1536x1536":["https:\/\/caliweedeurope.com\/wp-content\/uploads\/2024\/11\/Zaza-weed-strain.jpeg",1125,1478,false],"2048x2048":["https:\/\/caliweedeurope.com\/wp-content\/uploads\/2024\/11\/Zaza-weed-strain.jpeg",1125,1478,false],"trp-custom-language-flag":["https:\/\/caliweedeurope.com\/wp-content\/uploads\/2024\/11\/Zaza-weed-strain.jpeg",9,12,false],"woocommerce_thumbnail":["https:\/\/caliweedeurope.com\/wp-content\/uploads\/2024\/11\/Zaza-weed-strain-300x300.jpeg",300,300,true],"woocommerce_single":["https:\/\/caliweedeurope.com\/wp-content\/uploads\/2024\/11\/Zaza-weed-strain-600x788.jpeg",600,788,true],"woocommerce_gallery_thumbnail":["https:\/\/caliweedeurope.com\/wp-content\/uploads\/2024\/11\/Zaza-weed-strain-100x100.jpeg",100,100,true]},"uagb_author_info":{"display_name":"jetskiforsaleuk@gmail.com","author_link":"https:\/\/caliweedeurope.com\/es\/author\/"},"uagb_comment_info":0,"uagb_excerpt":"Why is weed called zaza? The popularity of exotic weed strains makes them the perfect inspiration for pop culture artists. In rap lyrics and social media, exotic is often shortened to \u201czaza.\u201d Trippie Redd rapped, \u201cI smoke Zaza I\u2019m in La La off them trees\u201d in \u201cWeeeeee,\u201d and 21 Savage said he was, \u201csmokin on&hellip;","_links":{"self":[{"href":"https:\/\/caliweedeurope.com\/es\/wp-json\/wp\/v2\/product\/1191"}],"collection":[{"href":"https:\/\/caliweedeurope.com\/es\/wp-json\/wp\/v2\/product"}],"about":[{"href":"https:\/\/caliweedeurope.com\/es\/wp-json\/wp\/v2\/types\/product"}],"replies":[{"embeddable":true,"href":"https:\/\/caliweedeurope.com\/es\/wp-json\/wp\/v2\/comments?post=1191"}],"wp:featuredmedia":[{"embeddable":true,"href":"https:\/\/caliweedeurope.com\/es\/wp-json\/wp\/v2\/media\/1221"}],"wp:attachment":[{"href":"https:\/\/caliweedeurope.com\/es\/wp-json\/wp\/v2\/media?parent=1191"}],"wp:term":[{"taxonomy":"product_brand","embeddable":true,"href":"https:\/\/caliweedeurope.com\/es\/wp-json\/wp\/v2\/product_brand?post=1191"},{"taxonomy":"product_cat","embeddable":true,"href":"https:\/\/caliweedeurope.com\/es\/wp-json\/wp\/v2\/product_cat?post=1191"},{"taxonomy":"product_tag","embeddable":true,"href":"https:\/\/caliweedeurope.com\/es\/wp-json\/wp\/v2\/product_tag?post=1191"}],"curies":[{"name":"wp","href":"https:\/\/api.w.org\/{rel}","templated":true}]}}