{"id":1207,"date":"2024-11-03T21:31:25","date_gmt":"2024-11-03T21:31:25","guid":{"rendered":"https:\/\/caliweedeurope.com\/?post_type=product&#038;p=1207"},"modified":"2024-11-03T21:31:44","modified_gmt":"2024-11-03T21:31:44","slug":"moroccan-hash","status":"publish","type":"product","link":"https:\/\/caliweedeurope.com\/es\/product\/moroccan-hash\/","title":{"rendered":"moroccan hash"},"content":{"rendered":"<p> Puedes comprar hach\u00eds marroqu\u00ed en l\u00ednea. El hach\u00eds marroqu\u00ed es un producto extra\u00eddo de la cannabis. Est\u00e1 compuesto por preparaciones comprimidas o purificadas de las gl\u00e1ndulas resinosa de los tallos. El hach\u00eds marroqu\u00ed Primero es de color marr\u00f3n claro a oscuro, pero a veces ver\u00e1s un matiz verdoso en su interior. Debido a la temporada de cultivo relativamente corta de la marihuana, las plantas de cannabis retienen un buen color verde en el momento de la cosecha. Hach\u00eds marroqu\u00ed Slate legal a la venta en l\u00ednea. Esto produce aproximadamente 15.000 toneladas de hach\u00eds, que se exportan a Europa (especialmente a Espa\u00f1a, Francia, B\u00e9lgica, Pa\u00edses Bajos, Alemania, Suiza e Italia). Color: Verde a marr\u00f3n. Comprar hach\u00eds marroqu\u00ed, comprar hach\u00eds marroqu\u00ed, comprar hach\u00eds marroqu\u00ed en l\u00ednea USA, comprar hach\u00eds marroqu\u00ed en l\u00ednea UK, hach\u00eds marroqu\u00ed cerca de m\u00ed, d\u00f3nde comprar hach\u00eds marroqu\u00ed cerca de m\u00ed, ordenar hach\u00eds en l\u00ednea USA o ordenar hach\u00eds en l\u00ednea UK.<\/p>","protected":false},"excerpt":{"rendered":"<p>Compra hach\u00eds marroqu\u00ed en l\u00ednea Reino Unido, un producto extra\u00eddo compuesto por preparaciones comprimidas o purificadas de las gl\u00e1ndulas de resina de los tallos, llamadas tricomas, de la planta de cannabis.<br \/> Sin embargo, contiene los mismos ingredientes activos que la marihuana, como el tetrahidrocannabinol (THC). Tambi\u00e9n contiene cannabinoides, pero a menudo en concentraciones m\u00e1s altas que los cogollos sin tamizar.<br \/> Hasch\u00eds: s\u00f3lido o resinoso dependiendo de la preparaci\u00f3n, generalmente s\u00f3lido para el hasch\u00eds prensado. Mientras que el hasch\u00eds purificado con agua, a menudo llamado 'bubble melt hash', es una sustancia similar a una pasta con dureza y flexibilidad variables; su color, generalmente de marr\u00f3n claro a marr\u00f3n oscuro, puede variar de transparente a amarillo, marr\u00f3n, negro o rojo. Todo depende del proceso y la cantidad de disolvente restante. Cont\u00e1ctanos<\/p>","protected":false},"featured_media":1229,"comment_status":"closed","ping_status":"closed","template":"","meta":{"_uag_custom_page_level_css":"","site-sidebar-layout":"default","site-content-layout":"","ast-site-content-layout":"","site-content-style":"default","site-sidebar-style":"default","ast-global-header-display":"","ast-banner-title-visibility":"","ast-main-header-display":"","ast-hfb-above-header-display":"","ast-hfb-below-header-display":"","ast-hfb-mobile-header-display":"","site-post-title":"","ast-breadcrumbs-content":"","ast-featured-img":"","footer-sml-layout":"","theme-transparent-header-meta":"","adv-header-id-meta":"","stick-header-meta":"","header-above-stick-meta":"","header-main-stick-meta":"","header-below-stick-meta":"","astra-migrate-meta-layouts":"default","ast-page-background-enabled":"default","ast-page-background-meta":{"desktop":{"background-color":"var(--ast-global-color-4)","background-image":"","background-repeat":"repeat","background-position":"center center","background-size":"auto","background-attachment":"scroll","background-type":"","background-media":"","overlay-type":"","overlay-color":"","overlay-opacity":"","overlay-gradient":""},"tablet":{"background-color":"","background-image":"","background-repeat":"repeat","background-position":"center center","background-size":"auto","background-attachment":"scroll","background-type":"","background-media":"","overlay-type":"","overlay-color":"","overlay-opacity":"","overlay-gradient":""},"mobile":{"background-color":"","background-image":"","background-repeat":"repeat","background-position":"center center","background-size":"auto","background-attachment":"scroll","background-type":"","background-media":"","overlay-type":"","overlay-color":"","overlay-opacity":"","overlay-gradient":""}},"ast-content-background-meta":{"desktop":{"background-color":"var(--ast-global-color-5)","background-image":"","background-repeat":"repeat","background-position":"center center","background-size":"auto","background-attachment":"scroll","background-type":"","background-media":"","overlay-type":"","overlay-color":"","overlay-opacity":"","overlay-gradient":""},"tablet":{"background-color":"var(--ast-global-color-5)","background-image":"","background-repeat":"repeat","background-position":"center center","background-size":"auto","background-attachment":"scroll","background-type":"","background-media":"","overlay-type":"","overlay-color":"","overlay-opacity":"","overlay-gradient":""},"mobile":{"background-color":"var(--ast-global-color-5)","background-image":"","background-repeat":"repeat","background-position":"center center","background-size":"auto","background-attachment":"scroll","background-type":"","background-media":"","overlay-type":"","overlay-color":"","overlay-opacity":"","overlay-gradient":""}}},"product_brand":[],"product_cat":[77],"product_tag":[78,79,80,81,82,83],"class_list":{"0":"post-1207","1":"product","2":"type-product","3":"status-publish","4":"has-post-thumbnail","6":"product_cat-buy-hash-online","7":"product_tag-buy-moroccan-hash","8":"product_tag-buy-moroccan-hash-online-usa","9":"product_tag-moroccan-hash-for-sale","10":"product_tag-moroccan-hash-near-me","11":"product_tag-order-hash-online-usa","12":"product_tag-where-to-buy-hash","13":"desktop-align-center","14":"tablet-align-left","15":"mobile-align-left","17":"first","18":"instock","19":"shipping-taxable","20":"purchasable","21":"product-type-variable"},"uagb_featured_image_src":{"full":["https:\/\/caliweedeurope.com\/wp-content\/uploads\/2024\/11\/Diamond-Moroccan-Hash-600x600-1.jpg",600,600,false],"thumbnail":["https:\/\/caliweedeurope.com\/wp-content\/uploads\/2024\/11\/Diamond-Moroccan-Hash-600x600-1-150x150.jpg",150,150,true],"medium":["https:\/\/caliweedeurope.com\/wp-content\/uploads\/2024\/11\/Diamond-Moroccan-Hash-600x600-1-300x300.jpg",300,300,true],"medium_large":["https:\/\/caliweedeurope.com\/wp-content\/uploads\/2024\/11\/Diamond-Moroccan-Hash-600x600-1.jpg",600,600,false],"large":["https:\/\/caliweedeurope.com\/wp-content\/uploads\/2024\/11\/Diamond-Moroccan-Hash-600x600-1.jpg",600,600,false],"1536x1536":["https:\/\/caliweedeurope.com\/wp-content\/uploads\/2024\/11\/Diamond-Moroccan-Hash-600x600-1.jpg",600,600,false],"2048x2048":["https:\/\/caliweedeurope.com\/wp-content\/uploads\/2024\/11\/Diamond-Moroccan-Hash-600x600-1.jpg",600,600,false],"trp-custom-language-flag":["https:\/\/caliweedeurope.com\/wp-content\/uploads\/2024\/11\/Diamond-Moroccan-Hash-600x600-1.jpg",12,12,false],"woocommerce_thumbnail":["https:\/\/caliweedeurope.com\/wp-content\/uploads\/2024\/11\/Diamond-Moroccan-Hash-600x600-1-300x300.jpg",300,300,true],"woocommerce_single":["https:\/\/caliweedeurope.com\/wp-content\/uploads\/2024\/11\/Diamond-Moroccan-Hash-600x600-1.jpg",600,600,false],"woocommerce_gallery_thumbnail":["https:\/\/caliweedeurope.com\/wp-content\/uploads\/2024\/11\/Diamond-Moroccan-Hash-600x600-1-100x100.jpg",100,100,true]},"uagb_author_info":{"display_name":"jetskiforsaleuk@gmail.com","author_link":"https:\/\/caliweedeurope.com\/es\/author\/"},"uagb_comment_info":0,"uagb_excerpt":"Buy moroccan hash online uk, An extracted product composed of compressed or purified preparations of stalked resin glands, called trichomes, from the cannabis plant. It, however, contains the same active ingredients as marijuana as tetrahydrocannabinol (THC). Also, contains cannabinoids, but often in higher concentrations than the unsifted buds. Hashish \u2013 solid or resinous depending on&hellip;","_links":{"self":[{"href":"https:\/\/caliweedeurope.com\/es\/wp-json\/wp\/v2\/product\/1207"}],"collection":[{"href":"https:\/\/caliweedeurope.com\/es\/wp-json\/wp\/v2\/product"}],"about":[{"href":"https:\/\/caliweedeurope.com\/es\/wp-json\/wp\/v2\/types\/product"}],"replies":[{"embeddable":true,"href":"https:\/\/caliweedeurope.com\/es\/wp-json\/wp\/v2\/comments?post=1207"}],"wp:featuredmedia":[{"embeddable":true,"href":"https:\/\/caliweedeurope.com\/es\/wp-json\/wp\/v2\/media\/1229"}],"wp:attachment":[{"href":"https:\/\/caliweedeurope.com\/es\/wp-json\/wp\/v2\/media?parent=1207"}],"wp:term":[{"taxonomy":"product_brand","embeddable":true,"href":"https:\/\/caliweedeurope.com\/es\/wp-json\/wp\/v2\/product_brand?post=1207"},{"taxonomy":"product_cat","embeddable":true,"href":"https:\/\/caliweedeurope.com\/es\/wp-json\/wp\/v2\/product_cat?post=1207"},{"taxonomy":"product_tag","embeddable":true,"href":"https:\/\/caliweedeurope.com\/es\/wp-json\/wp\/v2\/product_tag?post=1207"}],"curies":[{"name":"wp","href":"https:\/\/api.w.org\/{rel}","templated":true}]}}