{"id":1237,"date":"2024-11-03T21:31:45","date_gmt":"2024-11-03T21:31:45","guid":{"rendered":"https:\/\/caliweedeurope.com\/?post_type=product&#038;p=1237"},"modified":"2024-11-03T21:32:06","modified_gmt":"2024-11-03T21:32:06","slug":"smart-buds-dosi-og","status":"publish","type":"product","link":"https:\/\/caliweedeurope.com\/es\/product\/smart-buds-dosi-og\/","title":{"rendered":"Smart Buds (Dosi Og)"},"content":{"rendered":"<p>Latas Smart Buds a la venta. El cannabis es una droga herbal que se hace a partir de la planta de cannabis. Contiene productos qu\u00edmicos llamados cannabinoides. Los cannabinoides afectan el sistema nervioso central, que incluye el cerebro y los nervios. Los cannabinoides se encuentran en los niveles m\u00e1s altos en las hojas y flores del cannabis. Estas son las partes de la planta utilizadas para fabricar medicamentos. No confunda el cannabis con el c\u00e1\u00f1amo. El c\u00e1\u00f1amo es una planta similar, pero se cultiva para las partes rugosas de la planta (las fibras) y para las semillas. El c\u00e1\u00f1amo contiene niveles muy bajos de delta-9-tetrahidrocannabinol (THC), menos del 0,3%. Tanto el c\u00e1\u00f1amo como el cannabis tambi\u00e9n contienen otros cannabinoides que a veces se utilizan como medicamentos. Consulte temas espec\u00edficos para obtener informaci\u00f3n sobre cannabidiol (CBD), cannabidivarina (CBDV), cannabigerol (CBG) y tetrahidrocannabivarina (THCV).<\/p>\n<p>Algunas personas toman extracto de cannabis por v\u00eda oral o como un spray para aplicar bajo la lengua para el dolor y los s\u00edntomas de la esclerosis m\u00faltiple.<\/p>\n<p>Las personas inhalan cannabis para las n\u00e1useas, el v\u00f3mito, una enfermedad ocular llamada glaucoma y muchas otras afecciones, pero no hay buenas pruebas cient\u00edficas que respalden estos usos.<\/p>\n<p>Algunas personas tambi\u00e9n usan cannabis para sentirse bien. En este caso se utiliza como una \"droga recreativa\" y se toma por v\u00eda oral o se fuma (se inhala).<\/p>\n<p>En los Estados Unidos, el cannabis es ilegal seg\u00fan la ley federal. Se clasifica como una sustancia controlada de la Lista I. Sin embargo, algunos estados, incluidos California, Colorado, Washington, Oreg\u00f3n, Arizona y otros, han legalizado o despenalizado el uso del cannabis. Algunos pa\u00edses, como Canad\u00e1, tambi\u00e9n han legalizado el uso del cannabis. Latas de Smart Buds a la venta.<\/p>\n<p class=\"translation-block\">\u00bfC\u00f3mo funciona?<br> El cannabis contiene productos qu\u00edmicos que se unen a sitios espec\u00edficos en el cerebro y en los nervios.<\/p>","protected":false},"excerpt":{"rendered":"<p>smart buds tins for sale. Cannabis is an herbal drug that is make from the Cannabis plant. It contains chemicals called cannabinoids. Cannabinoids affect the central nervous system, which includes the brain and nerves. Cannabinoids are found in the highest levels in the leaves and flowers of cannabis. These are the parts of the herb [&hellip;]<\/p>","protected":false},"featured_media":1265,"comment_status":"closed","ping_status":"closed","template":"","meta":{"_uag_custom_page_level_css":"","site-sidebar-layout":"default","site-content-layout":"","ast-site-content-layout":"","site-content-style":"default","site-sidebar-style":"default","ast-global-header-display":"","ast-banner-title-visibility":"","ast-main-header-display":"","ast-hfb-above-header-display":"","ast-hfb-below-header-display":"","ast-hfb-mobile-header-display":"","site-post-title":"","ast-breadcrumbs-content":"","ast-featured-img":"","footer-sml-layout":"","theme-transparent-header-meta":"","adv-header-id-meta":"","stick-header-meta":"","header-above-stick-meta":"","header-main-stick-meta":"","header-below-stick-meta":"","astra-migrate-meta-layouts":"default","ast-page-background-enabled":"default","ast-page-background-meta":{"desktop":{"background-color":"var(--ast-global-color-4)","background-image":"","background-repeat":"repeat","background-position":"center center","background-size":"auto","background-attachment":"scroll","background-type":"","background-media":"","overlay-type":"","overlay-color":"","overlay-opacity":"","overlay-gradient":""},"tablet":{"background-color":"","background-image":"","background-repeat":"repeat","background-position":"center center","background-size":"auto","background-attachment":"scroll","background-type":"","background-media":"","overlay-type":"","overlay-color":"","overlay-opacity":"","overlay-gradient":""},"mobile":{"background-color":"","background-image":"","background-repeat":"repeat","background-position":"center center","background-size":"auto","background-attachment":"scroll","background-type":"","background-media":"","overlay-type":"","overlay-color":"","overlay-opacity":"","overlay-gradient":""}},"ast-content-background-meta":{"desktop":{"background-color":"var(--ast-global-color-5)","background-image":"","background-repeat":"repeat","background-position":"center center","background-size":"auto","background-attachment":"scroll","background-type":"","background-media":"","overlay-type":"","overlay-color":"","overlay-opacity":"","overlay-gradient":""},"tablet":{"background-color":"var(--ast-global-color-5)","background-image":"","background-repeat":"repeat","background-position":"center center","background-size":"auto","background-attachment":"scroll","background-type":"","background-media":"","overlay-type":"","overlay-color":"","overlay-opacity":"","overlay-gradient":""},"mobile":{"background-color":"var(--ast-global-color-5)","background-image":"","background-repeat":"repeat","background-position":"center center","background-size":"auto","background-attachment":"scroll","background-type":"","background-media":"","overlay-type":"","overlay-color":"","overlay-opacity":"","overlay-gradient":""}}},"product_brand":[],"product_cat":[59],"product_tag":[94,95,96,97,98],"class_list":{"0":"post-1237","1":"product","2":"type-product","3":"status-publish","4":"has-post-thumbnail","6":"product_cat-cali-tins","7":"product_tag-dosi-driver-strain","8":"product_tag-jungle-mac-seeds","9":"product_tag-jungle-mac-strain","10":"product_tag-mac-truck-driver-strain","11":"product_tag-truck-driver-strain","12":"desktop-align-center","13":"tablet-align-left","14":"mobile-align-left","16":"first","17":"instock","18":"shipping-taxable","19":"purchasable","20":"product-type-variable"},"uagb_featured_image_src":{"full":["https:\/\/caliweedeurope.com\/wp-content\/uploads\/2024\/11\/ef38ace6-56d9-4a22-aac0-0834a8466900.jpg",750,745,false],"thumbnail":["https:\/\/caliweedeurope.com\/wp-content\/uploads\/2024\/11\/ef38ace6-56d9-4a22-aac0-0834a8466900-150x150.jpg",150,150,true],"medium":["https:\/\/caliweedeurope.com\/wp-content\/uploads\/2024\/11\/ef38ace6-56d9-4a22-aac0-0834a8466900-300x298.jpg",300,298,true],"medium_large":["https:\/\/caliweedeurope.com\/wp-content\/uploads\/2024\/11\/ef38ace6-56d9-4a22-aac0-0834a8466900.jpg",750,745,false],"large":["https:\/\/caliweedeurope.com\/wp-content\/uploads\/2024\/11\/ef38ace6-56d9-4a22-aac0-0834a8466900.jpg",750,745,false],"1536x1536":["https:\/\/caliweedeurope.com\/wp-content\/uploads\/2024\/11\/ef38ace6-56d9-4a22-aac0-0834a8466900.jpg",750,745,false],"2048x2048":["https:\/\/caliweedeurope.com\/wp-content\/uploads\/2024\/11\/ef38ace6-56d9-4a22-aac0-0834a8466900.jpg",750,745,false],"trp-custom-language-flag":["https:\/\/caliweedeurope.com\/wp-content\/uploads\/2024\/11\/ef38ace6-56d9-4a22-aac0-0834a8466900.jpg",12,12,false],"woocommerce_thumbnail":["https:\/\/caliweedeurope.com\/wp-content\/uploads\/2024\/11\/ef38ace6-56d9-4a22-aac0-0834a8466900-300x300.jpg",300,300,true],"woocommerce_single":["https:\/\/caliweedeurope.com\/wp-content\/uploads\/2024\/11\/ef38ace6-56d9-4a22-aac0-0834a8466900-600x596.jpg",600,596,true],"woocommerce_gallery_thumbnail":["https:\/\/caliweedeurope.com\/wp-content\/uploads\/2024\/11\/ef38ace6-56d9-4a22-aac0-0834a8466900-100x100.jpg",100,100,true]},"uagb_author_info":{"display_name":"jetskiforsaleuk@gmail.com","author_link":"https:\/\/caliweedeurope.com\/es\/author\/"},"uagb_comment_info":0,"uagb_excerpt":"smart buds tins for sale. Cannabis is an herbal drug that is make from the Cannabis plant. It contains chemicals called cannabinoids. Cannabinoids affect the central nervous system, which includes the brain and nerves. Cannabinoids are found in the highest levels in the leaves and flowers of cannabis. These are the parts of the herb&hellip;","_links":{"self":[{"href":"https:\/\/caliweedeurope.com\/es\/wp-json\/wp\/v2\/product\/1237"}],"collection":[{"href":"https:\/\/caliweedeurope.com\/es\/wp-json\/wp\/v2\/product"}],"about":[{"href":"https:\/\/caliweedeurope.com\/es\/wp-json\/wp\/v2\/types\/product"}],"replies":[{"embeddable":true,"href":"https:\/\/caliweedeurope.com\/es\/wp-json\/wp\/v2\/comments?post=1237"}],"wp:featuredmedia":[{"embeddable":true,"href":"https:\/\/caliweedeurope.com\/es\/wp-json\/wp\/v2\/media\/1265"}],"wp:attachment":[{"href":"https:\/\/caliweedeurope.com\/es\/wp-json\/wp\/v2\/media?parent=1237"}],"wp:term":[{"taxonomy":"product_brand","embeddable":true,"href":"https:\/\/caliweedeurope.com\/es\/wp-json\/wp\/v2\/product_brand?post=1237"},{"taxonomy":"product_cat","embeddable":true,"href":"https:\/\/caliweedeurope.com\/es\/wp-json\/wp\/v2\/product_cat?post=1237"},{"taxonomy":"product_tag","embeddable":true,"href":"https:\/\/caliweedeurope.com\/es\/wp-json\/wp\/v2\/product_tag?post=1237"}],"curies":[{"name":"wp","href":"https:\/\/api.w.org\/{rel}","templated":true}]}}