{"id":1242,"date":"2024-11-03T21:31:46","date_gmt":"2024-11-03T21:31:46","guid":{"rendered":"https:\/\/caliweedeurope.com\/?post_type=product&#038;p=1242"},"modified":"2024-11-03T21:32:06","modified_gmt":"2024-11-03T21:32:06","slug":"space-monkey-meds","status":"publish","type":"product","link":"https:\/\/caliweedeurope.com\/es\/product\/space-monkey-meds\/","title":{"rendered":"Space Monkey meds"},"content":{"rendered":"<p>Space Monkey Meds prioriza los detalles, entendiendo que el cuidado y la atenci\u00f3n minuciosa son lo que diferencia a sus flores del resto. Usando coco, m\u00e9todos de cultivo interior y atenci\u00f3n manual al recorte, han trabajado durante casi una d\u00e9cada en sus gen\u00e9ticas para encontrar los fenotipos ideales de cada una de sus variedades de cannabis.<\/p>\n<p>Despu\u00e9s de muchos a\u00f1os de cultivo, Space Monkey Meds se enorgullece de ofrecer una variada selecci\u00f3n de flores de cannabis para que los pacientes y colectivos exploren. Su variedad m\u00e1s vendida es Grateful Breath, cuya gen\u00e9tica proviene de Gage Green Genetics. La herencia Indica de Grateful Breath proviene de su mejor fenotipo de OGKB y ofrece una experiencia altamente medicinal y placentera.<\/p>\n<p>Space Monkey Meds cultiva flores de una calidad excepcional. Cultivando sus cepas internamente con niveles expertos de control de calidad y t\u00e9cnicas de cultivo, Space Monkey Meds presta atenci\u00f3n a cada detalle para ofrecer los mejores cogollos de cannabis posibles a sus clientes. Su equipo de cultivo experimentado, su conocimiento personal de lo que buscan los pacientes y su trayectoria en el Tri\u00e1ngulo Esmeralda de Humboldt impulsan las flores de Space Monkey Meds a la cima del mercado del cannabis.<\/p>\n<p>Aunque comenzaron su marca en 2016, Space Monkey Meds cuenta con d\u00e9cadas de experiencia en el cultivo y ha estado entregando su marihuana cultivada en casa a pacientes del \u00c1rea de la Bah\u00eda desde 2012, adem\u00e1s de distribuir sus flores a numerosos dispensarios locales. A trav\u00e9s de su servicio de entrega, el equipo fundador adquiri\u00f3 un profundo conocimiento de lo que los pacientes buscan, mientras que su conducta profesional y cannabis de alta calidad hac\u00edan que los dispensarios regresaran una y otra vez. El fundador de Space Monkey Meds fue uno de los primeros en ofrecer su producto en lata, construyendo lentamente una reputaci\u00f3n que reflejaba sus altos est\u00e1ndares de excelencia. Finalmente listos para despegar, Space Monkey Meds lanz\u00f3 su marca en 2016 para dar un nombre a la marihuana que los pacientes y dispensarios adoraban. Desde sus inicios, se han expandido a m\u00e1s colectivos, han asistido a m\u00e1s eventos y est\u00e1n llevando sus flores a m\u00e1s aspectos de la industria del cannabis.<\/p>\n<p>Space Monkey Meds colabora con orgullo con SC Labs para probar la calidad de sus flores de cannabis. Cada lote de sus flores es probado para el contenido de THC y pesticidas.<\/p>\n<p>&nbsp;<\/p>","protected":false},"excerpt":{"rendered":"<p>Space Monkey Meds prioritizes details, understanding that close care and attention are what set their flowers apart from the crowd. Using coco, indoor growing methods and hand-trimmed attention, they\u2019ve tended their genetics for nearly a decade to find the ideal phenotypes of each of their marijuana strains. After their many years of growing, Space Monkey [&hellip;]<\/p>","protected":false},"featured_media":1267,"comment_status":"closed","ping_status":"closed","template":"","meta":{"_uag_custom_page_level_css":"","site-sidebar-layout":"default","site-content-layout":"","ast-site-content-layout":"","site-content-style":"default","site-sidebar-style":"default","ast-global-header-display":"","ast-banner-title-visibility":"","ast-main-header-display":"","ast-hfb-above-header-display":"","ast-hfb-below-header-display":"","ast-hfb-mobile-header-display":"","site-post-title":"","ast-breadcrumbs-content":"","ast-featured-img":"","footer-sml-layout":"","theme-transparent-header-meta":"","adv-header-id-meta":"","stick-header-meta":"","header-above-stick-meta":"","header-main-stick-meta":"","header-below-stick-meta":"","astra-migrate-meta-layouts":"default","ast-page-background-enabled":"default","ast-page-background-meta":{"desktop":{"background-color":"var(--ast-global-color-4)","background-image":"","background-repeat":"repeat","background-position":"center center","background-size":"auto","background-attachment":"scroll","background-type":"","background-media":"","overlay-type":"","overlay-color":"","overlay-opacity":"","overlay-gradient":""},"tablet":{"background-color":"","background-image":"","background-repeat":"repeat","background-position":"center center","background-size":"auto","background-attachment":"scroll","background-type":"","background-media":"","overlay-type":"","overlay-color":"","overlay-opacity":"","overlay-gradient":""},"mobile":{"background-color":"","background-image":"","background-repeat":"repeat","background-position":"center center","background-size":"auto","background-attachment":"scroll","background-type":"","background-media":"","overlay-type":"","overlay-color":"","overlay-opacity":"","overlay-gradient":""}},"ast-content-background-meta":{"desktop":{"background-color":"var(--ast-global-color-5)","background-image":"","background-repeat":"repeat","background-position":"center center","background-size":"auto","background-attachment":"scroll","background-type":"","background-media":"","overlay-type":"","overlay-color":"","overlay-opacity":"","overlay-gradient":""},"tablet":{"background-color":"var(--ast-global-color-5)","background-image":"","background-repeat":"repeat","background-position":"center center","background-size":"auto","background-attachment":"scroll","background-type":"","background-media":"","overlay-type":"","overlay-color":"","overlay-opacity":"","overlay-gradient":""},"mobile":{"background-color":"var(--ast-global-color-5)","background-image":"","background-repeat":"repeat","background-position":"center center","background-size":"auto","background-attachment":"scroll","background-type":"","background-media":"","overlay-type":"","overlay-color":"","overlay-opacity":"","overlay-gradient":""}}},"product_brand":[],"product_cat":[59],"product_tag":[99,100,101,102,103],"class_list":{"0":"post-1242","1":"product","2":"type-product","3":"status-publish","4":"has-post-thumbnail","6":"product_cat-cali-tins","7":"product_tag-space-monkey-edibles","8":"product_tag-space-monkey-meds-australia","9":"product_tag-space-monkey-meds-ireland","10":"product_tag-space-monkey-meds-reddit","11":"product_tag-space-monkey-meds-supply","12":"desktop-align-center","13":"tablet-align-left","14":"mobile-align-left","16":"first","17":"instock","18":"shipping-taxable","19":"purchasable","20":"product-type-variable"},"uagb_featured_image_src":{"full":["https:\/\/caliweedeurope.com\/wp-content\/uploads\/2024\/11\/bb0a65d3-ed3e-4d5b-94ea-ca079b1d77c2.jpg",1080,1080,false],"thumbnail":["https:\/\/caliweedeurope.com\/wp-content\/uploads\/2024\/11\/bb0a65d3-ed3e-4d5b-94ea-ca079b1d77c2-150x150.jpg",150,150,true],"medium":["https:\/\/caliweedeurope.com\/wp-content\/uploads\/2024\/11\/bb0a65d3-ed3e-4d5b-94ea-ca079b1d77c2-300x300.jpg",300,300,true],"medium_large":["https:\/\/caliweedeurope.com\/wp-content\/uploads\/2024\/11\/bb0a65d3-ed3e-4d5b-94ea-ca079b1d77c2-768x768.jpg",768,768,true],"large":["https:\/\/caliweedeurope.com\/wp-content\/uploads\/2024\/11\/bb0a65d3-ed3e-4d5b-94ea-ca079b1d77c2-1024x1024.jpg",1024,1024,true],"1536x1536":["https:\/\/caliweedeurope.com\/wp-content\/uploads\/2024\/11\/bb0a65d3-ed3e-4d5b-94ea-ca079b1d77c2.jpg",1080,1080,false],"2048x2048":["https:\/\/caliweedeurope.com\/wp-content\/uploads\/2024\/11\/bb0a65d3-ed3e-4d5b-94ea-ca079b1d77c2.jpg",1080,1080,false],"trp-custom-language-flag":["https:\/\/caliweedeurope.com\/wp-content\/uploads\/2024\/11\/bb0a65d3-ed3e-4d5b-94ea-ca079b1d77c2.jpg",12,12,false],"woocommerce_thumbnail":["https:\/\/caliweedeurope.com\/wp-content\/uploads\/2024\/11\/bb0a65d3-ed3e-4d5b-94ea-ca079b1d77c2-300x300.jpg",300,300,true],"woocommerce_single":["https:\/\/caliweedeurope.com\/wp-content\/uploads\/2024\/11\/bb0a65d3-ed3e-4d5b-94ea-ca079b1d77c2-600x600.jpg",600,600,true],"woocommerce_gallery_thumbnail":["https:\/\/caliweedeurope.com\/wp-content\/uploads\/2024\/11\/bb0a65d3-ed3e-4d5b-94ea-ca079b1d77c2-100x100.jpg",100,100,true]},"uagb_author_info":{"display_name":"jetskiforsaleuk@gmail.com","author_link":"https:\/\/caliweedeurope.com\/es\/author\/"},"uagb_comment_info":0,"uagb_excerpt":"Space Monkey Meds prioritizes details, understanding that close care and attention are what set their flowers apart from the crowd. Using coco, indoor growing methods and hand-trimmed attention, they\u2019ve tended their genetics for nearly a decade to find the ideal phenotypes of each of their marijuana strains. After their many years of growing, Space Monkey&hellip;","_links":{"self":[{"href":"https:\/\/caliweedeurope.com\/es\/wp-json\/wp\/v2\/product\/1242"}],"collection":[{"href":"https:\/\/caliweedeurope.com\/es\/wp-json\/wp\/v2\/product"}],"about":[{"href":"https:\/\/caliweedeurope.com\/es\/wp-json\/wp\/v2\/types\/product"}],"replies":[{"embeddable":true,"href":"https:\/\/caliweedeurope.com\/es\/wp-json\/wp\/v2\/comments?post=1242"}],"wp:featuredmedia":[{"embeddable":true,"href":"https:\/\/caliweedeurope.com\/es\/wp-json\/wp\/v2\/media\/1267"}],"wp:attachment":[{"href":"https:\/\/caliweedeurope.com\/es\/wp-json\/wp\/v2\/media?parent=1242"}],"wp:term":[{"taxonomy":"product_brand","embeddable":true,"href":"https:\/\/caliweedeurope.com\/es\/wp-json\/wp\/v2\/product_brand?post=1242"},{"taxonomy":"product_cat","embeddable":true,"href":"https:\/\/caliweedeurope.com\/es\/wp-json\/wp\/v2\/product_cat?post=1242"},{"taxonomy":"product_tag","embeddable":true,"href":"https:\/\/caliweedeurope.com\/es\/wp-json\/wp\/v2\/product_tag?post=1242"}],"curies":[{"name":"wp","href":"https:\/\/api.w.org\/{rel}","templated":true}]}}