{"id":1262,"date":"2024-11-03T21:31:46","date_gmt":"2024-11-03T21:31:46","guid":{"rendered":"https:\/\/caliweedeurope.com\/?post_type=product&#038;p=1262"},"modified":"2024-11-03T21:32:23","modified_gmt":"2024-11-03T21:32:23","slug":"stiiizy-sky-og","status":"publish","type":"product","link":"https:\/\/caliweedeurope.com\/es\/product\/stiiizy-sky-og\/","title":{"rendered":"Stiiizy (Sky og)"},"content":{"rendered":"<p>Esta variedad es adorada por su maravilloso sabor. Aunque el subid\u00f3n no es tan fuerte como el de algunas variedades modernas, el sabor es innegablemente fuera de este mundo. Y desde entonces se ha perdido. Antes de 1998, Bubba Kush solo estaba disponible como clon, pero desde entonces ha sido replicado para que sus semillas puedan ser empaquetadas y vendidas. Bubba Kush es una indica cl\u00e1sica con un subid\u00f3n sedante s\u00f3lido que deja a los usuarios relajados pero a\u00fan funcionales. Tiene un contenido de THC t\u00edpicamente alto, que var\u00eda entre el 15 % y el 22 %.<br \/> Stiiizy tiene cogollos peque\u00f1os a medianos que tienen la estructura densa t\u00edpica de las variedades Indica. Las hojas son de color verde oscuro y a veces pueden mostrar tonos morados, el resultado de los pigmentos antocianinas activados por las bajas temperaturas durante el proceso de cultivo. Esta es una variedad muy resinoso: una capa de tricomas blancos cubre las hojas de colores y es incluso visible en el interior cuando los cogollos se abren. Las flores tienen un aroma vago a caf\u00e9 o cacao, con un leve toque afrutado debajo. Al quemarse, Bubba Kush huele m\u00e1s a hach\u00eds y especias, como se esperar\u00eda de una Kush, con un humo bastante fuerte que induce la tos.<br \/>                                                               \u00a1RESULTADOS EXCEPCIONALES!<br \/> Es notable que esta es una variedad cuyas flores moradas no dan un sabor a uva: los pigmentos que determinan el color de Bubba Kush no afectan el sabor. El sabor es principalmente terroso, con algo de dulzura y un toque picante al exhalar. Esta tambi\u00e9n es una variedad particularmente pungente: los usuarios preocupados por la discreci\u00f3n deber\u00edan planificar en consecuencia.<br \/> Insolitamente per una variet\u00e0 cos\u00ec ricca di indica, lo sballo del Bubba Kush inizia con una sensazione distorta e disorientante nella testa. Tuttavia, questa foschia lascia spazio a un rilassamento corporeo pi\u00f9 previsto che si intensifica man mano che l\u2019effetto prosegue. Sebbene i fumatori non siano necessariamente energizzati, possono mantenere la concentrazione mentale e conversare o svolgere compiti secondo necessit\u00e0. Per lo pi\u00f9, gli utenti sperimenteranno un rilassamento profondo, una respirazione lenta e una palpabile sensazione di comfort fisico.<br \/> El couchlock es poco com\u00fan, dejando a los usuarios funcionales y alerta. Los usos medicinales de Bubba Kush son tanto mentales como f\u00edsicos. Ordena Stiiizy Pods Texas.<\/p>","protected":false},"excerpt":{"rendered":"<p>Ordene Stiiizy Pods Texas, Bubba Kush a la Venta en L\u00ednea, Solo en Su Dispensario de Marihuana en L\u00ednea de Confianza y Premier, Tienda de Cannabis Medicinal en L\u00ednea.<br \/> Stiiizy es una variedad \u00edndica. Originalmente fue un cruce entre OG Kush y Bubble Gum. Las plantas resultantes fueron luego cultivadas selectivamente durante varias generaciones para crear el cogollo perfecto, conocido como Bubba Kush.<\/p>","protected":false},"featured_media":1275,"comment_status":"closed","ping_status":"closed","template":"","meta":{"_uag_custom_page_level_css":"","site-sidebar-layout":"default","site-content-layout":"","ast-site-content-layout":"","site-content-style":"default","site-sidebar-style":"default","ast-global-header-display":"","ast-banner-title-visibility":"","ast-main-header-display":"","ast-hfb-above-header-display":"","ast-hfb-below-header-display":"","ast-hfb-mobile-header-display":"","site-post-title":"","ast-breadcrumbs-content":"","ast-featured-img":"","footer-sml-layout":"","theme-transparent-header-meta":"","adv-header-id-meta":"","stick-header-meta":"","header-above-stick-meta":"","header-main-stick-meta":"","header-below-stick-meta":"","astra-migrate-meta-layouts":"default","ast-page-background-enabled":"default","ast-page-background-meta":{"desktop":{"background-color":"var(--ast-global-color-4)","background-image":"","background-repeat":"repeat","background-position":"center center","background-size":"auto","background-attachment":"scroll","background-type":"","background-media":"","overlay-type":"","overlay-color":"","overlay-opacity":"","overlay-gradient":""},"tablet":{"background-color":"","background-image":"","background-repeat":"repeat","background-position":"center center","background-size":"auto","background-attachment":"scroll","background-type":"","background-media":"","overlay-type":"","overlay-color":"","overlay-opacity":"","overlay-gradient":""},"mobile":{"background-color":"","background-image":"","background-repeat":"repeat","background-position":"center center","background-size":"auto","background-attachment":"scroll","background-type":"","background-media":"","overlay-type":"","overlay-color":"","overlay-opacity":"","overlay-gradient":""}},"ast-content-background-meta":{"desktop":{"background-color":"var(--ast-global-color-5)","background-image":"","background-repeat":"repeat","background-position":"center center","background-size":"auto","background-attachment":"scroll","background-type":"","background-media":"","overlay-type":"","overlay-color":"","overlay-opacity":"","overlay-gradient":""},"tablet":{"background-color":"var(--ast-global-color-5)","background-image":"","background-repeat":"repeat","background-position":"center center","background-size":"auto","background-attachment":"scroll","background-type":"","background-media":"","overlay-type":"","overlay-color":"","overlay-opacity":"","overlay-gradient":""},"mobile":{"background-color":"var(--ast-global-color-5)","background-image":"","background-repeat":"repeat","background-position":"center center","background-size":"auto","background-attachment":"scroll","background-type":"","background-media":"","overlay-type":"","overlay-color":"","overlay-opacity":"","overlay-gradient":""}}},"product_brand":[],"product_cat":[114],"product_tag":[119,120,121,122,123],"class_list":{"0":"post-1262","1":"product","2":"type-product","3":"status-publish","4":"has-post-thumbnail","6":"product_cat-wholesale-vape-cartridges-online","7":"product_tag-skywalker-og-stiiizy","8":"product_tag-stiiizy-biscotti","9":"product_tag-stiiizy-gelato","10":"product_tag-stiiizy-og-kush","11":"product_tag-stiiizy-sfv-og","12":"desktop-align-center","13":"tablet-align-left","14":"mobile-align-left","16":"first","17":"instock","18":"shipping-taxable","19":"purchasable","20":"product-type-variable"},"uagb_featured_image_src":{"full":["https:\/\/caliweedeurope.com\/wp-content\/uploads\/2024\/11\/0fcdd104-9491-4b20-94d1-34a7ff48418f.jpg",864,1080,false],"thumbnail":["https:\/\/caliweedeurope.com\/wp-content\/uploads\/2024\/11\/0fcdd104-9491-4b20-94d1-34a7ff48418f-150x150.jpg",150,150,true],"medium":["https:\/\/caliweedeurope.com\/wp-content\/uploads\/2024\/11\/0fcdd104-9491-4b20-94d1-34a7ff48418f-240x300.jpg",240,300,true],"medium_large":["https:\/\/caliweedeurope.com\/wp-content\/uploads\/2024\/11\/0fcdd104-9491-4b20-94d1-34a7ff48418f-768x960.jpg",768,960,true],"large":["https:\/\/caliweedeurope.com\/wp-content\/uploads\/2024\/11\/0fcdd104-9491-4b20-94d1-34a7ff48418f-819x1024.jpg",819,1024,true],"1536x1536":["https:\/\/caliweedeurope.com\/wp-content\/uploads\/2024\/11\/0fcdd104-9491-4b20-94d1-34a7ff48418f.jpg",864,1080,false],"2048x2048":["https:\/\/caliweedeurope.com\/wp-content\/uploads\/2024\/11\/0fcdd104-9491-4b20-94d1-34a7ff48418f.jpg",864,1080,false],"trp-custom-language-flag":["https:\/\/caliweedeurope.com\/wp-content\/uploads\/2024\/11\/0fcdd104-9491-4b20-94d1-34a7ff48418f.jpg",10,12,false],"woocommerce_thumbnail":["https:\/\/caliweedeurope.com\/wp-content\/uploads\/2024\/11\/0fcdd104-9491-4b20-94d1-34a7ff48418f-300x300.jpg",300,300,true],"woocommerce_single":["https:\/\/caliweedeurope.com\/wp-content\/uploads\/2024\/11\/0fcdd104-9491-4b20-94d1-34a7ff48418f-600x750.jpg",600,750,true],"woocommerce_gallery_thumbnail":["https:\/\/caliweedeurope.com\/wp-content\/uploads\/2024\/11\/0fcdd104-9491-4b20-94d1-34a7ff48418f-100x100.jpg",100,100,true]},"uagb_author_info":{"display_name":"jetskiforsaleuk@gmail.com","author_link":"https:\/\/caliweedeurope.com\/es\/author\/"},"uagb_comment_info":0,"uagb_excerpt":"Order stiiizy pods texas, Bubba Kush For Sale Online, Only at Your Premier and Reliable Online Marijuana Dispensary, Medical Cannabis Online Store Stiiizy is an indica strain. It was originally a cross of OG Kush and Bubble Gum. The resulting plants were then selectively bred for multiple generations to create the perfect bud, known as&hellip;","_links":{"self":[{"href":"https:\/\/caliweedeurope.com\/es\/wp-json\/wp\/v2\/product\/1262"}],"collection":[{"href":"https:\/\/caliweedeurope.com\/es\/wp-json\/wp\/v2\/product"}],"about":[{"href":"https:\/\/caliweedeurope.com\/es\/wp-json\/wp\/v2\/types\/product"}],"replies":[{"embeddable":true,"href":"https:\/\/caliweedeurope.com\/es\/wp-json\/wp\/v2\/comments?post=1262"}],"wp:featuredmedia":[{"embeddable":true,"href":"https:\/\/caliweedeurope.com\/es\/wp-json\/wp\/v2\/media\/1275"}],"wp:attachment":[{"href":"https:\/\/caliweedeurope.com\/es\/wp-json\/wp\/v2\/media?parent=1262"}],"wp:term":[{"taxonomy":"product_brand","embeddable":true,"href":"https:\/\/caliweedeurope.com\/es\/wp-json\/wp\/v2\/product_brand?post=1262"},{"taxonomy":"product_cat","embeddable":true,"href":"https:\/\/caliweedeurope.com\/es\/wp-json\/wp\/v2\/product_cat?post=1262"},{"taxonomy":"product_tag","embeddable":true,"href":"https:\/\/caliweedeurope.com\/es\/wp-json\/wp\/v2\/product_tag?post=1262"}],"curies":[{"name":"wp","href":"https:\/\/api.w.org\/{rel}","templated":true}]}}