{"id":1288,"date":"2024-11-03T21:32:09","date_gmt":"2024-11-03T21:32:09","guid":{"rendered":"https:\/\/caliweedeurope.com\/?post_type=product&#038;p=1288"},"modified":"2024-11-03T21:32:23","modified_gmt":"2024-11-03T21:32:23","slug":"italian-ice-strain","status":"publish","type":"product","link":"https:\/\/caliweedeurope.com\/es\/product\/italian-ice-strain\/","title":{"rendered":"Italian ice strain"},"content":{"rendered":"<p>Rese\u00f1a de la variedad Italian Ice<br \/> La variedad Italian Ice es una variedad ex\u00f3tica de cannabis que fue originalmente encontrada por The Cali Connection. Naci\u00f3 de una mezcla de Forbidden Fruit y Gelato 45. \u00a1Guau! \u00bfTe imaginas lo que puede salir de una mezcla de esas dos? Ya se me hace agua la boca solo de pensar en esta Italian Ice. \u00a1S\u00ed! A partir de ahora, obtener una de las mejores variedades de cannabis nunca ha sido tan f\u00e1cil. Entonces, Italian Ice a la venta | Comprar Italian Ice.<\/p>\n<p>\u00bfD\u00f3nde comprar la variedad Italian Ice en l\u00ednea?<br \/> \u00bfSab\u00edas que muchas personas han estado buscando durante a\u00f1os estas variedades de marihuana sin \u00e9xito? De hecho, la mayor\u00eda de las personas prefieren pagar un alto precio para obtener la mejor calidad de marihuana. S\u00ed, las personas pagan precios altos por los mejores cogollos. Ahora, el verdadero problema es: \u00bfde d\u00f3nde la conseguir\u00e1n? \u00bfTe ha pasado alguna vez que tienes dinero, pero no encuentras una buena variedad de marihuana? S\u00ed, eso sucede. No te preocupes m\u00e1s. Italian Ice strain a la venta | Compra Italian Ice strain online. Ahora has encontrado la soluci\u00f3n a tu problema. Italian Ice strain. Estamos aqu\u00ed para ayudarte a resolver esta situaci\u00f3n. Visita la secci\u00f3n de nuestra tienda en el sitio web para hacer tu pedido. Compra Italian Ice strain.<\/p>\n<p>Disponibilidad de la cepa<br \/> \u00bfQu\u00e9 tan frustrados se sienten las personas cuando les resulta muy dif\u00edcil conseguir los mejores cogollos que desean? Seg\u00fan nuestra experiencia en ventas en l\u00ednea, hemos descubierto que muchas personas enfrentan este problema. No te preocupes m\u00e1s, porque te serviremos con el mejor m\u00e9todo conveniente. Mant\u00e9n la calma, has encontrado el lugar adecuado. Si a\u00fan no te sientes c\u00f3modo, puedes consultar nuestra pol\u00edtica de env\u00edos. Nuestras entregas se realizan de manera discreta con una garant\u00eda del 100% en la entrega. Tu seguridad y satisfacci\u00f3n son nuestra prioridad, as\u00ed que solo conf\u00eda en nosotros. Italian Ice Weed Strain.<\/p>","protected":false},"excerpt":{"rendered":"<p>Italian Ice strain review. Italian Ice strain is a weed exotic weed strain that was originally found by The Cali Connection. It is a weed strain that came into existence by a mix of Forbidden Fruit and Gelato 45. wow!!! You imagine the what can come out from a mix of those two right?. As [&hellip;]<\/p>","protected":false},"featured_media":1309,"comment_status":"closed","ping_status":"closed","template":"","meta":{"_uag_custom_page_level_css":"","site-sidebar-layout":"default","site-content-layout":"","ast-site-content-layout":"","site-content-style":"default","site-sidebar-style":"default","ast-global-header-display":"","ast-banner-title-visibility":"","ast-main-header-display":"","ast-hfb-above-header-display":"","ast-hfb-below-header-display":"","ast-hfb-mobile-header-display":"","site-post-title":"","ast-breadcrumbs-content":"","ast-featured-img":"","footer-sml-layout":"","theme-transparent-header-meta":"","adv-header-id-meta":"","stick-header-meta":"","header-above-stick-meta":"","header-main-stick-meta":"","header-below-stick-meta":"","astra-migrate-meta-layouts":"default","ast-page-background-enabled":"default","ast-page-background-meta":{"desktop":{"background-color":"var(--ast-global-color-4)","background-image":"","background-repeat":"repeat","background-position":"center center","background-size":"auto","background-attachment":"scroll","background-type":"","background-media":"","overlay-type":"","overlay-color":"","overlay-opacity":"","overlay-gradient":""},"tablet":{"background-color":"","background-image":"","background-repeat":"repeat","background-position":"center center","background-size":"auto","background-attachment":"scroll","background-type":"","background-media":"","overlay-type":"","overlay-color":"","overlay-opacity":"","overlay-gradient":""},"mobile":{"background-color":"","background-image":"","background-repeat":"repeat","background-position":"center center","background-size":"auto","background-attachment":"scroll","background-type":"","background-media":"","overlay-type":"","overlay-color":"","overlay-opacity":"","overlay-gradient":""}},"ast-content-background-meta":{"desktop":{"background-color":"var(--ast-global-color-5)","background-image":"","background-repeat":"repeat","background-position":"center center","background-size":"auto","background-attachment":"scroll","background-type":"","background-media":"","overlay-type":"","overlay-color":"","overlay-opacity":"","overlay-gradient":""},"tablet":{"background-color":"var(--ast-global-color-5)","background-image":"","background-repeat":"repeat","background-position":"center center","background-size":"auto","background-attachment":"scroll","background-type":"","background-media":"","overlay-type":"","overlay-color":"","overlay-opacity":"","overlay-gradient":""},"mobile":{"background-color":"var(--ast-global-color-5)","background-image":"","background-repeat":"repeat","background-position":"center center","background-size":"auto","background-attachment":"scroll","background-type":"","background-media":"","overlay-type":"","overlay-color":"","overlay-opacity":"","overlay-gradient":""}}},"product_brand":[],"product_cat":[22],"product_tag":[134,135,136,137,138],"class_list":{"0":"post-1288","1":"product","2":"type-product","3":"status-publish","4":"has-post-thumbnail","6":"product_cat-hybrid","7":"product_tag-blue-cheese-strain","8":"product_tag-blue-dream-strain","9":"product_tag-gorilla-glue-strain","10":"product_tag-tiramisu-strain","11":"product_tag-wedding-cake-strain","12":"desktop-align-center","13":"tablet-align-left","14":"mobile-align-left","16":"first","17":"instock","18":"shipping-taxable","19":"purchasable","20":"product-type-variable"},"uagb_featured_image_src":{"full":["https:\/\/caliweedeurope.com\/wp-content\/uploads\/2024\/11\/paysidepackz__20200303_1-600x600-1.jpg",600,600,false],"thumbnail":["https:\/\/caliweedeurope.com\/wp-content\/uploads\/2024\/11\/paysidepackz__20200303_1-600x600-1-150x150.jpg",150,150,true],"medium":["https:\/\/caliweedeurope.com\/wp-content\/uploads\/2024\/11\/paysidepackz__20200303_1-600x600-1-300x300.jpg",300,300,true],"medium_large":["https:\/\/caliweedeurope.com\/wp-content\/uploads\/2024\/11\/paysidepackz__20200303_1-600x600-1.jpg",600,600,false],"large":["https:\/\/caliweedeurope.com\/wp-content\/uploads\/2024\/11\/paysidepackz__20200303_1-600x600-1.jpg",600,600,false],"1536x1536":["https:\/\/caliweedeurope.com\/wp-content\/uploads\/2024\/11\/paysidepackz__20200303_1-600x600-1.jpg",600,600,false],"2048x2048":["https:\/\/caliweedeurope.com\/wp-content\/uploads\/2024\/11\/paysidepackz__20200303_1-600x600-1.jpg",600,600,false],"trp-custom-language-flag":["https:\/\/caliweedeurope.com\/wp-content\/uploads\/2024\/11\/paysidepackz__20200303_1-600x600-1.jpg",12,12,false],"woocommerce_thumbnail":["https:\/\/caliweedeurope.com\/wp-content\/uploads\/2024\/11\/paysidepackz__20200303_1-600x600-1-300x300.jpg",300,300,true],"woocommerce_single":["https:\/\/caliweedeurope.com\/wp-content\/uploads\/2024\/11\/paysidepackz__20200303_1-600x600-1.jpg",600,600,false],"woocommerce_gallery_thumbnail":["https:\/\/caliweedeurope.com\/wp-content\/uploads\/2024\/11\/paysidepackz__20200303_1-600x600-1-100x100.jpg",100,100,true]},"uagb_author_info":{"display_name":"jetskiforsaleuk@gmail.com","author_link":"https:\/\/caliweedeurope.com\/es\/author\/"},"uagb_comment_info":0,"uagb_excerpt":"Italian Ice strain review. Italian Ice strain is a weed exotic weed strain that was originally found by The Cali Connection. It is a weed strain that came into existence by a mix of Forbidden Fruit and Gelato 45. wow!!! You imagine the what can come out from a mix of those two right?. As&hellip;","_links":{"self":[{"href":"https:\/\/caliweedeurope.com\/es\/wp-json\/wp\/v2\/product\/1288"}],"collection":[{"href":"https:\/\/caliweedeurope.com\/es\/wp-json\/wp\/v2\/product"}],"about":[{"href":"https:\/\/caliweedeurope.com\/es\/wp-json\/wp\/v2\/types\/product"}],"replies":[{"embeddable":true,"href":"https:\/\/caliweedeurope.com\/es\/wp-json\/wp\/v2\/comments?post=1288"}],"wp:featuredmedia":[{"embeddable":true,"href":"https:\/\/caliweedeurope.com\/es\/wp-json\/wp\/v2\/media\/1309"}],"wp:attachment":[{"href":"https:\/\/caliweedeurope.com\/es\/wp-json\/wp\/v2\/media?parent=1288"}],"wp:term":[{"taxonomy":"product_brand","embeddable":true,"href":"https:\/\/caliweedeurope.com\/es\/wp-json\/wp\/v2\/product_brand?post=1288"},{"taxonomy":"product_cat","embeddable":true,"href":"https:\/\/caliweedeurope.com\/es\/wp-json\/wp\/v2\/product_cat?post=1288"},{"taxonomy":"product_tag","embeddable":true,"href":"https:\/\/caliweedeurope.com\/es\/wp-json\/wp\/v2\/product_tag?post=1288"}],"curies":[{"name":"wp","href":"https:\/\/api.w.org\/{rel}","templated":true}]}}