{"id":1422,"date":"2024-11-03T21:32:51","date_gmt":"2024-11-03T21:32:51","guid":{"rendered":"https:\/\/caliweedeurope.com\/?post_type=product&#038;p=1422"},"modified":"2024-11-03T21:33:02","modified_gmt":"2024-11-03T21:33:02","slug":"jungle-boys-banana-punch","status":"publish","type":"product","link":"https:\/\/caliweedeurope.com\/es\/product\/jungle-boys-banana-punch\/","title":{"rendered":"Jungle Boys Banana Punch"},"content":{"rendered":"<p>Jungle Boys Banana Punch, paquetes de marihuana a la venta en l\u00ednea, variedades h\u00edbridas, \u00edndica, sativa, todos los sabores, precios, rese\u00f1as y entrega disponibles.<\/p>\n<p>Echa un vistazo tambi\u00e9n a Jungle Boys Motor Breath, ya que productos similares tienen casi las mismas calificaciones. Disponible en l\u00ednea en PotsnBuds con servicios de env\u00edo y entrega.<\/p>\n<p>JUNGLE BOYS EN VENTA<\/p>\n<p>Jungle Boys en venta<br \/> Una marca de marihuana medicinal empaquetada. Sabores ex\u00f3ticos de Jungle Boys Weed disponibles por solo $60 aqu\u00ed en Potsnbuds. La mejor parte es que ofrecemos servicios de env\u00edo y entrega a domicilio. M\u00e1s de 45 variedades diferentes de Jungle Boys para comprar. Todos los sabores de Jungle Boys disponibles.<\/p>\n<p>\u00bfD\u00f3nde encontrar Jungle Boys a la venta?<\/p>\n<p>Los paquetes de Jungle Boys est\u00e1n disponibles en casi todas las tiendas de dispensarios cerca de ti debido a su calidad. Si te encuentras en Estados Unidos y m\u00e1s a\u00fan en un estado legal, puedes buscar f\u00e1cilmente en l\u00ednea Pots and Buds, Potsnbuds. Dispensario m\u00e9dico en l\u00ednea Potsnbuds. Los servicios de entrega son posibles y est\u00e1n disponibles todos los d\u00edas de la semana, y puedes obtener asistencia de chat en vivo de nuestro personal.<\/p>\n<p>Sabores de Jungle Boys a la venta<\/p>\n<p>En Pots and Buds se valora la variedad. Tenemos varios sabores de Jungle Boys. Si navegas por nuestro sitio web en Potsnbuds, todos los productos mostrados est\u00e1n disponibles y en stock, as\u00ed que sigue haciendo tus pedidos. Aqu\u00ed tienes una breve lista de sabores Jungle Boys disponibles: Jungle Boys Grape Topanga, Jungle Boys Pie Hoe, Jungle Boys Frosted Cakes, Jungle Boys Gelato, Jungle Boys Hippy Crasher, Jungle Boys Mimosa, etc.<\/p>","protected":false},"excerpt":{"rendered":"<p>Jungle Boys Banana Punch, paquetes de marihuana a la venta en l\u00ednea, variedades h\u00edbridas, \u00edndica, sativa, todos los sabores, precios, rese\u00f1as y entrega disponibles.<\/p>\n<p>Echa un vistazo tambi\u00e9n a Jungle Boys Motor Breath, ya que productos similares tienen casi las mismas calificaciones. Disponible en l\u00ednea en PotsnBuds con servicios de env\u00edo y entrega.<\/p>\n<p>Jungle Boys Weed Pack<\/p>\n<p>Sabor: Banana Punch<\/p>\n<p>Peso neto: 28 gramos<\/p>","protected":false},"featured_media":1438,"comment_status":"closed","ping_status":"closed","template":"","meta":{"_uag_custom_page_level_css":"","site-sidebar-layout":"default","site-content-layout":"","ast-site-content-layout":"","site-content-style":"default","site-sidebar-style":"default","ast-global-header-display":"","ast-banner-title-visibility":"","ast-main-header-display":"","ast-hfb-above-header-display":"","ast-hfb-below-header-display":"","ast-hfb-mobile-header-display":"","site-post-title":"","ast-breadcrumbs-content":"","ast-featured-img":"","footer-sml-layout":"","theme-transparent-header-meta":"","adv-header-id-meta":"","stick-header-meta":"","header-above-stick-meta":"","header-main-stick-meta":"","header-below-stick-meta":"","astra-migrate-meta-layouts":"default","ast-page-background-enabled":"default","ast-page-background-meta":{"desktop":{"background-color":"var(--ast-global-color-4)","background-image":"","background-repeat":"repeat","background-position":"center center","background-size":"auto","background-attachment":"scroll","background-type":"","background-media":"","overlay-type":"","overlay-color":"","overlay-opacity":"","overlay-gradient":""},"tablet":{"background-color":"","background-image":"","background-repeat":"repeat","background-position":"center center","background-size":"auto","background-attachment":"scroll","background-type":"","background-media":"","overlay-type":"","overlay-color":"","overlay-opacity":"","overlay-gradient":""},"mobile":{"background-color":"","background-image":"","background-repeat":"repeat","background-position":"center center","background-size":"auto","background-attachment":"scroll","background-type":"","background-media":"","overlay-type":"","overlay-color":"","overlay-opacity":"","overlay-gradient":""}},"ast-content-background-meta":{"desktop":{"background-color":"var(--ast-global-color-5)","background-image":"","background-repeat":"repeat","background-position":"center center","background-size":"auto","background-attachment":"scroll","background-type":"","background-media":"","overlay-type":"","overlay-color":"","overlay-opacity":"","overlay-gradient":""},"tablet":{"background-color":"var(--ast-global-color-5)","background-image":"","background-repeat":"repeat","background-position":"center center","background-size":"auto","background-attachment":"scroll","background-type":"","background-media":"","overlay-type":"","overlay-color":"","overlay-opacity":"","overlay-gradient":""},"mobile":{"background-color":"var(--ast-global-color-5)","background-image":"","background-repeat":"repeat","background-position":"center center","background-size":"auto","background-attachment":"scroll","background-type":"","background-media":"","overlay-type":"","overlay-color":"","overlay-opacity":"","overlay-gradient":""}}},"product_brand":[],"product_cat":[227],"product_tag":[201,202,203,204,205,206,207,208,209,210,211,212,213,214,215,216,217,218,219,220,221,222,223,224,225,226],"class_list":{"0":"post-1422","1":"product","2":"type-product","3":"status-publish","4":"has-post-thumbnail","6":"product_cat-buy-jungle-boys-weed","7":"product_tag-buy-weed-online-in-australia","8":"product_tag-buy-weed-online-in-belgium","9":"product_tag-buy-weed-online-in-britain","10":"product_tag-buy-weed-online-in-china","11":"product_tag-buy-weed-online-in-croatia","12":"product_tag-buy-weed-online-in-denmark","13":"product_tag-buy-weed-online-in-european-union","14":"product_tag-buy-weed-online-in-france","15":"product_tag-buy-weed-online-in-germany","16":"product_tag-buy-weed-online-in-guam","17":"product_tag-buy-weed-online-in-guernsey","18":"product_tag-buy-weed-online-in-hungary","19":"product_tag-buy-weed-online-in-ireland","20":"product_tag-buy-weed-online-in-israel","21":"product_tag-buy-weed-online-in-italy","22":"product_tag-buy-weed-online-in-japan","23":"product_tag-buy-weed-online-in-jersey","24":"product_tag-buy-weed-online-in-latvia","25":"product_tag-buy-weed-online-in-poland","26":"product_tag-buy-weed-online-in-russia","27":"product_tag-buy-weed-online-in-spain","28":"product_tag-buy-weed-online-in-sweeden","29":"product_tag-buy-weed-online-in-switzerland","30":"product_tag-buy-weed-online-in-turkey","31":"product_tag-buy-weed-online-in-ukraine","32":"product_tag-buy-weed-online-united-states","33":"desktop-align-center","34":"tablet-align-left","35":"mobile-align-left","37":"first","38":"instock","39":"shipping-taxable","40":"purchasable","41":"product-type-variable"},"uagb_featured_image_src":{"full":["https:\/\/caliweedeurope.com\/wp-content\/uploads\/2024\/11\/BUY-BANANA-PUNCH-Oz-300-Qp-700-Hp-1000-Pound-2000-1-300x296-1.jpeg",300,296,false],"thumbnail":["https:\/\/caliweedeurope.com\/wp-content\/uploads\/2024\/11\/BUY-BANANA-PUNCH-Oz-300-Qp-700-Hp-1000-Pound-2000-1-300x296-1-150x150.jpeg",150,150,true],"medium":["https:\/\/caliweedeurope.com\/wp-content\/uploads\/2024\/11\/BUY-BANANA-PUNCH-Oz-300-Qp-700-Hp-1000-Pound-2000-1-300x296-1.jpeg",300,296,false],"medium_large":["https:\/\/caliweedeurope.com\/wp-content\/uploads\/2024\/11\/BUY-BANANA-PUNCH-Oz-300-Qp-700-Hp-1000-Pound-2000-1-300x296-1.jpeg",300,296,false],"large":["https:\/\/caliweedeurope.com\/wp-content\/uploads\/2024\/11\/BUY-BANANA-PUNCH-Oz-300-Qp-700-Hp-1000-Pound-2000-1-300x296-1.jpeg",300,296,false],"1536x1536":["https:\/\/caliweedeurope.com\/wp-content\/uploads\/2024\/11\/BUY-BANANA-PUNCH-Oz-300-Qp-700-Hp-1000-Pound-2000-1-300x296-1.jpeg",300,296,false],"2048x2048":["https:\/\/caliweedeurope.com\/wp-content\/uploads\/2024\/11\/BUY-BANANA-PUNCH-Oz-300-Qp-700-Hp-1000-Pound-2000-1-300x296-1.jpeg",300,296,false],"trp-custom-language-flag":["https:\/\/caliweedeurope.com\/wp-content\/uploads\/2024\/11\/BUY-BANANA-PUNCH-Oz-300-Qp-700-Hp-1000-Pound-2000-1-300x296-1.jpeg",12,12,false],"woocommerce_thumbnail":["https:\/\/caliweedeurope.com\/wp-content\/uploads\/2024\/11\/BUY-BANANA-PUNCH-Oz-300-Qp-700-Hp-1000-Pound-2000-1-300x296-1.jpeg",300,296,false],"woocommerce_single":["https:\/\/caliweedeurope.com\/wp-content\/uploads\/2024\/11\/BUY-BANANA-PUNCH-Oz-300-Qp-700-Hp-1000-Pound-2000-1-300x296-1.jpeg",300,296,false],"woocommerce_gallery_thumbnail":["https:\/\/caliweedeurope.com\/wp-content\/uploads\/2024\/11\/BUY-BANANA-PUNCH-Oz-300-Qp-700-Hp-1000-Pound-2000-1-300x296-1-100x100.jpeg",100,100,true]},"uagb_author_info":{"display_name":"jetskiforsaleuk@gmail.com","author_link":"https:\/\/caliweedeurope.com\/es\/author\/"},"uagb_comment_info":0,"uagb_excerpt":"Jungle Boys Banana Punch, Weed packs for sale online, Hybrid, Indica, Sativa strains, all flavors prices, reviews and delivery available. Also have a look at Jungle Boys Motor Breath ,as similar products with almost same ratings. Available online at PotsnBuds with shipping and delivery services Jungle Boys Weed Pack Flavor: Banana Punch Net Weight :&hellip;","_links":{"self":[{"href":"https:\/\/caliweedeurope.com\/es\/wp-json\/wp\/v2\/product\/1422"}],"collection":[{"href":"https:\/\/caliweedeurope.com\/es\/wp-json\/wp\/v2\/product"}],"about":[{"href":"https:\/\/caliweedeurope.com\/es\/wp-json\/wp\/v2\/types\/product"}],"replies":[{"embeddable":true,"href":"https:\/\/caliweedeurope.com\/es\/wp-json\/wp\/v2\/comments?post=1422"}],"wp:featuredmedia":[{"embeddable":true,"href":"https:\/\/caliweedeurope.com\/es\/wp-json\/wp\/v2\/media\/1438"}],"wp:attachment":[{"href":"https:\/\/caliweedeurope.com\/es\/wp-json\/wp\/v2\/media?parent=1422"}],"wp:term":[{"taxonomy":"product_brand","embeddable":true,"href":"https:\/\/caliweedeurope.com\/es\/wp-json\/wp\/v2\/product_brand?post=1422"},{"taxonomy":"product_cat","embeddable":true,"href":"https:\/\/caliweedeurope.com\/es\/wp-json\/wp\/v2\/product_cat?post=1422"},{"taxonomy":"product_tag","embeddable":true,"href":"https:\/\/caliweedeurope.com\/es\/wp-json\/wp\/v2\/product_tag?post=1422"}],"curies":[{"name":"wp","href":"https:\/\/api.w.org\/{rel}","templated":true}]}}