{"id":1428,"date":"2024-11-03T21:32:51","date_gmt":"2024-11-03T21:32:51","guid":{"rendered":"https:\/\/caliweedeurope.com\/?post_type=product&#038;p=1428"},"modified":"2024-11-03T21:33:26","modified_gmt":"2024-11-03T21:33:26","slug":"gelato-weed-strain-for-sale","status":"publish","type":"product","link":"https:\/\/caliweedeurope.com\/es\/product\/gelato-weed-strain-for-sale\/","title":{"rendered":"Gelato Weed strain For sale"},"content":{"rendered":"<h1><\/h1>\n<h1>\u00a0Compra Gelato Weed Strain \u2013 Marihuana ex\u00f3tica de primera categor\u00eda<\/h1>\n<p class=\"translation-block\">\u00a1Otra cepa de primera clase de Deligentman.com! <span style=\"font-size: 14pt\"><strong>Gelato Weed<\/strong><\/span> es el resultado del cruce entre Thin Mint Girl Scout Cookies y Sunset Sherbet, dos cepas populares por sus sabores y aromas incre\u00edblemente deliciosos. La cepa Gelato tiene aromas y sabores descritos como terrosos, dulces, mentolados, c\u00edtricos, de bayas, de roble, de sorbete, naranja, lavanda y galleta. La planta Gelato es corta y robusta. Sus hojas son de color verde bosque con tonalidades p\u00farpura oscuro. Los cogollos de Gelato tienen un aspecto p\u00farpura oscuro y est\u00e1n atravesados por pistilos de color naranja brillante. Sus cogollos son pegajosos con una cobertura media de cristales de tricomas.<\/p>\n<p>La cepa Gelato de marihuana tiene niveles altos de THC que van del 15 al 25%, lo que la convierte en una cepa bastante potente. Los efectos h\u00edbridos de THC Design est\u00e1n bien equilibrados: una interesante mezcla de vigor y relajaci\u00f3n. Si deseas un efecto corporal t\u00edpico de \u00edndica combinado con la claridad de una sativa que te mantenga lo suficientemente activo como para disfrutar de los efectos de una cepa, esta es para ti. Sus efectos son r\u00e1pidos, comenzando con una oleada de euforia y un subid\u00f3n mental intenso. El efecto cerebral que proporciona es dichoso y estimulante. Una vibraci\u00f3n corporal gradual se impone lentamente hasta que te sientas completamente relajado y tranquilo, pero con suficiente energ\u00eda y enfoque para mantenerte positivo y sociable.<\/p>\n<p class=\"translation-block\">Compra Gelato 45 UK<b>,\u00a0<\/b>Gelato\u00a0<b>#45 vs 33 tambi\u00e9n compra <\/b>Gelato 45\u00a0<b>allbud,\u00a0<\/b>Gelato\u00a0<b>41<\/b>-cepa,\u00a0Gelato\u00a0<b>#45 rendimiento,\u00a0<\/b>Gelato 45-cepa\u00a0<b>Smart Cart,\u00a0<\/b>Gelato 45\u00a0<b>vs 33,\u00a0<\/b>Gelato 45-cepa\u00a0<b>Indica o Sativa,\u00a0<\/b><b>Gelati vs<\/b>\u00a0Gelato-cepa,\u00a0Gelato-cepa\u00a0<b>45,\u00a0<\/b><b>Shark<\/b>-Gelato-cepa,\u00a0Gelato\u00a0<b>41<\/b>-cepa,\u00a0<b>Wedding Cake<\/b>-cepa,\u00a0<b>Blueberry<\/b>-Gelato-cepa,\u00a0<b>Lemon<\/b>-Gelato-cepa, cannabis<\/p>\n<h3>Beneficios m\u00e9dicos del uso de la cepa h\u00edbrida Gelato Weed<\/h3>\n<p>El ligero efecto cerebral de Gelato, combinado con su relajaci\u00f3n corporal simult\u00e1nea, lo convierte en un favorito para los trastornos de ansiedad y el estr\u00e9s cr\u00f3nico. Gelato proporciona un impulso de energ\u00eda cerebral que ayuda a aliviar la depresi\u00f3n cr\u00f3nica. Esta estimulaci\u00f3n tambi\u00e9n puede ser beneficiosa para los pacientes con trastornos de atenci\u00f3n como TDAH y TDA. El componente Indica relajar\u00e1 el cuerpo para suprimir la hiperactividad, mientras que el Sativa proporcionar\u00e1 la estimulaci\u00f3n necesaria para un enfoque sostenido. La cepa Gelato ayudar\u00e1 con las n\u00e1useas gracias a su sabor y aroma tentadores; adem\u00e1s, esta cepa de cannabis Gelato tambi\u00e9n ayudar\u00e1 con el apetito en pacientes que experimentan n\u00e1useas debido a la quimioterapia contra el c\u00e1ncer o enfermedades autoinmunes.<\/p>\n<h3>Efectos de la cepa de marihuana Gelato 45<\/h3>\n<ul>\n<li>Feliz<\/li>\n<li>Euf\u00f3rico<\/li>\n<li>Relajado<\/li>\n<li>Elevado<\/li>\n<li>Creativo<\/li>\n<\/ul>\n<p>Clasificaci\u00f3n: 55% Indica \/ 45% Sativa<\/p>\n<p>Procedencia: Thin Mint Girl Scout Cookies X Sunset Sherbet<\/p>\n<p>Floraci\u00f3n: 8 \u2013 9 semanas<\/p>\n<p>Condiciones de cultivo: Interior \/ Exterior<\/p>\n<p>Rendimiento: Medio a Alto<\/p>\n<p>&nbsp;<\/p>\n<div id=\"extrares\">\n<div id=\"botstuff\">\n<div data-ved=\"2ahUKEwjOnKHOuNLqAhVbHzQIHWV0BAUQCHoECA0QKA\">\n<div id=\"brs\" data-hveid=\"CAwQAA\">\n<div class=\"card-section\">\n<div class=\"brs_col\">\n<p class=\"nVcaUb translation-block\">Compra Gelato 45 UK<b>, d\u00f3nde comprar <\/b>Gelato\u00a0<b>#45 vs 33, <\/b>Gelato 45\u00a0<b>todo el bud en venta, <\/b>Gelato\u00a0<b>41<\/b> cepa, Gelato\u00a0<b>#45 rendimiento, <\/b>Gelato 45 cepa\u00a0<b>Smart Cart, <\/b>Gelato 45\u00a0<b>vs 33, <\/b>Gelato 45 cepa\u00a0<b>indica o sativa, <\/b><b>gelati vs<\/b> cepa gelato, cepa gelato\u00a0<b>45, tambi\u00e9n puedes comprar <\/b><b>Shark<\/b> gelato cepa, Gelato\u00a0<b>41<\/b> cepa, <b>wedding cake<\/b> cepa, <b>blueberry<\/b> gelato cepa, <b>sherbet<\/b> cepa, <b>lemon<\/b> gelato cepa. Puedes comprar Gelato <a href=\"https:\/\/kifpot.com\/\" target=\"_blank\" rel=\"noopener\">flores de CBD de c\u00e1\u00f1amo<\/a><\/p>\n<p class=\"translation-block\"><a href=\"https:\/\/deligentman.com\/buy-cannabis-online-uk\/\" target=\"_blank\" rel=\"noopener\"><span style=\"font-weight: 400\">Nuestra tienda<\/span><\/a><span style=\"font-weight: 400\"> es una de las mejores tiendas para comprar marihuana online en el Reino Unido, Europa, EE. UU. y la UE, con o sin tarjeta m\u00e9dica. Tambi\u00e9n tenemos variedades de marihuana de alta calidad a la venta. Marihuana de Irlanda a la venta en los EE. UU. Ofrecemos env\u00edo gratuito en todo el Reino Unido, Europa y EE. UU. Aquatic Weed Cutter a la venta en el Reino Unido. C\u00f3mo comprar marihuana online, <\/span><span style=\"font-weight: 400\">realiza pedidos de marihuana online en el Reino Unido, EE. UU., UE. <\/span>Compra Cannabis online, puedes pedir marihuana y cannabis online en el Reino Unido. Entregamos r\u00e1pidamente con Next Day Delivery. Obt\u00e9n Cannabis y marihuana a la venta en el Weed Supermarket del Reino Unido. Compra Cannabis online en el Reino Unido y realiza pedidos de marihuana UK, Compra marihuana online UK Compra marihuana online UK. Entregamos r\u00e1pidamente con Next Day Delivery. Marihuana a la venta en el Reino Unido. Aquatic Weed Cutter a la venta en el Reino Unido. C\u00f3mo comprar marihuana online.<\/p>\n<\/p><\/div>\n<\/p><\/div>\n<\/p><\/div>\n<\/p><\/div>\n<\/p><\/div>\n<\/p><\/div>\n<div>\n<div id=\"foot\" role=\"navigation\">\n<div class=\"brs_col\">\n<p class=\"nVcaUb\"> <\/div>\n<\/p><\/div>\n<\/p><\/div>","protected":false},"excerpt":{"rendered":"<p>Gelato Weed combina el encanto suave y afrutado de Sunset Sherbert con la terrosa y herbal esencia de Thin Mints. Con disponibilidad limitada y un aspecto y sabor atrevidos, esta cepa entra en una categor\u00eda emergente de h\u00edbridos artesanales de la costa oeste centrados en el sabor. Gelato presenta m\u00faltiples rasgos deseables de su linaje altamente cruzado, destacando por sus llamativos visuales y sabor. Su vibra alucinante pero relajante la convierte en una opci\u00f3n perfecta para la introspecci\u00f3n en solitario o para conversaciones sociales animadas.<a href=\"http:\/\/kifpot.com\">.<\/a><\/p>","protected":false},"featured_media":1440,"comment_status":"closed","ping_status":"closed","template":"","meta":{"_uag_custom_page_level_css":"","site-sidebar-layout":"default","site-content-layout":"","ast-site-content-layout":"","site-content-style":"default","site-sidebar-style":"default","ast-global-header-display":"","ast-banner-title-visibility":"","ast-main-header-display":"","ast-hfb-above-header-display":"","ast-hfb-below-header-display":"","ast-hfb-mobile-header-display":"","site-post-title":"","ast-breadcrumbs-content":"","ast-featured-img":"","footer-sml-layout":"","theme-transparent-header-meta":"","adv-header-id-meta":"","stick-header-meta":"","header-above-stick-meta":"","header-main-stick-meta":"","header-below-stick-meta":"","astra-migrate-meta-layouts":"default","ast-page-background-enabled":"default","ast-page-background-meta":{"desktop":{"background-color":"var(--ast-global-color-4)","background-image":"","background-repeat":"repeat","background-position":"center center","background-size":"auto","background-attachment":"scroll","background-type":"","background-media":"","overlay-type":"","overlay-color":"","overlay-opacity":"","overlay-gradient":""},"tablet":{"background-color":"","background-image":"","background-repeat":"repeat","background-position":"center center","background-size":"auto","background-attachment":"scroll","background-type":"","background-media":"","overlay-type":"","overlay-color":"","overlay-opacity":"","overlay-gradient":""},"mobile":{"background-color":"","background-image":"","background-repeat":"repeat","background-position":"center center","background-size":"auto","background-attachment":"scroll","background-type":"","background-media":"","overlay-type":"","overlay-color":"","overlay-opacity":"","overlay-gradient":""}},"ast-content-background-meta":{"desktop":{"background-color":"var(--ast-global-color-5)","background-image":"","background-repeat":"repeat","background-position":"center center","background-size":"auto","background-attachment":"scroll","background-type":"","background-media":"","overlay-type":"","overlay-color":"","overlay-opacity":"","overlay-gradient":""},"tablet":{"background-color":"var(--ast-global-color-5)","background-image":"","background-repeat":"repeat","background-position":"center center","background-size":"auto","background-attachment":"scroll","background-type":"","background-media":"","overlay-type":"","overlay-color":"","overlay-opacity":"","overlay-gradient":""},"mobile":{"background-color":"var(--ast-global-color-5)","background-image":"","background-repeat":"repeat","background-position":"center center","background-size":"auto","background-attachment":"scroll","background-type":"","background-media":"","overlay-type":"","overlay-color":"","overlay-opacity":"","overlay-gradient":""}}},"product_brand":[],"product_cat":[22,228],"product_tag":[229,230,231,232,233,234,235,236,237,238,239,240,241,242,243,244,245,246,247,248,138,249],"class_list":{"0":"post-1428","1":"product","2":"type-product","3":"status-publish","4":"has-post-thumbnail","6":"product_cat-hybrid","7":"product_cat-indica","8":"product_tag-blueberry-gelato-strain","9":"product_tag-buy-gelato-45-uk","10":"product_tag-buy-gelato-weed","11":"product_tag-buy-weed-online-uk","12":"product_tag-eu-buy-cannabis-online","13":"product_tag-europe","14":"product_tag-gelati-vs-gelato-strain","15":"product_tag-gelato-45-vs-33","16":"product_tag-gelato-45-yield","17":"product_tag-gelato-41-strain","18":"product_tag-gelato-45-allbud","19":"product_tag-gelato-45-strain-indica-or-sativa","20":"product_tag-gelato-45-strain-smart-cart","21":"product_tag-gelato-strain-45","22":"product_tag-how-to-buy-gelato-strain","23":"product_tag-lemon-gelato-strain","24":"product_tag-mail-order-weed-uk","25":"product_tag-order-weed-online-uk","26":"product_tag-shark-gelato-strain","27":"product_tag-usa","28":"product_tag-wedding-cake-strain","29":"product_tag-where-to-buy-gelato-weed","30":"desktop-align-center","31":"tablet-align-left","32":"mobile-align-left","34":"first","35":"instock","36":"sale","37":"shipping-taxable","38":"purchasable","39":"product-type-variable"},"uagb_featured_image_src":{"full":["https:\/\/caliweedeurope.com\/wp-content\/uploads\/2024\/11\/gelato__primary_0dc7.jpg",1040,1024,false],"thumbnail":["https:\/\/caliweedeurope.com\/wp-content\/uploads\/2024\/11\/gelato__primary_0dc7-150x150.jpg",150,150,true],"medium":["https:\/\/caliweedeurope.com\/wp-content\/uploads\/2024\/11\/gelato__primary_0dc7-300x295.jpg",300,295,true],"medium_large":["https:\/\/caliweedeurope.com\/wp-content\/uploads\/2024\/11\/gelato__primary_0dc7-768x756.jpg",768,756,true],"large":["https:\/\/caliweedeurope.com\/wp-content\/uploads\/2024\/11\/gelato__primary_0dc7-1024x1008.jpg",1024,1008,true],"1536x1536":["https:\/\/caliweedeurope.com\/wp-content\/uploads\/2024\/11\/gelato__primary_0dc7.jpg",1040,1024,false],"2048x2048":["https:\/\/caliweedeurope.com\/wp-content\/uploads\/2024\/11\/gelato__primary_0dc7.jpg",1040,1024,false],"trp-custom-language-flag":["https:\/\/caliweedeurope.com\/wp-content\/uploads\/2024\/11\/gelato__primary_0dc7.jpg",12,12,false],"woocommerce_thumbnail":["https:\/\/caliweedeurope.com\/wp-content\/uploads\/2024\/11\/gelato__primary_0dc7-300x300.jpg",300,300,true],"woocommerce_single":["https:\/\/caliweedeurope.com\/wp-content\/uploads\/2024\/11\/gelato__primary_0dc7-600x591.jpg",600,591,true],"woocommerce_gallery_thumbnail":["https:\/\/caliweedeurope.com\/wp-content\/uploads\/2024\/11\/gelato__primary_0dc7-100x100.jpg",100,100,true]},"uagb_author_info":{"display_name":"jetskiforsaleuk@gmail.com","author_link":"https:\/\/caliweedeurope.com\/es\/author\/"},"uagb_comment_info":0,"uagb_excerpt":"Gelato Weed has all the smooth and fruity appeal of Sunset Sherbert with the earthy, herbal goodness of Thin Mints. With limited availability and a bold look and taste, this strain falls into an emerging category of west coast craft hybrids that are focused on taste. Carrying multiple desirable traits from its heavily crossbred lineage,&hellip;","_links":{"self":[{"href":"https:\/\/caliweedeurope.com\/es\/wp-json\/wp\/v2\/product\/1428"}],"collection":[{"href":"https:\/\/caliweedeurope.com\/es\/wp-json\/wp\/v2\/product"}],"about":[{"href":"https:\/\/caliweedeurope.com\/es\/wp-json\/wp\/v2\/types\/product"}],"replies":[{"embeddable":true,"href":"https:\/\/caliweedeurope.com\/es\/wp-json\/wp\/v2\/comments?post=1428"}],"wp:featuredmedia":[{"embeddable":true,"href":"https:\/\/caliweedeurope.com\/es\/wp-json\/wp\/v2\/media\/1440"}],"wp:attachment":[{"href":"https:\/\/caliweedeurope.com\/es\/wp-json\/wp\/v2\/media?parent=1428"}],"wp:term":[{"taxonomy":"product_brand","embeddable":true,"href":"https:\/\/caliweedeurope.com\/es\/wp-json\/wp\/v2\/product_brand?post=1428"},{"taxonomy":"product_cat","embeddable":true,"href":"https:\/\/caliweedeurope.com\/es\/wp-json\/wp\/v2\/product_cat?post=1428"},{"taxonomy":"product_tag","embeddable":true,"href":"https:\/\/caliweedeurope.com\/es\/wp-json\/wp\/v2\/product_tag?post=1428"}],"curies":[{"name":"wp","href":"https:\/\/api.w.org\/{rel}","templated":true}]}}