{"id":1449,"date":"2024-11-03T21:33:04","date_gmt":"2024-11-03T21:33:04","guid":{"rendered":"https:\/\/caliweedeurope.com\/?post_type=product&#038;p=1449"},"modified":"2024-11-03T21:33:26","modified_gmt":"2024-11-03T21:33:26","slug":"buy-710-kingpen-vape-cartridges","status":"publish","type":"product","link":"https:\/\/caliweedeurope.com\/es\/product\/buy-710-kingpen-vape-cartridges\/","title":{"rendered":"Compra cartuchos de vape 710 Kingpen"},"content":{"rendered":"<h1><strong>COMPRAR 710 KINGPEN VAPE-CARTUCHOS UK ENTREGA ONLINE BARATO EUROPA<\/strong><\/h1>\n<p>\u00bfBuscas comprar cartuchos de 710 KingPen en l\u00ednea o la entrega del vaporizador 710 KingPen? <a href=\"https:\/\/weedmaps.com\/brands\/710-kingpen\" target=\"_blank\" rel=\"noopener noreferrer\">710 KingPen<\/a>\u00a0es el vaporizador personal de marihuana \/ THC de LoudPack Extracts, o \"Vape Pen\". Este dispositivo ha ganado popularidad en los \u00faltimos a\u00f1os, ya que los productos de tabaco adoptan un aspecto y una sensaci\u00f3n similar con su versi\u00f3n del vape pen llamada E-Cigs, y el estigma asociado con el consumo de marihuana sigue desapareciendo.\u00a0<a href=\"https:\/\/www.leafly.com\/brands\/710-kingpen\" target=\"_blank\" rel=\"noopener noreferrer\">710 KingPen<\/a>\u00a0es el vaporizador port\u00e1til de \u00faltima generaci\u00f3n, dise\u00f1ado para calentar el producto a una temperatura justo por debajo del nivel de combusti\u00f3n, de modo que produzca vapor que se inhala, en lugar de humo. Muchos pacientes m\u00e9dicos de marihuana que no pueden fumar dependen de esta forma de medicaci\u00f3n. Es un hecho m\u00e9dico bien conocido que los carcin\u00f3genos asociados con fumar son mucho m\u00e1s peligrosos que el m\u00e9todo de vaporizaci\u00f3n. Y debido a que el 710 KingPen ofrece una forma discreta de usar cannabis medicinal en p\u00fablico, es naturalmente muy demandado tambi\u00e9n en los mercados recreativos. Compra 710 Kingpen Vape-Cartridges.<\/p>\n<h2 class=\"css-1jisqi6\">7 Beneficios y usos del aceite de CBD (m\u00e1s efectos secundarios)<\/h2>\n<p>El cannabidiol es un remedio natural popular utilizado para muchos problemas comunes. Mejor conocido como CBD, es uno de los m\u00e1s de 100 compuestos qu\u00edmicos conocidos como cannabinoides que se encuentran en la planta de cannabis o marihuana.\u00a0<em>Cannabis sativa<\/em>. Compra cartuchos de vapeo 710 Kingpen<\/p>\n<p>El tetrahidrocannabinol (THC) es el principal cannabinoide psicoactivo que se encuentra en el cannabis y causa la sensaci\u00f3n de \"colocarse\" que a menudo se asocia con la marihuana. Sin embargo,\u00a0<a class=\"content-link css-5r4717\" href=\"https:\/\/www.healthline.com\/health\/cbd-vs-thc\" target=\"_blank\" rel=\"noopener noreferrer\">unlike THC<\/a>, El CBD no es psicoactivo.<\/p>\n<p>Esta cualidad hace que el CBD sea una opci\u00f3n atractiva para quienes buscan alivio del dolor y otros s\u00edntomas sin los efectos psicoactivos de la marihuana o ciertos medicamentos farmac\u00e9uticos. El aceite de CBD se elabora extrayendo CBD de la planta de cannabis y diluy\u00e9ndolo con un aceite portador como el aceite de coco o de semilla de c\u00e1\u00f1amo.<\/p>\n<p>Est\u00e1 ganando impulso en el mundo de la salud y el bienestar, con algunos estudios cient\u00edficos que confirman que puede aliviar s\u00edntomas como el dolor cr\u00f3nico y la ansiedad. Aqu\u00ed tienes siete beneficios para la salud del aceite de CBD respaldados por evidencia cient\u00edfica.<\/p>\n<h3>Puede aliviar el dolor \u2013 Compre cartuchos de vapeo 710 Kingpen Reino Unido, EE. UU., Europa<\/h3>\n<p>La marihuana se ha utilizado para tratar el dolor desde el a\u00f1o 2900 a.C. M\u00e1s recientemente, los cient\u00edficos han descubierto que ciertos componentes de la marihuana, incluido el CBD, son responsables de sus efectos analg\u00e9sicos. El cuerpo humano contiene un sistema especializado llamado\u00a0<a class=\"content-link css-5r4717\" href=\"https:\/\/www.healthline.com\/health\/endocannabinoid-system\" target=\"_blank\" rel=\"noopener noreferrer\">endocannabinoid system (ECS)<\/a>, que est\u00e1 involucrado en la regulaci\u00f3n de varias funciones, como el sue\u00f1o, el apetito, el dolor y la respuesta del sistema inmunol\u00f3gico.<\/p>\n<p>El cuerpo produce endocannabinoides, que son neurotransmisores que se unen a los receptores de cannabinoides en el sistema nervioso. Los estudios han demostrado que el CBD puede ayudar a reducir el dolor cr\u00f3nico al influir en la actividad de los receptores endocannabinoides, reducir la inflamaci\u00f3n e interactuar con los neurotransmisores.<\/p>\n<p>Por ejemplo, un estudio en ratas encontr\u00f3 que las inyecciones de CBD reduc\u00edan la respuesta al dolor por una incisi\u00f3n quir\u00fargica, mientras que otro estudio en ratas mostr\u00f3 que el tratamiento oral con CBD reduc\u00eda significativamente el dolor del nervio ci\u00e1tico y la inflamaci\u00f3n. Varios estudios en humanos han demostrado que una combinaci\u00f3n de CBD y THC es eficaz para tratar el dolor relacionado con la esclerosis m\u00faltiple y la artritis. <a href=\"https:\/\/deligentman.com\/\" target=\"_blank\" rel=\"noopener\">mail order weed uk<\/a>.<\/p>\n<p>Un aerosol oral llamado Sativex, una combinaci\u00f3n de THC y CBD, est\u00e1 aprobado en varios pa\u00edses para tratar el dolor relacionado con la esclerosis m\u00faltiple. Un estudio con 47 personas con esclerosis m\u00faltiple examin\u00f3 los efectos de tomar Sativex durante un mes. Los participantes experimentaron mejoras en el dolor, la movilidad y los espasmos musculares. Sin embargo, el estudio no incluy\u00f3 un grupo de control, por lo que no se pueden descartar efectos placebo. Otro estudio encontr\u00f3 que Sativex mejor\u00f3 significativamente el dolor durante el movimiento, el dolor en reposo y la calidad del sue\u00f1o en 58 personas con artritis reumatoide.<\/p>\n<p>kingpen oil, buy online, 710 kingpen vape pen, 710 cartridge, 710 king pen battery kit for sale, best vape pen for kingpen cartridges, buy vape carts, gelato kingpen, Buy Kingpen Vape Cartridges,<\/p>","protected":false},"excerpt":{"rendered":"<p>BUY 710 KINGPEN VAPE-CARTRIDGES UK ONLINE DELIVERY CHEAP EUROPE Looking to Buy 710 kingpen vape cartridges online. or 710 kingpen vape pen delivery?. The 710 KingPen\u00a0is LoudPack Extracts personal marijuana \/ THC vaporizer, or \u201cVape Pen\u201d. This device has gained popularity in recent years, as tobacco products take on a similar look-and-feel with their version [&hellip;]<\/p>","protected":false},"featured_media":1476,"comment_status":"closed","ping_status":"closed","template":"","meta":{"_uag_custom_page_level_css":"","site-sidebar-layout":"default","site-content-layout":"","ast-site-content-layout":"","site-content-style":"default","site-sidebar-style":"default","ast-global-header-display":"","ast-banner-title-visibility":"","ast-main-header-display":"","ast-hfb-above-header-display":"","ast-hfb-below-header-display":"","ast-hfb-mobile-header-display":"","site-post-title":"","ast-breadcrumbs-content":"","ast-featured-img":"","footer-sml-layout":"","theme-transparent-header-meta":"","adv-header-id-meta":"","stick-header-meta":"","header-above-stick-meta":"","header-main-stick-meta":"","header-below-stick-meta":"","astra-migrate-meta-layouts":"default","ast-page-background-enabled":"default","ast-page-background-meta":{"desktop":{"background-color":"var(--ast-global-color-4)","background-image":"","background-repeat":"repeat","background-position":"center center","background-size":"auto","background-attachment":"scroll","background-type":"","background-media":"","overlay-type":"","overlay-color":"","overlay-opacity":"","overlay-gradient":""},"tablet":{"background-color":"","background-image":"","background-repeat":"repeat","background-position":"center center","background-size":"auto","background-attachment":"scroll","background-type":"","background-media":"","overlay-type":"","overlay-color":"","overlay-opacity":"","overlay-gradient":""},"mobile":{"background-color":"","background-image":"","background-repeat":"repeat","background-position":"center center","background-size":"auto","background-attachment":"scroll","background-type":"","background-media":"","overlay-type":"","overlay-color":"","overlay-opacity":"","overlay-gradient":""}},"ast-content-background-meta":{"desktop":{"background-color":"var(--ast-global-color-5)","background-image":"","background-repeat":"repeat","background-position":"center center","background-size":"auto","background-attachment":"scroll","background-type":"","background-media":"","overlay-type":"","overlay-color":"","overlay-opacity":"","overlay-gradient":""},"tablet":{"background-color":"var(--ast-global-color-5)","background-image":"","background-repeat":"repeat","background-position":"center center","background-size":"auto","background-attachment":"scroll","background-type":"","background-media":"","overlay-type":"","overlay-color":"","overlay-opacity":"","overlay-gradient":""},"mobile":{"background-color":"var(--ast-global-color-5)","background-image":"","background-repeat":"repeat","background-position":"center center","background-size":"auto","background-attachment":"scroll","background-type":"","background-media":"","overlay-type":"","overlay-color":"","overlay-opacity":"","overlay-gradient":""}}},"product_brand":[],"product_cat":[114],"product_tag":[272,273,274,275,276,277,278,279,280,281,282,283,284,245,285,286,287,288,289],"class_list":{"0":"post-1449","1":"product","2":"type-product","3":"status-publish","4":"has-post-thumbnail","6":"product_cat-wholesale-vape-cartridges-online","7":"product_tag-710-cartridge","8":"product_tag-710-king-pen-battery-kit-for-sale","9":"product_tag-710-kingpen-vape-pen","10":"product_tag-best-vape-pen-for-kingpen-cartridges","11":"product_tag-buy-cannabis-online","12":"product_tag-buy-kingpen-vape-cartridges","13":"product_tag-buy-online","14":"product_tag-buy-vape-cartridges-uk","15":"product_tag-buy-vape-carts","16":"product_tag-cannabis-online-in-the-uk","17":"product_tag-gelato-kingpen","18":"product_tag-get-cannabis","19":"product_tag-kingpen-oil","20":"product_tag-mail-order-weed-uk","21":"product_tag-order-weed-online-ireland","22":"product_tag-we-deliver-fast-using-next-day-delivery","23":"product_tag-weed-for-sale-in-uk","24":"product_tag-weed-supermarket-buy-cannabis-online-uk","25":"product_tag-you-can-order-weed","26":"desktop-align-center","27":"tablet-align-left","28":"mobile-align-left","30":"first","31":"instock","32":"sale","33":"shipping-taxable","34":"purchasable","35":"product-type-variable"},"uagb_featured_image_src":{"full":["https:\/\/caliweedeurope.com\/wp-content\/uploads\/2024\/11\/Buy-710-Kingpen-Vape-Cartridges.jpg",1080,1080,false],"thumbnail":["https:\/\/caliweedeurope.com\/wp-content\/uploads\/2024\/11\/Buy-710-Kingpen-Vape-Cartridges-150x150.jpg",150,150,true],"medium":["https:\/\/caliweedeurope.com\/wp-content\/uploads\/2024\/11\/Buy-710-Kingpen-Vape-Cartridges-300x300.jpg",300,300,true],"medium_large":["https:\/\/caliweedeurope.com\/wp-content\/uploads\/2024\/11\/Buy-710-Kingpen-Vape-Cartridges-768x768.jpg",768,768,true],"large":["https:\/\/caliweedeurope.com\/wp-content\/uploads\/2024\/11\/Buy-710-Kingpen-Vape-Cartridges-1024x1024.jpg",1024,1024,true],"1536x1536":["https:\/\/caliweedeurope.com\/wp-content\/uploads\/2024\/11\/Buy-710-Kingpen-Vape-Cartridges.jpg",1080,1080,false],"2048x2048":["https:\/\/caliweedeurope.com\/wp-content\/uploads\/2024\/11\/Buy-710-Kingpen-Vape-Cartridges.jpg",1080,1080,false],"trp-custom-language-flag":["https:\/\/caliweedeurope.com\/wp-content\/uploads\/2024\/11\/Buy-710-Kingpen-Vape-Cartridges.jpg",12,12,false],"woocommerce_thumbnail":["https:\/\/caliweedeurope.com\/wp-content\/uploads\/2024\/11\/Buy-710-Kingpen-Vape-Cartridges-300x300.jpg",300,300,true],"woocommerce_single":["https:\/\/caliweedeurope.com\/wp-content\/uploads\/2024\/11\/Buy-710-Kingpen-Vape-Cartridges-600x600.jpg",600,600,true],"woocommerce_gallery_thumbnail":["https:\/\/caliweedeurope.com\/wp-content\/uploads\/2024\/11\/Buy-710-Kingpen-Vape-Cartridges-100x100.jpg",100,100,true]},"uagb_author_info":{"display_name":"jetskiforsaleuk@gmail.com","author_link":"https:\/\/caliweedeurope.com\/es\/author\/"},"uagb_comment_info":0,"uagb_excerpt":"BUY 710 KINGPEN VAPE-CARTRIDGES UK ONLINE DELIVERY CHEAP EUROPE Looking to Buy 710 kingpen vape cartridges online. or 710 kingpen vape pen delivery?. The 710 KingPen\u00a0is LoudPack Extracts personal marijuana \/ THC vaporizer, or \u201cVape Pen\u201d. This device has gained popularity in recent years, as tobacco products take on a similar look-and-feel with their version&hellip;","_links":{"self":[{"href":"https:\/\/caliweedeurope.com\/es\/wp-json\/wp\/v2\/product\/1449"}],"collection":[{"href":"https:\/\/caliweedeurope.com\/es\/wp-json\/wp\/v2\/product"}],"about":[{"href":"https:\/\/caliweedeurope.com\/es\/wp-json\/wp\/v2\/types\/product"}],"replies":[{"embeddable":true,"href":"https:\/\/caliweedeurope.com\/es\/wp-json\/wp\/v2\/comments?post=1449"}],"wp:featuredmedia":[{"embeddable":true,"href":"https:\/\/caliweedeurope.com\/es\/wp-json\/wp\/v2\/media\/1476"}],"wp:attachment":[{"href":"https:\/\/caliweedeurope.com\/es\/wp-json\/wp\/v2\/media?parent=1449"}],"wp:term":[{"taxonomy":"product_brand","embeddable":true,"href":"https:\/\/caliweedeurope.com\/es\/wp-json\/wp\/v2\/product_brand?post=1449"},{"taxonomy":"product_cat","embeddable":true,"href":"https:\/\/caliweedeurope.com\/es\/wp-json\/wp\/v2\/product_cat?post=1449"},{"taxonomy":"product_tag","embeddable":true,"href":"https:\/\/caliweedeurope.com\/es\/wp-json\/wp\/v2\/product_tag?post=1449"}],"curies":[{"name":"wp","href":"https:\/\/api.w.org\/{rel}","templated":true}]}}