{"id":1454,"date":"2024-11-03T21:33:04","date_gmt":"2024-11-03T21:33:04","guid":{"rendered":"https:\/\/caliweedeurope.com\/?post_type=product&#038;p=1454"},"modified":"2024-11-03T21:33:26","modified_gmt":"2024-11-03T21:33:26","slug":"buy-acdc-marijuana-strain","status":"publish","type":"product","link":"https:\/\/caliweedeurope.com\/es\/product\/buy-acdc-marijuana-strain\/","title":{"rendered":"Compra la cepa de marihuana ACDC"},"content":{"rendered":"<h1>Compra la cepa de marihuana ACDC \u2013 Buy weed Europe<\/h1>\n<p>Compra marihuana ACDC en Europa, Reino Unido, EE. UU., Tan reconfortante y revitalizante como escuchar algunas de tus canciones favoritas, <a href=\"https:\/\/www.leafly.com\/strains\/acdc\" target=\"_blank\" rel=\"noopener noreferrer\">ACDC<\/a>\u00a0esta variedad tambi\u00e9n te revitalizar\u00e1 y te preparar\u00e1 para rockear. Tiene un nivel de CBD muy alto y ha sido elegida como una de las mejores variedades con alto contenido de CBD para uso medicinal. ACDC puede ayudar con todo tipo de problemas, desde el dolor nervioso y la esclerosis m\u00faltiple hasta la epilepsia y el PTSD. Todo esto con casi ning\u00fan efecto psicoactivo. Aunque no producen efectos psicoactivos, las cepas de cannabis con alto contenido de CBD como ACDC est\u00e1n en gran demanda debido a su forma de terapia no intoxicante y 100 % natural.<\/p>\n<p>ACDC est\u00e1 entre las raras variedades de\u00a0<a href=\"https:\/\/www.bonzaseeds.com\/blog\/different-types-cannabis-plants\/\" target=\"_blank\" rel=\"noopener noreferrer\">cannabis<\/a> ACDC es una de las variedades raras que ofrece un \"high\" sin efectos psicoactivos. Con esta variedad, no hay experiencias psicod\u00e9licas ni efectos narc\u00f3ticos. Donde sobresale es en su uso m\u00e9dico. Por eso, algunas personas prefieren considerarla como un suplemento diet\u00e9tico. Compra la variedad ACDC o semillas para aliviar el dolor, la ansiedad, el sue\u00f1o y la depresi\u00f3n al por mayor en Europa, desde una dispensario en l\u00ednea leg\u00edtima con entrega gratuita durante la noche. \u00bfSe puede comprar marihuana en Georgia? \u00bfD\u00f3nde puedo comprar marihuana en Georgia? Compra marihuana en Irlanda, compra una pipa para marihuana en Irlanda, el mejor lugar para comprar marihuana en Irlanda.<\/p>\n<div class=\"css-63oe3q\">\n<div class=\"css-63oe3q\"><\/div>\n<\/p><\/div>\n<h2><strong>Cannabis en Venta en L\u00ednea \u2013 Cannabis M\u00e9dico en Venta \u2013 Comprar la Cepa ACDC<\/strong><\/h2>\n<p>ACDC ha recibido varios premios y reconocimientos. En un mundo donde la mayor\u00eda de las personas piensa en el cannabis en t\u00e9rminos de potencia, este es lo contrario. Contiene hasta un 24 % de CBD, lo que lo convierte en un tratamiento eficaz para las convulsiones y la epilepsia.<\/p>\n<p>Aunque muchas cepas de marihuana est\u00e1n dise\u00f1adas para hacerte volar,\u00a0<strong>tener unas buenas carcajadas<\/strong>, y 'ajustas' la qu\u00edmica de tu cerebro hasta el punto de no tomarte la vida tan en serio, existe un reino de marihuana medicinal cuyo \u00fanico prop\u00f3sito es curar el cuerpo y la mente, sin efectos psicoactivos.<\/p>\n<p>Estos tipos de cannabis son una creaci\u00f3n relativamente nueva, ya que solo comenzaron a ganar popularidad cuando las personas se dieron cuenta de que los altos niveles de CBD pueden producir resultados terap\u00e9uticos profundos, sin pr\u00e1cticamente ning\u00fan subid\u00f3n. De hecho, muchas personas en los \u00faltimos a\u00f1os han solicitado a los criadores que desarrollen cepas con un alto porcentaje de CBD, por estas mismas razones. ACDC ha recibido un brillante reconocimiento en la comunidad cann\u00e1bica, incluso ganando un Cannabis Cup por sus efectos terap\u00e9uticos y no intoxicantes.<\/p>\n<h2 class=\"translation-block\">ACDC Strain de Marihuana: Informaci\u00f3n sobre el cultivo \u2013 \u00bfPuedo<strong> comprar marihuana online en Europa?<\/strong><\/h2>\n<p>El cannabis ACDC es una planta de tama\u00f1o medio, que normalmente crece hasta aproximadamente cuatro pies como m\u00e1ximo. Su estructura de planta es similar a la de las variedades tradicionales \u00abskunk\u00bb, con cogollos que se agrupan en grandes racimos conocidos como colas. La mayor\u00eda estar\u00eda de acuerdo en que el cannabis ACDC es bastante dif\u00edcil de cultivar y requiere mucho mantenimiento para una cosecha exitosa. La planta necesita un gran soporte, comenzando con una plataforma a la que pueda sujetarse, para desarrollar un tallo y ramas fuertes.<\/p>\n<p class=\"translation-block\">ACDC traza su linaje a partir de <a href=\"https:\/\/www.bonzaseeds.com\/blog\/cannatonic\/\" target=\"_blank\" rel=\"noopener noreferrer\">CannaTonic<\/a>. De esa variedad, NorStar Genetics seleccion\u00f3 cuidadosamente uno de sus fenotipos. Luego lo cruzaron con una planta de cannabis <a href=\"https:\/\/www.bonzaseeds.com\/blog\/different-types-cannabis-plants\/\" target=\"_blank\" rel=\"noopener noreferrer\">Ruderalis<\/a>. En esencia, lo que hizo el criador fue crear una versi\u00f3n mejorada de la cepa madre original, con mucho menos THC pero m\u00e1s CBD.<\/p>\n<p>acdc strain allbud, acdc strain seeds, acdc strain edibles, acdc cbd oil online, cannatonic strain, acdc strain for sale, ac dc cbd oil for sale, ac dc strain information, ac dc greatest hits, ac dc strain marijuana, acdc strain seeds, acdc strain oil, acdc strain near me, acdc cbd oil online, cbd strains, Ac Dc Strain Info, Acdc Flower Strain, Ac Dc Cbd Oil For Sale, Acdc Cookie Strain, All Marijuana Strain List A Z, Cannabis Strains Guide Chart, Ac Dc Cbd Oil, Complete List Of Marijuana Strains, Ac Dc Cbd Hemp Flower, Acdc Flower Strain, Acdc Strain For Sale, Ac Dc Cbd Flower, Acdc Hemp Flowers For Sale, Acdc Weed Strain For Sale, Buy Acdc Flower<\/p>","protected":false},"excerpt":{"rendered":"<p><b>Compra la cepa de marihuana ACDC\u00a0<a href=\"https:\/\/www.wikileaf.com\/strain\/acdc\/\">acdc<\/a>\u00a0Strain a la venta en Europa se utiliza para el dolor, la ansiedad, el sue\u00f1o y la depresi\u00f3n. \u00bfEst\u00e1s buscando proveedores de cannabis ACDC al por mayor en Europa con entrega gratuita durante la noche?<\/b>\u00a0 Puedes comprar marihuana en Europa. Mejor calidad y excelentes servicios de entrega. La satisfacci\u00f3n del cliente es nuestra principal prioridad. Contamos con un equipo de empaquetado altamente capacitado, especializado en ofrecer un embalaje discreto perfecto donde se cuidan todos los olores y otros factores. Ofrecemos una garant\u00eda de devoluci\u00f3n de dinero de 7 d\u00edas para todos los pedidos si el pedido se pierde o no se recibe. Rellena el formulario a continuaci\u00f3n si deseas realizar un pedido combinado o negociar el precio para pedidos al por mayor (5 libras o m\u00e1s). Visita nuestra p\u00e1gina de preguntas frecuentes para m\u00e1s detalles o utiliza nuestro chat en l\u00ednea si necesitas m\u00e1s asistencia.<\/p>","protected":false},"featured_media":1478,"comment_status":"closed","ping_status":"closed","template":"","meta":{"_uag_custom_page_level_css":"","site-sidebar-layout":"default","site-content-layout":"","ast-site-content-layout":"","site-content-style":"default","site-sidebar-style":"default","ast-global-header-display":"","ast-banner-title-visibility":"","ast-main-header-display":"","ast-hfb-above-header-display":"","ast-hfb-below-header-display":"","ast-hfb-mobile-header-display":"","site-post-title":"","ast-breadcrumbs-content":"","ast-featured-img":"","footer-sml-layout":"","theme-transparent-header-meta":"","adv-header-id-meta":"","stick-header-meta":"","header-above-stick-meta":"","header-main-stick-meta":"","header-below-stick-meta":"","astra-migrate-meta-layouts":"default","ast-page-background-enabled":"default","ast-page-background-meta":{"desktop":{"background-color":"var(--ast-global-color-4)","background-image":"","background-repeat":"repeat","background-position":"center center","background-size":"auto","background-attachment":"scroll","background-type":"","background-media":"","overlay-type":"","overlay-color":"","overlay-opacity":"","overlay-gradient":""},"tablet":{"background-color":"","background-image":"","background-repeat":"repeat","background-position":"center center","background-size":"auto","background-attachment":"scroll","background-type":"","background-media":"","overlay-type":"","overlay-color":"","overlay-opacity":"","overlay-gradient":""},"mobile":{"background-color":"","background-image":"","background-repeat":"repeat","background-position":"center center","background-size":"auto","background-attachment":"scroll","background-type":"","background-media":"","overlay-type":"","overlay-color":"","overlay-opacity":"","overlay-gradient":""}},"ast-content-background-meta":{"desktop":{"background-color":"var(--ast-global-color-5)","background-image":"","background-repeat":"repeat","background-position":"center center","background-size":"auto","background-attachment":"scroll","background-type":"","background-media":"","overlay-type":"","overlay-color":"","overlay-opacity":"","overlay-gradient":""},"tablet":{"background-color":"var(--ast-global-color-5)","background-image":"","background-repeat":"repeat","background-position":"center center","background-size":"auto","background-attachment":"scroll","background-type":"","background-media":"","overlay-type":"","overlay-color":"","overlay-opacity":"","overlay-gradient":""},"mobile":{"background-color":"var(--ast-global-color-5)","background-image":"","background-repeat":"repeat","background-position":"center center","background-size":"auto","background-attachment":"scroll","background-type":"","background-media":"","overlay-type":"","overlay-color":"","overlay-opacity":"","overlay-gradient":""}}},"product_brand":[],"product_cat":[22,228],"product_tag":[290,291,292,276,293,294,295,296,297,281,283,245,285,286,287,288,298,289],"class_list":{"0":"post-1454","1":"product","2":"type-product","3":"status-publish","4":"has-post-thumbnail","6":"product_cat-hybrid","7":"product_cat-indica","8":"product_tag-an-you-buy-weed-in-ga","9":"product_tag-best-place-to-buy-weed-ireland","10":"product_tag-buy-cannabis","11":"product_tag-buy-cannabis-online","12":"product_tag-buy-weed-france","13":"product_tag-buy-weed-germanay","14":"product_tag-buy-weed-ireland","15":"product_tag-buy-weed-pipe-ireland","16":"product_tag-buy-weed-poland","17":"product_tag-cannabis-online-in-the-uk","18":"product_tag-get-cannabis","19":"product_tag-mail-order-weed-uk","20":"product_tag-order-weed-online-ireland","21":"product_tag-we-deliver-fast-using-next-day-delivery","22":"product_tag-weed-for-sale-in-uk","23":"product_tag-weed-supermarket-buy-cannabis-online-uk","24":"product_tag-where-can-i-buy-weed-in-ga","25":"product_tag-you-can-order-weed","26":"desktop-align-center","27":"tablet-align-left","28":"mobile-align-left","30":"first","31":"instock","32":"sale","33":"shipping-taxable","34":"purchasable","35":"product-type-variable"},"uagb_featured_image_src":{"full":["https:\/\/caliweedeurope.com\/wp-content\/uploads\/2024\/11\/89348954-340894593489.jpeg",937,1171,false],"thumbnail":["https:\/\/caliweedeurope.com\/wp-content\/uploads\/2024\/11\/89348954-340894593489-150x150.jpeg",150,150,true],"medium":["https:\/\/caliweedeurope.com\/wp-content\/uploads\/2024\/11\/89348954-340894593489-240x300.jpeg",240,300,true],"medium_large":["https:\/\/caliweedeurope.com\/wp-content\/uploads\/2024\/11\/89348954-340894593489-768x960.jpeg",768,960,true],"large":["https:\/\/caliweedeurope.com\/wp-content\/uploads\/2024\/11\/89348954-340894593489-819x1024.jpeg",819,1024,true],"1536x1536":["https:\/\/caliweedeurope.com\/wp-content\/uploads\/2024\/11\/89348954-340894593489.jpeg",937,1171,false],"2048x2048":["https:\/\/caliweedeurope.com\/wp-content\/uploads\/2024\/11\/89348954-340894593489.jpeg",937,1171,false],"trp-custom-language-flag":["https:\/\/caliweedeurope.com\/wp-content\/uploads\/2024\/11\/89348954-340894593489.jpeg",10,12,false],"woocommerce_thumbnail":["https:\/\/caliweedeurope.com\/wp-content\/uploads\/2024\/11\/89348954-340894593489-300x300.jpeg",300,300,true],"woocommerce_single":["https:\/\/caliweedeurope.com\/wp-content\/uploads\/2024\/11\/89348954-340894593489-600x750.jpeg",600,750,true],"woocommerce_gallery_thumbnail":["https:\/\/caliweedeurope.com\/wp-content\/uploads\/2024\/11\/89348954-340894593489-100x100.jpeg",100,100,true]},"uagb_author_info":{"display_name":"jetskiforsaleuk@gmail.com","author_link":"https:\/\/caliweedeurope.com\/es\/author\/"},"uagb_comment_info":0,"uagb_excerpt":"Buy ACDC Marijuana Strain,\u00a0acdc\u00a0strain for sale Europe is use for pain, anxiety, sleep, depression. Are you looking for\u00a0 bulk ACDC cannabis suppliers in Europe with free overnight delivery?.\u00a0 you can Buy Weed in Europe .Best quality &amp; delivery services are excellent. Customer satisfaction is our top priority. We\u2019ve got an excellent trained packaging team that&hellip;","_links":{"self":[{"href":"https:\/\/caliweedeurope.com\/es\/wp-json\/wp\/v2\/product\/1454"}],"collection":[{"href":"https:\/\/caliweedeurope.com\/es\/wp-json\/wp\/v2\/product"}],"about":[{"href":"https:\/\/caliweedeurope.com\/es\/wp-json\/wp\/v2\/types\/product"}],"replies":[{"embeddable":true,"href":"https:\/\/caliweedeurope.com\/es\/wp-json\/wp\/v2\/comments?post=1454"}],"wp:featuredmedia":[{"embeddable":true,"href":"https:\/\/caliweedeurope.com\/es\/wp-json\/wp\/v2\/media\/1478"}],"wp:attachment":[{"href":"https:\/\/caliweedeurope.com\/es\/wp-json\/wp\/v2\/media?parent=1454"}],"wp:term":[{"taxonomy":"product_brand","embeddable":true,"href":"https:\/\/caliweedeurope.com\/es\/wp-json\/wp\/v2\/product_brand?post=1454"},{"taxonomy":"product_cat","embeddable":true,"href":"https:\/\/caliweedeurope.com\/es\/wp-json\/wp\/v2\/product_cat?post=1454"},{"taxonomy":"product_tag","embeddable":true,"href":"https:\/\/caliweedeurope.com\/es\/wp-json\/wp\/v2\/product_tag?post=1454"}],"curies":[{"name":"wp","href":"https:\/\/api.w.org\/{rel}","templated":true}]}}