{"id":1466,"date":"2024-11-03T21:33:05","date_gmt":"2024-11-03T21:33:05","guid":{"rendered":"https:\/\/caliweedeurope.com\/?post_type=product&#038;p=1466"},"modified":"2024-11-03T21:33:51","modified_gmt":"2024-11-03T21:33:51","slug":"biscotti","status":"publish","type":"product","link":"https:\/\/caliweedeurope.com\/es\/product\/biscotti\/","title":{"rendered":"Biscotti"},"content":{"rendered":"<h2>Compra la gen\u00e9tica de la cepa Biscotti en l\u00ednea<\/h2>\n<p><span class=\"pirate_article\">Compra la gen\u00e9tica de la cepa Biscotti en l\u00ednea. Esta cepa fue creada por Cookies Fam. Ellos afirman ser los pioneros de muchas de estas cepas excepcionalmente potentes, y es dif\u00edcil estar en desacuerdo con ellos. Biscotti es un cruce entre:<br \/> <\/span><\/p>\n<ul>\n<li>Gelato #25<\/li>\n<li>Girl Scout Cookies<\/li>\n<li>Gorilla Glue #4<br \/> Aunque es dif\u00edcil decir si esto es completamente correcto, ya que algunas personas dicen que es Gelato x South Florida OG, definitivamente es una de estas combinaciones. Gelato es en s\u00ed misma una strain 'dankenstein', y Gorilla Glue #4 y Girl Scout Cookies son dos de las cepas m\u00e1s conocidas en el mundo. Biscotti es una cepa definitiva con probablemente uno de los mejores perfiles de sabor en el negocio.<\/li>\n<\/ul>\n<p><span class=\"pirate_article\">Este es el verdadero punto clave. Desafortunadamente, como las semillas no est\u00e1n disponibles en l\u00ednea y la cepa es excepcionalmente rara en general, el precio es muy alto. En \u00c1msterdam, probablemente est\u00e9s mirando al menos $40 por gramo. En Am\u00e9rica del Norte, ser\u00e1 un poco m\u00e1s barato, pero a\u00fan as\u00ed no es barato. Un gramo costar\u00e1 al menos $25 en un dispensario en California. Sin embargo, debido a su potencia, probablemente valga la pena.<\/span><\/p>\n<p>SABOR DE LA CEPA DE CANNABIS BISCOTTI<\/p>\n<ol>\n<li>Frutal<\/li>\n<li>Con sabor a nuez<\/li>\n<li>Picante<\/li>\n<li>Azucarado<\/li>\n<li>Dulce<\/li>\n<\/ol>\n<p><span class=\"pirate_article\">Biscotti es definitivamente una cepa que querr\u00e1s experimentar en un vaporizador de flores. Aunque tambi\u00e9n es una de esas cepas que sabe bien sin importar c\u00f3mo la fumes, definitivamente vale la pena sacar tu confiable vaporizador de flores para esta. Es simplemente una de las cepas con mejor sabor disponibles en el mercado en este momento, y al combustionar se arruina un poco el sabor. Al usar un vaporizador, no hay combusti\u00f3n, lo que mantiene intacto el perfil elegante de sabor de Biscotti. Adem\u00e1s, si mueles la hierba primero, sabr\u00e1 a\u00fan mejor en tu vaporizador.<\/span><\/p>\n<h5><strong>WAX, SHATTER, COMESTIBLES, ETC.\u00a0<\/strong><\/h5>\n<p><span class=\"pirate_article\">Cualquier cepa puede convertirse en cera o aceite. No es un proceso f\u00e1cil, pero t\u00e9cnicamente puedes hacer Butane Hash Oil de cualquier cepa en casa. Se considera peligroso, as\u00ed que ten mucho cuidado si decides intentarlo. Si logras encontrar suficiente de esta cepa para convertirla en concentrado, entender\u00e1s por qu\u00e9 la gente elige cepas como esta. B\u00e1sicamente, las cepas se eligen por su sabor y potencia. Biscotti, como ya hemos visto, tiene ambos. Esto lo convierte en una excelente opci\u00f3n para hacer concentrados.<\/span><\/p>\n<h3>Detalles sobre la marihuana Biscotti<\/h3>\n<p>La gen\u00e9tica de Cookies tiene sus ra\u00edces en muchas de las mejores variedades disponibles. Muchas variedades tienen su gen\u00e9tica y ni siquiera lo sabes. As\u00ed que ten en cuenta que la variedad Biscotti es un cruce cl\u00e1sico de Cookies con una variedad OG del sur: Gelato #25 cruzado con South Florida OG.<\/p>\n<p>En Klarie Canna Care Dispensary ofrecemos las mejores variedades de marihuana y sus otros productos relacionados, como aceites de cannabis, Moonrocks, cartuchos para vaporizadores, Edibles, Concentrados, Hach\u00eds, Harley Twin, Strawberry Lemonade, Sour Jack, Grease Monkey, Orange Kush, Pineapple Kush, Skywalker Indica, White Widow, Tom Ford, Diablo OG Kush, Biscotti Cookies, Nice Cream Weed. Vis\u00edtanos <a href=\"https:\/\/deligentman.com\/\" target=\"_blank\" rel=\"noopener\">deligentman.com<\/a><\/p>\n<p>Compra hierba en l\u00ednea en los Estados Unidos, compra hierba en l\u00ednea en Gran Breta\u00f1a, compra hierba en l\u00ednea en Irlanda, compra hierba en l\u00ednea en Suiza, compra hierba en l\u00ednea en Australia, compra hierba en l\u00ednea en Italia, compra hierba en l\u00ednea en Dinamarca, compra hierba en l\u00ednea en la Uni\u00f3n Europea, compra hierba en l\u00ednea en Francia, compra hierba en l\u00ednea en Alemania, compra hierba en l\u00ednea en B\u00e9lgica, compra hierba en l\u00ednea en Polonia, compra hierba en l\u00ednea en Letonia, compra hierba en l\u00ednea en Israel, compra hierba en l\u00ednea en Turqu\u00eda, compra hierba en l\u00ednea en Jersey, compra hierba en l\u00ednea en China, compra hierba en l\u00ednea en Ucrania, compra hierba en l\u00ednea en Hungr\u00eda, compra hierba en l\u00ednea en Suecia, compra hierba en l\u00ednea en Jap\u00f3n, compra hierba en l\u00ednea en Espa\u00f1a, compra hierba en l\u00ednea en Rusia, compra hierba en l\u00ednea en Croacia, compra hierba en l\u00ednea en Guam, compra hierba en l\u00ednea en Guernsey.<\/p>","protected":false},"excerpt":{"rendered":"<p>La\u00a0<b>variedad Biscotti<\/b>\u00a0es un cl\u00e1sico de Cookies, cruzado con una cepa OG del sur\u00a0<b>strain<\/b>: Gelato #25 cruzada con South Florida OG. ... Las gen\u00e9ticas de la familia Cookies son conocidas por ser potentes h\u00edbridos Indica con aromas dulces y ex\u00f3ticos. Girl Scout Cookies es la galleta original <b>strain<\/b>.<\/p>","protected":false},"featured_media":1502,"comment_status":"closed","ping_status":"closed","template":"","meta":{"_uag_custom_page_level_css":"","site-sidebar-layout":"default","site-content-layout":"","ast-site-content-layout":"","site-content-style":"default","site-sidebar-style":"default","ast-global-header-display":"","ast-banner-title-visibility":"","ast-main-header-display":"","ast-hfb-above-header-display":"","ast-hfb-below-header-display":"","ast-hfb-mobile-header-display":"","site-post-title":"","ast-breadcrumbs-content":"","ast-featured-img":"","footer-sml-layout":"","theme-transparent-header-meta":"","adv-header-id-meta":"","stick-header-meta":"","header-above-stick-meta":"","header-main-stick-meta":"","header-below-stick-meta":"","astra-migrate-meta-layouts":"default","ast-page-background-enabled":"default","ast-page-background-meta":{"desktop":{"background-color":"var(--ast-global-color-4)","background-image":"","background-repeat":"repeat","background-position":"center center","background-size":"auto","background-attachment":"scroll","background-type":"","background-media":"","overlay-type":"","overlay-color":"","overlay-opacity":"","overlay-gradient":""},"tablet":{"background-color":"","background-image":"","background-repeat":"repeat","background-position":"center center","background-size":"auto","background-attachment":"scroll","background-type":"","background-media":"","overlay-type":"","overlay-color":"","overlay-opacity":"","overlay-gradient":""},"mobile":{"background-color":"","background-image":"","background-repeat":"repeat","background-position":"center center","background-size":"auto","background-attachment":"scroll","background-type":"","background-media":"","overlay-type":"","overlay-color":"","overlay-opacity":"","overlay-gradient":""}},"ast-content-background-meta":{"desktop":{"background-color":"var(--ast-global-color-5)","background-image":"","background-repeat":"repeat","background-position":"center center","background-size":"auto","background-attachment":"scroll","background-type":"","background-media":"","overlay-type":"","overlay-color":"","overlay-opacity":"","overlay-gradient":""},"tablet":{"background-color":"var(--ast-global-color-5)","background-image":"","background-repeat":"repeat","background-position":"center center","background-size":"auto","background-attachment":"scroll","background-type":"","background-media":"","overlay-type":"","overlay-color":"","overlay-opacity":"","overlay-gradient":""},"mobile":{"background-color":"var(--ast-global-color-5)","background-image":"","background-repeat":"repeat","background-position":"center center","background-size":"auto","background-attachment":"scroll","background-type":"","background-media":"","overlay-type":"","overlay-color":"","overlay-opacity":"","overlay-gradient":""}}},"product_brand":[],"product_cat":[228],"product_tag":[201,202,203,204,205,206,207,208,209,210,211,212,213,214,215,216,217,218,219,220,221,222,223,224,225,226],"class_list":{"0":"post-1466","1":"product","2":"type-product","3":"status-publish","4":"has-post-thumbnail","6":"product_cat-indica","7":"product_tag-buy-weed-online-in-australia","8":"product_tag-buy-weed-online-in-belgium","9":"product_tag-buy-weed-online-in-britain","10":"product_tag-buy-weed-online-in-china","11":"product_tag-buy-weed-online-in-croatia","12":"product_tag-buy-weed-online-in-denmark","13":"product_tag-buy-weed-online-in-european-union","14":"product_tag-buy-weed-online-in-france","15":"product_tag-buy-weed-online-in-germany","16":"product_tag-buy-weed-online-in-guam","17":"product_tag-buy-weed-online-in-guernsey","18":"product_tag-buy-weed-online-in-hungary","19":"product_tag-buy-weed-online-in-ireland","20":"product_tag-buy-weed-online-in-israel","21":"product_tag-buy-weed-online-in-italy","22":"product_tag-buy-weed-online-in-japan","23":"product_tag-buy-weed-online-in-jersey","24":"product_tag-buy-weed-online-in-latvia","25":"product_tag-buy-weed-online-in-poland","26":"product_tag-buy-weed-online-in-russia","27":"product_tag-buy-weed-online-in-spain","28":"product_tag-buy-weed-online-in-sweeden","29":"product_tag-buy-weed-online-in-switzerland","30":"product_tag-buy-weed-online-in-turkey","31":"product_tag-buy-weed-online-in-ukraine","32":"product_tag-buy-weed-online-united-states","33":"desktop-align-center","34":"tablet-align-left","35":"mobile-align-left","37":"first","38":"instock","39":"shipping-taxable","40":"purchasable","41":"product-type-variable"},"uagb_featured_image_src":{"full":["https:\/\/caliweedeurope.com\/wp-content\/uploads\/2024\/11\/treegod415_53405499_427674184643905_7221474027484783232_n.jpg",1080,1350,false],"thumbnail":["https:\/\/caliweedeurope.com\/wp-content\/uploads\/2024\/11\/treegod415_53405499_427674184643905_7221474027484783232_n-150x150.jpg",150,150,true],"medium":["https:\/\/caliweedeurope.com\/wp-content\/uploads\/2024\/11\/treegod415_53405499_427674184643905_7221474027484783232_n-240x300.jpg",240,300,true],"medium_large":["https:\/\/caliweedeurope.com\/wp-content\/uploads\/2024\/11\/treegod415_53405499_427674184643905_7221474027484783232_n-768x960.jpg",768,960,true],"large":["https:\/\/caliweedeurope.com\/wp-content\/uploads\/2024\/11\/treegod415_53405499_427674184643905_7221474027484783232_n-819x1024.jpg",819,1024,true],"1536x1536":["https:\/\/caliweedeurope.com\/wp-content\/uploads\/2024\/11\/treegod415_53405499_427674184643905_7221474027484783232_n.jpg",1080,1350,false],"2048x2048":["https:\/\/caliweedeurope.com\/wp-content\/uploads\/2024\/11\/treegod415_53405499_427674184643905_7221474027484783232_n.jpg",1080,1350,false],"trp-custom-language-flag":["https:\/\/caliweedeurope.com\/wp-content\/uploads\/2024\/11\/treegod415_53405499_427674184643905_7221474027484783232_n.jpg",10,12,false],"woocommerce_thumbnail":["https:\/\/caliweedeurope.com\/wp-content\/uploads\/2024\/11\/treegod415_53405499_427674184643905_7221474027484783232_n-300x300.jpg",300,300,true],"woocommerce_single":["https:\/\/caliweedeurope.com\/wp-content\/uploads\/2024\/11\/treegod415_53405499_427674184643905_7221474027484783232_n-600x750.jpg",600,750,true],"woocommerce_gallery_thumbnail":["https:\/\/caliweedeurope.com\/wp-content\/uploads\/2024\/11\/treegod415_53405499_427674184643905_7221474027484783232_n-100x100.jpg",100,100,true]},"uagb_author_info":{"display_name":"jetskiforsaleuk@gmail.com","author_link":"https:\/\/caliweedeurope.com\/es\/author\/"},"uagb_comment_info":0,"uagb_excerpt":"The\u00a0Biscotti strain\u00a0is a Cookies classic crossed a southern OG\u00a0strain: Gelato #25 crossed with South Florida OG. \u2026 Cookies Family genetics are known to be potent Indica-hybrids that have sweet and exotic aromatics. Girl Scout Cookies is the original cookies strain.","_links":{"self":[{"href":"https:\/\/caliweedeurope.com\/es\/wp-json\/wp\/v2\/product\/1466"}],"collection":[{"href":"https:\/\/caliweedeurope.com\/es\/wp-json\/wp\/v2\/product"}],"about":[{"href":"https:\/\/caliweedeurope.com\/es\/wp-json\/wp\/v2\/types\/product"}],"replies":[{"embeddable":true,"href":"https:\/\/caliweedeurope.com\/es\/wp-json\/wp\/v2\/comments?post=1466"}],"wp:featuredmedia":[{"embeddable":true,"href":"https:\/\/caliweedeurope.com\/es\/wp-json\/wp\/v2\/media\/1502"}],"wp:attachment":[{"href":"https:\/\/caliweedeurope.com\/es\/wp-json\/wp\/v2\/media?parent=1466"}],"wp:term":[{"taxonomy":"product_brand","embeddable":true,"href":"https:\/\/caliweedeurope.com\/es\/wp-json\/wp\/v2\/product_brand?post=1466"},{"taxonomy":"product_cat","embeddable":true,"href":"https:\/\/caliweedeurope.com\/es\/wp-json\/wp\/v2\/product_cat?post=1466"},{"taxonomy":"product_tag","embeddable":true,"href":"https:\/\/caliweedeurope.com\/es\/wp-json\/wp\/v2\/product_tag?post=1466"}],"curies":[{"name":"wp","href":"https:\/\/api.w.org\/{rel}","templated":true}]}}