{"id":1470,"date":"2024-11-03T21:33:05","date_gmt":"2024-11-03T21:33:05","guid":{"rendered":"https:\/\/caliweedeurope.com\/?post_type=product&#038;p=1470"},"modified":"2024-11-03T21:33:51","modified_gmt":"2024-11-03T21:33:51","slug":"northern-lights","status":"publish","type":"product","link":"https:\/\/caliweedeurope.com\/es\/product\/northern-lights\/","title":{"rendered":"Northern lights"},"content":{"rendered":"<h1>Northern lights indica strain<\/h1>\n<p>Some strains are simply famous;\u00a0<strong>Northern Lights\u00a0(Afghanica)<\/strong>, however, has reached legendary status.<\/p>\n<p>If you are a regular cannabis user, there is a very high probability that you have tried either Northern Lights. Or one of the strain\u2019s sister varieties, such as:\u00a0<strong>Sour Diesel\u00a0<\/strong>y\u00a0<strong>Shiva Skunk<\/strong>, just to name a few. Northern Lights\u2019 exact lineage and history are shrouded in mystery and might be forever lost.<\/p>\n<p>The most\u00a0dominant\u00a0theory is that the strain originated in the Pacific Northwest with little fan fare. Then made its way to Holland where the two best phenotypes were cross (Northern Lights #5 x Northern Lights #2). The NL #5 has taken over the most important roll in the cross because NL #5 adds potency and reduces flowering time. NL #2 gives the strain the awsome taste and smell, and contributes to the overall vigor and strength of the high. Also NL #2 is a hardier plant with better resistance to mold and pests than other phenotypes.<\/p>\n<h2><strong>Looks and Smell of\u00a0Northern Lights\u00a0<\/strong><\/h2>\n<p>This was a beautiful strain to gaze at, both up close and from afar. The eighth I received for this review was in the form of one large nug that had an artful trim. Showcasing all of the \u201cinner-workings\u201d of the bud while still leaving a perfect amount of leaf matter behind to look natural. The coloration was very light overall with crispy greens and almost golden-colored pistils all over. northern lights indica strain.<\/p>\n<p>Northern Lights presents itself with compact, dense buds coated with a silvery-white frosting of trichromes often separated by a few centimeters of stalk, making trimming a breeze and producing an excellent yield. While the buds are tight and thick (typical indica structure), they are not so impenetrable that bud rot is a major problem\u2013as this can be a big problem for a lot of indica strains\u2013making Northern Lights a nice indica to grow in even humid environments.<\/p>\n<p>The aroma is a fresh, vegetal, and lightly skunky smell from a distance, which turns into a complex, sweet citrus-pine with notes of eucalyptus when the flowres are squeeze. When ground up, the aroma gets even sharper, taking on a musky citrus quality that was reminiscent of burn orange peels mix with a bit of pine. northern lights indica strain.<\/p>\n<h2><strong>El humo<\/strong><\/h2>\n<p>Lightly sweet and citrusy on the inhale, more piney and musky on the exhale. The Northern Lights strain definitely tasted much like it smelled, although a bit less pungent overall. The smoke and flavor have a smooth quality, best described as \u201cbuttery\u201d, but also have elements of expansion that caused coughing fits on larger hits. Vaporizing the bud would probably help to alleviate this. The smooth experience with solid flavor preservation with each hit, the bowl finished out with a very light grey. Almost white ash, showing the grower did a propper flush.<\/p>\n<p>Some say this is a \u201ccreeper\u201d strain, but for me the effects had instant feelings of euphoria and strong almost overwhelming cerebral effects\u2013and that was just the first hit. After a few more tokes, accompanying the intense indica body high, you will start to develop a very nice and comforting sense of well-being and happiness. northern lights indica strain.<\/p>\n<h2><strong>En general<\/strong><\/h2>\n<p>Overall Northern Lights is a great example of old school genetics being invigorated by modern growing techniques. The stout, indica-dominant bud structure with its fat-headed <a href=\"https:\/\/en.wikipedia.org\/wiki\/Trichome\" target=\"_blank\" rel=\"noopener\">trichromes<\/a>. And array of light colors was wonderful to admire and almost made it hard to smoke such a beauty. (I said almost.)<\/p>\n<p>While the smell and flavor both exceeded expectations, the indica dominace was definately noticeable. Although technically a hybrid, most consider this strain an indica, and with a breakdown of 95{9647adbed019fd4c7ecf83ef60527a26f4c7f72b8a228d6f92f94feaaa0f1030} indica, 5{9647adbed019fd4c7ecf83ef60527a26f4c7f72b8a228d6f92f94feaaa0f1030} sativa. This in turn makes the strain a little heavy for daytime functionality. Advisable\u00a0for for moderate to experience smokers. Primarily as an evening or day-off type of indica when strong relaxation is desire.<\/p>\n<p>The high typically lasts 2-3 hours, and the Northern Lights strain is\u00a0proven effective in the treatment of stress, anxiety, nervousness. Also IBS, nausea, depression, chronic pain, back pain, arthritis, and other body-related issues. I also found it very helpful for insomnia issues, and this is now my go-to strain on those sleepless nights.<\/p>\n<p>The only drawback of Northern Lights is that it is becoming quite rare to find the original strain. The majority of dispensaries are not selling the real thing; they are closely \u00a0hybrids, but not the true Northern Lights. So do your homework, talk to reputable people, and get your hands on this classic! <a href=\"https:\/\/deligentman.com\/contact\/\" target=\"_blank\" rel=\"noopener\">Cont\u00e1ctanos<\/a><\/p>\n<p>&nbsp;<\/p>\n<p>Compra hierba en l\u00ednea en los Estados Unidos, compra hierba en l\u00ednea en Gran Breta\u00f1a, compra hierba en l\u00ednea en Irlanda, compra hierba en l\u00ednea en Suiza, compra hierba en l\u00ednea en Australia, compra hierba en l\u00ednea en Italia, compra hierba en l\u00ednea en Dinamarca, compra hierba en l\u00ednea en la Uni\u00f3n Europea, compra hierba en l\u00ednea en Francia, compra hierba en l\u00ednea en Alemania, compra hierba en l\u00ednea en B\u00e9lgica, compra hierba en l\u00ednea en Polonia, compra hierba en l\u00ednea en Letonia, compra hierba en l\u00ednea en Israel, compra hierba en l\u00ednea en Turqu\u00eda, compra hierba en l\u00ednea en Jersey, compra hierba en l\u00ednea en China, compra hierba en l\u00ednea en Ucrania, compra hierba en l\u00ednea en Hungr\u00eda, compra hierba en l\u00ednea en Suecia, compra hierba en l\u00ednea en Jap\u00f3n, compra hierba en l\u00ednea en Espa\u00f1a, compra hierba en l\u00ednea en Rusia, compra hierba en l\u00ednea en Croacia, compra hierba en l\u00ednea en Guam, compra hierba en l\u00ednea en Guernsey.<\/p>","protected":false},"excerpt":{"rendered":"<p>Northern Lights cannabis strain is a world famous, pure Indica from Holland. This kush is a winner of many cannabis awards worldwide. Due to high\u00a0<a href=\"http:\/\/www.thevapecartridges.com\">THC\u00a0<\/a>concentration, Northern Lights is extremely potent, she never fails to deliver an overwhelming body buzz. This herb is not recommended for beginners.<\/p>\n<p>&nbsp;<\/p>\n<p>Compra hierba en l\u00ednea en los Estados Unidos, compra hierba en l\u00ednea en Gran Breta\u00f1a, compra hierba en l\u00ednea en Irlanda, compra hierba en l\u00ednea en Suiza, compra hierba en l\u00ednea en Australia, compra hierba en l\u00ednea en Italia, compra hierba en l\u00ednea en Dinamarca, compra hierba en l\u00ednea en la Uni\u00f3n Europea, compra hierba en l\u00ednea en Francia, compra hierba en l\u00ednea en Alemania, compra hierba en l\u00ednea en B\u00e9lgica, compra hierba en l\u00ednea en Polonia, compra hierba en l\u00ednea en Letonia, compra hierba en l\u00ednea en Israel, compra hierba en l\u00ednea en Turqu\u00eda, compra hierba en l\u00ednea en Jersey, compra hierba en l\u00ednea en China, compra hierba en l\u00ednea en Ucrania, compra hierba en l\u00ednea en Hungr\u00eda, compra hierba en l\u00ednea en Suecia, compra hierba en l\u00ednea en Jap\u00f3n, compra hierba en l\u00ednea en Espa\u00f1a, compra hierba en l\u00ednea en Rusia, compra hierba en l\u00ednea en Croacia, compra hierba en l\u00ednea en Guam, compra hierba en l\u00ednea en Guernsey.<\/p>","protected":false},"featured_media":1504,"comment_status":"closed","ping_status":"closed","template":"","meta":{"_uag_custom_page_level_css":"","site-sidebar-layout":"default","site-content-layout":"","ast-site-content-layout":"","site-content-style":"default","site-sidebar-style":"default","ast-global-header-display":"","ast-banner-title-visibility":"","ast-main-header-display":"","ast-hfb-above-header-display":"","ast-hfb-below-header-display":"","ast-hfb-mobile-header-display":"","site-post-title":"","ast-breadcrumbs-content":"","ast-featured-img":"","footer-sml-layout":"","theme-transparent-header-meta":"","adv-header-id-meta":"","stick-header-meta":"","header-above-stick-meta":"","header-main-stick-meta":"","header-below-stick-meta":"","astra-migrate-meta-layouts":"default","ast-page-background-enabled":"default","ast-page-background-meta":{"desktop":{"background-color":"var(--ast-global-color-4)","background-image":"","background-repeat":"repeat","background-position":"center center","background-size":"auto","background-attachment":"scroll","background-type":"","background-media":"","overlay-type":"","overlay-color":"","overlay-opacity":"","overlay-gradient":""},"tablet":{"background-color":"","background-image":"","background-repeat":"repeat","background-position":"center center","background-size":"auto","background-attachment":"scroll","background-type":"","background-media":"","overlay-type":"","overlay-color":"","overlay-opacity":"","overlay-gradient":""},"mobile":{"background-color":"","background-image":"","background-repeat":"repeat","background-position":"center center","background-size":"auto","background-attachment":"scroll","background-type":"","background-media":"","overlay-type":"","overlay-color":"","overlay-opacity":"","overlay-gradient":""}},"ast-content-background-meta":{"desktop":{"background-color":"var(--ast-global-color-5)","background-image":"","background-repeat":"repeat","background-position":"center center","background-size":"auto","background-attachment":"scroll","background-type":"","background-media":"","overlay-type":"","overlay-color":"","overlay-opacity":"","overlay-gradient":""},"tablet":{"background-color":"var(--ast-global-color-5)","background-image":"","background-repeat":"repeat","background-position":"center center","background-size":"auto","background-attachment":"scroll","background-type":"","background-media":"","overlay-type":"","overlay-color":"","overlay-opacity":"","overlay-gradient":""},"mobile":{"background-color":"var(--ast-global-color-5)","background-image":"","background-repeat":"repeat","background-position":"center center","background-size":"auto","background-attachment":"scroll","background-type":"","background-media":"","overlay-type":"","overlay-color":"","overlay-opacity":"","overlay-gradient":""}}},"product_brand":[],"product_cat":[228],"product_tag":[343,201,202,203,204,205,206,207,208,209,210,211,212,213,214,215,216,217,218,219,220,221,222,223,224,225,226,245],"class_list":{"0":"post-1470","1":"product","2":"type-product","3":"status-publish","4":"has-post-thumbnail","6":"product_cat-indica","7":"product_tag-amsterdam-weed","8":"product_tag-buy-weed-online-in-australia","9":"product_tag-buy-weed-online-in-belgium","10":"product_tag-buy-weed-online-in-britain","11":"product_tag-buy-weed-online-in-china","12":"product_tag-buy-weed-online-in-croatia","13":"product_tag-buy-weed-online-in-denmark","14":"product_tag-buy-weed-online-in-european-union","15":"product_tag-buy-weed-online-in-france","16":"product_tag-buy-weed-online-in-germany","17":"product_tag-buy-weed-online-in-guam","18":"product_tag-buy-weed-online-in-guernsey","19":"product_tag-buy-weed-online-in-hungary","20":"product_tag-buy-weed-online-in-ireland","21":"product_tag-buy-weed-online-in-israel","22":"product_tag-buy-weed-online-in-italy","23":"product_tag-buy-weed-online-in-japan","24":"product_tag-buy-weed-online-in-jersey","25":"product_tag-buy-weed-online-in-latvia","26":"product_tag-buy-weed-online-in-poland","27":"product_tag-buy-weed-online-in-russia","28":"product_tag-buy-weed-online-in-spain","29":"product_tag-buy-weed-online-in-sweeden","30":"product_tag-buy-weed-online-in-switzerland","31":"product_tag-buy-weed-online-in-turkey","32":"product_tag-buy-weed-online-in-ukraine","33":"product_tag-buy-weed-online-united-states","34":"product_tag-mail-order-weed-uk","35":"desktop-align-center","36":"tablet-align-left","37":"mobile-align-left","39":"first","40":"instock","41":"sale","42":"shipping-taxable","43":"purchasable","44":"product-type-variable"},"uagb_featured_image_src":{"full":["https:\/\/caliweedeurope.com\/wp-content\/uploads\/2024\/11\/treegod415_58453957_320375261964783_6446088693689648903_n.jpg",894,1067,false],"thumbnail":["https:\/\/caliweedeurope.com\/wp-content\/uploads\/2024\/11\/treegod415_58453957_320375261964783_6446088693689648903_n-150x150.jpg",150,150,true],"medium":["https:\/\/caliweedeurope.com\/wp-content\/uploads\/2024\/11\/treegod415_58453957_320375261964783_6446088693689648903_n-251x300.jpg",251,300,true],"medium_large":["https:\/\/caliweedeurope.com\/wp-content\/uploads\/2024\/11\/treegod415_58453957_320375261964783_6446088693689648903_n-768x917.jpg",768,917,true],"large":["https:\/\/caliweedeurope.com\/wp-content\/uploads\/2024\/11\/treegod415_58453957_320375261964783_6446088693689648903_n-858x1024.jpg",858,1024,true],"1536x1536":["https:\/\/caliweedeurope.com\/wp-content\/uploads\/2024\/11\/treegod415_58453957_320375261964783_6446088693689648903_n.jpg",894,1067,false],"2048x2048":["https:\/\/caliweedeurope.com\/wp-content\/uploads\/2024\/11\/treegod415_58453957_320375261964783_6446088693689648903_n.jpg",894,1067,false],"trp-custom-language-flag":["https:\/\/caliweedeurope.com\/wp-content\/uploads\/2024\/11\/treegod415_58453957_320375261964783_6446088693689648903_n.jpg",10,12,false],"woocommerce_thumbnail":["https:\/\/caliweedeurope.com\/wp-content\/uploads\/2024\/11\/treegod415_58453957_320375261964783_6446088693689648903_n-300x300.jpg",300,300,true],"woocommerce_single":["https:\/\/caliweedeurope.com\/wp-content\/uploads\/2024\/11\/treegod415_58453957_320375261964783_6446088693689648903_n-600x716.jpg",600,716,true],"woocommerce_gallery_thumbnail":["https:\/\/caliweedeurope.com\/wp-content\/uploads\/2024\/11\/treegod415_58453957_320375261964783_6446088693689648903_n-100x100.jpg",100,100,true]},"uagb_author_info":{"display_name":"jetskiforsaleuk@gmail.com","author_link":"https:\/\/caliweedeurope.com\/es\/author\/"},"uagb_comment_info":0,"uagb_excerpt":"Northern Lights cannabis strain is a world famous, pure Indica from Holland. This kush is a winner of many cannabis awards worldwide. Due to high\u00a0THC\u00a0concentration, Northern Lights is extremely potent, she never fails to deliver an overwhelming body buzz. This herb is not recommended for beginners. &nbsp; buy weed online united states, buy weed online&hellip;","_links":{"self":[{"href":"https:\/\/caliweedeurope.com\/es\/wp-json\/wp\/v2\/product\/1470"}],"collection":[{"href":"https:\/\/caliweedeurope.com\/es\/wp-json\/wp\/v2\/product"}],"about":[{"href":"https:\/\/caliweedeurope.com\/es\/wp-json\/wp\/v2\/types\/product"}],"replies":[{"embeddable":true,"href":"https:\/\/caliweedeurope.com\/es\/wp-json\/wp\/v2\/comments?post=1470"}],"wp:featuredmedia":[{"embeddable":true,"href":"https:\/\/caliweedeurope.com\/es\/wp-json\/wp\/v2\/media\/1504"}],"wp:attachment":[{"href":"https:\/\/caliweedeurope.com\/es\/wp-json\/wp\/v2\/media?parent=1470"}],"wp:term":[{"taxonomy":"product_brand","embeddable":true,"href":"https:\/\/caliweedeurope.com\/es\/wp-json\/wp\/v2\/product_brand?post=1470"},{"taxonomy":"product_cat","embeddable":true,"href":"https:\/\/caliweedeurope.com\/es\/wp-json\/wp\/v2\/product_cat?post=1470"},{"taxonomy":"product_tag","embeddable":true,"href":"https:\/\/caliweedeurope.com\/es\/wp-json\/wp\/v2\/product_tag?post=1470"}],"curies":[{"name":"wp","href":"https:\/\/api.w.org\/{rel}","templated":true}]}}