{"id":1484,"date":"2024-11-03T21:33:28","date_gmt":"2024-11-03T21:33:28","guid":{"rendered":"https:\/\/caliweedeurope.com\/?post_type=product&#038;p=1484"},"modified":"2024-11-03T21:33:51","modified_gmt":"2024-11-03T21:33:51","slug":"grand-daddy-purple-for-sale","status":"publish","type":"product","link":"https:\/\/caliweedeurope.com\/es\/product\/grand-daddy-purple-for-sale\/","title":{"rendered":"Grand Daddy Purple a la venta"},"content":{"rendered":"<h1>Grand Daddy Purple a la venta<\/h1>\n<p class=\"translation-block\">\u00a1Finalmente una Indica para rese\u00f1ar! Antes de que Cookies fuera la variedad de moda, exist\u00eda <strong>Grand Daddy Purple a la venta (GDP)<\/strong>, dominando la comunidad cann\u00e1bica durante m\u00e1s de 5 a\u00f1os. \u00a1Eso es un verdadero reinado! Indudablemente la m\u00e1s famosa de todas las variedades <em>moradas<\/em>. F\u00e1cil de encontrar y f\u00e1cil de cultivar, este pilar de la escena cann\u00e1bica te har\u00e1 volver por m\u00e1s. grand daddy purple strain a la venta.<\/p>\n<p><strong>Aspecto y olor<\/strong><\/p>\n<p class=\"translation-block\"><strong>Grand Daddy Purple a la venta<\/strong> los cogollos son de un verde incre\u00edblemente denso que adquiere tonos morados profundos que se extienden completamente por los cogollos (no solo en el exterior) a medida que la planta crece hasta la madurez. Los pelos naranjas brillantes son abundantes y proporcionan un bonito contraste con los otros colores que salpican los cogollos cubiertos de resina. El olor es simple, y esto puede parecer un poco clich\u00e9, pero realmente huele a uvas.<\/p>\n<p><a href=\"https:\/\/deligentman.com\/wp-content\/uploads\/2020\/01\/can-you-buy-weed-online.jpg\" target=\"_blank\" rel=\"noopener\"><img loading=\"lazy\" decoding=\"async\" class=\"wp-image-7493 size-medium aligncenter\" src=\"https:\/\/deligentman.com\/wp-content\/uploads\/2020\/01\/can-you-buy-weed-online-300x175.jpg\" alt=\"\" width=\"300\" height=\"175\" \/><\/a><\/p>\n<p><strong>El humo<\/strong><\/p>\n<p>En mi vida anterior, cultiv\u00e9 esta variedad durante muchos a\u00f1os. Puedo identificar f\u00e1cilmente GDP solo por su sabor. Nuevamente, un sabor distintivo a uva es el sabor predominante. Este sabor tiende a permanecer en la lengua durante un largo per\u00edodo de tiempo. Los efectos duran mucho tiempo (3-4 horas) con una sensaci\u00f3n suave y uniforme. Una medicina incre\u00edble para terminar la noche con una profunda relajaci\u00f3n corporal. Grand Daddy Purple en venta. <a href=\"https:\/\/deligentman.com\/contact\/\" target=\"_blank\" rel=\"noopener\">Cont\u00e1ctanos ahora<\/a><\/p>\n<p><strong>En general<\/strong><\/p>\n<p class=\"translation-block\">Siempre pienso en <strong>Grand Daddy Purple<\/strong> como una variedad nocturna. Aunque no es la m\u00e1s potente de las Indicas, puedo pensar en muchas otras variedades m\u00e1s adecuadas para el uso diurno. Dicho esto, GDP es <a href=\"https:\/\/www.politico.com\/news\/marijuana-legalization\" target=\"_blank\" rel=\"noopener\">considerada<\/a> una de las mejores variedades \u201ccurativas\u201d. Esta propiedad y su capacidad para aumentar el apetito la convierten en una favorita entre los pacientes que afrontan los efectos secundarios de la quimioterapia. GDP tambi\u00e9n es excelente para problemas de insomnio. Ahora parece estar por todas partes, as\u00ed que si te la encuentras, no pierdas la oportunidad de probar esta legendaria variedad. grand daddy purple a la venta. purple punch strain.<\/p>\n<p>&nbsp;<\/p>\n<p>&nbsp;<\/p>","protected":false},"excerpt":{"rendered":"<p>Grand Daddy Purple Grade A (Indica) a la venta en l\u00ednea en los EE. UU. Puedes comprarlo en nuestra tienda en l\u00ednea de marihuana. Tenemos marihuana a la venta, hierba a la venta en l\u00ednea. ... Grand Daddy Purps es una de las cepas Indica m\u00e1s populares en la costa oeste y quiz\u00e1s la cepa de cannabis 'morado' m\u00e1s conocida en los EE. UU.<\/p>","protected":false},"featured_media":1506,"comment_status":"closed","ping_status":"closed","template":"","meta":{"_uag_custom_page_level_css":"","site-sidebar-layout":"default","site-content-layout":"","ast-site-content-layout":"","site-content-style":"default","site-sidebar-style":"default","ast-global-header-display":"","ast-banner-title-visibility":"","ast-main-header-display":"","ast-hfb-above-header-display":"","ast-hfb-below-header-display":"","ast-hfb-mobile-header-display":"","site-post-title":"","ast-breadcrumbs-content":"","ast-featured-img":"","footer-sml-layout":"","theme-transparent-header-meta":"","adv-header-id-meta":"","stick-header-meta":"","header-above-stick-meta":"","header-main-stick-meta":"","header-below-stick-meta":"","astra-migrate-meta-layouts":"default","ast-page-background-enabled":"default","ast-page-background-meta":{"desktop":{"background-color":"var(--ast-global-color-4)","background-image":"","background-repeat":"repeat","background-position":"center center","background-size":"auto","background-attachment":"scroll","background-type":"","background-media":"","overlay-type":"","overlay-color":"","overlay-opacity":"","overlay-gradient":""},"tablet":{"background-color":"","background-image":"","background-repeat":"repeat","background-position":"center center","background-size":"auto","background-attachment":"scroll","background-type":"","background-media":"","overlay-type":"","overlay-color":"","overlay-opacity":"","overlay-gradient":""},"mobile":{"background-color":"","background-image":"","background-repeat":"repeat","background-position":"center center","background-size":"auto","background-attachment":"scroll","background-type":"","background-media":"","overlay-type":"","overlay-color":"","overlay-opacity":"","overlay-gradient":""}},"ast-content-background-meta":{"desktop":{"background-color":"var(--ast-global-color-5)","background-image":"","background-repeat":"repeat","background-position":"center center","background-size":"auto","background-attachment":"scroll","background-type":"","background-media":"","overlay-type":"","overlay-color":"","overlay-opacity":"","overlay-gradient":""},"tablet":{"background-color":"var(--ast-global-color-5)","background-image":"","background-repeat":"repeat","background-position":"center center","background-size":"auto","background-attachment":"scroll","background-type":"","background-media":"","overlay-type":"","overlay-color":"","overlay-opacity":"","overlay-gradient":""},"mobile":{"background-color":"var(--ast-global-color-5)","background-image":"","background-repeat":"repeat","background-position":"center center","background-size":"auto","background-attachment":"scroll","background-type":"","background-media":"","overlay-type":"","overlay-color":"","overlay-opacity":"","overlay-gradient":""}}},"product_brand":[],"product_cat":[228],"product_tag":[344,345,329,346,347,348,349,350,351,352,353,354,355,356,357,358,331,359,360,361,362,363,364,365,366,367,368,369,370,371,372,373,374,375,376,377,378,379],"class_list":{"0":"post-1484","1":"product","2":"type-product","3":"status-publish","4":"has-post-thumbnail","6":"product_cat-indica","7":"product_tag-buy-cannabis-buds-online-uk","8":"product_tag-buy-cannabis-growing-equipment-uk","9":"product_tag-buy-cannabis-in-uk","10":"product_tag-buy-cannabis-oil-for-cancer-online-uk","11":"product_tag-buy-cannabis-oil-for-cancer-uk","12":"product_tag-buy-cannabis-oil-online-uk","13":"product_tag-buy-cannabis-oil-uk","14":"product_tag-buy-cannabis-online-uk-paypal","15":"product_tag-buy-cannabis-plants-uk","16":"product_tag-buy-cannabis-seeds-in-uk","17":"product_tag-buy-cannabis-seeds-uk","18":"product_tag-buy-cannabis-uk","19":"product_tag-buy-legal-cannabis-online-uk","20":"product_tag-buy-legal-cannabis-uk","21":"product_tag-buy-medical-cannabis-oil-online-uk","22":"product_tag-buy-medical-cannabis-oil-uk","23":"product_tag-buy-medical-cannabis-online-uk","24":"product_tag-buying-cannabis-online-uk","25":"product_tag-buying-cannabis-seeds-uk","26":"product_tag-buying-cannabis-uk","27":"product_tag-can-i-buy-cannabis-online-uk","28":"product_tag-can-you-buy-cannabis-online-uk","29":"product_tag-can-you-buy-cannabis-seeds-in-uk","30":"product_tag-cannabis-energy-drink-where-to-buy-uk","31":"product_tag-cannabis-for-sale-online-uk","32":"product_tag-cannabis-oil-buy-uk","33":"product_tag-cannabis-oil-cancer-where-to-buy-uk","34":"product_tag-cannabis-online-uk","35":"product_tag-cannabis-sale-online-uk","36":"product_tag-cannabis-seeds-online-uk","37":"product_tag-cheapest-cannabis-seeds-online-uk","38":"product_tag-is-it-legal-to-buy-cannabis-seeds-uk","39":"product_tag-online-cannabis-shop-uk","40":"product_tag-ordering-cannabis-online-uk","41":"product_tag-where-can-i-buy-cannabis-oil-for-cancer-in-uk","42":"product_tag-where-can-i-buy-cannabis-oil-in-the-uk","43":"product_tag-where-can-i-buy-cannabis-oil-in-uk","44":"product_tag-where-can-i-buy-cannabis-seeds-in-uk","45":"desktop-align-center","46":"tablet-align-left","47":"mobile-align-left","49":"first","50":"instock","51":"sale","52":"shipping-taxable","53":"purchasable","54":"product-type-variable"},"uagb_featured_image_src":{"full":["https:\/\/caliweedeurope.com\/wp-content\/uploads\/2024\/11\/treegod415_53703777_126930345090400_5544935986039791710_n.jpg",1080,1210,false],"thumbnail":["https:\/\/caliweedeurope.com\/wp-content\/uploads\/2024\/11\/treegod415_53703777_126930345090400_5544935986039791710_n-150x150.jpg",150,150,true],"medium":["https:\/\/caliweedeurope.com\/wp-content\/uploads\/2024\/11\/treegod415_53703777_126930345090400_5544935986039791710_n-268x300.jpg",268,300,true],"medium_large":["https:\/\/caliweedeurope.com\/wp-content\/uploads\/2024\/11\/treegod415_53703777_126930345090400_5544935986039791710_n-768x860.jpg",768,860,true],"large":["https:\/\/caliweedeurope.com\/wp-content\/uploads\/2024\/11\/treegod415_53703777_126930345090400_5544935986039791710_n-914x1024.jpg",914,1024,true],"1536x1536":["https:\/\/caliweedeurope.com\/wp-content\/uploads\/2024\/11\/treegod415_53703777_126930345090400_5544935986039791710_n.jpg",1080,1210,false],"2048x2048":["https:\/\/caliweedeurope.com\/wp-content\/uploads\/2024\/11\/treegod415_53703777_126930345090400_5544935986039791710_n.jpg",1080,1210,false],"trp-custom-language-flag":["https:\/\/caliweedeurope.com\/wp-content\/uploads\/2024\/11\/treegod415_53703777_126930345090400_5544935986039791710_n.jpg",11,12,false],"woocommerce_thumbnail":["https:\/\/caliweedeurope.com\/wp-content\/uploads\/2024\/11\/treegod415_53703777_126930345090400_5544935986039791710_n-300x300.jpg",300,300,true],"woocommerce_single":["https:\/\/caliweedeurope.com\/wp-content\/uploads\/2024\/11\/treegod415_53703777_126930345090400_5544935986039791710_n-600x672.jpg",600,672,true],"woocommerce_gallery_thumbnail":["https:\/\/caliweedeurope.com\/wp-content\/uploads\/2024\/11\/treegod415_53703777_126930345090400_5544935986039791710_n-100x100.jpg",100,100,true]},"uagb_author_info":{"display_name":"jetskiforsaleuk@gmail.com","author_link":"https:\/\/caliweedeurope.com\/es\/author\/"},"uagb_comment_info":0,"uagb_excerpt":"Grand Daddy Purple Grade A (Indica)\u00a0for sale\u00a0online in the US.You can buy it from our weed online shop.We have marijuana\u00a0for sale,weed\u00a0for sale\u00a0online. &#8230; Grand Daddy Purps) is one of the most popular Indica strains on the west coast and is perhaps the most well known \u2018purple\u2019 cannabis strain in the US.","_links":{"self":[{"href":"https:\/\/caliweedeurope.com\/es\/wp-json\/wp\/v2\/product\/1484"}],"collection":[{"href":"https:\/\/caliweedeurope.com\/es\/wp-json\/wp\/v2\/product"}],"about":[{"href":"https:\/\/caliweedeurope.com\/es\/wp-json\/wp\/v2\/types\/product"}],"replies":[{"embeddable":true,"href":"https:\/\/caliweedeurope.com\/es\/wp-json\/wp\/v2\/comments?post=1484"}],"wp:featuredmedia":[{"embeddable":true,"href":"https:\/\/caliweedeurope.com\/es\/wp-json\/wp\/v2\/media\/1506"}],"wp:attachment":[{"href":"https:\/\/caliweedeurope.com\/es\/wp-json\/wp\/v2\/media?parent=1484"}],"wp:term":[{"taxonomy":"product_brand","embeddable":true,"href":"https:\/\/caliweedeurope.com\/es\/wp-json\/wp\/v2\/product_brand?post=1484"},{"taxonomy":"product_cat","embeddable":true,"href":"https:\/\/caliweedeurope.com\/es\/wp-json\/wp\/v2\/product_cat?post=1484"},{"taxonomy":"product_tag","embeddable":true,"href":"https:\/\/caliweedeurope.com\/es\/wp-json\/wp\/v2\/product_tag?post=1484"}],"curies":[{"name":"wp","href":"https:\/\/api.w.org\/{rel}","templated":true}]}}