{"id":1488,"date":"2024-11-03T21:33:28","date_gmt":"2024-11-03T21:33:28","guid":{"rendered":"https:\/\/caliweedeurope.com\/?post_type=product&#038;p=1488"},"modified":"2024-11-03T21:34:15","modified_gmt":"2024-11-03T21:34:15","slug":"sour-diesel","status":"publish","type":"product","link":"https:\/\/caliweedeurope.com\/es\/product\/sour-diesel\/","title":{"rendered":"Sour Diesel"},"content":{"rendered":"<h1>Comprar\u00a0<strong>Sour Diesel<\/strong>\u00a0Online<\/h1>\n<p>Sour Diesel es una de las variedades sativa m\u00e1s fumadas de todos los tiempos. Si nunca has o\u00eddo hablar de esta cepa, probablemente vives en una cueva en Afganist\u00e1n, o alguien que conoces ya la ha probado (y probablemente le encanta). El linaje espec\u00edfico de Sour Diesel es complicado y muy mal documentado, como ocurre con la mayor\u00eda de las cepas antiguas.<\/p>\n<p>Algunos creen que la variedad Sour Diesel simplemente proviene de un fenotipo de Chemdawg que era ligeramente diferente y m\u00e1s inclinado hacia el lado sativa. La teor\u00eda m\u00e1s popular sobre el linaje es que el Diesel original es el resultado de un cruce entre (Chemdawg x Super Skunk x Northern Lights). A menudo llamado \u201cSour D\u201d, este h\u00edbrido mayoritariamente sativa (90% sativa, 10% \u00edndica) obtiene su nombre \u00fanico del olor casi a di\u00e9sel y c\u00edtricos que emite.<\/p>\n<p>Hasta donde s\u00e9, Sour Diesel solo se encuentra en forma de clon, y a menudo es bastante dif\u00edcil de conseguir. Debido a esta escasez del verdadero Sour Diesel, existen muchos h\u00edbridos que han intentado imitar el subid\u00f3n del verdadero Sour Diesel. Algunos se acercan, pero no hay nada como el original.<\/p>\n<h2><strong>Apariencia y olor de Sour Diesel<\/strong><\/h2>\n<p>Sour Diesel es una planta alta y delgada, adecuada tanto para jardines interiores como exteriores. Su follaje se oscurece a un color casi morado en las \u00faltimas semanas de floraci\u00f3n. Los cogollos com\u00fanmente muestran pistilos de color rosa a naranja claro, y la formaci\u00f3n es suelta y en forma de lanza.<\/p>\n<p>Todo el Sour D que he cultivado ha tenido una gran cola con 6-9 ramas m\u00e1s peque\u00f1as.<\/p>\n<p>El olor es muy potente, casi abrumador, pero de alguna manera magn\u00e9tico. Esto se debe a que esta variedad tiene un olor distintivo, penetrante, herb\u00e1ceo, a di\u00e9sel y a lim\u00f3n, que se combina con una excitante r\u00e1faga de energ\u00eda. Dado que tiene una l\u00ednea gen\u00e9tica sativa dominante, es correcto suponer que afectar\u00e1 principalmente la mente.<\/p>\n<h2><strong>El humo<\/strong><\/h2>\n<p>Los fan\u00e1ticos de la variedad suelen usar Sour Diesel como su primera fuente de medicaci\u00f3n para comenzar un largo d\u00eda: te har\u00e1 sentirte despierto y listo para empezar. Al ser tan dominante en sativa, Sour Diesel afecta casi exclusivamente las funciones cerebrales. No deber\u00eda haber sensaci\u00f3n de \"couch lock\" ni de pesadez corporal si est\u00e1s fumando el verdadero Sour Diesel.<\/p>\n<p>Sour Diesel tiene el mismo sabor que su olor: un cl\u00e1sico aroma de combustible funky. Y es por eso que Sour D es tan famoso por ser f\u00e1cil de identificar en una fila.<\/p>\n<p>La variedad es tan popular porque el efecto es realmente incre\u00edble, con m\u00e1s del 20% de THC y una duraci\u00f3n de 2-3 horas. Al ser tan dominante en sativa, llena el cuerpo y especialmente la mente con energ\u00eda motivadora y edificante. Es un verdadero mejorador del estado de \u00e1nimo y un destructor de la depresi\u00f3n. Estar de buen \u00e1nimo es una sensaci\u00f3n natural y sin esfuerzo al experimentar Sour Diesel.<\/p>\n<h2><strong>En general\u00a0<\/strong><\/h2>\n<p>La impresionante popularidad de Sour Diesel no es un accidente y ya no es solo un fen\u00f3meno de la costa este. La variedad es una de las m\u00e1s fascinantes en la historia del cannabis. Hace que las cosas divertidas sean a\u00fan m\u00e1s divertidas; hace que la buena comida sepa a\u00fan mejor. Como un mejorador del estado de \u00e1nimo, simplemente hace la vida m\u00e1s divertida. Las noches m\u00e1s ordinarias se convierten r\u00e1pidamente en memorables cuando Sour Diesel est\u00e1 involucrado. M\u00e1s que solo un mejorador del estado de \u00e1nimo, esta variedad tambi\u00e9n ha demostrado ser eficaz en el tratamiento de: depresi\u00f3n. Tambi\u00e9n ansiedad, estr\u00e9s y problemas de apetito. Merecedora de su fama, esta variedad sigue siendo y siempre ser\u00e1 una de las mejores variedades del planeta.<\/p>","protected":false},"excerpt":{"rendered":"<p>Sour Diesel Grade A Shelf (sativa) a la venta online en los Estados Unidos. Puedes comprarlo en nuestra tienda de marihuana online. Tenemos marihuana y hierba a la venta en l\u00ednea.<\/p>","protected":false},"featured_media":1508,"comment_status":"closed","ping_status":"closed","template":"","meta":{"_uag_custom_page_level_css":"","site-sidebar-layout":"default","site-content-layout":"","ast-site-content-layout":"","site-content-style":"default","site-sidebar-style":"default","ast-global-header-display":"","ast-banner-title-visibility":"","ast-main-header-display":"","ast-hfb-above-header-display":"","ast-hfb-below-header-display":"","ast-hfb-mobile-header-display":"","site-post-title":"","ast-breadcrumbs-content":"","ast-featured-img":"","footer-sml-layout":"","theme-transparent-header-meta":"","adv-header-id-meta":"","stick-header-meta":"","header-above-stick-meta":"","header-main-stick-meta":"","header-below-stick-meta":"","astra-migrate-meta-layouts":"default","ast-page-background-enabled":"default","ast-page-background-meta":{"desktop":{"background-color":"var(--ast-global-color-4)","background-image":"","background-repeat":"repeat","background-position":"center center","background-size":"auto","background-attachment":"scroll","background-type":"","background-media":"","overlay-type":"","overlay-color":"","overlay-opacity":"","overlay-gradient":""},"tablet":{"background-color":"","background-image":"","background-repeat":"repeat","background-position":"center center","background-size":"auto","background-attachment":"scroll","background-type":"","background-media":"","overlay-type":"","overlay-color":"","overlay-opacity":"","overlay-gradient":""},"mobile":{"background-color":"","background-image":"","background-repeat":"repeat","background-position":"center center","background-size":"auto","background-attachment":"scroll","background-type":"","background-media":"","overlay-type":"","overlay-color":"","overlay-opacity":"","overlay-gradient":""}},"ast-content-background-meta":{"desktop":{"background-color":"var(--ast-global-color-5)","background-image":"","background-repeat":"repeat","background-position":"center center","background-size":"auto","background-attachment":"scroll","background-type":"","background-media":"","overlay-type":"","overlay-color":"","overlay-opacity":"","overlay-gradient":""},"tablet":{"background-color":"var(--ast-global-color-5)","background-image":"","background-repeat":"repeat","background-position":"center center","background-size":"auto","background-attachment":"scroll","background-type":"","background-media":"","overlay-type":"","overlay-color":"","overlay-opacity":"","overlay-gradient":""},"mobile":{"background-color":"var(--ast-global-color-5)","background-image":"","background-repeat":"repeat","background-position":"center center","background-size":"auto","background-attachment":"scroll","background-type":"","background-media":"","overlay-type":"","overlay-color":"","overlay-opacity":"","overlay-gradient":""}}},"product_brand":[],"product_cat":[380],"product_tag":[201,202,203,204,205,206,207,208,209,210,211,212,213,214,215,216,217,218,219,220,221,222,223,224,225,226],"class_list":{"0":"post-1488","1":"product","2":"type-product","3":"status-publish","4":"has-post-thumbnail","6":"product_cat-sativa","7":"product_tag-buy-weed-online-in-australia","8":"product_tag-buy-weed-online-in-belgium","9":"product_tag-buy-weed-online-in-britain","10":"product_tag-buy-weed-online-in-china","11":"product_tag-buy-weed-online-in-croatia","12":"product_tag-buy-weed-online-in-denmark","13":"product_tag-buy-weed-online-in-european-union","14":"product_tag-buy-weed-online-in-france","15":"product_tag-buy-weed-online-in-germany","16":"product_tag-buy-weed-online-in-guam","17":"product_tag-buy-weed-online-in-guernsey","18":"product_tag-buy-weed-online-in-hungary","19":"product_tag-buy-weed-online-in-ireland","20":"product_tag-buy-weed-online-in-israel","21":"product_tag-buy-weed-online-in-italy","22":"product_tag-buy-weed-online-in-japan","23":"product_tag-buy-weed-online-in-jersey","24":"product_tag-buy-weed-online-in-latvia","25":"product_tag-buy-weed-online-in-poland","26":"product_tag-buy-weed-online-in-russia","27":"product_tag-buy-weed-online-in-spain","28":"product_tag-buy-weed-online-in-sweeden","29":"product_tag-buy-weed-online-in-switzerland","30":"product_tag-buy-weed-online-in-turkey","31":"product_tag-buy-weed-online-in-ukraine","32":"product_tag-buy-weed-online-united-states","33":"desktop-align-center","34":"tablet-align-left","35":"mobile-align-left","37":"first","38":"instock","39":"sale","40":"shipping-taxable","41":"purchasable","42":"product-type-variable"},"uagb_featured_image_src":{"full":["https:\/\/caliweedeurope.com\/wp-content\/uploads\/2024\/11\/treegod415_61117422_355110038478171_6070426788907369159_n.jpg",1080,1227,false],"thumbnail":["https:\/\/caliweedeurope.com\/wp-content\/uploads\/2024\/11\/treegod415_61117422_355110038478171_6070426788907369159_n-150x150.jpg",150,150,true],"medium":["https:\/\/caliweedeurope.com\/wp-content\/uploads\/2024\/11\/treegod415_61117422_355110038478171_6070426788907369159_n-264x300.jpg",264,300,true],"medium_large":["https:\/\/caliweedeurope.com\/wp-content\/uploads\/2024\/11\/treegod415_61117422_355110038478171_6070426788907369159_n-768x873.jpg",768,873,true],"large":["https:\/\/caliweedeurope.com\/wp-content\/uploads\/2024\/11\/treegod415_61117422_355110038478171_6070426788907369159_n-901x1024.jpg",901,1024,true],"1536x1536":["https:\/\/caliweedeurope.com\/wp-content\/uploads\/2024\/11\/treegod415_61117422_355110038478171_6070426788907369159_n.jpg",1080,1227,false],"2048x2048":["https:\/\/caliweedeurope.com\/wp-content\/uploads\/2024\/11\/treegod415_61117422_355110038478171_6070426788907369159_n.jpg",1080,1227,false],"trp-custom-language-flag":["https:\/\/caliweedeurope.com\/wp-content\/uploads\/2024\/11\/treegod415_61117422_355110038478171_6070426788907369159_n.jpg",11,12,false],"woocommerce_thumbnail":["https:\/\/caliweedeurope.com\/wp-content\/uploads\/2024\/11\/treegod415_61117422_355110038478171_6070426788907369159_n-300x300.jpg",300,300,true],"woocommerce_single":["https:\/\/caliweedeurope.com\/wp-content\/uploads\/2024\/11\/treegod415_61117422_355110038478171_6070426788907369159_n-600x682.jpg",600,682,true],"woocommerce_gallery_thumbnail":["https:\/\/caliweedeurope.com\/wp-content\/uploads\/2024\/11\/treegod415_61117422_355110038478171_6070426788907369159_n-100x100.jpg",100,100,true]},"uagb_author_info":{"display_name":"jetskiforsaleuk@gmail.com","author_link":"https:\/\/caliweedeurope.com\/es\/author\/"},"uagb_comment_info":0,"uagb_excerpt":"Sour Diesel Grade A Shelf (sativa) for sale online in the US. You can buy it from our weed online shop.We have marijuana for sale, weed for sale online.","_links":{"self":[{"href":"https:\/\/caliweedeurope.com\/es\/wp-json\/wp\/v2\/product\/1488"}],"collection":[{"href":"https:\/\/caliweedeurope.com\/es\/wp-json\/wp\/v2\/product"}],"about":[{"href":"https:\/\/caliweedeurope.com\/es\/wp-json\/wp\/v2\/types\/product"}],"replies":[{"embeddable":true,"href":"https:\/\/caliweedeurope.com\/es\/wp-json\/wp\/v2\/comments?post=1488"}],"wp:featuredmedia":[{"embeddable":true,"href":"https:\/\/caliweedeurope.com\/es\/wp-json\/wp\/v2\/media\/1508"}],"wp:attachment":[{"href":"https:\/\/caliweedeurope.com\/es\/wp-json\/wp\/v2\/media?parent=1488"}],"wp:term":[{"taxonomy":"product_brand","embeddable":true,"href":"https:\/\/caliweedeurope.com\/es\/wp-json\/wp\/v2\/product_brand?post=1488"},{"taxonomy":"product_cat","embeddable":true,"href":"https:\/\/caliweedeurope.com\/es\/wp-json\/wp\/v2\/product_cat?post=1488"},{"taxonomy":"product_tag","embeddable":true,"href":"https:\/\/caliweedeurope.com\/es\/wp-json\/wp\/v2\/product_tag?post=1488"}],"curies":[{"name":"wp","href":"https:\/\/api.w.org\/{rel}","templated":true}]}}