{"id":1510,"date":"2024-11-03T21:33:53","date_gmt":"2024-11-03T21:33:53","guid":{"rendered":"https:\/\/caliweedeurope.com\/?post_type=product&#038;p=1510"},"modified":"2024-11-03T21:34:38","modified_gmt":"2024-11-03T21:34:38","slug":"khalifa-kush-pre-rolled-joints","status":"publish","type":"product","link":"https:\/\/caliweedeurope.com\/es\/product\/khalifa-kush-pre-rolled-joints\/","title":{"rendered":"Khalifa Kush Pre Rolled Joints"},"content":{"rendered":"<h1>Khalifa Kush Pre Rolled Joints<\/h1>\n<p>Compra Khalifa Kush pre-rolls<\/p>\n<p class=\"translation-block\"><strong>Dosificaci\u00f3n:<\/strong> Cada cigarro contiene 1,2 gramos de flores de cannabis con un contenido de THC que var\u00eda entre el 25% y el 37% <a href=\"https:\/\/en.wikipedia.org\/wiki\/Tetrahydrocannabinol\" target=\"_blank\" rel=\"noopener\">THC<\/a>.<\/p>\n<p class=\"translation-block\"><strong>Embalaje:<\/strong> Dependiendo del volumen de producto pedido y la variedad, usamos una combinaci\u00f3n de envases con tapa de rosca, bolsas selladas, y todo siempre se sella al vac\u00edo dos veces antes de enviarlo por correo para garantizar una llegada sin olores.<\/p>\n<p class=\"translation-block\"><strong>Almacenamiento:<\/strong> Por favor, guarde sus porros preenrollados en un recipiente herm\u00e9tico en un lugar fresco y seco, como el refrigerador, para garantizar la m\u00e1xima longevidad. Compre porros preenrollados Khalifa Kush.<\/p>\n<p class=\"translation-block\"><strong>S\u00edntomas &amp; Condiciones:<\/strong> Adem\u00e1s, tenemos ADD, ADHD, ansiedad, artritis, autismo, trastorno bipolar, calambres, fibromialgia, trastornos gastrointestinales, insomnio, p\u00e9rdida de apetito. Adem\u00e1s, migra\u00f1a, esclerosis m\u00faltiple, espasmos musculares, PMS\/PMDD, PTSD, dolor: muscular\/articular, dolor: neurop\u00e1tico, dolor: miembro fantasma. Compre porros preenrollados Khalifa Kush.<\/p>\n<p class=\"translation-block\">Por lo tanto, sabemos que el cannabis cambia vidas. Y estamos liderando la carga para poner marihuana en las manos de las personas que la necesitan. Como un dispensario de cannabis popular ubicado en los Estados Unidos, proporcionamos cepas de cannabis de primera calidad. Y como tales, productos relacionados (H\u00edbrido, Indica y Sativa, y aceite de cannabis, aceite de c\u00e1\u00f1amo, comestibles, concentrados y moonrock o <a href=\"https:\/\/deligentman.com\/product\/sun-rocks-weed\/\" target=\"_blank\" rel=\"noopener\">sun rocks<\/a>) para satisfacer las demandas de nuestros valiosos clientes o pacientes. Estamos orgullosos de establecer el est\u00e1ndar para este dispensario y por lo tanto. Tenemos Weed a la venta, compra marihuana en l\u00ednea, aceite de cannabis a la venta, ordena Weed en l\u00ednea y d\u00f3nde comprar marihuana, marihuana medicinal a la venta. Compra Weed online en el Reino Unido, compra Khalifa Kush Pre Rolled Joints.<\/p>\n<p>CONS\u00cdGUELO MEJOR.<\/p>\n<p>Entonces, \u00bfbuscas comprar cepas de marihuana de calidad con entrega garantizada en casi todo el mundo?<br \/> Bienvenidos a HempBazar UK. \u00a1Tenemos los mejores pre-rolls a la venta!<\/p>\n<p>Por lo tanto, ofrecemos una enorme variedad de productos de marihuana de alta calidad a la venta directamente desde el Reino Unido.<\/p>\n<p>Prep\u00e1rate para dormir. Sweet Dreams es una mezcla potente con predominancia Indica que te brindar\u00e1 alivio en tu camino hacia una relajaci\u00f3n somnolienta. Los pre-rolls de Lucy est\u00e1n hechos solo con las mejores flores de cannabis 100%, sin shake. Khalifa Kush pre-rolls.<\/p>","protected":false},"excerpt":{"rendered":"<p>THC 18% a 30% Comprar marihuana online Reino Unido, Comprar kief online Reino Unido, hierba online Europa, Comprar skunk online Reino Unido, pedido por correo 420 Reino Unido, Comprar hierba online Reino Unido.<\/p>\n<p>&nbsp;<\/p>","protected":false},"featured_media":1534,"comment_status":"closed","ping_status":"closed","template":"","meta":{"_uag_custom_page_level_css":"","site-sidebar-layout":"default","site-content-layout":"","ast-site-content-layout":"","site-content-style":"default","site-sidebar-style":"default","ast-global-header-display":"","ast-banner-title-visibility":"","ast-main-header-display":"","ast-hfb-above-header-display":"","ast-hfb-below-header-display":"","ast-hfb-mobile-header-display":"","site-post-title":"","ast-breadcrumbs-content":"","ast-featured-img":"","footer-sml-layout":"","theme-transparent-header-meta":"","adv-header-id-meta":"","stick-header-meta":"","header-above-stick-meta":"","header-main-stick-meta":"","header-below-stick-meta":"","astra-migrate-meta-layouts":"default","ast-page-background-enabled":"default","ast-page-background-meta":{"desktop":{"background-color":"var(--ast-global-color-4)","background-image":"","background-repeat":"repeat","background-position":"center center","background-size":"auto","background-attachment":"scroll","background-type":"","background-media":"","overlay-type":"","overlay-color":"","overlay-opacity":"","overlay-gradient":""},"tablet":{"background-color":"","background-image":"","background-repeat":"repeat","background-position":"center center","background-size":"auto","background-attachment":"scroll","background-type":"","background-media":"","overlay-type":"","overlay-color":"","overlay-opacity":"","overlay-gradient":""},"mobile":{"background-color":"","background-image":"","background-repeat":"repeat","background-position":"center center","background-size":"auto","background-attachment":"scroll","background-type":"","background-media":"","overlay-type":"","overlay-color":"","overlay-opacity":"","overlay-gradient":""}},"ast-content-background-meta":{"desktop":{"background-color":"var(--ast-global-color-5)","background-image":"","background-repeat":"repeat","background-position":"center center","background-size":"auto","background-attachment":"scroll","background-type":"","background-media":"","overlay-type":"","overlay-color":"","overlay-opacity":"","overlay-gradient":""},"tablet":{"background-color":"var(--ast-global-color-5)","background-image":"","background-repeat":"repeat","background-position":"center center","background-size":"auto","background-attachment":"scroll","background-type":"","background-media":"","overlay-type":"","overlay-color":"","overlay-opacity":"","overlay-gradient":""},"mobile":{"background-color":"var(--ast-global-color-5)","background-image":"","background-repeat":"repeat","background-position":"center center","background-size":"auto","background-attachment":"scroll","background-type":"","background-media":"","overlay-type":"","overlay-color":"","overlay-opacity":"","overlay-gradient":""}}},"product_brand":[],"product_cat":[22,228,427,380],"product_tag":[428,429,430,431,432,433,434,330,435,436,437,232,438,439,440,441,442,443,444],"class_list":{"0":"post-1510","1":"product","2":"type-product","3":"status-publish","4":"has-post-thumbnail","6":"product_cat-hybrid","7":"product_cat-indica","8":"product_cat-pre-rolls","9":"product_cat-sativa","10":"product_tag-420-mail-order-uk","11":"product_tag-best-online-vape-store-uk","12":"product_tag-best-place-to-buy-weed-online-europe","13":"product_tag-best-weed-store-uk","14":"product_tag-buy-cbd-weed-online-europe","15":"product_tag-buy-kief-online-uk","16":"product_tag-buy-marijuana-online","17":"product_tag-buy-marijuana-online-uk","18":"product_tag-buy-pollen-online-uk","19":"product_tag-buy-pre-rolled-joints-online-uk","20":"product_tag-buy-skunk-online-uk","21":"product_tag-buy-weed-online-uk","22":"product_tag-head-shop-uk","23":"product_tag-khalifa-kush-pre-rolled-joints","24":"product_tag-legal-highs-shop-uk","25":"product_tag-mail-order-weed-online-europe","26":"product_tag-marijuana-store-uk","27":"product_tag-order-weed-online-europe","28":"product_tag-weed-online-europe","29":"desktop-align-center","30":"tablet-align-left","31":"mobile-align-left","33":"first","34":"instock","35":"shipping-taxable","36":"purchasable","37":"product-type-variable"},"uagb_featured_image_src":{"full":["https:\/\/caliweedeurope.com\/wp-content\/uploads\/2024\/11\/Pre-Roll-5-Pack-4.16.20-scaled-1.jpg",1948,1948,false],"thumbnail":["https:\/\/caliweedeurope.com\/wp-content\/uploads\/2024\/11\/Pre-Roll-5-Pack-4.16.20-scaled-1-150x150.jpg",150,150,true],"medium":["https:\/\/caliweedeurope.com\/wp-content\/uploads\/2024\/11\/Pre-Roll-5-Pack-4.16.20-scaled-1-300x300.jpg",300,300,true],"medium_large":["https:\/\/caliweedeurope.com\/wp-content\/uploads\/2024\/11\/Pre-Roll-5-Pack-4.16.20-scaled-1-768x768.jpg",768,768,true],"large":["https:\/\/caliweedeurope.com\/wp-content\/uploads\/2024\/11\/Pre-Roll-5-Pack-4.16.20-scaled-1-1024x1024.jpg",1024,1024,true],"1536x1536":["https:\/\/caliweedeurope.com\/wp-content\/uploads\/2024\/11\/Pre-Roll-5-Pack-4.16.20-scaled-1-1536x1536.jpg",1536,1536,true],"2048x2048":["https:\/\/caliweedeurope.com\/wp-content\/uploads\/2024\/11\/Pre-Roll-5-Pack-4.16.20-scaled-1.jpg",1948,1948,false],"trp-custom-language-flag":["https:\/\/caliweedeurope.com\/wp-content\/uploads\/2024\/11\/Pre-Roll-5-Pack-4.16.20-scaled-1.jpg",12,12,false],"woocommerce_thumbnail":["https:\/\/caliweedeurope.com\/wp-content\/uploads\/2024\/11\/Pre-Roll-5-Pack-4.16.20-scaled-1-300x300.jpg",300,300,true],"woocommerce_single":["https:\/\/caliweedeurope.com\/wp-content\/uploads\/2024\/11\/Pre-Roll-5-Pack-4.16.20-scaled-1-600x600.jpg",600,600,true],"woocommerce_gallery_thumbnail":["https:\/\/caliweedeurope.com\/wp-content\/uploads\/2024\/11\/Pre-Roll-5-Pack-4.16.20-scaled-1-100x100.jpg",100,100,true]},"uagb_author_info":{"display_name":"jetskiforsaleuk@gmail.com","author_link":"https:\/\/caliweedeurope.com\/es\/author\/"},"uagb_comment_info":0,"uagb_excerpt":"THC\u00a0 18% to 30% Buy Marijuana Online UK, Buy kief online UK, weed online europe, Buy skunk online UK, 420 mail order UK, Buy weed Online UK. &nbsp;","_links":{"self":[{"href":"https:\/\/caliweedeurope.com\/es\/wp-json\/wp\/v2\/product\/1510"}],"collection":[{"href":"https:\/\/caliweedeurope.com\/es\/wp-json\/wp\/v2\/product"}],"about":[{"href":"https:\/\/caliweedeurope.com\/es\/wp-json\/wp\/v2\/types\/product"}],"replies":[{"embeddable":true,"href":"https:\/\/caliweedeurope.com\/es\/wp-json\/wp\/v2\/comments?post=1510"}],"wp:featuredmedia":[{"embeddable":true,"href":"https:\/\/caliweedeurope.com\/es\/wp-json\/wp\/v2\/media\/1534"}],"wp:attachment":[{"href":"https:\/\/caliweedeurope.com\/es\/wp-json\/wp\/v2\/media?parent=1510"}],"wp:term":[{"taxonomy":"product_brand","embeddable":true,"href":"https:\/\/caliweedeurope.com\/es\/wp-json\/wp\/v2\/product_brand?post=1510"},{"taxonomy":"product_cat","embeddable":true,"href":"https:\/\/caliweedeurope.com\/es\/wp-json\/wp\/v2\/product_cat?post=1510"},{"taxonomy":"product_tag","embeddable":true,"href":"https:\/\/caliweedeurope.com\/es\/wp-json\/wp\/v2\/product_tag?post=1510"}],"curies":[{"name":"wp","href":"https:\/\/api.w.org\/{rel}","templated":true}]}}