{"id":1520,"date":"2024-11-03T21:33:53","date_gmt":"2024-11-03T21:33:53","guid":{"rendered":"https:\/\/caliweedeurope.com\/?post_type=product&#038;p=1520"},"modified":"2024-11-03T21:34:38","modified_gmt":"2024-11-03T21:34:38","slug":"bubblegum","status":"publish","type":"product","link":"https:\/\/caliweedeurope.com\/es\/product\/bubblegum\/","title":{"rendered":"Bubblegum"},"content":{"rendered":"<h1 class=\"product_title entry-title\">Compra la variedad Bubble Gum Marijuana Strain UK<\/h1>\n<p>Bubblegum es un h\u00edbrido dominante en indica. Se cre\u00f3 por primera vez en 1993 y produce una potente euforia en algunos usuarios. Es una variedad 60\/40, lo que significa que tiene ambos efectos que algunas personas buscan. Lo m\u00e1s importante que debes saber sobre esta variedad es que el olor y el sabor son muy dulces, algo que a muchos usuarios les encanta. Como se mencion\u00f3 anteriormente, esta variedad probablemente est\u00e9 en el 80% de los coffee shops en los Pa\u00edses Bajos. Los \u00fanicos lugares donde no est\u00e1 disponible tienen alguna otra variedad principal o son coffee shops de lujo que solo venden las mejores variedades. Si deseas probar esta variedad, los mejores lugares para hacerlo son Rotterdam o \u00c1msterdam.<\/p>\n<p class=\"translation-block\"><span class=\"hidden-xs\">Compra Bubble Gum Marijuana UK en l\u00ednea. Bubble Gum es un h\u00edbrido equilibrado, 50% Indica \/ 50% Sativa.<\/span> Creativo, Energizante, <a href=\"https:\/\/es.wikipedia.org\/wiki\/Euforia\" target=\"_blank\" rel=\"noopener\">Euforia<\/a>, Risue\u00f1o, Feliz, Relajante, Elevador, Puede aliviar, Artritis, <a href=\"https:\/\/deligentman.com\/what-are-the-best-cannabis-strains-for-chronic-pain\/\" target=\"_blank\" rel=\"noopener\">Dolor cr\u00f3nico<\/a>, Depresi\u00f3n, Trastornos gastrointestinales, Insomnio, P\u00e9rdida de apetito, N\u00e1useas, <a href=\"https:\/\/deligentman.com\/how-cannabis-can-help-treat-ptsd\/\" target=\"_blank\" rel=\"noopener\">TEPT<\/a>, Estr\u00e9s.<\/p>\n<header class=\"heading--article\">\n<h2 class=\"heading--md heading-md--lg\">Aspectos destacados de la variedad<\/h2>\n<\/header>\n<div class=\"description-wrapper\">\n<div class=\"description\">\n<p>Se necesitaron muchas generaciones para finalmente producir un Bubble Gum estable con el caracter\u00edstico olor dulce y la euforia. Bubble Gum fue el ganador de dos premios en la Cannabis Cup del '94, y el segundo lugar en '95 y nuevamente en '99.<\/p>\n<p>&nbsp;<\/p>\n<p>Compra cannabis online en Europa, puedes ordenar hierba y cannabis online en el Reino Unido. Entregamos r\u00e1pidamente con entrega al d\u00eda siguiente. Obt\u00e9n cannabis y hierba en venta en el supermercado de marihuana del Reino Unido. Compra cannabis online UK, pedido por correo de hierba UK. Compra hierba online USA, compra marihuana online UK. Entregamos r\u00e1pidamente con entrega al d\u00eda siguiente. Hierba en venta en el Reino Unido. Aquatic Weed Cutter en venta en el Reino Unido. C\u00f3mo comprar hierba online.<\/p>\n<\/p><\/div>\n<\/p><\/div>","protected":false},"excerpt":{"rendered":"<p class=\"translation-block\"><span class=\"hidden-xs\">Compra Bubble Gum Marijuana UK en l\u00ednea. Bubble Gum es un h\u00edbrido equilibrado y Sativa.<\/span> Creativo, Energizante, <a href=\"https:\/\/es.wikipedia.org\/wiki\/Euforia\" target=\"_self\">Euforia<\/a>, Risue\u00f1o, Feliz, Relajante, Elevador, Puede aliviar, Artritis, <a href=\"https:\/\/deligentman.com\/what-are-the-best-cannabis-strains-for-chronic-pain\/\" target=\"_self\">Dolor cr\u00f3nico<\/a>, Depresi\u00f3n, Trastornos gastrointestinales, Insomnio, P\u00e9rdida de apetito, N\u00e1useas, <a href=\"https:\/\/deligentman.com\/how-cannabis-can-help-treat-ptsd\/\" target=\"_self\">TEPT<\/a>, Estr\u00e9s.<\/p>","protected":false},"featured_media":1550,"comment_status":"closed","ping_status":"closed","template":"","meta":{"_uag_custom_page_level_css":"","site-sidebar-layout":"default","site-content-layout":"","ast-site-content-layout":"","site-content-style":"default","site-sidebar-style":"default","ast-global-header-display":"","ast-banner-title-visibility":"","ast-main-header-display":"","ast-hfb-above-header-display":"","ast-hfb-below-header-display":"","ast-hfb-mobile-header-display":"","site-post-title":"","ast-breadcrumbs-content":"","ast-featured-img":"","footer-sml-layout":"","theme-transparent-header-meta":"","adv-header-id-meta":"","stick-header-meta":"","header-above-stick-meta":"","header-main-stick-meta":"","header-below-stick-meta":"","astra-migrate-meta-layouts":"default","ast-page-background-enabled":"default","ast-page-background-meta":{"desktop":{"background-color":"var(--ast-global-color-4)","background-image":"","background-repeat":"repeat","background-position":"center center","background-size":"auto","background-attachment":"scroll","background-type":"","background-media":"","overlay-type":"","overlay-color":"","overlay-opacity":"","overlay-gradient":""},"tablet":{"background-color":"","background-image":"","background-repeat":"repeat","background-position":"center center","background-size":"auto","background-attachment":"scroll","background-type":"","background-media":"","overlay-type":"","overlay-color":"","overlay-opacity":"","overlay-gradient":""},"mobile":{"background-color":"","background-image":"","background-repeat":"repeat","background-position":"center center","background-size":"auto","background-attachment":"scroll","background-type":"","background-media":"","overlay-type":"","overlay-color":"","overlay-opacity":"","overlay-gradient":""}},"ast-content-background-meta":{"desktop":{"background-color":"var(--ast-global-color-5)","background-image":"","background-repeat":"repeat","background-position":"center center","background-size":"auto","background-attachment":"scroll","background-type":"","background-media":"","overlay-type":"","overlay-color":"","overlay-opacity":"","overlay-gradient":""},"tablet":{"background-color":"var(--ast-global-color-5)","background-image":"","background-repeat":"repeat","background-position":"center center","background-size":"auto","background-attachment":"scroll","background-type":"","background-media":"","overlay-type":"","overlay-color":"","overlay-opacity":"","overlay-gradient":""},"mobile":{"background-color":"var(--ast-global-color-5)","background-image":"","background-repeat":"repeat","background-position":"center center","background-size":"auto","background-attachment":"scroll","background-type":"","background-media":"","overlay-type":"","overlay-color":"","overlay-opacity":"","overlay-gradient":""}}},"product_brand":[],"product_cat":[22,228,380],"product_tag":[344,329,354,355,356,331,359,361,362,363,447,366,369,370,371,372,374,448,375,449,378],"class_list":{"0":"post-1520","1":"product","2":"type-product","3":"status-publish","4":"has-post-thumbnail","6":"product_cat-hybrid","7":"product_cat-indica","8":"product_cat-sativa","9":"product_tag-buy-cannabis-buds-online-uk","10":"product_tag-buy-cannabis-in-uk","11":"product_tag-buy-cannabis-uk","12":"product_tag-buy-legal-cannabis-online-uk","13":"product_tag-buy-legal-cannabis-uk","14":"product_tag-buy-medical-cannabis-online-uk","15":"product_tag-buying-cannabis-online-uk","16":"product_tag-buying-cannabis-uk","17":"product_tag-can-i-buy-cannabis-online-uk","18":"product_tag-can-you-buy-cannabis-online-uk","19":"product_tag-cannabis-buy-online-uk","20":"product_tag-cannabis-for-sale-online-uk","21":"product_tag-cannabis-online-uk","22":"product_tag-cannabis-sale-online-uk","23":"product_tag-cannabis-seeds-online-uk","24":"product_tag-cheapest-cannabis-seeds-online-uk","25":"product_tag-online-cannabis-shop-uk","26":"product_tag-order-cannabis-online-uk","27":"product_tag-ordering-cannabis-online-uk","28":"product_tag-where-can-i-buy-cannabis-in-the-uk","29":"product_tag-where-can-i-buy-cannabis-oil-in-uk","30":"desktop-align-center","31":"tablet-align-left","32":"mobile-align-left","34":"first","35":"instock","36":"sale","37":"shipping-taxable","38":"purchasable","39":"product-type-variable"},"uagb_featured_image_src":{"full":["https:\/\/caliweedeurope.com\/wp-content\/uploads\/2024\/11\/treegod415_57308782_130390081388138_8858901574894619432_n.jpg",1080,1350,false],"thumbnail":["https:\/\/caliweedeurope.com\/wp-content\/uploads\/2024\/11\/treegod415_57308782_130390081388138_8858901574894619432_n-150x150.jpg",150,150,true],"medium":["https:\/\/caliweedeurope.com\/wp-content\/uploads\/2024\/11\/treegod415_57308782_130390081388138_8858901574894619432_n-240x300.jpg",240,300,true],"medium_large":["https:\/\/caliweedeurope.com\/wp-content\/uploads\/2024\/11\/treegod415_57308782_130390081388138_8858901574894619432_n-768x960.jpg",768,960,true],"large":["https:\/\/caliweedeurope.com\/wp-content\/uploads\/2024\/11\/treegod415_57308782_130390081388138_8858901574894619432_n-819x1024.jpg",819,1024,true],"1536x1536":["https:\/\/caliweedeurope.com\/wp-content\/uploads\/2024\/11\/treegod415_57308782_130390081388138_8858901574894619432_n.jpg",1080,1350,false],"2048x2048":["https:\/\/caliweedeurope.com\/wp-content\/uploads\/2024\/11\/treegod415_57308782_130390081388138_8858901574894619432_n.jpg",1080,1350,false],"trp-custom-language-flag":["https:\/\/caliweedeurope.com\/wp-content\/uploads\/2024\/11\/treegod415_57308782_130390081388138_8858901574894619432_n.jpg",10,12,false],"woocommerce_thumbnail":["https:\/\/caliweedeurope.com\/wp-content\/uploads\/2024\/11\/treegod415_57308782_130390081388138_8858901574894619432_n-300x300.jpg",300,300,true],"woocommerce_single":["https:\/\/caliweedeurope.com\/wp-content\/uploads\/2024\/11\/treegod415_57308782_130390081388138_8858901574894619432_n-600x750.jpg",600,750,true],"woocommerce_gallery_thumbnail":["https:\/\/caliweedeurope.com\/wp-content\/uploads\/2024\/11\/treegod415_57308782_130390081388138_8858901574894619432_n-100x100.jpg",100,100,true]},"uagb_author_info":{"display_name":"jetskiforsaleuk@gmail.com","author_link":"https:\/\/caliweedeurope.com\/es\/author\/"},"uagb_comment_info":0,"uagb_excerpt":"Buy Bubble Gum Marijuana UK Online. Bubble Gum is an evenly balanced hybrid and Sativa. Creative, Energizing, Euphoria, Giggly, Happy, Relaxing, Uplifting, May Relieve, Arthritis, Chronic Pain, Depression, Gastrointestinal Disorder, Insomnia, Loss of Appetite, Nausea, PTSD, Stress.","_links":{"self":[{"href":"https:\/\/caliweedeurope.com\/es\/wp-json\/wp\/v2\/product\/1520"}],"collection":[{"href":"https:\/\/caliweedeurope.com\/es\/wp-json\/wp\/v2\/product"}],"about":[{"href":"https:\/\/caliweedeurope.com\/es\/wp-json\/wp\/v2\/types\/product"}],"replies":[{"embeddable":true,"href":"https:\/\/caliweedeurope.com\/es\/wp-json\/wp\/v2\/comments?post=1520"}],"wp:featuredmedia":[{"embeddable":true,"href":"https:\/\/caliweedeurope.com\/es\/wp-json\/wp\/v2\/media\/1550"}],"wp:attachment":[{"href":"https:\/\/caliweedeurope.com\/es\/wp-json\/wp\/v2\/media?parent=1520"}],"wp:term":[{"taxonomy":"product_brand","embeddable":true,"href":"https:\/\/caliweedeurope.com\/es\/wp-json\/wp\/v2\/product_brand?post=1520"},{"taxonomy":"product_cat","embeddable":true,"href":"https:\/\/caliweedeurope.com\/es\/wp-json\/wp\/v2\/product_cat?post=1520"},{"taxonomy":"product_tag","embeddable":true,"href":"https:\/\/caliweedeurope.com\/es\/wp-json\/wp\/v2\/product_tag?post=1520"}],"curies":[{"name":"wp","href":"https:\/\/api.w.org\/{rel}","templated":true}]}}