{"id":1524,"date":"2024-11-03T21:33:54","date_gmt":"2024-11-03T21:33:54","guid":{"rendered":"https:\/\/caliweedeurope.com\/?post_type=product&#038;p=1524"},"modified":"2024-11-03T21:34:38","modified_gmt":"2024-11-03T21:34:38","slug":"original-haze","status":"publish","type":"product","link":"https:\/\/caliweedeurope.com\/es\/product\/original-haze\/","title":{"rendered":"Original Haze"},"content":{"rendered":"<h1>Variedad Original Haze<\/h1>\n<p class=\"translation-block\">Hemos trabajado con esta variedad en los Pa\u00edses Bajos durante m\u00e1s de 20 a\u00f1os. Es la base de todas las Haze que puedes encontrar aqu\u00ed en <a href=\"https:\/\/es.wikipedia.org\/wiki\/Pases_Bajos\" target=\"_blank\" rel=\"noopener\">Pa\u00edses Bajos<\/a>. Desde que se estabiliz\u00f3 a finales de los a\u00f1os 70, la variedad original Haze nunca ha sido hibridada. Perfecta para proyectos de cr\u00eda debido a su estado de pureza gen\u00e9tica. Para los cultivadores comerciales, esta Haze original no es recomendada debido a su tama\u00f1o y largo tiempo de maduraci\u00f3n. Muy potente con un high cerebral energ\u00e9tico. Stock de cr\u00eda especial. Muy resinoso, grandes cogollos esponjosos con un sabor dulce y \u00e1cido. La \u00fanica Haze pura original disponible. <a href=\"https:\/\/deligentman.com\/contact\/\" target=\"_blank\" rel=\"noopener\">Cont\u00e1ctanos<\/a><\/p>","protected":false},"excerpt":{"rendered":"<p>Original Haze es una variedad 100% pura de sativa creada a partir de una amplia variedad de sativas diferentes, incluidas las variedades mexicanas, colombianas, tailandesas e indias del sur. El resultado es una potente y bien equilibrada variedad de sativa llena de THC (promedio de 10-20%) y sabores dulces y neblinosos. El Original Haze es una variedad de sativa de la hierba de \u00c1msterdam y se puede cultivar tanto en interiores (donde las plantas necesitar\u00e1n un tiempo de floraci\u00f3n de \u00b198 d\u00edas) como al aire libre. La hierba de \u00c1msterdam Original Haze nunca estuvo disponible como semillas feminizadas. Semillas Original Haze, variedad Original Haze, mejores variedades Haze, semillas de Haze puro, variedad Haze Sativa, gen\u00e9tica Haze, variedad de marihuana Haze, variedades de Haze de marihuana.<\/p>","protected":false},"featured_media":1552,"comment_status":"closed","ping_status":"closed","template":"","meta":{"_uag_custom_page_level_css":"","site-sidebar-layout":"default","site-content-layout":"","ast-site-content-layout":"","site-content-style":"default","site-sidebar-style":"default","ast-global-header-display":"","ast-banner-title-visibility":"","ast-main-header-display":"","ast-hfb-above-header-display":"","ast-hfb-below-header-display":"","ast-hfb-mobile-header-display":"","site-post-title":"","ast-breadcrumbs-content":"","ast-featured-img":"","footer-sml-layout":"","theme-transparent-header-meta":"","adv-header-id-meta":"","stick-header-meta":"","header-above-stick-meta":"","header-main-stick-meta":"","header-below-stick-meta":"","astra-migrate-meta-layouts":"default","ast-page-background-enabled":"default","ast-page-background-meta":{"desktop":{"background-color":"var(--ast-global-color-4)","background-image":"","background-repeat":"repeat","background-position":"center center","background-size":"auto","background-attachment":"scroll","background-type":"","background-media":"","overlay-type":"","overlay-color":"","overlay-opacity":"","overlay-gradient":""},"tablet":{"background-color":"","background-image":"","background-repeat":"repeat","background-position":"center center","background-size":"auto","background-attachment":"scroll","background-type":"","background-media":"","overlay-type":"","overlay-color":"","overlay-opacity":"","overlay-gradient":""},"mobile":{"background-color":"","background-image":"","background-repeat":"repeat","background-position":"center center","background-size":"auto","background-attachment":"scroll","background-type":"","background-media":"","overlay-type":"","overlay-color":"","overlay-opacity":"","overlay-gradient":""}},"ast-content-background-meta":{"desktop":{"background-color":"var(--ast-global-color-5)","background-image":"","background-repeat":"repeat","background-position":"center center","background-size":"auto","background-attachment":"scroll","background-type":"","background-media":"","overlay-type":"","overlay-color":"","overlay-opacity":"","overlay-gradient":""},"tablet":{"background-color":"var(--ast-global-color-5)","background-image":"","background-repeat":"repeat","background-position":"center center","background-size":"auto","background-attachment":"scroll","background-type":"","background-media":"","overlay-type":"","overlay-color":"","overlay-opacity":"","overlay-gradient":""},"mobile":{"background-color":"var(--ast-global-color-5)","background-image":"","background-repeat":"repeat","background-position":"center center","background-size":"auto","background-attachment":"scroll","background-type":"","background-media":"","overlay-type":"","overlay-color":"","overlay-opacity":"","overlay-gradient":""}}},"product_brand":[],"product_cat":[380],"product_tag":[450,451,452,453,454,455,456,457],"class_list":{"0":"post-1524","1":"product","2":"type-product","3":"status-publish","4":"has-post-thumbnail","6":"product_cat-sativa","7":"product_tag-best-haze-strains","8":"product_tag-haze-genetics","9":"product_tag-haze-marijuana-strain","10":"product_tag-haze-sativa-strain","11":"product_tag-haze-strains-of-pot","12":"product_tag-original-haze-seeds","13":"product_tag-original-haze-strain","14":"product_tag-pure-haze-seeds","15":"desktop-align-center","16":"tablet-align-left","17":"mobile-align-left","19":"first","20":"instock","21":"sale","22":"shipping-taxable","23":"purchasable","24":"product-type-variable"},"uagb_featured_image_src":{"full":["https:\/\/caliweedeurope.com\/wp-content\/uploads\/2024\/11\/treegod415_51730942_1149181218592646_2122766851273443054_n.jpg",1080,1350,false],"thumbnail":["https:\/\/caliweedeurope.com\/wp-content\/uploads\/2024\/11\/treegod415_51730942_1149181218592646_2122766851273443054_n-150x150.jpg",150,150,true],"medium":["https:\/\/caliweedeurope.com\/wp-content\/uploads\/2024\/11\/treegod415_51730942_1149181218592646_2122766851273443054_n-240x300.jpg",240,300,true],"medium_large":["https:\/\/caliweedeurope.com\/wp-content\/uploads\/2024\/11\/treegod415_51730942_1149181218592646_2122766851273443054_n-768x960.jpg",768,960,true],"large":["https:\/\/caliweedeurope.com\/wp-content\/uploads\/2024\/11\/treegod415_51730942_1149181218592646_2122766851273443054_n-819x1024.jpg",819,1024,true],"1536x1536":["https:\/\/caliweedeurope.com\/wp-content\/uploads\/2024\/11\/treegod415_51730942_1149181218592646_2122766851273443054_n.jpg",1080,1350,false],"2048x2048":["https:\/\/caliweedeurope.com\/wp-content\/uploads\/2024\/11\/treegod415_51730942_1149181218592646_2122766851273443054_n.jpg",1080,1350,false],"trp-custom-language-flag":["https:\/\/caliweedeurope.com\/wp-content\/uploads\/2024\/11\/treegod415_51730942_1149181218592646_2122766851273443054_n.jpg",10,12,false],"woocommerce_thumbnail":["https:\/\/caliweedeurope.com\/wp-content\/uploads\/2024\/11\/treegod415_51730942_1149181218592646_2122766851273443054_n-300x300.jpg",300,300,true],"woocommerce_single":["https:\/\/caliweedeurope.com\/wp-content\/uploads\/2024\/11\/treegod415_51730942_1149181218592646_2122766851273443054_n-600x750.jpg",600,750,true],"woocommerce_gallery_thumbnail":["https:\/\/caliweedeurope.com\/wp-content\/uploads\/2024\/11\/treegod415_51730942_1149181218592646_2122766851273443054_n-100x100.jpg",100,100,true]},"uagb_author_info":{"display_name":"jetskiforsaleuk@gmail.com","author_link":"https:\/\/caliweedeurope.com\/es\/author\/"},"uagb_comment_info":0,"uagb_excerpt":"Original Haze is a 100% pure sativa strain bred as a wide variety of different sativas, including Mexican, Columbian, Thai, and South Indian varieties. The result is a powerful and well-balanced sativa strain packed full of THC (10-20% on average) and sweet hazy flavors. The original Haze is a sativa variety from Amsterdam weed and&hellip;","_links":{"self":[{"href":"https:\/\/caliweedeurope.com\/es\/wp-json\/wp\/v2\/product\/1524"}],"collection":[{"href":"https:\/\/caliweedeurope.com\/es\/wp-json\/wp\/v2\/product"}],"about":[{"href":"https:\/\/caliweedeurope.com\/es\/wp-json\/wp\/v2\/types\/product"}],"replies":[{"embeddable":true,"href":"https:\/\/caliweedeurope.com\/es\/wp-json\/wp\/v2\/comments?post=1524"}],"wp:featuredmedia":[{"embeddable":true,"href":"https:\/\/caliweedeurope.com\/es\/wp-json\/wp\/v2\/media\/1552"}],"wp:attachment":[{"href":"https:\/\/caliweedeurope.com\/es\/wp-json\/wp\/v2\/media?parent=1524"}],"wp:term":[{"taxonomy":"product_brand","embeddable":true,"href":"https:\/\/caliweedeurope.com\/es\/wp-json\/wp\/v2\/product_brand?post=1524"},{"taxonomy":"product_cat","embeddable":true,"href":"https:\/\/caliweedeurope.com\/es\/wp-json\/wp\/v2\/product_cat?post=1524"},{"taxonomy":"product_tag","embeddable":true,"href":"https:\/\/caliweedeurope.com\/es\/wp-json\/wp\/v2\/product_tag?post=1524"}],"curies":[{"name":"wp","href":"https:\/\/api.w.org\/{rel}","templated":true}]}}