{"id":1542,"date":"2024-11-03T21:34:17","date_gmt":"2024-11-03T21:34:17","guid":{"rendered":"https:\/\/caliweedeurope.com\/?post_type=product&#038;p=1542"},"modified":"2024-11-03T21:34:54","modified_gmt":"2024-11-03T21:34:54","slug":"lemon-haze","status":"publish","type":"product","link":"https:\/\/caliweedeurope.com\/es\/product\/lemon-haze\/","title":{"rendered":"Lemon Haze"},"content":{"rendered":"<p><span style=\"font-weight: 400\">Compra Super Lemon Haze en l\u00ednea. Es una mezcla de Lemon Skunk y Super Silver Haze, con una proporci\u00f3n sativa\/indica de 80:20. Esto significa efectos cerebrales, animados y estimulantes: excitaci\u00f3n, creatividad, energ\u00eda, euforia y felicidad intensa. Estos efectos lo convierten en una herramienta ideal para tratar la depresi\u00f3n, la fatiga, la ansiedad, las n\u00e1useas y el dolor cr\u00f3nico. Los niveles de THC en esta variedad son muy altos, con al menos una muestra que supera el 25%, lo que coloca a Super Lemon Haze en la cima de la pir\u00e1mide de potencia. Sin embargo, no es conocido por sus niveles de CBD, que generalmente son inferiores al 1%. En otras palabras, esta variedad no debe usarse como \u00fanico medicamento para afecciones que responden al CBD, como los trastornos convulsivos. Super Lemon Haze tiene un sabor \u00e1cido y especiado a lim\u00f3n y un aroma con notas dulces de caramelos. Compra Super Lemon Haze en l\u00ednea. Los cogollos, que tienen una apariencia verde y marr\u00f3n moteada, est\u00e1n cubiertos con una capa densa de tricomas resinosos.<\/span><\/p>","protected":false},"excerpt":{"rendered":"<p><span style=\"font-weight: 400\">Tiene una proporci\u00f3n sativa\/indica de 80:20. Esto significa efectos cerebrales, animados y estimulantes: excitaci\u00f3n, creatividad, energ\u00eda, euforia y felicidad intensa. Estos efectos lo convierten en una herramienta ideal para tratar la depresi\u00f3n, la fatiga, la ansiedad, las n\u00e1useas y el dolor cr\u00f3nico. <\/span><\/p>","protected":false},"featured_media":1560,"comment_status":"closed","ping_status":"closed","template":"","meta":{"_uag_custom_page_level_css":"","site-sidebar-layout":"default","site-content-layout":"","ast-site-content-layout":"","site-content-style":"default","site-sidebar-style":"default","ast-global-header-display":"","ast-banner-title-visibility":"","ast-main-header-display":"","ast-hfb-above-header-display":"","ast-hfb-below-header-display":"","ast-hfb-mobile-header-display":"","site-post-title":"","ast-breadcrumbs-content":"","ast-featured-img":"","footer-sml-layout":"","theme-transparent-header-meta":"","adv-header-id-meta":"","stick-header-meta":"","header-above-stick-meta":"","header-main-stick-meta":"","header-below-stick-meta":"","astra-migrate-meta-layouts":"default","ast-page-background-enabled":"default","ast-page-background-meta":{"desktop":{"background-color":"var(--ast-global-color-4)","background-image":"","background-repeat":"repeat","background-position":"center center","background-size":"auto","background-attachment":"scroll","background-type":"","background-media":"","overlay-type":"","overlay-color":"","overlay-opacity":"","overlay-gradient":""},"tablet":{"background-color":"","background-image":"","background-repeat":"repeat","background-position":"center center","background-size":"auto","background-attachment":"scroll","background-type":"","background-media":"","overlay-type":"","overlay-color":"","overlay-opacity":"","overlay-gradient":""},"mobile":{"background-color":"","background-image":"","background-repeat":"repeat","background-position":"center center","background-size":"auto","background-attachment":"scroll","background-type":"","background-media":"","overlay-type":"","overlay-color":"","overlay-opacity":"","overlay-gradient":""}},"ast-content-background-meta":{"desktop":{"background-color":"var(--ast-global-color-5)","background-image":"","background-repeat":"repeat","background-position":"center center","background-size":"auto","background-attachment":"scroll","background-type":"","background-media":"","overlay-type":"","overlay-color":"","overlay-opacity":"","overlay-gradient":""},"tablet":{"background-color":"var(--ast-global-color-5)","background-image":"","background-repeat":"repeat","background-position":"center center","background-size":"auto","background-attachment":"scroll","background-type":"","background-media":"","overlay-type":"","overlay-color":"","overlay-opacity":"","overlay-gradient":""},"mobile":{"background-color":"var(--ast-global-color-5)","background-image":"","background-repeat":"repeat","background-position":"center center","background-size":"auto","background-attachment":"scroll","background-type":"","background-media":"","overlay-type":"","overlay-color":"","overlay-opacity":"","overlay-gradient":""}}},"product_brand":[],"product_cat":[22,228,380],"product_tag":[201,202,203,204,205,206,207,208,209,210,211,212,213,214,215,216,217,218,219,220,221,222,223,224,225,226],"class_list":{"0":"post-1542","1":"product","2":"type-product","3":"status-publish","4":"has-post-thumbnail","6":"product_cat-hybrid","7":"product_cat-indica","8":"product_cat-sativa","9":"product_tag-buy-weed-online-in-australia","10":"product_tag-buy-weed-online-in-belgium","11":"product_tag-buy-weed-online-in-britain","12":"product_tag-buy-weed-online-in-china","13":"product_tag-buy-weed-online-in-croatia","14":"product_tag-buy-weed-online-in-denmark","15":"product_tag-buy-weed-online-in-european-union","16":"product_tag-buy-weed-online-in-france","17":"product_tag-buy-weed-online-in-germany","18":"product_tag-buy-weed-online-in-guam","19":"product_tag-buy-weed-online-in-guernsey","20":"product_tag-buy-weed-online-in-hungary","21":"product_tag-buy-weed-online-in-ireland","22":"product_tag-buy-weed-online-in-israel","23":"product_tag-buy-weed-online-in-italy","24":"product_tag-buy-weed-online-in-japan","25":"product_tag-buy-weed-online-in-jersey","26":"product_tag-buy-weed-online-in-latvia","27":"product_tag-buy-weed-online-in-poland","28":"product_tag-buy-weed-online-in-russia","29":"product_tag-buy-weed-online-in-spain","30":"product_tag-buy-weed-online-in-sweeden","31":"product_tag-buy-weed-online-in-switzerland","32":"product_tag-buy-weed-online-in-turkey","33":"product_tag-buy-weed-online-in-ukraine","34":"product_tag-buy-weed-online-united-states","35":"desktop-align-center","36":"tablet-align-left","37":"mobile-align-left","39":"first","40":"instock","41":"sale","42":"shipping-taxable","43":"purchasable","44":"product-type-variable"},"uagb_featured_image_src":{"full":["https:\/\/caliweedeurope.com\/wp-content\/uploads\/2024\/11\/treegod415_52684732_257839518494023_8682159355554893335_n.jpg",1080,1350,false],"thumbnail":["https:\/\/caliweedeurope.com\/wp-content\/uploads\/2024\/11\/treegod415_52684732_257839518494023_8682159355554893335_n-150x150.jpg",150,150,true],"medium":["https:\/\/caliweedeurope.com\/wp-content\/uploads\/2024\/11\/treegod415_52684732_257839518494023_8682159355554893335_n-240x300.jpg",240,300,true],"medium_large":["https:\/\/caliweedeurope.com\/wp-content\/uploads\/2024\/11\/treegod415_52684732_257839518494023_8682159355554893335_n-768x960.jpg",768,960,true],"large":["https:\/\/caliweedeurope.com\/wp-content\/uploads\/2024\/11\/treegod415_52684732_257839518494023_8682159355554893335_n-819x1024.jpg",819,1024,true],"1536x1536":["https:\/\/caliweedeurope.com\/wp-content\/uploads\/2024\/11\/treegod415_52684732_257839518494023_8682159355554893335_n.jpg",1080,1350,false],"2048x2048":["https:\/\/caliweedeurope.com\/wp-content\/uploads\/2024\/11\/treegod415_52684732_257839518494023_8682159355554893335_n.jpg",1080,1350,false],"trp-custom-language-flag":["https:\/\/caliweedeurope.com\/wp-content\/uploads\/2024\/11\/treegod415_52684732_257839518494023_8682159355554893335_n.jpg",10,12,false],"woocommerce_thumbnail":["https:\/\/caliweedeurope.com\/wp-content\/uploads\/2024\/11\/treegod415_52684732_257839518494023_8682159355554893335_n-300x300.jpg",300,300,true],"woocommerce_single":["https:\/\/caliweedeurope.com\/wp-content\/uploads\/2024\/11\/treegod415_52684732_257839518494023_8682159355554893335_n-600x750.jpg",600,750,true],"woocommerce_gallery_thumbnail":["https:\/\/caliweedeurope.com\/wp-content\/uploads\/2024\/11\/treegod415_52684732_257839518494023_8682159355554893335_n-100x100.jpg",100,100,true]},"uagb_author_info":{"display_name":"jetskiforsaleuk@gmail.com","author_link":"https:\/\/caliweedeurope.com\/es\/author\/"},"uagb_comment_info":0,"uagb_excerpt":"It has a sativa\/indica ratio of 80:20. That means heady, peppy, cerebral effects: arousal, creativity, energy, euphoria, and intense happiness. These make for ideal tools in treating depression, fatigue, anxiety, nausea, and chronic pain.","_links":{"self":[{"href":"https:\/\/caliweedeurope.com\/es\/wp-json\/wp\/v2\/product\/1542"}],"collection":[{"href":"https:\/\/caliweedeurope.com\/es\/wp-json\/wp\/v2\/product"}],"about":[{"href":"https:\/\/caliweedeurope.com\/es\/wp-json\/wp\/v2\/types\/product"}],"replies":[{"embeddable":true,"href":"https:\/\/caliweedeurope.com\/es\/wp-json\/wp\/v2\/comments?post=1542"}],"wp:featuredmedia":[{"embeddable":true,"href":"https:\/\/caliweedeurope.com\/es\/wp-json\/wp\/v2\/media\/1560"}],"wp:attachment":[{"href":"https:\/\/caliweedeurope.com\/es\/wp-json\/wp\/v2\/media?parent=1542"}],"wp:term":[{"taxonomy":"product_brand","embeddable":true,"href":"https:\/\/caliweedeurope.com\/es\/wp-json\/wp\/v2\/product_brand?post=1542"},{"taxonomy":"product_cat","embeddable":true,"href":"https:\/\/caliweedeurope.com\/es\/wp-json\/wp\/v2\/product_cat?post=1542"},{"taxonomy":"product_tag","embeddable":true,"href":"https:\/\/caliweedeurope.com\/es\/wp-json\/wp\/v2\/product_tag?post=1542"}],"curies":[{"name":"wp","href":"https:\/\/api.w.org\/{rel}","templated":true}]}}