{"id":1546,"date":"2024-11-03T21:34:17","date_gmt":"2024-11-03T21:34:17","guid":{"rendered":"https:\/\/caliweedeurope.com\/?post_type=product&#038;p=1546"},"modified":"2024-11-03T21:34:54","modified_gmt":"2024-11-03T21:34:54","slug":"blue-cheese","status":"publish","type":"product","link":"https:\/\/caliweedeurope.com\/es\/product\/blue-cheese\/","title":{"rendered":"Blue Cheese"},"content":{"rendered":"<p>Blue Cheese es un h\u00edbrido t\u00edpicamente dominante en indica que aporta un sabor distintivo acompa\u00f1ado de efectos psicoactivos moderados y un coloc\u00f3n relajado.<\/p>\n<p>La cepa ha recibido su nombre debido a su aroma y linaje gen\u00e9tico. Blue Cheese es el resultado del cruce entre la popular Blueberry y la cepa Cheese criada en el Reino Unido. Contrariamente a lo que puedas creer, no sabe a queso; pero el aroma... Oh, s\u00ed, definitivamente huele a queso cheddar maduro.<\/p>\n<p>Blue Cheese no es el h\u00edbrido dominante \u00edndica m\u00e1s fuerte, ya que normalmente tiene un contenido de THC de entre 15% y 20%.<\/p>\n<p>En cuanto a la apariencia, la cepa de marihuana Blue Cheese tiene cogollos notablemente densos, con hojas apretadas que son de un verde claro a medio y entrelazadas con pelos terrosos.<\/p>\n<p>Una vez que huelas tu bolsa de Blue Cheese, entender\u00e1s de d\u00f3nde viene su nombre. Comenzando con el olor picante del queso, la cepa lleva matices afrutados y de bayas heredados de su progenitor Blueberry.<\/p>\n<p>A veces, el aroma se vuelve tan penetrante que muchas personas lo han comparado con almizcle o incluso con verduras podridas.<\/p>\n<p>Cuando fumas Blue Cheese, el perfil de sabor es en realidad la versi\u00f3n invertida de su aroma. Al exhalar, experimentar\u00e1s un sabor completamente a ar\u00e1ndano, con matices de funk a queso que suenan en alg\u00fan lugar muy, muy al fondo.<\/p>\n<p>El coloc\u00f3n es comparable al de otros h\u00edbridos dominantes de indica. Blue Cheese puede aparecer lentamente \u2013 sin el subid\u00f3n cerebral inicial asociado con las variedades m\u00e1s equilibradas \u2013 y luego induce una sensaci\u00f3n de relajaci\u00f3n corporal completa.<\/p>\n<p>A pesar de su contenido moderado de THC, Blue Cheese puede sorprender a los usuarios inexpertos con sus efectos psicoactivos.<\/p>\n<p>Al alcanzar el pico, el efecto de Blue Cheese puede llevar a un bloqueo en el sof\u00e1 incapacitante, pero incluso dosis m\u00e1s peque\u00f1as de esta variedad son capaces de arruinar todos tus planes para el resto del d\u00eda.<\/p>\n<p>Dicho esto, la variedad Blue Cheese se recomienda para su uso por la noche. Adem\u00e1s, siempre aseg\u00farate de tener algunos bocadillos a mano, ya que esta h\u00edbrida es conocida por inducir un fuerte apetito.<\/p>\n<p>Gracias a los efectos mencionados anteriormente, Blue Cheese es una excelente opci\u00f3n para las personas que usan marihuana con fines m\u00e9dicos. Puede aliviar la ansiedad, la depresi\u00f3n y ayudar a los pacientes a lidiar con los s\u00edntomas relacionados con <a href=\"https:\/\/deligentman.com\/2016\/05\/06\/how-cannabis-can-help-treat-ptsd\/\" target=\"_blank\" rel=\"noopener\">PTSD<\/a>. Si sufres de trastornos de d\u00e9ficit de atenci\u00f3n, su efecto claro y enfocado tambi\u00e9n ser\u00e1 beneficioso.<br \/> En cuanto a los posibles efectos secundarios, Blue Cheese no es muy diferente de otros h\u00edbridos dominantes en \u00edndica. Incluso dosis moderadas de esta cepa pueden causar sequedad en la boca, ojos secos y con picaz\u00f3n, y un aumento repentino del apetito; si este \u00faltimo efecto secundario es no deseado, realmente depende de tus h\u00e1bitos alimenticios.<\/p>\n<p>Las reacciones menos deseables pueden incluir mareos y algo de ansiedad, pero provocar paranoia con Blue Cheese no es una opci\u00f3n, a menos que lo consumas en cantidades extremadamente grandes.<\/p>\n<p>Aparte de eso, Blue Cheese es una variedad incre\u00edble, y cuando se consume en dosis suficientemente grandes, es una excelente opci\u00f3n para disfrutar desde temprano en la tarde hasta la hora de dormir. \u00dasala cuando sientas la necesidad de relajarte despu\u00e9s de un largo y estresante d\u00eda de trabajo.<\/p>","protected":false},"excerpt":{"rendered":"<ul class=\"product-benefits\">\n<li>Normalmente llega en 2-3 d\u00edas<\/li>\n<li>Env\u00edo gratuito en pedidos superiores a 200 euros<\/li>\n<li>Env\u00edo solo a Europa<\/li>\n<\/ul>","protected":false},"featured_media":1562,"comment_status":"closed","ping_status":"closed","template":"","meta":{"_uag_custom_page_level_css":"","site-sidebar-layout":"default","site-content-layout":"","ast-site-content-layout":"","site-content-style":"default","site-sidebar-style":"default","ast-global-header-display":"","ast-banner-title-visibility":"","ast-main-header-display":"","ast-hfb-above-header-display":"","ast-hfb-below-header-display":"","ast-hfb-mobile-header-display":"","site-post-title":"","ast-breadcrumbs-content":"","ast-featured-img":"","footer-sml-layout":"","theme-transparent-header-meta":"","adv-header-id-meta":"","stick-header-meta":"","header-above-stick-meta":"","header-main-stick-meta":"","header-below-stick-meta":"","astra-migrate-meta-layouts":"default","ast-page-background-enabled":"default","ast-page-background-meta":{"desktop":{"background-color":"var(--ast-global-color-4)","background-image":"","background-repeat":"repeat","background-position":"center center","background-size":"auto","background-attachment":"scroll","background-type":"","background-media":"","overlay-type":"","overlay-color":"","overlay-opacity":"","overlay-gradient":""},"tablet":{"background-color":"","background-image":"","background-repeat":"repeat","background-position":"center center","background-size":"auto","background-attachment":"scroll","background-type":"","background-media":"","overlay-type":"","overlay-color":"","overlay-opacity":"","overlay-gradient":""},"mobile":{"background-color":"","background-image":"","background-repeat":"repeat","background-position":"center center","background-size":"auto","background-attachment":"scroll","background-type":"","background-media":"","overlay-type":"","overlay-color":"","overlay-opacity":"","overlay-gradient":""}},"ast-content-background-meta":{"desktop":{"background-color":"var(--ast-global-color-5)","background-image":"","background-repeat":"repeat","background-position":"center center","background-size":"auto","background-attachment":"scroll","background-type":"","background-media":"","overlay-type":"","overlay-color":"","overlay-opacity":"","overlay-gradient":""},"tablet":{"background-color":"var(--ast-global-color-5)","background-image":"","background-repeat":"repeat","background-position":"center center","background-size":"auto","background-attachment":"scroll","background-type":"","background-media":"","overlay-type":"","overlay-color":"","overlay-opacity":"","overlay-gradient":""},"mobile":{"background-color":"var(--ast-global-color-5)","background-image":"","background-repeat":"repeat","background-position":"center center","background-size":"auto","background-attachment":"scroll","background-type":"","background-media":"","overlay-type":"","overlay-color":"","overlay-opacity":"","overlay-gradient":""}}},"product_brand":[],"product_cat":[228],"product_tag":[201,202,203,204,205,206,207,208,209,210,211,212,213,214,215,216,217,218,219,220,221,222,223,224,225,226],"class_list":{"0":"post-1546","1":"product","2":"type-product","3":"status-publish","4":"has-post-thumbnail","6":"product_cat-indica","7":"product_tag-buy-weed-online-in-australia","8":"product_tag-buy-weed-online-in-belgium","9":"product_tag-buy-weed-online-in-britain","10":"product_tag-buy-weed-online-in-china","11":"product_tag-buy-weed-online-in-croatia","12":"product_tag-buy-weed-online-in-denmark","13":"product_tag-buy-weed-online-in-european-union","14":"product_tag-buy-weed-online-in-france","15":"product_tag-buy-weed-online-in-germany","16":"product_tag-buy-weed-online-in-guam","17":"product_tag-buy-weed-online-in-guernsey","18":"product_tag-buy-weed-online-in-hungary","19":"product_tag-buy-weed-online-in-ireland","20":"product_tag-buy-weed-online-in-israel","21":"product_tag-buy-weed-online-in-italy","22":"product_tag-buy-weed-online-in-japan","23":"product_tag-buy-weed-online-in-jersey","24":"product_tag-buy-weed-online-in-latvia","25":"product_tag-buy-weed-online-in-poland","26":"product_tag-buy-weed-online-in-russia","27":"product_tag-buy-weed-online-in-spain","28":"product_tag-buy-weed-online-in-sweeden","29":"product_tag-buy-weed-online-in-switzerland","30":"product_tag-buy-weed-online-in-turkey","31":"product_tag-buy-weed-online-in-ukraine","32":"product_tag-buy-weed-online-united-states","33":"desktop-align-center","34":"tablet-align-left","35":"mobile-align-left","37":"first","38":"instock","39":"sale","40":"shipping-taxable","41":"purchasable","42":"product-type-variable"},"uagb_featured_image_src":{"full":["https:\/\/caliweedeurope.com\/wp-content\/uploads\/2024\/11\/treegod415_67298644_165799464467681_6494209895392585596_n.jpg",1080,1350,false],"thumbnail":["https:\/\/caliweedeurope.com\/wp-content\/uploads\/2024\/11\/treegod415_67298644_165799464467681_6494209895392585596_n-150x150.jpg",150,150,true],"medium":["https:\/\/caliweedeurope.com\/wp-content\/uploads\/2024\/11\/treegod415_67298644_165799464467681_6494209895392585596_n-240x300.jpg",240,300,true],"medium_large":["https:\/\/caliweedeurope.com\/wp-content\/uploads\/2024\/11\/treegod415_67298644_165799464467681_6494209895392585596_n-768x960.jpg",768,960,true],"large":["https:\/\/caliweedeurope.com\/wp-content\/uploads\/2024\/11\/treegod415_67298644_165799464467681_6494209895392585596_n-819x1024.jpg",819,1024,true],"1536x1536":["https:\/\/caliweedeurope.com\/wp-content\/uploads\/2024\/11\/treegod415_67298644_165799464467681_6494209895392585596_n.jpg",1080,1350,false],"2048x2048":["https:\/\/caliweedeurope.com\/wp-content\/uploads\/2024\/11\/treegod415_67298644_165799464467681_6494209895392585596_n.jpg",1080,1350,false],"trp-custom-language-flag":["https:\/\/caliweedeurope.com\/wp-content\/uploads\/2024\/11\/treegod415_67298644_165799464467681_6494209895392585596_n.jpg",10,12,false],"woocommerce_thumbnail":["https:\/\/caliweedeurope.com\/wp-content\/uploads\/2024\/11\/treegod415_67298644_165799464467681_6494209895392585596_n-300x300.jpg",300,300,true],"woocommerce_single":["https:\/\/caliweedeurope.com\/wp-content\/uploads\/2024\/11\/treegod415_67298644_165799464467681_6494209895392585596_n-600x750.jpg",600,750,true],"woocommerce_gallery_thumbnail":["https:\/\/caliweedeurope.com\/wp-content\/uploads\/2024\/11\/treegod415_67298644_165799464467681_6494209895392585596_n-100x100.jpg",100,100,true]},"uagb_author_info":{"display_name":"jetskiforsaleuk@gmail.com","author_link":"https:\/\/caliweedeurope.com\/es\/author\/"},"uagb_comment_info":0,"uagb_excerpt":"Typically Arrives in 2-3 Days Free Shipping on Orders over 200 Euros Europe shipping only","_links":{"self":[{"href":"https:\/\/caliweedeurope.com\/es\/wp-json\/wp\/v2\/product\/1546"}],"collection":[{"href":"https:\/\/caliweedeurope.com\/es\/wp-json\/wp\/v2\/product"}],"about":[{"href":"https:\/\/caliweedeurope.com\/es\/wp-json\/wp\/v2\/types\/product"}],"replies":[{"embeddable":true,"href":"https:\/\/caliweedeurope.com\/es\/wp-json\/wp\/v2\/comments?post=1546"}],"wp:featuredmedia":[{"embeddable":true,"href":"https:\/\/caliweedeurope.com\/es\/wp-json\/wp\/v2\/media\/1562"}],"wp:attachment":[{"href":"https:\/\/caliweedeurope.com\/es\/wp-json\/wp\/v2\/media?parent=1546"}],"wp:term":[{"taxonomy":"product_brand","embeddable":true,"href":"https:\/\/caliweedeurope.com\/es\/wp-json\/wp\/v2\/product_brand?post=1546"},{"taxonomy":"product_cat","embeddable":true,"href":"https:\/\/caliweedeurope.com\/es\/wp-json\/wp\/v2\/product_cat?post=1546"},{"taxonomy":"product_tag","embeddable":true,"href":"https:\/\/caliweedeurope.com\/es\/wp-json\/wp\/v2\/product_tag?post=1546"}],"curies":[{"name":"wp","href":"https:\/\/api.w.org\/{rel}","templated":true}]}}