{"id":1742,"date":"2024-11-05T18:39:15","date_gmt":"2024-11-05T18:39:15","guid":{"rendered":"https:\/\/caliweedeurope.com\/?post_type=product&#038;p=1742"},"modified":"2024-11-05T18:39:18","modified_gmt":"2024-11-05T18:39:18","slug":"buy-cali-bud-gobstoppers-strain-online","status":"publish","type":"product","link":"https:\/\/caliweedeurope.com\/es\/product\/buy-cali-bud-gobstoppers-strain-online\/","title":{"rendered":"Buy Cali Bud Gobstoppers strain Online"},"content":{"rendered":"<h1 style=\"text-align: center\"><strong>\u00a0<\/strong><strong>GOBSTOPPERS <\/strong><strong>CALI BUD OR NO BUD\u00a0|<\/strong><strong>\u00a0CALI BUD OR NO BUD\u00a0<\/strong><strong>GOBSTOPPERS <\/strong><strong>|<\/strong><strong>\u00a0CALI PLUG CALI BUD OR NO BUD<\/strong><\/h1>\n<p><strong>Cali bud o nada de bud Gobstoppers<\/strong><\/p>\n<p>Esta cepa es un producto de cannabis Cali original de interior, disponible para usuarios m\u00e9dicos y recreativos calificados. Cali Hardball Cookies es una de las flores de cannabis de alta calidad m\u00e1s buscadas en los EE.UU. Cali Gobstoppers es una cepa Indica. Si buscas un sabor a caramelo muy afrutado, entonces esta es la adecuada para ti. Es una mezcla perfecta de Candy Diesel y la potent\u00edsima cepa Vortex.<\/p>\n<p><b>Gobbstopper<\/b>\u00a0es una cepa Indica con sabor a bayas y la segunda entrada en la serie Wonka de Alphakronik Genes. Creada al cruzar\u00a0<a href=\"https:\/\/www.leafly.com\/strains\/purple-urkle\" target=\"_blank\" rel=\"noopener\">Purple Urkle<\/a>\u00a0y\u00a0<a href=\"https:\/\/www.leafly.com\/strains\/sin-city-kush\" target=\"_blank\" rel=\"noopener\">Sin City Kush<\/a>, El sabor afrutado de larga duraci\u00f3n de Gobbstopper se abre en la nariz con frutas dulces y \u00e1cidas y una tierra sabrosa. El aroma de esta variedad var\u00eda desde el Pez de uva con toques de tapioca hasta las frambuesas de Mt. Hood y la madera de s\u00e1ndalo. La estructura de los cogollos refleja su gen\u00e9tica Kush, con colores profundos y una cobertura saludable de tricomas. Cali Bud o no hay Bud Gobstoppers.<\/p>\n<h2 style=\"text-align: center\"><strong>\u00a0BUY\u00a0<\/strong><strong>GOBSTOPPERS\u00a0<\/strong><strong>CALI BUD OR NO BUD\u00a0 ONLINE | BUY CALI BUD OR NO BUD\u00a0<\/strong><strong>GOBSTOPPERS\u00a0<\/strong><strong>ONLINE | BUY CALI BUD OR NO BUD ONLINE<\/strong><\/h2>\n<p><strong style=\"color: #555555;font-size: 14.4px\">Usos m\u00e9dicos de la cepa Cali Bud Gobstoppers<\/strong><\/p>\n<p>Este Cali plug bud se recomienda mucho para pacientes que sufren de dolor cr\u00f3nico severo, problemas articulares y debilidad general. Con un porcentaje de THC de alrededor del 29%. Cali bud o no bud Gobstoppers.<\/p>\n<div class=\"variety-percentage-wrap\">\n<h4 class=\"variety\"><a href=\"https:\/\/www.allbud.com\/marijuana-strains\/variety\/hybrid\" target=\"_blank\" rel=\"noopener\">\u00a0H\u00edbrido\u00a0<\/a><span class=\"hidden-xs\">\u2013\u00a0<\/span><span class=\"strain-percentages\">50% Sativa \/50% Indica<\/span><\/h4>\n<h4 class=\"percentage\"><span class=\"heading\">THC:\u00a0<\/span>14% \u2013 16%,\u00a0<span class=\"heading\">CBD:\u00a0<\/span><em>1<\/em>%<\/h4>\n<\/p><\/div>\n<p>Gobbstopper es una variedad h\u00edbrida equilibrada creada cruzando el delicioso Candy Diesel con el potente Vortex. \u00bfBuscas un delicioso sabor a caramelo? \u00a1Pues lo has encontrado! Gobbstopper es todo lo que has so\u00f1ado y m\u00e1s, combinando bayas dulces y c\u00edtricos \u00e1cidos para un sabor afrutado de caramelo que bailar\u00e1 sobre tu lengua.<\/p>\n<p>Gobbstopper tambi\u00e9n puede tener varios beneficios para los pacientes de cannabis medicinal. Su car\u00e1cter relajado puede reducir temporalmente los s\u00edntomas de estr\u00e9s y depresi\u00f3n. Fisiol\u00f3gicamente, tambi\u00e9n puede aliviar dolores y molestias profundas, tanto temporales como cr\u00f3nicas. Los efectos antiinflamatorios pueden aliviar afecciones menores como dolores de cabeza o n\u00e1useas.<\/p>\n<h3 style=\"text-align: center\"><strong>GOBSTOPPERS\u00a0<\/strong><strong>CALI BUD OR NO BUD FOR SALE | CALI BUD OR NO BUD\u00a0\u00a0<\/strong><strong>GOBSTOPPERS\u00a0<\/strong><strong>FOR SALE | CALI BUD OR NO BUD\u00a0 FOR SALE<\/strong><\/h3>\n<p><strong>Cultivar la variedad Cali Gabstoppers<\/strong><br \/> Los Cali Gobstoppers crecen bastante bajos y se desarrollan muy bien en interiores, exteriores y viveros. Los nutrientes deben ofrecerse al menos mensualmente, si no cada 5 semanas, para completar la vegetaci\u00f3n. Esta variedad florece literalmente durante 9 semanas y proporciona 2 gramos por vatio en interiores. Los cultivadores al aire libre pueden cosechar hasta 2 libras por planta. Gabstoppers variedad<\/p>\n<p>El atractivo visual de las flores de Gobstopper es evidente de inmediato. Se destacan por una forma irregular y grandes cogollos robustos que se adhieren a la estructura densa t\u00edpica de las \u00edndicas. Gabstoppers variedad<\/p>\n<h3 style=\"text-align: center\"><strong>CALI BUD OR NO BUD \u00a0<\/strong><strong>GOBSTOPPERS\u00a0<\/strong><strong>\u00a0NEAR ME |\u00a0<\/strong><strong>GOBSTOPPERS\u00a0<\/strong><strong>CALI BUD OR NO BUD\u00a0\u00a0 NEAR ME | CALI BUD OR NO BUD \u00a0NEAR ME<\/strong><\/h3>\n<p><strong>Advertencia sobre la variedad Cali Gabstoppers<\/strong><br \/> Estos cogollos Cali de primera calidad contienen cannabis. Esta sustancia debe mantenerse fuera del alcance de ni\u00f1os y animales.<\/p>\n<p>El coloc\u00f3n de Gobstopper golpea r\u00e1pidamente, ejerciendo presi\u00f3n alrededor de los ojos y la frente. Los efectos que siguen podr\u00edan describirse como expansivos para la mente: los fumadores pueden sentirse m\u00e1s creativos o m\u00e1s abiertos a sugerencias de otros o est\u00edmulos externos. Algunos fumadores tambi\u00e9n pueden experimentar alteraciones en la percepci\u00f3n, y las distorsiones visuales y auditivas son com\u00fanmente reportadas. Sin embargo, en lugar de desorientaci\u00f3n, el coloc\u00f3n de Gobstopper se acerca a la euforia; los mismos Extreme Boutique Genetics han comparado sus efectos estimulantes con la emoci\u00f3n que siente un ni\u00f1o la ma\u00f1ana de Navidad.<\/p>\n<p>Al igual que su perfil de sabor con m\u00faltiples capas, Gobstopper tambi\u00e9n tiene un efecto complejo. Aunque es poco probable que cause couchlock, la niebla mental que aparece hacia el final del coloc\u00f3n probablemente impedir\u00e1 que la mayor\u00eda de los fumadores completen tareas complejas.<\/p>\n<h5 style=\"text-align: center\"><strong>GOBSTOPPERS\u00a0<\/strong><strong>\u00a0STRAIN | \u00a0<\/strong><strong>GOBSTOPPERS\u00a0<\/strong><strong>WEED STRAIN | CALI\u00a0<\/strong><strong>GOBSTOPPERS\u00a0<\/strong><strong>| CALI\u00a0<\/strong><strong>GOBSTOPPERS\u00a0<\/strong><strong>\u00a0STRAIN<\/strong><\/h5>\n<p><strong>Efectos de la variedad Cali Gabstoppers<\/strong><br \/> En conclusi\u00f3n, al fumarlo, se puede experimentar euforia, creatividad, una calidez calmante, entumecimiento, aumento del apetito y alivio del dolor. El efecto de estos cogollos puede durar hasta 4 horas en los pacientes. Tenga cuidado al usar este producto durante el embarazo.<\/p>\n<p>Hable con un agente de Cali Plug antes de usar el producto. Tenga mucho cuidado al conducir o manejar maquinaria. Cepa Gabstoppers.<\/p>\n<p>Compre la cepa Cali Reptar en l\u00ednea en la dispensaria de cannabis m\u00e1s confiable de California. Cali Plug es su proveedor leg\u00edtimo de paquetes Cali Plug de alta calidad, tambi\u00e9n conocidos como Cali Bags.<\/p>\n<p>As\u00ed, el aroma complejo de Gobstopper sigue el mismo patr\u00f3n. El aroma principal de estas flores es c\u00edtrico, especialmente pomelo. Al examinarlo m\u00e1s de cerca, se pueden detectar notas de bayas y algod\u00f3n de az\u00facar s\u00faper dulce. A pesar de su car\u00e1cter principalmente dulce, al ser quemada, esta hierba puede liberar un humo fuerte que irrita los ojos. El humo tiene un sabor a di\u00e9sel al exhalar, con un toque \u00e1cido y c\u00edtrico persistente. Cabe destacar que, a pesar de su color p\u00farpura, la uva es un sabor que Gobstopper no tiene; esto se debe a que los pigmentos que producen sus tonos morados ocasionales no tienen un efecto correspondiente en el sabor de la variedad.<\/p>\n<div data-testid=\"product-description\">\n<div class=\"truncate-lines__Wrapper-sc-1lknwty-0 YxHAC\">\n<div data-testid=\"truncated-description\">\n<div>\n<div class=\"text__Text-sc-fif1uk-0 kdmKRD\">\n<div class=\"src__Box-sc-1sbtrzs-0 src__Flex-sc-1sbtrzs-1 kWPFqZ hzdsvF\">\n<div>CATEGOR\u00cdAS DE PRODUCTOS DE MUESTRA<\/div>\n<\/p><\/div>\n<\/p><\/div>\n<\/p><\/div>\n<\/p><\/div>\n<\/p><\/div>\n<\/p><\/div>\n<div class=\"text__Text-sc-fif1uk-0 htoJfX\"><a href=\"https:\/\/jeetersofficial.com\/product-category\/buy-cali-buds\/\" target=\"_blank\" rel=\"noopener\">CALI BUDS<\/a><\/div>\n<div data-testid=\"product-description\">\n<div class=\"truncate-lines__Wrapper-sc-1lknwty-0 YxHAC\">\n<div data-testid=\"truncated-description\">\n<div class=\"text__Text-sc-fif1uk-0 kdmKRD\"><a href=\"https:\/\/jeetersofficial.com\/product-category\/backpack-boyz\/\" target=\"_blank\" rel=\"noopener\">Backpack\u00a0 Boyz<\/a><\/div>\n<div><a href=\"https:\/\/jeetersofficial.com\/product-category\/snow-balls-weed\/\" target=\"_blank\" rel=\"noopener\">SNOWBALLS WEED<\/a><\/div>\n<div><a href=\"https:\/\/jeetersofficial.com\/product-category\/persy-snowcaps\/\" target=\"_blank\" rel=\"noopener\">Persy Snowcaps<\/a><\/div>\n<div><a href=\"https:\/\/jeetersofficial.com\/product-category\/drip-snowcaps\/\" target=\"_blank\" rel=\"noopener\">Drip Snowcaps<\/a><\/div>\n<div><a href=\"https:\/\/jeetersofficial.com\/product-category\/concentrates\/\" target=\"_blank\" rel=\"noopener\">CALI CONCENTRATES<\/a><\/div>\n<div><a href=\"https:\/\/jeetersofficial.com\/product-category\/doja-exclusive\/\" target=\"_blank\" rel=\"noopener\">CALI DOJA PACKS EXCLUSIVE<\/a><\/div>\n<div><a href=\"https:\/\/jeetersofficial.com\/product-category\/marijuana-flowers\/\" target=\"_blank\" rel=\"noopener\">CALI MARIJUANA FLOWERS<\/a><\/div>\n<\/p><\/div>\n<\/p><\/div>\n<\/p><\/div>\n<div><a href=\"https:\/\/jeetersofficial.com\/product-category\/sativa-strain\/\" target=\"_blank\" rel=\"noopener\">CALI SATIVA STRAINS<\/a><\/div>\n<div><a href=\"https:\/\/jeetersofficial.com\/product-category\/indica\/\" target=\"_blank\" rel=\"noopener\">CALI INDICA STRAINS<\/a><\/div>\n<div><a href=\"https:\/\/jeetersofficial.com\/product-category\/hybrid-weed\/\" target=\"_blank\" rel=\"noopener\">CALI HYBRID WEED<\/a><\/div>","protected":false},"excerpt":{"rendered":"<p><strong>Cali Bud Gobstoppers strain<\/strong><\/p>\n<p>Esta variedad es un producto de cannabis Cali original de interior, disponible para usuarios m\u00e9dicos y recreativos calificados. Cali Hardball Cookies es una de las flores de cannabis de alta gama m\u00e1s buscadas en los EE.UU. Cali Gobstoppers es una variedad Indica. Si est\u00e1s buscando un sabor a caramelo muy afrutado, has encontrado el correcto. Es una mezcla perfecta de Candy Diesel y la potente variedad Vortex.<\/p>","protected":false},"featured_media":1667,"comment_status":"closed","ping_status":"closed","template":"","meta":{"_uag_custom_page_level_css":"","site-sidebar-layout":"default","site-content-layout":"","ast-site-content-layout":"default","site-content-style":"default","site-sidebar-style":"default","ast-global-header-display":"","ast-banner-title-visibility":"","ast-main-header-display":"","ast-hfb-above-header-display":"","ast-hfb-below-header-display":"","ast-hfb-mobile-header-display":"","site-post-title":"","ast-breadcrumbs-content":"","ast-featured-img":"","footer-sml-layout":"","ast-disable-related-posts":"","theme-transparent-header-meta":"","adv-header-id-meta":"","stick-header-meta":"","header-above-stick-meta":"","header-main-stick-meta":"","header-below-stick-meta":"","astra-migrate-meta-layouts":"default","ast-page-background-enabled":"default","ast-page-background-meta":{"desktop":{"background-color":"var(--ast-global-color-5)","background-image":"","background-repeat":"repeat","background-position":"center center","background-size":"auto","background-attachment":"scroll","background-type":"","background-media":"","overlay-type":"","overlay-color":"","overlay-opacity":"","overlay-gradient":""},"tablet":{"background-color":"","background-image":"","background-repeat":"repeat","background-position":"center center","background-size":"auto","background-attachment":"scroll","background-type":"","background-media":"","overlay-type":"","overlay-color":"","overlay-opacity":"","overlay-gradient":""},"mobile":{"background-color":"","background-image":"","background-repeat":"repeat","background-position":"center center","background-size":"auto","background-attachment":"scroll","background-type":"","background-media":"","overlay-type":"","overlay-color":"","overlay-opacity":"","overlay-gradient":""}},"ast-content-background-meta":{"desktop":{"background-color":"var(--ast-global-color-4)","background-image":"","background-repeat":"repeat","background-position":"center center","background-size":"auto","background-attachment":"scroll","background-type":"","background-media":"","overlay-type":"","overlay-color":"","overlay-opacity":"","overlay-gradient":""},"tablet":{"background-color":"var(--ast-global-color-4)","background-image":"","background-repeat":"repeat","background-position":"center center","background-size":"auto","background-attachment":"scroll","background-type":"","background-media":"","overlay-type":"","overlay-color":"","overlay-opacity":"","overlay-gradient":""},"mobile":{"background-color":"var(--ast-global-color-4)","background-image":"","background-repeat":"repeat","background-position":"center center","background-size":"auto","background-attachment":"scroll","background-type":"","background-media":"","overlay-type":"","overlay-color":"","overlay-opacity":"","overlay-gradient":""}}},"product_brand":[],"product_cat":[675],"product_tag":[472,473,474,475,461,462,463,464,465,466,476,477,478,479],"class_list":{"0":"post-1742","1":"product","2":"type-product","3":"status-publish","4":"has-post-thumbnail","6":"product_cat-buy-cali-buds","7":"product_tag-cali-bud-or-no-bud-near-me","8":"product_tag-cali-buds","9":"product_tag-cali-gobstoppers","10":"product_tag-cali-gobstoppers-strain","11":"product_tag-cali-packs","12":"product_tag-cali-plug-cali-bud-or-no-bud","13":"product_tag-cali-straina","14":"product_tag-cali-weed-bags","15":"product_tag-cali-weed-flavors","16":"product_tag-cannabis","17":"product_tag-gobstoppers-cali-bud-or-no-bud","18":"product_tag-gobstoppers-cali-bud-or-no-bud-for-sale","19":"product_tag-gobstoppers-cali-bud-or-no-bud-near-me","20":"product_tag-no-bud-gobstoppers-near-me","21":"desktop-align-center","22":"tablet-align-left","23":"mobile-align-left","25":"first","26":"instock","27":"shipping-taxable","28":"purchasable","29":"product-type-variable"},"uagb_featured_image_src":{"full":["https:\/\/caliweedeurope.com\/wp-content\/uploads\/2024\/11\/gobstoppers.jpg",514,686,false],"thumbnail":["https:\/\/caliweedeurope.com\/wp-content\/uploads\/2024\/11\/gobstoppers-150x150.jpg",150,150,true],"medium":["https:\/\/caliweedeurope.com\/wp-content\/uploads\/2024\/11\/gobstoppers-225x300.jpg",225,300,true],"medium_large":["https:\/\/caliweedeurope.com\/wp-content\/uploads\/2024\/11\/gobstoppers.jpg",514,686,false],"large":["https:\/\/caliweedeurope.com\/wp-content\/uploads\/2024\/11\/gobstoppers.jpg",514,686,false],"1536x1536":["https:\/\/caliweedeurope.com\/wp-content\/uploads\/2024\/11\/gobstoppers.jpg",514,686,false],"2048x2048":["https:\/\/caliweedeurope.com\/wp-content\/uploads\/2024\/11\/gobstoppers.jpg",514,686,false],"trp-custom-language-flag":["https:\/\/caliweedeurope.com\/wp-content\/uploads\/2024\/11\/gobstoppers.jpg",9,12,false],"woocommerce_thumbnail":["https:\/\/caliweedeurope.com\/wp-content\/uploads\/2024\/11\/gobstoppers-300x300.jpg",300,300,true],"woocommerce_single":["https:\/\/caliweedeurope.com\/wp-content\/uploads\/2024\/11\/gobstoppers.jpg",514,686,false],"woocommerce_gallery_thumbnail":["https:\/\/caliweedeurope.com\/wp-content\/uploads\/2024\/11\/gobstoppers-100x100.jpg",100,100,true]},"uagb_author_info":{"display_name":"jetskiforsaleuk@gmail.com","author_link":"https:\/\/caliweedeurope.com\/es\/author\/"},"uagb_comment_info":0,"uagb_excerpt":"Cali Bud Gobstoppers strain This strain is an indoor original Cali cannabis product, available for qualified\u00a0medical\u00a0and recreational users. Cali hardball cookies are one of the most wanted top-shelf cannabis flowers in the USA. Cali Gobstoppers is an Indica\u00a0strain. If you are looking for a very fruity candy flavor, then you got the right one. This&hellip;","_links":{"self":[{"href":"https:\/\/caliweedeurope.com\/es\/wp-json\/wp\/v2\/product\/1742"}],"collection":[{"href":"https:\/\/caliweedeurope.com\/es\/wp-json\/wp\/v2\/product"}],"about":[{"href":"https:\/\/caliweedeurope.com\/es\/wp-json\/wp\/v2\/types\/product"}],"replies":[{"embeddable":true,"href":"https:\/\/caliweedeurope.com\/es\/wp-json\/wp\/v2\/comments?post=1742"}],"wp:featuredmedia":[{"embeddable":true,"href":"https:\/\/caliweedeurope.com\/es\/wp-json\/wp\/v2\/media\/1667"}],"wp:attachment":[{"href":"https:\/\/caliweedeurope.com\/es\/wp-json\/wp\/v2\/media?parent=1742"}],"wp:term":[{"taxonomy":"product_brand","embeddable":true,"href":"https:\/\/caliweedeurope.com\/es\/wp-json\/wp\/v2\/product_brand?post=1742"},{"taxonomy":"product_cat","embeddable":true,"href":"https:\/\/caliweedeurope.com\/es\/wp-json\/wp\/v2\/product_cat?post=1742"},{"taxonomy":"product_tag","embeddable":true,"href":"https:\/\/caliweedeurope.com\/es\/wp-json\/wp\/v2\/product_tag?post=1742"}],"curies":[{"name":"wp","href":"https:\/\/api.w.org\/{rel}","templated":true}]}}