{"id":1748,"date":"2024-11-05T18:39:15","date_gmt":"2024-11-05T18:39:15","guid":{"rendered":"https:\/\/caliweedeurope.com\/?post_type=product&#038;p=1748"},"modified":"2024-11-05T18:39:18","modified_gmt":"2024-11-05T18:39:18","slug":"buy-cali-bud-life-savers-en-linea","status":"publish","type":"product","link":"https:\/\/caliweedeurope.com\/es\/product\/buy-cali-bud-life-savers-en-linea\/","title":{"rendered":"Compra Cali Bud Life Savers en l\u00ednea"},"content":{"rendered":"<h1 style=\"text-align: center\"><strong>\u00a0 \u00a0 \u00a0<\/strong><strong>LIFE SAVERS <\/strong><strong>CALI BUD OR NO BUD\u00a0|<\/strong><strong>\u00a0CALI BUD OR NO BUD\u00a0<\/strong><strong>LIFE SAVERS <\/strong><strong>|<\/strong><strong>\u00a0CALI PLUG CALI BUD OR NO BUD<\/strong><\/h1>\n<p><strong>Cali Bud Life Savers<\/strong><br \/> La variedad de cannabis Cali Bud Life Savers es uno de los mejores sabores de Cali Bud o no Bud. Cuando se trata de sabores tipo caramelo y la capacidad de erradicar el dolor cr\u00f3nico y recurrente\u2026, Life Savers cumple con su nombre. Life Savers es una variedad h\u00edbrida predominante en Indica con un 78%. Con un aroma a uva y chicle, esta variedad merece ser probada por quienes buscan una sensaci\u00f3n m\u00e1s fuerte y sedante.<\/p>\n<p class=\"about-title\"><strong>Acerca de Life Saver<\/strong><\/p>\n<div class=\"effect-wrapper ng-star-inserted\">\n<div>\n<p>Lifesaver (o Life Saver) es un h\u00edbrido dominante en Indica que cumple con su nombre de m\u00e1s de una manera. Este cogollo ofrece un sabor frutal \u00e1cido parecido a un caramelo, junto con un poder terap\u00e9utico invaluable. Lifesaver fue creado por los innovadores criadores de BOG Seeds como un cruce entre su propio BOG Bubble y JCB (que a su vez es un cruce de\u00a0<a href=\"https:\/\/www.wikileaf.com\/strain\/jacks-cleaner\/\" target=\"_blank\" rel=\"noopener\">Jack\u2019s Cleaner<\/a>\u00a0y\u00a0<a href=\"https:\/\/www.wikileaf.com\/strain\/blueberry\/\" target=\"_blank\" rel=\"noopener\">Blueberry<\/a>). El resultado es una flor de sabor din\u00e1mico con una potencia duradera y equilibrada. El contenido de THC de Lifesaver ha sido medido entre el 12% y el 21%.<\/p>\n<\/p><\/div>\n<\/p><\/div>\n<h2 style=\"text-align: center\"><strong>\u00a0BUY <\/strong><strong>LIFE SAVERS\u00a0<\/strong><strong>CALI BUD OR NO BUD\u00a0 ONLINE | BUY CALI BUD OR NO BUD\u00a0<\/strong><strong>LIFE SAVERS\u00a0<\/strong><strong>ONLINE | BUY CALI BUD OR NO BUD ONLINE<\/strong><\/h2>\n<p><strong style=\"color: #555555;font-size: 14.4px\">Efectos de Cali Bud Life Savers<\/strong><\/p>\n<p>El efecto base ser\u00e1 el de elevaci\u00f3n, empoderamiento y relajaci\u00f3n.<br \/> <strong>Feliz<\/strong><br \/> El 47% de las personas informa sentirse feliz<br \/> <strong>Relajado<\/strong><br \/> El 46% de las personas informa sentirse relajado<br \/> <strong>Excitado<\/strong><br \/> El 16% de las personas informa sentirse excitado<\/p>\n<p><strong>Negativos<\/strong><br \/> <strong>Boca seca<\/strong><br \/> El 15% de las personas informa tener la boca seca<br \/> <strong>Ojos secos<\/strong><br \/> El 17% de las personas informa tener los ojos secos<br \/> <strong>Mareado<\/strong><br \/> El 8% de las personas informa sentirse mareado<\/p>\n<div class=\"effect-wrapper ng-star-inserted\">\n<div>\n<p>Lifesaver deja claro su atractivo desde el principio con flores s\u00f3lidas, casi esf\u00e9ricas. Estos cogollos son de tama\u00f1o medio a grande y se agrupan en la estructura densa y gruesa caracter\u00edstica de las variedades Indica. Las hojas fuertemente enrolladas son de un verde musgo y est\u00e1n atravesadas por pistilos de color naranja y amarillo brillante. Ocasionalmente, los fenotipos de esta cepa tambi\u00e9n contienen destellos de morado, que van desde lavanda p\u00e1lido hasta un profundo color uva; estos tonos son el resultado de los pigmentos de antocianina que se activan por el clima fr\u00edo, en un proceso similar al cambio de follaje en oto\u00f1o debido a los niveles agotados de clorofila. Finalmente, una capa de tricomas blancos transl\u00facidos cubre estas flores ya coloridas y explica su alta psicoactividad.<\/p>\n<\/p><\/div>\n<\/p><\/div>\n<h3 style=\"text-align: center\"><strong>LIFE SAVERS\u00a0<\/strong><strong>CALI BUD OR NO BUD FOR SALE | CALI BUD OR NO BUD\u00a0\u00a0<\/strong><strong>LIFE SAVERS\u00a0<\/strong><strong>FOR SALE | CALI BUD OR NO BUD\u00a0 FOR SALE<\/strong><\/h3>\n<p><strong>Usos m\u00e9dicos de Cali Life Savers<\/strong><br \/> La variedad Cali Life Savers garantiza un alivio inmediato del dolor. Los ligeros efectos reales de Cali Jet Lato pueden aliviar algunos dolores y n\u00e1useas. La variedad tambi\u00e9n puede ayudar a combatir los s\u00edntomas del TEPT.<\/p>\n<div class=\"variety-percentage-wrap\">\n<h4 class=\"variety translation-block\"><a href=\"https:\/\/www.allbud.com\/marijuana-strains\/variety\/indica-dominant-hybrid\" target=\"_blank\" rel=\"noopener\">H\u00edbrido Dominante Indica<\/a> <span class=\"hidden-xs\">\u2013 <\/span><span class=\"strain-percentages\">70% Indica \/ 30% Sativa<\/span><\/h4>\n<h4 class=\"percentage\"><span class=\"heading\">THC:\u00a0<\/span>15% \u2013 19%<\/h4>\n<\/p><\/div>\n<p class=\"translation-block\">Lifesaver, tambi\u00e9n conocido como \u201cLife Saver,\u201d es una cepa h\u00edbrida dominante \u00edndica creada mediante el cruce de las deliciosas cepas BOG Bubble X <a href=\"https:\/\/www.allbud.com\/marijuana-strains\/sativa-dominant-hybrid\/batgirl\" target=\"_blank\" rel=\"noopener\">Subcool J<\/a>C<a href=\"https:\/\/www.allbud.com\/marijuana-strains\/sativa-dominant-hybrid\/batgirl\" target=\"_blank\" rel=\"noopener\">B<\/a>. Este cogollo recibe su nombre por sus potentes cualidades \u201csalvadoras\u201d que eliminan el dolor y los dolores musculares con solo una calada sabrosa. El THC de Lifesaver es bastante moderado, con niveles que van del 15 al 13%, ofreciendo efectos suaves ideales para todos los usuarios. El efecto comienza con una elevaci\u00f3n feliz que te llena de energ\u00eda y motivaci\u00f3n sin causar ansiedad. life savers weed<\/p>\n<h4 style=\"text-align: center\"><strong>CALI BUD OR NO BUD \u00a0<\/strong><strong>LIFE SAVERS\u00a0<\/strong><strong>\u00a0NEAR ME |\u00a0<\/strong><strong>LIFE SAVERS\u00a0<\/strong><strong>CALI BUD OR NO BUD\u00a0\u00a0 NEAR ME | CALI BUD OR NO BUD \u00a0NEAR ME<\/strong><\/h4>\n<p><strong>Cultivo de Cali Life Savers<\/strong><br \/> La variedad Cali Life Savers se desarrolla baja y puede prosperar en interiores, exteriores o incluso en un invernadero. Las plantas deben tener al menos un mes, si no cinco, para completar la vegetaci\u00f3n. La variedad florece durante ocho a nueve semanas y produce un gramo por vatio en interiores.<\/p>\n<p>Te sentir\u00e1s despejado y relajado, completamente concentrado en la tarea en cuesti\u00f3n. A medida que tu mente se libera, tu cuerpo seguir\u00e1, dejando atr\u00e1s dolores y molestias con un efecto corporal burbujeante que no es sedante ni somnoliento. Estos efectos leves alivian condiciones como espasmos musculares, dolores de cabeza o migra\u00f1as, depresi\u00f3n y dolor cr\u00f3nico. Los cogollos de Lifesaver tienen capullos densos y grumosos de color verde menta con ricos tonos p\u00farpura, pelos anaranjados brillantes y una gruesa capa de tricomas blancos escarchados. Tienen un sabor dulce a caramelo y chicle, casi como un chicle de uva, y un aroma de miel, bayas y tierra a juego.<\/p>\n<h5 style=\"text-align: center\"><strong>LIFE SAVERS\u00a0<\/strong><strong>\u00a0STRAIN | \u00a0<\/strong><strong>LIFE SAVERS\u00a0<\/strong><strong>WEED STRAIN | CALI\u00a0<\/strong><strong>LIFE SAVERS\u00a0<\/strong><strong>| CALI\u00a0<\/strong><strong>LIFE SAVERS\u00a0<\/strong><strong>\u00a0STRAIN<\/strong><\/h5>\n<p>En conclusi\u00f3n, Lifesaver hace honor a su nombre tanto por su sabor dulce parecido al de un caramelo como por su capacidad para aliviar el dolor cr\u00f3nico. Este h\u00edbrido con predominancia \u00edndica, resultado del cruce de las variedades de criadores BOG Bubble y Subcool JCB, fue creado para satisfacer las demandas especiales de los pacientes con dolor. Relajante con un aroma a uva y chicle, esta cepa merece la pena probarla para quienes buscan una sensaci\u00f3n m\u00e1s fuerte y medicada. Lifesaver florece r\u00e1pidamente, generalmente en 8 semanas.<\/p>\n<p class=\"translation-block\">Cuando se cura correctamente, Lifesaver desprende un aroma afrutado con toques de bayas. Al observar m\u00e1s de cerca, tambi\u00e9n hay toques de lim\u00f3n y uva. Mientras tanto, al triturar o desgarrar estas flores, surgen algunas notas ligeramente herbales, que hacen referencia a la base <a target=\"_blank\" rel=\"noopener\">Jack Herer<\/a> de la variedad. Al quemarse, Lifesaver emite un humo suave y f\u00e1cil que sabe de manera \u00fanica dulce y \u00e1cida al exhalar. Aquellos que deseen mantener su consumo discreto deben tomar las precauciones necesarias, ya que esta variedad puede producir un humo muy penetrante.<\/p>","protected":false},"excerpt":{"rendered":"<p><strong>Cali Bud Life Savers<\/strong><br \/> La variedad de cannabis Cali Bud Life Savers es uno de los mejores sabores de Cali Bud o no Bud. Cuando se trata de sabores tipo caramelo y la capacidad de erradicar el dolor cr\u00f3nico y recurrente\u2026, Life Savers cumple con su nombre. Life Savers es una variedad h\u00edbrida predominante en Indica con un 78%. Con un aroma a uva y chicle, esta variedad merece ser probada por quienes buscan una sensaci\u00f3n m\u00e1s fuerte y sedante.<\/p>\n<div data-testid=\"product-description\">\n<div class=\"truncate-lines__Wrapper-sc-1lknwty-0 YxHAC\">\n<div data-testid=\"truncated-description\">\n<div>\n<div class=\"text__Text-sc-fif1uk-0 kdmKRD\">\n<div class=\"src__Box-sc-1sbtrzs-0 src__Flex-sc-1sbtrzs-1 kWPFqZ hzdsvF\">\n<div>CATEGOR\u00cdAS DE PRODUCTOS DE MUESTRA<\/div>\n<\/p><\/div>\n<\/p><\/div>\n<\/p><\/div>\n<\/p><\/div>\n<\/p><\/div>\n<\/p><\/div>\n<div class=\"text__Text-sc-fif1uk-0 htoJfX\"><a href=\"https:\/\/jeetersofficial.com\/product-category\/buy-cali-buds\/\">CALI BUDS<\/a><\/div>\n<div data-testid=\"product-description\">\n<div class=\"truncate-lines__Wrapper-sc-1lknwty-0 YxHAC\">\n<div data-testid=\"truncated-description\">\n<div class=\"text__Text-sc-fif1uk-0 kdmKRD\"><a href=\"https:\/\/jeetersofficial.com\/product-category\/backpack-boyz\/\">Backpack\u00a0 Boyz<\/a><\/div>\n<div><a href=\"https:\/\/jeetersofficial.com\/product-category\/snow-balls-weed\/\">SNOWBALLS WEED<\/a><\/div>\n<div><a href=\"https:\/\/jeetersofficial.com\/product-category\/persy-snowcaps\/\">Persy Snowcaps<\/a><\/div>\n<div><a href=\"https:\/\/jeetersofficial.com\/product-category\/drip-snowcaps\/\">Drip Snowcaps<\/a><\/div>\n<div><a href=\"https:\/\/jeetersofficial.com\/product-category\/concentrates\/\">CALI CONCENTRATES<\/a><\/div>\n<div><a href=\"https:\/\/jeetersofficial.com\/product-category\/doja-exclusive\/\">CALI DOJA PACKS EXCLUSIVE<\/a><\/div>\n<div><a href=\"https:\/\/jeetersofficial.com\/product-category\/marijuana-flowers\/\">CALI MARIJUANA FLOWERS<\/a><\/div>\n<\/p><\/div>\n<\/p><\/div>\n<\/p><\/div>\n<div><a href=\"https:\/\/jeetersofficial.com\/product-category\/sativa-strain\/\">CALI SATIVA STRAINS<\/a><\/div>\n<div><a href=\"https:\/\/jeetersofficial.com\/product-category\/indica\/\">CALI INDICA STRAINS<\/a><\/div>\n<div><a href=\"https:\/\/jeetersofficial.com\/product-category\/hybrid-weed\/\">CALI HYBRID WEED<\/a><\/div>","protected":false},"featured_media":1668,"comment_status":"closed","ping_status":"closed","template":"","meta":{"_uag_custom_page_level_css":"","site-sidebar-layout":"default","site-content-layout":"","ast-site-content-layout":"default","site-content-style":"default","site-sidebar-style":"default","ast-global-header-display":"","ast-banner-title-visibility":"","ast-main-header-display":"","ast-hfb-above-header-display":"","ast-hfb-below-header-display":"","ast-hfb-mobile-header-display":"","site-post-title":"","ast-breadcrumbs-content":"","ast-featured-img":"","footer-sml-layout":"","ast-disable-related-posts":"","theme-transparent-header-meta":"","adv-header-id-meta":"","stick-header-meta":"","header-above-stick-meta":"","header-main-stick-meta":"","header-below-stick-meta":"","astra-migrate-meta-layouts":"default","ast-page-background-enabled":"default","ast-page-background-meta":{"desktop":{"background-color":"var(--ast-global-color-5)","background-image":"","background-repeat":"repeat","background-position":"center center","background-size":"auto","background-attachment":"scroll","background-type":"","background-media":"","overlay-type":"","overlay-color":"","overlay-opacity":"","overlay-gradient":""},"tablet":{"background-color":"","background-image":"","background-repeat":"repeat","background-position":"center center","background-size":"auto","background-attachment":"scroll","background-type":"","background-media":"","overlay-type":"","overlay-color":"","overlay-opacity":"","overlay-gradient":""},"mobile":{"background-color":"","background-image":"","background-repeat":"repeat","background-position":"center center","background-size":"auto","background-attachment":"scroll","background-type":"","background-media":"","overlay-type":"","overlay-color":"","overlay-opacity":"","overlay-gradient":""}},"ast-content-background-meta":{"desktop":{"background-color":"var(--ast-global-color-4)","background-image":"","background-repeat":"repeat","background-position":"center center","background-size":"auto","background-attachment":"scroll","background-type":"","background-media":"","overlay-type":"","overlay-color":"","overlay-opacity":"","overlay-gradient":""},"tablet":{"background-color":"var(--ast-global-color-4)","background-image":"","background-repeat":"repeat","background-position":"center center","background-size":"auto","background-attachment":"scroll","background-type":"","background-media":"","overlay-type":"","overlay-color":"","overlay-opacity":"","overlay-gradient":""},"mobile":{"background-color":"var(--ast-global-color-4)","background-image":"","background-repeat":"repeat","background-position":"center center","background-size":"auto","background-attachment":"scroll","background-type":"","background-media":"","overlay-type":"","overlay-color":"","overlay-opacity":"","overlay-gradient":""}}},"product_brand":[],"product_cat":[675],"product_tag":[480,481,482,483,484,472,485,486,462,487,488],"class_list":{"0":"post-1748","1":"product","2":"type-product","3":"status-publish","4":"has-post-thumbnail","6":"product_cat-buy-cali-buds","7":"product_tag-buy-life-savers-cali-bud-or-no-bud-online","8":"product_tag-cali-bud-or-no-bud-for-sale","9":"product_tag-cali-bud-or-no-bud-life-savers","10":"product_tag-cali-bud-or-no-bud-life-savers-for-sale","11":"product_tag-cali-bud-or-no-bud-life-savers-near-me","12":"product_tag-cali-bud-or-no-bud-near-me","13":"product_tag-cali-life-savers","14":"product_tag-cali-life-savers-strain","15":"product_tag-cali-plug-cali-bud-or-no-bud","16":"product_tag-life-savers-cali-bud-or-no-bud","17":"product_tag-life-savers-cali-bud-or-no-bud-for-sale","18":"desktop-align-center","19":"tablet-align-left","20":"mobile-align-left","22":"first","23":"instock","24":"shipping-taxable","25":"purchasable","26":"product-type-variable"},"uagb_featured_image_src":{"full":["https:\/\/caliweedeurope.com\/wp-content\/uploads\/2024\/11\/IMG-0234.jpg",956,1276,false],"thumbnail":["https:\/\/caliweedeurope.com\/wp-content\/uploads\/2024\/11\/IMG-0234-150x150.jpg",150,150,true],"medium":["https:\/\/caliweedeurope.com\/wp-content\/uploads\/2024\/11\/IMG-0234-225x300.jpg",225,300,true],"medium_large":["https:\/\/caliweedeurope.com\/wp-content\/uploads\/2024\/11\/IMG-0234-768x1025.jpg",768,1025,true],"large":["https:\/\/caliweedeurope.com\/wp-content\/uploads\/2024\/11\/IMG-0234-767x1024.jpg",767,1024,true],"1536x1536":["https:\/\/caliweedeurope.com\/wp-content\/uploads\/2024\/11\/IMG-0234.jpg",956,1276,false],"2048x2048":["https:\/\/caliweedeurope.com\/wp-content\/uploads\/2024\/11\/IMG-0234.jpg",956,1276,false],"trp-custom-language-flag":["https:\/\/caliweedeurope.com\/wp-content\/uploads\/2024\/11\/IMG-0234.jpg",9,12,false],"woocommerce_thumbnail":["https:\/\/caliweedeurope.com\/wp-content\/uploads\/2024\/11\/IMG-0234-300x300.jpg",300,300,true],"woocommerce_single":["https:\/\/caliweedeurope.com\/wp-content\/uploads\/2024\/11\/IMG-0234-600x801.jpg",600,801,true],"woocommerce_gallery_thumbnail":["https:\/\/caliweedeurope.com\/wp-content\/uploads\/2024\/11\/IMG-0234-100x100.jpg",100,100,true]},"uagb_author_info":{"display_name":"jetskiforsaleuk@gmail.com","author_link":"https:\/\/caliweedeurope.com\/es\/author\/"},"uagb_comment_info":0,"uagb_excerpt":"Cali bud Life Savers Cali bud Life Savers\u00a0cannabis strain\u00a0is one of the best\u00a0Cali bud or no bud flavors. When it comes to candy-like tastes and the capacity to eradicate chronic and repeated pain\u2026., Life Savers certainly satisfies its name. The Life Savers is an Indica-predominant hybrid strain with 78%. Unwinding with a grape and air&hellip;","_links":{"self":[{"href":"https:\/\/caliweedeurope.com\/es\/wp-json\/wp\/v2\/product\/1748"}],"collection":[{"href":"https:\/\/caliweedeurope.com\/es\/wp-json\/wp\/v2\/product"}],"about":[{"href":"https:\/\/caliweedeurope.com\/es\/wp-json\/wp\/v2\/types\/product"}],"replies":[{"embeddable":true,"href":"https:\/\/caliweedeurope.com\/es\/wp-json\/wp\/v2\/comments?post=1748"}],"wp:featuredmedia":[{"embeddable":true,"href":"https:\/\/caliweedeurope.com\/es\/wp-json\/wp\/v2\/media\/1668"}],"wp:attachment":[{"href":"https:\/\/caliweedeurope.com\/es\/wp-json\/wp\/v2\/media?parent=1748"}],"wp:term":[{"taxonomy":"product_brand","embeddable":true,"href":"https:\/\/caliweedeurope.com\/es\/wp-json\/wp\/v2\/product_brand?post=1748"},{"taxonomy":"product_cat","embeddable":true,"href":"https:\/\/caliweedeurope.com\/es\/wp-json\/wp\/v2\/product_cat?post=1748"},{"taxonomy":"product_tag","embeddable":true,"href":"https:\/\/caliweedeurope.com\/es\/wp-json\/wp\/v2\/product_tag?post=1748"}],"curies":[{"name":"wp","href":"https:\/\/api.w.org\/{rel}","templated":true}]}}