{"id":1760,"date":"2024-11-05T18:39:16","date_gmt":"2024-11-05T18:39:16","guid":{"rendered":"https:\/\/caliweedeurope.com\/?post_type=product&#038;p=1760"},"modified":"2024-11-05T18:39:18","modified_gmt":"2024-11-05T18:39:18","slug":"buy-cali-bud-pinkberry-strain-online","status":"publish","type":"product","link":"https:\/\/caliweedeurope.com\/es\/product\/buy-cali-bud-pinkberry-strain-online\/","title":{"rendered":"Buy Cali Bud Pinkberry Strain Online"},"content":{"rendered":"<h1 style=\"text-align: center\"><strong>\u00a0\u00a0 \u00a0<\/strong><strong>PINKBERRY <\/strong><strong>CALI BUD OR NO BUD\u00a0|<\/strong><strong>\u00a0CALI BUD OR NO BUD\u00a0<\/strong><strong>PINKBERRY <\/strong><strong>|<\/strong><strong>\u00a0CALI PLUG CALI BUD OR NO BUD<\/strong><\/h1>\n<p><strong>Cali Bud Pinkberry Strain<\/strong><\/p>\n<p>Cali Pinkberry es una cepa h\u00edbrida de cannabis muy influyente, creada a partir del cruce de fresa y Grape Ape. Esta incre\u00edble cepa es ideal para pacientes que sufren de ansiedad y dolor cr\u00f3nico. Pinkberry Weed<\/p>\n<p class=\"translation-block\"><b>Pink Berry<\/b> de Apothecary Genetics es una deliciosa variedad indica-dominante que ofrece relajaci\u00f3n al instante. Esta variedad es la potente combinaci\u00f3n de <a href=\"https:\/\/www.leafly.com\/strains\/pink-champagne\" target=\"_blank\" rel=\"noopener\">Pink Champagne<\/a> y <a href=\"https:\/\/www.leafly.com\/strains\/blackberry\" target=\"_blank\" rel=\"noopener\">Blackberry<\/a>, que ofrece tonos dulces y afrutados mientras se mantiene firmemente enraizada en la gen\u00e9tica OG. Pink Berry llena la mente de energ\u00eda euf\u00f3rica y estimulante, mientras que simult\u00e1neamente aligera los miembros con una profunda relajaci\u00f3n, lo que la convierte en ideal para los consumidores que buscan alivio de la inquietud, el dolor f\u00edsico cr\u00f3nico y los estados de \u00e1nimo gru\u00f1ones. pink berry strain<\/p>\n<h2 style=\"text-align: center\"><strong>\u00a0BUY\u00a0<\/strong><strong>PINKBERRY <\/strong><strong>CALI BUD OR NO BUD\u00a0 ONLINE | BUY CALI BUD OR NO BUD\u00a0<\/strong><strong>PINKBERRY <\/strong><strong>ONLINE | BUY CALI BUD OR NO BUD ONLINE<\/strong><\/h2>\n<p><strong>Usos m\u00e9dicos de Pinkberry<\/strong><\/p>\n<p>Esta variedad garantiza un alivio inmediato del dolor para el alivio. Sus ligeros efectos reales pueden facilitar algunos dolores punzantes as\u00ed como n\u00e1useas. La variedad tambi\u00e9n puede ayudar a combatir los s\u00edntomas del PTSD. Cali Plug ofrece un acceso seguro a cepas de cannabis medicinal de alta calidad para promover la salud y, por ende, la riqueza. Pinkberry Weed<\/p>\n<div class=\"variety-percentage-wrap\">\n<h4 class=\"variety translation-block\"><a href=\"https:\/\/www.allbud.com\/marijuana-strains\/variety\/indica-dominant-hybrid\" target=\"_blank\" rel=\"noopener\">H\u00edbrido Dominante Indica<\/a> <span class=\"hidden-xs\">\u2013 <\/span><span class=\"strain-percentages\">70% Indica \/ 30% Sativa<\/span><\/h4>\n<h4 class=\"percentage\"><span class=\"heading\">THC:\u00a0<\/span>14% \u2013 16%,\u00a0<span class=\"heading\">CBD:\u00a0<\/span><em>6<\/em>%<\/h4>\n<\/p><\/div>\n<p>Pink Berry es una rara variedad h\u00edbrida dominante en indica creada al cruzar las incre\u00edblemente deliciosas variedades Pink Champagne y Blackberry. El sabor de Pink Berry es \u00fanico, con dulces y afrutados sabores azucarados y mantecosos, que casi parecen comer un vaso fresco de yogur congelado con sabor a bayas. El olor toma un giro cremoso de kush, mezclando ricas flores con dulces bayas frutales para un aroma adictivo y tentador que te har\u00e1 pedir m\u00e1s. El efecto es igualmente dulce, perfecto para relajarse al final de un largo d\u00eda o cuando necesitas un poco de ayuda para dormir por la noche.<\/p>\n<h3 style=\"text-align: center\"><strong>PINKBERRY <\/strong><strong>CALI BUD OR NO BUD FOR SALE | CALI BUD OR NO BUD\u00a0\u00a0<\/strong><strong>PINKBERRY <\/strong><strong>FOR SALE | CALI BUD OR NO BUD\u00a0 FOR SALE<\/strong><\/h3>\n<p><strong>Cultivo de la variedad Cali Bud Pinkberry<\/strong><\/p>\n<p>Esta variedad crece baja y puede desarrollarse bien tanto en interiores como exteriores o incluso en un invernadero. Deber\u00eda dejarse al menos un mes, si no cinco, para completar la fase vegetativa. La variedad florece entre ocho y nueve semanas y producir\u00e1 un gramo por vatio en interiores. Los cultivadores exteriores pueden obtener hasta una libra por planta.<\/p>\n<p>El efecto es muy estimulante y alegre sin aumentar tu energ\u00eda. Sentir\u00e1s un cosquilleo en el cuerpo que te lleva a una relajaci\u00f3n profunda, mientras tu mente se adentra en una introspecci\u00f3n euf\u00f3rica. Este efecto corporal moderado puede dejarte somnoliento en algunos momentos, llev\u00e1ndote a un estado sedante y feliz. Gracias a estos efectos y su alto contenido de THC de 14-16% y CBD de 5-6%, Pink Berry es una excelente opci\u00f3n medicinal para tratar el dolor cr\u00f3nico, la depresi\u00f3n, la inflamaci\u00f3n y la fatiga cr\u00f3nica. Los cogollos de Pink Berry tienen una forma redonda y verde menta con tonos rosados y una capa de cabellos cristalinos y tricomas claros.<\/p>\n<h4 style=\"text-align: center\"><strong>CALI BUD OR NO BUD \u00a0<\/strong><strong>PINKBERRY <\/strong><strong>\u00a0NEAR ME | <\/strong><strong>PINKBERRY <\/strong><strong>CALI BUD OR NO BUD\u00a0\u00a0 NEAR ME | CALI BUD OR NO BUD \u00a0NEAR ME<\/strong><\/h4>\n<p><strong>Efectos de la Cali Bud Pinkberry Strain<\/strong><\/p>\n<p>Las cosas a tu alrededor, pero no realmente capaz de mantener conversaciones con alguien a tu alrededor o hacer algo f\u00edsico.<br \/> Sentimientos<\/p>\n<p><strong>Feliz<\/strong><br \/> El 49% de las personas informa sentirse feliz<br \/> <strong>Relajado<\/strong><br \/> El 44% de las personas informa sentirse relajado<br \/> <strong>Excitado<\/strong><br \/> El 16% de las personas informa sentirse excitado<br \/> <strong>Negativos<\/strong><br \/> <strong>Boca seca<\/strong><br \/> El 17% de las personas informa tener la boca seca<br \/> <strong>Ojos secos<\/strong><br \/> El 11% de las personas informa tener los ojos secos<br \/> <strong>Mareado<\/strong><br \/> El 5% de las personas informa sentirse mareado<\/p>\n<p class=\"about-title\"><strong>Acerca de Pink Berry<\/strong><\/p>\n<div class=\"effect-wrapper ng-star-inserted\">\n<div>\n<p>No debe confundirse con la franquicia de yogur helado del mismo nombre, Pink Berry es un delicioso h\u00edbrido dominante en indica. Esta variedad combina la gen\u00e9tica de Pink Champagne y Blackberry, y tiene toda la potencia y el sabor de sus cepas parentales. Esta flor relajante tiene un contenido de THC que var\u00eda entre el 14 % y el 21 %.<\/p>\n<\/p><\/div>\n<\/p><\/div>\n<h5 style=\"text-align: center\"><strong>PINKBERRY <\/strong><strong>\u00a0STRAIN | <\/strong><strong>PINKBERRY <\/strong><strong>WEED STRAIN | CALI <\/strong><strong>PINKBERRY <\/strong><strong>| CALI <\/strong><strong>PINKBERRY <\/strong><strong>\u00a0STRAIN<\/strong><\/h5>\n<p><strong>Advertencia sobre el uso de Cali Bud Pinkberry.<\/strong><\/p>\n<p>Este producto contiene cannabis, una sustancia regulada. Mantener fuera del alcance de los ni\u00f1os y los animales. Los productos de cannabis solo pueden ser pose\u00eddos o consumidos por personas mayores de 21 a\u00f1os, a menos que la persona sea un paciente calificado. Los efectos intoxicantes de los productos de cannabis pueden durar hasta dos horas. El uso de cannabis durante el embarazo o la lactancia puede ser perjudicial. El consumo de estos productos disminuye su capacidad para conducir o manejar maquinaria. Por favor, tenga extrema precauci\u00f3n.<\/p>\n<p>Pink Berry impresiona con flores grandes que mantienen una forma s\u00f3lida y casi esf\u00e9rica. Los cogollos muestran una influencia \u00edndica con una estructura interna densa; las hojas se enroscan firmemente hacia sus tallos centrales. Las hojas en s\u00ed son una mezcla moteada de verde musgo con destellos ocasionales de azul y p\u00farpura; estos \u00faltimos tonos surgen cuando los pigmentos de antocianina en la gen\u00e9tica de la variedad se activan por el clima fr\u00edo durante el proceso de crecimiento. Finalmente, los pistilos de color naranja brillante y los tricomas blancos transl\u00facidos hacen que estas flores llamativas sean a\u00fan m\u00e1s coloridas.<\/p>\n<div data-testid=\"product-description\">\n<div class=\"truncate-lines__Wrapper-sc-1lknwty-0 YxHAC\">\n<div data-testid=\"truncated-description\">\n<div>\n<div class=\"text__Text-sc-fif1uk-0 kdmKRD\">\n<div class=\"src__Box-sc-1sbtrzs-0 src__Flex-sc-1sbtrzs-1 kWPFqZ hzdsvF\">\n<div>CATEGOR\u00cdAS DE PRODUCTOS DE MUESTRA<\/div>\n<\/p><\/div>\n<\/p><\/div>\n<\/p><\/div>\n<\/p><\/div>\n<\/p><\/div>\n<\/p><\/div>\n<div class=\"text__Text-sc-fif1uk-0 htoJfX\"><a href=\"https:\/\/jeetersofficial.com\/product-category\/buy-cali-buds\/\" target=\"_blank\" rel=\"noopener\">CALI BUDS<\/a><\/div>\n<div data-testid=\"product-description\">\n<div class=\"truncate-lines__Wrapper-sc-1lknwty-0 YxHAC\">\n<div data-testid=\"truncated-description\">\n<div class=\"text__Text-sc-fif1uk-0 kdmKRD\"><a href=\"https:\/\/jeetersofficial.com\/product-category\/backpack-boyz\/\" target=\"_blank\" rel=\"noopener\">Backpack\u00a0 Boyz<\/a><\/div>\n<div><a href=\"https:\/\/jeetersofficial.com\/product-category\/snow-balls-weed\/\" target=\"_blank\" rel=\"noopener\">SNOWBALLS WEED<\/a><\/div>\n<div><a href=\"https:\/\/jeetersofficial.com\/product-category\/persy-snowcaps\/\" target=\"_blank\" rel=\"noopener\">Persy Snowcaps<\/a><\/div>\n<div><a href=\"https:\/\/jeetersofficial.com\/product-category\/drip-snowcaps\/\" target=\"_blank\" rel=\"noopener\">Drip Snowcaps<\/a><\/div>\n<div><a href=\"https:\/\/jeetersofficial.com\/product-category\/concentrates\/\" target=\"_blank\" rel=\"noopener\">CALI CONCENTRATES<\/a><\/div>\n<div><a href=\"https:\/\/jeetersofficial.com\/product-category\/doja-exclusive\/\" target=\"_blank\" rel=\"noopener\">CALI DOJA PACKS EXCLUSIVE<\/a><\/div>\n<div><a href=\"https:\/\/jeetersofficial.com\/product-category\/marijuana-flowers\/\" target=\"_blank\" rel=\"noopener\">CALI MARIJUANA FLOWERS<\/a><\/div>\n<\/p><\/div>\n<\/p><\/div>\n<\/p><\/div>\n<div><a href=\"https:\/\/jeetersofficial.com\/product-category\/sativa-strain\/\" target=\"_blank\" rel=\"noopener\">CALI SATIVA STRAINS<\/a><\/div>\n<div><a href=\"https:\/\/jeetersofficial.com\/product-category\/indica\/\" target=\"_blank\" rel=\"noopener\">CALI INDICA STRAINS<\/a><\/div>\n<div><a href=\"https:\/\/jeetersofficial.com\/product-category\/hybrid-weed\/\" target=\"_blank\" rel=\"noopener\">CALI HYBRID WEED<\/a><\/div>","protected":false},"excerpt":{"rendered":"<p><strong>Cali Bud Pinkberry Strain<\/strong><\/p>\n<p>Cali Pinkberry es una cepa h\u00edbrida de cannabis muy influyente, creada a partir del cruce de fresa y Grape Ape. Esta incre\u00edble cepa es ideal para pacientes que sufren de ansiedad y dolor cr\u00f3nico.<\/p>","protected":false},"featured_media":1670,"comment_status":"closed","ping_status":"closed","template":"","meta":{"_uag_custom_page_level_css":"","site-sidebar-layout":"default","site-content-layout":"","ast-site-content-layout":"default","site-content-style":"default","site-sidebar-style":"default","ast-global-header-display":"","ast-banner-title-visibility":"","ast-main-header-display":"","ast-hfb-above-header-display":"","ast-hfb-below-header-display":"","ast-hfb-mobile-header-display":"","site-post-title":"","ast-breadcrumbs-content":"","ast-featured-img":"","footer-sml-layout":"","ast-disable-related-posts":"","theme-transparent-header-meta":"","adv-header-id-meta":"","stick-header-meta":"","header-above-stick-meta":"","header-main-stick-meta":"","header-below-stick-meta":"","astra-migrate-meta-layouts":"default","ast-page-background-enabled":"default","ast-page-background-meta":{"desktop":{"background-color":"var(--ast-global-color-5)","background-image":"","background-repeat":"repeat","background-position":"center center","background-size":"auto","background-attachment":"scroll","background-type":"","background-media":"","overlay-type":"","overlay-color":"","overlay-opacity":"","overlay-gradient":""},"tablet":{"background-color":"","background-image":"","background-repeat":"repeat","background-position":"center center","background-size":"auto","background-attachment":"scroll","background-type":"","background-media":"","overlay-type":"","overlay-color":"","overlay-opacity":"","overlay-gradient":""},"mobile":{"background-color":"","background-image":"","background-repeat":"repeat","background-position":"center center","background-size":"auto","background-attachment":"scroll","background-type":"","background-media":"","overlay-type":"","overlay-color":"","overlay-opacity":"","overlay-gradient":""}},"ast-content-background-meta":{"desktop":{"background-color":"var(--ast-global-color-4)","background-image":"","background-repeat":"repeat","background-position":"center center","background-size":"auto","background-attachment":"scroll","background-type":"","background-media":"","overlay-type":"","overlay-color":"","overlay-opacity":"","overlay-gradient":""},"tablet":{"background-color":"var(--ast-global-color-4)","background-image":"","background-repeat":"repeat","background-position":"center center","background-size":"auto","background-attachment":"scroll","background-type":"","background-media":"","overlay-type":"","overlay-color":"","overlay-opacity":"","overlay-gradient":""},"mobile":{"background-color":"var(--ast-global-color-4)","background-image":"","background-repeat":"repeat","background-position":"center center","background-size":"auto","background-attachment":"scroll","background-type":"","background-media":"","overlay-type":"","overlay-color":"","overlay-opacity":"","overlay-gradient":""}}},"product_brand":[],"product_cat":[675],"product_tag":[489,491,505,506,507,508,509,510,492,481,472,511,512,513,514,473,515,516,517,518,461,519,520,521,522,462,523,524,525,526,527,528],"class_list":{"0":"post-1760","1":"product","2":"type-product","3":"status-publish","4":"has-post-thumbnail","6":"product_cat-buy-cali-buds","7":"product_tag-best-cali-packs","8":"product_tag-buy-cali-bud-or-no-bud-online","9":"product_tag-buy-cali-bud-or-no-bud-pinkberry-online","10":"product_tag-buy-cali-buds","11":"product_tag-buy-pinkberry-cali-bud-or-no-bud-online","12":"product_tag-buy-weed-online","13":"product_tag-by-the-best-cali-buds","14":"product_tag-cali-bags","15":"product_tag-cali-bud-or-no-bud","16":"product_tag-cali-bud-or-no-bud-for-sale","17":"product_tag-cali-bud-or-no-bud-near-me","18":"product_tag-cali-bud-or-no-bud-pinkberry","19":"product_tag-cali-bud-or-no-bud-pinkberry-for-sale","20":"product_tag-cali-bud-or-no-bud-pinkberry-near-me","21":"product_tag-cali-bud-packs","22":"product_tag-cali-buds","23":"product_tag-cali-buds-online","24":"product_tag-cali-flavors","25":"product_tag-cali-flavours","26":"product_tag-cali-gush-lato","27":"product_tag-cali-packs","28":"product_tag-cali-pinkberry","29":"product_tag-cali-pinkberry-strain","30":"product_tag-cali-plug","31":"product_tag-cali-plug-bags","32":"product_tag-cali-plug-cali-bud-or-no-bud","33":"product_tag-order-weed-online","34":"product_tag-pinkberry-cali-bud-or-no-bud","35":"product_tag-pinkberry-cali-bud-or-no-bud-for-sale","36":"product_tag-pinkberry-cali-bud-or-no-bud-near-me","37":"product_tag-pinkberry-strain","38":"product_tag-pinkberry-weed-strain","39":"desktop-align-center","40":"tablet-align-left","41":"mobile-align-left","43":"first","44":"instock","45":"shipping-taxable","46":"purchasable","47":"product-type-variable"},"uagb_featured_image_src":{"full":["https:\/\/caliweedeurope.com\/wp-content\/uploads\/2024\/11\/pinkberry-1.jpg",504,690,false],"thumbnail":["https:\/\/caliweedeurope.com\/wp-content\/uploads\/2024\/11\/pinkberry-1-150x150.jpg",150,150,true],"medium":["https:\/\/caliweedeurope.com\/wp-content\/uploads\/2024\/11\/pinkberry-1-219x300.jpg",219,300,true],"medium_large":["https:\/\/caliweedeurope.com\/wp-content\/uploads\/2024\/11\/pinkberry-1.jpg",504,690,false],"large":["https:\/\/caliweedeurope.com\/wp-content\/uploads\/2024\/11\/pinkberry-1.jpg",504,690,false],"1536x1536":["https:\/\/caliweedeurope.com\/wp-content\/uploads\/2024\/11\/pinkberry-1.jpg",504,690,false],"2048x2048":["https:\/\/caliweedeurope.com\/wp-content\/uploads\/2024\/11\/pinkberry-1.jpg",504,690,false],"trp-custom-language-flag":["https:\/\/caliweedeurope.com\/wp-content\/uploads\/2024\/11\/pinkberry-1.jpg",9,12,false],"woocommerce_thumbnail":["https:\/\/caliweedeurope.com\/wp-content\/uploads\/2024\/11\/pinkberry-1-300x300.jpg",300,300,true],"woocommerce_single":["https:\/\/caliweedeurope.com\/wp-content\/uploads\/2024\/11\/pinkberry-1.jpg",504,690,false],"woocommerce_gallery_thumbnail":["https:\/\/caliweedeurope.com\/wp-content\/uploads\/2024\/11\/pinkberry-1-100x100.jpg",100,100,true]},"uagb_author_info":{"display_name":"jetskiforsaleuk@gmail.com","author_link":"https:\/\/caliweedeurope.com\/es\/author\/"},"uagb_comment_info":0,"uagb_excerpt":"Cali Bud Pinkberry Strain Cali Pinkberry is a very influential cannabis hybrid strain cross with strawberry and grape ape to get this amazing strain. is best for patients suffering from anxiety and chronic pain.","_links":{"self":[{"href":"https:\/\/caliweedeurope.com\/es\/wp-json\/wp\/v2\/product\/1760"}],"collection":[{"href":"https:\/\/caliweedeurope.com\/es\/wp-json\/wp\/v2\/product"}],"about":[{"href":"https:\/\/caliweedeurope.com\/es\/wp-json\/wp\/v2\/types\/product"}],"replies":[{"embeddable":true,"href":"https:\/\/caliweedeurope.com\/es\/wp-json\/wp\/v2\/comments?post=1760"}],"wp:featuredmedia":[{"embeddable":true,"href":"https:\/\/caliweedeurope.com\/es\/wp-json\/wp\/v2\/media\/1670"}],"wp:attachment":[{"href":"https:\/\/caliweedeurope.com\/es\/wp-json\/wp\/v2\/media?parent=1760"}],"wp:term":[{"taxonomy":"product_brand","embeddable":true,"href":"https:\/\/caliweedeurope.com\/es\/wp-json\/wp\/v2\/product_brand?post=1760"},{"taxonomy":"product_cat","embeddable":true,"href":"https:\/\/caliweedeurope.com\/es\/wp-json\/wp\/v2\/product_cat?post=1760"},{"taxonomy":"product_tag","embeddable":true,"href":"https:\/\/caliweedeurope.com\/es\/wp-json\/wp\/v2\/product_tag?post=1760"}],"curies":[{"name":"wp","href":"https:\/\/api.w.org\/{rel}","templated":true}]}}