{"id":1772,"date":"2024-11-05T18:39:19","date_gmt":"2024-11-05T18:39:19","guid":{"rendered":"https:\/\/caliweedeurope.com\/?post_type=product&#038;p=1772"},"modified":"2024-11-05T18:39:26","modified_gmt":"2024-11-05T18:39:26","slug":"buy-cali-bud-sundae-driver-online","status":"publish","type":"product","link":"https:\/\/caliweedeurope.com\/es\/product\/buy-cali-bud-sundae-driver-online\/","title":{"rendered":"Buy Cali Bud Sundae Driver Online"},"content":{"rendered":"<h1 style=\"text-align: center\"><strong>\u00a0 \u00a0 \u00a0 \u00a0 \u00a0<\/strong><strong>SUNDAE DRIVER <\/strong><strong>CALI BUD OR NO BUD\u00a0|<\/strong><strong>\u00a0CALI BUD OR NO BUD\u00a0<\/strong><strong>SUNDAE DRIVER <\/strong><strong>|<\/strong><strong>\u00a0CALI PLUG CALI BUD OR NO BUD<\/strong><\/h1>\n<p><strong>Cali Bud o nada de Bud Sundae Driver<\/strong><br \/> Compra el sabor de cannabis Cali Bud Sundae Driver en l\u00ednea. Cogollos Cali indoor de primera calidad, calientes y de moda, a la venta en la tienda online Cali Plug a precios geniales. Cali Sundae Driver es una cepa h\u00edbrida dominante Sativa influyente, cruzada con Strawberry y Grape Ape para obtener esta cepa incre\u00edble.<\/p>\n<p class=\"translation-block\"><b>Sundae Driver<\/b>, tambi\u00e9n conocida como \"Sunday Driver\", es una\u00a0<a href=\"https:\/\/www.leafly.com\/strains\/lists\/category\/hybrid\" target=\"_blank\" rel=\"noopener\">variedad h\u00edbrida de marihuana<\/a> creada al cruzar FPOG con\u00a0<a href=\"https:\/\/www.leafly.com\/strains\/grape-pie\" target=\"_blank\" rel=\"noopener\">Grape Pie<\/a>. Los efectos de esta variedad te har\u00e1n sentir equilibrado, calmado y\u00a0<a href=\"https:\/\/www.leafly.com\/strains\/lists\/effect\/happy\" target=\"_blank\" rel=\"noopener\">fe<\/a>liz<a href=\"https:\/\/www.leafly.com\/strains\/lists\/effect\/happy\" target=\"_blank\" rel=\"noopener\">.<\/a> Sundae Driver tiene un sabor dulce, suave y cremoso. sundae driver weed<\/p>\n<p>Sundae Driver es una de esas cepas que es perfecta para casi todos: los usuarios nuevos pueden empezar lentamente y programar su efecto para que se manifieste hacia el final del d\u00eda, mientras que los usuarios m\u00e1s experimentados pueden disfrutar de esta hierba sin restricciones. Su mezcla de excelentes sabores y efectos equilibrados suele cumplir con todas las expectativas, sin importar cu\u00e1les sean tus planes para el d\u00eda.<\/p>\n<h2 style=\"text-align: center\"><strong style=\"font-size: 23.04px;text-align: center;color: #333333\">\u00a0BUY <\/strong><strong style=\"font-size: 23.04px;text-align: center;color: #333333\">SUNDAE DRIVER\u00a0<\/strong><strong style=\"font-size: 23.04px;text-align: center;color: #333333\">CALI BUD OR NO BUD\u00a0 ONLINE | BUY CALI BUD OR NO BUD\u00a0<\/strong><strong style=\"font-size: 23.04px;text-align: center;color: #333333\">SUNDAE DRIVER\u00a0<\/strong><strong style=\"font-size: 23.04px;text-align: center;color: #333333\">ONLINE | BUY CALI BUD OR NO BUD ONLINE<\/strong><\/h2>\n<p><strong>Usos medicinales de la cepa de cannabis Cali Bud Sundae Driver<\/strong><br \/> La cepa Cali Sundae Driver es ideal para pacientes que sufren de estr\u00e9s y espasmos musculares. Esta cepa garantiza un alivio inmediato del dolor y la ansiedad. Tambi\u00e9n sirve como medicamento para dolores pulsantes y n\u00e1useas. Esta cepa puede ayudar a combatir los s\u00edntomas del TEPT. Compra variedades Cali de primera calidad en Cali Weed Plug para cogollos aut\u00e9nticos y entrega segura.<\/p>\n<p>Sundae Driver es una cepa de marihuana h\u00edbrida casi equilibrada (50 % Sativa\/50 % Indica), creada mediante el cruce de las cepas Grape Pie y Fruity Pebbles OG. Los niveles de THC de esta cepa son relativamente modestos, sin superar el 16 %, lo que la convierte en una cepa suave que cualquier usuario puede disfrutar. Los niveles de CBD son inferiores al 1 %.<br \/> Los cogollos de Sundae Driver son de un hermoso color verde oliva con matices de uva, complementados por una abundancia de pistilos de color naranja brillante y tricomas blancos lechosos y difusos.<br \/> El aroma de esta variedad es en su mayor\u00eda terroso, con algunas notas frutales y chocolatosas bien pronunciadas. El sabor recuerda a un postre, decadente con chocolate dulce y frutas azucaradas al exhalar.<\/p>\n<h3 style=\"text-align: center\"><strong>SUNDAE DRIVER <\/strong><strong>CALI BUD OR NO BUD FOR SALE | CALI BUD OR NO BUD\u00a0\u00a0<\/strong><strong>SUNDAE DRIVER\u00a0<\/strong><strong>FOR SALE | CALI BUD OR NO BUD\u00a0 FOR SALE<\/strong><\/h3>\n<p><strong>Cultivo de la variedad de cannabis Sundae Driver<\/strong><br \/> Esta variedad crece baja y puede desarrollarse bien tanto en interiores, exteriores o incluso en un invernadero. Florece durante ocho a nueve semanas y produce un gramo por vatio en interiores. Los cultivadores exteriores pueden cosechar hasta una libra por planta.<\/p>\n<p class=\"translation-block\">El high de Sundae Driver comienza lentamente, limpiando suavemente tu mente de pensamientos no deseados, eliminando preocupaciones, estr\u00e9s y ansiedades. Eleva cuidadosamente el esp\u00edritu, llevando al usuario a un estado mental calmado y euf\u00f3rico, promoviendo calma, felicidad y pura alegr\u00eda. Despu\u00e9s de que los efectos cerebrales se asientan, el high comienza lentamente a descender de la cabeza hacia abajo, relajando el cuerpo poco a poco, hasta que se vuelve ligero como una pluma. Si la ingesta es moderada, el high permanece un poco m\u00e1s tiempo en los m\u00fasculos y las articulaciones, ofreciendo al usuario una experiencia verdaderamente equilibrada. En este punto, es posible que desees tomar otra calada y dejarte llevar lentamente hacia una siesta satisfactoria, o no, y permitir que la gravedad de la experiencia humana tome gradualmente el control de tu cuerpo y mente, devolvi\u00e9ndote a la realidad. De cualquier manera, la experiencia de Sundae Driver es sin duda <a href=\"https:\/\/caliplugcarts.com\/product-category\/cali-bud\/\" target=\"_blank\" rel=\"noopener\">placentera<\/a> en todos los casos<\/p>\n<h4 style=\"text-align: center\"><strong>CALI BUD OR NO BUD \u00a0<\/strong><strong>SUNDAE DRIVER\u00a0<\/strong><strong>\u00a0NEAR ME |\u00a0<\/strong><strong>SUNDAE DRIVER\u00a0<\/strong><strong>CALI BUD OR NO BUD\u00a0\u00a0 NEAR ME | CALI BUD OR NO BUD \u00a0NEAR ME<\/strong><\/h4>\n<p><strong>\u00a0Efectos del Sundae Driver<\/strong><br \/> <strong>Efecto corporal<\/strong>, Relajante, Somnoliento, Elevador<\/p>\n<p><strong>Puede aliviar<\/strong><br \/> Ansiedad, Dolor cr\u00f3nico, Depresi\u00f3n, Insomnio, TEPT, Estr\u00e9s<br \/> <strong>Sabores<\/strong><br \/> Caramelo, Chocolate, Cremoso, Afrutado, Azucarado, Dulce<br \/> <strong>Aromas<\/strong><br \/> Chocolate, Terroso, Afrutado, Herbal, Dulce<\/p>\n<p>Terpenos<br \/> Linalol<br \/> Limoneno<br \/> Cariofileno<\/p>\n<p class=\"translation-block\">Efectos positivos:<br> Felicidad<br> Euforia<br> Relajaci\u00f3n<br> Alivio del estr\u00e9s<br> Aumento del \u00e1nimo<\/p>\n<p class=\"translation-block\">Efectos adversos:<br> Ojos secos<br> Boca seca<br> Mareos<\/p>\n<h5 style=\"text-align: center\"><strong>SUNDAE DRIVER\u00a0<\/strong><strong>\u00a0STRAIN | \u00a0<\/strong><strong>SUNDAE DRIVER\u00a0<\/strong><strong>WEED STRAIN | CALI\u00a0<\/strong><strong>SUNDAE DRIVER\u00a0<\/strong><strong>| CALI\u00a0<\/strong><strong>SUNDAE DRIVER\u00a0<\/strong><strong>\u00a0STRAIN<\/strong><\/h5>\n<p><strong>\u00a0Advertencia<\/strong><br \/> Este producto contiene cannabis, una sustancia regulada. Mantener fuera del alcance de los ni\u00f1os y animales. <a href=\"https:\/\/caliplugcarts.com\/product-category\/cali-carts\/\" target=\"_blank\" rel=\"noopener\">Cannabis<\/a> los productos solo pueden ser pose\u00eddos o consumidos por personas de 21 a\u00f1os o m\u00e1s, a menos que la persona sea un paciente calificado. Los efectos intoxicantes de los productos de cannabis pueden durar hasta dos horas. El consumo de cannabis durante el embarazo o la lactancia puede ser perjudicial. El consumo de estos productos afecta su capacidad para conducir o operar maquinaria. Por favor, tenga extrema precauci\u00f3n.<\/p>\n<p>Si alguna vez has anhelado la cepa perfecta para llevar contigo en un paseo dominical, por supuesto como pasajero, considera Sundae Driver, un producto de Cannarado Genetics. Al cruzar Fruity Pebbles OG y Grape Pie, este misterioso equipo ha desarrollado un h\u00edbrido equilibrado que es un gran compa\u00f1ero de viaje o hace igualmente bien en casa.<\/p>\n<p>Lo suficientemente suave para que la mayor\u00eda de los usuarios lo disfruten, el THC de Sundae Driver var\u00eda entre el 14% y el 16%.<\/p>\n<p>Debido a su actitud alegre y despreocupada, Sundae Driver es a menudo utilizada por pacientes m\u00e9dicos para ayudar con problemas mentales como la depresi\u00f3n, la ansiedad, el PTSD y m\u00e1s. Sin embargo, se ha dicho que es igualmente beneficiosa cuando se trata de dolencias f\u00edsicas, as\u00ed que la pr\u00f3xima vez que tengas una migra\u00f1a o un problema de salud femenino, prueba a inhalar un par de bocanadas. Nuevamente, si tienes una tolerancia baja y te entregas lo suficiente, Sundae Driver tambi\u00e9n podr\u00eda ayudar con el insomnio.<\/p>\n<div data-testid=\"product-description\">\n<div class=\"truncate-lines__Wrapper-sc-1lknwty-0 YxHAC\">\n<div data-testid=\"truncated-description\">\n<div>\n<div class=\"text__Text-sc-fif1uk-0 kdmKRD\">\n<div class=\"src__Box-sc-1sbtrzs-0 src__Flex-sc-1sbtrzs-1 kWPFqZ hzdsvF\">\n<div>CATEGOR\u00cdAS DE PRODUCTOS DE MUESTRA<\/div>\n<\/p><\/div>\n<\/p><\/div>\n<\/p><\/div>\n<\/p><\/div>\n<\/p><\/div>\n<\/p><\/div>\n<div class=\"text__Text-sc-fif1uk-0 htoJfX\"><a href=\"https:\/\/jeetersofficial.com\/product-category\/buy-cali-buds\/\" target=\"_blank\" rel=\"noopener\">CALI BUDS<\/a><\/div>\n<div data-testid=\"product-description\">\n<div class=\"truncate-lines__Wrapper-sc-1lknwty-0 YxHAC\">\n<div data-testid=\"truncated-description\">\n<div class=\"text__Text-sc-fif1uk-0 kdmKRD\"><a href=\"https:\/\/jeetersofficial.com\/product-category\/backpack-boyz\/\" target=\"_blank\" rel=\"noopener\">Backpack\u00a0 Boyz<\/a><\/div>\n<div><a href=\"https:\/\/jeetersofficial.com\/product-category\/snow-balls-weed\/\" target=\"_blank\" rel=\"noopener\">SNOWBALLS WEED<\/a><\/div>\n<div><a href=\"https:\/\/jeetersofficial.com\/product-category\/persy-snowcaps\/\" target=\"_blank\" rel=\"noopener\">Persy Snowcaps<\/a><\/div>\n<div><a href=\"https:\/\/jeetersofficial.com\/product-category\/drip-snowcaps\/\" target=\"_blank\" rel=\"noopener\">Drip Snowcaps<\/a><\/div>\n<div><a href=\"https:\/\/jeetersofficial.com\/product-category\/concentrates\/\" target=\"_blank\" rel=\"noopener\">CALI CONCENTRATES<\/a><\/div>\n<div><a href=\"https:\/\/jeetersofficial.com\/product-category\/doja-exclusive\/\" target=\"_blank\" rel=\"noopener\">CALI DOJA PACKS EXCLUSIVE<\/a><\/div>\n<div><a href=\"https:\/\/jeetersofficial.com\/product-category\/marijuana-flowers\/\" target=\"_blank\" rel=\"noopener\">CALI MARIJUANA FLOWERS<\/a><\/div>\n<\/p><\/div>\n<\/p><\/div>\n<\/p><\/div>\n<div><a href=\"https:\/\/jeetersofficial.com\/product-category\/sativa-strain\/\" target=\"_blank\" rel=\"noopener\">CALI SATIVA STRAINS<\/a><\/div>\n<div><a href=\"https:\/\/jeetersofficial.com\/product-category\/indica\/\" target=\"_blank\" rel=\"noopener\">CALI INDICA STRAINS<\/a><\/div>\n<div><a href=\"https:\/\/jeetersofficial.com\/product-category\/hybrid-weed\/\" target=\"_blank\" rel=\"noopener\">CALI HYBRID WEED<\/a><\/div>","protected":false},"excerpt":{"rendered":"<p><strong>Cali Bud Sundae Driver<\/strong><br \/> Compra el sabor de cannabis Cali Bud Sundae Driver en l\u00ednea. Cogollos Cali indoor de primera calidad, calientes y de moda, a la venta en\u00a0<a href=\"http:\/\/caliweedplug.com\/\">Cali Plug<\/a>\u00a0Tienda en l\u00ednea a precios geniales. Cali Sundae Driver es una cepa h\u00edbrida dominante Sativa influyente, cruzada con Strawberry y Grape Ape para obtener esta cepa incre\u00edble.<\/p>","protected":false},"featured_media":1802,"comment_status":"closed","ping_status":"closed","template":"","meta":{"_uag_custom_page_level_css":"","site-sidebar-layout":"default","site-content-layout":"","ast-site-content-layout":"","site-content-style":"default","site-sidebar-style":"default","ast-global-header-display":"","ast-banner-title-visibility":"","ast-main-header-display":"","ast-hfb-above-header-display":"","ast-hfb-below-header-display":"","ast-hfb-mobile-header-display":"","site-post-title":"","ast-breadcrumbs-content":"","ast-featured-img":"","footer-sml-layout":"","theme-transparent-header-meta":"","adv-header-id-meta":"","stick-header-meta":"","header-above-stick-meta":"","header-main-stick-meta":"","header-below-stick-meta":"","astra-migrate-meta-layouts":"default","ast-page-background-enabled":"default","ast-page-background-meta":{"desktop":{"background-color":"var(--ast-global-color-4)","background-image":"","background-repeat":"repeat","background-position":"center center","background-size":"auto","background-attachment":"scroll","background-type":"","background-media":"","overlay-type":"","overlay-color":"","overlay-opacity":"","overlay-gradient":""},"tablet":{"background-color":"","background-image":"","background-repeat":"repeat","background-position":"center center","background-size":"auto","background-attachment":"scroll","background-type":"","background-media":"","overlay-type":"","overlay-color":"","overlay-opacity":"","overlay-gradient":""},"mobile":{"background-color":"","background-image":"","background-repeat":"repeat","background-position":"center center","background-size":"auto","background-attachment":"scroll","background-type":"","background-media":"","overlay-type":"","overlay-color":"","overlay-opacity":"","overlay-gradient":""}},"ast-content-background-meta":{"desktop":{"background-color":"var(--ast-global-color-5)","background-image":"","background-repeat":"repeat","background-position":"center center","background-size":"auto","background-attachment":"scroll","background-type":"","background-media":"","overlay-type":"","overlay-color":"","overlay-opacity":"","overlay-gradient":""},"tablet":{"background-color":"var(--ast-global-color-5)","background-image":"","background-repeat":"repeat","background-position":"center center","background-size":"auto","background-attachment":"scroll","background-type":"","background-media":"","overlay-type":"","overlay-color":"","overlay-opacity":"","overlay-gradient":""},"mobile":{"background-color":"var(--ast-global-color-5)","background-image":"","background-repeat":"repeat","background-position":"center center","background-size":"auto","background-attachment":"scroll","background-type":"","background-media":"","overlay-type":"","overlay-color":"","overlay-opacity":"","overlay-gradient":""}}},"product_brand":[],"product_cat":[675],"product_tag":[489,491,676,506,677,508,509,510,531,492,481,472,678,679,680,514,515,517,518,461,522,536,462,681,682,540,467,683,684,685,686,687],"class_list":{"0":"post-1772","1":"product","2":"type-product","3":"status-publish","4":"has-post-thumbnail","6":"product_cat-buy-cali-buds","7":"product_tag-best-cali-packs","8":"product_tag-buy-cali-bud-or-no-bud-online","9":"product_tag-buy-cali-bud-or-no-bud-sundae-driver-online","10":"product_tag-buy-cali-buds","11":"product_tag-buy-sundae-driver-cali-bud-or-no-bud-online","12":"product_tag-buy-weed-online","13":"product_tag-by-the-best-cali-buds","14":"product_tag-cali-bags","15":"product_tag-cali-bud","16":"product_tag-cali-bud-or-no-bud","17":"product_tag-cali-bud-or-no-bud-for-sale","18":"product_tag-cali-bud-or-no-bud-near-me","19":"product_tag-cali-bud-or-no-bud-sundae-driver","20":"product_tag-cali-bud-or-no-bud-sundae-driver-for-sale","21":"product_tag-cali-bud-or-no-bud-sundae-driver-near-me","22":"product_tag-cali-bud-packs","23":"product_tag-cali-buds-online","24":"product_tag-cali-flavours","25":"product_tag-cali-gush-lato","26":"product_tag-cali-packs","27":"product_tag-cali-plug-bags","28":"product_tag-cali-plug-buds","29":"product_tag-cali-plug-cali-bud-or-no-bud","30":"product_tag-cali-sundae-driver","31":"product_tag-cali-sundae-driver-strain","32":"product_tag-calibud","33":"product_tag-hardball-cookies","34":"product_tag-sundae-driver-cali-bud-or-no-bud","35":"product_tag-sundae-driver-cali-bud-or-no-bud-for-sale","36":"product_tag-sundae-driver-cali-bud-or-no-bud-near-me","37":"product_tag-sundae-driver-strain","38":"product_tag-sundae-driver-weed-strain","39":"desktop-align-center","40":"tablet-align-left","41":"mobile-align-left","43":"first","44":"instock","45":"shipping-taxable","46":"purchasable","47":"product-type-variable"},"uagb_featured_image_src":{"full":["https:\/\/caliweedeurope.com\/wp-content\/uploads\/2024\/11\/IMG-0224.jpg",956,1276,false],"thumbnail":["https:\/\/caliweedeurope.com\/wp-content\/uploads\/2024\/11\/IMG-0224-150x150.jpg",150,150,true],"medium":["https:\/\/caliweedeurope.com\/wp-content\/uploads\/2024\/11\/IMG-0224-225x300.jpg",225,300,true],"medium_large":["https:\/\/caliweedeurope.com\/wp-content\/uploads\/2024\/11\/IMG-0224-768x1025.jpg",768,1025,true],"large":["https:\/\/caliweedeurope.com\/wp-content\/uploads\/2024\/11\/IMG-0224-767x1024.jpg",767,1024,true],"1536x1536":["https:\/\/caliweedeurope.com\/wp-content\/uploads\/2024\/11\/IMG-0224.jpg",956,1276,false],"2048x2048":["https:\/\/caliweedeurope.com\/wp-content\/uploads\/2024\/11\/IMG-0224.jpg",956,1276,false],"trp-custom-language-flag":["https:\/\/caliweedeurope.com\/wp-content\/uploads\/2024\/11\/IMG-0224.jpg",9,12,false],"woocommerce_thumbnail":["https:\/\/caliweedeurope.com\/wp-content\/uploads\/2024\/11\/IMG-0224-300x300.jpg",300,300,true],"woocommerce_single":["https:\/\/caliweedeurope.com\/wp-content\/uploads\/2024\/11\/IMG-0224-600x801.jpg",600,801,true],"woocommerce_gallery_thumbnail":["https:\/\/caliweedeurope.com\/wp-content\/uploads\/2024\/11\/IMG-0224-100x100.jpg",100,100,true]},"uagb_author_info":{"display_name":"jetskiforsaleuk@gmail.com","author_link":"https:\/\/caliweedeurope.com\/es\/author\/"},"uagb_comment_info":0,"uagb_excerpt":"Cali Bud Sundae Driver Buy Cali bud Sundae Driver cannabis flavor online. Hot and trending top-shelf indoor Cali buds for sale at the\u00a0Cali Plug\u00a0Online shop at cool prices, Cali Sundae Driver is an influential cannabis Sativa dominant hybrid strain cross with strawberry and grape ape to get this amazing strain.","_links":{"self":[{"href":"https:\/\/caliweedeurope.com\/es\/wp-json\/wp\/v2\/product\/1772"}],"collection":[{"href":"https:\/\/caliweedeurope.com\/es\/wp-json\/wp\/v2\/product"}],"about":[{"href":"https:\/\/caliweedeurope.com\/es\/wp-json\/wp\/v2\/types\/product"}],"replies":[{"embeddable":true,"href":"https:\/\/caliweedeurope.com\/es\/wp-json\/wp\/v2\/comments?post=1772"}],"wp:featuredmedia":[{"embeddable":true,"href":"https:\/\/caliweedeurope.com\/es\/wp-json\/wp\/v2\/media\/1802"}],"wp:attachment":[{"href":"https:\/\/caliweedeurope.com\/es\/wp-json\/wp\/v2\/media?parent=1772"}],"wp:term":[{"taxonomy":"product_brand","embeddable":true,"href":"https:\/\/caliweedeurope.com\/es\/wp-json\/wp\/v2\/product_brand?post=1772"},{"taxonomy":"product_cat","embeddable":true,"href":"https:\/\/caliweedeurope.com\/es\/wp-json\/wp\/v2\/product_cat?post=1772"},{"taxonomy":"product_tag","embeddable":true,"href":"https:\/\/caliweedeurope.com\/es\/wp-json\/wp\/v2\/product_tag?post=1772"}],"curies":[{"name":"wp","href":"https:\/\/api.w.org\/{rel}","templated":true}]}}