{"id":1778,"date":"2024-11-05T18:39:20","date_gmt":"2024-11-05T18:39:20","guid":{"rendered":"https:\/\/caliweedeurope.com\/?post_type=product&#038;p=1778"},"modified":"2024-11-05T18:39:26","modified_gmt":"2024-11-05T18:39:26","slug":"buy-cali-bud-super-glue-en-linea","status":"publish","type":"product","link":"https:\/\/caliweedeurope.com\/es\/product\/buy-cali-bud-super-glue-en-linea\/","title":{"rendered":"Buy Cali Bud Super Glue Online"},"content":{"rendered":"<h1 style=\"text-align: center\"><strong>\u00a0 \u00a0 \u00a0 \u00a0 \u00a0<\/strong><strong>SUPER GLUE <\/strong><strong>CALI BUD OR NO BUD\u00a0|<\/strong><strong>\u00a0CALI BUD OR NO BUD\u00a0<\/strong><strong>SUPER GLUE <\/strong><strong>|<\/strong><strong>\u00a0CALI PLUG CALI BUD OR NO BUD<\/strong><\/h1>\n<p><strong>Cali Bud Super Glue<\/strong><\/p>\n<p>Cali Bud Super Glue, una cepa h\u00edbrida influyente de cannabis cruzada con Strawberry y Grape Ape para obtener estas incre\u00edbles variedades, es mejor para pacientes que sufren de ansiedad y dolor cr\u00f3nico. Esta cepa garantiza un alivio inmediato del dolor. Sus efectos ligeros pueden facilitar el alivio de dolores punzantes, as\u00ed como de n\u00e1useas. Esta cepa tambi\u00e9n puede ayudar a combatir los s\u00edntomas del PTSD. Esta cepa crece baja y puede prosperar dentro, fuera o incluso en un jard\u00edn. Los cultivadores deben darle al menos un mes, si no cinco, para completar la vegetaci\u00f3n. La cepa Superglue florece de ocho a nueve semanas y producir\u00e1 un gramo por vatio en el interior. Los cultivadores exteriores pueden cosechar hasta una libra por planta.<\/p>\n<h2 style=\"text-align: center\"><strong>BUY\u00a0<\/strong><strong>SUPER GLUE\u00a0<\/strong><strong>CALI BUD OR NO BUD\u00a0 ONLINE | BUY CALI BUD OR NO BUD\u00a0<\/strong><strong>SUPER GLUE\u00a0<\/strong><strong>ONLINE | BUY CALI BUD OR NO BUD ONLINE<\/strong><\/h2>\n<p>Advertencia<\/p>\n<p>Cali Bud Super Glue contiene Cannabis, una sustancia clasificada. Mantener fuera del alcance de los ni\u00f1os y los animales. Los productos de cannabis solo pueden ser pose\u00eddos o consumidos por personas mayores de 21 a\u00f1os, a menos que la persona sea un paciente calificado. Los efectos intoxicantes de los productos de cannabis pueden durar hasta dos horas. El consumo de cannabis durante el embarazo o la lactancia puede ser perjudicial. El consumo de productos Cali Bud o No Bud afecta su capacidad para conducir o manejar maquinaria. Por favor, use con extrema precauci\u00f3n.<\/p>\n<p class=\"translation-block\"><b>Superglue<\/b>, tambi\u00e9n conocida como \"Tacky Glue\", es una variedad h\u00edbrida dominada por indica que produce un high funcional y relajante para la mente y el cuerpo. Con un aroma a pino y un dulce aroma a caramelo, esta variedad es cultivada por Seedism Seeds. Superglue se crea cruzando <a href=\"https:\/\/www.leafly.com\/strains\/afghani\" target=\"_blank\" rel=\"noopener\">Afghani<\/a> y Northern Light. Aquellos que disfrutan de Superglue dicen que te relaja, mientras a\u00fan te deja funcional y lo suficientemente energ\u00e9tico para actividades sociales o incluso una tarde productiva.<\/p>\n<h3 style=\"text-align: center\"><strong>SUPER GLUE\u00a0<\/strong><strong>CALI BUD OR NO BUD FOR SALE | CALI BUD OR NO BUD\u00a0\u00a0<\/strong><strong>SUPER GLUE\u00a0<\/strong><strong>FOR SALE | CALI BUD OR NO BUD\u00a0 FOR SALE<\/strong><\/h3>\n<div class=\"variety-percentage-wrap\">\n<h4 class=\"variety translation-block\"><a href=\"https:\/\/www.allbud.com\/marijuana-strains\/variety\/indica-dominant-hybrid\" target=\"_blank\" rel=\"noopener\">H\u00edbrido Dominante Indica<\/a> <span class=\"hidden-xs\">\u2013 <\/span><span class=\"strain-percentages\">70% Indica \/ 30% Sativa<\/span><\/h4>\n<h4 class=\"percentage\"><span class=\"heading\">THC:\u00a0<\/span>23%,\u00a0<span class=\"heading\">CBD:\u00a0<\/span><em>1<\/em>%<\/h4>\n<\/p><\/div>\n<p>Superglue OG, conocido simplemente como Superglue, es un h\u00edbrido dominante en indica, una combinaci\u00f3n de Skunk #1 y Northern Lights. Se puede encontrar en varios dispensarios de marihuana medicinal en California y el estado de Washington, pero no en muchos otros lugares. Si aparece en el mercado negro, consid\u00e9ralo como un hallazgo raro. Los cogollos blancos congelados de esta planta tienen un nivel de THC muy alto, superando el 23% en algunas pruebas. Los niveles de CBD tambi\u00e9n son m\u00e1s altos que el promedio, hasta un 1,4% en pruebas.<\/p>\n<h4 style=\"text-align: center\"><strong>CALI BUD OR NO BUD \u00a0<\/strong><strong>SUPER GLUE\u00a0<\/strong><strong>\u00a0NEAR ME |\u00a0<\/strong><strong>SUPER GLUE\u00a0<\/strong><strong>CALI BUD OR NO BUD\u00a0\u00a0 NEAR ME | CALI BUD OR NO BUD \u00a0NEAR ME<\/strong><\/h4>\n<p>Esto hace que esta variedad sea particularmente \u00fatil para usos m\u00e9dicos, ideal para tratar la depresi\u00f3n, el dolor y la ansiedad; tambi\u00e9n puede ayudar con las convulsiones y los espasmos musculares. Estos genes crean un efecto corporal potente y relajante con algunos efectos cerebrales limitados. Es una excelente opci\u00f3n para el malestar f\u00edsico y el estr\u00e9s. No hay mucha informaci\u00f3n p\u00fablica sobre el sabor o el aroma de esta rara variedad, pero como sus padres populares, probablemente tenga un sabor terroso con toques de pino y c\u00edtricos. Los pacientes pueden encontrarla en dispensarios selectos en la costa oeste, pero es rara fuera del mercado m\u00e9dico.<\/p>\n<h5 style=\"text-align: center\"><strong>SUPER GLUE\u00a0<\/strong><strong>\u00a0STRAIN | \u00a0<\/strong><strong>SUPER GLUE\u00a0<\/strong><strong>WEED STRAIN | CALI\u00a0<\/strong><strong>SUPER GLUE\u00a0<\/strong><strong>| CALI\u00a0<\/strong><strong>SUPER GLUE\u00a0<\/strong><strong>\u00a0STRAIN<\/strong><\/h5>\n<p class=\"translation-block\">Superglue es un h\u00edbrido con tendencia a la indica que tiene la poderosa combinaci\u00f3n gen\u00e9tica de una landrace Afghani y <a href=\"https:\/\/www.wikileaf.com\/strain\/northern-lights\/\" target=\"_blank\" rel=\"noopener\">Northern Lights<\/a>. Fiel a su nombre, Super Glue otorga una profunda relajaci\u00f3n f\u00edsica que puede atraparte f\u00e1cilmente en el sof\u00e1 bajo las circunstancias adecuadas. Tambi\u00e9n tiene una gran atracci\u00f3n, con un aroma rico y almizclado y flores gruesas y compactas. El contenido de THC de esta variedad se ha medido entre el 18% y el 28%.<\/p>\n<p>Superglue impresiona con grandes flores que mantienen una forma pronunciada en forma de pala, que se estrecha desde una base ancha hasta una punta puntiaguda. Los cogollos tienen una estructura t\u00edpicamente \u00edndica, con sus peque\u00f1as hojas enroll\u00e1ndose firmemente hacia adentro en un racimo denso y s\u00f3lido.<\/p>\n<p>Una primera bocanada de las flores de Superglue detectar\u00e1 un olor dulce-agrio, como de skunk. Debajo de esto, se encuentran algunos acentos afilados y resinosos. Mientras tanto, moler o romper estas flores densas libera un aroma a s\u00e1ndalo y especias, \u00fanico en la cepa madre Afghani. Cuando se quema, Superglue produce un humo fuerte y acre. Este humo sabe a madera y tierra al exhalar. Aquellos que deseen fumar discretamente deben tomar precauciones olfativas, ya que esta variedad fuerte puede olerse a larga distancia.<\/p>\n<div data-testid=\"product-description\">\n<div class=\"truncate-lines__Wrapper-sc-1lknwty-0 YxHAC\">\n<div data-testid=\"truncated-description\">\n<div>\n<div class=\"text__Text-sc-fif1uk-0 kdmKRD\">\n<div class=\"src__Box-sc-1sbtrzs-0 src__Flex-sc-1sbtrzs-1 kWPFqZ hzdsvF\">\n<div>CATEGOR\u00cdAS DE PRODUCTOS DE MUESTRA<\/div>\n<\/p><\/div>\n<\/p><\/div>\n<\/p><\/div>\n<\/p><\/div>\n<\/p><\/div>\n<\/p><\/div>\n<div class=\"text__Text-sc-fif1uk-0 htoJfX\"><a href=\"https:\/\/jeetersofficial.com\/product-category\/buy-cali-buds\/\" target=\"_blank\" rel=\"noopener\">CALI BUDS<\/a><\/div>\n<div data-testid=\"product-description\">\n<div class=\"truncate-lines__Wrapper-sc-1lknwty-0 YxHAC\">\n<div data-testid=\"truncated-description\">\n<div class=\"text__Text-sc-fif1uk-0 kdmKRD\"><a href=\"https:\/\/jeetersofficial.com\/product-category\/backpack-boyz\/\" target=\"_blank\" rel=\"noopener\">Backpack\u00a0 Boyz<\/a><\/div>\n<div><a href=\"https:\/\/jeetersofficial.com\/product-category\/snow-balls-weed\/\" target=\"_blank\" rel=\"noopener\">SNOWBALLS WEED<\/a><\/div>\n<div><a href=\"https:\/\/jeetersofficial.com\/product-category\/persy-snowcaps\/\" target=\"_blank\" rel=\"noopener\">Persy Snowcaps<\/a><\/div>\n<div><a href=\"https:\/\/jeetersofficial.com\/product-category\/drip-snowcaps\/\" target=\"_blank\" rel=\"noopener\">Drip Snowcaps<\/a><\/div>\n<div><a href=\"https:\/\/jeetersofficial.com\/product-category\/concentrates\/\" target=\"_blank\" rel=\"noopener\">CALI CONCENTRATES<\/a><\/div>\n<div><a href=\"https:\/\/jeetersofficial.com\/product-category\/doja-exclusive\/\" target=\"_blank\" rel=\"noopener\">CALI DOJA PACKS EXCLUSIVE<\/a><\/div>\n<div><a href=\"https:\/\/jeetersofficial.com\/product-category\/marijuana-flowers\/\" target=\"_blank\" rel=\"noopener\">CALI MARIJUANA FLOWERS<\/a><\/div>\n<\/p><\/div>\n<\/p><\/div>\n<\/p><\/div>\n<div><a href=\"https:\/\/jeetersofficial.com\/product-category\/sativa-strain\/\" target=\"_blank\" rel=\"noopener\">CALI SATIVA STRAINS<\/a><\/div>\n<div><a href=\"https:\/\/jeetersofficial.com\/product-category\/indica\/\" target=\"_blank\" rel=\"noopener\">CALI INDICA STRAINS<\/a><\/div>\n<div><a href=\"https:\/\/jeetersofficial.com\/product-category\/hybrid-weed\/\" target=\"_blank\" rel=\"noopener\">CALI HYBRID WEED<\/a><\/div>","protected":false},"excerpt":{"rendered":"<p>Cali Bud Super Glue<\/p>\n<p>Cali Bud Super Glue, una cepa h\u00edbrida influyente de cannabis cruzada con Strawberry y Grape Ape para obtener estas incre\u00edbles variedades, es mejor para pacientes que sufren de ansiedad y dolor cr\u00f3nico. Esta cepa garantiza un alivio inmediato del dolor. Sus efectos ligeros pueden facilitar el alivio de dolores punzantes, as\u00ed como de n\u00e1useas. Esta cepa tambi\u00e9n puede ayudar a combatir los s\u00edntomas del PTSD. Esta cepa crece baja y puede prosperar dentro, fuera o incluso en un jard\u00edn. Los cultivadores deben darle al menos un mes, si no cinco, para completar la vegetaci\u00f3n. La cepa Superglue florece de ocho a nueve semanas y producir\u00e1 un gramo por vatio en el interior. Los cultivadores exteriores pueden cosechar hasta una libra por planta.<\/p>","protected":false},"featured_media":1702,"comment_status":"closed","ping_status":"closed","template":"","meta":{"_uag_custom_page_level_css":"","site-sidebar-layout":"default","site-content-layout":"","ast-site-content-layout":"","site-content-style":"default","site-sidebar-style":"default","ast-global-header-display":"","ast-banner-title-visibility":"","ast-main-header-display":"","ast-hfb-above-header-display":"","ast-hfb-below-header-display":"","ast-hfb-mobile-header-display":"","site-post-title":"","ast-breadcrumbs-content":"","ast-featured-img":"","footer-sml-layout":"","theme-transparent-header-meta":"","adv-header-id-meta":"","stick-header-meta":"","header-above-stick-meta":"","header-main-stick-meta":"","header-below-stick-meta":"","astra-migrate-meta-layouts":"default","ast-page-background-enabled":"default","ast-page-background-meta":{"desktop":{"background-color":"var(--ast-global-color-4)","background-image":"","background-repeat":"repeat","background-position":"center center","background-size":"auto","background-attachment":"scroll","background-type":"","background-media":"","overlay-type":"","overlay-color":"","overlay-opacity":"","overlay-gradient":""},"tablet":{"background-color":"","background-image":"","background-repeat":"repeat","background-position":"center center","background-size":"auto","background-attachment":"scroll","background-type":"","background-media":"","overlay-type":"","overlay-color":"","overlay-opacity":"","overlay-gradient":""},"mobile":{"background-color":"","background-image":"","background-repeat":"repeat","background-position":"center center","background-size":"auto","background-attachment":"scroll","background-type":"","background-media":"","overlay-type":"","overlay-color":"","overlay-opacity":"","overlay-gradient":""}},"ast-content-background-meta":{"desktop":{"background-color":"var(--ast-global-color-5)","background-image":"","background-repeat":"repeat","background-position":"center center","background-size":"auto","background-attachment":"scroll","background-type":"","background-media":"","overlay-type":"","overlay-color":"","overlay-opacity":"","overlay-gradient":""},"tablet":{"background-color":"var(--ast-global-color-5)","background-image":"","background-repeat":"repeat","background-position":"center center","background-size":"auto","background-attachment":"scroll","background-type":"","background-media":"","overlay-type":"","overlay-color":"","overlay-opacity":"","overlay-gradient":""},"mobile":{"background-color":"var(--ast-global-color-5)","background-image":"","background-repeat":"repeat","background-position":"center center","background-size":"auto","background-attachment":"scroll","background-type":"","background-media":"","overlay-type":"","overlay-color":"","overlay-opacity":"","overlay-gradient":""}}},"product_brand":[],"product_cat":[675],"product_tag":[491,546,547,481,472,548,549,550,462,551,552,553,554,555,556,557],"class_list":{"0":"post-1778","1":"product","2":"type-product","3":"status-publish","4":"has-post-thumbnail","6":"product_cat-buy-cali-buds","7":"product_tag-buy-cali-bud-or-no-bud-online","8":"product_tag-buy-cali-bud-or-no-bud-super-glue-online","9":"product_tag-buy-super-glue-cali-bud-or-no-bud-online","10":"product_tag-cali-bud-or-no-bud-for-sale","11":"product_tag-cali-bud-or-no-bud-near-me","12":"product_tag-cali-bud-or-no-bud-super-glue","13":"product_tag-cali-bud-or-no-bud-super-glue-for-sale","14":"product_tag-cali-bud-or-no-bud-super-glue-near-me","15":"product_tag-cali-plug-cali-bud-or-no-bud","16":"product_tag-cali-super-glue","17":"product_tag-cali-super-glue-strain","18":"product_tag-super-glue-cali-bud-or-no-bud","19":"product_tag-super-glue-cali-bud-or-no-bud-for-sale","20":"product_tag-super-glue-cali-bud-or-no-bud-near-me","21":"product_tag-super-glue-strain","22":"product_tag-super-glue-weed-strain","23":"desktop-align-center","24":"tablet-align-left","25":"mobile-align-left","27":"first","28":"instock","29":"shipping-taxable","30":"purchasable","31":"product-type-variable"},"uagb_featured_image_src":{"full":["https:\/\/caliweedeurope.com\/wp-content\/uploads\/2024\/11\/super-glue.jpg",512,687,false],"thumbnail":["https:\/\/caliweedeurope.com\/wp-content\/uploads\/2024\/11\/super-glue-150x150.jpg",150,150,true],"medium":["https:\/\/caliweedeurope.com\/wp-content\/uploads\/2024\/11\/super-glue-224x300.jpg",224,300,true],"medium_large":["https:\/\/caliweedeurope.com\/wp-content\/uploads\/2024\/11\/super-glue.jpg",512,687,false],"large":["https:\/\/caliweedeurope.com\/wp-content\/uploads\/2024\/11\/super-glue.jpg",512,687,false],"1536x1536":["https:\/\/caliweedeurope.com\/wp-content\/uploads\/2024\/11\/super-glue.jpg",512,687,false],"2048x2048":["https:\/\/caliweedeurope.com\/wp-content\/uploads\/2024\/11\/super-glue.jpg",512,687,false],"trp-custom-language-flag":["https:\/\/caliweedeurope.com\/wp-content\/uploads\/2024\/11\/super-glue.jpg",9,12,false],"woocommerce_thumbnail":["https:\/\/caliweedeurope.com\/wp-content\/uploads\/2024\/11\/super-glue-300x300.jpg",300,300,true],"woocommerce_single":["https:\/\/caliweedeurope.com\/wp-content\/uploads\/2024\/11\/super-glue.jpg",512,687,false],"woocommerce_gallery_thumbnail":["https:\/\/caliweedeurope.com\/wp-content\/uploads\/2024\/11\/super-glue-100x100.jpg",100,100,true]},"uagb_author_info":{"display_name":"jetskiforsaleuk@gmail.com","author_link":"https:\/\/caliweedeurope.com\/es\/author\/"},"uagb_comment_info":0,"uagb_excerpt":"Cali Bud Super Glue Cali Super Glue being an influential\u00a0cannabis hybrid strain\u00a0cross with strawberry and grape ape to get these amazing strains is best for patients suffering from anxiety and chronic pain. This strain guarantees immediate relief from pain for the relieve. It\u2019s light real impacts may facilitate a few a throbbing painfulness just as&hellip;","_links":{"self":[{"href":"https:\/\/caliweedeurope.com\/es\/wp-json\/wp\/v2\/product\/1778"}],"collection":[{"href":"https:\/\/caliweedeurope.com\/es\/wp-json\/wp\/v2\/product"}],"about":[{"href":"https:\/\/caliweedeurope.com\/es\/wp-json\/wp\/v2\/types\/product"}],"replies":[{"embeddable":true,"href":"https:\/\/caliweedeurope.com\/es\/wp-json\/wp\/v2\/comments?post=1778"}],"wp:featuredmedia":[{"embeddable":true,"href":"https:\/\/caliweedeurope.com\/es\/wp-json\/wp\/v2\/media\/1702"}],"wp:attachment":[{"href":"https:\/\/caliweedeurope.com\/es\/wp-json\/wp\/v2\/media?parent=1778"}],"wp:term":[{"taxonomy":"product_brand","embeddable":true,"href":"https:\/\/caliweedeurope.com\/es\/wp-json\/wp\/v2\/product_brand?post=1778"},{"taxonomy":"product_cat","embeddable":true,"href":"https:\/\/caliweedeurope.com\/es\/wp-json\/wp\/v2\/product_cat?post=1778"},{"taxonomy":"product_tag","embeddable":true,"href":"https:\/\/caliweedeurope.com\/es\/wp-json\/wp\/v2\/product_tag?post=1778"}],"curies":[{"name":"wp","href":"https:\/\/api.w.org\/{rel}","templated":true}]}}