{"id":1784,"date":"2024-11-05T18:39:20","date_gmt":"2024-11-05T18:39:20","guid":{"rendered":"https:\/\/caliweedeurope.com\/?post_type=product&#038;p=1784"},"modified":"2024-11-05T18:39:26","modified_gmt":"2024-11-05T18:39:26","slug":"compra-cali-bud-sweet-and-sour-en-linea","status":"publish","type":"product","link":"https:\/\/caliweedeurope.com\/es\/product\/compra-cali-bud-sweet-and-sour-en-linea\/","title":{"rendered":"Compra Cali Bud Sweet and Sour En L\u00ednea"},"content":{"rendered":"<h1 style=\"text-align: center\"><strong>\u00a0 \u00a0 \u00a0 \u00a0 \u00a0<\/strong><strong>SWEET AND SOUR <\/strong><strong>CALI BUD OR NO BUD\u00a0|<\/strong><strong>\u00a0CALI BUD OR NO BUD\u00a0<\/strong><strong>SWEET AND SOUR <\/strong><strong>|<\/strong><strong>\u00a0CALI PLUG CALI BUD OR NO BUD<\/strong><\/h1>\n<p><strong>Cali Bud Sweet and Sour Variedad<\/strong><br \/> En vista de su perfil de cannabinoides decente, los efectos psicoactivos de Sweet and Sour Widow son suaves. Esta variedad es adecuada para principiantes y pacientes que buscan medicarse sin una mente nublada. Prepared Widow se deriva de la gen\u00e9tica White Widow y de una Sativa an\u00f3nima que complementa su perfil de CBD.<\/p>\n<p>Cali Bud siempre ha sido una elecci\u00f3n obvia a la hora de nombrar esta variedad, dada la popularidad de las variedades Kush en el Estado Dorado. Esto impulsa a Cali Plug a trabajar m\u00e1s en sus cepas de cannabis cultivadas en interiores y a profundizar en la investigaci\u00f3n.<\/p>\n<div class=\"variety-percentage-wrap\">\n<h4 class=\"variety\"><a href=\"https:\/\/www.allbud.com\/marijuana-strains\/variety\/sativa-dominant-hybrid\" target=\"_blank\" rel=\"noopener\">Sativa Dominant Hybrid\u00a0<\/a><span class=\"hidden-xs\">\u2013\u00a0<\/span><span class=\"strain-percentages\">80% Sativa \/ 20% Indica<\/span><\/h4>\n<h4 class=\"percentage\"><span class=\"heading\">THC:\u00a0<\/span>8%,\u00a0<span class=\"heading\">CBD:\u00a0<\/span><em>12<\/em>%<\/h4>\n<\/p><\/div>\n<p class=\"translation-block\">Sweet and Sour, tambi\u00e9n conocido como \"Sweet 'N Sour\" o \"Sweet 'N Sour Diesel\" en la comunidad del cannabis, es una cepa h\u00edbrida dominante en Sativa (80% Sativa\/20% Indica) que es un cruce potente entre Mexican Haze X <a href=\"https:\/\/www.allbud.com\/marijuana-strains\/indica\/purple-princess\" target=\"_blank\" rel=\"noopener\">Princess<\/a> X Skunk #1 X <a href=\"https:\/\/www.allbud.com\/marijuana-strains\/sativa\/hawaiian-sativa\" target=\"_blank\" rel=\"noopener\">Hawaiian Sativa<\/a>. Esta cepa premium cuenta con un nivel promedio de THC del 8% y una mezcla de efectos Indica y Sativa. Los usuarios describen los efectos de Sweet and Sour como un subid\u00f3n cerebral inmediato con energ\u00eda estimulante, inspiraci\u00f3n creativa y enfoque.<\/p>\n<p>Este subid\u00f3n mental viene acompa\u00f1ado de un leve efecto de inmovilizaci\u00f3n en el sof\u00e1 con un alivio corporal significativo. Es perfecto para un d\u00eda perezoso en el que quieres quedarte en casa, leer un libro o jugar videojuegos. Debido a estos efectos potentes, Sweet and Sour es una cepa ideal para tratar a pacientes que sufren de afecciones como glaucoma, enfermedad de Alzheimer, estr\u00e9s cr\u00f3nico y fatiga.<\/p>\n<h2 style=\"text-align: center\"><strong>\u00a0BUY\u00a0<\/strong><strong>SWEET AND SOUR\u00a0<\/strong><strong>CALI BUD OR NO BUD\u00a0 ONLINE | BUY CALI BUD OR NO BUD\u00a0<\/strong><strong>SWEET AND SOUR\u00a0<\/strong><strong>ONLINE | BUY CALI BUD OR NO BUD ONLINE<\/strong><\/h2>\n<p><strong>Variedad Sweet and Sour.<\/strong><\/p>\n<p>Te sentir\u00e1s totalmente euf\u00f3rico, con una sensaci\u00f3n general de introspecci\u00f3n que te hace estar muy concentrado en lo que te rodea, pero sin ser capaz de mantener conversaciones con los dem\u00e1s o hacer algo f\u00edsico.<br \/> <b>Dulce y Agria Viuda<\/b>\u00a0es una cepa de cannabis con predominancia \u00edndica 70\/30, con una proporci\u00f3n CBD-THC de 1:1 y un sutil aroma a cebolla dulce. Debido a su perfil de cannabinoides equilibrado, los efectos psicoactivos de Sweet and Sour Widow son leves, lo que hace que esta cepa sea adecuada para principiantes y pacientes que necesitan medicarse sin sentirse mentalmente nublados. Sweet and Sour Widow proviene de la gen\u00e9tica de White Widow y un h\u00edbrido sativa no identificado para acentuar su perfil de CBD.<\/p>\n<h3 style=\"text-align: center\"><strong>SWEET AND SOUR\u00a0<\/strong><strong>CALI BUD OR NO BUD FOR SALE | CALI BUD OR NO BUD\u00a0\u00a0<\/strong><strong>SWEET AND SOUR\u00a0<\/strong><strong>FOR SALE | CALI BUD OR NO BUD\u00a0 FOR SALE<\/strong><\/h3>\n<p><strong>Feliz<\/strong><br \/> El 49% de las personas informa sentirse feliz<br \/> <strong>Relajado<\/strong><br \/> El 44% de las personas informa sentirse relajado<br \/> <strong>Excitado<\/strong><br \/> El 16% de las personas informa sentirse excitado<br \/> <strong>Negativos<\/strong><br \/> <strong>Boca seca<\/strong><br \/> El 17% de las personas informa tener la boca seca<br \/> <strong>Ojos secos<\/strong><br \/> El 11% de las personas informa tener los ojos secos<br \/> <strong>Mareado<\/strong><br \/> El 5% de las personas informa sentirse mareado<\/p>\n<h4><strong>CALI BUD OR NO BUD \u00a0<\/strong><strong>SWEET AND SOUR\u00a0<\/strong><strong>\u00a0NEAR ME |\u00a0<\/strong><strong>SWEET AND SOUR\u00a0<\/strong><strong>CALI BUD OR NO BUD\u00a0\u00a0 NEAR ME | CALI BUD OR NO BUD \u00a0NEAR ME<\/strong><\/h4>\n<p class=\"translation-block\"><strong>Cali Bud Sweet and Sour Advertencia<\/strong><br> En conclusi\u00f3n, este producto contiene Cannabis, una sustancia regulada que debe mantenerse fuera del alcance de los ni\u00f1os y los animales. Los productos de cannabis solo pueden ser consumidos por personas mayores de 21 a\u00f1os, a menos que la persona sea un paciente calificado. Los efectos embriagantes de los productos de cannabis pueden durar hasta dos horas. <a href=\"https:\/\/caliplugcarts.com\/product\/cali-delta-8-thc-flower-wholesale\/\" target=\"_blank\" rel=\"noopener\">El consumo de cannabis<\/a> durante el embarazo o la lactancia puede ser perjudicial. El consumo de estos productos afecta su capacidad para conducir o operar maquinaria. Por favor, tenga mucho cuidado.<\/p>\n<h5 style=\"text-align: center\"><strong>SWEET AND SOUR\u00a0<\/strong><strong>\u00a0STRAIN | \u00a0<\/strong><strong>SWEET AND SOUR\u00a0<\/strong><strong>WEED STRAIN | CALI\u00a0<\/strong><strong>SWEET AND SOUR\u00a0<\/strong><strong>| CALI\u00a0<\/strong><strong>SWEET AND SOUR\u00a0<\/strong><strong>\u00a0STRAIN<\/strong><\/h5>\n<p>Para comenzar, la cepa Cali Sweet and Sour, reproducida por CBD Crew, es una cepa de cannabis predominantemente \u00edndica 70\/30 con una proporci\u00f3n CBD-THC de 1:1 y un sutil aroma a cebolla dulce.<\/p>\n<p><strong>Efectos de la cepa Cali Sweet and Sour<\/strong><\/p>\n<p>En vista de su perfil de cannabinoides decente, los efectos psicoactivos de Sweet and Sour Widow son suaves. Esta variedad es adecuada para principiantes y pacientes que buscan medicarse sin una mente nublada. Prepared Widow se deriva de la gen\u00e9tica White Widow y de una Sativa an\u00f3nima que complementa su perfil de CBD.<\/p>\n<p>Cali Bud siempre ha sido una opci\u00f3n obvia cuando se trataba de nombrar esta cepa, dada la popularidad de las variedades Kush en el Estado Dorado. Se est\u00e1 impulsando a Cali Plug a trabajar m\u00e1s en sus variedades de cannabis cultivadas en interiores. Se est\u00e1 poniendo m\u00e1s esfuerzo en continuar el trabajo.<\/p>\n<p><b>Advertencia<\/b><\/p>\n<p>En conclusi\u00f3n, este producto contiene cannabis, una sustancia clasificada. Mantener fuera del alcance de los ni\u00f1os y los animales. Los productos de cannabis solo pueden ser consumidos por personas mayores de 21 a\u00f1os, a menos que la persona sea un paciente calificado. Los efectos embriagantes de los productos de cannabis pueden durar hasta dos horas. El uso de cannabis durante el embarazo o la lactancia puede ser perjudicial. El consumo de estos productos perjudica su capacidad para conducir o manejar maquinaria. Por favor, tenga extrema precauci\u00f3n.<\/p>\n<p>&nbsp;<\/p>","protected":false},"excerpt":{"rendered":"<p><strong>Cali Bud Sweet and Sour Variedad<\/strong><br \/> En vista de su perfil de cannabinoides decente, los efectos psicoactivos de Sweet and Sour Widow son suaves. Esta variedad es adecuada para principiantes y pacientes que buscan medicarse sin una mente nublada. Prepared Widow se deriva de la gen\u00e9tica White Widow y de una Sativa an\u00f3nima que complementa su perfil de CBD.<\/p>","protected":false},"featured_media":1703,"comment_status":"closed","ping_status":"closed","template":"","meta":{"_uag_custom_page_level_css":"","site-sidebar-layout":"default","site-content-layout":"","ast-site-content-layout":"","site-content-style":"default","site-sidebar-style":"default","ast-global-header-display":"","ast-banner-title-visibility":"","ast-main-header-display":"","ast-hfb-above-header-display":"","ast-hfb-below-header-display":"","ast-hfb-mobile-header-display":"","site-post-title":"","ast-breadcrumbs-content":"","ast-featured-img":"","footer-sml-layout":"","theme-transparent-header-meta":"","adv-header-id-meta":"","stick-header-meta":"","header-above-stick-meta":"","header-main-stick-meta":"","header-below-stick-meta":"","astra-migrate-meta-layouts":"default","ast-page-background-enabled":"default","ast-page-background-meta":{"desktop":{"background-color":"var(--ast-global-color-4)","background-image":"","background-repeat":"repeat","background-position":"center center","background-size":"auto","background-attachment":"scroll","background-type":"","background-media":"","overlay-type":"","overlay-color":"","overlay-opacity":"","overlay-gradient":""},"tablet":{"background-color":"","background-image":"","background-repeat":"repeat","background-position":"center center","background-size":"auto","background-attachment":"scroll","background-type":"","background-media":"","overlay-type":"","overlay-color":"","overlay-opacity":"","overlay-gradient":""},"mobile":{"background-color":"","background-image":"","background-repeat":"repeat","background-position":"center center","background-size":"auto","background-attachment":"scroll","background-type":"","background-media":"","overlay-type":"","overlay-color":"","overlay-opacity":"","overlay-gradient":""}},"ast-content-background-meta":{"desktop":{"background-color":"var(--ast-global-color-5)","background-image":"","background-repeat":"repeat","background-position":"center center","background-size":"auto","background-attachment":"scroll","background-type":"","background-media":"","overlay-type":"","overlay-color":"","overlay-opacity":"","overlay-gradient":""},"tablet":{"background-color":"var(--ast-global-color-5)","background-image":"","background-repeat":"repeat","background-position":"center center","background-size":"auto","background-attachment":"scroll","background-type":"","background-media":"","overlay-type":"","overlay-color":"","overlay-opacity":"","overlay-gradient":""},"mobile":{"background-color":"var(--ast-global-color-5)","background-image":"","background-repeat":"repeat","background-position":"center center","background-size":"auto","background-attachment":"scroll","background-type":"","background-media":"","overlay-type":"","overlay-color":"","overlay-opacity":"","overlay-gradient":""}}},"product_brand":[],"product_cat":[675],"product_tag":[489,491,558,506,559,508,509,510,531,481,472,560,561,562,514,515,516,517,518,535,536,462,537,563,564,467,501,523,565,566,567,568,569,503],"class_list":{"0":"post-1784","1":"product","2":"type-product","3":"status-publish","4":"has-post-thumbnail","6":"product_cat-buy-cali-buds","7":"product_tag-best-cali-packs","8":"product_tag-buy-cali-bud-or-no-bud-online","9":"product_tag-buy-cali-bud-or-no-bud-sweet-and-sour-online","10":"product_tag-buy-cali-buds","11":"product_tag-buy-sweet-and-sour-cali-bud-or-no-bud-online","12":"product_tag-buy-weed-online","13":"product_tag-by-the-best-cali-buds","14":"product_tag-cali-bags","15":"product_tag-cali-bud","16":"product_tag-cali-bud-or-no-bud-for-sale","17":"product_tag-cali-bud-or-no-bud-near-me","18":"product_tag-cali-bud-or-no-bud-sweet-and-sour","19":"product_tag-cali-bud-or-no-bud-sweet-and-sour-for-sale","20":"product_tag-cali-bud-or-no-bud-sweet-and-sour-near-me","21":"product_tag-cali-bud-packs","22":"product_tag-cali-buds-online","23":"product_tag-cali-flavors","24":"product_tag-cali-flavours","25":"product_tag-cali-gush-lato","26":"product_tag-cali-plug-bud","27":"product_tag-cali-plug-buds","28":"product_tag-cali-plug-cali-bud-or-no-bud","29":"product_tag-cali-plug-strains","30":"product_tag-cali-sweet-and-sour","31":"product_tag-cali-sweet-and-sour-strain","32":"product_tag-hardball-cookies","33":"product_tag-marshmallow-strain","34":"product_tag-order-weed-online","35":"product_tag-sweet-and-sour-cali-bud-or-no-bud","36":"product_tag-sweet-and-sour-cali-bud-or-no-bud-for-sale","37":"product_tag-sweet-and-sour-cali-bud-or-no-bud-near-me","38":"product_tag-sweet-and-sour-strain","39":"product_tag-sweet-and-sour-weed-strain","40":"product_tag-top-cali-bud-packs","41":"desktop-align-center","42":"tablet-align-left","43":"mobile-align-left","45":"first","46":"instock","47":"shipping-taxable","48":"purchasable","49":"product-type-variable"},"uagb_featured_image_src":{"full":["https:\/\/caliweedeurope.com\/wp-content\/uploads\/2024\/11\/1-e1579244057102.jpeg",900,1200,false],"thumbnail":["https:\/\/caliweedeurope.com\/wp-content\/uploads\/2024\/11\/1-e1579244057102-150x150.jpeg",150,150,true],"medium":["https:\/\/caliweedeurope.com\/wp-content\/uploads\/2024\/11\/1-e1579244057102-225x300.jpeg",225,300,true],"medium_large":["https:\/\/caliweedeurope.com\/wp-content\/uploads\/2024\/11\/1-e1579244057102-768x1024.jpeg",768,1024,true],"large":["https:\/\/caliweedeurope.com\/wp-content\/uploads\/2024\/11\/1-e1579244057102-768x1024.jpeg",768,1024,true],"1536x1536":["https:\/\/caliweedeurope.com\/wp-content\/uploads\/2024\/11\/1-e1579244057102.jpeg",900,1200,false],"2048x2048":["https:\/\/caliweedeurope.com\/wp-content\/uploads\/2024\/11\/1-e1579244057102.jpeg",900,1200,false],"trp-custom-language-flag":["https:\/\/caliweedeurope.com\/wp-content\/uploads\/2024\/11\/1-e1579244057102.jpeg",9,12,false],"woocommerce_thumbnail":["https:\/\/caliweedeurope.com\/wp-content\/uploads\/2024\/11\/1-e1579244057102-300x300.jpeg",300,300,true],"woocommerce_single":["https:\/\/caliweedeurope.com\/wp-content\/uploads\/2024\/11\/1-e1579244057102-600x800.jpeg",600,800,true],"woocommerce_gallery_thumbnail":["https:\/\/caliweedeurope.com\/wp-content\/uploads\/2024\/11\/1-e1579244057102-100x100.jpeg",100,100,true]},"uagb_author_info":{"display_name":"jetskiforsaleuk@gmail.com","author_link":"https:\/\/caliweedeurope.com\/es\/author\/"},"uagb_comment_info":0,"uagb_excerpt":"Cali bud Sweet and Sour Strain. In view of its decent cannabinoid profile. Sweet and Sour Widow\u2019s psychoactive impacts are mellow. Making this strain appropriate for beginner purchasers and patients expecting to sedate without a foggy head. Prepared Widow is gotten from White Widow hereditary qualities and an anonymous Sativa-half complement to its CBD profile.","_links":{"self":[{"href":"https:\/\/caliweedeurope.com\/es\/wp-json\/wp\/v2\/product\/1784"}],"collection":[{"href":"https:\/\/caliweedeurope.com\/es\/wp-json\/wp\/v2\/product"}],"about":[{"href":"https:\/\/caliweedeurope.com\/es\/wp-json\/wp\/v2\/types\/product"}],"replies":[{"embeddable":true,"href":"https:\/\/caliweedeurope.com\/es\/wp-json\/wp\/v2\/comments?post=1784"}],"wp:featuredmedia":[{"embeddable":true,"href":"https:\/\/caliweedeurope.com\/es\/wp-json\/wp\/v2\/media\/1703"}],"wp:attachment":[{"href":"https:\/\/caliweedeurope.com\/es\/wp-json\/wp\/v2\/media?parent=1784"}],"wp:term":[{"taxonomy":"product_brand","embeddable":true,"href":"https:\/\/caliweedeurope.com\/es\/wp-json\/wp\/v2\/product_brand?post=1784"},{"taxonomy":"product_cat","embeddable":true,"href":"https:\/\/caliweedeurope.com\/es\/wp-json\/wp\/v2\/product_cat?post=1784"},{"taxonomy":"product_tag","embeddable":true,"href":"https:\/\/caliweedeurope.com\/es\/wp-json\/wp\/v2\/product_tag?post=1784"}],"curies":[{"name":"wp","href":"https:\/\/api.w.org\/{rel}","templated":true}]}}