{"id":1790,"date":"2024-11-05T18:39:20","date_gmt":"2024-11-05T18:39:20","guid":{"rendered":"https:\/\/caliweedeurope.com\/?post_type=product&#038;p=1790"},"modified":"2024-11-05T18:39:26","modified_gmt":"2024-11-05T18:39:26","slug":"buy-cali-bud-zkittles-strain-en-linea","status":"publish","type":"product","link":"https:\/\/caliweedeurope.com\/es\/product\/buy-cali-bud-zkittles-strain-en-linea\/","title":{"rendered":"Buy Cali Bud Zkittles Strain Online"},"content":{"rendered":"<h1 style=\"text-align: center\"><strong>ZKITTLES <\/strong><strong>CALI BUD OR NO BUD\u00a0|<\/strong><strong>\u00a0CALI BUD OR NO BUD\u00a0<\/strong><strong>ZKITTLES <\/strong><strong>|<\/strong><strong>\u00a0CALI PLUG CALI BUD OR NO BUD<\/strong><\/h1>\n<p><strong>Cali Bud Zkittles Strain<\/strong><\/p>\n<p>Zkittlez, tambi\u00e9n conocido como \"Skittles\", \"Skittlz\" y \"Island Skittles\", es una variedad de marihuana Indica criada a partir de una mezcla de Grape Ape y Grapefruit, cruzada con otra variedad no revelada. Esta variedad con sabor a caramelo fue criada por 3rd Gen Family y Terp Hogz.<\/p>\n<p class=\"translation-block\"><b>Zkittlez<\/b>, tambi\u00e9n conocido como \"Skittles\", \"Skittlz\" y \"Island Skittles\", es una variedad de cannabis <a href=\"https:\/\/www.leafly.com\/strains\/lists\/category\/indica\" target=\"_blank\" rel=\"noopener\">indica<\/a> criada a partir de una mezcla de Grape Ape y Grapefruit que se cruza con otra variedad no divulgada. Esta variedad con sabor a caramelo fue criada por 3rd Gen Family y Terp Hogz. Zkittlez gan\u00f3 el primer lugar en la Emerald Cup 2016 y ha ganado premios en varios Cannabis Cups en San Francisco y Michigan. Esta variedad tiene colas gruesas que explotan en un espectro de tonos verdes claros y emiten una mezcla dulce y tropical de sabores afrutados. Los efectos de Zkittlez son calmantes, dejando a los consumidores enfocados, alertas y felices mientras relajan el cuerpo para ayudar a relajarse en cualquier momento del d\u00eda.<\/p>\n<p>Zkittlez es una variedad cada vez m\u00e1s popular que vale la pena conseguir cuando se encuentra en los estantes de las tiendas. Es agradable disfrutarla solo o compartirla con amigos de ideas afines.<\/p>\n<p>Zkittlez tambi\u00e9n puede tener varias aplicaciones para los pacientes de cannabis medicinal. Las propiedades mentales iniciales de la variedad pueden ayudar a la concentraci\u00f3n en personas con trastornos de d\u00e9ficit de atenci\u00f3n. A medida que la sensaci\u00f3n corporal se apodera de ti, puede aliviar temporalmente los s\u00edntomas de estr\u00e9s, depresi\u00f3n y ansiedad. Los beneficios f\u00edsicos incluyen alivio tanto del dolor cr\u00f3nico como de las peque\u00f1as irritaciones diarias. Zkittlez tambi\u00e9n puede causar un aumento del apetito, lo que ayuda a aquellos que han perdido el hambre.<\/p>\n<h2 style=\"text-align: center\"><strong>\u00a0BUY\u00a0<\/strong><strong>ZKITTLES\u00a0<\/strong><strong>\u00a0CALI BUD OR NO BUD\u00a0 ONLINE | BUY CALI BUD OR NO BUD\u00a0<\/strong><strong>ZKITTLES\u00a0<\/strong><strong>ONLINE | BUY CALI BUD OR NO BUD ONLINE<\/strong><\/h2>\n<p><strong>Premios de la variedad Cali Bud Zkittles<\/strong><\/p>\n<p>Zkittlez gan\u00f3 el primer lugar en la Emerald Cup 2016 y ha obtenido puestos destacados en varios Cannabis Cups en San Francisco y Michigan. Esta variedad presenta cogollos gruesos que explotan en un espectro de tonos verdes claros y emiten una mezcla dulce y tropical de sabores a frutas.<\/p>\n<p>Indica Dominant Hybrid <span class=\"hidden-xs\" style=\"color: #333333;font-size: 14.4px\">\u2013\u00a0<\/span><span class=\"strain-percentages\" style=\"color: #333333;font-size: 14.4px\">70% Indica \/ 30% Sativa<\/span><\/p>\n<div class=\"variety-percentage-wrap\">\n<h4 class=\"percentage\"><span class=\"heading\">THC:\u00a0<\/span>13% \u2013 15%<\/h4>\n<\/p><\/div>\n<p>Zkittlez gan\u00f3 el primer lugar en la Emerald Cup 2016 y ha obtenido puestos destacados en varios Cannabis Cups en San Francisco y Michigan. Esta variedad presenta cogollos gruesos que explotan en un espectro de tonos verdes claros y emiten una mezcla dulce y tropical de sabores a frutas.<\/p>\n<h3 style=\"text-align: center\"><strong>ZKITTLES\u00a0<\/strong><strong>CALI BUD OR NO BUD FOR SALE | CALI BUD OR NO BUD <\/strong><strong>ZKITTLES\u00a0<\/strong><strong>FOR SALE | CALI BUD OR NO BUD\u00a0 FOR SALE<\/strong><\/h3>\n<p><strong>Compra la variedad Cali Bud Zkittles en l\u00ednea<\/strong><\/p>\n<p>Zkittlez es tan tentador como su sabor, aunque es relativamente suave por naturaleza. Comienza con un subid\u00f3n estimulante en la cabeza que te deja euf\u00f3rico e inspirado creativamente, sin causar ansiedad ni sentirse abrumado. Esto se acompa\u00f1a de un subid\u00f3n corporal relajante que se extiende lentamente por todo el cuerpo hasta las yemas de los dedos, dej\u00e1ndote completamente tranquilo y sin dolor, sin limitar tu movimiento. Un leve efecto somnoliento te invadir\u00e1 al bajar, aunque no te dormir\u00e1.<\/p>\n<p class=\"translation-block\">Aunque Zkittlez act\u00faa relativamente r\u00e1pido, sus efectos centrados en la cabeza tienden a ser sutiles. Al principio, puede ocurrir una ligera presi\u00f3n alrededor de los ojos y las sienes. Sin embargo, a medida que los fumadores se acostumbran a esta sensaci\u00f3n, pueden apreciar la acci\u00f3n de la variedad en su percepci\u00f3n sensorial. Se reportan com\u00fanmente experiencias extra\u00f1as, como distorsiones visuales y auditivas, as\u00ed como una sensaci\u00f3n extra\u00f1a de que el tiempo pasa m\u00e1s lentamente. Estos efectos psicod\u00e9licos pueden intensificarse con mejoras atmosf\u00e9ricas, especialmente con m\u00fasica ambiental o un programa de televisi\u00f3n visualmente cautivador.<\/p>\n<h4 style=\"text-align: center\"><strong>CALI BUD OR NO BUD \u00a0<\/strong><strong>ZKITTLES <\/strong><strong>NEAR ME |\u00a0<\/strong><strong>ZKITTLES<\/strong><strong> CALI BUD OR NO BUD NEAR ME | CALI BUD OR NO BUD \u00a0NEAR ME<\/strong><\/h4>\n<h5><strong style=\"color: #555555;font-size: 14.4px\">Sentimientos<\/strong><\/h5>\n<p><strong>Feliz<\/strong><br \/> El 49% de las personas informa sentirse feliz<br \/> <strong>Relajado<\/strong><br \/> El 44% de las personas informa sentirse relajado<br \/> <strong>Excitado<\/strong><br \/> El 16% de las personas informa sentirse excitado<br \/> <strong>Negativos<\/strong><br \/> <strong>Boca seca<\/strong><br \/> 12% of people report feeling dry mouth<br \/> <strong>Ojos secos<\/strong><br \/> El 10% de las personas informa tener los ojos secos<br \/> <strong>Mareado<\/strong><br \/> El 5% de las personas informa sentirse mareado<\/p>\n<p>Compra paquetes de marihuana Cali en l\u00ednea y obt\u00e9n env\u00edo gratuito en pedidos superiores a 500. The Cali Plug es tu proveedor n\u00famero uno con estos sabores de bud de alta calidad.<\/p>\n<p>Zkittlez, a veces tambi\u00e9n escrito Skittlez o simplemente Skittles, es un h\u00edbrido dominante de indica que estalla con sabor a frutas. Creado por el colectivo Dying Breed Seeds de California del Norte, esta cepa proviene de la Grape Ape, una indica afrutada, y de la sativa c\u00edtrica Grapefruit. Skittles combina los efectos mentales y f\u00edsicos de ambas cepas parentales para ofrecer un subid\u00f3n suave y multifac\u00e9tico. El contenido de THC de Zkittlez var\u00eda entre el 15% y el 23%.<\/p>\n<h5 style=\"text-align: center\"><strong>ZKITTLES\u00a0<\/strong><strong> STRAIN | <\/strong><strong>ZKITTLES <\/strong><strong>WEED STRAIN | CALI\u00a0<\/strong><strong>ZKITTLES <\/strong><strong>| CALI\u00a0<\/strong><strong>ZKITTLES<\/strong><strong>\u00a0STRAIN<\/strong><\/h5>\n<p><strong>Advertencia Cali Bud Zkittles<\/strong><\/p>\n<p>Este producto contiene cannabis, una sustancia regulada. Mantener fuera del alcance de ni\u00f1os y animales. Los productos de cannabis solo pueden ser pose\u00eddos o consumidos por personas mayores de 21 a\u00f1os, a menos que la persona sea un paciente calificado. Los efectos embriagantes de los productos de cannabis pueden durar hasta dos horas. El consumo de cannabis durante el embarazo o la lactancia puede ser perjudicial. El consumo de este producto afecta su capacidad para conducir o manejar maquinaria. Use con extrema precauci\u00f3n.<\/p>\n<p>Al igual que su hom\u00f3nimo, esta variedad te ofrece la oportunidad de saborear el arco\u00edris, pero, como resulta, Zkittlez tambi\u00e9n te deja ver un arco\u00edris. Dependiendo del fenotipo, las flores gruesas y robustas de la planta aparecen en una variedad de tonos verdes y morados, con pelos naranjas vibrantes (o pistilos) esparcidos por doquier. Los tonos morados llamativos son el resultado de altas concentraciones de pigmentos antocianina. Los cogollos recortados tienen una estructura t\u00edpicamente \u00edndica, apretada y densamente empaquetada, con hojas peque\u00f1as. Finalmente, una capa de tricomas blancos lechosos asegura tanto pegajosidad como psicoactividad.<\/p>\n<div data-testid=\"product-description\">\n<div class=\"truncate-lines__Wrapper-sc-1lknwty-0 YxHAC\">\n<div data-testid=\"truncated-description\">\n<div>\n<div class=\"text__Text-sc-fif1uk-0 kdmKRD\">\n<div class=\"src__Box-sc-1sbtrzs-0 src__Flex-sc-1sbtrzs-1 kWPFqZ hzdsvF\">\n<div>CATEGOR\u00cdAS DE PRODUCTOS DE MUESTRA<\/div>\n<\/p><\/div>\n<\/p><\/div>\n<\/p><\/div>\n<\/p><\/div>\n<\/p><\/div>\n<\/p><\/div>\n<div class=\"text__Text-sc-fif1uk-0 htoJfX\"><a href=\"https:\/\/jeetersofficial.com\/product-category\/buy-cali-buds\/\" target=\"_blank\" rel=\"noopener\">CALI BUDS<\/a><\/div>\n<div data-testid=\"product-description\">\n<div class=\"truncate-lines__Wrapper-sc-1lknwty-0 YxHAC\">\n<div data-testid=\"truncated-description\">\n<div class=\"text__Text-sc-fif1uk-0 kdmKRD\"><a href=\"https:\/\/jeetersofficial.com\/product-category\/backpack-boyz\/\" target=\"_blank\" rel=\"noopener\">Backpack\u00a0 Boyz<\/a><\/div>\n<div><a href=\"https:\/\/jeetersofficial.com\/product-category\/snow-balls-weed\/\" target=\"_blank\" rel=\"noopener\">SNOWBALLS WEED<\/a><\/div>\n<div><a href=\"https:\/\/jeetersofficial.com\/product-category\/persy-snowcaps\/\" target=\"_blank\" rel=\"noopener\">Persy Snowcaps<\/a><\/div>\n<div><a href=\"https:\/\/jeetersofficial.com\/product-category\/drip-snowcaps\/\" target=\"_blank\" rel=\"noopener\">Drip Snowcaps<\/a><\/div>\n<div><a href=\"https:\/\/jeetersofficial.com\/product-category\/concentrates\/\" target=\"_blank\" rel=\"noopener\">CALI CONCENTRATES<\/a><\/div>\n<div><a href=\"https:\/\/jeetersofficial.com\/product-category\/doja-exclusive\/\" target=\"_blank\" rel=\"noopener\">CALI DOJA PACKS EXCLUSIVE<\/a><\/div>\n<div><a href=\"https:\/\/jeetersofficial.com\/product-category\/marijuana-flowers\/\" target=\"_blank\" rel=\"noopener\">CALI MARIJUANA FLOWERS<\/a><\/div>\n<\/p><\/div>\n<\/p><\/div>\n<\/p><\/div>\n<div><a href=\"https:\/\/jeetersofficial.com\/product-category\/sativa-strain\/\" target=\"_blank\" rel=\"noopener\">CALI SATIVA STRAINS<\/a><\/div>\n<div><a href=\"https:\/\/jeetersofficial.com\/product-category\/indica\/\" target=\"_blank\" rel=\"noopener\">CALI INDICA STRAINS<\/a><\/div>\n<div><a href=\"https:\/\/jeetersofficial.com\/product-category\/hybrid-weed\/\" target=\"_blank\" rel=\"noopener\">CALI HYBRID WEED<\/a><\/div>","protected":false},"excerpt":{"rendered":"<p><strong>Cali Bud Zkittles Strain<\/strong><\/p>\n<p>Zkittlez, tambi\u00e9n conocido como \"Skittles\", \"Skittlz\" y \"Island Skittles\", es una variedad de marihuana Indica criada a partir de una mezcla de Grape Ape y Grapefruit, cruzada con otra variedad no revelada. Esta variedad con sabor a caramelo fue criada por 3rd Gen Family y Terp Hogz.<\/p>\n<p><strong>Premios de la variedad Cali Bud Zkittles<\/strong><\/p>\n<p>Zkittlez gan\u00f3 el primer lugar en la Emerald Cup 2016 y ha obtenido puestos destacados en varios Cannabis Cups en San Francisco y Michigan. Esta variedad presenta cogollos gruesos que explotan en un espectro de tonos verdes claros y emiten una mezcla dulce y tropical de sabores a frutas.<\/p>","protected":false},"featured_media":1803,"comment_status":"closed","ping_status":"closed","template":"","meta":{"_uag_custom_page_level_css":"","site-sidebar-layout":"default","site-content-layout":"","ast-site-content-layout":"","site-content-style":"default","site-sidebar-style":"default","ast-global-header-display":"","ast-banner-title-visibility":"","ast-main-header-display":"","ast-hfb-above-header-display":"","ast-hfb-below-header-display":"","ast-hfb-mobile-header-display":"","site-post-title":"","ast-breadcrumbs-content":"","ast-featured-img":"","footer-sml-layout":"","theme-transparent-header-meta":"","adv-header-id-meta":"","stick-header-meta":"","header-above-stick-meta":"","header-main-stick-meta":"","header-below-stick-meta":"","astra-migrate-meta-layouts":"default","ast-page-background-enabled":"default","ast-page-background-meta":{"desktop":{"background-color":"var(--ast-global-color-4)","background-image":"","background-repeat":"repeat","background-position":"center center","background-size":"auto","background-attachment":"scroll","background-type":"","background-media":"","overlay-type":"","overlay-color":"","overlay-opacity":"","overlay-gradient":""},"tablet":{"background-color":"","background-image":"","background-repeat":"repeat","background-position":"center center","background-size":"auto","background-attachment":"scroll","background-type":"","background-media":"","overlay-type":"","overlay-color":"","overlay-opacity":"","overlay-gradient":""},"mobile":{"background-color":"","background-image":"","background-repeat":"repeat","background-position":"center center","background-size":"auto","background-attachment":"scroll","background-type":"","background-media":"","overlay-type":"","overlay-color":"","overlay-opacity":"","overlay-gradient":""}},"ast-content-background-meta":{"desktop":{"background-color":"var(--ast-global-color-5)","background-image":"","background-repeat":"repeat","background-position":"center center","background-size":"auto","background-attachment":"scroll","background-type":"","background-media":"","overlay-type":"","overlay-color":"","overlay-opacity":"","overlay-gradient":""},"tablet":{"background-color":"var(--ast-global-color-5)","background-image":"","background-repeat":"repeat","background-position":"center center","background-size":"auto","background-attachment":"scroll","background-type":"","background-media":"","overlay-type":"","overlay-color":"","overlay-opacity":"","overlay-gradient":""},"mobile":{"background-color":"var(--ast-global-color-5)","background-image":"","background-repeat":"repeat","background-position":"center center","background-size":"auto","background-attachment":"scroll","background-type":"","background-media":"","overlay-type":"","overlay-color":"","overlay-opacity":"","overlay-gradient":""}}},"product_brand":[],"product_cat":[675],"product_tag":[491,688,689,481,472,690,691,692,693,694,695,696],"class_list":{"0":"post-1790","1":"product","2":"type-product","3":"status-publish","4":"has-post-thumbnail","6":"product_cat-buy-cali-buds","7":"product_tag-buy-cali-bud-or-no-bud-online","8":"product_tag-buy-cali-bud-or-no-bud-zkittles-online","9":"product_tag-buy-zkittles-cali-bud-or-no-bud-online","10":"product_tag-cali-bud-or-no-bud-for-sale","11":"product_tag-cali-bud-or-no-bud-near-me","12":"product_tag-cali-bud-or-no-bud-zkittles","13":"product_tag-cali-bud-or-no-bud-zkittles-for-sale","14":"product_tag-cali-bud-or-no-bud-zkittles-near-me","15":"product_tag-zkittles-cali-bud-or-no-bud-for-sale","16":"product_tag-zkittles-cali-bud-or-no-bud-near-me","17":"product_tag-zkittles-strain","18":"product_tag-zkittles-weed-strain","19":"desktop-align-center","20":"tablet-align-left","21":"mobile-align-left","23":"first","24":"instock","25":"shipping-taxable","26":"purchasable","27":"product-type-variable"},"uagb_featured_image_src":{"full":["https:\/\/caliweedeurope.com\/wp-content\/uploads\/2024\/11\/fullsizeout.jpeg",600,783,false],"thumbnail":["https:\/\/caliweedeurope.com\/wp-content\/uploads\/2024\/11\/fullsizeout-150x150.jpeg",150,150,true],"medium":["https:\/\/caliweedeurope.com\/wp-content\/uploads\/2024\/11\/fullsizeout-230x300.jpeg",230,300,true],"medium_large":["https:\/\/caliweedeurope.com\/wp-content\/uploads\/2024\/11\/fullsizeout.jpeg",600,783,false],"large":["https:\/\/caliweedeurope.com\/wp-content\/uploads\/2024\/11\/fullsizeout.jpeg",600,783,false],"1536x1536":["https:\/\/caliweedeurope.com\/wp-content\/uploads\/2024\/11\/fullsizeout.jpeg",600,783,false],"2048x2048":["https:\/\/caliweedeurope.com\/wp-content\/uploads\/2024\/11\/fullsizeout.jpeg",600,783,false],"trp-custom-language-flag":["https:\/\/caliweedeurope.com\/wp-content\/uploads\/2024\/11\/fullsizeout.jpeg",9,12,false],"woocommerce_thumbnail":["https:\/\/caliweedeurope.com\/wp-content\/uploads\/2024\/11\/fullsizeout-300x300.jpeg",300,300,true],"woocommerce_single":["https:\/\/caliweedeurope.com\/wp-content\/uploads\/2024\/11\/fullsizeout.jpeg",600,783,false],"woocommerce_gallery_thumbnail":["https:\/\/caliweedeurope.com\/wp-content\/uploads\/2024\/11\/fullsizeout-100x100.jpeg",100,100,true]},"uagb_author_info":{"display_name":"jetskiforsaleuk@gmail.com","author_link":"https:\/\/caliweedeurope.com\/es\/author\/"},"uagb_comment_info":0,"uagb_excerpt":"Cali Bud Zkittles Strain Zkittlez, also known as \u201cSkittles,\u201d \u201cSkittlz,\u201d and \u201cIsland Skittles\u201d is an Indica marijuana strain bred from a mix of Grape Ape and Grapefruit that is crossed with another undisclosed strain. This candy-flavored strain was bred by 3rd Gen Family and Terp Hogz. Cali Bud Zkittles Strain Awards Zkittlez won 1st Place&hellip;","_links":{"self":[{"href":"https:\/\/caliweedeurope.com\/es\/wp-json\/wp\/v2\/product\/1790"}],"collection":[{"href":"https:\/\/caliweedeurope.com\/es\/wp-json\/wp\/v2\/product"}],"about":[{"href":"https:\/\/caliweedeurope.com\/es\/wp-json\/wp\/v2\/types\/product"}],"replies":[{"embeddable":true,"href":"https:\/\/caliweedeurope.com\/es\/wp-json\/wp\/v2\/comments?post=1790"}],"wp:featuredmedia":[{"embeddable":true,"href":"https:\/\/caliweedeurope.com\/es\/wp-json\/wp\/v2\/media\/1803"}],"wp:attachment":[{"href":"https:\/\/caliweedeurope.com\/es\/wp-json\/wp\/v2\/media?parent=1790"}],"wp:term":[{"taxonomy":"product_brand","embeddable":true,"href":"https:\/\/caliweedeurope.com\/es\/wp-json\/wp\/v2\/product_brand?post=1790"},{"taxonomy":"product_cat","embeddable":true,"href":"https:\/\/caliweedeurope.com\/es\/wp-json\/wp\/v2\/product_cat?post=1790"},{"taxonomy":"product_tag","embeddable":true,"href":"https:\/\/caliweedeurope.com\/es\/wp-json\/wp\/v2\/product_tag?post=1790"}],"curies":[{"name":"wp","href":"https:\/\/api.w.org\/{rel}","templated":true}]}}